


{"id":103057,"date":"2023-06-03T18:41:58","date_gmt":"2023-06-03T16:41:58","guid":{"rendered":"https:\/\/www.unirufa.it\/?page_id=103057"},"modified":"2023-06-03T18:42:25","modified_gmt":"2023-06-03T16:42:25","slug":"graphiiic-render-it","status":"publish","type":"page","link":"https:\/\/www.unirufa.it\/en\/graphiiic-render-it\/","title":{"rendered":"RENDER IT"},"content":{"rendered":"<p class=\"qtranxs-available-languages-message qtranxs-available-languages-message-en\">Sorry, this entry is only available in <a href=\"https:\/\/www.unirufa.it\/it\/wp-json\/wp\/v2\/pages\/103057\" class=\"qtranxs-available-language-link qtranxs-available-language-link-it\" title=\"IT\">IT<\/a>.<\/p>Saper simulare la realt\u00e0 modellando oggetti tridimensionali o alterarla per la realizzazione di visualizzazioni 3D astratte pu\u00f2 rappresentare una grande risorsa nel ventaglio di possibilit\u00e0 espressive del graphic designer. Gli elaborati rappresentano il pivot di una progettazione visiva pi\u00f9 ampia e strutturata che spazia dall\u2019advertising alla grafica editoriale, dalla comunicazione aziendale alla promozione culturale, fino al design d\u2019ambienti.<\/p>\n<h3><span style=\"color: #fa4617;\">III ANNO<\/span><\/h3>\n<p>Tecniche di modellazione digitale<\/p>\n<h3><span style=\"color: #fa4617;\">DOCENTI<\/span><\/h3>\n<p>Alessio Cremisini<\/p>\n<h3><span style=\"color: #fa4617;\">STUDENTI<\/span><\/h3>\n<p>Arianna Petricca, Bianca Santarelli, Domitilla Davoli, Edoardo Nardi, Eleonora Mossi, Fabio Catalano, Fabio Meriano, Giorgio Avano, Luca Esposito, Marco Politi, Maria Francesca Talladira, Matteo Bignardelli, Raffaele Daniele Leone, Alejandro Garmendia, Alessandro Graceffa, Danilo Pietropaoli, Edoardo de Maglie, Federica Chiarucci, Federico Russo, Giulia Fasso, Ilaria Gentili, Lorenzo Vella, Loris Cometa, Rebecca Zambelli, Roberto Muto, Valerio Teti","protected":false},"excerpt":{"rendered":"<p>Sorry, this entry is only available in IT.Saper simulare la realt\u00e0 modellando oggetti tridimensionali o alterarla per la realizzazione di visualizzazioni 3D astratte pu\u00f2 rappresentare una grande risorsa nel ventaglio di possibilit\u00e0 espressive del graphic designer. Gli elaborati rappresentano il pivot di una progettazione visiva pi\u00f9 ampia e strutturata che spazia dall\u2019advertising alla grafica editoriale,&#8230;<\/p>\n","protected":false},"author":22,"featured_media":0,"parent":0,"menu_order":0,"comment_status":"closed","ping_status":"closed","template":"page_blank.php","meta":{"content-type":"","footnotes":""},"class_list":["post-103057","page","type-page","status-publish","hentry"],"yoast_head":"<!-- This site is optimized with the Yoast SEO plugin v24.2 - https:\/\/yoast.com\/wordpress\/plugins\/seo\/ -->\n<title>RENDER IT - RUFA - Rome University of Fine Arts<\/title>\n<meta name=\"robots\" content=\"index, follow, max-snippet:-1, max-image-preview:large, max-video-preview:-1\" \/>\n<link rel=\"canonical\" href=\"https:\/\/www.unirufa.it\/graphiiic-render-it\/\" \/>\n<meta property=\"og:locale\" content=\"en_US\" \/>\n<meta property=\"og:type\" content=\"article\" \/>\n<meta property=\"og:title\" content=\"RENDER IT - RUFA - Rome University of Fine Arts\" \/>\n<meta property=\"og:description\" content=\"Sorry, this entry is only available in IT.Saper simulare la realt\u00e0 modellando oggetti tridimensionali o alterarla per la realizzazione di visualizzazioni 3D astratte pu\u00f2 rappresentare una grande risorsa nel ventaglio di possibilit\u00e0 espressive del graphic designer. Gli elaborati rappresentano il pivot di una progettazione visiva pi\u00f9 ampia e strutturata che spazia dall\u2019advertising alla grafica editoriale,...\" \/>\n<meta property=\"og:url\" content=\"https:\/\/www.unirufa.it\/graphiiic-render-it\/\" \/>\n<meta property=\"og:site_name\" content=\"RUFA - Rome University of Fine Arts\" \/>\n<meta property=\"article:modified_time\" content=\"2023-06-03T16:42:25+00:00\" \/>\n<meta property=\"og:image\" content=\"https:\/\/www.unirufa.it\/wp-content\/uploads\/2017\/11\/logo-rufa-2016.png\" \/>\n\t<meta property=\"og:image:width\" content=\"230\" \/>\n\t<meta property=\"og:image:height\" content=\"149\" \/>\n\t<meta property=\"og:image:type\" content=\"image\/png\" \/>\n<meta name=\"twitter:label1\" content=\"Est. reading time\" \/>\n\t<meta name=\"twitter:data1\" content=\"1 minute\" \/>\n<script type=\"application\/ld+json\" class=\"yoast-schema-graph\">{\"@context\":\"https:\/\/schema.org\",\"@graph\":[{\"@type\":\"WebPage\",\"@id\":\"https:\/\/www.unirufa.it\/graphiiic-render-it\/\",\"url\":\"https:\/\/www.unirufa.it\/graphiiic-render-it\/\",\"name\":\"RENDER IT - RUFA - Rome University of Fine Arts\",\"isPartOf\":{\"@id\":\"https:\/\/www.unirufa.it\/#website\"},\"datePublished\":\"2023-06-03T16:41:58+00:00\",\"dateModified\":\"2023-06-03T16:42:25+00:00\",\"breadcrumb\":{\"@id\":\"https:\/\/www.unirufa.it\/graphiiic-render-it\/#breadcrumb\"},\"inLanguage\":\"en-US\",\"potentialAction\":[{\"@type\":\"ReadAction\",\"target\":[\"https:\/\/www.unirufa.it\/graphiiic-render-it\/\"]}]},{\"@type\":\"BreadcrumbList\",\"@id\":\"https:\/\/www.unirufa.it\/graphiiic-render-it\/#breadcrumb\",\"itemListElement\":[{\"@type\":\"ListItem\",\"position\":1,\"name\":\"Home\",\"item\":\"https:\/\/www.unirufa.it\/\"},{\"@type\":\"ListItem\",\"position\":2,\"name\":\"RENDER IT\"}]},{\"@type\":\"WebSite\",\"@id\":\"https:\/\/www.unirufa.it\/#website\",\"url\":\"https:\/\/www.unirufa.it\/\",\"name\":\"RUFA - Rome University of Fine Arts\",\"description\":\"\",\"potentialAction\":[{\"@type\":\"SearchAction\",\"target\":{\"@type\":\"EntryPoint\",\"urlTemplate\":\"https:\/\/www.unirufa.it\/?s={search_term_string}\"},\"query-input\":{\"@type\":\"PropertyValueSpecification\",\"valueRequired\":true,\"valueName\":\"search_term_string\"}}],\"inLanguage\":\"en-US\"}]}<\/script>\n<!-- \/ Yoast SEO plugin. -->","yoast_head_json":{"title":"RENDER IT - RUFA - Rome University of Fine Arts","robots":{"index":"index","follow":"follow","max-snippet":"max-snippet:-1","max-image-preview":"max-image-preview:large","max-video-preview":"max-video-preview:-1"},"canonical":"https:\/\/www.unirufa.it\/graphiiic-render-it\/","og_locale":"en_US","og_type":"article","og_title":"RENDER IT - RUFA - Rome University of Fine Arts","og_description":"Sorry, this entry is only available in IT.Saper simulare la realt\u00e0 modellando oggetti tridimensionali o alterarla per la realizzazione di visualizzazioni 3D astratte pu\u00f2 rappresentare una grande risorsa nel ventaglio di possibilit\u00e0 espressive del graphic designer. Gli elaborati rappresentano il pivot di una progettazione visiva pi\u00f9 ampia e strutturata che spazia dall\u2019advertising alla grafica editoriale,...","og_url":"https:\/\/www.unirufa.it\/graphiiic-render-it\/","og_site_name":"RUFA - Rome University of Fine Arts","article_modified_time":"2023-06-03T16:42:25+00:00","og_image":[{"width":230,"height":149,"url":"https:\/\/www.unirufa.it\/wp-content\/uploads\/2017\/11\/logo-rufa-2016.png","type":"image\/png"}],"twitter_misc":{"Est. reading time":"1 minute"},"schema":{"@context":"https:\/\/schema.org","@graph":[{"@type":"WebPage","@id":"https:\/\/www.unirufa.it\/graphiiic-render-it\/","url":"https:\/\/www.unirufa.it\/graphiiic-render-it\/","name":"RENDER IT - RUFA - Rome University of Fine Arts","isPartOf":{"@id":"https:\/\/www.unirufa.it\/#website"},"datePublished":"2023-06-03T16:41:58+00:00","dateModified":"2023-06-03T16:42:25+00:00","breadcrumb":{"@id":"https:\/\/www.unirufa.it\/graphiiic-render-it\/#breadcrumb"},"inLanguage":"en-US","potentialAction":[{"@type":"ReadAction","target":["https:\/\/www.unirufa.it\/graphiiic-render-it\/"]}]},{"@type":"BreadcrumbList","@id":"https:\/\/www.unirufa.it\/graphiiic-render-it\/#breadcrumb","itemListElement":[{"@type":"ListItem","position":1,"name":"Home","item":"https:\/\/www.unirufa.it\/"},{"@type":"ListItem","position":2,"name":"RENDER IT"}]},{"@type":"WebSite","@id":"https:\/\/www.unirufa.it\/#website","url":"https:\/\/www.unirufa.it\/","name":"RUFA - Rome University of Fine Arts","description":"","potentialAction":[{"@type":"SearchAction","target":{"@type":"EntryPoint","urlTemplate":"https:\/\/www.unirufa.it\/?s={search_term_string}"},"query-input":{"@type":"PropertyValueSpecification","valueRequired":true,"valueName":"search_term_string"}}],"inLanguage":"en-US"}]}},"_links":{"self":[{"href":"https:\/\/www.unirufa.it\/en\/wp-json\/wp\/v2\/pages\/103057","targetHints":{"allow":["GET"]}}],"collection":[{"href":"https:\/\/www.unirufa.it\/en\/wp-json\/wp\/v2\/pages"}],"about":[{"href":"https:\/\/www.unirufa.it\/en\/wp-json\/wp\/v2\/types\/page"}],"author":[{"embeddable":true,"href":"https:\/\/www.unirufa.it\/en\/wp-json\/wp\/v2\/users\/22"}],"replies":[{"embeddable":true,"href":"https:\/\/www.unirufa.it\/en\/wp-json\/wp\/v2\/comments?post=103057"}],"version-history":[{"count":1,"href":"https:\/\/www.unirufa.it\/en\/wp-json\/wp\/v2\/pages\/103057\/revisions"}],"predecessor-version":[{"id":103058,"href":"https:\/\/www.unirufa.it\/en\/wp-json\/wp\/v2\/pages\/103057\/revisions\/103058"}],"wp:attachment":[{"href":"https:\/\/www.unirufa.it\/en\/wp-json\/wp\/v2\/media?parent=103057"}],"curies":[{"name":"wp","href":"https:\/\/api.w.org\/{rel}","templated":true}]}}