


{"id":10342,"date":"2019-07-17T11:13:57","date_gmt":"2019-07-17T11:13:57","guid":{"rendered":"https:\/\/dev.unirufa.it\/?page_id=10342"},"modified":"2025-09-01T14:15:48","modified_gmt":"2025-09-01T12:15:48","slug":"studenti-internazionali","status":"publish","type":"page","link":"https:\/\/www.unirufa.it\/en\/orientamento\/studenti-internazionali\/","title":{"rendered":"International students"},"content":{"rendered":"<h4>Studying art and design in Italy is a unique opportunity and the ambition of many students from all over the world. Thanks to its programmes and international standing, RUFA is the perfect destination for foreign students who wish to make their dreams come true!<\/h4>\n<p>&nbsp;<br \/>\nOver the years RUFA has implemented an internationalization process, offering its students <strong>Bachelor and Master of Arts programmes in English<\/strong>, a <strong>Foundation Course<\/strong>, <strong>Erasmus<\/strong> exchanges, internship opportunities abroad and the support of dedicated offices. Classes are taught by an <strong>international teaching staff<\/strong> and many guests from all over the world are invited to participate in RUFA\u2019s events.<\/p>\n<p>Moving abroad and getting to know different cultures is an enriching experience and can be the best one of your life, changing its course forever. It is a way to discover new points of view, make new friends but also to get to know yourself better and to challenge yourself.<\/p>\n<p>Italy is the country that has the highest number of UNESCO world heritage sites in the world, famous for its amazing food, climate, art, design and friendly people. As for any other country, to be able to come and study in Italy you will need to submit various documents to the Responsible Authorities in your Country and in Italy. We know that bureaucracy can be difficult, and it is for this reason the we have created the \u201cbefore you arrive\u201d and \u201cwhen you arrive\u201d sections to support and guide you through these first challenges.<\/p>\n<p>For further information please contact: <a href=\"mailto:international.students@unirufa.it\"><strong>international.students@unirufa.it<\/strong><\/a><br \/>\n&nbsp;<br \/>\n<a class=\"download-btn\" href=\" https:\/\/www.unirufa.it\/en\/studenti-internazionali\/prima-di-arrivare\/ \">Before you arrive<\/a><a class=\"download-btn\" href=\" https:\/\/www.unirufa.it\/en\/studenti-internazionali\/quando-arrivi\/\">When you arrive<\/a><a class=\"download-btn\" href=\" https:\/\/www.unirufa.it\/en\/studenti-internazionali\/esperienze-degli-studenti-internazionali\/\">International students experiences<\/a>","protected":false},"excerpt":{"rendered":"<p>Studying art and design in Italy is a unique opportunity and the ambition of many students from all over the world. Thanks to its programmes and international standing, RUFA is the perfect destination for foreign students who wish to make their dreams come true! &nbsp; Over the years RUFA has implemented an internationalization process, offering&#8230;<\/p>\n","protected":false},"author":1,"featured_media":21135,"parent":48672,"menu_order":0,"comment_status":"closed","ping_status":"closed","template":"","meta":{"content-type":"","footnotes":""},"class_list":["post-10342","page","type-page","status-publish","has-post-thumbnail","hentry"],"yoast_head":"<!-- This site is optimized with the Yoast SEO plugin v24.2 - https:\/\/yoast.com\/wordpress\/plugins\/seo\/ -->\n<title>Servizio di Orientamento per studenti Internazionali - RUFA<\/title>\n<meta name=\"description\" content=\"Studiare arte e design in Italia \u00e8 un&#039;opportunit\u00e0 unica e con i suoi programmi e un respiro internazionale RUFA \u00e8 la destinazione perfetta!\" \/>\n<meta name=\"robots\" content=\"index, follow, max-snippet:-1, max-image-preview:large, max-video-preview:-1\" \/>\n<link rel=\"canonical\" href=\"https:\/\/www.unirufa.it\/orientamento\/studenti-internazionali\/\" \/>\n<meta property=\"og:locale\" content=\"en_US\" \/>\n<meta property=\"og:type\" content=\"article\" \/>\n<meta property=\"og:title\" content=\"[:it]Servizio di Orientamento per studenti Internazionali - RUFA[:]\" \/>\n<meta property=\"og:description\" content=\"{:it}Studiare arte e design in Italia \u00e8 un&#039;opportunit\u00e0 unica e con i suoi programmi e un respiro internazionale RUFA \u00e8 la destinazione perfetta!{:}\" \/>\n<meta property=\"og:url\" content=\"https:\/\/www.unirufa.it\/orientamento\/studenti-internazionali\/\" \/>\n<meta property=\"og:site_name\" content=\"RUFA - Rome University of Fine Arts\" \/>\n<meta property=\"article:modified_time\" content=\"2025-09-01T12:15:48+00:00\" \/>\n<meta property=\"og:image\" content=\"https:\/\/www.unirufa.it\/wp-content\/uploads\/2019\/07\/international.jpg\" \/>\n\t<meta property=\"og:image:width\" content=\"1440\" \/>\n\t<meta property=\"og:image:height\" content=\"600\" \/>\n\t<meta property=\"og:image:type\" content=\"image\/jpeg\" \/>\n<meta name=\"twitter:label1\" content=\"Est. reading time\" \/>\n\t<meta name=\"twitter:data1\" content=\"5 minutes\" \/>\n<script type=\"application\/ld+json\" class=\"yoast-schema-graph\">{\"@context\":\"https:\/\/schema.org\",\"@graph\":[{\"@type\":\"WebPage\",\"@id\":\"https:\/\/www.unirufa.it\/orientamento\/studenti-internazionali\/\",\"url\":\"https:\/\/www.unirufa.it\/orientamento\/studenti-internazionali\/\",\"name\":\"[:it]Servizio di Orientamento per studenti Internazionali - RUFA[:]\",\"isPartOf\":{\"@id\":\"https:\/\/www.unirufa.it\/#website\"},\"primaryImageOfPage\":{\"@id\":\"https:\/\/www.unirufa.it\/orientamento\/studenti-internazionali\/#primaryimage\"},\"image\":{\"@id\":\"https:\/\/www.unirufa.it\/orientamento\/studenti-internazionali\/#primaryimage\"},\"thumbnailUrl\":\"https:\/\/www.unirufa.it\/wp-content\/uploads\/2019\/07\/international.jpg\",\"datePublished\":\"2019-07-17T11:13:57+00:00\",\"dateModified\":\"2025-09-01T12:15:48+00:00\",\"description\":\"{:it}Studiare arte e design in Italia \u00e8 un'opportunit\u00e0 unica e con i suoi programmi e un respiro internazionale RUFA \u00e8 la destinazione perfetta!{:}\",\"breadcrumb\":{\"@id\":\"https:\/\/www.unirufa.it\/orientamento\/studenti-internazionali\/#breadcrumb\"},\"inLanguage\":\"en-US\",\"potentialAction\":[{\"@type\":\"ReadAction\",\"target\":[\"https:\/\/www.unirufa.it\/orientamento\/studenti-internazionali\/\"]}]},{\"@type\":\"ImageObject\",\"inLanguage\":\"en-US\",\"@id\":\"https:\/\/www.unirufa.it\/orientamento\/studenti-internazionali\/#primaryimage\",\"url\":\"https:\/\/www.unirufa.it\/wp-content\/uploads\/2019\/07\/international.jpg\",\"contentUrl\":\"https:\/\/www.unirufa.it\/wp-content\/uploads\/2019\/07\/international.jpg\",\"width\":1440,\"height\":600,\"caption\":\"studenti stranieri orientamento\"},{\"@type\":\"BreadcrumbList\",\"@id\":\"https:\/\/www.unirufa.it\/orientamento\/studenti-internazionali\/#breadcrumb\",\"itemListElement\":[{\"@type\":\"ListItem\",\"position\":1,\"name\":\"Home\",\"item\":\"https:\/\/www.unirufa.it\/\"},{\"@type\":\"ListItem\",\"position\":2,\"name\":\"Orientamento\",\"item\":\"https:\/\/www.unirufa.it\/orientamento\/\"},{\"@type\":\"ListItem\",\"position\":3,\"name\":\"Studenti internazionali\"}]},{\"@type\":\"WebSite\",\"@id\":\"https:\/\/www.unirufa.it\/#website\",\"url\":\"https:\/\/www.unirufa.it\/\",\"name\":\"RUFA - Rome University of Fine Arts\",\"description\":\"\",\"potentialAction\":[{\"@type\":\"SearchAction\",\"target\":{\"@type\":\"EntryPoint\",\"urlTemplate\":\"https:\/\/www.unirufa.it\/?s={search_term_string}\"},\"query-input\":{\"@type\":\"PropertyValueSpecification\",\"valueRequired\":true,\"valueName\":\"search_term_string\"}}],\"inLanguage\":\"en-US\"}]}<\/script>\n<!-- \/ Yoast SEO plugin. -->","yoast_head_json":{"title":"Servizio di Orientamento per studenti Internazionali - RUFA","description":"Studiare arte e design in Italia \u00e8 un'opportunit\u00e0 unica e con i suoi programmi e un respiro internazionale RUFA \u00e8 la destinazione perfetta!","robots":{"index":"index","follow":"follow","max-snippet":"max-snippet:-1","max-image-preview":"max-image-preview:large","max-video-preview":"max-video-preview:-1"},"canonical":"https:\/\/www.unirufa.it\/orientamento\/studenti-internazionali\/","og_locale":"en_US","og_type":"article","og_title":"[:it]Servizio di Orientamento per studenti Internazionali - RUFA[:]","og_description":"{:it}Studiare arte e design in Italia \u00e8 un'opportunit\u00e0 unica e con i suoi programmi e un respiro internazionale RUFA \u00e8 la destinazione perfetta!{:}","og_url":"https:\/\/www.unirufa.it\/orientamento\/studenti-internazionali\/","og_site_name":"RUFA - Rome University of Fine Arts","article_modified_time":"2025-09-01T12:15:48+00:00","og_image":[{"width":1440,"height":600,"url":"https:\/\/www.unirufa.it\/wp-content\/uploads\/2019\/07\/international.jpg","type":"image\/jpeg"}],"twitter_misc":{"Est. reading time":"5 minutes"},"schema":{"@context":"https:\/\/schema.org","@graph":[{"@type":"WebPage","@id":"https:\/\/www.unirufa.it\/orientamento\/studenti-internazionali\/","url":"https:\/\/www.unirufa.it\/orientamento\/studenti-internazionali\/","name":"[:it]Servizio di Orientamento per studenti Internazionali - RUFA[:]","isPartOf":{"@id":"https:\/\/www.unirufa.it\/#website"},"primaryImageOfPage":{"@id":"https:\/\/www.unirufa.it\/orientamento\/studenti-internazionali\/#primaryimage"},"image":{"@id":"https:\/\/www.unirufa.it\/orientamento\/studenti-internazionali\/#primaryimage"},"thumbnailUrl":"https:\/\/www.unirufa.it\/wp-content\/uploads\/2019\/07\/international.jpg","datePublished":"2019-07-17T11:13:57+00:00","dateModified":"2025-09-01T12:15:48+00:00","description":"{:it}Studiare arte e design in Italia \u00e8 un'opportunit\u00e0 unica e con i suoi programmi e un respiro internazionale RUFA \u00e8 la destinazione perfetta!{:}","breadcrumb":{"@id":"https:\/\/www.unirufa.it\/orientamento\/studenti-internazionali\/#breadcrumb"},"inLanguage":"en-US","potentialAction":[{"@type":"ReadAction","target":["https:\/\/www.unirufa.it\/orientamento\/studenti-internazionali\/"]}]},{"@type":"ImageObject","inLanguage":"en-US","@id":"https:\/\/www.unirufa.it\/orientamento\/studenti-internazionali\/#primaryimage","url":"https:\/\/www.unirufa.it\/wp-content\/uploads\/2019\/07\/international.jpg","contentUrl":"https:\/\/www.unirufa.it\/wp-content\/uploads\/2019\/07\/international.jpg","width":1440,"height":600,"caption":"studenti stranieri orientamento"},{"@type":"BreadcrumbList","@id":"https:\/\/www.unirufa.it\/orientamento\/studenti-internazionali\/#breadcrumb","itemListElement":[{"@type":"ListItem","position":1,"name":"Home","item":"https:\/\/www.unirufa.it\/"},{"@type":"ListItem","position":2,"name":"Orientamento","item":"https:\/\/www.unirufa.it\/orientamento\/"},{"@type":"ListItem","position":3,"name":"Studenti internazionali"}]},{"@type":"WebSite","@id":"https:\/\/www.unirufa.it\/#website","url":"https:\/\/www.unirufa.it\/","name":"RUFA - Rome University of Fine Arts","description":"","potentialAction":[{"@type":"SearchAction","target":{"@type":"EntryPoint","urlTemplate":"https:\/\/www.unirufa.it\/?s={search_term_string}"},"query-input":{"@type":"PropertyValueSpecification","valueRequired":true,"valueName":"search_term_string"}}],"inLanguage":"en-US"}]}},"_links":{"self":[{"href":"https:\/\/www.unirufa.it\/en\/wp-json\/wp\/v2\/pages\/10342","targetHints":{"allow":["GET"]}}],"collection":[{"href":"https:\/\/www.unirufa.it\/en\/wp-json\/wp\/v2\/pages"}],"about":[{"href":"https:\/\/www.unirufa.it\/en\/wp-json\/wp\/v2\/types\/page"}],"author":[{"embeddable":true,"href":"https:\/\/www.unirufa.it\/en\/wp-json\/wp\/v2\/users\/1"}],"replies":[{"embeddable":true,"href":"https:\/\/www.unirufa.it\/en\/wp-json\/wp\/v2\/comments?post=10342"}],"version-history":[{"count":46,"href":"https:\/\/www.unirufa.it\/en\/wp-json\/wp\/v2\/pages\/10342\/revisions"}],"predecessor-version":[{"id":147499,"href":"https:\/\/www.unirufa.it\/en\/wp-json\/wp\/v2\/pages\/10342\/revisions\/147499"}],"up":[{"embeddable":true,"href":"https:\/\/www.unirufa.it\/en\/wp-json\/wp\/v2\/pages\/48672"}],"wp:featuredmedia":[{"embeddable":true,"href":"https:\/\/www.unirufa.it\/en\/wp-json\/wp\/v2\/media\/21135"}],"wp:attachment":[{"href":"https:\/\/www.unirufa.it\/en\/wp-json\/wp\/v2\/media?parent=10342"}],"curies":[{"name":"wp","href":"https:\/\/api.w.org\/{rel}","templated":true}]}}