


{"id":14325,"date":"2017-11-27T14:04:21","date_gmt":"2017-11-27T14:04:21","guid":{"rendered":"https:\/\/www.unirufa.it\/?page_id=14325"},"modified":"2021-11-02T13:26:18","modified_gmt":"2021-11-02T12:26:18","slug":"rufa-contest-2018","status":"publish","type":"page","link":"https:\/\/www.unirufa.it\/en\/rufa-contest-2018\/","title":{"rendered":"RUFA Contest 2018"},"content":{"rendered":"<h3>Tra il nero e il bianco c&#8217;\u00e8 una distanza cromatica, tutta da percorrere.<\/h3>\n<p>\u00c8 tornato l&#8217;eccitante RUFA Contest. Il nuovo bando \u00e8 online. Raccontare le differenze, ottenere l&#8217;equilibrio.<br \/>\nDa questa edizione il Contest \u00e8 aperto anche agli ex studenti RUFA. Perderselo significherebbe sfuggire alla bellezza.<\/p>\n<p><strong>Scadenze:<\/strong><br \/>\n&#8211; entro il 19 febbraio 2018: iscrizione al concorso e invio del concept di progetto;<br \/>\n&#8211; entro il 2 marzo 2018: preselezione dei concept di progetto da parte della Commissione interna;<br \/>\n&#8211; entro il 20 aprile 2018: invio della documentazione elettronica dei  progetti realizzati;<br \/>\n&#8211; entro il 4 maggio 2018: selezione dei 25 finalisti e di 3 opere fuori concorso da parte della Giuria;<br \/>\n&#8211; 12 giugno 2018: master class e proclamazione del vincitore.<\/p>\n<p><a class=\"download-btn\" target=\"_blank\" href=\"https:\/\/event.unirufa.it\/2018\/\" rel=\"noopener\">RUFA Contest 2018<\/a><a class=\"download-btn\" target=\"_blank\" href=\"https:\/\/event.unirufa.it\/2017\/\" rel=\"noopener\">RUFA Contest 2017<\/a><a class=\"download-btn\" target=\"_blank\" href=\"https:\/\/event.unirufa.it\/2015\/\" rel=\"noopener\">RUFA Contest 2015<\/a><a class=\"download-btn\" target=\"_blank\" href=\"https:\/\/event.unirufa.it\/2016\/\" rel=\"noopener\">RUFA Contest 2016<\/a><a class=\"download-btn\" target=\"_blank\" href=\"https:\/\/www.unirufa.it\/wp-content\/uploads\/2017\/11\/BANDO-RFC-2018.pdf\" rel=\"noopener\">Scarica il bando<\/a><a class=\"download-btn\" target=\"_blank\" href=\"https:\/\/www.unirufa.it\/\" rel=\"noopener\">Application Form<\/a>","protected":false},"excerpt":{"rendered":"<p>Tra il nero e il bianco c&#8217;\u00e8 una distanza cromatica, tutta da percorrere. \u00c8 tornato l&#8217;eccitante RUFA Contest. Il nuovo bando \u00e8 online. Raccontare le differenze, ottenere l&#8217;equilibrio. Da questa edizione il Contest \u00e8 aperto anche agli ex studenti RUFA. Perderselo significherebbe sfuggire alla bellezza. Scadenze: &#8211; entro il 19 febbraio 2018: iscrizione al concorso&#8230;<\/p>\n","protected":false},"author":1,"featured_media":16492,"parent":0,"menu_order":0,"comment_status":"closed","ping_status":"closed","template":"","meta":{"content-type":"","footnotes":""},"class_list":["post-14325","page","type-page","status-publish","has-post-thumbnail","hentry"],"yoast_head":"<!-- This site is optimized with the Yoast SEO plugin v24.2 - https:\/\/yoast.com\/wordpress\/plugins\/seo\/ -->\n<title>RUFA Contest 2018 - RUFA - Rome University of Fine Arts<\/title>\n<meta name=\"robots\" content=\"index, follow, max-snippet:-1, max-image-preview:large, max-video-preview:-1\" \/>\n<link rel=\"canonical\" href=\"https:\/\/www.unirufa.it\/rufa-contest-2018\/\" \/>\n<meta property=\"og:locale\" content=\"en_US\" \/>\n<meta property=\"og:type\" content=\"article\" \/>\n<meta property=\"og:title\" content=\"RUFA Contest 2018 - RUFA - Rome University of Fine Arts\" \/>\n<meta property=\"og:description\" content=\"Tra il nero e il bianco c&#8217;\u00e8 una distanza cromatica, tutta da percorrere. \u00c8 tornato l&#8217;eccitante RUFA Contest. Il nuovo bando \u00e8 online. Raccontare le differenze, ottenere l&#8217;equilibrio. Da questa edizione il Contest \u00e8 aperto anche agli ex studenti RUFA. Perderselo significherebbe sfuggire alla bellezza. Scadenze: &#8211; entro il 19 febbraio 2018: iscrizione al concorso...\" \/>\n<meta property=\"og:url\" content=\"https:\/\/www.unirufa.it\/rufa-contest-2018\/\" \/>\n<meta property=\"og:site_name\" content=\"RUFA - Rome University of Fine Arts\" \/>\n<meta property=\"article:modified_time\" content=\"2021-11-02T12:26:18+00:00\" \/>\n<meta property=\"og:image\" content=\"https:\/\/www.unirufa.it\/wp-content\/uploads\/2018\/05\/RUFA_CONTEST_Slider_Home_page_1440x600-1.jpg\" \/>\n\t<meta property=\"og:image:width\" content=\"1440\" \/>\n\t<meta property=\"og:image:height\" content=\"600\" \/>\n\t<meta property=\"og:image:type\" content=\"image\/jpeg\" \/>\n<meta name=\"twitter:label1\" content=\"Est. reading time\" \/>\n\t<meta name=\"twitter:data1\" content=\"1 minute\" \/>\n<script type=\"application\/ld+json\" class=\"yoast-schema-graph\">{\"@context\":\"https:\/\/schema.org\",\"@graph\":[{\"@type\":\"WebPage\",\"@id\":\"https:\/\/www.unirufa.it\/rufa-contest-2018\/\",\"url\":\"https:\/\/www.unirufa.it\/rufa-contest-2018\/\",\"name\":\"RUFA Contest 2018 - RUFA - Rome University of Fine Arts\",\"isPartOf\":{\"@id\":\"https:\/\/www.unirufa.it\/#website\"},\"primaryImageOfPage\":{\"@id\":\"https:\/\/www.unirufa.it\/rufa-contest-2018\/#primaryimage\"},\"image\":{\"@id\":\"https:\/\/www.unirufa.it\/rufa-contest-2018\/#primaryimage\"},\"thumbnailUrl\":\"https:\/\/www.unirufa.it\/wp-content\/uploads\/2018\/05\/RUFA_CONTEST_Slider_Home_page_1440x600-1.jpg\",\"datePublished\":\"2017-11-27T14:04:21+00:00\",\"dateModified\":\"2021-11-02T12:26:18+00:00\",\"breadcrumb\":{\"@id\":\"https:\/\/www.unirufa.it\/rufa-contest-2018\/#breadcrumb\"},\"inLanguage\":\"en-US\",\"potentialAction\":[{\"@type\":\"ReadAction\",\"target\":[\"https:\/\/www.unirufa.it\/rufa-contest-2018\/\"]}]},{\"@type\":\"ImageObject\",\"inLanguage\":\"en-US\",\"@id\":\"https:\/\/www.unirufa.it\/rufa-contest-2018\/#primaryimage\",\"url\":\"https:\/\/www.unirufa.it\/wp-content\/uploads\/2018\/05\/RUFA_CONTEST_Slider_Home_page_1440x600-1.jpg\",\"contentUrl\":\"https:\/\/www.unirufa.it\/wp-content\/uploads\/2018\/05\/RUFA_CONTEST_Slider_Home_page_1440x600-1.jpg\",\"width\":1440,\"height\":600},{\"@type\":\"BreadcrumbList\",\"@id\":\"https:\/\/www.unirufa.it\/rufa-contest-2018\/#breadcrumb\",\"itemListElement\":[{\"@type\":\"ListItem\",\"position\":1,\"name\":\"Home\",\"item\":\"https:\/\/www.unirufa.it\/\"},{\"@type\":\"ListItem\",\"position\":2,\"name\":\"RUFA Contest 2018\"}]},{\"@type\":\"WebSite\",\"@id\":\"https:\/\/www.unirufa.it\/#website\",\"url\":\"https:\/\/www.unirufa.it\/\",\"name\":\"RUFA - Rome University of Fine Arts\",\"description\":\"\",\"potentialAction\":[{\"@type\":\"SearchAction\",\"target\":{\"@type\":\"EntryPoint\",\"urlTemplate\":\"https:\/\/www.unirufa.it\/?s={search_term_string}\"},\"query-input\":{\"@type\":\"PropertyValueSpecification\",\"valueRequired\":true,\"valueName\":\"search_term_string\"}}],\"inLanguage\":\"en-US\"}]}<\/script>\n<!-- \/ Yoast SEO plugin. -->","yoast_head_json":{"title":"RUFA Contest 2018 - RUFA - Rome University of Fine Arts","robots":{"index":"index","follow":"follow","max-snippet":"max-snippet:-1","max-image-preview":"max-image-preview:large","max-video-preview":"max-video-preview:-1"},"canonical":"https:\/\/www.unirufa.it\/rufa-contest-2018\/","og_locale":"en_US","og_type":"article","og_title":"RUFA Contest 2018 - RUFA - Rome University of Fine Arts","og_description":"Tra il nero e il bianco c&#8217;\u00e8 una distanza cromatica, tutta da percorrere. \u00c8 tornato l&#8217;eccitante RUFA Contest. Il nuovo bando \u00e8 online. Raccontare le differenze, ottenere l&#8217;equilibrio. Da questa edizione il Contest \u00e8 aperto anche agli ex studenti RUFA. Perderselo significherebbe sfuggire alla bellezza. Scadenze: &#8211; entro il 19 febbraio 2018: iscrizione al concorso...","og_url":"https:\/\/www.unirufa.it\/rufa-contest-2018\/","og_site_name":"RUFA - Rome University of Fine Arts","article_modified_time":"2021-11-02T12:26:18+00:00","og_image":[{"width":1440,"height":600,"url":"https:\/\/www.unirufa.it\/wp-content\/uploads\/2018\/05\/RUFA_CONTEST_Slider_Home_page_1440x600-1.jpg","type":"image\/jpeg"}],"twitter_misc":{"Est. reading time":"1 minute"},"schema":{"@context":"https:\/\/schema.org","@graph":[{"@type":"WebPage","@id":"https:\/\/www.unirufa.it\/rufa-contest-2018\/","url":"https:\/\/www.unirufa.it\/rufa-contest-2018\/","name":"RUFA Contest 2018 - RUFA - Rome University of Fine Arts","isPartOf":{"@id":"https:\/\/www.unirufa.it\/#website"},"primaryImageOfPage":{"@id":"https:\/\/www.unirufa.it\/rufa-contest-2018\/#primaryimage"},"image":{"@id":"https:\/\/www.unirufa.it\/rufa-contest-2018\/#primaryimage"},"thumbnailUrl":"https:\/\/www.unirufa.it\/wp-content\/uploads\/2018\/05\/RUFA_CONTEST_Slider_Home_page_1440x600-1.jpg","datePublished":"2017-11-27T14:04:21+00:00","dateModified":"2021-11-02T12:26:18+00:00","breadcrumb":{"@id":"https:\/\/www.unirufa.it\/rufa-contest-2018\/#breadcrumb"},"inLanguage":"en-US","potentialAction":[{"@type":"ReadAction","target":["https:\/\/www.unirufa.it\/rufa-contest-2018\/"]}]},{"@type":"ImageObject","inLanguage":"en-US","@id":"https:\/\/www.unirufa.it\/rufa-contest-2018\/#primaryimage","url":"https:\/\/www.unirufa.it\/wp-content\/uploads\/2018\/05\/RUFA_CONTEST_Slider_Home_page_1440x600-1.jpg","contentUrl":"https:\/\/www.unirufa.it\/wp-content\/uploads\/2018\/05\/RUFA_CONTEST_Slider_Home_page_1440x600-1.jpg","width":1440,"height":600},{"@type":"BreadcrumbList","@id":"https:\/\/www.unirufa.it\/rufa-contest-2018\/#breadcrumb","itemListElement":[{"@type":"ListItem","position":1,"name":"Home","item":"https:\/\/www.unirufa.it\/"},{"@type":"ListItem","position":2,"name":"RUFA Contest 2018"}]},{"@type":"WebSite","@id":"https:\/\/www.unirufa.it\/#website","url":"https:\/\/www.unirufa.it\/","name":"RUFA - Rome University of Fine Arts","description":"","potentialAction":[{"@type":"SearchAction","target":{"@type":"EntryPoint","urlTemplate":"https:\/\/www.unirufa.it\/?s={search_term_string}"},"query-input":{"@type":"PropertyValueSpecification","valueRequired":true,"valueName":"search_term_string"}}],"inLanguage":"en-US"}]}},"_links":{"self":[{"href":"https:\/\/www.unirufa.it\/en\/wp-json\/wp\/v2\/pages\/14325","targetHints":{"allow":["GET"]}}],"collection":[{"href":"https:\/\/www.unirufa.it\/en\/wp-json\/wp\/v2\/pages"}],"about":[{"href":"https:\/\/www.unirufa.it\/en\/wp-json\/wp\/v2\/types\/page"}],"author":[{"embeddable":true,"href":"https:\/\/www.unirufa.it\/en\/wp-json\/wp\/v2\/users\/1"}],"replies":[{"embeddable":true,"href":"https:\/\/www.unirufa.it\/en\/wp-json\/wp\/v2\/comments?post=14325"}],"version-history":[{"count":27,"href":"https:\/\/www.unirufa.it\/en\/wp-json\/wp\/v2\/pages\/14325\/revisions"}],"predecessor-version":[{"id":55082,"href":"https:\/\/www.unirufa.it\/en\/wp-json\/wp\/v2\/pages\/14325\/revisions\/55082"}],"wp:featuredmedia":[{"embeddable":true,"href":"https:\/\/www.unirufa.it\/en\/wp-json\/wp\/v2\/media\/16492"}],"wp:attachment":[{"href":"https:\/\/www.unirufa.it\/en\/wp-json\/wp\/v2\/media?parent=14325"}],"curies":[{"name":"wp","href":"https:\/\/api.w.org\/{rel}","templated":true}]}}