


{"id":21425,"date":"2019-07-25T08:10:33","date_gmt":"2019-07-25T08:10:33","guid":{"rendered":"https:\/\/www.unirufa.it\/?page_id=21425"},"modified":"2026-02-16T16:11:19","modified_gmt":"2026-02-16T15:11:19","slug":"quando-arrivi","status":"publish","type":"page","link":"https:\/\/www.unirufa.it\/en\/orientamento\/studenti-internazionali\/quando-arrivi\/","title":{"rendered":"WHEN YOU ARRIVE"},"content":{"rendered":"<h3>Dear student, welcome to RUFA <\/h3>\n<p>Studying creative arts in an atmosphere that is contaminated by stimuli and ideas of great depth offers invaluable advantages. Rome was the cradle of the Renaissance and even today its historical and artistic heritage is known all over the world. But Rome is also a city that is constantly evolving, where the dynamic and exciting new languages contribute to making it the center of new contemporary trends.<\/p>\n<p>The diversity of its museums and galleries is the most evident sign of this. Not only does Rome offer highly prestigious classical art but also stimulating events and initiatives related to new trends that range from art, to music and even to comics. RUFA has seven buildings in Rome, 6 in the Trieste area and 1 in the San Lorenzo area. We look forward to welcoming you, but in the meantime, there is bureaucracy to be dealt with quickly in order to start your journey successfully!<\/p>\n<p>The \u201cInternational students info\u201d brochure will help you tackle the bureaucracy, so that you can start enjoying the great opportunities given by RUFA and by our <em>Bel Paese<\/em> as soon as possible!<\/p>\n<p><a class=\"download-btn\" href=\"https:\/\/drive.google.com\/file\/d\/15XjnRYALtXzFKObZzFq6owpqZZ__JK2S\/view?usp=drive_link\"> Download brochure<\/a><\/p>","protected":false},"excerpt":{"rendered":"<p>Dear student, welcome to RUFA Studying creative arts in an atmosphere that is contaminated by stimuli and ideas of great depth offers invaluable advantages. Rome was the cradle of the Renaissance and even today its historical and artistic heritage is known all over the world. But Rome is also a city that is constantly evolving,&#8230;<\/p>\n","protected":false},"author":1,"featured_media":0,"parent":10342,"menu_order":0,"comment_status":"closed","ping_status":"closed","template":"","meta":{"content-type":"","footnotes":""},"class_list":["post-21425","page","type-page","status-publish","hentry"],"yoast_head":"<!-- This site is optimized with the Yoast SEO plugin v24.2 - https:\/\/yoast.com\/wordpress\/plugins\/seo\/ -->\n<title>QUANDO ARRIVI - RUFA - Rome University of Fine Arts<\/title>\n<meta name=\"description\" content=\"Roma \u00e8 famosa per il suo patrimonio artistico ma \u00e8 anche una citt\u00e0 in evoluzione e il teatro di nuove appassionanti tendenze contemporanee.\" \/>\n<meta name=\"robots\" content=\"index, follow, max-snippet:-1, max-image-preview:large, max-video-preview:-1\" \/>\n<link rel=\"canonical\" href=\"https:\/\/www.unirufa.it\/orientamento\/studenti-internazionali\/quando-arrivi\/\" \/>\n<meta property=\"og:locale\" content=\"en_US\" \/>\n<meta property=\"og:type\" content=\"article\" \/>\n<meta property=\"og:title\" content=\"[:it]QUANDO ARRIVI - RUFA - Rome University of Fine Arts [:]\" \/>\n<meta property=\"og:description\" content=\"{:it}Roma \u00e8 famosa per il suo patrimonio artistico ma \u00e8 anche una citt\u00e0 in evoluzione e il teatro di nuove appassionanti tendenze contemporanee.{:}\" \/>\n<meta property=\"og:url\" content=\"https:\/\/www.unirufa.it\/orientamento\/studenti-internazionali\/quando-arrivi\/\" \/>\n<meta property=\"og:site_name\" content=\"RUFA - Rome University of Fine Arts\" \/>\n<meta property=\"article:modified_time\" content=\"2026-02-16T15:11:19+00:00\" \/>\n<meta property=\"og:image\" content=\"https:\/\/www.unirufa.it\/wp-content\/uploads\/2017\/11\/logo-rufa-2016.png\" \/>\n\t<meta property=\"og:image:width\" content=\"230\" \/>\n\t<meta property=\"og:image:height\" content=\"149\" \/>\n\t<meta property=\"og:image:type\" content=\"image\/png\" \/>\n<meta name=\"twitter:label1\" content=\"Est. reading time\" \/>\n\t<meta name=\"twitter:data1\" content=\"3 minutes\" \/>\n<script type=\"application\/ld+json\" class=\"yoast-schema-graph\">{\"@context\":\"https:\/\/schema.org\",\"@graph\":[{\"@type\":\"WebPage\",\"@id\":\"https:\/\/www.unirufa.it\/orientamento\/studenti-internazionali\/quando-arrivi\/\",\"url\":\"https:\/\/www.unirufa.it\/orientamento\/studenti-internazionali\/quando-arrivi\/\",\"name\":\"[:it]QUANDO ARRIVI - RUFA - Rome University of Fine Arts [:]\",\"isPartOf\":{\"@id\":\"https:\/\/www.unirufa.it\/#website\"},\"datePublished\":\"2019-07-25T08:10:33+00:00\",\"dateModified\":\"2026-02-16T15:11:19+00:00\",\"description\":\"{:it}Roma \u00e8 famosa per il suo patrimonio artistico ma \u00e8 anche una citt\u00e0 in evoluzione e il teatro di nuove appassionanti tendenze contemporanee.{:}\",\"breadcrumb\":{\"@id\":\"https:\/\/www.unirufa.it\/orientamento\/studenti-internazionali\/quando-arrivi\/#breadcrumb\"},\"inLanguage\":\"en-US\",\"potentialAction\":[{\"@type\":\"ReadAction\",\"target\":[\"https:\/\/www.unirufa.it\/orientamento\/studenti-internazionali\/quando-arrivi\/\"]}]},{\"@type\":\"BreadcrumbList\",\"@id\":\"https:\/\/www.unirufa.it\/orientamento\/studenti-internazionali\/quando-arrivi\/#breadcrumb\",\"itemListElement\":[{\"@type\":\"ListItem\",\"position\":1,\"name\":\"Home\",\"item\":\"https:\/\/www.unirufa.it\/\"},{\"@type\":\"ListItem\",\"position\":2,\"name\":\"Orientamento\",\"item\":\"https:\/\/www.unirufa.it\/orientamento\/\"},{\"@type\":\"ListItem\",\"position\":3,\"name\":\"Studenti internazionali\",\"item\":\"https:\/\/www.unirufa.it\/orientamento\/studenti-internazionali\/\"},{\"@type\":\"ListItem\",\"position\":4,\"name\":\"QUANDO ARRIVI\"}]},{\"@type\":\"WebSite\",\"@id\":\"https:\/\/www.unirufa.it\/#website\",\"url\":\"https:\/\/www.unirufa.it\/\",\"name\":\"RUFA - Rome University of Fine Arts\",\"description\":\"\",\"potentialAction\":[{\"@type\":\"SearchAction\",\"target\":{\"@type\":\"EntryPoint\",\"urlTemplate\":\"https:\/\/www.unirufa.it\/?s={search_term_string}\"},\"query-input\":{\"@type\":\"PropertyValueSpecification\",\"valueRequired\":true,\"valueName\":\"search_term_string\"}}],\"inLanguage\":\"en-US\"}]}<\/script>\n<!-- \/ Yoast SEO plugin. -->","yoast_head_json":{"title":"QUANDO ARRIVI - RUFA - Rome University of Fine Arts","description":"Roma \u00e8 famosa per il suo patrimonio artistico ma \u00e8 anche una citt\u00e0 in evoluzione e il teatro di nuove appassionanti tendenze contemporanee.","robots":{"index":"index","follow":"follow","max-snippet":"max-snippet:-1","max-image-preview":"max-image-preview:large","max-video-preview":"max-video-preview:-1"},"canonical":"https:\/\/www.unirufa.it\/orientamento\/studenti-internazionali\/quando-arrivi\/","og_locale":"en_US","og_type":"article","og_title":"[:it]QUANDO ARRIVI - RUFA - Rome University of Fine Arts [:]","og_description":"{:it}Roma \u00e8 famosa per il suo patrimonio artistico ma \u00e8 anche una citt\u00e0 in evoluzione e il teatro di nuove appassionanti tendenze contemporanee.{:}","og_url":"https:\/\/www.unirufa.it\/orientamento\/studenti-internazionali\/quando-arrivi\/","og_site_name":"RUFA - Rome University of Fine Arts","article_modified_time":"2026-02-16T15:11:19+00:00","og_image":[{"width":230,"height":149,"url":"https:\/\/www.unirufa.it\/wp-content\/uploads\/2017\/11\/logo-rufa-2016.png","type":"image\/png"}],"twitter_misc":{"Est. reading time":"3 minutes"},"schema":{"@context":"https:\/\/schema.org","@graph":[{"@type":"WebPage","@id":"https:\/\/www.unirufa.it\/orientamento\/studenti-internazionali\/quando-arrivi\/","url":"https:\/\/www.unirufa.it\/orientamento\/studenti-internazionali\/quando-arrivi\/","name":"[:it]QUANDO ARRIVI - RUFA - Rome University of Fine Arts [:]","isPartOf":{"@id":"https:\/\/www.unirufa.it\/#website"},"datePublished":"2019-07-25T08:10:33+00:00","dateModified":"2026-02-16T15:11:19+00:00","description":"{:it}Roma \u00e8 famosa per il suo patrimonio artistico ma \u00e8 anche una citt\u00e0 in evoluzione e il teatro di nuove appassionanti tendenze contemporanee.{:}","breadcrumb":{"@id":"https:\/\/www.unirufa.it\/orientamento\/studenti-internazionali\/quando-arrivi\/#breadcrumb"},"inLanguage":"en-US","potentialAction":[{"@type":"ReadAction","target":["https:\/\/www.unirufa.it\/orientamento\/studenti-internazionali\/quando-arrivi\/"]}]},{"@type":"BreadcrumbList","@id":"https:\/\/www.unirufa.it\/orientamento\/studenti-internazionali\/quando-arrivi\/#breadcrumb","itemListElement":[{"@type":"ListItem","position":1,"name":"Home","item":"https:\/\/www.unirufa.it\/"},{"@type":"ListItem","position":2,"name":"Orientamento","item":"https:\/\/www.unirufa.it\/orientamento\/"},{"@type":"ListItem","position":3,"name":"Studenti internazionali","item":"https:\/\/www.unirufa.it\/orientamento\/studenti-internazionali\/"},{"@type":"ListItem","position":4,"name":"QUANDO ARRIVI"}]},{"@type":"WebSite","@id":"https:\/\/www.unirufa.it\/#website","url":"https:\/\/www.unirufa.it\/","name":"RUFA - Rome University of Fine Arts","description":"","potentialAction":[{"@type":"SearchAction","target":{"@type":"EntryPoint","urlTemplate":"https:\/\/www.unirufa.it\/?s={search_term_string}"},"query-input":{"@type":"PropertyValueSpecification","valueRequired":true,"valueName":"search_term_string"}}],"inLanguage":"en-US"}]}},"_links":{"self":[{"href":"https:\/\/www.unirufa.it\/en\/wp-json\/wp\/v2\/pages\/21425","targetHints":{"allow":["GET"]}}],"collection":[{"href":"https:\/\/www.unirufa.it\/en\/wp-json\/wp\/v2\/pages"}],"about":[{"href":"https:\/\/www.unirufa.it\/en\/wp-json\/wp\/v2\/types\/page"}],"author":[{"embeddable":true,"href":"https:\/\/www.unirufa.it\/en\/wp-json\/wp\/v2\/users\/1"}],"replies":[{"embeddable":true,"href":"https:\/\/www.unirufa.it\/en\/wp-json\/wp\/v2\/comments?post=21425"}],"version-history":[{"count":18,"href":"https:\/\/www.unirufa.it\/en\/wp-json\/wp\/v2\/pages\/21425\/revisions"}],"predecessor-version":[{"id":151338,"href":"https:\/\/www.unirufa.it\/en\/wp-json\/wp\/v2\/pages\/21425\/revisions\/151338"}],"up":[{"embeddable":true,"href":"https:\/\/www.unirufa.it\/en\/wp-json\/wp\/v2\/pages\/10342"}],"wp:attachment":[{"href":"https:\/\/www.unirufa.it\/en\/wp-json\/wp\/v2\/media?parent=21425"}],"curies":[{"name":"wp","href":"https:\/\/api.w.org\/{rel}","templated":true}]}}