


{"id":26464,"date":"2020-03-06T11:00:43","date_gmt":"2020-03-06T10:00:43","guid":{"rendered":"https:\/\/www.unirufa.it\/?page_id=26464"},"modified":"2020-03-11T14:47:23","modified_gmt":"2020-03-11T13:47:23","slug":"lezioni-a-distanza","status":"publish","type":"page","link":"https:\/\/www.unirufa.it\/en\/lezioni-a-distanza\/","title":{"rendered":"Lezioni a distanza"},"content":{"rendered":"<p class=\"qtranxs-available-languages-message qtranxs-available-languages-message-en\">Sorry, this entry is only available in <a href=\"https:\/\/www.unirufa.it\/it\/wp-json\/wp\/v2\/pages\/26464\" class=\"qtranxs-available-language-link qtranxs-available-language-link-it\" title=\"IT\">IT<\/a>.<\/p>RUFA, nel dare seguito alle disposizioni contenute nel decreto della Presidenza del Consiglio dei Ministri del 4 marzo 2020 sul contenimento del diffondersi del coronavirus e nella successiva nota del Ministro dell&#8217;Universit\u00e0 e della Ricerca del 5 marzo 2020, sospende le attivit\u00e0 svolte con modalit\u00e0 frontale fino al prossimo 3 aprile, privilegiando la modalit\u00e0 alternativa a distanza.<\/p>\n<p>A seguire l&#8217;elenco delle lezioni registrate dai docenti.<\/p>\n<h3>Raffaele Simongini<\/h3>\n<p><a class=\"download-link\" href=\"https:\/\/www.dropbox.com\/s\/j3zp30euag8edzn\/Storia_del_Cinema_e_del_Video1-Cinema1.mp4?dl=0\" target=\"_blank\" rel=\"noopener noreferrer\"> <strong>Storia del Cinema e del Video 1 &#8211; Cinema 1<\/strong><\/a><em>Scaricabile dal 9 marzo<\/em><\/p>\n<p><a class=\"download-link\" href=\"https:\/\/www.dropbox.com\/s\/b9b5pp5f9m1qle0\/Storia_del_Cinema_e_del_Video2-Cinema2.mp4?dl=0\" target=\"_blank\" rel=\"noopener noreferrer\"> <strong>Storia del Cinema e del Video 2 &#8211; Cinema 2<\/strong><\/a><em>Scaricabile dal 9 marzo<\/em><\/p>\n<p><a class=\"download-link\" href=\"https:\/\/www.dropbox.com\/s\/va4ych4yy3a2g39\/Fenomenologia_dell%27immagine_Fotografia1_Pittura1_Scultura1.mp4?dl=0\" target=\"_blank\" rel=\"noopener noreferrer\"> <strong>Fenomenologia dell&#8217;immagine &#8211; Fotografia 1, Pittura 1, Scultura 1<\/strong><\/a><em>Scaricabile dal 9 marzo<\/em><\/p>\n<p><a class=\"download-link\" href=\"https:\/\/www.dropbox.com\/s\/j3zp30euag8edzn\/Storia_del_Cinema_e_del_Video1-Cinema1.mp4?dl=0\" target=\"_blank\" rel=\"noopener noreferrer\"> <strong>Storia del Cinema e del Video 1 &#8211; Fotografia 2<\/strong><\/a><em>Scaricabile dal 9 marzo<\/em><br \/>\n&nbsp;<\/p>\n<p>&nbsp;<\/p>\n<h3>Nicolas Martino<\/h3>\n<p><a class=\"download-link\" href=\"https:\/\/www.dropbox.com\/s\/1dslxq9y485crsr\/Stile_storia_dell%E2%80%99arte_costume%E2%80%93Pittura2_Scultura2_Scenografia3.mp4?dl=0\" target=\"_blank\" rel=\"noopener noreferrer\"> <strong>Stile, storia dell&#8217;arte e del costume &#8211; Pittura 2, Scultura 2, Scenografia 3<\/strong><\/a><em>Scaricabile dal 9 marzo<\/em><\/p>\n<p><a class=\"download-link\" href=\"https:\/\/www.dropbox.com\/s\/hp53kir6kxnwy5p\/TeoriaeMetododeiMassMedia-GraphicDesign-Fotografia-Multimedia.mp4?dl=0\" target=\"_blank\" rel=\"noopener noreferrer\"><strong>Teoria e metodo dei mass media &#8211; Graphic design 3<\/strong><\/a><em>Scaricabile dal 9 marzo<\/em><\/p>\n<p><a class=\"download-link\" href=\"https:\/\/www.dropbox.com\/s\/hp53kir6kxnwy5p\/TeoriaeMetododeiMassMedia-GraphicDesign-Fotografia-Multimedia.mp4?dl=0\" target=\"_blank\" rel=\"noopener noreferrer\"> <strong>Teoria e metodo dei mass media &#8211; Multimedia 2<\/strong><\/a><em>Scaricabile dal 9 marzo<\/em><\/p>\n<p><a class=\"download-link\" href=\"https:\/\/www.dropbox.com\/s\/hp53kir6kxnwy5p\/TeoriaeMetododeiMassMedia-GraphicDesign-Fotografia-Multimedia.mp4?dl=0\" target=\"_blank\" rel=\"noopener noreferrer\"> <strong>Teoria e metodo dei mass media &#8211; Fotografia 3<\/strong><\/a><em>Scaricabile dal 10 marzo<\/em><br \/>\n&nbsp;","protected":false},"excerpt":{"rendered":"<p>Sorry, this entry is only available in IT.RUFA, nel dare seguito alle disposizioni contenute nel decreto della Presidenza del Consiglio dei Ministri del 4 marzo 2020 sul contenimento del diffondersi del coronavirus e nella successiva nota del Ministro dell&#8217;Universit\u00e0 e della Ricerca del 5 marzo 2020, sospende le attivit\u00e0 svolte con modalit\u00e0 frontale fino al&#8230;<\/p>\n","protected":false},"author":12,"featured_media":0,"parent":0,"menu_order":0,"comment_status":"closed","ping_status":"closed","template":"","meta":{"content-type":"","footnotes":""},"class_list":["post-26464","page","type-page","status-publish","hentry"],"yoast_head":"<!-- This site is optimized with the Yoast SEO plugin v24.2 - https:\/\/yoast.com\/wordpress\/plugins\/seo\/ -->\n<title>Lezioni a distanza - RUFA - Rome University of Fine Arts<\/title>\n<meta name=\"robots\" content=\"index, follow, max-snippet:-1, max-image-preview:large, max-video-preview:-1\" \/>\n<link rel=\"canonical\" href=\"https:\/\/www.unirufa.it\/lezioni-a-distanza\/\" \/>\n<meta property=\"og:locale\" content=\"en_US\" \/>\n<meta property=\"og:type\" content=\"article\" \/>\n<meta property=\"og:title\" content=\"Lezioni a distanza - RUFA - Rome University of Fine Arts\" \/>\n<meta property=\"og:description\" content=\"Sorry, this entry is only available in IT.RUFA, nel dare seguito alle disposizioni contenute nel decreto della Presidenza del Consiglio dei Ministri del 4 marzo 2020 sul contenimento del diffondersi del coronavirus e nella successiva nota del Ministro dell&#8217;Universit\u00e0 e della Ricerca del 5 marzo 2020, sospende le attivit\u00e0 svolte con modalit\u00e0 frontale fino al...\" \/>\n<meta property=\"og:url\" content=\"https:\/\/www.unirufa.it\/lezioni-a-distanza\/\" \/>\n<meta property=\"og:site_name\" content=\"RUFA - Rome University of Fine Arts\" \/>\n<meta property=\"article:modified_time\" content=\"2020-03-11T13:47:23+00:00\" \/>\n<meta property=\"og:image\" content=\"https:\/\/www.unirufa.it\/wp-content\/uploads\/2017\/11\/logo-rufa-2016.png\" \/>\n\t<meta property=\"og:image:width\" content=\"230\" \/>\n\t<meta property=\"og:image:height\" content=\"149\" \/>\n\t<meta property=\"og:image:type\" content=\"image\/png\" \/>\n<meta name=\"twitter:label1\" content=\"Est. reading time\" \/>\n\t<meta name=\"twitter:data1\" content=\"1 minute\" \/>\n<script type=\"application\/ld+json\" class=\"yoast-schema-graph\">{\"@context\":\"https:\/\/schema.org\",\"@graph\":[{\"@type\":\"WebPage\",\"@id\":\"https:\/\/www.unirufa.it\/lezioni-a-distanza\/\",\"url\":\"https:\/\/www.unirufa.it\/lezioni-a-distanza\/\",\"name\":\"Lezioni a distanza - RUFA - Rome University of Fine Arts\",\"isPartOf\":{\"@id\":\"https:\/\/www.unirufa.it\/#website\"},\"datePublished\":\"2020-03-06T10:00:43+00:00\",\"dateModified\":\"2020-03-11T13:47:23+00:00\",\"breadcrumb\":{\"@id\":\"https:\/\/www.unirufa.it\/lezioni-a-distanza\/#breadcrumb\"},\"inLanguage\":\"en-US\",\"potentialAction\":[{\"@type\":\"ReadAction\",\"target\":[\"https:\/\/www.unirufa.it\/lezioni-a-distanza\/\"]}]},{\"@type\":\"BreadcrumbList\",\"@id\":\"https:\/\/www.unirufa.it\/lezioni-a-distanza\/#breadcrumb\",\"itemListElement\":[{\"@type\":\"ListItem\",\"position\":1,\"name\":\"Home\",\"item\":\"https:\/\/www.unirufa.it\/\"},{\"@type\":\"ListItem\",\"position\":2,\"name\":\"Lezioni a distanza\"}]},{\"@type\":\"WebSite\",\"@id\":\"https:\/\/www.unirufa.it\/#website\",\"url\":\"https:\/\/www.unirufa.it\/\",\"name\":\"RUFA - Rome University of Fine Arts\",\"description\":\"\",\"potentialAction\":[{\"@type\":\"SearchAction\",\"target\":{\"@type\":\"EntryPoint\",\"urlTemplate\":\"https:\/\/www.unirufa.it\/?s={search_term_string}\"},\"query-input\":{\"@type\":\"PropertyValueSpecification\",\"valueRequired\":true,\"valueName\":\"search_term_string\"}}],\"inLanguage\":\"en-US\"}]}<\/script>\n<!-- \/ Yoast SEO plugin. -->","yoast_head_json":{"title":"Lezioni a distanza - RUFA - Rome University of Fine Arts","robots":{"index":"index","follow":"follow","max-snippet":"max-snippet:-1","max-image-preview":"max-image-preview:large","max-video-preview":"max-video-preview:-1"},"canonical":"https:\/\/www.unirufa.it\/lezioni-a-distanza\/","og_locale":"en_US","og_type":"article","og_title":"Lezioni a distanza - RUFA - Rome University of Fine Arts","og_description":"Sorry, this entry is only available in IT.RUFA, nel dare seguito alle disposizioni contenute nel decreto della Presidenza del Consiglio dei Ministri del 4 marzo 2020 sul contenimento del diffondersi del coronavirus e nella successiva nota del Ministro dell&#8217;Universit\u00e0 e della Ricerca del 5 marzo 2020, sospende le attivit\u00e0 svolte con modalit\u00e0 frontale fino al...","og_url":"https:\/\/www.unirufa.it\/lezioni-a-distanza\/","og_site_name":"RUFA - Rome University of Fine Arts","article_modified_time":"2020-03-11T13:47:23+00:00","og_image":[{"width":230,"height":149,"url":"https:\/\/www.unirufa.it\/wp-content\/uploads\/2017\/11\/logo-rufa-2016.png","type":"image\/png"}],"twitter_misc":{"Est. reading time":"1 minute"},"schema":{"@context":"https:\/\/schema.org","@graph":[{"@type":"WebPage","@id":"https:\/\/www.unirufa.it\/lezioni-a-distanza\/","url":"https:\/\/www.unirufa.it\/lezioni-a-distanza\/","name":"Lezioni a distanza - RUFA - Rome University of Fine Arts","isPartOf":{"@id":"https:\/\/www.unirufa.it\/#website"},"datePublished":"2020-03-06T10:00:43+00:00","dateModified":"2020-03-11T13:47:23+00:00","breadcrumb":{"@id":"https:\/\/www.unirufa.it\/lezioni-a-distanza\/#breadcrumb"},"inLanguage":"en-US","potentialAction":[{"@type":"ReadAction","target":["https:\/\/www.unirufa.it\/lezioni-a-distanza\/"]}]},{"@type":"BreadcrumbList","@id":"https:\/\/www.unirufa.it\/lezioni-a-distanza\/#breadcrumb","itemListElement":[{"@type":"ListItem","position":1,"name":"Home","item":"https:\/\/www.unirufa.it\/"},{"@type":"ListItem","position":2,"name":"Lezioni a distanza"}]},{"@type":"WebSite","@id":"https:\/\/www.unirufa.it\/#website","url":"https:\/\/www.unirufa.it\/","name":"RUFA - Rome University of Fine Arts","description":"","potentialAction":[{"@type":"SearchAction","target":{"@type":"EntryPoint","urlTemplate":"https:\/\/www.unirufa.it\/?s={search_term_string}"},"query-input":{"@type":"PropertyValueSpecification","valueRequired":true,"valueName":"search_term_string"}}],"inLanguage":"en-US"}]}},"_links":{"self":[{"href":"https:\/\/www.unirufa.it\/en\/wp-json\/wp\/v2\/pages\/26464","targetHints":{"allow":["GET"]}}],"collection":[{"href":"https:\/\/www.unirufa.it\/en\/wp-json\/wp\/v2\/pages"}],"about":[{"href":"https:\/\/www.unirufa.it\/en\/wp-json\/wp\/v2\/types\/page"}],"author":[{"embeddable":true,"href":"https:\/\/www.unirufa.it\/en\/wp-json\/wp\/v2\/users\/12"}],"replies":[{"embeddable":true,"href":"https:\/\/www.unirufa.it\/en\/wp-json\/wp\/v2\/comments?post=26464"}],"version-history":[{"count":50,"href":"https:\/\/www.unirufa.it\/en\/wp-json\/wp\/v2\/pages\/26464\/revisions"}],"predecessor-version":[{"id":26704,"href":"https:\/\/www.unirufa.it\/en\/wp-json\/wp\/v2\/pages\/26464\/revisions\/26704"}],"wp:attachment":[{"href":"https:\/\/www.unirufa.it\/en\/wp-json\/wp\/v2\/media?parent=26464"}],"curies":[{"name":"wp","href":"https:\/\/api.w.org\/{rel}","templated":true}]}}