


{"id":36388,"date":"2021-01-19T11:33:15","date_gmt":"2021-01-19T10:33:15","guid":{"rendered":"https:\/\/www.unirufa.it\/?page_id=36388"},"modified":"2025-01-21T11:17:10","modified_gmt":"2025-01-21T10:17:10","slug":"internazionale","status":"publish","type":"page","link":"https:\/\/www.unirufa.it\/en\/internazionale\/","title":{"rendered":"International relations"},"content":{"rendered":"RUFA is a constantly growing multidisciplinary and international center that makes its creative skills available to develop international exchanges and experimental research projects, to broaden the perspectives of its students and lecturers. RUFA is a Full Member of <strong>CUMULUS<\/strong>, the International Association that connects the best Universities and Academies of design and art in the world. Through CUMULUS, RUFA is committed to contributing to the progress and innovation of higher art education at an international level, thanks also to the possibilities given by the Association to cooperate with foreign Institutions through intercultural projects and exchanges.<\/p>\n<p>Given the growing interest shown by international students for the programs offered by RUFA, starting from the academic year 2019\/2020, RUFA has launched <strong>Bachelor and Master of Arts<\/strong> <strong>programs in English<\/strong>. The Academy promotes internationalization and attracts talented foreign students also by offering them full scholarships, which are awarded to the most deserving candidates.<\/p>\n<p>International students also have the opportunity to attend various <strong>short courses<\/strong>, a <strong>Summer Academy<\/strong> and a <strong>Foundation Course<\/strong>.<\/p>\n<p>Over the years RUFA has created partnerships and projects with foreign Universities and Institutions to enhance the academic experience of its students and to further develop its international dimension. Regarding foreign institutions, these collaborations have been developed through EU <strong>Erasmus<\/strong> bilateral agreements and through specific <strong>memorandums of understanding<\/strong>.<\/p>\n<p>The Academy also organizes numerous <strong>talks, Masterclasses <\/strong>and<strong> special events<\/strong> that involve students, lecturers and professionals from all over the world.<\/p>\n<p>During the various editions of RUFA Contest, held to enhance and support the talent of the students of the Academy, world-renowned artists such as Visual Designer Stefan Sagmeister, Product and Interior Designer Karim Rashid, Architect Francis K\u00e9r\u00e9, Artist Shirin Neshat and photographer David LaChapelle attended as guests of honor and presidents of the jury.<\/p>\n<p>The Academy organizes and hosts several <strong>international workshops<\/strong>. SpeculativeEdu&#8217;s Neorural Futures research project, funded by the European Commission through the Erasmus + program, is one of the most valuable examples.<\/p>\n<p>Among the various international projects of the Academy, RUFA has developed and reinforced a collaboration with the School of Visual Arts in New York. Through this collaboration RUFA students have the opportunity to go to SVA for ten days, dedicating themselves to design, gaining social and cultural insights, meeting famous designers and visiting studios, to get in touch with different teaching methodologies and gain inputs that are extremely relevant for the global challenge that awaits them.<\/p>\n<p>The Academy also supported FAO international organization by organizing an art and design exhibition entitled &#8220;100 works of art for the right to food&#8221; at the FAO headquarters in Rome.<\/p>\n<p>RUFA has created a partnership with the Council of the European Union to organize cultural and educational activities and art events, with a specific focus on Cinema.<\/p>\n<p>In addition to the numerous projects already developed, the Academy is always ready to welcome new proposals and challenges at an international level, giving shape to new initiatives and responding to the impulses it receives daily.<\/p>\n<h3><strong>The ongoing Erasmus agreements<\/strong><\/h3>\n<p><strong>Austria:<\/strong> FH Joaneum-University of Applied Sciences, Graz &#8211; FH Salzburg University of Applied sciences.<strong>\u00a0Belgium<\/strong>: \u00c9cole de recherche graphique, Bruxelles &#8211; University College Ghent, KASK School of Arts and Conservatory. <strong>Bulgaria<\/strong>: New Bulgarian University. <strong>Czech Republic<\/strong>: FAMU, Film and TV School of the Academy of Performing Arts in Prague. <strong>Denmark<\/strong>: The Royal Danish Academy of Fine Arts (School of Visual Arts) <strong>France<\/strong>: \u00c9cole Sup\u00e9rieure des arts modernes. <strong>Germany<\/strong>: Hochschule Mainz-University of Applied Sciences &#8211; Hoschule fur Gestaltung Offenbach am Main-University of Art and Design. <strong>Hungary<\/strong>: University of theatre film art Academy, Budapest. <strong>Ireland<\/strong>: National College of Art and Design &#8211; IADT.\u00a0 Lithuania: Vilnius Academy of Arts. <strong>Poland<\/strong>: University of Warmia and Mazury &#8211; The Eugeniusz Geppert Academy of Arts and Design in Wroclaw. <strong>Portugal<\/strong>: Universidade de Lisboa &#8211; Escola superior de artes e design, Porto.\u00a0<strong>Spain<\/strong>: Universitat de Barcelona &#8211; Institut del Teatre, Barcelona &#8211; Escuela de Arte y Superior de Dise\u00f1o Gran Canaria\u00a0 &#8211; Centro Universitario de Artes TAI, Madrid &#8211; Escola d\u2019Art i Superior de Disseny de les Illes Balears, Palma de Mallorca &#8211; Escuela de Arte y Superior de Disseny de Val\u00e8ncia. <strong>Turkey<\/strong>: Marmara University.<br \/>\n&nbsp;<\/p>\n<h3>RUFA collaborates also with the following Institutions through various types of agreements<\/h3>\n<p>Central Saint Martins- University of Arts (London, <strong>United Kingdom<\/strong>); Sichuan Fine Arts Institute (Chongqing, <strong>China<\/strong>); Chengdu Academy of Fine Arts (Chengdu, China); Chinese People\u2019s Association for Friendship with Foreign Countries (Beijing, China); Jilin Animation Institute (Changchun, China); Shanghai Theatre Academy (Shanghai, China); Wollongong Global Network (Kuala Lumpur, <strong>Malaysia<\/strong>); SVA \u2013 School of Visual Arts (<strong>New York<\/strong>, USA); Universitatea Pedagogica de Stat Ion Creanga (Chi\u015fin\u0103u, <strong>Moldova<\/strong>); Academy of Music, Theatre and Fine Arts (Chi\u015fin\u0103u, Moldova); Universidad Mayor de San Sim\u00f3n (Cochabamba, <strong>Bolivia<\/strong>); Stieglitz Academy (Saint Petersburg, <strong>Russia<\/strong>); Dr. Bhanuben Nanavati College of Architecture for Woman (Pune, <strong>India<\/strong>).","protected":false},"excerpt":{"rendered":"<p>RUFA is a constantly growing multidisciplinary and international center that makes its creative skills available to develop international exchanges and experimental research projects, to broaden the perspectives of its students and lecturers. RUFA is a Full Member of CUMULUS, the International Association that connects the best Universities and Academies of design and art in the&#8230;<\/p>\n","protected":false},"author":12,"featured_media":36402,"parent":0,"menu_order":0,"comment_status":"closed","ping_status":"closed","template":"","meta":{"content-type":"","footnotes":""},"class_list":["post-36388","page","type-page","status-publish","has-post-thumbnail","hentry"],"yoast_head":"<!-- This site is optimized with the Yoast SEO plugin v24.2 - https:\/\/yoast.com\/wordpress\/plugins\/seo\/ -->\n<title>Relazioni Internazionali Accademia Belle Arti Roma - RUFA<\/title>\n<meta name=\"description\" content=\"Scopri tutti i progetti internazionali e workshop attivi grazie al programma relazioni internazionale dell&#039;Accademia delle Belle Arti a Roma\" \/>\n<meta name=\"robots\" content=\"index, follow, max-snippet:-1, max-image-preview:large, max-video-preview:-1\" \/>\n<link rel=\"canonical\" href=\"https:\/\/www.unirufa.it\/internazionale\/\" \/>\n<meta property=\"og:locale\" content=\"en_US\" \/>\n<meta property=\"og:type\" content=\"article\" \/>\n<meta property=\"og:title\" content=\"[:it]Relazioni Internazionali Accademia Belle Arti Roma - RUFA[:]\" \/>\n<meta property=\"og:description\" content=\"{:it}Scopri tutti i progetti internazionali e workshop attivi grazie al programma relazioni internazionale dell&#039;Accademia delle Belle Arti a Roma{:}\" \/>\n<meta property=\"og:url\" content=\"https:\/\/www.unirufa.it\/internazionale\/\" \/>\n<meta property=\"og:site_name\" content=\"RUFA - Rome University of Fine Arts\" \/>\n<meta property=\"article:modified_time\" content=\"2025-01-21T10:17:10+00:00\" \/>\n<meta property=\"og:image\" content=\"https:\/\/www.unirufa.it\/wp-content\/uploads\/2021\/01\/internazionale.jpg\" \/>\n\t<meta property=\"og:image:width\" content=\"1440\" \/>\n\t<meta property=\"og:image:height\" content=\"600\" \/>\n\t<meta property=\"og:image:type\" content=\"image\/jpeg\" \/>\n<meta name=\"twitter:label1\" content=\"Est. reading time\" \/>\n\t<meta name=\"twitter:data1\" content=\"13 minutes\" \/>\n<script type=\"application\/ld+json\" class=\"yoast-schema-graph\">{\"@context\":\"https:\/\/schema.org\",\"@graph\":[{\"@type\":\"WebPage\",\"@id\":\"https:\/\/www.unirufa.it\/internazionale\/\",\"url\":\"https:\/\/www.unirufa.it\/internazionale\/\",\"name\":\"[:it]Relazioni Internazionali Accademia Belle Arti Roma - RUFA[:]\",\"isPartOf\":{\"@id\":\"https:\/\/www.unirufa.it\/#website\"},\"primaryImageOfPage\":{\"@id\":\"https:\/\/www.unirufa.it\/internazionale\/#primaryimage\"},\"image\":{\"@id\":\"https:\/\/www.unirufa.it\/internazionale\/#primaryimage\"},\"thumbnailUrl\":\"https:\/\/www.unirufa.it\/wp-content\/uploads\/2021\/01\/internazionale.jpg\",\"datePublished\":\"2021-01-19T10:33:15+00:00\",\"dateModified\":\"2025-01-21T10:17:10+00:00\",\"description\":\"{:it}Scopri tutti i progetti internazionali e workshop attivi grazie al programma relazioni internazionale dell'Accademia delle Belle Arti a Roma{:}\",\"breadcrumb\":{\"@id\":\"https:\/\/www.unirufa.it\/internazionale\/#breadcrumb\"},\"inLanguage\":\"en-US\",\"potentialAction\":[{\"@type\":\"ReadAction\",\"target\":[\"https:\/\/www.unirufa.it\/internazionale\/\"]}]},{\"@type\":\"ImageObject\",\"inLanguage\":\"en-US\",\"@id\":\"https:\/\/www.unirufa.it\/internazionale\/#primaryimage\",\"url\":\"https:\/\/www.unirufa.it\/wp-content\/uploads\/2021\/01\/internazionale.jpg\",\"contentUrl\":\"https:\/\/www.unirufa.it\/wp-content\/uploads\/2021\/01\/internazionale.jpg\",\"width\":1440,\"height\":600,\"caption\":\"relazioni internazionali accademia, ufficio relazioni internazionali\"},{\"@type\":\"BreadcrumbList\",\"@id\":\"https:\/\/www.unirufa.it\/internazionale\/#breadcrumb\",\"itemListElement\":[{\"@type\":\"ListItem\",\"position\":1,\"name\":\"Home\",\"item\":\"https:\/\/www.unirufa.it\/\"},{\"@type\":\"ListItem\",\"position\":2,\"name\":\"Relazioni Internazionali\"}]},{\"@type\":\"WebSite\",\"@id\":\"https:\/\/www.unirufa.it\/#website\",\"url\":\"https:\/\/www.unirufa.it\/\",\"name\":\"RUFA - Rome University of Fine Arts\",\"description\":\"\",\"potentialAction\":[{\"@type\":\"SearchAction\",\"target\":{\"@type\":\"EntryPoint\",\"urlTemplate\":\"https:\/\/www.unirufa.it\/?s={search_term_string}\"},\"query-input\":{\"@type\":\"PropertyValueSpecification\",\"valueRequired\":true,\"valueName\":\"search_term_string\"}}],\"inLanguage\":\"en-US\"}]}<\/script>\n<!-- \/ Yoast SEO plugin. -->","yoast_head_json":{"title":"Relazioni Internazionali Accademia Belle Arti Roma - RUFA","description":"Scopri tutti i progetti internazionali e workshop attivi grazie al programma relazioni internazionale dell'Accademia delle Belle Arti a Roma","robots":{"index":"index","follow":"follow","max-snippet":"max-snippet:-1","max-image-preview":"max-image-preview:large","max-video-preview":"max-video-preview:-1"},"canonical":"https:\/\/www.unirufa.it\/internazionale\/","og_locale":"en_US","og_type":"article","og_title":"[:it]Relazioni Internazionali Accademia Belle Arti Roma - RUFA[:]","og_description":"{:it}Scopri tutti i progetti internazionali e workshop attivi grazie al programma relazioni internazionale dell'Accademia delle Belle Arti a Roma{:}","og_url":"https:\/\/www.unirufa.it\/internazionale\/","og_site_name":"RUFA - Rome University of Fine Arts","article_modified_time":"2025-01-21T10:17:10+00:00","og_image":[{"width":1440,"height":600,"url":"https:\/\/www.unirufa.it\/wp-content\/uploads\/2021\/01\/internazionale.jpg","type":"image\/jpeg"}],"twitter_misc":{"Est. reading time":"13 minutes"},"schema":{"@context":"https:\/\/schema.org","@graph":[{"@type":"WebPage","@id":"https:\/\/www.unirufa.it\/internazionale\/","url":"https:\/\/www.unirufa.it\/internazionale\/","name":"[:it]Relazioni Internazionali Accademia Belle Arti Roma - RUFA[:]","isPartOf":{"@id":"https:\/\/www.unirufa.it\/#website"},"primaryImageOfPage":{"@id":"https:\/\/www.unirufa.it\/internazionale\/#primaryimage"},"image":{"@id":"https:\/\/www.unirufa.it\/internazionale\/#primaryimage"},"thumbnailUrl":"https:\/\/www.unirufa.it\/wp-content\/uploads\/2021\/01\/internazionale.jpg","datePublished":"2021-01-19T10:33:15+00:00","dateModified":"2025-01-21T10:17:10+00:00","description":"{:it}Scopri tutti i progetti internazionali e workshop attivi grazie al programma relazioni internazionale dell'Accademia delle Belle Arti a Roma{:}","breadcrumb":{"@id":"https:\/\/www.unirufa.it\/internazionale\/#breadcrumb"},"inLanguage":"en-US","potentialAction":[{"@type":"ReadAction","target":["https:\/\/www.unirufa.it\/internazionale\/"]}]},{"@type":"ImageObject","inLanguage":"en-US","@id":"https:\/\/www.unirufa.it\/internazionale\/#primaryimage","url":"https:\/\/www.unirufa.it\/wp-content\/uploads\/2021\/01\/internazionale.jpg","contentUrl":"https:\/\/www.unirufa.it\/wp-content\/uploads\/2021\/01\/internazionale.jpg","width":1440,"height":600,"caption":"relazioni internazionali accademia, ufficio relazioni internazionali"},{"@type":"BreadcrumbList","@id":"https:\/\/www.unirufa.it\/internazionale\/#breadcrumb","itemListElement":[{"@type":"ListItem","position":1,"name":"Home","item":"https:\/\/www.unirufa.it\/"},{"@type":"ListItem","position":2,"name":"Relazioni Internazionali"}]},{"@type":"WebSite","@id":"https:\/\/www.unirufa.it\/#website","url":"https:\/\/www.unirufa.it\/","name":"RUFA - Rome University of Fine Arts","description":"","potentialAction":[{"@type":"SearchAction","target":{"@type":"EntryPoint","urlTemplate":"https:\/\/www.unirufa.it\/?s={search_term_string}"},"query-input":{"@type":"PropertyValueSpecification","valueRequired":true,"valueName":"search_term_string"}}],"inLanguage":"en-US"}]}},"_links":{"self":[{"href":"https:\/\/www.unirufa.it\/en\/wp-json\/wp\/v2\/pages\/36388","targetHints":{"allow":["GET"]}}],"collection":[{"href":"https:\/\/www.unirufa.it\/en\/wp-json\/wp\/v2\/pages"}],"about":[{"href":"https:\/\/www.unirufa.it\/en\/wp-json\/wp\/v2\/types\/page"}],"author":[{"embeddable":true,"href":"https:\/\/www.unirufa.it\/en\/wp-json\/wp\/v2\/users\/12"}],"replies":[{"embeddable":true,"href":"https:\/\/www.unirufa.it\/en\/wp-json\/wp\/v2\/comments?post=36388"}],"version-history":[{"count":47,"href":"https:\/\/www.unirufa.it\/en\/wp-json\/wp\/v2\/pages\/36388\/revisions"}],"predecessor-version":[{"id":141690,"href":"https:\/\/www.unirufa.it\/en\/wp-json\/wp\/v2\/pages\/36388\/revisions\/141690"}],"wp:featuredmedia":[{"embeddable":true,"href":"https:\/\/www.unirufa.it\/en\/wp-json\/wp\/v2\/media\/36402"}],"wp:attachment":[{"href":"https:\/\/www.unirufa.it\/en\/wp-json\/wp\/v2\/media?parent=36388"}],"curies":[{"name":"wp","href":"https:\/\/api.w.org\/{rel}","templated":true}]}}