


{"id":5482,"date":"2015-06-05T11:19:08","date_gmt":"2015-06-05T11:19:08","guid":{"rendered":"http:\/\/www.unirufa.it\/?page_id=5482"},"modified":"2015-06-05T14:19:30","modified_gmt":"2015-06-05T14:19:30","slug":"informativa-sulluso-dei-cookies","status":"publish","type":"page","link":"https:\/\/www.unirufa.it\/en\/informativa-sulluso-dei-cookies\/","title":{"rendered":"Informativa sull&#8217;uso dei Cookies"},"content":{"rendered":"<p><\/p>\n<h4>Informativa sull&#8217;uso dei Cookies<\/h4>\n<p>I cookie sono piccole quantit\u00e0 di dati (stringhe di testo) inviate da un sito web e memorizzate sul disco fisso del tuo computer.<\/p>\n<p>Il sito di RUFA &#8211; Rome University of Fine Arts utilizza esclusivamente cookie tecnici e non anche cookie di profilazione.<br \/>\nL&#8217;utilizzo dei cookie tecnici serve a fornire informazioni sullo stato dell&#8217;applicazione, permettendo ad esempio di sapere che un utente che richiede l&#8217;accesso ad una pagina riservata \u00e8 gi\u00e0 stato precedentemente autorizzato ad accedervi.<\/p>\n<p>L&#8217;uso di cookie tecnici permette dunque di rendere pi\u00f9 facile e di personalizzare la navigazione dell&#8217;utente sul Sito, rendendo pi\u00f9 piacevole ed agevole la partecipazione alle attivit\u00e0 del Sito.<br \/>\nIl sito di RUFA &#8211; Rome University of Fine Arts utilizza cookie di terze parti per rilevare informazioni sull&#8217;uso del sito. RUFA &#8211; Rome University of Fine Arts user\u00e0 queste informazioni per analisi statistiche anonime al fine di migliorare l&#8217;utilizzo del Sito e per rendere i contenuti pi\u00f9 interessanti e attinenti ai desideri dell&#8217;utenza. Questa tipologia di cookie raccoglie dati in forma anonima sul numero delle visite, il tipo di browser, sull&#8217;attivit\u00e0 dell&#8217;utenza e su come \u00e8 arrivata sul Sito.<\/p>\n<p>In particolare il sito di RUFA &#8211; Rome University of Fine Arts utilizza cookie Google Analytics, per maggiori informazioni riguardo tali cookie e come disattivarli visita la <a href=\"https:\/\/support.google.com\/analytics#topic=3544906\">pagina dedicata<\/a>.<\/p>\n<p>E&#8217; importante sottolineare che i cookie impiegati da RUFA &#8211; Rome University of Fine Arts non consentono l&#8217;acquisizione di dati personali dell&#8217;utente e non possono richiamare nessun altro dato dal disco fisso dell&#8217;utente, trasmettere virus informatici o impossessarsi dell&#8217;indirizzo di posta elettronica (e-mail) dell&#8217;utente.<br \/>\nI cookie usati sul Sito RUFA &#8211; Rome University of Fine Arts non verranno per nessun motivo associati a dati identificativi degli utenti e non saranno utilizzati per la trasmissione di informazioni di carattere personale o per l&#8217;invio di pubblicit\u00e0 personalizzata.<\/p>\n<p>I cookie non permettono a RUFA &#8211; Rome University of Fine Arts alcun tipo di controllo sul computer dell&#8217;utente.<\/p>\n<p>La sezione Aiuto (Help) presente sulla maggior parte dei browser, indica come evitare la ricezione da parte del browser di cookie ed altre tecnologie interattive, come ottenere dal browser comunicazione della ricezione di tali tecnologie ovvero come disabilitarle del tutto.<\/p>\n<p>La disabilitazione di cookie pu\u00f2 limitare le possibilit\u00e0 di utilizzo del Sito ed impedire all&#8217;utente di beneficiare in pieno delle funzionalit\u00e0 e dei servizi del Sito.<br \/>\nCome disabilitare i cookie mediante configurazione del browser.<\/p>\n<p><strong>NAVIGAZIONE ANONIMA<\/strong><br \/>\nUna navigazione senza l\u2019utilizzo di cookies tecnici e di profilazione \u00e8 possibile mediante quella che viene definita navigazione in incognito e che \u00e8 fattibile mediante l\u2019utilizzo di tutti i principali browser.<\/p>\n<ul>\n<li>Ulteriori informazioni sulla disabilitazione dei cookies su\u00a0<a href=\"https:\/\/support.mozilla.org\/it\/kb\/Attivare%20e%20disattivare%20i%20cookie\">Firefox<\/a>,\u00a0<a href=\"https:\/\/support.mozilla.org\/en-US\/kb\/Enabling%20and%20disabling%20cookies?redirect=no\">in inglese<\/a>.<\/li>\n<li>Ulteriori informazioni sulla disabilitazione dei cookies su\u00a0<a href=\"http:\/\/www.google.com\/policies\/technologies\/managing\/\">Chrome<\/a>,\u00a0<a href=\"https:\/\/support.google.com\/chrome\/answer\/95647?hl=en\">in inglese<\/a><\/li>\n<li>Ulteriori informazioni sulla disabilitazione dei cookies su\u00a0<a href=\"http:\/\/windows.microsoft.com\/it-it\/internet-explorer\/delete-manage-cookies#ie=ie-11\">Internet Explorer<\/a>,\u00a0<a href=\"http:\/\/windows.microsoft.com\/en-us\/windows-vista\/block-or-allow-cookies\">in inglese<\/a><\/li>\n<li>Ulteriori informazioni sulla disabilitazione dei cookies su\u00a0<a href=\"https:\/\/support.apple.com\/it-it\/HT201265\">Safari<\/a>\u00a0,\u00a0<a href=\"https:\/\/support.apple.com\/kb\/PH17191?&amp;locale=en_US\">in inglese<\/a><\/li>\n<li>Ulteriori informazioni sulla disabilitazione dei cookies su\u00a0<a href=\"http:\/\/help.opera.com\/Mac\/12.10\/it\/cookies.html\">Opera<\/a>,\u00a0<a href=\"http:\/\/help.opera.com\/Mac\/12.10\/en\/cookies.html\">in inglese<\/a><\/li>\n<\/ul>\n<p><\/p>","protected":false},"excerpt":{"rendered":"<p>Informativa sull&#8217;uso dei Cookies I cookie sono piccole quantit\u00e0 di dati (stringhe di testo) inviate da un sito web e memorizzate sul disco fisso del tuo computer. Il sito di RUFA &#8211; Rome University of Fine Arts utilizza esclusivamente cookie tecnici e non anche cookie di profilazione. L&#8217;utilizzo dei cookie tecnici serve a fornire informazioni&#8230;<\/p>\n","protected":false},"author":1,"featured_media":0,"parent":0,"menu_order":0,"comment_status":"closed","ping_status":"closed","template":"","meta":{"content-type":"","footnotes":""},"class_list":["post-5482","page","type-page","status-publish","hentry"],"yoast_head":"<!-- This site is optimized with the Yoast SEO plugin v24.2 - https:\/\/yoast.com\/wordpress\/plugins\/seo\/ -->\n<title>RUFA - Rome University of Fine Arts Accademia Legalmente Riconosciuta dal MIUR<\/title>\n<meta name=\"description\" content=\"L&#039;uso di cookie tecnici permette dunque di rendere pi\u00f9 facile e di personalizzare la navigazione dell&#039;utente sul Sito, rendendo pi\u00f9 piacevole ed agevole la partecipazione alle attivit\u00e0 del Sito.\" \/>\n<meta name=\"robots\" content=\"index, follow, max-snippet:-1, max-image-preview:large, max-video-preview:-1\" \/>\n<link rel=\"canonical\" href=\"https:\/\/www.unirufa.it\/en\/informativa-sulluso-dei-cookies\/\" \/>\n<meta property=\"og:locale\" content=\"en_US\" \/>\n<meta property=\"og:type\" content=\"article\" \/>\n<meta property=\"og:title\" content=\"RUFA - Rome University of Fine Arts Accademia Legalmente Riconosciuta dal MIUR\" \/>\n<meta property=\"og:description\" content=\"L&#039;uso di cookie tecnici permette dunque di rendere pi\u00f9 facile e di personalizzare la navigazione dell&#039;utente sul Sito, rendendo pi\u00f9 piacevole ed agevole la partecipazione alle attivit\u00e0 del Sito.\" \/>\n<meta property=\"og:url\" content=\"https:\/\/www.unirufa.it\/en\/informativa-sulluso-dei-cookies\/\" \/>\n<meta property=\"og:site_name\" content=\"RUFA - Rome University of Fine Arts\" \/>\n<meta property=\"article:modified_time\" content=\"2015-06-05T14:19:30+00:00\" \/>\n<meta property=\"og:image\" content=\"https:\/\/www.unirufa.it\/wp-content\/uploads\/2017\/11\/logo-rufa-2016.png\" \/>\n\t<meta property=\"og:image:width\" content=\"230\" \/>\n\t<meta property=\"og:image:height\" content=\"149\" \/>\n\t<meta property=\"og:image:type\" content=\"image\/png\" \/>\n<meta name=\"twitter:label1\" content=\"Est. reading time\" \/>\n\t<meta name=\"twitter:data1\" content=\"5 minutes\" \/>\n<script type=\"application\/ld+json\" class=\"yoast-schema-graph\">{\"@context\":\"https:\/\/schema.org\",\"@graph\":[{\"@type\":\"WebPage\",\"@id\":\"https:\/\/www.unirufa.it\/en\/informativa-sulluso-dei-cookies\/\",\"url\":\"https:\/\/www.unirufa.it\/en\/informativa-sulluso-dei-cookies\/\",\"name\":\"RUFA - Rome University of Fine Arts Accademia Legalmente Riconosciuta dal MIUR\",\"isPartOf\":{\"@id\":\"https:\/\/www.unirufa.it\/#website\"},\"datePublished\":\"2015-06-05T11:19:08+00:00\",\"dateModified\":\"2015-06-05T14:19:30+00:00\",\"description\":\"L'uso di cookie tecnici permette dunque di rendere pi\u00f9 facile e di personalizzare la navigazione dell'utente sul Sito, rendendo pi\u00f9 piacevole ed agevole la partecipazione alle attivit\u00e0 del Sito.\",\"breadcrumb\":{\"@id\":\"https:\/\/www.unirufa.it\/en\/informativa-sulluso-dei-cookies\/#breadcrumb\"},\"inLanguage\":\"en-US\",\"potentialAction\":[{\"@type\":\"ReadAction\",\"target\":[\"https:\/\/www.unirufa.it\/en\/informativa-sulluso-dei-cookies\/\"]}]},{\"@type\":\"BreadcrumbList\",\"@id\":\"https:\/\/www.unirufa.it\/en\/informativa-sulluso-dei-cookies\/#breadcrumb\",\"itemListElement\":[{\"@type\":\"ListItem\",\"position\":1,\"name\":\"Home\",\"item\":\"https:\/\/www.unirufa.it\/\"},{\"@type\":\"ListItem\",\"position\":2,\"name\":\"Informativa sull&#8217;uso dei Cookies\"}]},{\"@type\":\"WebSite\",\"@id\":\"https:\/\/www.unirufa.it\/#website\",\"url\":\"https:\/\/www.unirufa.it\/\",\"name\":\"RUFA - Rome University of Fine Arts\",\"description\":\"\",\"potentialAction\":[{\"@type\":\"SearchAction\",\"target\":{\"@type\":\"EntryPoint\",\"urlTemplate\":\"https:\/\/www.unirufa.it\/?s={search_term_string}\"},\"query-input\":{\"@type\":\"PropertyValueSpecification\",\"valueRequired\":true,\"valueName\":\"search_term_string\"}}],\"inLanguage\":\"en-US\"}]}<\/script>\n<!-- \/ Yoast SEO plugin. -->","yoast_head_json":{"title":"RUFA - Rome University of Fine Arts Accademia Legalmente Riconosciuta dal MIUR","description":"L'uso di cookie tecnici permette dunque di rendere pi\u00f9 facile e di personalizzare la navigazione dell'utente sul Sito, rendendo pi\u00f9 piacevole ed agevole la partecipazione alle attivit\u00e0 del Sito.","robots":{"index":"index","follow":"follow","max-snippet":"max-snippet:-1","max-image-preview":"max-image-preview:large","max-video-preview":"max-video-preview:-1"},"canonical":"https:\/\/www.unirufa.it\/en\/informativa-sulluso-dei-cookies\/","og_locale":"en_US","og_type":"article","og_title":"RUFA - Rome University of Fine Arts Accademia Legalmente Riconosciuta dal MIUR","og_description":"L'uso di cookie tecnici permette dunque di rendere pi\u00f9 facile e di personalizzare la navigazione dell'utente sul Sito, rendendo pi\u00f9 piacevole ed agevole la partecipazione alle attivit\u00e0 del Sito.","og_url":"https:\/\/www.unirufa.it\/en\/informativa-sulluso-dei-cookies\/","og_site_name":"RUFA - Rome University of Fine Arts","article_modified_time":"2015-06-05T14:19:30+00:00","og_image":[{"width":230,"height":149,"url":"https:\/\/www.unirufa.it\/wp-content\/uploads\/2017\/11\/logo-rufa-2016.png","type":"image\/png"}],"twitter_misc":{"Est. reading time":"5 minutes"},"schema":{"@context":"https:\/\/schema.org","@graph":[{"@type":"WebPage","@id":"https:\/\/www.unirufa.it\/en\/informativa-sulluso-dei-cookies\/","url":"https:\/\/www.unirufa.it\/en\/informativa-sulluso-dei-cookies\/","name":"RUFA - Rome University of Fine Arts Accademia Legalmente Riconosciuta dal MIUR","isPartOf":{"@id":"https:\/\/www.unirufa.it\/#website"},"datePublished":"2015-06-05T11:19:08+00:00","dateModified":"2015-06-05T14:19:30+00:00","description":"L'uso di cookie tecnici permette dunque di rendere pi\u00f9 facile e di personalizzare la navigazione dell'utente sul Sito, rendendo pi\u00f9 piacevole ed agevole la partecipazione alle attivit\u00e0 del Sito.","breadcrumb":{"@id":"https:\/\/www.unirufa.it\/en\/informativa-sulluso-dei-cookies\/#breadcrumb"},"inLanguage":"en-US","potentialAction":[{"@type":"ReadAction","target":["https:\/\/www.unirufa.it\/en\/informativa-sulluso-dei-cookies\/"]}]},{"@type":"BreadcrumbList","@id":"https:\/\/www.unirufa.it\/en\/informativa-sulluso-dei-cookies\/#breadcrumb","itemListElement":[{"@type":"ListItem","position":1,"name":"Home","item":"https:\/\/www.unirufa.it\/"},{"@type":"ListItem","position":2,"name":"Informativa sull&#8217;uso dei Cookies"}]},{"@type":"WebSite","@id":"https:\/\/www.unirufa.it\/#website","url":"https:\/\/www.unirufa.it\/","name":"RUFA - Rome University of Fine Arts","description":"","potentialAction":[{"@type":"SearchAction","target":{"@type":"EntryPoint","urlTemplate":"https:\/\/www.unirufa.it\/?s={search_term_string}"},"query-input":{"@type":"PropertyValueSpecification","valueRequired":true,"valueName":"search_term_string"}}],"inLanguage":"en-US"}]}},"_links":{"self":[{"href":"https:\/\/www.unirufa.it\/en\/wp-json\/wp\/v2\/pages\/5482","targetHints":{"allow":["GET"]}}],"collection":[{"href":"https:\/\/www.unirufa.it\/en\/wp-json\/wp\/v2\/pages"}],"about":[{"href":"https:\/\/www.unirufa.it\/en\/wp-json\/wp\/v2\/types\/page"}],"author":[{"embeddable":true,"href":"https:\/\/www.unirufa.it\/en\/wp-json\/wp\/v2\/users\/1"}],"replies":[{"embeddable":true,"href":"https:\/\/www.unirufa.it\/en\/wp-json\/wp\/v2\/comments?post=5482"}],"version-history":[{"count":6,"href":"https:\/\/www.unirufa.it\/en\/wp-json\/wp\/v2\/pages\/5482\/revisions"}],"predecessor-version":[{"id":5489,"href":"https:\/\/www.unirufa.it\/en\/wp-json\/wp\/v2\/pages\/5482\/revisions\/5489"}],"wp:attachment":[{"href":"https:\/\/www.unirufa.it\/en\/wp-json\/wp\/v2\/media?parent=5482"}],"curies":[{"name":"wp","href":"https:\/\/api.w.org\/{rel}","templated":true}]}}