


{"id":61980,"date":"2022-02-11T17:25:30","date_gmt":"2022-02-11T16:25:30","guid":{"rendered":"https:\/\/www.unirufa.it\/?page_id=61980"},"modified":"2022-02-11T17:25:30","modified_gmt":"2022-02-11T16:25:30","slug":"privacy-policy-symplicity-organizzazioni","status":"publish","type":"page","link":"https:\/\/www.unirufa.it\/en\/privacy-policy-symplicity-organizzazioni\/","title":{"rendered":"Privacy Policy Symplicity &#8211; Organizzazioni"},"content":{"rendered":"<p class=\"qtranxs-available-languages-message qtranxs-available-languages-message-en\">Sorry, this entry is only available in <a href=\"https:\/\/www.unirufa.it\/it\/wp-json\/wp\/v2\/pages\/61980\" class=\"qtranxs-available-language-link qtranxs-available-language-link-it\" title=\"IT\">IT<\/a>.<\/p><div class=\"row inline-row\">\n<h3>PERCH\u00c9 QUESTA INFORMATIVA?<\/h3>\n<p>Con il presente documento, vengono fornite le informazioni relative al trattamento dei dati personali effettuato tramite la piattaforma di career system e job matching &#8220;Symplicity CSM&#8221; (di seguito, la <strong>&#8220;Piattaforma&#8221;<\/strong>), cos\u00ec come previsto dalla normativa vigente (art 13 e 14 del Regolamento UE 2016\/679, di seguito anche <strong>&#8220;GDPR&#8221;<\/strong>) e della normativa italiana applicabile tra cui il D.Lgs. 196\/2003 e ss.mm.ii. (di seguito anche <strong>&#8220;Codice Privacy&#8221;<\/strong>) e i provvedimenti adottati dal Garante per la Protezione dei Dati Personali.<\/p>\n<p>Le informazioni che trovi in questa pagina non si applicano a siti, <em>app<\/em> e contenuti di terzi di qualsiasi genere, neppure se accessibili da o tramite la Piattaforma cliccando su <em>link<\/em> in esso presenti. In questi casi potranno essere applicabili le disposizioni sulla protezione dei dati di tali terzi, che possono essere diverse da queste e che ti consigliamo di consultare prima della comunicazione di qualsiasi dato.<\/p>\n<h3>CHI TRATTA I DATI PERSONALI?<\/h3>\n<p>I dati personali saranno trattati da <strong>Rome University of Fine Arts S.r.l.<\/strong>, che ha sede legale a Roma (RM), 00199, in via Benaco, 2, C.F. e P.IVA 09227921005 (e che d\u2019ora in poi chiameremo <strong>&#8220;RUFA&#8221;<\/strong> o <strong>&#8220;Titolare&#8221;<\/strong>). <\/p>\n<p>RUFA \u00e8 un\u2019accademia di belle arti che offre, tra gli altri servizi, anche un servizio di job matching che consente di mettere in contatto e di favorire opportunit\u00e0 lavorative tra gli studenti e alumni RUFA e le organizzazioni registrate alla Piattaforma (di seguito, le <strong>&#8220;Organizzazioni&#8221;<\/strong>).<\/p>\n<p>In caso di dubbi su come RUFA tratta i dati, \u00e8 sempre possibile contattarla:<br \/>\n\u2022 all\u2019indirizzo e-mail <a href=\"mailto:privacy@unirufa.it\" rel=\"noopener\" target=\"_blank\"><strong>privacy@unirufa.it<\/strong><\/a>;<br \/>\n\u2022 all\u2019indirizzo via Benaco, 2 &#8211; 00199 Roma.<\/p>\n<p><font size=\"5\"><strong>QUALI DATI PERSONALI SONO TRATTATI?<\/strong><\/font><br \/>\nRUFA raccoglie tramite la Piattaforma alcune informazioni relative all\u2019Organizzazione e alcuni dati personali relativi a suoi dipendenti e\/o rappresentanti che operano sulla Piattaforma per conto dell\u2019Organizzazione medesima (di seguito, i <strong>&#8220;Dati&#8221;<\/strong>).<\/p>\n<p>I Dati saranno visibili e trattati da RUFA per la gestione della Piattaforma e dell\u2019area riservata all\u2019Organizzazione al fine di favorire la visibilit\u00e0 delle opportunit\u00e0 professionali e di career dell\u2019Organizzazione con gli studenti e alumni RUFA e la creazione di un collegamento diretto con potenziali candidati. <\/p>\n<p>Le informazioni relative all\u2019Organizzazione saranno pubbliche e visibili a tutti gli utenti della Piattaforma e alle altre Organizzazioni registrate alla stessa (<em>i.a.<\/em> ragione sociale, sede legale, descrizione dell\u2019attivit\u00e0, <em>industry<\/em>, numero di dipendenti, sito web e logo), mentre alcune categorie di Dati saranno visibili solo nel caso in cui si crea un match tra il profilo di un utente e una determinata posizione lavorativa dell\u2019Organizzazione o nel caso in cui l\u2019Utente invii spontaneamente una candidatura all\u2019Organizzazione. <\/p>\n<p>Vediamo nel dettaglio quali sono queste categorie di dati e le relative finalit\u00e0.<\/p>\n\n    <div class=\"panel-group\" id=\"accordion\" role=\"tablist\" aria-multiselectable=\"true\">\n        \n\n<article class=\"panel panel-default\" role=\"article\" itemscope itemtype=\"http:\/\/schema.org\/BlogPosting\">\n    <div class=\"panel-heading\" role=\"tab\" id=\"heading239\">\n\t    <h4 class=\"panel-title\">\n\t        <a class=\"collapsed\" role=\"button\" data-toggle=\"collapse\" data-parent=\"#accordion\" href=\"#collapse239\" aria-expanded=\"false\" aria-controls=\"collapse239\" itemprop=\"headline\">Dati visibili in caso di candidatura dell\u2019utente e di match tra il profilo dell\u2019utente e una posizione lavorativa dell\u2019Organizzazione\t        \t<span class=\"courses\">\n                 \n\t        \t<\/span>\n\t        <\/a>\n\t    <\/h4>\n\t<\/div>\n<\/article>\n\n\n    <div id=\"collapse239\" class=\"panel-collapse collapse \" role=\"tabpanel\" aria-labelledby=\"heading239\">\n        <div class=\"panel-body\" itemprop=\"articleBody\">\n            <div class=\"item-description\">\n                \n\n<table id=\"tablepress-287\" class=\"tablepress tablepress-id-287 tablepress-responsive\">\n<tbody class=\"row-striping row-hover\">\n<tr class=\"row-1\">\n\t<td class=\"column-1\"><strong>DATI LEGALE RAPPRESENTANTE DELL\u2019ORGANIZZAZIONE<br \/>\nDati anagrafici<\/strong><br \/>\n- Nome<br \/>\n- Cognome<\/td>\n<\/tr>\n<tr class=\"row-2\">\n\t<td class=\"column-1\"><strong>DATI PERSONA DI CONTATTO DELL\u2019ORGANIZZAZIONE<br \/>\nDati anagrafici<\/strong><br \/>\n- Nome<br \/>\n- Cognome<br \/>\n- Titolo<br \/>\n- Ruolo nell\u2019Organizzazione \/ dipartimento<br \/>\n<br \/>\n<strong>Dati di contatto<\/strong><br \/>\n- Indirizzo e-mail<br \/>\n- Numero di telefono<br \/>\n- Numero di cellulare<\/td>\n<\/tr>\n<\/tbody>\n<\/table>\n<!-- #tablepress-287 from cache -->\n            <\/div>\n        <\/div>\n    <\/div>\n    \n    <\/div>\n    \n<p>Le Organizzazioni sono invitate a non comunicare dati personali di terzi, a meno che non sia necessario: in questo caso, ricordiamo che \u00e8 compito dell\u2019Organizzazione assolvere gli adempimenti di legge in materia di tutela dei dati personali e, in particolare, informare i terzi della comunicazione e raccoglierne, se del caso, il consenso.<\/p>\n<p><strong>Cookies<\/strong><br \/>\nSulla Piattaforma sono utilizzate delle tecniche informatiche per l\u2019acquisizione diretta di dati personali identificativi dell\u2019utente consistenti in &#8220;stringhe di codice&#8221;: i <em>&#8220;cookies&#8221;<\/em>. <\/p>\n<p>Per tutte le informazioni sui cookies attivi sul Sito e sui correlati trattamenti di dati personali, si rinvia alla <a href=\"https:\/\/www.symplicity.com\/cookie-statement\" rel=\"noopener\" target=\"_blank\"><strong>cookie policy<\/strong><\/a> della societ\u00e0 fornitrice dell\u2019infrastruttura IT della Piattaforma, Symplicity Corporation. <\/p>\n<h3>QUALI SONO LE FINALIT\u00c0 E LE BASI GIURIDICHE DEL TRATTAMENTO?<\/h3>\n<p><strong>Gestione della presenza dell\u2019Organizzazione sulla Piattaforma e contatto con possibili candidati<\/strong><br \/>\nI Dati sono raccolti e trattati da RUFA, in qualit\u00e0 di Titolare del trattamento, per poter creare l\u2019area riservata all\u2019Organizzazione sulla Piattaforma al fine di consentirne la visibilit\u00e0 e favorire l\u2019incontro tra domanda e offerta di lavoro consentendo il contatto diretto con gli utenti (studenti e alumni RUFA) registrati alla Piattaforma per la valutazione delle candidature. <\/p>\n<p>Si specifica che l\u2019indirizzo e-mail comunicato con i Dati sar\u00e0 anche utilizzato per l\u2019invio all\u2019Organizzazione (tramite la persona di contatto indicata) di comunicazioni di servizio relative al funzionamento della Piattaforma, alle sue funzionalit\u00e0 operative, aggiornamenti e\/o back-up, debug e notifiche relative.<\/p>\n<p><strong>E qual \u00e8 la base giuridica di tali trattamenti?<\/strong><br \/>\nIl trattamento sopra descritto trova la propria <em>base giuridica<\/em> nella necessit\u00e0 di dare <em>esecuzione ad un contratto<\/em> di cui l\u2019Organizzazione (e per essa l\u2019interessato) \u00e8 parte (i.e. i Termini di Utilizzo della Piattaforma).<\/p>\n<p>Nel caso si rendesse necessario, i Dati potranno anche essere utilizzati, a fronte dell&#8217;interesse legittimo del Titolare (RUFA), al fine di svolgere attivit\u00e0 difensive o fare valere o difendere un diritto del Titolare in sede giudiziaria.<\/p>\n<h3>COSA SUCCEDE SE NON VENGONO CONFERITI I DATI?<\/h3>\n<p>Il conferimento dei Dati \u00e8 obbligatorio per consentire all\u2019Organizzazione di registrarsi sulla Piattaforma.<\/p>\n<h3>CHI PU\u00d2 CONOSCERE I DATI? A CHI SONO COMUNICATI I DATI?<\/h3>\n<p>I Dati saranno trattati e potranno essere conosciuti da dipendenti e collaboratori di RUFA, appositamente designati al trattamento.<\/p>\n<p>I Dati potranno essere comunicati a soggetti terzi laddove necessario per lo svolgimento di operazioni connesse alla gestione della Piattaforma e ad altre attivit\u00e0 di RUFA. In tal caso, i terzi destinatari dei Dati \u2013 qualificati, a seconda delle circostanze, quali titolari autonomi del trattamento o debitamente designati quali responsabili del trattamento \u2013 appartengono alle seguenti categorie:<br \/>\n<strong>A.<\/strong> in forma anonima e aggregata, ad altre societ\u00e0 del gruppo K-Now di cui RUFA fa parte, per finalit\u00e0 di gestione interna e di analisi dei risultati della Piattaforma per il monitoraggio e il miglioramento dei servizi correlati;<br \/>\n<strong>B.<\/strong> societ\u00e0 fornitrici dell\u2019infrastruttura IT della Piattaforma e che si occupano della gestione e manutenzione della stessa (per sapere come Symplicity tratta i dati personali, si prega di prendere visione della <a href=\"https:\/\/www.symplicity.com\/support\/privacy-policy\" rel=\"noopener\" target=\"_blank\"><strong>privacy policy<\/strong><\/a>);<br \/>\n<strong>C.<\/strong> societ\u00e0 che prestano servizi accessori o strumentali alle attivit\u00e0 di RUFA, in relazione allo sviluppo e alla gestione della Piattaforma.<\/p>\n<p>I Dati potranno inoltre essere conosciuti dalle Autorit\u00e0 competenti in caso di specifiche richieste cui il Titolare \u00e8 tenuto, per legge, a dare seguito, nonch\u00e9 dai consulenti o dalle societ\u00e0 che prestano servizi di natura tecnica ed organizzativa o di assistenza professionale\/consulenza per la gestione del contenzioso e per l&#8217;assistenza legale nel caso di eventuali controversie per cui si rendesse necessario il loro coinvolgimento.<\/p>\n<p>Gli interessati possono sempre richiedere a RUFA la lista dei soggetti esterni che svolgono la loro attivit\u00e0 quali responsabili del trattamento utilizzando i recapiti indicati in questa informativa.<\/p>\n<h3>COME E DOVE SONO TRATTATI I DATI?<\/h3>\n<p>I Dati saranno trattati sia in forma cartacea sia con strumenti elettronici, informatici o automatizzati, tramite sistemi che ne assicurano la protezione, la sicurezza e la riservatezza.<br \/>\nRUFA, inoltre, ha adottato specifiche e adeguate misure di sicurezza logiche, giuridiche organizzative e tecniche per prevenire la perdita dei Dati, usi illeciti o non consentiti degli stessi e accessi non autorizzati. <\/p>\n<p>I trattamenti avvengono presso server ubicati all&#8217;interno del territorio europeo e sistemi informatici collocati presso i locali e la sede di RUFA.<\/p>\n<p>Eventuali ulteriori trattamenti che comportino il trasferimento dei Dati all\u2019estero avverr\u00e0, se verso Paesi che non beneficiano di una decisione di adeguatezza della Commissione Europea e che, quindi, non offrono un livello di protezione adeguato ai dati personali, soltanto <strong>(i)<\/strong> previa adozione di opportune garanzie quali, a titolo esemplificativo, la sottoscrizione delle clausole tipo approvate dalla Commissione Europea, o <strong>(ii)<\/strong> al ricorrere di una deroga al divieto di trasferimenti al di fuori dell\u2019Unione Europea e, quindi, sempre a titolo esemplificativo, previa raccolta del consenso esplicito ed informato dell\u2019Utente, o ancora soltanto nella misura in cui sia necessario all\u2019esecuzione di un contratto concluso tra l\u2019Utente e il Titolare, o tra il Titolare e un terzo a beneficio dell\u2019Utente, ovvero all&#8217;esecuzione di misure precontrattuali adottate su istanza dell\u2019Utente.<\/p>\n<h3>PER QUANTO TEMPO SONO CONSERVATI I DATI?<\/h3>\n<p>I Dati sono conservati per tutta la durata del rapporto contrattuale tra RUFA e l\u2019Organizzazione e per tutto il tempo necessario ad adempiere agli obblighi regolamentari e\/o di legge, nonch\u00e9 ad assicurare la tutela giudiziaria dei diritti di RUFA, nel rispetto dei termini di prescrizione ordinari.<\/p>\n<h3>QUALI SONO I TUOI DIRITTI?<\/h3>\n<p>Gli interessati (ossia, soggetti a cui si riferiscono i Dati), sono titolari di diritti conferiti dal GDPR. In particolare, ai sensi degli artt. 15-23 del GDPR, gli interessati hanno il diritto di:<br \/>\n\u2022 chiedere e ottenere, in qualunque momento, l\u2019accesso ai propri dati personali, informazioni sul trattamento effettuato;<br \/>\n\u2022 chiedere e ottenere, in qualunque momento, la rettifica e\/o l\u2019aggiornamento dei dati personali, la cancellazione e la limitazione del trattamento;<br \/>\n\u2022 opporsi al trattamento e di chiedere la portabilit\u00e0 dei dati (cio\u00e8 ricevere i dati personali in un formato strutturato di uso comune, leggibile da dispositivi automatici);<br \/>\n\u2022 revocare il proprio consenso in qualsiasi momento (ci\u00f2, in ogni caso, non pregiudicher\u00e0 la liceit\u00e0 dei trattamenti effettuati sulla base del consenso reso prima della revoca);<br \/>\n\u2022 proporre reclamo a un\u2019autorit\u00e0 di controllo (in Italia: il Garante per la Protezione dei Dati Personali).<\/p>\n<p>I diritti di cui sopra potranno essere esercitati in ogni momento, mediante semplice richiesta al Titolare, da trasmettere:<br \/>\n\u2022 all\u2019indirizzo e-mail <a href=\"mailto:privacy@unirufa.it\" rel=\"noopener\" target=\"_blank\"><strong>privacy@unirufa.it<\/strong><\/a>;<br \/>\n\u2022 all\u2019indirizzo via Benaco, 2 &#8211; 00199 Roma. <\/p>\n<\/div>\n<h6>Ultimo aggiornamento in data 10 Febbraio 2022<\/h6>\n<p>&nbsp;<br \/>","protected":false},"excerpt":{"rendered":"<p>Sorry, this entry is only available in IT. PERCH\u00c9 QUESTA INFORMATIVA? Con il presente documento, vengono fornite le informazioni relative al trattamento dei dati personali effettuato tramite la piattaforma di career system e job matching &#8220;Symplicity CSM&#8221; (di seguito, la &#8220;Piattaforma&#8221;), cos\u00ec come previsto dalla normativa vigente (art 13 e 14 del Regolamento UE 2016\/679,&#8230;<\/p>\n","protected":false},"author":28,"featured_media":0,"parent":0,"menu_order":0,"comment_status":"closed","ping_status":"closed","template":"","meta":{"content-type":"","footnotes":""},"class_list":["post-61980","page","type-page","status-publish","hentry"],"yoast_head":"<!-- This site is optimized with the Yoast SEO plugin v24.2 - https:\/\/yoast.com\/wordpress\/plugins\/seo\/ -->\n<title>Privacy Policy Symplicity - Organizzazioni - RUFA - Rome University of Fine Arts<\/title>\n<meta name=\"robots\" content=\"index, follow, max-snippet:-1, max-image-preview:large, max-video-preview:-1\" \/>\n<link rel=\"canonical\" href=\"https:\/\/www.unirufa.it\/privacy-policy-symplicity-organizzazioni\/\" \/>\n<meta property=\"og:locale\" content=\"en_US\" \/>\n<meta property=\"og:type\" content=\"article\" \/>\n<meta property=\"og:title\" content=\"Privacy Policy Symplicity - Organizzazioni - RUFA - Rome University of Fine Arts\" \/>\n<meta property=\"og:description\" content=\"Sorry, this entry is only available in IT. PERCH\u00c9 QUESTA INFORMATIVA? Con il presente documento, vengono fornite le informazioni relative al trattamento dei dati personali effettuato tramite la piattaforma di career system e job matching &#8220;Symplicity CSM&#8221; (di seguito, la &#8220;Piattaforma&#8221;), cos\u00ec come previsto dalla normativa vigente (art 13 e 14 del Regolamento UE 2016\/679,...\" \/>\n<meta property=\"og:url\" content=\"https:\/\/www.unirufa.it\/privacy-policy-symplicity-organizzazioni\/\" \/>\n<meta property=\"og:site_name\" content=\"RUFA - Rome University of Fine Arts\" \/>\n<meta property=\"og:image\" content=\"https:\/\/www.unirufa.it\/wp-content\/uploads\/2017\/11\/logo-rufa-2016.png\" \/>\n\t<meta property=\"og:image:width\" content=\"230\" \/>\n\t<meta property=\"og:image:height\" content=\"149\" \/>\n\t<meta property=\"og:image:type\" content=\"image\/png\" \/>\n<meta name=\"twitter:label1\" content=\"Est. reading time\" \/>\n\t<meta name=\"twitter:data1\" content=\"8 minutes\" \/>\n<script type=\"application\/ld+json\" class=\"yoast-schema-graph\">{\"@context\":\"https:\/\/schema.org\",\"@graph\":[{\"@type\":\"WebPage\",\"@id\":\"https:\/\/www.unirufa.it\/privacy-policy-symplicity-organizzazioni\/\",\"url\":\"https:\/\/www.unirufa.it\/privacy-policy-symplicity-organizzazioni\/\",\"name\":\"Privacy Policy Symplicity - Organizzazioni - RUFA - Rome University of Fine Arts\",\"isPartOf\":{\"@id\":\"https:\/\/www.unirufa.it\/#website\"},\"datePublished\":\"2022-02-11T16:25:30+00:00\",\"dateModified\":\"2022-02-11T16:25:30+00:00\",\"breadcrumb\":{\"@id\":\"https:\/\/www.unirufa.it\/privacy-policy-symplicity-organizzazioni\/#breadcrumb\"},\"inLanguage\":\"en-US\",\"potentialAction\":[{\"@type\":\"ReadAction\",\"target\":[\"https:\/\/www.unirufa.it\/privacy-policy-symplicity-organizzazioni\/\"]}]},{\"@type\":\"BreadcrumbList\",\"@id\":\"https:\/\/www.unirufa.it\/privacy-policy-symplicity-organizzazioni\/#breadcrumb\",\"itemListElement\":[{\"@type\":\"ListItem\",\"position\":1,\"name\":\"Home\",\"item\":\"https:\/\/www.unirufa.it\/\"},{\"@type\":\"ListItem\",\"position\":2,\"name\":\"Privacy Policy Symplicity &#8211; Organizzazioni\"}]},{\"@type\":\"WebSite\",\"@id\":\"https:\/\/www.unirufa.it\/#website\",\"url\":\"https:\/\/www.unirufa.it\/\",\"name\":\"RUFA - Rome University of Fine Arts\",\"description\":\"\",\"potentialAction\":[{\"@type\":\"SearchAction\",\"target\":{\"@type\":\"EntryPoint\",\"urlTemplate\":\"https:\/\/www.unirufa.it\/?s={search_term_string}\"},\"query-input\":{\"@type\":\"PropertyValueSpecification\",\"valueRequired\":true,\"valueName\":\"search_term_string\"}}],\"inLanguage\":\"en-US\"}]}<\/script>\n<!-- \/ Yoast SEO plugin. -->","yoast_head_json":{"title":"Privacy Policy Symplicity - Organizzazioni - RUFA - Rome University of Fine Arts","robots":{"index":"index","follow":"follow","max-snippet":"max-snippet:-1","max-image-preview":"max-image-preview:large","max-video-preview":"max-video-preview:-1"},"canonical":"https:\/\/www.unirufa.it\/privacy-policy-symplicity-organizzazioni\/","og_locale":"en_US","og_type":"article","og_title":"Privacy Policy Symplicity - Organizzazioni - RUFA - Rome University of Fine Arts","og_description":"Sorry, this entry is only available in IT. PERCH\u00c9 QUESTA INFORMATIVA? Con il presente documento, vengono fornite le informazioni relative al trattamento dei dati personali effettuato tramite la piattaforma di career system e job matching &#8220;Symplicity CSM&#8221; (di seguito, la &#8220;Piattaforma&#8221;), cos\u00ec come previsto dalla normativa vigente (art 13 e 14 del Regolamento UE 2016\/679,...","og_url":"https:\/\/www.unirufa.it\/privacy-policy-symplicity-organizzazioni\/","og_site_name":"RUFA - Rome University of Fine Arts","og_image":[{"width":230,"height":149,"url":"https:\/\/www.unirufa.it\/wp-content\/uploads\/2017\/11\/logo-rufa-2016.png","type":"image\/png"}],"twitter_misc":{"Est. reading time":"8 minutes"},"schema":{"@context":"https:\/\/schema.org","@graph":[{"@type":"WebPage","@id":"https:\/\/www.unirufa.it\/privacy-policy-symplicity-organizzazioni\/","url":"https:\/\/www.unirufa.it\/privacy-policy-symplicity-organizzazioni\/","name":"Privacy Policy Symplicity - Organizzazioni - RUFA - Rome University of Fine Arts","isPartOf":{"@id":"https:\/\/www.unirufa.it\/#website"},"datePublished":"2022-02-11T16:25:30+00:00","dateModified":"2022-02-11T16:25:30+00:00","breadcrumb":{"@id":"https:\/\/www.unirufa.it\/privacy-policy-symplicity-organizzazioni\/#breadcrumb"},"inLanguage":"en-US","potentialAction":[{"@type":"ReadAction","target":["https:\/\/www.unirufa.it\/privacy-policy-symplicity-organizzazioni\/"]}]},{"@type":"BreadcrumbList","@id":"https:\/\/www.unirufa.it\/privacy-policy-symplicity-organizzazioni\/#breadcrumb","itemListElement":[{"@type":"ListItem","position":1,"name":"Home","item":"https:\/\/www.unirufa.it\/"},{"@type":"ListItem","position":2,"name":"Privacy Policy Symplicity &#8211; Organizzazioni"}]},{"@type":"WebSite","@id":"https:\/\/www.unirufa.it\/#website","url":"https:\/\/www.unirufa.it\/","name":"RUFA - Rome University of Fine Arts","description":"","potentialAction":[{"@type":"SearchAction","target":{"@type":"EntryPoint","urlTemplate":"https:\/\/www.unirufa.it\/?s={search_term_string}"},"query-input":{"@type":"PropertyValueSpecification","valueRequired":true,"valueName":"search_term_string"}}],"inLanguage":"en-US"}]}},"_links":{"self":[{"href":"https:\/\/www.unirufa.it\/en\/wp-json\/wp\/v2\/pages\/61980","targetHints":{"allow":["GET"]}}],"collection":[{"href":"https:\/\/www.unirufa.it\/en\/wp-json\/wp\/v2\/pages"}],"about":[{"href":"https:\/\/www.unirufa.it\/en\/wp-json\/wp\/v2\/types\/page"}],"author":[{"embeddable":true,"href":"https:\/\/www.unirufa.it\/en\/wp-json\/wp\/v2\/users\/28"}],"replies":[{"embeddable":true,"href":"https:\/\/www.unirufa.it\/en\/wp-json\/wp\/v2\/comments?post=61980"}],"version-history":[{"count":27,"href":"https:\/\/www.unirufa.it\/en\/wp-json\/wp\/v2\/pages\/61980\/revisions"}],"predecessor-version":[{"id":62631,"href":"https:\/\/www.unirufa.it\/en\/wp-json\/wp\/v2\/pages\/61980\/revisions\/62631"}],"wp:attachment":[{"href":"https:\/\/www.unirufa.it\/en\/wp-json\/wp\/v2\/media?parent=61980"}],"curies":[{"name":"wp","href":"https:\/\/api.w.org\/{rel}","templated":true}]}}