


{"id":1024,"date":"2013-06-07T11:07:42","date_gmt":"2013-06-07T11:07:42","guid":{"rendered":"http:\/\/www.unirufa.it\/?page_id=1024"},"modified":"2021-02-03T16:08:40","modified_gmt":"2021-02-03T15:08:40","slug":"saluto-del-presidente","status":"publish","type":"page","link":"https:\/\/www.unirufa.it\/es\/accademia-2\/saluto-del-presidente\/","title":{"rendered":"Saludo del Presidente"},"content":{"rendered":"<h3>Sigamos juntos un camino hacia el coraz\u00f3n de la cultura.<\/h3>\n<p>RUFA acaba de cumplir su vig\u00e9simo a\u00f1o de vida, y en mi calidad de fundador, confirmo con orgullo el impulso intelectual y emocional que me ha permitido proyectarla y crearla con gran esfuerzo, dedicaci\u00f3n, pero sobre todo con una buena dosis de sana locura. Todo naci\u00f3 de la conciencia de que hoy m\u00e1s que nunca, el artista tiene la responsabilidad de promover la cultura, contribuyendo a su desarrollo e investigaci\u00f3n sin perder en ning\u00fan momento de vista las diferencias generacionales, lamentablemente bombardeadas diariamente por \u00abfalsos \u00eddolos e im\u00e1genes\u00bb.<\/p>\n<p>Crear la RUFA ha significado \u00abconstruir\u00bb un lugar especial donde los j\u00f3venes italianos y extranjeros puedan formarse &#8211; gracias a la dedicaci\u00f3n de profesores con gran experiencia en el campo del Arte, el Dise\u00f1o y la Comunicaci\u00f3n &#8211; encontrando su propia sensibilidad y rumbo al final del ciclo de formaci\u00f3n. Por esta raz\u00f3n, la ense\u00f1anza y las actividades culturales de la RUFA se basan en la transmisi\u00f3n de ciertos valores como el compromiso, la tenacidad y el estudio, que considero de primordial importancia en la vida y la formaci\u00f3n de una persona. A lo largo de los a\u00f1os he sentido la necesidad de hacer de la RUFA un punto de encuentro, un espacio en el que puedan converger la tradici\u00f3n y la contemporaneidad, la memoria hist\u00f3rica y el presente, para que los j\u00f3venes puedan emprender un fruct\u00edfero viaje en el mundo del Arte y la Cultura.<\/p>\n<p>En RUFA he invertido experiencia, conocimiento, entusiasmo y pasi\u00f3n, procurando ofrecer cursos educativos de calidad, para dar una valiosa contribuci\u00f3n a la difusi\u00f3n de las Artes y un apoyo concreto a j\u00f3venes talentos, a proyectos nacionales e internacionales. RUFA es un gran desaf\u00edo y un proyecto de vida. Una gran ambici\u00f3n personal, pero al mismo tiempo \u00abuna forma posible\u00bb de cumplir los deseos de los j\u00f3venes estudiantes. \u2028La RUFA es un camino que recorremos juntos hacia el coraz\u00f3n de la cultura.<\/p>\n<p>Profesor. Alfio Mongeli<br \/>\nPresidente RUFA, Rome University of Fine Arts.<\/p>\n<p><em>Alfio Mongelli y su obra H2O &#8211; Parque Ol\u00edmpico de Beijing, 2010 &#8211; Foto de Alessandro Carpentieri.<\/em><!--more-->","protected":false},"excerpt":{"rendered":"<p>Disculpa, pero esta entrada est\u00e1 disponible s\u00f3lo en IT.Puntiamo insieme una freccia al cuore della cultura. RUFA ha appena compiuto il suo ventesimo anno di vita e, nella mia qualit\u00e0 di fondatore, confermo con orgoglio la spinta intellettuale ed emozionale, che mi ha consentito di idearla e realizzarla con grande sforzo, dedizione, ma soprattutto con&#8230;<\/p>\n","protected":false},"author":1,"featured_media":9400,"parent":1023,"menu_order":0,"comment_status":"closed","ping_status":"closed","template":"","meta":{"content-type":"","footnotes":""},"class_list":["post-1024","page","type-page","status-publish","has-post-thumbnail","hentry"],"yoast_head":"<!-- This site is optimized with the Yoast SEO plugin v24.2 - https:\/\/yoast.com\/wordpress\/plugins\/seo\/ -->\n<title>Saludo del Presidente - RUFA - Rome University of Fine Arts<\/title>\n<meta name=\"robots\" content=\"index, follow, max-snippet:-1, max-image-preview:large, max-video-preview:-1\" \/>\n<link rel=\"canonical\" href=\"https:\/\/www.unirufa.it\/accademia-2\/saluto-del-presidente\/\" \/>\n<meta property=\"og:locale\" content=\"es_ES\" \/>\n<meta property=\"og:type\" content=\"article\" \/>\n<meta property=\"og:title\" content=\"Saludo del Presidente - RUFA - Rome University of Fine Arts\" \/>\n<meta property=\"og:description\" content=\"Disculpa, pero esta entrada est\u00e1 disponible s\u00f3lo en IT.Puntiamo insieme una freccia al cuore della cultura. RUFA ha appena compiuto il suo ventesimo anno di vita e, nella mia qualit\u00e0 di fondatore, confermo con orgoglio la spinta intellettuale ed emozionale, che mi ha consentito di idearla e realizzarla con grande sforzo, dedizione, ma soprattutto con...\" \/>\n<meta property=\"og:url\" content=\"https:\/\/www.unirufa.it\/accademia-2\/saluto-del-presidente\/\" \/>\n<meta property=\"og:site_name\" content=\"RUFA - Rome University of Fine Arts\" \/>\n<meta property=\"article:modified_time\" content=\"2021-02-03T15:08:40+00:00\" \/>\n<meta property=\"og:image\" content=\"https:\/\/www.unirufa.it\/wp-content\/uploads\/2013\/06\/alfio-mongelli.jpg\" \/>\n\t<meta property=\"og:image:width\" content=\"1440\" \/>\n\t<meta property=\"og:image:height\" content=\"600\" \/>\n\t<meta property=\"og:image:type\" content=\"image\/jpeg\" \/>\n<meta name=\"twitter:label1\" content=\"Tiempo de lectura\" \/>\n\t<meta name=\"twitter:data1\" content=\"5 minutos\" \/>\n<script type=\"application\/ld+json\" class=\"yoast-schema-graph\">{\"@context\":\"https:\/\/schema.org\",\"@graph\":[{\"@type\":\"WebPage\",\"@id\":\"https:\/\/www.unirufa.it\/accademia-2\/saluto-del-presidente\/\",\"url\":\"https:\/\/www.unirufa.it\/accademia-2\/saluto-del-presidente\/\",\"name\":\"Saludo del Presidente - RUFA - Rome University of Fine Arts\",\"isPartOf\":{\"@id\":\"https:\/\/www.unirufa.it\/#website\"},\"primaryImageOfPage\":{\"@id\":\"https:\/\/www.unirufa.it\/accademia-2\/saluto-del-presidente\/#primaryimage\"},\"image\":{\"@id\":\"https:\/\/www.unirufa.it\/accademia-2\/saluto-del-presidente\/#primaryimage\"},\"thumbnailUrl\":\"https:\/\/www.unirufa.it\/wp-content\/uploads\/2013\/06\/alfio-mongelli.jpg\",\"datePublished\":\"2013-06-07T11:07:42+00:00\",\"dateModified\":\"2021-02-03T15:08:40+00:00\",\"breadcrumb\":{\"@id\":\"https:\/\/www.unirufa.it\/accademia-2\/saluto-del-presidente\/#breadcrumb\"},\"inLanguage\":\"es\",\"potentialAction\":[{\"@type\":\"ReadAction\",\"target\":[\"https:\/\/www.unirufa.it\/accademia-2\/saluto-del-presidente\/\"]}]},{\"@type\":\"ImageObject\",\"inLanguage\":\"es\",\"@id\":\"https:\/\/www.unirufa.it\/accademia-2\/saluto-del-presidente\/#primaryimage\",\"url\":\"https:\/\/www.unirufa.it\/wp-content\/uploads\/2013\/06\/alfio-mongelli.jpg\",\"contentUrl\":\"https:\/\/www.unirufa.it\/wp-content\/uploads\/2013\/06\/alfio-mongelli.jpg\",\"width\":1440,\"height\":600},{\"@type\":\"BreadcrumbList\",\"@id\":\"https:\/\/www.unirufa.it\/accademia-2\/saluto-del-presidente\/#breadcrumb\",\"itemListElement\":[{\"@type\":\"ListItem\",\"position\":1,\"name\":\"Home\",\"item\":\"https:\/\/www.unirufa.it\/\"},{\"@type\":\"ListItem\",\"position\":2,\"name\":\"Accademia\",\"item\":\"https:\/\/www.unirufa.it\/accademia-2\/\"},{\"@type\":\"ListItem\",\"position\":3,\"name\":\"Saluto del Presidente\"}]},{\"@type\":\"WebSite\",\"@id\":\"https:\/\/www.unirufa.it\/#website\",\"url\":\"https:\/\/www.unirufa.it\/\",\"name\":\"RUFA - Rome University of Fine Arts\",\"description\":\"\",\"potentialAction\":[{\"@type\":\"SearchAction\",\"target\":{\"@type\":\"EntryPoint\",\"urlTemplate\":\"https:\/\/www.unirufa.it\/?s={search_term_string}\"},\"query-input\":{\"@type\":\"PropertyValueSpecification\",\"valueRequired\":true,\"valueName\":\"search_term_string\"}}],\"inLanguage\":\"es\"}]}<\/script>\n<!-- \/ Yoast SEO plugin. -->","yoast_head_json":{"title":"Saludo del Presidente - RUFA - Rome University of Fine Arts","robots":{"index":"index","follow":"follow","max-snippet":"max-snippet:-1","max-image-preview":"max-image-preview:large","max-video-preview":"max-video-preview:-1"},"canonical":"https:\/\/www.unirufa.it\/accademia-2\/saluto-del-presidente\/","og_locale":"es_ES","og_type":"article","og_title":"Saludo del Presidente - RUFA - Rome University of Fine Arts","og_description":"Disculpa, pero esta entrada est\u00e1 disponible s\u00f3lo en IT.Puntiamo insieme una freccia al cuore della cultura. RUFA ha appena compiuto il suo ventesimo anno di vita e, nella mia qualit\u00e0 di fondatore, confermo con orgoglio la spinta intellettuale ed emozionale, che mi ha consentito di idearla e realizzarla con grande sforzo, dedizione, ma soprattutto con...","og_url":"https:\/\/www.unirufa.it\/accademia-2\/saluto-del-presidente\/","og_site_name":"RUFA - Rome University of Fine Arts","article_modified_time":"2021-02-03T15:08:40+00:00","og_image":[{"width":1440,"height":600,"url":"https:\/\/www.unirufa.it\/wp-content\/uploads\/2013\/06\/alfio-mongelli.jpg","type":"image\/jpeg"}],"twitter_misc":{"Tiempo de lectura":"5 minutos"},"schema":{"@context":"https:\/\/schema.org","@graph":[{"@type":"WebPage","@id":"https:\/\/www.unirufa.it\/accademia-2\/saluto-del-presidente\/","url":"https:\/\/www.unirufa.it\/accademia-2\/saluto-del-presidente\/","name":"Saludo del Presidente - RUFA - Rome University of Fine Arts","isPartOf":{"@id":"https:\/\/www.unirufa.it\/#website"},"primaryImageOfPage":{"@id":"https:\/\/www.unirufa.it\/accademia-2\/saluto-del-presidente\/#primaryimage"},"image":{"@id":"https:\/\/www.unirufa.it\/accademia-2\/saluto-del-presidente\/#primaryimage"},"thumbnailUrl":"https:\/\/www.unirufa.it\/wp-content\/uploads\/2013\/06\/alfio-mongelli.jpg","datePublished":"2013-06-07T11:07:42+00:00","dateModified":"2021-02-03T15:08:40+00:00","breadcrumb":{"@id":"https:\/\/www.unirufa.it\/accademia-2\/saluto-del-presidente\/#breadcrumb"},"inLanguage":"es","potentialAction":[{"@type":"ReadAction","target":["https:\/\/www.unirufa.it\/accademia-2\/saluto-del-presidente\/"]}]},{"@type":"ImageObject","inLanguage":"es","@id":"https:\/\/www.unirufa.it\/accademia-2\/saluto-del-presidente\/#primaryimage","url":"https:\/\/www.unirufa.it\/wp-content\/uploads\/2013\/06\/alfio-mongelli.jpg","contentUrl":"https:\/\/www.unirufa.it\/wp-content\/uploads\/2013\/06\/alfio-mongelli.jpg","width":1440,"height":600},{"@type":"BreadcrumbList","@id":"https:\/\/www.unirufa.it\/accademia-2\/saluto-del-presidente\/#breadcrumb","itemListElement":[{"@type":"ListItem","position":1,"name":"Home","item":"https:\/\/www.unirufa.it\/"},{"@type":"ListItem","position":2,"name":"Accademia","item":"https:\/\/www.unirufa.it\/accademia-2\/"},{"@type":"ListItem","position":3,"name":"Saluto del Presidente"}]},{"@type":"WebSite","@id":"https:\/\/www.unirufa.it\/#website","url":"https:\/\/www.unirufa.it\/","name":"RUFA - Rome University of Fine Arts","description":"","potentialAction":[{"@type":"SearchAction","target":{"@type":"EntryPoint","urlTemplate":"https:\/\/www.unirufa.it\/?s={search_term_string}"},"query-input":{"@type":"PropertyValueSpecification","valueRequired":true,"valueName":"search_term_string"}}],"inLanguage":"es"}]}},"_links":{"self":[{"href":"https:\/\/www.unirufa.it\/es\/wp-json\/wp\/v2\/pages\/1024","targetHints":{"allow":["GET"]}}],"collection":[{"href":"https:\/\/www.unirufa.it\/es\/wp-json\/wp\/v2\/pages"}],"about":[{"href":"https:\/\/www.unirufa.it\/es\/wp-json\/wp\/v2\/types\/page"}],"author":[{"embeddable":true,"href":"https:\/\/www.unirufa.it\/es\/wp-json\/wp\/v2\/users\/1"}],"replies":[{"embeddable":true,"href":"https:\/\/www.unirufa.it\/es\/wp-json\/wp\/v2\/comments?post=1024"}],"version-history":[{"count":35,"href":"https:\/\/www.unirufa.it\/es\/wp-json\/wp\/v2\/pages\/1024\/revisions"}],"predecessor-version":[{"id":34314,"href":"https:\/\/www.unirufa.it\/es\/wp-json\/wp\/v2\/pages\/1024\/revisions\/34314"}],"up":[{"embeddable":true,"href":"https:\/\/www.unirufa.it\/es\/wp-json\/wp\/v2\/pages\/1023"}],"wp:featuredmedia":[{"embeddable":true,"href":"https:\/\/www.unirufa.it\/es\/wp-json\/wp\/v2\/media\/9400"}],"wp:attachment":[{"href":"https:\/\/www.unirufa.it\/es\/wp-json\/wp\/v2\/media?parent=1024"}],"curies":[{"name":"wp","href":"https:\/\/api.w.org\/{rel}","templated":true}]}}