


{"id":1028,"date":"2013-06-07T11:08:55","date_gmt":"2013-06-07T11:08:55","guid":{"rendered":"http:\/\/www.unirufa.it\/?page_id=1028"},"modified":"2021-02-04T09:12:22","modified_gmt":"2021-02-04T08:12:22","slug":"saluto-del-direttore","status":"publish","type":"page","link":"https:\/\/www.unirufa.it\/es\/accademia-2\/saluto-del-direttore\/","title":{"rendered":"Saludo del Director"},"content":{"rendered":"<h2>RUFA. Un centro did\u00e1ctico multidisciplinario e internacional<\/h2>\n<p>Me gustar\u00eda darles una c\u00e1lida bienvenida a la RUFA- Universidad de Bellas Artes de Roma, donde podr\u00e1n elegir su camino en el campo del Arte, la Comunicaci\u00f3n, el Dise\u00f1o, emprendiendo carreras tal vez complejas pero llenas de satisfacci\u00f3n humana y profesional. Los estudiantes que asisten a nuestros cursos acad\u00e9micos tienen la oportunidad de entrar en contacto directo con profesores y profesionales, lo que les permitir\u00e1 tener experiencias formativas y significativas. El estudio en la RUFA es un valor fundamental y transversal: la perspectiva te\u00f3rica est\u00e1 acompa\u00f1ada por una orientaci\u00f3n metodol\u00f3gica- operativa multidisciplinar y de car\u00e1cter internacional. RUFA es una Academia de Bellas Artes legalmente reconocida por el Ministerio de Educaci\u00f3n, Universidad e Investigaci\u00f3n (MIUR), que otorga un Diploma Acad\u00e9mico equivalente a los T\u00edtulos Universitarios. RUFA- un lugar donde el talento y la personalidad de los estudiantes son elementos importantes y esenciales- tiene como objetivo hacer competitivos a los j\u00f3venes desde el principio, proporcion\u00e1ndoles herramientas \u00fatiles e indispensables para poder entrar en el mundo laboral.<\/p>\n<p>La intenci\u00f3n principal es darles la oportunidad no s\u00f3lo de hacer cursos de capacitaci\u00f3n adecuados, sino sobre todo experiencias enriquecedoras mediante la participaci\u00f3n en pasant\u00edas y pr\u00e1cticas profesionales. Con el fin de lograr resultados \u00f3ptimos en el aprendizaje, los estudiantes tambi\u00e9n reciben apoyo en cada etapa por parte del personal y los profesores, que est\u00e1n siempre disponibles para resolver los problemas que pueden presentarse durante los estudios, prestando asistencia continua en las diversas \u00e1reas disciplinarias y especializadas. Gracias al compromiso, el esfuerzo y la dedicaci\u00f3n, durante m\u00e1s de 15 a\u00f1os los j\u00f3venes han estado haciendo realidad sus sue\u00f1os junto a nosotros, viviendo sus pasiones, prepar\u00e1ndose para convertirse en los profesionales del ma\u00f1ana.<\/p>\n<p>\u00a1Les deseo a todos un buen trabajo!<br \/>\nArquitecto Fabio Mongelli<br \/>\nDirector RUFA, Rome University of Fine Arts.","protected":false},"excerpt":{"rendered":"<p>RUFA. Un centro did\u00e1ctico multidisciplinario e internacional Me gustar\u00eda darles una c\u00e1lida bienvenida a la RUFA- Universidad de Bellas Artes de Roma, donde podr\u00e1n elegir su camino en el campo del Arte, la Comunicaci\u00f3n, el Dise\u00f1o, emprendiendo carreras tal vez complejas pero llenas de satisfacci\u00f3n humana y profesional. Los estudiantes que asisten a nuestros cursos&#8230;<\/p>\n","protected":false},"author":1,"featured_media":10846,"parent":1023,"menu_order":0,"comment_status":"closed","ping_status":"closed","template":"","meta":{"content-type":"","footnotes":""},"class_list":["post-1028","page","type-page","status-publish","has-post-thumbnail","hentry"],"yoast_head":"<!-- This site is optimized with the Yoast SEO plugin v24.2 - https:\/\/yoast.com\/wordpress\/plugins\/seo\/ -->\n<title>Saludo del Director - RUFA - Rome University of Fine Arts<\/title>\n<meta name=\"robots\" content=\"index, follow, max-snippet:-1, max-image-preview:large, max-video-preview:-1\" \/>\n<link rel=\"canonical\" href=\"https:\/\/www.unirufa.it\/accademia-2\/saluto-del-direttore\/\" \/>\n<meta property=\"og:locale\" content=\"es_ES\" \/>\n<meta property=\"og:type\" content=\"article\" \/>\n<meta property=\"og:title\" content=\"Saludo del Director - RUFA - Rome University of Fine Arts\" \/>\n<meta property=\"og:description\" content=\"RUFA. Un centro did\u00e1ctico multidisciplinario e internacional Me gustar\u00eda darles una c\u00e1lida bienvenida a la RUFA- Universidad de Bellas Artes de Roma, donde podr\u00e1n elegir su camino en el campo del Arte, la Comunicaci\u00f3n, el Dise\u00f1o, emprendiendo carreras tal vez complejas pero llenas de satisfacci\u00f3n humana y profesional. Los estudiantes que asisten a nuestros cursos...\" \/>\n<meta property=\"og:url\" content=\"https:\/\/www.unirufa.it\/accademia-2\/saluto-del-direttore\/\" \/>\n<meta property=\"og:site_name\" content=\"RUFA - Rome University of Fine Arts\" \/>\n<meta property=\"article:modified_time\" content=\"2021-02-04T08:12:22+00:00\" \/>\n<meta property=\"og:image\" content=\"https:\/\/www.unirufa.it\/wp-content\/uploads\/2013\/06\/fabio_mongelli_rufa_2.jpg\" \/>\n\t<meta property=\"og:image:width\" content=\"1440\" \/>\n\t<meta property=\"og:image:height\" content=\"600\" \/>\n\t<meta property=\"og:image:type\" content=\"image\/jpeg\" \/>\n<meta name=\"twitter:label1\" content=\"Tiempo de lectura\" \/>\n\t<meta name=\"twitter:data1\" content=\"4 minutos\" \/>\n<script type=\"application\/ld+json\" class=\"yoast-schema-graph\">{\"@context\":\"https:\/\/schema.org\",\"@graph\":[{\"@type\":\"WebPage\",\"@id\":\"https:\/\/www.unirufa.it\/accademia-2\/saluto-del-direttore\/\",\"url\":\"https:\/\/www.unirufa.it\/accademia-2\/saluto-del-direttore\/\",\"name\":\"Saludo del Director - RUFA - Rome University of Fine Arts\",\"isPartOf\":{\"@id\":\"https:\/\/www.unirufa.it\/#website\"},\"primaryImageOfPage\":{\"@id\":\"https:\/\/www.unirufa.it\/accademia-2\/saluto-del-direttore\/#primaryimage\"},\"image\":{\"@id\":\"https:\/\/www.unirufa.it\/accademia-2\/saluto-del-direttore\/#primaryimage\"},\"thumbnailUrl\":\"https:\/\/www.unirufa.it\/wp-content\/uploads\/2013\/06\/fabio_mongelli_rufa_2.jpg\",\"datePublished\":\"2013-06-07T11:08:55+00:00\",\"dateModified\":\"2021-02-04T08:12:22+00:00\",\"breadcrumb\":{\"@id\":\"https:\/\/www.unirufa.it\/accademia-2\/saluto-del-direttore\/#breadcrumb\"},\"inLanguage\":\"es\",\"potentialAction\":[{\"@type\":\"ReadAction\",\"target\":[\"https:\/\/www.unirufa.it\/accademia-2\/saluto-del-direttore\/\"]}]},{\"@type\":\"ImageObject\",\"inLanguage\":\"es\",\"@id\":\"https:\/\/www.unirufa.it\/accademia-2\/saluto-del-direttore\/#primaryimage\",\"url\":\"https:\/\/www.unirufa.it\/wp-content\/uploads\/2013\/06\/fabio_mongelli_rufa_2.jpg\",\"contentUrl\":\"https:\/\/www.unirufa.it\/wp-content\/uploads\/2013\/06\/fabio_mongelli_rufa_2.jpg\",\"width\":1440,\"height\":600},{\"@type\":\"BreadcrumbList\",\"@id\":\"https:\/\/www.unirufa.it\/accademia-2\/saluto-del-direttore\/#breadcrumb\",\"itemListElement\":[{\"@type\":\"ListItem\",\"position\":1,\"name\":\"Home\",\"item\":\"https:\/\/www.unirufa.it\/\"},{\"@type\":\"ListItem\",\"position\":2,\"name\":\"Accademia\",\"item\":\"https:\/\/www.unirufa.it\/accademia-2\/\"},{\"@type\":\"ListItem\",\"position\":3,\"name\":\"Saluto del Direttore\"}]},{\"@type\":\"WebSite\",\"@id\":\"https:\/\/www.unirufa.it\/#website\",\"url\":\"https:\/\/www.unirufa.it\/\",\"name\":\"RUFA - Rome University of Fine Arts\",\"description\":\"\",\"potentialAction\":[{\"@type\":\"SearchAction\",\"target\":{\"@type\":\"EntryPoint\",\"urlTemplate\":\"https:\/\/www.unirufa.it\/?s={search_term_string}\"},\"query-input\":{\"@type\":\"PropertyValueSpecification\",\"valueRequired\":true,\"valueName\":\"search_term_string\"}}],\"inLanguage\":\"es\"}]}<\/script>\n<!-- \/ Yoast SEO plugin. -->","yoast_head_json":{"title":"Saludo del Director - RUFA - Rome University of Fine Arts","robots":{"index":"index","follow":"follow","max-snippet":"max-snippet:-1","max-image-preview":"max-image-preview:large","max-video-preview":"max-video-preview:-1"},"canonical":"https:\/\/www.unirufa.it\/accademia-2\/saluto-del-direttore\/","og_locale":"es_ES","og_type":"article","og_title":"Saludo del Director - RUFA - Rome University of Fine Arts","og_description":"RUFA. Un centro did\u00e1ctico multidisciplinario e internacional Me gustar\u00eda darles una c\u00e1lida bienvenida a la RUFA- Universidad de Bellas Artes de Roma, donde podr\u00e1n elegir su camino en el campo del Arte, la Comunicaci\u00f3n, el Dise\u00f1o, emprendiendo carreras tal vez complejas pero llenas de satisfacci\u00f3n humana y profesional. Los estudiantes que asisten a nuestros cursos...","og_url":"https:\/\/www.unirufa.it\/accademia-2\/saluto-del-direttore\/","og_site_name":"RUFA - Rome University of Fine Arts","article_modified_time":"2021-02-04T08:12:22+00:00","og_image":[{"width":1440,"height":600,"url":"https:\/\/www.unirufa.it\/wp-content\/uploads\/2013\/06\/fabio_mongelli_rufa_2.jpg","type":"image\/jpeg"}],"twitter_misc":{"Tiempo de lectura":"4 minutos"},"schema":{"@context":"https:\/\/schema.org","@graph":[{"@type":"WebPage","@id":"https:\/\/www.unirufa.it\/accademia-2\/saluto-del-direttore\/","url":"https:\/\/www.unirufa.it\/accademia-2\/saluto-del-direttore\/","name":"Saludo del Director - RUFA - Rome University of Fine Arts","isPartOf":{"@id":"https:\/\/www.unirufa.it\/#website"},"primaryImageOfPage":{"@id":"https:\/\/www.unirufa.it\/accademia-2\/saluto-del-direttore\/#primaryimage"},"image":{"@id":"https:\/\/www.unirufa.it\/accademia-2\/saluto-del-direttore\/#primaryimage"},"thumbnailUrl":"https:\/\/www.unirufa.it\/wp-content\/uploads\/2013\/06\/fabio_mongelli_rufa_2.jpg","datePublished":"2013-06-07T11:08:55+00:00","dateModified":"2021-02-04T08:12:22+00:00","breadcrumb":{"@id":"https:\/\/www.unirufa.it\/accademia-2\/saluto-del-direttore\/#breadcrumb"},"inLanguage":"es","potentialAction":[{"@type":"ReadAction","target":["https:\/\/www.unirufa.it\/accademia-2\/saluto-del-direttore\/"]}]},{"@type":"ImageObject","inLanguage":"es","@id":"https:\/\/www.unirufa.it\/accademia-2\/saluto-del-direttore\/#primaryimage","url":"https:\/\/www.unirufa.it\/wp-content\/uploads\/2013\/06\/fabio_mongelli_rufa_2.jpg","contentUrl":"https:\/\/www.unirufa.it\/wp-content\/uploads\/2013\/06\/fabio_mongelli_rufa_2.jpg","width":1440,"height":600},{"@type":"BreadcrumbList","@id":"https:\/\/www.unirufa.it\/accademia-2\/saluto-del-direttore\/#breadcrumb","itemListElement":[{"@type":"ListItem","position":1,"name":"Home","item":"https:\/\/www.unirufa.it\/"},{"@type":"ListItem","position":2,"name":"Accademia","item":"https:\/\/www.unirufa.it\/accademia-2\/"},{"@type":"ListItem","position":3,"name":"Saluto del Direttore"}]},{"@type":"WebSite","@id":"https:\/\/www.unirufa.it\/#website","url":"https:\/\/www.unirufa.it\/","name":"RUFA - Rome University of Fine Arts","description":"","potentialAction":[{"@type":"SearchAction","target":{"@type":"EntryPoint","urlTemplate":"https:\/\/www.unirufa.it\/?s={search_term_string}"},"query-input":{"@type":"PropertyValueSpecification","valueRequired":true,"valueName":"search_term_string"}}],"inLanguage":"es"}]}},"_links":{"self":[{"href":"https:\/\/www.unirufa.it\/es\/wp-json\/wp\/v2\/pages\/1028","targetHints":{"allow":["GET"]}}],"collection":[{"href":"https:\/\/www.unirufa.it\/es\/wp-json\/wp\/v2\/pages"}],"about":[{"href":"https:\/\/www.unirufa.it\/es\/wp-json\/wp\/v2\/types\/page"}],"author":[{"embeddable":true,"href":"https:\/\/www.unirufa.it\/es\/wp-json\/wp\/v2\/users\/1"}],"replies":[{"embeddable":true,"href":"https:\/\/www.unirufa.it\/es\/wp-json\/wp\/v2\/comments?post=1028"}],"version-history":[{"count":29,"href":"https:\/\/www.unirufa.it\/es\/wp-json\/wp\/v2\/pages\/1028\/revisions"}],"predecessor-version":[{"id":37252,"href":"https:\/\/www.unirufa.it\/es\/wp-json\/wp\/v2\/pages\/1028\/revisions\/37252"}],"up":[{"embeddable":true,"href":"https:\/\/www.unirufa.it\/es\/wp-json\/wp\/v2\/pages\/1023"}],"wp:featuredmedia":[{"embeddable":true,"href":"https:\/\/www.unirufa.it\/es\/wp-json\/wp\/v2\/media\/10846"}],"wp:attachment":[{"href":"https:\/\/www.unirufa.it\/es\/wp-json\/wp\/v2\/media?parent=1028"}],"curies":[{"name":"wp","href":"https:\/\/api.w.org\/{rel}","templated":true}]}}