


{"id":103018,"date":"2023-06-03T17:12:31","date_gmt":"2023-06-03T15:12:31","guid":{"rendered":"https:\/\/www.unirufa.it\/?page_id=103018"},"modified":"2023-06-03T17:13:09","modified_gmt":"2023-06-03T15:13:09","slug":"graphiiic-calling-to-action","status":"publish","type":"page","link":"https:\/\/www.unirufa.it\/es\/graphiiic-calling-to-action\/","title":{"rendered":"CALLING TO ACTION"},"content":{"rendered":"<p class=\"qtranxs-available-languages-message qtranxs-available-languages-message-es\">Disculpa, pero esta entrada est\u00e1 disponible s\u00f3lo en <a href=\"https:\/\/www.unirufa.it\/it\/wp-json\/wp\/v2\/pages\/103018\" class=\"qtranxs-available-language-link qtranxs-available-language-link-it\" title=\"IT\">IT<\/a>.<\/p>Cinque campagne di sensibilizzazione sociale su temi e questioni attuali, cinque risposte progettuali alla richiesta di promozione e crescita etica. Ma davvero le persone hanno bisogno di sapere? Queste cose non si conoscono gi\u00e0 abbastanza? Probabilmente s\u00ec, ma vedere non \u00e8 ancora sufficiente. Abbiamo voglia di affrontare la realt\u00e0 in un modo diretto, forte, ironico, doloroso e provocatorio, per provare a migliorarla. Abbiamo voglia di persuadere ed emozionare le persone facendo della pubblicit\u00e0 uno strumento visivo di \u201cCalling to Action\u201d alla portata e a favore di tutte e tutti.<\/p>\n<h3><span style=\"color: #fa4617;\">III ANNO<\/span><\/h3>\n<p>Advertising, Copywriting<\/p>\n<h3><span style=\"color: #fa4617;\">DOCENTI<\/span><\/h3>\n<p>Claudio Spuri, Alessandra Giacomelli<\/p>\n<h3><span style=\"color: #fa4617;\">STUDENTI<\/span><\/h3>\n<p>Riccardo Baldani, Benedetta Caruso, Filippo Coen, Anna Piffer, Stefano Cattani, Antonella Scardino, Rebecca Zambelli, Silvia Santopaolo, Giordana Scipioni, Rachele Sdoga, Martina Villani, Edoardo Nardi, Valerio Teti, Sira Iacono, Chiara Dina Palmitessa<\/p>","protected":false},"excerpt":{"rendered":"<p>Disculpa, pero esta entrada est\u00e1 disponible s\u00f3lo en IT.Cinque campagne di sensibilizzazione sociale su temi e questioni attuali, cinque risposte progettuali alla richiesta di promozione e crescita etica. Ma davvero le persone hanno bisogno di sapere? Queste cose non si conoscono gi\u00e0 abbastanza? Probabilmente s\u00ec, ma vedere non \u00e8 ancora sufficiente. Abbiamo voglia di affrontare&#8230;<\/p>\n","protected":false},"author":22,"featured_media":0,"parent":0,"menu_order":0,"comment_status":"closed","ping_status":"closed","template":"page_blank.php","meta":{"content-type":"","footnotes":""},"class_list":["post-103018","page","type-page","status-publish","hentry"],"yoast_head":"<!-- This site is optimized with the Yoast SEO plugin v24.2 - https:\/\/yoast.com\/wordpress\/plugins\/seo\/ -->\n<title>CALLING TO ACTION - RUFA - Rome University of Fine Arts<\/title>\n<meta name=\"robots\" content=\"index, follow, max-snippet:-1, max-image-preview:large, max-video-preview:-1\" \/>\n<link rel=\"canonical\" href=\"https:\/\/www.unirufa.it\/graphiiic-calling-to-action\/\" \/>\n<meta property=\"og:locale\" content=\"es_ES\" \/>\n<meta property=\"og:type\" content=\"article\" \/>\n<meta property=\"og:title\" content=\"CALLING TO ACTION - RUFA - Rome University of Fine Arts\" \/>\n<meta property=\"og:description\" content=\"Disculpa, pero esta entrada est\u00e1 disponible s\u00f3lo en IT.Cinque campagne di sensibilizzazione sociale su temi e questioni attuali, cinque risposte progettuali alla richiesta di promozione e crescita etica. Ma davvero le persone hanno bisogno di sapere? Queste cose non si conoscono gi\u00e0 abbastanza? Probabilmente s\u00ec, ma vedere non \u00e8 ancora sufficiente. Abbiamo voglia di affrontare...\" \/>\n<meta property=\"og:url\" content=\"https:\/\/www.unirufa.it\/graphiiic-calling-to-action\/\" \/>\n<meta property=\"og:site_name\" content=\"RUFA - Rome University of Fine Arts\" \/>\n<meta property=\"article:modified_time\" content=\"2023-06-03T15:13:09+00:00\" \/>\n<meta property=\"og:image\" content=\"https:\/\/www.unirufa.it\/wp-content\/uploads\/2017\/11\/logo-rufa-2016.png\" \/>\n\t<meta property=\"og:image:width\" content=\"230\" \/>\n\t<meta property=\"og:image:height\" content=\"149\" \/>\n\t<meta property=\"og:image:type\" content=\"image\/png\" \/>\n<meta name=\"twitter:label1\" content=\"Tiempo de lectura\" \/>\n\t<meta name=\"twitter:data1\" content=\"1 minuto\" \/>\n<script type=\"application\/ld+json\" class=\"yoast-schema-graph\">{\"@context\":\"https:\/\/schema.org\",\"@graph\":[{\"@type\":\"WebPage\",\"@id\":\"https:\/\/www.unirufa.it\/graphiiic-calling-to-action\/\",\"url\":\"https:\/\/www.unirufa.it\/graphiiic-calling-to-action\/\",\"name\":\"CALLING TO ACTION - RUFA - Rome University of Fine Arts\",\"isPartOf\":{\"@id\":\"https:\/\/www.unirufa.it\/#website\"},\"datePublished\":\"2023-06-03T15:12:31+00:00\",\"dateModified\":\"2023-06-03T15:13:09+00:00\",\"breadcrumb\":{\"@id\":\"https:\/\/www.unirufa.it\/graphiiic-calling-to-action\/#breadcrumb\"},\"inLanguage\":\"es\",\"potentialAction\":[{\"@type\":\"ReadAction\",\"target\":[\"https:\/\/www.unirufa.it\/graphiiic-calling-to-action\/\"]}]},{\"@type\":\"BreadcrumbList\",\"@id\":\"https:\/\/www.unirufa.it\/graphiiic-calling-to-action\/#breadcrumb\",\"itemListElement\":[{\"@type\":\"ListItem\",\"position\":1,\"name\":\"Home\",\"item\":\"https:\/\/www.unirufa.it\/\"},{\"@type\":\"ListItem\",\"position\":2,\"name\":\"CALLING TO ACTION\"}]},{\"@type\":\"WebSite\",\"@id\":\"https:\/\/www.unirufa.it\/#website\",\"url\":\"https:\/\/www.unirufa.it\/\",\"name\":\"RUFA - Rome University of Fine Arts\",\"description\":\"\",\"potentialAction\":[{\"@type\":\"SearchAction\",\"target\":{\"@type\":\"EntryPoint\",\"urlTemplate\":\"https:\/\/www.unirufa.it\/?s={search_term_string}\"},\"query-input\":{\"@type\":\"PropertyValueSpecification\",\"valueRequired\":true,\"valueName\":\"search_term_string\"}}],\"inLanguage\":\"es\"}]}<\/script>\n<!-- \/ Yoast SEO plugin. -->","yoast_head_json":{"title":"CALLING TO ACTION - RUFA - Rome University of Fine Arts","robots":{"index":"index","follow":"follow","max-snippet":"max-snippet:-1","max-image-preview":"max-image-preview:large","max-video-preview":"max-video-preview:-1"},"canonical":"https:\/\/www.unirufa.it\/graphiiic-calling-to-action\/","og_locale":"es_ES","og_type":"article","og_title":"CALLING TO ACTION - RUFA - Rome University of Fine Arts","og_description":"Disculpa, pero esta entrada est\u00e1 disponible s\u00f3lo en IT.Cinque campagne di sensibilizzazione sociale su temi e questioni attuali, cinque risposte progettuali alla richiesta di promozione e crescita etica. Ma davvero le persone hanno bisogno di sapere? Queste cose non si conoscono gi\u00e0 abbastanza? Probabilmente s\u00ec, ma vedere non \u00e8 ancora sufficiente. Abbiamo voglia di affrontare...","og_url":"https:\/\/www.unirufa.it\/graphiiic-calling-to-action\/","og_site_name":"RUFA - Rome University of Fine Arts","article_modified_time":"2023-06-03T15:13:09+00:00","og_image":[{"width":230,"height":149,"url":"https:\/\/www.unirufa.it\/wp-content\/uploads\/2017\/11\/logo-rufa-2016.png","type":"image\/png"}],"twitter_misc":{"Tiempo de lectura":"1 minuto"},"schema":{"@context":"https:\/\/schema.org","@graph":[{"@type":"WebPage","@id":"https:\/\/www.unirufa.it\/graphiiic-calling-to-action\/","url":"https:\/\/www.unirufa.it\/graphiiic-calling-to-action\/","name":"CALLING TO ACTION - RUFA - Rome University of Fine Arts","isPartOf":{"@id":"https:\/\/www.unirufa.it\/#website"},"datePublished":"2023-06-03T15:12:31+00:00","dateModified":"2023-06-03T15:13:09+00:00","breadcrumb":{"@id":"https:\/\/www.unirufa.it\/graphiiic-calling-to-action\/#breadcrumb"},"inLanguage":"es","potentialAction":[{"@type":"ReadAction","target":["https:\/\/www.unirufa.it\/graphiiic-calling-to-action\/"]}]},{"@type":"BreadcrumbList","@id":"https:\/\/www.unirufa.it\/graphiiic-calling-to-action\/#breadcrumb","itemListElement":[{"@type":"ListItem","position":1,"name":"Home","item":"https:\/\/www.unirufa.it\/"},{"@type":"ListItem","position":2,"name":"CALLING TO ACTION"}]},{"@type":"WebSite","@id":"https:\/\/www.unirufa.it\/#website","url":"https:\/\/www.unirufa.it\/","name":"RUFA - Rome University of Fine Arts","description":"","potentialAction":[{"@type":"SearchAction","target":{"@type":"EntryPoint","urlTemplate":"https:\/\/www.unirufa.it\/?s={search_term_string}"},"query-input":{"@type":"PropertyValueSpecification","valueRequired":true,"valueName":"search_term_string"}}],"inLanguage":"es"}]}},"_links":{"self":[{"href":"https:\/\/www.unirufa.it\/es\/wp-json\/wp\/v2\/pages\/103018","targetHints":{"allow":["GET"]}}],"collection":[{"href":"https:\/\/www.unirufa.it\/es\/wp-json\/wp\/v2\/pages"}],"about":[{"href":"https:\/\/www.unirufa.it\/es\/wp-json\/wp\/v2\/types\/page"}],"author":[{"embeddable":true,"href":"https:\/\/www.unirufa.it\/es\/wp-json\/wp\/v2\/users\/22"}],"replies":[{"embeddable":true,"href":"https:\/\/www.unirufa.it\/es\/wp-json\/wp\/v2\/comments?post=103018"}],"version-history":[{"count":1,"href":"https:\/\/www.unirufa.it\/es\/wp-json\/wp\/v2\/pages\/103018\/revisions"}],"predecessor-version":[{"id":103019,"href":"https:\/\/www.unirufa.it\/es\/wp-json\/wp\/v2\/pages\/103018\/revisions\/103019"}],"wp:attachment":[{"href":"https:\/\/www.unirufa.it\/es\/wp-json\/wp\/v2\/media?parent=103018"}],"curies":[{"name":"wp","href":"https:\/\/api.w.org\/{rel}","templated":true}]}}