


{"id":103029,"date":"2023-06-03T17:44:20","date_gmt":"2023-06-03T15:44:20","guid":{"rendered":"https:\/\/www.unirufa.it\/?page_id=103029"},"modified":"2023-06-03T18:01:34","modified_gmt":"2023-06-03T16:01:34","slug":"graphiiic-design-quotes","status":"publish","type":"page","link":"https:\/\/www.unirufa.it\/es\/graphiiic-design-quotes\/","title":{"rendered":"DESIGN QUOTES"},"content":{"rendered":"<p class=\"qtranxs-available-languages-message qtranxs-available-languages-message-es\">Disculpa, pero esta entrada est\u00e1 disponible s\u00f3lo en <a href=\"https:\/\/www.unirufa.it\/it\/wp-json\/wp\/v2\/pages\/103029\" class=\"qtranxs-available-language-link qtranxs-available-language-link-it\" title=\"IT\">IT<\/a>.<\/p>Le animazioni nel web non sono esclusivamente estetiche ma, sempre pi\u00f9 spesso, funzionali alla gestione delle interazioni tra utente e interfaccia. Le studentesse e gli studenti hanno progettato, sviluppato e prodotto delle schermate digitali che, grazie alle animazioni sviluppate esclusivamente con il codice, cambiano completamente veste. Si evince cos\u00ec come con il movimento, il ridimensionamento o il riposizionamento gli elementi si modificano e, di conseguenza, mutano le variabilit\u00e0 comunicative.<\/p>\n<h3><span style=\"color: #fa4617;\">II ANNO<\/span><\/h3>\n<p>Web Design<\/p>\n<h3><span style=\"color: #fa4617;\">DOCENTI<\/span><\/h3>\n<p>Andrea Cavallari, Emanuele Frasc\u00e0<\/p>\n<h3><span style=\"color: #fa4617;\">STUDENTI<\/span><\/h3>\n<p>Valeria Aceti, Audrey Abigiali Atienza, Chimaine El Amine, Marzia Votta, Costanza Chen, Margherita Castelmare, Lucrezia Landi, Michela Pia Lavecchia, Laura Ferragonio, Giulia Giordani, Andrea Iannarelli, Valentina Mandara, Francesca Forgione, Carlos Mirko Huerto Rosales, Giuseppe De Meo, Olivia Gaone","protected":false},"excerpt":{"rendered":"<p>Disculpa, pero esta entrada est\u00e1 disponible s\u00f3lo en IT.Le animazioni nel web non sono esclusivamente estetiche ma, sempre pi\u00f9 spesso, funzionali alla gestione delle interazioni tra utente e interfaccia. Le studentesse e gli studenti hanno progettato, sviluppato e prodotto delle schermate digitali che, grazie alle animazioni sviluppate esclusivamente con il codice, cambiano completamente veste. Si&#8230;<\/p>\n","protected":false},"author":22,"featured_media":0,"parent":0,"menu_order":0,"comment_status":"closed","ping_status":"closed","template":"page_blank.php","meta":{"content-type":"","footnotes":""},"class_list":["post-103029","page","type-page","status-publish","hentry"],"yoast_head":"<!-- This site is optimized with the Yoast SEO plugin v24.2 - https:\/\/yoast.com\/wordpress\/plugins\/seo\/ -->\n<title>DESIGN QUOTES - RUFA - Rome University of Fine Arts<\/title>\n<meta name=\"robots\" content=\"index, follow, max-snippet:-1, max-image-preview:large, max-video-preview:-1\" \/>\n<link rel=\"canonical\" href=\"https:\/\/www.unirufa.it\/graphiiic-design-quotes\/\" \/>\n<meta property=\"og:locale\" content=\"es_ES\" \/>\n<meta property=\"og:type\" content=\"article\" \/>\n<meta property=\"og:title\" content=\"DESIGN QUOTES - RUFA - Rome University of Fine Arts\" \/>\n<meta property=\"og:description\" content=\"Disculpa, pero esta entrada est\u00e1 disponible s\u00f3lo en IT.Le animazioni nel web non sono esclusivamente estetiche ma, sempre pi\u00f9 spesso, funzionali alla gestione delle interazioni tra utente e interfaccia. Le studentesse e gli studenti hanno progettato, sviluppato e prodotto delle schermate digitali che, grazie alle animazioni sviluppate esclusivamente con il codice, cambiano completamente veste. Si...\" \/>\n<meta property=\"og:url\" content=\"https:\/\/www.unirufa.it\/graphiiic-design-quotes\/\" \/>\n<meta property=\"og:site_name\" content=\"RUFA - Rome University of Fine Arts\" \/>\n<meta property=\"article:modified_time\" content=\"2023-06-03T16:01:34+00:00\" \/>\n<meta property=\"og:image\" content=\"https:\/\/www.unirufa.it\/wp-content\/uploads\/2017\/11\/logo-rufa-2016.png\" \/>\n\t<meta property=\"og:image:width\" content=\"230\" \/>\n\t<meta property=\"og:image:height\" content=\"149\" \/>\n\t<meta property=\"og:image:type\" content=\"image\/png\" \/>\n<meta name=\"twitter:label1\" content=\"Tiempo de lectura\" \/>\n\t<meta name=\"twitter:data1\" content=\"1 minuto\" \/>\n<script type=\"application\/ld+json\" class=\"yoast-schema-graph\">{\"@context\":\"https:\/\/schema.org\",\"@graph\":[{\"@type\":\"WebPage\",\"@id\":\"https:\/\/www.unirufa.it\/graphiiic-design-quotes\/\",\"url\":\"https:\/\/www.unirufa.it\/graphiiic-design-quotes\/\",\"name\":\"DESIGN QUOTES - RUFA - Rome University of Fine Arts\",\"isPartOf\":{\"@id\":\"https:\/\/www.unirufa.it\/#website\"},\"datePublished\":\"2023-06-03T15:44:20+00:00\",\"dateModified\":\"2023-06-03T16:01:34+00:00\",\"breadcrumb\":{\"@id\":\"https:\/\/www.unirufa.it\/graphiiic-design-quotes\/#breadcrumb\"},\"inLanguage\":\"es\",\"potentialAction\":[{\"@type\":\"ReadAction\",\"target\":[\"https:\/\/www.unirufa.it\/graphiiic-design-quotes\/\"]}]},{\"@type\":\"BreadcrumbList\",\"@id\":\"https:\/\/www.unirufa.it\/graphiiic-design-quotes\/#breadcrumb\",\"itemListElement\":[{\"@type\":\"ListItem\",\"position\":1,\"name\":\"Home\",\"item\":\"https:\/\/www.unirufa.it\/\"},{\"@type\":\"ListItem\",\"position\":2,\"name\":\"DESIGN QUOTES\"}]},{\"@type\":\"WebSite\",\"@id\":\"https:\/\/www.unirufa.it\/#website\",\"url\":\"https:\/\/www.unirufa.it\/\",\"name\":\"RUFA - Rome University of Fine Arts\",\"description\":\"\",\"potentialAction\":[{\"@type\":\"SearchAction\",\"target\":{\"@type\":\"EntryPoint\",\"urlTemplate\":\"https:\/\/www.unirufa.it\/?s={search_term_string}\"},\"query-input\":{\"@type\":\"PropertyValueSpecification\",\"valueRequired\":true,\"valueName\":\"search_term_string\"}}],\"inLanguage\":\"es\"}]}<\/script>\n<!-- \/ Yoast SEO plugin. -->","yoast_head_json":{"title":"DESIGN QUOTES - RUFA - Rome University of Fine Arts","robots":{"index":"index","follow":"follow","max-snippet":"max-snippet:-1","max-image-preview":"max-image-preview:large","max-video-preview":"max-video-preview:-1"},"canonical":"https:\/\/www.unirufa.it\/graphiiic-design-quotes\/","og_locale":"es_ES","og_type":"article","og_title":"DESIGN QUOTES - RUFA - Rome University of Fine Arts","og_description":"Disculpa, pero esta entrada est\u00e1 disponible s\u00f3lo en IT.Le animazioni nel web non sono esclusivamente estetiche ma, sempre pi\u00f9 spesso, funzionali alla gestione delle interazioni tra utente e interfaccia. Le studentesse e gli studenti hanno progettato, sviluppato e prodotto delle schermate digitali che, grazie alle animazioni sviluppate esclusivamente con il codice, cambiano completamente veste. Si...","og_url":"https:\/\/www.unirufa.it\/graphiiic-design-quotes\/","og_site_name":"RUFA - Rome University of Fine Arts","article_modified_time":"2023-06-03T16:01:34+00:00","og_image":[{"width":230,"height":149,"url":"https:\/\/www.unirufa.it\/wp-content\/uploads\/2017\/11\/logo-rufa-2016.png","type":"image\/png"}],"twitter_misc":{"Tiempo de lectura":"1 minuto"},"schema":{"@context":"https:\/\/schema.org","@graph":[{"@type":"WebPage","@id":"https:\/\/www.unirufa.it\/graphiiic-design-quotes\/","url":"https:\/\/www.unirufa.it\/graphiiic-design-quotes\/","name":"DESIGN QUOTES - RUFA - Rome University of Fine Arts","isPartOf":{"@id":"https:\/\/www.unirufa.it\/#website"},"datePublished":"2023-06-03T15:44:20+00:00","dateModified":"2023-06-03T16:01:34+00:00","breadcrumb":{"@id":"https:\/\/www.unirufa.it\/graphiiic-design-quotes\/#breadcrumb"},"inLanguage":"es","potentialAction":[{"@type":"ReadAction","target":["https:\/\/www.unirufa.it\/graphiiic-design-quotes\/"]}]},{"@type":"BreadcrumbList","@id":"https:\/\/www.unirufa.it\/graphiiic-design-quotes\/#breadcrumb","itemListElement":[{"@type":"ListItem","position":1,"name":"Home","item":"https:\/\/www.unirufa.it\/"},{"@type":"ListItem","position":2,"name":"DESIGN QUOTES"}]},{"@type":"WebSite","@id":"https:\/\/www.unirufa.it\/#website","url":"https:\/\/www.unirufa.it\/","name":"RUFA - Rome University of Fine Arts","description":"","potentialAction":[{"@type":"SearchAction","target":{"@type":"EntryPoint","urlTemplate":"https:\/\/www.unirufa.it\/?s={search_term_string}"},"query-input":{"@type":"PropertyValueSpecification","valueRequired":true,"valueName":"search_term_string"}}],"inLanguage":"es"}]}},"_links":{"self":[{"href":"https:\/\/www.unirufa.it\/es\/wp-json\/wp\/v2\/pages\/103029","targetHints":{"allow":["GET"]}}],"collection":[{"href":"https:\/\/www.unirufa.it\/es\/wp-json\/wp\/v2\/pages"}],"about":[{"href":"https:\/\/www.unirufa.it\/es\/wp-json\/wp\/v2\/types\/page"}],"author":[{"embeddable":true,"href":"https:\/\/www.unirufa.it\/es\/wp-json\/wp\/v2\/users\/22"}],"replies":[{"embeddable":true,"href":"https:\/\/www.unirufa.it\/es\/wp-json\/wp\/v2\/comments?post=103029"}],"version-history":[{"count":1,"href":"https:\/\/www.unirufa.it\/es\/wp-json\/wp\/v2\/pages\/103029\/revisions"}],"predecessor-version":[{"id":103031,"href":"https:\/\/www.unirufa.it\/es\/wp-json\/wp\/v2\/pages\/103029\/revisions\/103031"}],"wp:attachment":[{"href":"https:\/\/www.unirufa.it\/es\/wp-json\/wp\/v2\/media?parent=103029"}],"curies":[{"name":"wp","href":"https:\/\/api.w.org\/{rel}","templated":true}]}}