


{"id":1031,"date":"2013-06-07T11:10:43","date_gmt":"2013-06-07T11:10:43","guid":{"rendered":"http:\/\/www.unirufa.it\/?page_id=1031"},"modified":"2026-03-17T14:38:20","modified_gmt":"2026-03-17T13:38:20","slug":"conoscere-rufa","status":"publish","type":"page","link":"https:\/\/www.unirufa.it\/es\/accademia-2\/conoscere-rufa\/","title":{"rendered":"Conoce la RUFA"},"content":{"rendered":"<h3>RUFA, entre sue\u00f1os y proyectos concretos.<\/h3>\n<p>La RUFA, universidad de Bellas Artes de Roma, es un centro educativo multidisciplinar e internacional &#8211; reconocido oficialmente por el Ministerio de Educaci\u00f3n, Universidad e investigaci\u00f3n MIUR) &#8211; que ofrece cursos de formaci\u00f3n v\u00e1lidos e innovadores en el campo de Arte, Dise\u00f1o, Audiovisual, Moda, Juego, Comunicaci\u00f3n Visual y Media Art. La RUFA colabora con profesionales de renombre y empresas prestigiosas, garantizando a los estudiantes una preparaci\u00f3n te\u00f3rica y una orientaci\u00f3n metodol\u00f3gica- operativa siempre actualizada, con una mirada atenta al mundo del trabajo y del mercado.<br \/>\nFundada en 1998, para acoger en una sola Academia los sue\u00f1os de los j\u00f3venes italianos, extranjeros y los de su fundador, el Maestro Alfio Mongelli, RUFA ofrece cursos acad\u00e9micos de nivel I y II que responden al nuevo contexto art\u00edstico y cultural, proporcionando una preparaci\u00f3n de alto nivel y una perspectiva profesional s\u00f3lida y concreta.<\/p>\n<h3>Propuestas de formaci\u00f3n estimulantes y actualizadas.<\/h3>\n<p>La RUFA ofrece m\u00faltiples propuestas de formaci\u00f3n que incluyen las did\u00e1cticas m\u00e1s interesantes y actuales. Guiados y asesorados por los Jefes de los Departamentos de Artes Visuales, Dise\u00f1o y Artes Aplicadas\/ Nuevas Tecnolog\u00edas del Arte, los estudiantes de la RUFA pueden elegir entre cursos diferentes de Diploma Acad\u00e9mico de Nivel I:<br \/>\n<a title=\"Graphic Design\" href=\"https:\/\/www.unirufa.it\/es\/corso-i-livello\/graphic-design\/\">Dise\u00f1o Gr\u00e1fico<\/a> | <a title=\"Comics and Illustration\" href=\"https:\/\/www.unirufa.it\/es\/offerta-formativa\/corso-i-livello\/comics-and-illustration\/\">C\u00f3mics e Ilustraci\u00f3n<\/a> | <a title=\"Design\" href=\"https:\/\/www.unirufa.it\/es\/corso-i-livello\/design\/\">Dise\u00f1o<\/a> | <a href=\"https:\/\/www.unirufa.it\/es\/fashion-design-sostenibile\/\">Dise\u00f1o de moda sostenible<\/a> | <a title=\"Cinema\" href=\"https:\/\/www.unirufa.it\/es\/corso-i-livello\/cinema\/\">Cine<\/a> | <a title=\"Fotografia\" href=\"https:\/\/www.unirufa.it\/es\/corso-i-livello\/fotografia\/\">Fotograf\u00eda y audiovisual<\/a> | <a title=\"Scenografia\" href=\"https:\/\/www.unirufa.it\/es\/corso-i-livello\/scenografia\/\">Escenograf\u00eda<\/a> | <a title=\"Pittura\" href=\"https:\/\/www.unirufa.it\/es\/corso-i-livello\/pittura\/\">Pintura<\/a> | <a title=\"Scultura\" href=\"https:\/\/www.unirufa.it\/es\/corso-i-livello\/scultura\/\">Escultura e Instalaci\u00f3n<\/a><\/p>\n<p>Y cursos de Diploma Acad\u00e9mico de Nivel II:<br \/>\n<a title=\"Tecnologie e Progettazione dello Spazio Multimediale\" href=\"https:\/\/www.unirufa.it\/es\/corsi-ii-livello\/tecnologie-e-progettazione-dello-spazio-multimediale\/\">Artes y dise\u00f1o multimedia <\/a> | <a title=\"Visual and Innovation Design\" href=\"https:\/\/www.unirufa.it\/es\/offerta-formativa\/corsi-ii-livello\/visual-and-innovation-design\/\">Dise\u00f1o visual e innovaci\u00f3n <\/a>\u00a0|\u00a0<a title=\"Computer animation and special effects\" href=\"https:\/\/www.unirufa.it\/es\/corsi-ii-livello\/computer-animation-and-special-effects\/\">Animaci\u00f3n Digital y Efectos Visuales<\/a>\u00a0|\u00a0<a title=\"Arte Cinematografica\" href=\"https:\/\/www.unirufa.it\/es\/corsi-ii-livello\/film-arts\/\">Arte cinematogr\u00e1fico<\/a>\u00a0|\u00a0<a title=\"Scenografia\" href=\"https:\/\/www.unirufa.it\/es\/corsi-ii-livello\/scenografia\/\">Escenograf\u00eda<\/a>\u00a0|\u00a0<a title=\"Scultura\" href=\"https:\/\/www.unirufa.it\/es\/offerta-formativa\/corsi-ii-livello\/fine-arts\/\">Bellas artes: Pintura, Escultura, Gr\u00e1fica de arte i Performance<\/a><\/p>\n<p>M\u00e1steres acad\u00e9micos:<br \/>\n<a href=\"https:\/\/www.unirufa.it\/offerta-formativa\/master-accademici\/art-curating-and-management\/\">Art curating and management<\/a> | <a href=\"https:\/\/www.unirufa.it\/offerta-formativa\/master-accademici\/cinema-and-new-formats-production\/\">Cinema and new formats production<\/a> | <a href=\"https:\/\/www.unirufa.it\/offerta-formativa\/master-accademici\/design-management\/\">Design Management<\/a> | <a href=\"https:\/\/www.unirufa.it\/offerta-formativa\/master-accademici\/photography-and-italian-cultural-heritage\/\" target=\"_blank\">Photography and Italian Cultural Heritage<\/a><\/p>\n<p>RUFA tambi\u00e9n ofrece una variedad de <a title=\"Cursos Breves\" href=\"https:\/\/www.unirufa.it\/offerta-formativa\/corsi-brevi\/\">Cursos Breves<\/a> y <a href=\"https:\/\/www.unirufa.it\/offerta-formativa\/summer-academy\/\">Cursos de Verano<\/a>.<\/p>\n<h3>M\u00e9todo a medida<\/h3>\n<p>El enfoque educativo de la RUFA se basa en un m\u00e9todo de ense\u00f1anza distintivo y especializado, que pretende combinar el plan de estudios universitario con la formaci\u00f3n profesional.<br \/>\nDurante sus a\u00f1os de estudio en la RUFA, los estudiantes pueden participar en laboratorios, talleres, conferencias vivenciales, exposiciones, presentaciones y debates. Todas ellas son herramientas contempor\u00e1neas y eficaces que acercan a los estudiantes a la realidad del mundo laboral profesional. Para sacar el m\u00e1ximo partido a sus estudios, la RUFA anima a los estudiantes a aprovechar las oportunidades disponibles, para construir una s\u00f3lida base te\u00f3rica y pr\u00e1ctica. El objetivo es estar siempre abierto a la contaminaci\u00f3n entre diferentes lenguas, a la transversalidad, a la investigaci\u00f3n y a la experimentaci\u00f3n. La RUFA forma a sus alumnos con el coraz\u00f3n vuelto hacia la tradici\u00f3n y la mente proyectada hacia el futuro.<\/p>\n<h3>En retrospectiva, hacia el futuro<\/h3>\n<p>Estudiar las artes creativas en un contexto lleno de est\u00edmulos e ideas de la mayor relevancia posible ofrece ventajas invaluables. Roma fue la cuna misma del Renacimiento y, a\u00fan hoy, el patrimonio hist\u00f3rico y art\u00edstico de la ciudad es un emblema de renombre mundial. Sin embargo, Roma es tambi\u00e9n una ciudad en constante cambio, donde los nuevos lenguajes din\u00e1micos y apasionantes la convierten en escenario de nuevas  tendencias contempor\u00e1neas. La gran diversidad de la oferta de museos y galer\u00edas de la ciudad es el testimonio m\u00e1s evidente de ello. En efecto, Roma no s\u00f3lo goza de una prestigiosa oferta cl\u00e1sica, sino tambi\u00e9n de un interesante calendario de eventos e iniciativas relacionados con las nuevas tendencias, que van desde el arte a la m\u00fasica e incluso al arte del c\u00f3mic.<br \/>\nNo pierdas la oportunidad de estudiar en medio de este v\u00f3rtice de incentivos art\u00edsticos que es Roma. Estudiar aqu\u00ed significa entrar en la historia del futuro.<br \/>\n&nbsp;<\/p>\n<p><a class=\"download-btn\" href=\"contatti\/\">Nuestras sedes<\/a><a id=\"btn-brochurecorso\" class=\"download-btn\" href=\"https:\/\/www.unirufa.it\/rufa-pack\/\">DESCARGA EL BROCHURE<\/a><\/p>\n<p>&nbsp;<br \/>\n<a id=\"btn-regolamentocorso\" class=\"download-btn full\" style=\"background-color: #000000; border-color: #000000;\" href=\"https:\/\/www.unirufa.it\/prenota-un-incontro\/\"><span style=\"color: #ffffff;\">RESERVAR UNA ENTREVISTA DE ORIENTACI\u00d3N<\/span><\/a><br \/>\n&nbsp;<\/p>\n<div class=\"embed-responsive embed-responsive-16by9\"><iframe loading=\"lazy\" src=\"https:\/\/www.youtube-nocookie.com\/embed\/X8qPq84dW-s\" width=\"560\" height=\"315\" frameborder=\"0\" allowfullscreen=\"allowfullscreen\"><\/iframe><\/div>\n<p>&nbsp;","protected":false},"excerpt":{"rendered":"<p>RUFA, entre sue\u00f1os y proyectos concretos. La RUFA, universidad de Bellas Artes de Roma, es un centro educativo multidisciplinar e internacional &#8211; reconocido oficialmente por el Ministerio de Educaci\u00f3n, Universidad e investigaci\u00f3n MIUR) &#8211; que ofrece cursos de formaci\u00f3n v\u00e1lidos e innovadores en el campo de Arte, Dise\u00f1o, Audiovisual, Moda, Juego, Comunicaci\u00f3n Visual y Media&#8230;<\/p>\n","protected":false},"author":1,"featured_media":10265,"parent":1023,"menu_order":0,"comment_status":"closed","ping_status":"closed","template":"","meta":{"content-type":"","footnotes":""},"class_list":["post-1031","page","type-page","status-publish","has-post-thumbnail","hentry"],"yoast_head":"<!-- This site is optimized with the Yoast SEO plugin v24.2 - https:\/\/yoast.com\/wordpress\/plugins\/seo\/ -->\n<title>RUFA: Accademia delle Belle Arti di Roma - RUFA<\/title>\n<meta name=\"description\" content=\"RUFA: Centro didattico multidisciplinare internazionale riconosciuto dal MIUR che offre percorsi formativi in Arte, Design, Comunicazione e Media Art.\" \/>\n<meta name=\"robots\" content=\"index, follow, max-snippet:-1, max-image-preview:large, max-video-preview:-1\" \/>\n<link rel=\"canonical\" href=\"https:\/\/www.unirufa.it\/accademia-2\/conoscere-rufa\/\" \/>\n<meta property=\"og:locale\" content=\"es_ES\" \/>\n<meta property=\"og:type\" content=\"article\" \/>\n<meta property=\"og:title\" content=\"[:it]RUFA: Accademia delle Belle Arti di Roma - RUFA[:]\" \/>\n<meta property=\"og:description\" content=\"{:it}RUFA: Centro didattico multidisciplinare internazionale riconosciuto dal MIUR che offre percorsi formativi in Arte, Design, Comunicazione e Media Art.{:}\" \/>\n<meta property=\"og:url\" content=\"https:\/\/www.unirufa.it\/accademia-2\/conoscere-rufa\/\" \/>\n<meta property=\"og:site_name\" content=\"RUFA - Rome University of Fine Arts\" \/>\n<meta property=\"article:modified_time\" content=\"2026-03-17T13:38:20+00:00\" \/>\n<meta property=\"og:image\" content=\"https:\/\/www.unirufa.it\/wp-content\/uploads\/2016\/12\/rufa_banner_web.jpg\" \/>\n\t<meta property=\"og:image:width\" content=\"1440\" \/>\n\t<meta property=\"og:image:height\" content=\"600\" \/>\n\t<meta property=\"og:image:type\" content=\"image\/jpeg\" \/>\n<meta name=\"twitter:label1\" content=\"Tiempo de lectura\" \/>\n\t<meta name=\"twitter:data1\" content=\"10 minutos\" \/>\n<script type=\"application\/ld+json\" class=\"yoast-schema-graph\">{\"@context\":\"https:\/\/schema.org\",\"@graph\":[{\"@type\":\"WebPage\",\"@id\":\"https:\/\/www.unirufa.it\/accademia-2\/conoscere-rufa\/\",\"url\":\"https:\/\/www.unirufa.it\/accademia-2\/conoscere-rufa\/\",\"name\":\"[:it]RUFA: Accademia delle Belle Arti di Roma - RUFA[:]\",\"isPartOf\":{\"@id\":\"https:\/\/www.unirufa.it\/#website\"},\"primaryImageOfPage\":{\"@id\":\"https:\/\/www.unirufa.it\/accademia-2\/conoscere-rufa\/#primaryimage\"},\"image\":{\"@id\":\"https:\/\/www.unirufa.it\/accademia-2\/conoscere-rufa\/#primaryimage\"},\"thumbnailUrl\":\"https:\/\/www.unirufa.it\/wp-content\/uploads\/2016\/12\/rufa_banner_web.jpg\",\"datePublished\":\"2013-06-07T11:10:43+00:00\",\"dateModified\":\"2026-03-17T13:38:20+00:00\",\"description\":\"{:it}RUFA: Centro didattico multidisciplinare internazionale riconosciuto dal MIUR che offre percorsi formativi in Arte, Design, Comunicazione e Media Art.{:}\",\"breadcrumb\":{\"@id\":\"https:\/\/www.unirufa.it\/accademia-2\/conoscere-rufa\/#breadcrumb\"},\"inLanguage\":\"es\",\"potentialAction\":[{\"@type\":\"ReadAction\",\"target\":[\"https:\/\/www.unirufa.it\/accademia-2\/conoscere-rufa\/\"]}]},{\"@type\":\"ImageObject\",\"inLanguage\":\"es\",\"@id\":\"https:\/\/www.unirufa.it\/accademia-2\/conoscere-rufa\/#primaryimage\",\"url\":\"https:\/\/www.unirufa.it\/wp-content\/uploads\/2016\/12\/rufa_banner_web.jpg\",\"contentUrl\":\"https:\/\/www.unirufa.it\/wp-content\/uploads\/2016\/12\/rufa_banner_web.jpg\",\"width\":1440,\"height\":600,\"caption\":\"rufa accademia delle belle arti a roma\"},{\"@type\":\"BreadcrumbList\",\"@id\":\"https:\/\/www.unirufa.it\/accademia-2\/conoscere-rufa\/#breadcrumb\",\"itemListElement\":[{\"@type\":\"ListItem\",\"position\":1,\"name\":\"Home\",\"item\":\"https:\/\/www.unirufa.it\/\"},{\"@type\":\"ListItem\",\"position\":2,\"name\":\"Accademia\",\"item\":\"https:\/\/www.unirufa.it\/accademia-2\/\"},{\"@type\":\"ListItem\",\"position\":3,\"name\":\"Conoscere RUFA\"}]},{\"@type\":\"WebSite\",\"@id\":\"https:\/\/www.unirufa.it\/#website\",\"url\":\"https:\/\/www.unirufa.it\/\",\"name\":\"RUFA - Rome University of Fine Arts\",\"description\":\"\",\"potentialAction\":[{\"@type\":\"SearchAction\",\"target\":{\"@type\":\"EntryPoint\",\"urlTemplate\":\"https:\/\/www.unirufa.it\/?s={search_term_string}\"},\"query-input\":{\"@type\":\"PropertyValueSpecification\",\"valueRequired\":true,\"valueName\":\"search_term_string\"}}],\"inLanguage\":\"es\"}]}<\/script>\n<!-- \/ Yoast SEO plugin. -->","yoast_head_json":{"title":"RUFA: Accademia delle Belle Arti di Roma - RUFA","description":"RUFA: Centro didattico multidisciplinare internazionale riconosciuto dal MIUR che offre percorsi formativi in Arte, Design, Comunicazione e Media Art.","robots":{"index":"index","follow":"follow","max-snippet":"max-snippet:-1","max-image-preview":"max-image-preview:large","max-video-preview":"max-video-preview:-1"},"canonical":"https:\/\/www.unirufa.it\/accademia-2\/conoscere-rufa\/","og_locale":"es_ES","og_type":"article","og_title":"[:it]RUFA: Accademia delle Belle Arti di Roma - RUFA[:]","og_description":"{:it}RUFA: Centro didattico multidisciplinare internazionale riconosciuto dal MIUR che offre percorsi formativi in Arte, Design, Comunicazione e Media Art.{:}","og_url":"https:\/\/www.unirufa.it\/accademia-2\/conoscere-rufa\/","og_site_name":"RUFA - Rome University of Fine Arts","article_modified_time":"2026-03-17T13:38:20+00:00","og_image":[{"width":1440,"height":600,"url":"https:\/\/www.unirufa.it\/wp-content\/uploads\/2016\/12\/rufa_banner_web.jpg","type":"image\/jpeg"}],"twitter_misc":{"Tiempo de lectura":"10 minutos"},"schema":{"@context":"https:\/\/schema.org","@graph":[{"@type":"WebPage","@id":"https:\/\/www.unirufa.it\/accademia-2\/conoscere-rufa\/","url":"https:\/\/www.unirufa.it\/accademia-2\/conoscere-rufa\/","name":"[:it]RUFA: Accademia delle Belle Arti di Roma - RUFA[:]","isPartOf":{"@id":"https:\/\/www.unirufa.it\/#website"},"primaryImageOfPage":{"@id":"https:\/\/www.unirufa.it\/accademia-2\/conoscere-rufa\/#primaryimage"},"image":{"@id":"https:\/\/www.unirufa.it\/accademia-2\/conoscere-rufa\/#primaryimage"},"thumbnailUrl":"https:\/\/www.unirufa.it\/wp-content\/uploads\/2016\/12\/rufa_banner_web.jpg","datePublished":"2013-06-07T11:10:43+00:00","dateModified":"2026-03-17T13:38:20+00:00","description":"{:it}RUFA: Centro didattico multidisciplinare internazionale riconosciuto dal MIUR che offre percorsi formativi in Arte, Design, Comunicazione e Media Art.{:}","breadcrumb":{"@id":"https:\/\/www.unirufa.it\/accademia-2\/conoscere-rufa\/#breadcrumb"},"inLanguage":"es","potentialAction":[{"@type":"ReadAction","target":["https:\/\/www.unirufa.it\/accademia-2\/conoscere-rufa\/"]}]},{"@type":"ImageObject","inLanguage":"es","@id":"https:\/\/www.unirufa.it\/accademia-2\/conoscere-rufa\/#primaryimage","url":"https:\/\/www.unirufa.it\/wp-content\/uploads\/2016\/12\/rufa_banner_web.jpg","contentUrl":"https:\/\/www.unirufa.it\/wp-content\/uploads\/2016\/12\/rufa_banner_web.jpg","width":1440,"height":600,"caption":"rufa accademia delle belle arti a roma"},{"@type":"BreadcrumbList","@id":"https:\/\/www.unirufa.it\/accademia-2\/conoscere-rufa\/#breadcrumb","itemListElement":[{"@type":"ListItem","position":1,"name":"Home","item":"https:\/\/www.unirufa.it\/"},{"@type":"ListItem","position":2,"name":"Accademia","item":"https:\/\/www.unirufa.it\/accademia-2\/"},{"@type":"ListItem","position":3,"name":"Conoscere RUFA"}]},{"@type":"WebSite","@id":"https:\/\/www.unirufa.it\/#website","url":"https:\/\/www.unirufa.it\/","name":"RUFA - Rome University of Fine Arts","description":"","potentialAction":[{"@type":"SearchAction","target":{"@type":"EntryPoint","urlTemplate":"https:\/\/www.unirufa.it\/?s={search_term_string}"},"query-input":{"@type":"PropertyValueSpecification","valueRequired":true,"valueName":"search_term_string"}}],"inLanguage":"es"}]}},"_links":{"self":[{"href":"https:\/\/www.unirufa.it\/es\/wp-json\/wp\/v2\/pages\/1031","targetHints":{"allow":["GET"]}}],"collection":[{"href":"https:\/\/www.unirufa.it\/es\/wp-json\/wp\/v2\/pages"}],"about":[{"href":"https:\/\/www.unirufa.it\/es\/wp-json\/wp\/v2\/types\/page"}],"author":[{"embeddable":true,"href":"https:\/\/www.unirufa.it\/es\/wp-json\/wp\/v2\/users\/1"}],"replies":[{"embeddable":true,"href":"https:\/\/www.unirufa.it\/es\/wp-json\/wp\/v2\/comments?post=1031"}],"version-history":[{"count":126,"href":"https:\/\/www.unirufa.it\/es\/wp-json\/wp\/v2\/pages\/1031\/revisions"}],"predecessor-version":[{"id":152093,"href":"https:\/\/www.unirufa.it\/es\/wp-json\/wp\/v2\/pages\/1031\/revisions\/152093"}],"up":[{"embeddable":true,"href":"https:\/\/www.unirufa.it\/es\/wp-json\/wp\/v2\/pages\/1023"}],"wp:featuredmedia":[{"embeddable":true,"href":"https:\/\/www.unirufa.it\/es\/wp-json\/wp\/v2\/media\/10265"}],"wp:attachment":[{"href":"https:\/\/www.unirufa.it\/es\/wp-json\/wp\/v2\/media?parent=1031"}],"curies":[{"name":"wp","href":"https:\/\/api.w.org\/{rel}","templated":true}]}}