


{"id":10342,"date":"2019-07-17T11:13:57","date_gmt":"2019-07-17T11:13:57","guid":{"rendered":"https:\/\/dev.unirufa.it\/?page_id=10342"},"modified":"2025-09-01T14:15:48","modified_gmt":"2025-09-01T12:15:48","slug":"studenti-internazionali","status":"publish","type":"page","link":"https:\/\/www.unirufa.it\/es\/orientamento\/studenti-internazionali\/","title":{"rendered":"Estudiantes internacionales"},"content":{"rendered":"<h4>Estudiar arte y dise\u00f1o en Italia es una oportunidad \u00fanica y la ambici\u00f3n de much\u00edsimos estudiantes de todo el mundo. Gracias a sus programas y a su proyecci\u00f3n internacional, RUFA es el destino perfecto para los estudiantes extranjeros que deseen cumplir sus sue\u00f1os.<\/h4>\n<p>&nbsp;<br \/>\nA lo largo de los a\u00f1os, RUFA ha implementado un proceso de internacionalizaci\u00f3n, ofreciendo a sus estudiantes <strong>Cursos de Diploma Acad\u00e9mico en ingl\u00e9s<\/strong>, un <strong>Foundation Course<\/strong>, intercambios <strong>Erasmus<\/strong>, oportunidades de pr\u00e1cticas en el extranjero y el apoyo de oficinas dedicadas. Las clases son impartidas por un <strong>cuerpo docente internacional<\/strong> y <strong>diversos invitados de todo el mundo<\/strong> son invitados cada a\u00f1o a participar en los eventos de RUFA.<\/p>\n<p>Mudarte al extranjero y aprender a conocer una cultura diferente es una experiencia que te enriquecer\u00e1. Puede ser la mejor experiencia de tu vida y cambiar su rumbo para siempre. Es una manera de descubrir nuevos puntos de vista, hacer nuevas amistades, pero tambi\u00e9n una forma de conocerte mejor y ponerte a prueba.<\/p>\n<p>Italia es el pa\u00eds que posee el mayor n\u00famero de patrimonios de la humanidad de la UNESCO, famoso por su gastronom\u00eda excepcional, su clima, el arte y el dise\u00f1o, y por la gente sociable que lo habita. Como en cualquier otro pa\u00eds, para poder venir a estudiar a Italia deber\u00e1s presentar varios documentos ante las Autoridades competentes de tu pa\u00eds de origen y en Italia. Sabemos que la burocracia puede ser complicada, y por este motivo hemos creado las secciones \u00abantes de llegar\u00bb y \u00abcuando llegues\u00bb para apoyarte y ayudarte a enfrentar estos primeros desaf\u00edos.<\/p>\n<p>Para m\u00e1s informaci\u00f3n puedes contactar: <a href=\"mailto:international.students@unirufa.it\"><strong>international.students@unirufa.it<\/strong><\/a><br \/>\n&nbsp;<br \/>\n<a class=\"download-btn\" href=\" https:\/\/www.unirufa.it\/studenti-internazionali\/prima-di-arrivare\/ \">ANTES DE LLEGAR<\/a><a class=\"download-btn\" href=\" https:\/\/www.unirufa.it\/studenti-internazionali\/quando-arrivi\/\">CUANDO LLEGUES<\/a><a class=\"download-btn\" href=\" https:\/\/www.unirufa.it\/studenti-internazionali\/esperienze-degli-studenti-internazionali\/\">Experiencias estudiantes internacionales<\/a><br \/>","protected":false},"excerpt":{"rendered":"<p>Estudiar arte y dise\u00f1o en Italia es una oportunidad \u00fanica y la ambici\u00f3n de much\u00edsimos estudiantes de todo el mundo. Gracias a sus programas y a su proyecci\u00f3n internacional, RUFA es el destino perfecto para los estudiantes extranjeros que deseen cumplir sus sue\u00f1os. &nbsp; A lo largo de los a\u00f1os, RUFA ha implementado un proceso&#8230;<\/p>\n","protected":false},"author":1,"featured_media":21135,"parent":48672,"menu_order":0,"comment_status":"closed","ping_status":"closed","template":"","meta":{"content-type":"","footnotes":""},"class_list":["post-10342","page","type-page","status-publish","has-post-thumbnail","hentry"],"yoast_head":"<!-- This site is optimized with the Yoast SEO plugin v24.2 - https:\/\/yoast.com\/wordpress\/plugins\/seo\/ -->\n<title>Servizio di Orientamento per studenti Internazionali - RUFA<\/title>\n<meta name=\"description\" content=\"Studiare arte e design in Italia \u00e8 un&#039;opportunit\u00e0 unica e con i suoi programmi e un respiro internazionale RUFA \u00e8 la destinazione perfetta!\" \/>\n<meta name=\"robots\" content=\"index, follow, max-snippet:-1, max-image-preview:large, max-video-preview:-1\" \/>\n<link rel=\"canonical\" href=\"https:\/\/www.unirufa.it\/orientamento\/studenti-internazionali\/\" \/>\n<meta property=\"og:locale\" content=\"es_ES\" \/>\n<meta property=\"og:type\" content=\"article\" \/>\n<meta property=\"og:title\" content=\"[:it]Servizio di Orientamento per studenti Internazionali - RUFA[:]\" \/>\n<meta property=\"og:description\" content=\"{:it}Studiare arte e design in Italia \u00e8 un&#039;opportunit\u00e0 unica e con i suoi programmi e un respiro internazionale RUFA \u00e8 la destinazione perfetta!{:}\" \/>\n<meta property=\"og:url\" content=\"https:\/\/www.unirufa.it\/orientamento\/studenti-internazionali\/\" \/>\n<meta property=\"og:site_name\" content=\"RUFA - Rome University of Fine Arts\" \/>\n<meta property=\"article:modified_time\" content=\"2025-09-01T12:15:48+00:00\" \/>\n<meta property=\"og:image\" content=\"https:\/\/www.unirufa.it\/wp-content\/uploads\/2019\/07\/international.jpg\" \/>\n\t<meta property=\"og:image:width\" content=\"1440\" \/>\n\t<meta property=\"og:image:height\" content=\"600\" \/>\n\t<meta property=\"og:image:type\" content=\"image\/jpeg\" \/>\n<meta name=\"twitter:label1\" content=\"Tiempo de lectura\" \/>\n\t<meta name=\"twitter:data1\" content=\"5 minutos\" \/>\n<script type=\"application\/ld+json\" class=\"yoast-schema-graph\">{\"@context\":\"https:\/\/schema.org\",\"@graph\":[{\"@type\":\"WebPage\",\"@id\":\"https:\/\/www.unirufa.it\/orientamento\/studenti-internazionali\/\",\"url\":\"https:\/\/www.unirufa.it\/orientamento\/studenti-internazionali\/\",\"name\":\"[:it]Servizio di Orientamento per studenti Internazionali - RUFA[:]\",\"isPartOf\":{\"@id\":\"https:\/\/www.unirufa.it\/#website\"},\"primaryImageOfPage\":{\"@id\":\"https:\/\/www.unirufa.it\/orientamento\/studenti-internazionali\/#primaryimage\"},\"image\":{\"@id\":\"https:\/\/www.unirufa.it\/orientamento\/studenti-internazionali\/#primaryimage\"},\"thumbnailUrl\":\"https:\/\/www.unirufa.it\/wp-content\/uploads\/2019\/07\/international.jpg\",\"datePublished\":\"2019-07-17T11:13:57+00:00\",\"dateModified\":\"2025-09-01T12:15:48+00:00\",\"description\":\"{:it}Studiare arte e design in Italia \u00e8 un'opportunit\u00e0 unica e con i suoi programmi e un respiro internazionale RUFA \u00e8 la destinazione perfetta!{:}\",\"breadcrumb\":{\"@id\":\"https:\/\/www.unirufa.it\/orientamento\/studenti-internazionali\/#breadcrumb\"},\"inLanguage\":\"es\",\"potentialAction\":[{\"@type\":\"ReadAction\",\"target\":[\"https:\/\/www.unirufa.it\/orientamento\/studenti-internazionali\/\"]}]},{\"@type\":\"ImageObject\",\"inLanguage\":\"es\",\"@id\":\"https:\/\/www.unirufa.it\/orientamento\/studenti-internazionali\/#primaryimage\",\"url\":\"https:\/\/www.unirufa.it\/wp-content\/uploads\/2019\/07\/international.jpg\",\"contentUrl\":\"https:\/\/www.unirufa.it\/wp-content\/uploads\/2019\/07\/international.jpg\",\"width\":1440,\"height\":600,\"caption\":\"studenti stranieri orientamento\"},{\"@type\":\"BreadcrumbList\",\"@id\":\"https:\/\/www.unirufa.it\/orientamento\/studenti-internazionali\/#breadcrumb\",\"itemListElement\":[{\"@type\":\"ListItem\",\"position\":1,\"name\":\"Home\",\"item\":\"https:\/\/www.unirufa.it\/\"},{\"@type\":\"ListItem\",\"position\":2,\"name\":\"Orientamento\",\"item\":\"https:\/\/www.unirufa.it\/orientamento\/\"},{\"@type\":\"ListItem\",\"position\":3,\"name\":\"Studenti internazionali\"}]},{\"@type\":\"WebSite\",\"@id\":\"https:\/\/www.unirufa.it\/#website\",\"url\":\"https:\/\/www.unirufa.it\/\",\"name\":\"RUFA - Rome University of Fine Arts\",\"description\":\"\",\"potentialAction\":[{\"@type\":\"SearchAction\",\"target\":{\"@type\":\"EntryPoint\",\"urlTemplate\":\"https:\/\/www.unirufa.it\/?s={search_term_string}\"},\"query-input\":{\"@type\":\"PropertyValueSpecification\",\"valueRequired\":true,\"valueName\":\"search_term_string\"}}],\"inLanguage\":\"es\"}]}<\/script>\n<!-- \/ Yoast SEO plugin. -->","yoast_head_json":{"title":"Servizio di Orientamento per studenti Internazionali - RUFA","description":"Studiare arte e design in Italia \u00e8 un'opportunit\u00e0 unica e con i suoi programmi e un respiro internazionale RUFA \u00e8 la destinazione perfetta!","robots":{"index":"index","follow":"follow","max-snippet":"max-snippet:-1","max-image-preview":"max-image-preview:large","max-video-preview":"max-video-preview:-1"},"canonical":"https:\/\/www.unirufa.it\/orientamento\/studenti-internazionali\/","og_locale":"es_ES","og_type":"article","og_title":"[:it]Servizio di Orientamento per studenti Internazionali - RUFA[:]","og_description":"{:it}Studiare arte e design in Italia \u00e8 un'opportunit\u00e0 unica e con i suoi programmi e un respiro internazionale RUFA \u00e8 la destinazione perfetta!{:}","og_url":"https:\/\/www.unirufa.it\/orientamento\/studenti-internazionali\/","og_site_name":"RUFA - Rome University of Fine Arts","article_modified_time":"2025-09-01T12:15:48+00:00","og_image":[{"width":1440,"height":600,"url":"https:\/\/www.unirufa.it\/wp-content\/uploads\/2019\/07\/international.jpg","type":"image\/jpeg"}],"twitter_misc":{"Tiempo de lectura":"5 minutos"},"schema":{"@context":"https:\/\/schema.org","@graph":[{"@type":"WebPage","@id":"https:\/\/www.unirufa.it\/orientamento\/studenti-internazionali\/","url":"https:\/\/www.unirufa.it\/orientamento\/studenti-internazionali\/","name":"[:it]Servizio di Orientamento per studenti Internazionali - RUFA[:]","isPartOf":{"@id":"https:\/\/www.unirufa.it\/#website"},"primaryImageOfPage":{"@id":"https:\/\/www.unirufa.it\/orientamento\/studenti-internazionali\/#primaryimage"},"image":{"@id":"https:\/\/www.unirufa.it\/orientamento\/studenti-internazionali\/#primaryimage"},"thumbnailUrl":"https:\/\/www.unirufa.it\/wp-content\/uploads\/2019\/07\/international.jpg","datePublished":"2019-07-17T11:13:57+00:00","dateModified":"2025-09-01T12:15:48+00:00","description":"{:it}Studiare arte e design in Italia \u00e8 un'opportunit\u00e0 unica e con i suoi programmi e un respiro internazionale RUFA \u00e8 la destinazione perfetta!{:}","breadcrumb":{"@id":"https:\/\/www.unirufa.it\/orientamento\/studenti-internazionali\/#breadcrumb"},"inLanguage":"es","potentialAction":[{"@type":"ReadAction","target":["https:\/\/www.unirufa.it\/orientamento\/studenti-internazionali\/"]}]},{"@type":"ImageObject","inLanguage":"es","@id":"https:\/\/www.unirufa.it\/orientamento\/studenti-internazionali\/#primaryimage","url":"https:\/\/www.unirufa.it\/wp-content\/uploads\/2019\/07\/international.jpg","contentUrl":"https:\/\/www.unirufa.it\/wp-content\/uploads\/2019\/07\/international.jpg","width":1440,"height":600,"caption":"studenti stranieri orientamento"},{"@type":"BreadcrumbList","@id":"https:\/\/www.unirufa.it\/orientamento\/studenti-internazionali\/#breadcrumb","itemListElement":[{"@type":"ListItem","position":1,"name":"Home","item":"https:\/\/www.unirufa.it\/"},{"@type":"ListItem","position":2,"name":"Orientamento","item":"https:\/\/www.unirufa.it\/orientamento\/"},{"@type":"ListItem","position":3,"name":"Studenti internazionali"}]},{"@type":"WebSite","@id":"https:\/\/www.unirufa.it\/#website","url":"https:\/\/www.unirufa.it\/","name":"RUFA - Rome University of Fine Arts","description":"","potentialAction":[{"@type":"SearchAction","target":{"@type":"EntryPoint","urlTemplate":"https:\/\/www.unirufa.it\/?s={search_term_string}"},"query-input":{"@type":"PropertyValueSpecification","valueRequired":true,"valueName":"search_term_string"}}],"inLanguage":"es"}]}},"_links":{"self":[{"href":"https:\/\/www.unirufa.it\/es\/wp-json\/wp\/v2\/pages\/10342","targetHints":{"allow":["GET"]}}],"collection":[{"href":"https:\/\/www.unirufa.it\/es\/wp-json\/wp\/v2\/pages"}],"about":[{"href":"https:\/\/www.unirufa.it\/es\/wp-json\/wp\/v2\/types\/page"}],"author":[{"embeddable":true,"href":"https:\/\/www.unirufa.it\/es\/wp-json\/wp\/v2\/users\/1"}],"replies":[{"embeddable":true,"href":"https:\/\/www.unirufa.it\/es\/wp-json\/wp\/v2\/comments?post=10342"}],"version-history":[{"count":46,"href":"https:\/\/www.unirufa.it\/es\/wp-json\/wp\/v2\/pages\/10342\/revisions"}],"predecessor-version":[{"id":147499,"href":"https:\/\/www.unirufa.it\/es\/wp-json\/wp\/v2\/pages\/10342\/revisions\/147499"}],"up":[{"embeddable":true,"href":"https:\/\/www.unirufa.it\/es\/wp-json\/wp\/v2\/pages\/48672"}],"wp:featuredmedia":[{"embeddable":true,"href":"https:\/\/www.unirufa.it\/es\/wp-json\/wp\/v2\/media\/21135"}],"wp:attachment":[{"href":"https:\/\/www.unirufa.it\/es\/wp-json\/wp\/v2\/media?parent=10342"}],"curies":[{"name":"wp","href":"https:\/\/api.w.org\/{rel}","templated":true}]}}