


{"id":1048,"date":"2013-06-07T11:28:42","date_gmt":"2013-06-07T11:28:42","guid":{"rendered":"http:\/\/www.unirufa.it\/?page_id=1048"},"modified":"2025-04-08T12:49:47","modified_gmt":"2025-04-08T10:49:47","slug":"certificazioni","status":"publish","type":"page","link":"https:\/\/www.unirufa.it\/es\/accademia-2\/sistema-di-valutazione\/certificazioni\/","title":{"rendered":"Certificaciones"},"content":{"rendered":"<h2>Certificaci\u00f3n UNI EN ISO 9001:2015.<\/h2>\n<h3>Certificaciones<\/h3>\n<p>RUFA ha obtenido el Certificado de Conformidad del Sistema de Gesti\u00f3n de Calidad UNI EN ISO 9001:2015, por la calidad de su ense\u00f1anza y de los servicios que ofrece. El Certificado de Conformidad es una garant\u00eda de calidad para todos los involucrados en el trabajo de la Academia, sus estudiantes, profesores y personal.<\/p>\n<h3>Los estudiantes son clientes satisfechos.<\/h3>\n<p>En los \u00faltimos quince a\u00f1os de actividad acad\u00e9mica, la RUFA ha demostrado su capacidad para prestar un servicio de calidad y el constante aumento del n\u00famero de estudiantes matriculados, a\u00f1o tras a\u00f1o, es una prueba de esta calidad.<\/p>\n<h3>Responsabilidades de gesti\u00f3n.<\/h3>\n<p>Los estudiantes est\u00e1n en el centro de los esfuerzos de la RUFA: la direcci\u00f3n, los profesores y el personal trabajan para crear y promover un plan de estudios adecuado y armonizar y optimizar las relaciones de trabajo de acuerdo con los criterios establecidos con el Certificado de Conformidad.<\/p>\n<h3>Infraestructura.<\/h3>\n<p>Los laboratorios, el equipo, los servicios de apoyo y las condiciones de seguridad en el lugar de trabajo est\u00e1n dentro de los requisitos de las normas de la industria y los reglamentos ministeriales.<br \/>\nEl Certificado Internacional de Calidad obtenido por la RUFA, Universidad de Bellas Artes de Roma, garantiza a los estudiantes, una educaci\u00f3n excelente, unas instalaciones excelentes y la mejor oportunidad para una transici\u00f3n sin problemas a la fuerza de trabajo profesional.<\/p>\n<p><a class=\"download-btn\" href=\"https:\/\/www.unirufa.it\/wp-content\/uploads\/2025\/02\/Certificato-RINA-2025-2027.pdf\">CERTIFICADO RINA<\/a><a class=\"download-btn\" href=\"https:\/\/www.unirufa.it\/wp-content\/uploads\/2025\/02\/Certificato-Iqnet-2025-2027.pdf\">CERTIFICADO IQNET<\/a><\/p>\n<p>&nbsp;<\/p>\n<h2>Nuestro compromiso con la igualdad de g\u00e9nero<\/h2>\n<p>RUFA cree firmemente que la igualdad de g\u00e9nero es un valor fundamental para el crecimiento y el \u00e9xito de la Academia.<br \/>\nPor este motivo, ha emprendido un camino estructurado para promover un entorno laboral cada vez m\u00e1s justo e inclusivo, donde todas las personas puedan expresar plenamente su talento.<br \/>\nEn este sentido, nos enorgullece anunciar que hemos <strong>obtenido la certificaci\u00f3n de igualdad de g\u00e9nero<\/strong>, un reconocimiento que confirma nuestro compromiso concreto con <strong>garantizar la igualdad de oportunidades<\/strong>, <strong>valorar la diversidad<\/strong> y fomentar el equilibrio entre la vida laboral y personal.<br \/>\nEste logro representa solo un paso en nuestro camino: seguiremos trabajando con determinaci\u00f3n para mejorar nuestras pol\u00edticas y promover una cultura organizacional cada vez m\u00e1s inclusiva.<\/p>\n<p><a class=\"download-btn full\" href=\"https:\/\/www.unirufa.it\/wp-content\/uploads\/2025\/04\/Certificazione-UNI-PdR_125-RUFA.pdf\">CERTIFICADO DE IGUALDAD DE G\u00c9NERO<\/a><a class=\"download-btn\" href=\"https:\/\/www.unirufa.it\/wp-content\/uploads\/2025\/02\/POLITICA-UNI-PdR-125_RUFA.pdf\">POL\u00cdTICA DE G\u00c9NERO<\/a><a class=\"download-btn\" href=\"https:\/\/www.unirufa.it\/wp-content\/uploads\/2025\/02\/RUFA_PIANO-DELLE-COMUNICAZIONI-PARITA-DI-GENERE.pdf\">PLAN DE COMUNICACIONES<\/a><\/p>\n<p>&nbsp;","protected":false},"excerpt":{"rendered":"<p>Certificaci\u00f3n UNI EN ISO 9001:2015. Certificaciones RUFA ha obtenido el Certificado de Conformidad del Sistema de Gesti\u00f3n de Calidad UNI EN ISO 9001:2015, por la calidad de su ense\u00f1anza y de los servicios que ofrece. El Certificado de Conformidad es una garant\u00eda de calidad para todos los involucrados en el trabajo de la Academia, sus&#8230;<\/p>\n","protected":false},"author":1,"featured_media":0,"parent":10295,"menu_order":0,"comment_status":"closed","ping_status":"closed","template":"","meta":{"content-type":"","footnotes":""},"class_list":["post-1048","page","type-page","status-publish","hentry"],"yoast_head":"<!-- This site is optimized with the Yoast SEO plugin v24.2 - https:\/\/yoast.com\/wordpress\/plugins\/seo\/ -->\n<title>Certificaciones - RUFA - Rome University of Fine Arts<\/title>\n<meta name=\"robots\" content=\"index, follow, max-snippet:-1, max-image-preview:large, max-video-preview:-1\" \/>\n<link rel=\"canonical\" href=\"https:\/\/www.unirufa.it\/accademia-2\/sistema-di-valutazione\/certificazioni\/\" \/>\n<meta property=\"og:locale\" content=\"es_ES\" \/>\n<meta property=\"og:type\" content=\"article\" \/>\n<meta property=\"og:title\" content=\"Certificaciones - RUFA - Rome University of Fine Arts\" \/>\n<meta property=\"og:description\" content=\"Certificaci\u00f3n UNI EN ISO 9001:2015. Certificaciones RUFA ha obtenido el Certificado de Conformidad del Sistema de Gesti\u00f3n de Calidad UNI EN ISO 9001:2015, por la calidad de su ense\u00f1anza y de los servicios que ofrece. El Certificado de Conformidad es una garant\u00eda de calidad para todos los involucrados en el trabajo de la Academia, sus...\" \/>\n<meta property=\"og:url\" content=\"https:\/\/www.unirufa.it\/accademia-2\/sistema-di-valutazione\/certificazioni\/\" \/>\n<meta property=\"og:site_name\" content=\"RUFA - Rome University of Fine Arts\" \/>\n<meta property=\"article:modified_time\" content=\"2025-04-08T10:49:47+00:00\" \/>\n<meta property=\"og:image\" content=\"https:\/\/www.unirufa.it\/wp-content\/uploads\/2017\/11\/logo-rufa-2016.png\" \/>\n\t<meta property=\"og:image:width\" content=\"230\" \/>\n\t<meta property=\"og:image:height\" content=\"149\" \/>\n\t<meta property=\"og:image:type\" content=\"image\/png\" \/>\n<meta name=\"twitter:label1\" content=\"Tiempo de lectura\" \/>\n\t<meta name=\"twitter:data1\" content=\"6 minutos\" \/>\n<script type=\"application\/ld+json\" class=\"yoast-schema-graph\">{\"@context\":\"https:\/\/schema.org\",\"@graph\":[{\"@type\":\"WebPage\",\"@id\":\"https:\/\/www.unirufa.it\/accademia-2\/sistema-di-valutazione\/certificazioni\/\",\"url\":\"https:\/\/www.unirufa.it\/accademia-2\/sistema-di-valutazione\/certificazioni\/\",\"name\":\"Certificaciones - RUFA - Rome University of Fine Arts\",\"isPartOf\":{\"@id\":\"https:\/\/www.unirufa.it\/#website\"},\"datePublished\":\"2013-06-07T11:28:42+00:00\",\"dateModified\":\"2025-04-08T10:49:47+00:00\",\"breadcrumb\":{\"@id\":\"https:\/\/www.unirufa.it\/accademia-2\/sistema-di-valutazione\/certificazioni\/#breadcrumb\"},\"inLanguage\":\"es\",\"potentialAction\":[{\"@type\":\"ReadAction\",\"target\":[\"https:\/\/www.unirufa.it\/accademia-2\/sistema-di-valutazione\/certificazioni\/\"]}]},{\"@type\":\"BreadcrumbList\",\"@id\":\"https:\/\/www.unirufa.it\/accademia-2\/sistema-di-valutazione\/certificazioni\/#breadcrumb\",\"itemListElement\":[{\"@type\":\"ListItem\",\"position\":1,\"name\":\"Home\",\"item\":\"https:\/\/www.unirufa.it\/\"},{\"@type\":\"ListItem\",\"position\":2,\"name\":\"Accademia\",\"item\":\"https:\/\/www.unirufa.it\/accademia-2\/\"},{\"@type\":\"ListItem\",\"position\":3,\"name\":\"Evaluation system\",\"item\":\"https:\/\/www.unirufa.it\/en\/accademia-2\/sistema-di-valutazione\/\"},{\"@type\":\"ListItem\",\"position\":4,\"name\":\"Certificazioni\"}]},{\"@type\":\"WebSite\",\"@id\":\"https:\/\/www.unirufa.it\/#website\",\"url\":\"https:\/\/www.unirufa.it\/\",\"name\":\"RUFA - Rome University of Fine Arts\",\"description\":\"\",\"potentialAction\":[{\"@type\":\"SearchAction\",\"target\":{\"@type\":\"EntryPoint\",\"urlTemplate\":\"https:\/\/www.unirufa.it\/?s={search_term_string}\"},\"query-input\":{\"@type\":\"PropertyValueSpecification\",\"valueRequired\":true,\"valueName\":\"search_term_string\"}}],\"inLanguage\":\"es\"}]}<\/script>\n<!-- \/ Yoast SEO plugin. -->","yoast_head_json":{"title":"Certificaciones - RUFA - Rome University of Fine Arts","robots":{"index":"index","follow":"follow","max-snippet":"max-snippet:-1","max-image-preview":"max-image-preview:large","max-video-preview":"max-video-preview:-1"},"canonical":"https:\/\/www.unirufa.it\/accademia-2\/sistema-di-valutazione\/certificazioni\/","og_locale":"es_ES","og_type":"article","og_title":"Certificaciones - RUFA - Rome University of Fine Arts","og_description":"Certificaci\u00f3n UNI EN ISO 9001:2015. Certificaciones RUFA ha obtenido el Certificado de Conformidad del Sistema de Gesti\u00f3n de Calidad UNI EN ISO 9001:2015, por la calidad de su ense\u00f1anza y de los servicios que ofrece. El Certificado de Conformidad es una garant\u00eda de calidad para todos los involucrados en el trabajo de la Academia, sus...","og_url":"https:\/\/www.unirufa.it\/accademia-2\/sistema-di-valutazione\/certificazioni\/","og_site_name":"RUFA - Rome University of Fine Arts","article_modified_time":"2025-04-08T10:49:47+00:00","og_image":[{"width":230,"height":149,"url":"https:\/\/www.unirufa.it\/wp-content\/uploads\/2017\/11\/logo-rufa-2016.png","type":"image\/png"}],"twitter_misc":{"Tiempo de lectura":"6 minutos"},"schema":{"@context":"https:\/\/schema.org","@graph":[{"@type":"WebPage","@id":"https:\/\/www.unirufa.it\/accademia-2\/sistema-di-valutazione\/certificazioni\/","url":"https:\/\/www.unirufa.it\/accademia-2\/sistema-di-valutazione\/certificazioni\/","name":"Certificaciones - RUFA - Rome University of Fine Arts","isPartOf":{"@id":"https:\/\/www.unirufa.it\/#website"},"datePublished":"2013-06-07T11:28:42+00:00","dateModified":"2025-04-08T10:49:47+00:00","breadcrumb":{"@id":"https:\/\/www.unirufa.it\/accademia-2\/sistema-di-valutazione\/certificazioni\/#breadcrumb"},"inLanguage":"es","potentialAction":[{"@type":"ReadAction","target":["https:\/\/www.unirufa.it\/accademia-2\/sistema-di-valutazione\/certificazioni\/"]}]},{"@type":"BreadcrumbList","@id":"https:\/\/www.unirufa.it\/accademia-2\/sistema-di-valutazione\/certificazioni\/#breadcrumb","itemListElement":[{"@type":"ListItem","position":1,"name":"Home","item":"https:\/\/www.unirufa.it\/"},{"@type":"ListItem","position":2,"name":"Accademia","item":"https:\/\/www.unirufa.it\/accademia-2\/"},{"@type":"ListItem","position":3,"name":"Evaluation system","item":"https:\/\/www.unirufa.it\/en\/accademia-2\/sistema-di-valutazione\/"},{"@type":"ListItem","position":4,"name":"Certificazioni"}]},{"@type":"WebSite","@id":"https:\/\/www.unirufa.it\/#website","url":"https:\/\/www.unirufa.it\/","name":"RUFA - Rome University of Fine Arts","description":"","potentialAction":[{"@type":"SearchAction","target":{"@type":"EntryPoint","urlTemplate":"https:\/\/www.unirufa.it\/?s={search_term_string}"},"query-input":{"@type":"PropertyValueSpecification","valueRequired":true,"valueName":"search_term_string"}}],"inLanguage":"es"}]}},"_links":{"self":[{"href":"https:\/\/www.unirufa.it\/es\/wp-json\/wp\/v2\/pages\/1048","targetHints":{"allow":["GET"]}}],"collection":[{"href":"https:\/\/www.unirufa.it\/es\/wp-json\/wp\/v2\/pages"}],"about":[{"href":"https:\/\/www.unirufa.it\/es\/wp-json\/wp\/v2\/types\/page"}],"author":[{"embeddable":true,"href":"https:\/\/www.unirufa.it\/es\/wp-json\/wp\/v2\/users\/1"}],"replies":[{"embeddable":true,"href":"https:\/\/www.unirufa.it\/es\/wp-json\/wp\/v2\/comments?post=1048"}],"version-history":[{"count":34,"href":"https:\/\/www.unirufa.it\/es\/wp-json\/wp\/v2\/pages\/1048\/revisions"}],"predecessor-version":[{"id":143996,"href":"https:\/\/www.unirufa.it\/es\/wp-json\/wp\/v2\/pages\/1048\/revisions\/143996"}],"up":[{"embeddable":true,"href":"https:\/\/www.unirufa.it\/es\/wp-json\/wp\/v2\/pages\/10295"}],"wp:attachment":[{"href":"https:\/\/www.unirufa.it\/es\/wp-json\/wp\/v2\/media?parent=1048"}],"curies":[{"name":"wp","href":"https:\/\/api.w.org\/{rel}","templated":true}]}}