


{"id":10848,"date":"2017-02-01T11:50:20","date_gmt":"2017-02-01T11:50:20","guid":{"rendered":"https:\/\/www.unirufa.it\/?page_id=10848"},"modified":"2025-10-21T19:57:49","modified_gmt":"2025-10-21T17:57:49","slug":"corsi-brevi","status":"publish","type":"page","link":"https:\/\/www.unirufa.it\/es\/offerta-formativa\/corsi-brevi\/","title":{"rendered":"CURSOS INTENSIVOS"},"content":{"rendered":"<h3>Formaci\u00f3n creativa para todos.<\/h3>\n<p>Cursos cortos, intensivos, profesionales y personalizados: La RUFA ofrece una selecci\u00f3n de cursos no acad\u00e9micos para satisfacer las necesidades de formaci\u00f3n de los profesionales y los aspirantes a artistas. Una forma sencilla, flexible y completa de aprender las habilidades que necesitas para llevar tu arte al siguiente nivel.<\/p>\n<h3>Profesores cualificados y clases reducidas.<\/h3>\n<p>Para garantizar un alto nivel de formaci\u00f3n y preparaci\u00f3n a los participantes, los cursos cortos se organizan en clases de n\u00famero limitado, con profesores cualificados de RUFA cuidadosamente seleccionados para proporcionar la mejor preparaci\u00f3n a todos los participantes. <\/p>\n<p>La RUFA ofrece cursos breves para profesionales y aspirantes a artistas que buscan nuevas habilidades, con el fin de ampliar sus capacidades en el campo de las artes visuales, el audiovisual y el dise\u00f1o. Entre las propuestas: cursos de dibujo art\u00edstico, cursos de pintura, cursos de cine y cursos de fotograf\u00eda. Adem\u00e1s, para aquellos que deseen mejorar sus habilidades en el campo de la redacci\u00f3n publicitaria, la RUFA organiza un curso enteramente dedicado al arte de la redacci\u00f3n publicitaria, as\u00ed como cursos profesionales en el campo del software, desde la suite de Adobe hasta el modelado 3D y el dise\u00f1o web.<\/p>\n<h3>Se adapta a sus necesidades<\/h3>\n<p>La RUFA tambi\u00e9n ofrece a particulares, peque\u00f1os grupos y empresas la posibilidad de crear cursos a medida, con horarios y m\u00e9todos personalizables para desarrollar habilidades art\u00edsticas y t\u00e9cnicas con programas inform\u00e1ticos espec\u00edficos. <\/p>\n<div class=\"row\">\n<div class=\"col-lg-4\">\n<p><a href=\"https:\/\/www.unirufa.it\/es\/offerta-formativa\/corsi-intensivi\/laboratorio-creativo\/\"><\/p>\n<h5>Talleres creativos<\/h5>\n<p><\/a> Cursos intensivos dedicados a quienes desean acercarse a las artes visuales desde lo m\u00e1s b\u00e1sico o para quienes a\u00fan est\u00e1n empezando. Cada uno de estos cursos se basa en los fundamentos de la disciplina, centr\u00e1ndose en la pr\u00e1ctica.\n<\/div>\n<div class=\"col-lg-4\">\n<p><a href=\"https:\/\/www.unirufa.it\/es\/offerta-formativa\/corsi-intensivi\/professional-hub\/\"><\/p>\n<h5>Professional Hub &#8211; software<\/h5>\n<p><\/a> Cursos intensivos y especializados dise\u00f1ados para desarrollar competencias completas en software, ideales para quienes tienen conocimientos b\u00e1sicos y buscan mejorar sus habilidades mediante formaci\u00f3n pr\u00e1ctica y orientaci\u00f3n experta.\n<\/div>\n<div class=\"col-lg-4\">\n<p><a href=\"https:\/\/www.unirufa.it\/es\/offerta-formativa\/corsi-intensivi\/skills-centre\/\"><\/p>\n<h5>Skills centre &#8211; para empresas<\/h5>\n<p><\/a> Formaci\u00f3n para tu empresa. Desarrollar nuevas habilidades es parte del trabajo. Cursos a medida con horarios y modalidades personalizadas, centrados en el desarrollo de habilidades art\u00edsticas y t\u00e9cnicas con software espec\u00edfico.\n<\/div>\n<\/div>\n<p><a name=\"scegli\">","protected":false},"excerpt":{"rendered":"<p>Formaci\u00f3n creativa para todos. Cursos cortos, intensivos, profesionales y personalizados: La RUFA ofrece una selecci\u00f3n de cursos no acad\u00e9micos para satisfacer las necesidades de formaci\u00f3n de los profesionales y los aspirantes a artistas. Una forma sencilla, flexible y completa de aprender las habilidades que necesitas para llevar tu arte al siguiente nivel. Profesores cualificados y&#8230;<\/p>\n","protected":false},"author":1,"featured_media":129864,"parent":1253,"menu_order":0,"comment_status":"closed","ping_status":"closed","template":"page_short-courses.php","meta":{"content-type":"","footnotes":""},"class_list":["post-10848","page","type-page","status-publish","has-post-thumbnail","hentry"],"yoast_head":"<!-- This site is optimized with the Yoast SEO plugin v24.2 - https:\/\/yoast.com\/wordpress\/plugins\/seo\/ -->\n<title>Corsi Brevi di Design all&#039;Accademia delle Belle Arti a Roma - RUFA<\/title>\n<meta name=\"description\" content=\"Scopri tutti i corsi brevi presso l&#039;Accademia delle belle Arti di Roma, RUFA e trova la tua strada!\" \/>\n<meta name=\"robots\" content=\"index, follow, max-snippet:-1, max-image-preview:large, max-video-preview:-1\" \/>\n<link rel=\"canonical\" href=\"https:\/\/www.unirufa.it\/offerta-formativa\/corsi-brevi\/\" \/>\n<meta property=\"og:locale\" content=\"es_ES\" \/>\n<meta property=\"og:type\" content=\"article\" \/>\n<meta property=\"og:title\" content=\"[:it]Corsi Brevi[:es]Corsi Brevi di Design all&#039;Accademia delle Belle Arti a Roma - RUFA[:]\" \/>\n<meta property=\"og:description\" content=\"{:it}Scopri tutti i corsi brevi presso l&#039;Accademia delle belle Arti di Roma, RUFA e trova la tua strada!{:}\" \/>\n<meta property=\"og:url\" content=\"https:\/\/www.unirufa.it\/offerta-formativa\/corsi-brevi\/\" \/>\n<meta property=\"og:site_name\" content=\"RUFA - Rome University of Fine Arts\" \/>\n<meta property=\"article:modified_time\" content=\"2025-10-21T17:57:49+00:00\" \/>\n<meta property=\"og:image\" content=\"https:\/\/www.unirufa.it\/wp-content\/uploads\/2024\/04\/RUFA_CORSI_BREVI.jpg\" \/>\n\t<meta property=\"og:image:width\" content=\"1440\" \/>\n\t<meta property=\"og:image:height\" content=\"600\" \/>\n\t<meta property=\"og:image:type\" content=\"image\/jpeg\" \/>\n<meta name=\"twitter:label1\" content=\"Tiempo de lectura\" \/>\n\t<meta name=\"twitter:data1\" content=\"6 minutos\" \/>\n<script type=\"application\/ld+json\" class=\"yoast-schema-graph\">{\"@context\":\"https:\/\/schema.org\",\"@graph\":[{\"@type\":\"WebPage\",\"@id\":\"https:\/\/www.unirufa.it\/offerta-formativa\/corsi-brevi\/\",\"url\":\"https:\/\/www.unirufa.it\/offerta-formativa\/corsi-brevi\/\",\"name\":\"[:it]Corsi Brevi[:es]Corsi Brevi di Design all'Accademia delle Belle Arti a Roma - RUFA[:]\",\"isPartOf\":{\"@id\":\"https:\/\/www.unirufa.it\/#website\"},\"primaryImageOfPage\":{\"@id\":\"https:\/\/www.unirufa.it\/offerta-formativa\/corsi-brevi\/#primaryimage\"},\"image\":{\"@id\":\"https:\/\/www.unirufa.it\/offerta-formativa\/corsi-brevi\/#primaryimage\"},\"thumbnailUrl\":\"https:\/\/www.unirufa.it\/wp-content\/uploads\/2024\/04\/RUFA_CORSI_BREVI.jpg\",\"datePublished\":\"2017-02-01T11:50:20+00:00\",\"dateModified\":\"2025-10-21T17:57:49+00:00\",\"description\":\"{:it}Scopri tutti i corsi brevi presso l'Accademia delle belle Arti di Roma, RUFA e trova la tua strada!{:}\",\"breadcrumb\":{\"@id\":\"https:\/\/www.unirufa.it\/offerta-formativa\/corsi-brevi\/#breadcrumb\"},\"inLanguage\":\"es\",\"potentialAction\":[{\"@type\":\"ReadAction\",\"target\":[\"https:\/\/www.unirufa.it\/offerta-formativa\/corsi-brevi\/\"]}]},{\"@type\":\"ImageObject\",\"inLanguage\":\"es\",\"@id\":\"https:\/\/www.unirufa.it\/offerta-formativa\/corsi-brevi\/#primaryimage\",\"url\":\"https:\/\/www.unirufa.it\/wp-content\/uploads\/2024\/04\/RUFA_CORSI_BREVI.jpg\",\"contentUrl\":\"https:\/\/www.unirufa.it\/wp-content\/uploads\/2024\/04\/RUFA_CORSI_BREVI.jpg\",\"width\":1440,\"height\":600,\"caption\":\"RUFA_CORSI_BREVI\"},{\"@type\":\"BreadcrumbList\",\"@id\":\"https:\/\/www.unirufa.it\/offerta-formativa\/corsi-brevi\/#breadcrumb\",\"itemListElement\":[{\"@type\":\"ListItem\",\"position\":1,\"name\":\"Home\",\"item\":\"https:\/\/www.unirufa.it\/\"},{\"@type\":\"ListItem\",\"position\":2,\"name\":\"Offerta formativa\",\"item\":\"https:\/\/www.unirufa.it\/offerta-formativa\/\"},{\"@type\":\"ListItem\",\"position\":3,\"name\":\"Corsi Brevi\"}]},{\"@type\":\"WebSite\",\"@id\":\"https:\/\/www.unirufa.it\/#website\",\"url\":\"https:\/\/www.unirufa.it\/\",\"name\":\"RUFA - Rome University of Fine Arts\",\"description\":\"\",\"potentialAction\":[{\"@type\":\"SearchAction\",\"target\":{\"@type\":\"EntryPoint\",\"urlTemplate\":\"https:\/\/www.unirufa.it\/?s={search_term_string}\"},\"query-input\":{\"@type\":\"PropertyValueSpecification\",\"valueRequired\":true,\"valueName\":\"search_term_string\"}}],\"inLanguage\":\"es\"}]}<\/script>\n<!-- \/ Yoast SEO plugin. -->","yoast_head_json":{"title":"Corsi Brevi di Design all'Accademia delle Belle Arti a Roma - RUFA","description":"Scopri tutti i corsi brevi presso l'Accademia delle belle Arti di Roma, RUFA e trova la tua strada!","robots":{"index":"index","follow":"follow","max-snippet":"max-snippet:-1","max-image-preview":"max-image-preview:large","max-video-preview":"max-video-preview:-1"},"canonical":"https:\/\/www.unirufa.it\/offerta-formativa\/corsi-brevi\/","og_locale":"es_ES","og_type":"article","og_title":"[:it]Corsi Brevi[:es]Corsi Brevi di Design all'Accademia delle Belle Arti a Roma - RUFA[:]","og_description":"{:it}Scopri tutti i corsi brevi presso l'Accademia delle belle Arti di Roma, RUFA e trova la tua strada!{:}","og_url":"https:\/\/www.unirufa.it\/offerta-formativa\/corsi-brevi\/","og_site_name":"RUFA - Rome University of Fine Arts","article_modified_time":"2025-10-21T17:57:49+00:00","og_image":[{"width":1440,"height":600,"url":"https:\/\/www.unirufa.it\/wp-content\/uploads\/2024\/04\/RUFA_CORSI_BREVI.jpg","type":"image\/jpeg"}],"twitter_misc":{"Tiempo de lectura":"6 minutos"},"schema":{"@context":"https:\/\/schema.org","@graph":[{"@type":"WebPage","@id":"https:\/\/www.unirufa.it\/offerta-formativa\/corsi-brevi\/","url":"https:\/\/www.unirufa.it\/offerta-formativa\/corsi-brevi\/","name":"[:it]Corsi Brevi[:es]Corsi Brevi di Design all'Accademia delle Belle Arti a Roma - RUFA[:]","isPartOf":{"@id":"https:\/\/www.unirufa.it\/#website"},"primaryImageOfPage":{"@id":"https:\/\/www.unirufa.it\/offerta-formativa\/corsi-brevi\/#primaryimage"},"image":{"@id":"https:\/\/www.unirufa.it\/offerta-formativa\/corsi-brevi\/#primaryimage"},"thumbnailUrl":"https:\/\/www.unirufa.it\/wp-content\/uploads\/2024\/04\/RUFA_CORSI_BREVI.jpg","datePublished":"2017-02-01T11:50:20+00:00","dateModified":"2025-10-21T17:57:49+00:00","description":"{:it}Scopri tutti i corsi brevi presso l'Accademia delle belle Arti di Roma, RUFA e trova la tua strada!{:}","breadcrumb":{"@id":"https:\/\/www.unirufa.it\/offerta-formativa\/corsi-brevi\/#breadcrumb"},"inLanguage":"es","potentialAction":[{"@type":"ReadAction","target":["https:\/\/www.unirufa.it\/offerta-formativa\/corsi-brevi\/"]}]},{"@type":"ImageObject","inLanguage":"es","@id":"https:\/\/www.unirufa.it\/offerta-formativa\/corsi-brevi\/#primaryimage","url":"https:\/\/www.unirufa.it\/wp-content\/uploads\/2024\/04\/RUFA_CORSI_BREVI.jpg","contentUrl":"https:\/\/www.unirufa.it\/wp-content\/uploads\/2024\/04\/RUFA_CORSI_BREVI.jpg","width":1440,"height":600,"caption":"RUFA_CORSI_BREVI"},{"@type":"BreadcrumbList","@id":"https:\/\/www.unirufa.it\/offerta-formativa\/corsi-brevi\/#breadcrumb","itemListElement":[{"@type":"ListItem","position":1,"name":"Home","item":"https:\/\/www.unirufa.it\/"},{"@type":"ListItem","position":2,"name":"Offerta formativa","item":"https:\/\/www.unirufa.it\/offerta-formativa\/"},{"@type":"ListItem","position":3,"name":"Corsi Brevi"}]},{"@type":"WebSite","@id":"https:\/\/www.unirufa.it\/#website","url":"https:\/\/www.unirufa.it\/","name":"RUFA - Rome University of Fine Arts","description":"","potentialAction":[{"@type":"SearchAction","target":{"@type":"EntryPoint","urlTemplate":"https:\/\/www.unirufa.it\/?s={search_term_string}"},"query-input":{"@type":"PropertyValueSpecification","valueRequired":true,"valueName":"search_term_string"}}],"inLanguage":"es"}]}},"_links":{"self":[{"href":"https:\/\/www.unirufa.it\/es\/wp-json\/wp\/v2\/pages\/10848","targetHints":{"allow":["GET"]}}],"collection":[{"href":"https:\/\/www.unirufa.it\/es\/wp-json\/wp\/v2\/pages"}],"about":[{"href":"https:\/\/www.unirufa.it\/es\/wp-json\/wp\/v2\/types\/page"}],"author":[{"embeddable":true,"href":"https:\/\/www.unirufa.it\/es\/wp-json\/wp\/v2\/users\/1"}],"replies":[{"embeddable":true,"href":"https:\/\/www.unirufa.it\/es\/wp-json\/wp\/v2\/comments?post=10848"}],"version-history":[{"count":67,"href":"https:\/\/www.unirufa.it\/es\/wp-json\/wp\/v2\/pages\/10848\/revisions"}],"predecessor-version":[{"id":148903,"href":"https:\/\/www.unirufa.it\/es\/wp-json\/wp\/v2\/pages\/10848\/revisions\/148903"}],"up":[{"embeddable":true,"href":"https:\/\/www.unirufa.it\/es\/wp-json\/wp\/v2\/pages\/1253"}],"wp:featuredmedia":[{"embeddable":true,"href":"https:\/\/www.unirufa.it\/es\/wp-json\/wp\/v2\/media\/129864"}],"wp:attachment":[{"href":"https:\/\/www.unirufa.it\/es\/wp-json\/wp\/v2\/media?parent=10848"}],"curies":[{"name":"wp","href":"https:\/\/api.w.org\/{rel}","templated":true}]}}