


{"id":10850,"date":"2017-02-01T11:53:07","date_gmt":"2017-02-01T11:53:07","guid":{"rendered":"https:\/\/www.unirufa.it\/?page_id=10850"},"modified":"2025-06-27T14:32:15","modified_gmt":"2025-06-27T12:32:15","slug":"laboratorio-creativo","status":"publish","type":"page","link":"https:\/\/www.unirufa.it\/es\/offerta-formativa\/corsi-brevi\/laboratorio-creativo\/","title":{"rendered":"Taller Creativo"},"content":{"rendered":"<h4>\u00bfA qui\u00e9n van dirigidos los cursos intensivos del Laboratorio Creativo RUFA?<\/h4>\n<p>La Academia RUFA ofrece un variado programa de cursos intensivos, dise\u00f1ados espec\u00edficamente para aquellos que quieren adquirir o mejorar sus habilidades en el campo de las artes visuales, el dise\u00f1o y la comunicaci\u00f3n. Los cursos intensivos del programa Creative Lab pueden realizarse a \u00faltima hora de la tarde o los fines de semana, para satisfacer las necesidades de trabajo y estudio de los aspirantes a artistas.<\/p>\n<h4>Profesores cualificados y n\u00famero limitado de clases<\/h4>\n<p>Para garantizar un alto nivel de formaci\u00f3n y preparaci\u00f3n a los participantes, los Cursos Intensivos del programa Creative Lab se organizan en clases de n\u00famero limitado, con profesores de la RUFA &#8211; Universidad de Bellas Artes de Roma, cualificados y cuidadosamente seleccionados para proporcionar la mejor ense\u00f1anza a todos los participantes del curso, independientemente de su nivel inicial. Los cursos s\u00f3lo comenzar\u00e1n cuando se alcance el n\u00famero m\u00ednimo de participantes.","protected":false},"excerpt":{"rendered":"<p>\u00bfA qui\u00e9n van dirigidos los cursos intensivos del Laboratorio Creativo RUFA? La Academia RUFA ofrece un variado programa de cursos intensivos, dise\u00f1ados espec\u00edficamente para aquellos que quieren adquirir o mejorar sus habilidades en el campo de las artes visuales, el dise\u00f1o y la comunicaci\u00f3n. Los cursos intensivos del programa Creative Lab pueden realizarse a \u00faltima&#8230;<\/p>\n","protected":false},"author":1,"featured_media":0,"parent":10848,"menu_order":0,"comment_status":"closed","ping_status":"closed","template":"page_generic-courses.php","meta":{"content-type":"","footnotes":""},"class_list":["post-10850","page","type-page","status-publish","hentry"],"yoast_head":"<!-- This site is optimized with the Yoast SEO plugin v24.2 - https:\/\/yoast.com\/wordpress\/plugins\/seo\/ -->\n<title>Taller Creativo - RUFA - Rome University of Fine Arts<\/title>\n<meta name=\"description\" content=\"Corsi intensivi dedicati a chi desidera approcciarsi alle arti visive partendo dalle basi o per chi \u00e8 ancora agli inizi.\" \/>\n<meta name=\"robots\" content=\"index, follow, max-snippet:-1, max-image-preview:large, max-video-preview:-1\" \/>\n<link rel=\"canonical\" href=\"https:\/\/www.unirufa.it\/offerta-formativa\/corsi-brevi\/laboratorio-creativo\/\" \/>\n<meta property=\"og:locale\" content=\"es_ES\" \/>\n<meta property=\"og:type\" content=\"article\" \/>\n<meta property=\"og:title\" content=\"Taller Creativo - RUFA - Rome University of Fine Arts\" \/>\n<meta property=\"og:description\" content=\"{:it}Corsi intensivi dedicati a chi desidera approcciarsi alle arti visive partendo dalle basi o per chi \u00e8 ancora agli inizi.{:}\" \/>\n<meta property=\"og:url\" content=\"https:\/\/www.unirufa.it\/offerta-formativa\/corsi-brevi\/laboratorio-creativo\/\" \/>\n<meta property=\"og:site_name\" content=\"RUFA - Rome University of Fine Arts\" \/>\n<meta property=\"article:modified_time\" content=\"2025-06-27T12:32:15+00:00\" \/>\n<meta property=\"og:image\" content=\"https:\/\/www.unirufa.it\/wp-content\/uploads\/2017\/11\/logo-rufa-2016.png\" \/>\n\t<meta property=\"og:image:width\" content=\"230\" \/>\n\t<meta property=\"og:image:height\" content=\"149\" \/>\n\t<meta property=\"og:image:type\" content=\"image\/png\" \/>\n<meta name=\"twitter:label1\" content=\"Tiempo de lectura\" \/>\n\t<meta name=\"twitter:data1\" content=\"3 minutos\" \/>\n<script type=\"application\/ld+json\" class=\"yoast-schema-graph\">{\"@context\":\"https:\/\/schema.org\",\"@graph\":[{\"@type\":\"WebPage\",\"@id\":\"https:\/\/www.unirufa.it\/offerta-formativa\/corsi-brevi\/laboratorio-creativo\/\",\"url\":\"https:\/\/www.unirufa.it\/offerta-formativa\/corsi-brevi\/laboratorio-creativo\/\",\"name\":\"Taller Creativo - RUFA - Rome University of Fine Arts\",\"isPartOf\":{\"@id\":\"https:\/\/www.unirufa.it\/#website\"},\"datePublished\":\"2017-02-01T11:53:07+00:00\",\"dateModified\":\"2025-06-27T12:32:15+00:00\",\"description\":\"{:it}Corsi intensivi dedicati a chi desidera approcciarsi alle arti visive partendo dalle basi o per chi \u00e8 ancora agli inizi.{:}\",\"breadcrumb\":{\"@id\":\"https:\/\/www.unirufa.it\/offerta-formativa\/corsi-brevi\/laboratorio-creativo\/#breadcrumb\"},\"inLanguage\":\"es\",\"potentialAction\":[{\"@type\":\"ReadAction\",\"target\":[\"https:\/\/www.unirufa.it\/offerta-formativa\/corsi-brevi\/laboratorio-creativo\/\"]}]},{\"@type\":\"BreadcrumbList\",\"@id\":\"https:\/\/www.unirufa.it\/offerta-formativa\/corsi-brevi\/laboratorio-creativo\/#breadcrumb\",\"itemListElement\":[{\"@type\":\"ListItem\",\"position\":1,\"name\":\"Home\",\"item\":\"https:\/\/www.unirufa.it\/\"},{\"@type\":\"ListItem\",\"position\":2,\"name\":\"Offerta formativa\",\"item\":\"https:\/\/www.unirufa.it\/offerta-formativa\/\"},{\"@type\":\"ListItem\",\"position\":3,\"name\":\"Corsi Brevi\",\"item\":\"https:\/\/www.unirufa.it\/offerta-formativa\/corsi-brevi\/\"},{\"@type\":\"ListItem\",\"position\":4,\"name\":\"Laboratorio Creativo\"}]},{\"@type\":\"WebSite\",\"@id\":\"https:\/\/www.unirufa.it\/#website\",\"url\":\"https:\/\/www.unirufa.it\/\",\"name\":\"RUFA - Rome University of Fine Arts\",\"description\":\"\",\"potentialAction\":[{\"@type\":\"SearchAction\",\"target\":{\"@type\":\"EntryPoint\",\"urlTemplate\":\"https:\/\/www.unirufa.it\/?s={search_term_string}\"},\"query-input\":{\"@type\":\"PropertyValueSpecification\",\"valueRequired\":true,\"valueName\":\"search_term_string\"}}],\"inLanguage\":\"es\"}]}<\/script>\n<!-- \/ Yoast SEO plugin. -->","yoast_head_json":{"title":"Taller Creativo - RUFA - Rome University of Fine Arts","description":"Corsi intensivi dedicati a chi desidera approcciarsi alle arti visive partendo dalle basi o per chi \u00e8 ancora agli inizi.","robots":{"index":"index","follow":"follow","max-snippet":"max-snippet:-1","max-image-preview":"max-image-preview:large","max-video-preview":"max-video-preview:-1"},"canonical":"https:\/\/www.unirufa.it\/offerta-formativa\/corsi-brevi\/laboratorio-creativo\/","og_locale":"es_ES","og_type":"article","og_title":"Taller Creativo - RUFA - Rome University of Fine Arts","og_description":"{:it}Corsi intensivi dedicati a chi desidera approcciarsi alle arti visive partendo dalle basi o per chi \u00e8 ancora agli inizi.{:}","og_url":"https:\/\/www.unirufa.it\/offerta-formativa\/corsi-brevi\/laboratorio-creativo\/","og_site_name":"RUFA - Rome University of Fine Arts","article_modified_time":"2025-06-27T12:32:15+00:00","og_image":[{"width":230,"height":149,"url":"https:\/\/www.unirufa.it\/wp-content\/uploads\/2017\/11\/logo-rufa-2016.png","type":"image\/png"}],"twitter_misc":{"Tiempo de lectura":"3 minutos"},"schema":{"@context":"https:\/\/schema.org","@graph":[{"@type":"WebPage","@id":"https:\/\/www.unirufa.it\/offerta-formativa\/corsi-brevi\/laboratorio-creativo\/","url":"https:\/\/www.unirufa.it\/offerta-formativa\/corsi-brevi\/laboratorio-creativo\/","name":"Taller Creativo - RUFA - Rome University of Fine Arts","isPartOf":{"@id":"https:\/\/www.unirufa.it\/#website"},"datePublished":"2017-02-01T11:53:07+00:00","dateModified":"2025-06-27T12:32:15+00:00","description":"{:it}Corsi intensivi dedicati a chi desidera approcciarsi alle arti visive partendo dalle basi o per chi \u00e8 ancora agli inizi.{:}","breadcrumb":{"@id":"https:\/\/www.unirufa.it\/offerta-formativa\/corsi-brevi\/laboratorio-creativo\/#breadcrumb"},"inLanguage":"es","potentialAction":[{"@type":"ReadAction","target":["https:\/\/www.unirufa.it\/offerta-formativa\/corsi-brevi\/laboratorio-creativo\/"]}]},{"@type":"BreadcrumbList","@id":"https:\/\/www.unirufa.it\/offerta-formativa\/corsi-brevi\/laboratorio-creativo\/#breadcrumb","itemListElement":[{"@type":"ListItem","position":1,"name":"Home","item":"https:\/\/www.unirufa.it\/"},{"@type":"ListItem","position":2,"name":"Offerta formativa","item":"https:\/\/www.unirufa.it\/offerta-formativa\/"},{"@type":"ListItem","position":3,"name":"Corsi Brevi","item":"https:\/\/www.unirufa.it\/offerta-formativa\/corsi-brevi\/"},{"@type":"ListItem","position":4,"name":"Laboratorio Creativo"}]},{"@type":"WebSite","@id":"https:\/\/www.unirufa.it\/#website","url":"https:\/\/www.unirufa.it\/","name":"RUFA - Rome University of Fine Arts","description":"","potentialAction":[{"@type":"SearchAction","target":{"@type":"EntryPoint","urlTemplate":"https:\/\/www.unirufa.it\/?s={search_term_string}"},"query-input":{"@type":"PropertyValueSpecification","valueRequired":true,"valueName":"search_term_string"}}],"inLanguage":"es"}]}},"_links":{"self":[{"href":"https:\/\/www.unirufa.it\/es\/wp-json\/wp\/v2\/pages\/10850","targetHints":{"allow":["GET"]}}],"collection":[{"href":"https:\/\/www.unirufa.it\/es\/wp-json\/wp\/v2\/pages"}],"about":[{"href":"https:\/\/www.unirufa.it\/es\/wp-json\/wp\/v2\/types\/page"}],"author":[{"embeddable":true,"href":"https:\/\/www.unirufa.it\/es\/wp-json\/wp\/v2\/users\/1"}],"replies":[{"embeddable":true,"href":"https:\/\/www.unirufa.it\/es\/wp-json\/wp\/v2\/comments?post=10850"}],"version-history":[{"count":35,"href":"https:\/\/www.unirufa.it\/es\/wp-json\/wp\/v2\/pages\/10850\/revisions"}],"predecessor-version":[{"id":146430,"href":"https:\/\/www.unirufa.it\/es\/wp-json\/wp\/v2\/pages\/10850\/revisions\/146430"}],"up":[{"embeddable":true,"href":"https:\/\/www.unirufa.it\/es\/wp-json\/wp\/v2\/pages\/10848"}],"wp:attachment":[{"href":"https:\/\/www.unirufa.it\/es\/wp-json\/wp\/v2\/media?parent=10850"}],"curies":[{"name":"wp","href":"https:\/\/api.w.org\/{rel}","templated":true}]}}