


{"id":10854,"date":"2017-02-01T11:54:28","date_gmt":"2017-02-01T11:54:28","guid":{"rendered":"https:\/\/www.unirufa.it\/?page_id=10854"},"modified":"2024-11-25T12:20:50","modified_gmt":"2024-11-25T11:20:50","slug":"professional-hub","status":"publish","type":"page","link":"https:\/\/www.unirufa.it\/es\/offerta-formativa\/corsi-brevi\/professional-hub\/","title":{"rendered":"Professional hub"},"content":{"rendered":"<h4>\u00bfPara qui\u00e9n son los cursos intensivos?<\/h4>\n<p>La Academia RUFA ofrece un programa variado de cursos intensivos dise\u00f1ados para quienes ya tienen conocimientos b\u00e1sicos sobre el tema, pero desean mejorar y desarrollar sus habilidades con la asistencia espec\u00edfica de profesores expertos. En concreto, los cursos cortos ofrecidos est\u00e1n dirigidos a la adquisici\u00f3n de habilidades completas en software, que permiten al estudiante perfeccionar y mejorar su competencia en el \u00e1mbito t\u00e9cnico.<\/p>\n<h4>Profesores cualificados y clases con n\u00famero limitado.<\/h4>\n<p>Para garantizar un alto nivel de formaci\u00f3n y preparaci\u00f3n para los participantes, los Cursos Intensivos del programa Professional Hub se dividen en clases con n\u00famero limitado, con profesores de RUFA &#8211; Rome University of Fine Arts, cualificados y cuidadosamente seleccionados para brindar la mejor ense\u00f1anza a todos los participantes. Los cursos comenzar\u00e1n \u00fanicamente cuando se alcance el n\u00famero m\u00ednimo de estudiantes.","protected":false},"excerpt":{"rendered":"<p>\u00bfPara qui\u00e9n son los cursos intensivos? La Academia RUFA ofrece un programa variado de cursos intensivos dise\u00f1ados para quienes ya tienen conocimientos b\u00e1sicos sobre el tema, pero desean mejorar y desarrollar sus habilidades con la asistencia espec\u00edfica de profesores expertos. En concreto, los cursos cortos ofrecidos est\u00e1n dirigidos a la adquisici\u00f3n de habilidades completas en&#8230;<\/p>\n","protected":false},"author":1,"featured_media":0,"parent":10848,"menu_order":0,"comment_status":"closed","ping_status":"closed","template":"page_generic-courses.php","meta":{"content-type":"","footnotes":""},"class_list":["post-10854","page","type-page","status-publish","hentry"],"yoast_head":"<!-- This site is optimized with the Yoast SEO plugin v24.2 - https:\/\/yoast.com\/wordpress\/plugins\/seo\/ -->\n<title>Professional hub - RUFA - Rome University of Fine Arts<\/title>\n<meta name=\"description\" content=\"RUFA offre un variegato programma di corsi intensivi per chi gi\u00e0 possiede delle conoscenze base della materia ma desidera elevare le proprie competenze.\" \/>\n<meta name=\"robots\" content=\"index, follow, max-snippet:-1, max-image-preview:large, max-video-preview:-1\" \/>\n<link rel=\"canonical\" href=\"https:\/\/www.unirufa.it\/offerta-formativa\/corsi-brevi\/professional-hub\/\" \/>\n<meta property=\"og:locale\" content=\"es_ES\" \/>\n<meta property=\"og:type\" content=\"article\" \/>\n<meta property=\"og:title\" content=\"Professional hub - RUFA - Rome University of Fine Arts\" \/>\n<meta property=\"og:description\" content=\"{:it}RUFA offre un variegato programma di corsi intensivi per chi gi\u00e0 possiede delle conoscenze base della materia ma desidera elevare le proprie competenze.{:}\" \/>\n<meta property=\"og:url\" content=\"https:\/\/www.unirufa.it\/offerta-formativa\/corsi-brevi\/professional-hub\/\" \/>\n<meta property=\"og:site_name\" content=\"RUFA - Rome University of Fine Arts\" \/>\n<meta property=\"article:modified_time\" content=\"2024-11-25T11:20:50+00:00\" \/>\n<meta property=\"og:image\" content=\"https:\/\/www.unirufa.it\/wp-content\/uploads\/2017\/11\/logo-rufa-2016.png\" \/>\n\t<meta property=\"og:image:width\" content=\"230\" \/>\n\t<meta property=\"og:image:height\" content=\"149\" \/>\n\t<meta property=\"og:image:type\" content=\"image\/png\" \/>\n<meta name=\"twitter:label1\" content=\"Tiempo de lectura\" \/>\n\t<meta name=\"twitter:data1\" content=\"3 minutos\" \/>\n<script type=\"application\/ld+json\" class=\"yoast-schema-graph\">{\"@context\":\"https:\/\/schema.org\",\"@graph\":[{\"@type\":\"WebPage\",\"@id\":\"https:\/\/www.unirufa.it\/offerta-formativa\/corsi-brevi\/professional-hub\/\",\"url\":\"https:\/\/www.unirufa.it\/offerta-formativa\/corsi-brevi\/professional-hub\/\",\"name\":\"Professional hub - RUFA - Rome University of Fine Arts\",\"isPartOf\":{\"@id\":\"https:\/\/www.unirufa.it\/#website\"},\"datePublished\":\"2017-02-01T11:54:28+00:00\",\"dateModified\":\"2024-11-25T11:20:50+00:00\",\"description\":\"{:it}RUFA offre un variegato programma di corsi intensivi per chi gi\u00e0 possiede delle conoscenze base della materia ma desidera elevare le proprie competenze.{:}\",\"breadcrumb\":{\"@id\":\"https:\/\/www.unirufa.it\/offerta-formativa\/corsi-brevi\/professional-hub\/#breadcrumb\"},\"inLanguage\":\"es\",\"potentialAction\":[{\"@type\":\"ReadAction\",\"target\":[\"https:\/\/www.unirufa.it\/offerta-formativa\/corsi-brevi\/professional-hub\/\"]}]},{\"@type\":\"BreadcrumbList\",\"@id\":\"https:\/\/www.unirufa.it\/offerta-formativa\/corsi-brevi\/professional-hub\/#breadcrumb\",\"itemListElement\":[{\"@type\":\"ListItem\",\"position\":1,\"name\":\"Home\",\"item\":\"https:\/\/www.unirufa.it\/\"},{\"@type\":\"ListItem\",\"position\":2,\"name\":\"Offerta formativa\",\"item\":\"https:\/\/www.unirufa.it\/offerta-formativa\/\"},{\"@type\":\"ListItem\",\"position\":3,\"name\":\"Corsi Brevi\",\"item\":\"https:\/\/www.unirufa.it\/offerta-formativa\/corsi-brevi\/\"},{\"@type\":\"ListItem\",\"position\":4,\"name\":\"Professional hub\"}]},{\"@type\":\"WebSite\",\"@id\":\"https:\/\/www.unirufa.it\/#website\",\"url\":\"https:\/\/www.unirufa.it\/\",\"name\":\"RUFA - Rome University of Fine Arts\",\"description\":\"\",\"potentialAction\":[{\"@type\":\"SearchAction\",\"target\":{\"@type\":\"EntryPoint\",\"urlTemplate\":\"https:\/\/www.unirufa.it\/?s={search_term_string}\"},\"query-input\":{\"@type\":\"PropertyValueSpecification\",\"valueRequired\":true,\"valueName\":\"search_term_string\"}}],\"inLanguage\":\"es\"}]}<\/script>\n<!-- \/ Yoast SEO plugin. -->","yoast_head_json":{"title":"Professional hub - RUFA - Rome University of Fine Arts","description":"RUFA offre un variegato programma di corsi intensivi per chi gi\u00e0 possiede delle conoscenze base della materia ma desidera elevare le proprie competenze.","robots":{"index":"index","follow":"follow","max-snippet":"max-snippet:-1","max-image-preview":"max-image-preview:large","max-video-preview":"max-video-preview:-1"},"canonical":"https:\/\/www.unirufa.it\/offerta-formativa\/corsi-brevi\/professional-hub\/","og_locale":"es_ES","og_type":"article","og_title":"Professional hub - RUFA - Rome University of Fine Arts","og_description":"{:it}RUFA offre un variegato programma di corsi intensivi per chi gi\u00e0 possiede delle conoscenze base della materia ma desidera elevare le proprie competenze.{:}","og_url":"https:\/\/www.unirufa.it\/offerta-formativa\/corsi-brevi\/professional-hub\/","og_site_name":"RUFA - Rome University of Fine Arts","article_modified_time":"2024-11-25T11:20:50+00:00","og_image":[{"width":230,"height":149,"url":"https:\/\/www.unirufa.it\/wp-content\/uploads\/2017\/11\/logo-rufa-2016.png","type":"image\/png"}],"twitter_misc":{"Tiempo de lectura":"3 minutos"},"schema":{"@context":"https:\/\/schema.org","@graph":[{"@type":"WebPage","@id":"https:\/\/www.unirufa.it\/offerta-formativa\/corsi-brevi\/professional-hub\/","url":"https:\/\/www.unirufa.it\/offerta-formativa\/corsi-brevi\/professional-hub\/","name":"Professional hub - RUFA - Rome University of Fine Arts","isPartOf":{"@id":"https:\/\/www.unirufa.it\/#website"},"datePublished":"2017-02-01T11:54:28+00:00","dateModified":"2024-11-25T11:20:50+00:00","description":"{:it}RUFA offre un variegato programma di corsi intensivi per chi gi\u00e0 possiede delle conoscenze base della materia ma desidera elevare le proprie competenze.{:}","breadcrumb":{"@id":"https:\/\/www.unirufa.it\/offerta-formativa\/corsi-brevi\/professional-hub\/#breadcrumb"},"inLanguage":"es","potentialAction":[{"@type":"ReadAction","target":["https:\/\/www.unirufa.it\/offerta-formativa\/corsi-brevi\/professional-hub\/"]}]},{"@type":"BreadcrumbList","@id":"https:\/\/www.unirufa.it\/offerta-formativa\/corsi-brevi\/professional-hub\/#breadcrumb","itemListElement":[{"@type":"ListItem","position":1,"name":"Home","item":"https:\/\/www.unirufa.it\/"},{"@type":"ListItem","position":2,"name":"Offerta formativa","item":"https:\/\/www.unirufa.it\/offerta-formativa\/"},{"@type":"ListItem","position":3,"name":"Corsi Brevi","item":"https:\/\/www.unirufa.it\/offerta-formativa\/corsi-brevi\/"},{"@type":"ListItem","position":4,"name":"Professional hub"}]},{"@type":"WebSite","@id":"https:\/\/www.unirufa.it\/#website","url":"https:\/\/www.unirufa.it\/","name":"RUFA - Rome University of Fine Arts","description":"","potentialAction":[{"@type":"SearchAction","target":{"@type":"EntryPoint","urlTemplate":"https:\/\/www.unirufa.it\/?s={search_term_string}"},"query-input":{"@type":"PropertyValueSpecification","valueRequired":true,"valueName":"search_term_string"}}],"inLanguage":"es"}]}},"_links":{"self":[{"href":"https:\/\/www.unirufa.it\/es\/wp-json\/wp\/v2\/pages\/10854","targetHints":{"allow":["GET"]}}],"collection":[{"href":"https:\/\/www.unirufa.it\/es\/wp-json\/wp\/v2\/pages"}],"about":[{"href":"https:\/\/www.unirufa.it\/es\/wp-json\/wp\/v2\/types\/page"}],"author":[{"embeddable":true,"href":"https:\/\/www.unirufa.it\/es\/wp-json\/wp\/v2\/users\/1"}],"replies":[{"embeddable":true,"href":"https:\/\/www.unirufa.it\/es\/wp-json\/wp\/v2\/comments?post=10854"}],"version-history":[{"count":29,"href":"https:\/\/www.unirufa.it\/es\/wp-json\/wp\/v2\/pages\/10854\/revisions"}],"predecessor-version":[{"id":140170,"href":"https:\/\/www.unirufa.it\/es\/wp-json\/wp\/v2\/pages\/10854\/revisions\/140170"}],"up":[{"embeddable":true,"href":"https:\/\/www.unirufa.it\/es\/wp-json\/wp\/v2\/pages\/10848"}],"wp:attachment":[{"href":"https:\/\/www.unirufa.it\/es\/wp-json\/wp\/v2\/media?parent=10854"}],"curies":[{"name":"wp","href":"https:\/\/api.w.org\/{rel}","templated":true}]}}