


{"id":1105,"date":"2013-06-07T13:54:01","date_gmt":"2013-06-07T13:54:01","guid":{"rendered":"http:\/\/www.unirufa.it\/?page_id=1105"},"modified":"2026-04-10T16:33:05","modified_gmt":"2026-04-10T14:33:05","slug":"multimedia-design-and-creative-ai","status":"publish","type":"page","link":"https:\/\/www.unirufa.it\/es\/offerta-formativa\/corsi-ii-livello\/multimedia-design-and-creative-ai\/","title":{"rendered":"Multimedia Design and Creative AI"},"content":{"rendered":"<p><em>Modificaci\u00f3n de la denominaci\u00f3n y del reglamento acad\u00e9mico, en curso de autorizaci\u00f3n ministerial.<\/em><\/p>\n<p><strong>DID\u00c1CTICA EN ITALIANO \u276f<\/strong><\/p>\n<h2>Un curso multidisciplinar y de tecnolog\u00eda avanzada<\/h2>\n<h3>Te adentrar\u00e1s en el mundo del dise\u00f1o experimental avanzado gracias a una aproximaci\u00f3n multidisciplinar a los lenguajes del presente, con el objetivo de poder gastar las competencias adquiridas en diferentes \u00e1mbitos profesionales: desde la creaci\u00f3n de vfx para cine al desarrollo de decorados virtuales para televisi\u00f3n, desde el dise\u00f1o de escenarios para grandes eventos a la hibridaci\u00f3n del dise\u00f1o con nuevos instrumentos tecnol\u00f3gicos, pasando por la realizaci\u00f3n de m\u00faltiples formas de expresi\u00f3n y pr\u00e1cticas como: instalaciones interactivas, actuaciones en directo, realidad virtual y aumentada y experimentaci\u00f3n sonora espec\u00edfica del mundo art\u00edstico contempor\u00e1neo.<\/h3>\n<p>&nbsp;<\/p>\n<div class=\"row\">\n<div class=\"col-md-12\" style=\"background-color: #00b450; border-color: #00b450; color:#FFFFFF; padding:30px 15px\">\n<div class=\"row\">\n<div class=\"col-sm-4\">\n<h6 class=\"text-uppercase\"><strong>Titulaci\u00f3n:<\/strong><\/h6>\n<p>Diploma acad\u00e9mico de segundo nivel equivalente a una licenciatura<\/p>\n<h6 class=\"text-uppercase\"><strong>Duraci\u00f3n:<\/strong><\/h6>\n<p>2 a\u00f1os, tiempo completo<\/p>\n<h6 class=\"text-uppercase\"><strong>Idioma:<\/strong><\/h6>\n<p>Italiano<\/p>\n<h6 class=\"text-uppercase\"><strong>Cr\u00e9ditos:<\/strong><\/h6>\n<p>120 CFA<\/p>\n<h6 class=\"text-uppercase\"><strong>Location of attendance:<\/strong><\/h6>\n<p>Roma<\/p>\n<\/div>\n<div class=\"col-sm-4\">\n<h6 class=\"text-uppercase\"><strong>Requisitos:<\/strong><\/h6>\n<p><em>Estudiantes italianos<\/em><br \/>\nT\u00edtulo de bachillerato<br \/>\nPortfolio<\/p>\n<p><em>Estudiantes internacionales<\/em><br \/>\nLicenciatura\/Grado valido para el Sistema de Educacion\u00a0Italiano<br \/>\nPortfolio<br \/>\nCertificado B2 de la lengua en el que se imparte el curso<br \/>\nLos estudiantes no Europeos admitidos\/inscritos deben realizar la solicitud del Visado de estudio<\/p>\n<\/div>\n<div class=\"col-sm-4\">\n<h6 class=\"text-uppercase\"><strong>Campo:<\/strong><\/h6>\n<p>Nuevas tecnolog\u00edas, Exposiciones, Espacios multimedia, Actos culturales<\/p>\n<h6 class=\"text-uppercase\"><strong>Temas principales:<\/strong><\/h6>\n<p>Dise\u00f1o de espacios multimedia, Direcci\u00f3n multimedia, Dise\u00f1o de sonido, Realidad aumentada.<\/p>\n<h6 class=\"text-uppercase\"><strong>Futuras carreras:<\/strong><\/h6>\n<p>Exhibit Designer, VR And AI Specialist, Sound Designer, Media Artist, A\/V Performer<\/p>\n<\/div>\n<\/div>\n<\/div>\n<\/div>\n<p>&nbsp;<\/p>\n<p><strong>Obras multimedia dise\u00f1adas en torno al espectador.<\/strong><br \/>\nEl Curso Acad\u00e9mico de 2\u00ba Nivel en Multimedia Design and Creative AI -uno de los pioneros de la investigaci\u00f3n y los estudios multimedia en el centro y el sur de Italia- se caracteriza por su enfoque transdisciplinar, partiendo de la conciencia de c\u00f3mo los medios de comunicaci\u00f3n y las nuevas tecnolog\u00edas digitales han asumido un papel cada vez m\u00e1s preponderante dentro del paradigma creativo contempor\u00e1neo. Se trata de un campo de intervenci\u00f3n amplio, capaz de abarcar una multitud de campos disciplinares que conciernen no s\u00f3lo al dise\u00f1o de instalaciones y montajes para grandes eventos culturales, al comisariado de espacios p\u00fablicos y privados, sino tambi\u00e9n a la experimentaci\u00f3n est\u00e9tica conectada a los lenguajes de la inteligencia artificial y de la rob\u00f3tica. El Curso pretende as\u00ed dar una excelente respuesta formativa a la gran demanda de dise\u00f1adores, combinando una s\u00f3lida base te\u00f3rico-cr\u00edtica de las nuevas tecnolog\u00edas con las habilidades t\u00e9cnicas del experto multimedia.<\/p>\n<p><strong>Un proceso de dise\u00f1o completo.<\/strong><br \/>\nDentro del proceso de dise\u00f1o de espacios construidos, tanto interiores como exteriores, el Curso de Multimedia Design and Creative AI proporciona a los participantes las herramientas que necesitar\u00e1n para identificar el papel de la multimedia en relaci\u00f3n con los requisitos funcionales particulares y las condiciones ambientales de cada proyecto. En t\u00e9rminos operacionales, los m\u00e9todos de ense\u00f1anza est\u00e1n concebidos para que los participantes conozcan los instrumentos avanzados de representaci\u00f3n del dise\u00f1o y tomen posesi\u00f3n de las soluciones t\u00e9cnicas y los procedimientos metodol\u00f3gicos necesarios. Las asignaturas que se imparten incluyen, entre otras, el dise\u00f1o multimedia, la representaci\u00f3n audiovisual, las instalaciones multimedia, el dise\u00f1o de exposiciones, las t\u00e9cnicas de videomapeo, las instalaciones interactivas, la realidad virtual y aumentada y un estudio de la relaci\u00f3n entre el arte contempor\u00e1neo y las nuevas formas de medios de comunicaci\u00f3n.<\/p>\n<p><strong>Las perspectivas profesionales del futuro.<\/strong><br \/>\nEl curso pretende formar una figura profesional altamente especializada, capaz de participar activamente en la industria creativa contempor\u00e1nea, gracias a la colaboraci\u00f3n con prestigiosas instituciones nacionales e internacionales. Los participantes en el curso podr\u00e1n emplear las competencias adquiridas en todas las situaciones que requieran un enfoque cr\u00edtico de las nuevas tecnolog\u00edas, desde el contexto institucional al underground, mediante la realizaci\u00f3n de proyectos como: instalaciones y espacios multimodales, entornos interactivos, sonoros y de inmersi\u00f3n, performances audiovisuales, escenograf\u00edas virtuales, videomapping, obras de realidad virtual y aumentada y mucho m\u00e1s. El objetivo principal es responder al nuevo contexto art\u00edstico y cultural, abriendo la puerta a la investigaci\u00f3n experimental mediante la creaci\u00f3n de figuras h\u00edbridas como: el artista multimedia, el dise\u00f1ador de eventos, festivales y museos, el comisario especializado en la creaci\u00f3n de exposiciones en torno a los nuevos medios, el experto en comunicaci\u00f3n multimedia.<\/p>\n<p>El M\u00e1ster Acad\u00e9mico de Artes es equivalente a un M\u00e1ster Universitario.<\/p>\n<p><em>*El curso est\u00e1 disponible s\u00f3lo en italiano. Todas las clases <a href=\"https:\/\/www.unirufa.it\/es\/info-studenti\/obbligo-di-frequenza\/\" target=\"_blank\" rel=\"noopener noreferrer\"> deben ser atendidas <\/a> en las sedes de RUFA en Roma. <\/em><\/p>\n<p><em>Docentes: Daniela Cotimbo, Gianluca Del Gobbo, Francesca Gollo, Lara Forgione, Emanuele Tarducci. <\/em><\/p>\n<div class=\" hidden-xs hidden-sm hidden-md hidden-lg hidden-xl\"><a id=\"btn-brochurecorso\" class=\"download-btn\" href=\"https:\/\/drive.google.com\/file\/d\/1wh1DmbGOmi-oUBYjvccTq42JyTQTt9QZ\/view?usp=drive_link\">Brochure Download<\/a><\/div>\n<p><a id=\"btn-regolamentocorso\" class=\"download-btn\" href=\"https:\/\/drive.google.com\/file\/d\/1rkOQ3B2H8m-qM8wxsji0qJGhsM8D3ivL\/view?usp=drive_link\">Reglamento did\u00e1ctico<\/a><br \/>\n&nbsp;<br \/>\n<a id=\"btn-regolamentocorso\" class=\"download-btn full\" style=\"background-color: #00b450; border-color: #00b450;\" href=\"https:\/\/www.unirufa.it\/progetti-studenti-multimedia-arts-and-design\/\"><span style=\"color: #ffffff;\">MIRA LOS PROYECTOS DE LOS ESTUDIANTES DE MULTIMEDIA DESIGN AND CREATIVE AI<\/span><\/a><\/p>\n<p><a id=\"btn-regolamentocorso\" class=\"download-btn full\" style=\"background-color: #000000; border-color: #000000;\" href=\"https:\/\/www.unirufa.it\/en\/open-call\/\"><span style=\"color: #ffffff;\">RESERVAR UNA ENTREVISTA DE ORIENTACI\u00d3N<\/span><\/a><br \/>\n&nbsp;<\/p>\n<h2><span style=\"color: #00b450;\">SOLICITA INFORMACI\u00d3N<\/span><\/h2>\n\n\t\t\t\t\t<script>\n\t\t\t\t\t\twindow.hsFormsOnReady = window.hsFormsOnReady || [];\n\t\t\t\t\t\twindow.hsFormsOnReady.push(()=>{\n\t\t\t\t\t\t\thbspt.forms.create({\n\t\t\t\t\t\t\t\tportalId: 147413364,\n\t\t\t\t\t\t\t\tformId: \"1281b2dc-f238-4c40-b1b6-0ebea1bef9b8\",\n\t\t\t\t\t\t\t\ttarget: \"#hbspt-form-1775985118000-7796220986\",\n\t\t\t\t\t\t\t\tregion: \"eu1\",\n\t\t\t\t\t\t\t\t\n\t\t\t\t\t\t})});\n\t\t\t\t\t<\/script>\n\t\t\t\t\t<div class=\"hbspt-form\" id=\"hbspt-form-1775985118000-7796220986\"><\/div>\n<div class=\"embed-responsive embed-responsive-16by9\"><iframe loading=\"lazy\" src=\"https:\/\/www.youtube-nocookie.com\/embed\/3FBxm-to8OQ?controls=0\" width=\"560\" height=\"315\" frameborder=\"0\" allowfullscreen=\"allowfullscreen\"><\/iframe><\/div>\n<p>&nbsp;<br \/>\n&nbsp;<\/p>\n<h3>MAESTR\u00cdA EN MULTIMEDIA DESIGN AND CREATIVE AI<\/h3>\n<p><strong>Programa de estudios recomendado &#8211;\u00a0Participaci\u00f3n obligada en las sedes de RUFA en Roma.<\/strong><br \/>\n\n<table id=\"tablepress-356-no-2\" class=\"tablepress tablepress-id-356 tablepress-responsive\">\n<thead>\n<tr class=\"row-1\">\n\t<th class=\"column-1\">ANNO<\/th><th class=\"column-2\">MODULE<\/th><th class=\"column-3\">CREDITS (CFA)<\/th><th class=\"column-4\">HOURS<\/th>\n<\/tr>\n<\/thead>\n<tbody class=\"row-hover\">\n<tr class=\"row-2\">\n\t<td class=\"column-1\">1 ANNO<\/td><td class=\"column-2\"><strong>Contemporary Art History and New Media<\/strong><\/td><td class=\"column-3\">6<\/td><td class=\"column-4\">45<\/td>\n<\/tr>\n<tr class=\"row-3\">\n\t<td class=\"column-1\"><\/td><td class=\"column-2\"><strong>Digital Applications for Art \u2013 Creative AI 1<\/strong><\/td><td class=\"column-3\">6<\/td><td class=\"column-4\">75<\/td>\n<\/tr>\n<tr class=\"row-4\">\n\t<td class=\"column-1\"><\/td><td class=\"column-2\"><strong>Multimedia Design 1<\/strong><\/td><td class=\"column-3\">10<\/td><td class=\"column-4\">120<\/td>\n<\/tr>\n<tr class=\"row-5\">\n\t<td class=\"column-1\"><\/td><td class=\"column-2\"><strong>Interaction Design<\/strong><\/td><td class=\"column-3\">6<\/td><td class=\"column-4\">75<\/td>\n<\/tr>\n<tr class=\"row-6\">\n\t<td class=\"column-1\"><\/td><td class=\"column-2\"><strong>Digital Video \u2013 Direction<\/strong><\/td><td class=\"column-3\">8<\/td><td class=\"column-4\">100<\/td>\n<\/tr>\n<tr class=\"row-7\">\n\t<td class=\"column-1\"><\/td><td class=\"column-2\"><strong>Sound Design<\/strong><\/td><td class=\"column-3\">6<\/td><td class=\"column-4\">75<\/td>\n<\/tr>\n<tr class=\"row-8\">\n\t<td class=\"column-1\"><\/td><td class=\"column-2\"><strong>Organisation and Production of Media Art<\/strong><\/td><td class=\"column-3\">6<\/td><td class=\"column-4\">45<\/td>\n<\/tr>\n<tr class=\"row-9\">\n\t<td class=\"column-1\"><\/td><td class=\"column-2\"><strong>Multimedia Exhibition Design<\/strong><\/td><td class=\"column-3\">6<\/td><td class=\"column-4\">75<\/td>\n<\/tr>\n<tr class=\"row-10\">\n\t<td class=\"column-1\"><\/td><td class=\"column-2\"><strong>Elective Subject<\/strong><\/td><td class=\"column-3\">6<\/td><td class=\"column-4\">\/<\/td>\n<\/tr>\n<tr class=\"row-11\">\n\t<td class=\"column-1\"><\/td><td class=\"column-2\"><\/td><td class=\"column-3\"><\/td><td class=\"column-4\"><\/td>\n<\/tr>\n<tr class=\"row-12\">\n\t<td class=\"column-1\"><\/td><td class=\"column-2\"><\/td><td class=\"column-3\"><\/td><td class=\"column-4\"><\/td>\n<\/tr>\n<tr class=\"row-13\">\n\t<td class=\"column-1\">2 ANNO<\/td><td class=\"column-2\">MODULE<\/td><td class=\"column-3\">CREDITS (CFA)<\/td><td class=\"column-4\">HOURS<\/td>\n<\/tr>\n<tr class=\"row-14\">\n\t<td class=\"column-1\"><\/td><td class=\"column-2\"><strong>Digital Applications for Art \u2013 Creative AI 2<\/strong><\/td><td class=\"column-3\">6<\/td><td class=\"column-4\">75<\/td>\n<\/tr>\n<tr class=\"row-15\">\n\t<td class=\"column-1\"><\/td><td class=\"column-2\"><strong>Phenomenology of Contemporary Arts<\/strong><\/td><td class=\"column-3\">6<\/td><td class=\"column-4\">45<\/td>\n<\/tr>\n<tr class=\"row-16\">\n\t<td class=\"column-1\"><\/td><td class=\"column-2\"><strong>Multimedia for Cultural Heritage \u2013 Experience Design<\/strong><\/td><td class=\"column-3\">6<\/td><td class=\"column-4\">75<\/td>\n<\/tr>\n<tr class=\"row-17\">\n\t<td class=\"column-1\"><\/td><td class=\"column-2\"><strong>Multimedia Design 2<\/strong><\/td><td class=\"column-3\">10<\/td><td class=\"column-4\">120<\/td>\n<\/tr>\n<tr class=\"row-18\">\n\t<td class=\"column-1\"><\/td><td class=\"column-2\"><strong>Interactive Systems \u2013 Extended Reality<\/strong><\/td><td class=\"column-3\">8<\/td><td class=\"column-4\">100<\/td>\n<\/tr>\n<tr class=\"row-19\">\n\t<td class=\"column-1\"><\/td><td class=\"column-2\"><strong>Processes and Techniques for Multimedia Performance<\/strong><\/td><td class=\"column-3\">6<\/td><td class=\"column-4\">75<\/td>\n<\/tr>\n<tr class=\"row-20\">\n\t<td class=\"column-1\"><\/td><td class=\"column-2\"><strong>Language and Interpersonal Skills, Internships, Workshops, Artistic Production, etc.<\/strong><\/td><td class=\"column-3\">6<\/td><td class=\"column-4\">\/<\/td>\n<\/tr>\n<tr class=\"row-21\">\n\t<td class=\"column-1\"><\/td><td class=\"column-2\"><strong>English<\/strong><\/td><td class=\"column-3\">2<\/td><td class=\"column-4\">25<\/td>\n<\/tr>\n<\/tbody>\n<tfoot>\n<tr class=\"row-22\">\n\t<th class=\"column-1\"><\/th><th class=\"column-2\">Final Project<\/th><th class=\"column-3\">10<\/th><th class=\"column-4\"><\/th>\n<\/tr>\n<\/tfoot>\n<\/table>\n<!-- #tablepress-356-no-2 from cache -->\n&nbsp;<\/p>\n<p><a id=\"btn-programmazione-annuale\" class=\"download-btn full\" href=\"https:\/\/www.unirufa.it\/en\/info-studenti\/orari-delle-lezioni\/\"><i class=\"iconp-text\"><\/i>PROGRAMACI\u00d3N ANUAL<\/a><\/p>\n<p>&nbsp;<br \/>\n&nbsp;<br \/>\n<strong>CREDITS<\/strong><br \/>\n<strong>Foto slider<\/strong>: Martina Carbone, Mattia Alongi.<br \/>\n&nbsp;<br \/>\n&nbsp;","protected":false},"excerpt":{"rendered":"<p>Modificaci\u00f3n de la denominaci\u00f3n y del reglamento acad\u00e9mico, en curso de autorizaci\u00f3n ministerial. DID\u00c1CTICA EN ITALIANO \u276f Un curso multidisciplinar y de tecnolog\u00eda avanzada Te adentrar\u00e1s en el mundo del dise\u00f1o experimental avanzado gracias a una aproximaci\u00f3n multidisciplinar a los lenguajes del presente, con el objetivo de poder gastar las competencias adquiridas en diferentes \u00e1mbitos&#8230;<\/p>\n","protected":false},"author":1,"featured_media":0,"parent":1104,"menu_order":3,"comment_status":"closed","ping_status":"closed","template":"page_course.php","meta":{"content-type":"","footnotes":""},"class_list":["post-1105","page","type-page","status-publish","hentry"],"yoast_head":"<!-- This site is optimized with the Yoast SEO plugin v24.2 - https:\/\/yoast.com\/wordpress\/plugins\/seo\/ -->\n<title>Diploma Accademico Biennale Multimedia Design and Creative AI - RUFA<\/title>\n<meta name=\"description\" content=\"Scopri il Diploma Accademico Biennale in Multimedia Design and Creative AI - RUFA\" \/>\n<meta name=\"robots\" content=\"index, follow, max-snippet:-1, max-image-preview:large, max-video-preview:-1\" \/>\n<link rel=\"canonical\" href=\"https:\/\/www.unirufa.it\/offerta-formativa\/corsi-ii-livello\/multimedia-design-and-creative-ai\/\" \/>\n<meta property=\"og:locale\" content=\"es_ES\" \/>\n<meta property=\"og:type\" content=\"article\" \/>\n<meta property=\"og:title\" content=\"[:it]Magistrale in Multimedia Design and Creative AI - RUFA[:en]Master&#039;s Degree in Multimedia Design and Creative AI: Master&#039;s Degree - RUFA[:es]Diploma Accademico Biennale Multimedia Design and Creative AI - RUFA[:]\" \/>\n<meta property=\"og:description\" content=\"{:it}Scopri il Diploma Accademico Biennale in Multimedia Design and Creative AI di RUFA. Contatta la nostra Accademia!{:en}Discover the Master&#039;s Degree Course in Multimedia Design and Creative AI of RUFA. Contact our Academy!{:es}Scopri il Diploma Accademico Biennale in Multimedia Design and Creative AI - RUFA{:}\" \/>\n<meta property=\"og:url\" content=\"https:\/\/www.unirufa.it\/offerta-formativa\/corsi-ii-livello\/multimedia-design-and-creative-ai\/\" \/>\n<meta property=\"og:site_name\" content=\"RUFA - Rome University of Fine Arts\" \/>\n<meta property=\"article:modified_time\" content=\"2026-04-10T14:33:05+00:00\" \/>\n<meta property=\"og:image\" content=\"https:\/\/www.unirufa.it\/wp-content\/uploads\/2017\/11\/logo-rufa-2016.png\" \/>\n\t<meta property=\"og:image:width\" content=\"230\" \/>\n\t<meta property=\"og:image:height\" content=\"149\" \/>\n\t<meta property=\"og:image:type\" content=\"image\/png\" \/>\n<meta name=\"twitter:label1\" content=\"Tiempo de lectura\" \/>\n\t<meta name=\"twitter:data1\" content=\"12 minutos\" \/>\n<script type=\"application\/ld+json\" class=\"yoast-schema-graph\">{\"@context\":\"https:\/\/schema.org\",\"@graph\":[{\"@type\":\"WebPage\",\"@id\":\"https:\/\/www.unirufa.it\/offerta-formativa\/corsi-ii-livello\/multimedia-design-and-creative-ai\/\",\"url\":\"https:\/\/www.unirufa.it\/offerta-formativa\/corsi-ii-livello\/multimedia-design-and-creative-ai\/\",\"name\":\"[:it]Magistrale in Multimedia Design and Creative AI - RUFA[:en]Master's Degree in Multimedia Design and Creative AI: Master's Degree - RUFA[:es]Diploma Accademico Biennale Multimedia Design and Creative AI - RUFA[:]\",\"isPartOf\":{\"@id\":\"https:\/\/www.unirufa.it\/#website\"},\"datePublished\":\"2013-06-07T13:54:01+00:00\",\"dateModified\":\"2026-04-10T14:33:05+00:00\",\"description\":\"{:it}Scopri il Diploma Accademico Biennale in Multimedia Design and Creative AI di RUFA. Contatta la nostra Accademia!{:en}Discover the Master's Degree Course in Multimedia Design and Creative AI of RUFA. Contact our Academy!{:es}Scopri il Diploma Accademico Biennale in Multimedia Design and Creative AI - RUFA{:}\",\"breadcrumb\":{\"@id\":\"https:\/\/www.unirufa.it\/offerta-formativa\/corsi-ii-livello\/multimedia-design-and-creative-ai\/#breadcrumb\"},\"inLanguage\":\"es\",\"potentialAction\":[{\"@type\":\"ReadAction\",\"target\":[\"https:\/\/www.unirufa.it\/offerta-formativa\/corsi-ii-livello\/multimedia-design-and-creative-ai\/\"]}]},{\"@type\":\"BreadcrumbList\",\"@id\":\"https:\/\/www.unirufa.it\/offerta-formativa\/corsi-ii-livello\/multimedia-design-and-creative-ai\/#breadcrumb\",\"itemListElement\":[{\"@type\":\"ListItem\",\"position\":1,\"name\":\"Home\",\"item\":\"https:\/\/www.unirufa.it\/\"},{\"@type\":\"ListItem\",\"position\":2,\"name\":\"Offerta formativa\",\"item\":\"https:\/\/www.unirufa.it\/offerta-formativa\/\"},{\"@type\":\"ListItem\",\"position\":3,\"name\":\"Corsi accademici di secondo livello\",\"item\":\"https:\/\/www.unirufa.it\/offerta-formativa\/corsi-ii-livello\/\"},{\"@type\":\"ListItem\",\"position\":4,\"name\":\"Multimedia Design and Creative AI\"}]},{\"@type\":\"WebSite\",\"@id\":\"https:\/\/www.unirufa.it\/#website\",\"url\":\"https:\/\/www.unirufa.it\/\",\"name\":\"RUFA - Rome University of Fine Arts\",\"description\":\"\",\"potentialAction\":[{\"@type\":\"SearchAction\",\"target\":{\"@type\":\"EntryPoint\",\"urlTemplate\":\"https:\/\/www.unirufa.it\/?s={search_term_string}\"},\"query-input\":{\"@type\":\"PropertyValueSpecification\",\"valueRequired\":true,\"valueName\":\"search_term_string\"}}],\"inLanguage\":\"es\"}]}<\/script>\n<!-- \/ Yoast SEO plugin. -->","yoast_head_json":{"title":"Diploma Accademico Biennale Multimedia Design and Creative AI - RUFA","description":"Scopri il Diploma Accademico Biennale in Multimedia Design and Creative AI - RUFA","robots":{"index":"index","follow":"follow","max-snippet":"max-snippet:-1","max-image-preview":"max-image-preview:large","max-video-preview":"max-video-preview:-1"},"canonical":"https:\/\/www.unirufa.it\/offerta-formativa\/corsi-ii-livello\/multimedia-design-and-creative-ai\/","og_locale":"es_ES","og_type":"article","og_title":"[:it]Magistrale in Multimedia Design and Creative AI - RUFA[:en]Master's Degree in Multimedia Design and Creative AI: Master's Degree - RUFA[:es]Diploma Accademico Biennale Multimedia Design and Creative AI - RUFA[:]","og_description":"{:it}Scopri il Diploma Accademico Biennale in Multimedia Design and Creative AI di RUFA. Contatta la nostra Accademia!{:en}Discover the Master's Degree Course in Multimedia Design and Creative AI of RUFA. Contact our Academy!{:es}Scopri il Diploma Accademico Biennale in Multimedia Design and Creative AI - RUFA{:}","og_url":"https:\/\/www.unirufa.it\/offerta-formativa\/corsi-ii-livello\/multimedia-design-and-creative-ai\/","og_site_name":"RUFA - Rome University of Fine Arts","article_modified_time":"2026-04-10T14:33:05+00:00","og_image":[{"width":230,"height":149,"url":"https:\/\/www.unirufa.it\/wp-content\/uploads\/2017\/11\/logo-rufa-2016.png","type":"image\/png"}],"twitter_misc":{"Tiempo de lectura":"12 minutos"},"schema":{"@context":"https:\/\/schema.org","@graph":[{"@type":"WebPage","@id":"https:\/\/www.unirufa.it\/offerta-formativa\/corsi-ii-livello\/multimedia-design-and-creative-ai\/","url":"https:\/\/www.unirufa.it\/offerta-formativa\/corsi-ii-livello\/multimedia-design-and-creative-ai\/","name":"[:it]Magistrale in Multimedia Design and Creative AI - RUFA[:en]Master's Degree in Multimedia Design and Creative AI: Master's Degree - RUFA[:es]Diploma Accademico Biennale Multimedia Design and Creative AI - RUFA[:]","isPartOf":{"@id":"https:\/\/www.unirufa.it\/#website"},"datePublished":"2013-06-07T13:54:01+00:00","dateModified":"2026-04-10T14:33:05+00:00","description":"{:it}Scopri il Diploma Accademico Biennale in Multimedia Design and Creative AI di RUFA. Contatta la nostra Accademia!{:en}Discover the Master's Degree Course in Multimedia Design and Creative AI of RUFA. Contact our Academy!{:es}Scopri il Diploma Accademico Biennale in Multimedia Design and Creative AI - RUFA{:}","breadcrumb":{"@id":"https:\/\/www.unirufa.it\/offerta-formativa\/corsi-ii-livello\/multimedia-design-and-creative-ai\/#breadcrumb"},"inLanguage":"es","potentialAction":[{"@type":"ReadAction","target":["https:\/\/www.unirufa.it\/offerta-formativa\/corsi-ii-livello\/multimedia-design-and-creative-ai\/"]}]},{"@type":"BreadcrumbList","@id":"https:\/\/www.unirufa.it\/offerta-formativa\/corsi-ii-livello\/multimedia-design-and-creative-ai\/#breadcrumb","itemListElement":[{"@type":"ListItem","position":1,"name":"Home","item":"https:\/\/www.unirufa.it\/"},{"@type":"ListItem","position":2,"name":"Offerta formativa","item":"https:\/\/www.unirufa.it\/offerta-formativa\/"},{"@type":"ListItem","position":3,"name":"Corsi accademici di secondo livello","item":"https:\/\/www.unirufa.it\/offerta-formativa\/corsi-ii-livello\/"},{"@type":"ListItem","position":4,"name":"Multimedia Design and Creative AI"}]},{"@type":"WebSite","@id":"https:\/\/www.unirufa.it\/#website","url":"https:\/\/www.unirufa.it\/","name":"RUFA - Rome University of Fine Arts","description":"","potentialAction":[{"@type":"SearchAction","target":{"@type":"EntryPoint","urlTemplate":"https:\/\/www.unirufa.it\/?s={search_term_string}"},"query-input":{"@type":"PropertyValueSpecification","valueRequired":true,"valueName":"search_term_string"}}],"inLanguage":"es"}]}},"_links":{"self":[{"href":"https:\/\/www.unirufa.it\/es\/wp-json\/wp\/v2\/pages\/1105","targetHints":{"allow":["GET"]}}],"collection":[{"href":"https:\/\/www.unirufa.it\/es\/wp-json\/wp\/v2\/pages"}],"about":[{"href":"https:\/\/www.unirufa.it\/es\/wp-json\/wp\/v2\/types\/page"}],"author":[{"embeddable":true,"href":"https:\/\/www.unirufa.it\/es\/wp-json\/wp\/v2\/users\/1"}],"replies":[{"embeddable":true,"href":"https:\/\/www.unirufa.it\/es\/wp-json\/wp\/v2\/comments?post=1105"}],"version-history":[{"count":294,"href":"https:\/\/www.unirufa.it\/es\/wp-json\/wp\/v2\/pages\/1105\/revisions"}],"predecessor-version":[{"id":152289,"href":"https:\/\/www.unirufa.it\/es\/wp-json\/wp\/v2\/pages\/1105\/revisions\/152289"}],"up":[{"embeddable":true,"href":"https:\/\/www.unirufa.it\/es\/wp-json\/wp\/v2\/pages\/1104"}],"wp:attachment":[{"href":"https:\/\/www.unirufa.it\/es\/wp-json\/wp\/v2\/media?parent=1105"}],"curies":[{"name":"wp","href":"https:\/\/api.w.org\/{rel}","templated":true}]}}