


{"id":11170,"date":"2017-02-20T10:59:54","date_gmt":"2017-02-20T10:59:54","guid":{"rendered":"https:\/\/www.unirufa.it\/?page_id=11170"},"modified":"2026-03-25T21:53:58","modified_gmt":"2026-03-25T20:53:58","slug":"disegno-artistico","status":"publish","type":"page","link":"https:\/\/www.unirufa.it\/es\/offerta-formativa\/corsi-brevi\/laboratorio-creativo\/disegno-artistico\/","title":{"rendered":"Dibujo art\u00edstico b\u00e1sico"},"content":{"rendered":"<h4>Todo el dibujo art\u00edstico condensado en un curso corto y completo.<\/h4>\n<p>El curso intensivo de dibujo art\u00edstico est\u00e1 dise\u00f1ado para satisfacer las necesidades de <strong>aquellos que se acercan al dibujo por primera vez<\/strong>, pero tambi\u00e9n para quienes desean adquirir nuevas t\u00e9cnicas y mayor familiaridad trabajando sobre bases existentes.<\/p>\n<p>Traducir la realidad en papel ser\u00e1 posible gracias a <strong>un camino guiado a trav\u00e9s de los fundamentos del dibujo a mano alzada<\/strong>, y luego profundizando en aspectos m\u00e1s complejos a trav\u00e9s de actividades individuales graduales, con una salida para hacer ejercicios de dibujo del natural.<br \/>\nEntre las nociones cubiertas: reconocer la geometr\u00eda b\u00e1sica en el dibujo, observar y reproducir diferentes formas, manejar el espacio de la hoja blanca, reproducir proporciones, comprender formas m\u00e1s complejas, dar volumen al sujeto a trav\u00e9s de claroscuro y semitono, familiarizarse con los conceptos b\u00e1sicos de perspectiva, reproducir la figura humana desde el boceto hasta el dibujo realista.<\/p>\n<p>Al final del curso se emitir\u00e1 un certificado de asistencia, basado en la asistencia a al menos 8 de las 10 clases, para un posible reconocimiento de 2 ECTS.<br \/>\n\u00a0<br \/>\n\n&nbsp;<\/p>\n\n    <div class=\"panel-group\" id=\"accordion\" role=\"tablist\" aria-multiselectable=\"true\">\n        \n\n<article class=\"panel panel-default\" role=\"article\" itemscope itemtype=\"http:\/\/schema.org\/BlogPosting\">\n    <div class=\"panel-heading\" role=\"tab\" id=\"heading1\">\n\t    <h4 class=\"panel-title\">\n\t        <a class=\"collapsed\" role=\"button\" data-toggle=\"collapse\" data-parent=\"#accordion\" href=\"#collapse1\" aria-expanded=\"false\" aria-controls=\"collapse1\" itemprop=\"headline\"><strong>INFORMACI\u00d3N GENERAL<\/strong>\t        \t<span class=\"courses\">\n                 \n\t        \t<\/span>\n\t        <\/a>\n\t    <\/h4>\n\t<\/div>\n<\/article>\n\n\n    <div id=\"collapse1\" class=\"panel-collapse collapse \" role=\"tabpanel\" aria-labelledby=\"heading1\">\n        <div class=\"panel-body\" itemprop=\"articleBody\">\n            <div class=\"item-description\">\n                \n<p><strong>Tipo de curso:<\/strong> sesi\u00f3n grupal &#8211; presencial<br \/>\n<strong>Participantes:<\/strong> M\u00e1ximo 15<br \/>\n<strong>Frecuencia:<\/strong> semanal, los s\u00e1bados de 9 a.m. a 1 p.m.<br \/>\n<strong>Duraci\u00f3n:<\/strong> 10 lecciones \u2013 total de 40 horas<br \/>\n<strong>Costo:<\/strong> \u20ac 590,00 en un solo pago o en dos cuotas (\u20ac300,00 cada una)<br \/>\n<strong>Requisitos\/materiales de apoyo:<\/strong> los costos son a cargo del estudiante<br \/>\n<strong>Idioma:<\/strong> Italiano<br \/>\n<strong>Profesor:<\/strong> Emilio Lecce<br \/>\n<strong>Ubicaci\u00f3n:<\/strong> RUFA &#8211; Via Benaco 2 &#8211; Roma, Aula B01<br \/>\n            <\/div>\n        <\/div>\n    <\/div>\n    \n\n<article class=\"panel panel-default\" role=\"article\" itemscope itemtype=\"http:\/\/schema.org\/BlogPosting\">\n    <div class=\"panel-heading\" role=\"tab\" id=\"heading3\">\n\t    <h4 class=\"panel-title\">\n\t        <a class=\"collapsed\" role=\"button\" data-toggle=\"collapse\" data-parent=\"#accordion\" href=\"#collapse3\" aria-expanded=\"false\" aria-controls=\"collapse3\" itemprop=\"headline\"><strong>PROGRAMA DEL CURSO<\/strong>\t        \t<span class=\"courses\">\n                 \n\t        \t<\/span>\n\t        <\/a>\n\t    <\/h4>\n\t<\/div>\n<\/article>\n\n\n    <div id=\"collapse3\" class=\"panel-collapse collapse \" role=\"tabpanel\" aria-labelledby=\"heading3\">\n        <div class=\"panel-body\" itemprop=\"articleBody\">\n            <div class=\"item-description\">\n                \n<p>Objetivos: en el curso de Dibujo Art\u00edstico cada participante tiene la oportunidad de desarrollar un camino personal para aprender a observar y sintetizar lo que ve en una hoja de papel, comenzando con sujetos simples y pasando a los m\u00e1s complejos.<\/p>\n<p><strong>INTRODUCCI\u00d3N<\/strong><br \/>\nNociones b\u00e1sicas del dibujo;<br \/>\ninterpretar la realidad a trav\u00e9s del dibujo.<\/p>\n<p><strong>FUNDAMENTOS<\/strong><br \/>\nFormas en el dibujo;<br \/>\nc\u00f3mo gestionar el espacio;<br \/>\nreproducir objetos simples a trav\u00e9s de proporciones (del natural y de fotos);<br \/>\ndibujar formas m\u00e1s complejas partiendo del boceto.<\/p>\n<p><strong>CLAROSCURO Y SEMITONO<\/strong><br \/>\nDar tridimensionalidad y volumen al dibujo a trav\u00e9s del claroscuro y el semitono.<\/p>\n<p><strong>PERSPECTIVA<\/strong><br \/>\nPerspectiva central;<br \/>\nperspectiva accidental;<br \/>\naplicar la perspectiva en el dibujo.<\/p>\n<p><strong>ANATOM\u00cdA<\/strong><br \/>\nNociones generales de anatom\u00eda y proporciones del cuerpo humano;<br \/>\nreproducir las proporciones del cuerpo humano dibujando del natural;<br \/>\nreproducir la figura humana desde el boceto hasta el dibujo final.<\/p>\n<p><strong>DIBUJO DEL NATURAL<\/strong><br \/>\nEl curso incluye una o m\u00e1s salidas con ejercicios de dibujo del natural de sujetos naturales, personas y monumentos, seg\u00fan el inter\u00e9s del participante individual.<\/p>\n<p><strong>Material:<\/strong><br \/>\nBloque canson A3 de papel blanco liso o semirugoso;<br \/>\nBloque de dibujo para bocetos;<br \/>\nL\u00e1piz B, 2B, 6B;<br \/>\nBorrador y goma moldeable;<br \/>\nSacapuntas;<br \/>\nRegla y escuadra.<br \/>\n            <\/div>\n        <\/div>\n    <\/div>\n    \n\n<article class=\"panel panel-default\" role=\"article\" itemscope itemtype=\"http:\/\/schema.org\/BlogPosting\">\n    <div class=\"panel-heading\" role=\"tab\" id=\"heading4\">\n\t    <h4 class=\"panel-title\">\n\t        <a class=\"collapsed\" role=\"button\" data-toggle=\"collapse\" data-parent=\"#accordion\" href=\"#collapse4\" aria-expanded=\"false\" aria-controls=\"collapse4\" itemprop=\"headline\"><strong>PROFESOR - EMILIO LECCE<\/strong>\t        \t<span class=\"courses\">\n                 \n\t        \t<\/span>\n\t        <\/a>\n\t    <\/h4>\n\t<\/div>\n<\/article>\n\n\n    <div id=\"collapse4\" class=\"panel-collapse collapse \" role=\"tabpanel\" aria-labelledby=\"heading4\">\n        <div class=\"panel-body\" itemprop=\"articleBody\">\n            <div class=\"item-description\">\n                \n<div class=\"col-md-3\">\n<a href=\"https:\/\/www.unirufa.it\/wp-content\/uploads\/2021\/10\/Docente-Emilio-Lecce.jpg\"><img decoding=\"async\" class=\"alignnone size-medium wp-image-30173\" src=\"https:\/\/www.unirufa.it\/wp-content\/uploads\/2021\/10\/Docente-Emilio-Lecce.jpg\" alt=\"\" width=\"100%\" height=\"auto\"\/><\/a>\n <\/div>\n<div class=\"col-md-9\">\nDibujante de c\u00f3mics, ilustrador y colorista, nacido en Roma en 1983. Comienza a trabajar en c\u00f3mics en 2006 con peque\u00f1os trabajos para Edizioni Bd, Cut-up publishing, Tunu\u00e9, Comics Provider y en anuncios para Sky, Studio Universal, FIGC, Ministerio de pol\u00edticas agr\u00edcolas, Ferrari Spa, Scar Film y Ministerio de transportes. En los a\u00f1os siguientes trabaja en Italia para Aurea editorial (Galaxy Lion, Garibaldi), Editoriale Cosmo (Le nebbie di Caporetto), Panini comics (Il ragazzo invisibile), TIWI (We Race comic: Ferrari, Tintoretto: un ribelle a Venezia), Tunu\u00e9 (7 Crimini), Sergio Bonelli editore (Attica). En los EE. UU. trabaja para IDW Publishing (DRIVE, G.I. JOE), BOOM Studios (Sons of Anarchy); trabaja en Space junkies para el mercado indio y en Ash airways para el mercado irland\u00e9s. Es uno de los miembros fundadores del colectivo Skeleton Monster, que promueve varios eventos en Italia y produce c\u00f3mics y revistas independientes (WRONG, Inchiostrato non mescolato). Con Round Robin editrice es el artista de \u00abe lui che mi sorride\u00bb, que gana el premio Siani en 2011 y Bulletproof Diaries: Afghanistan, escrito por la reportera Barbara Schiavulli. Ambos libros tuvieron una nueva edici\u00f3n por PaperFirst en 2020. En la industria de la ilustraci\u00f3n trabaj\u00f3 con Regione Lazio (Festa del Cinema di Roma) y Rizzoli Libri (Lercio). Desde 2020 ense\u00f1a clases de c\u00f3mics.<\/p>\n<p><a href=\"https:\/\/emiliolecce.com\/\">Sitio web<\/a><\/p>\n<\/div>\n            <\/div>\n        <\/div>\n    <\/div>\n    \n\n<article class=\"panel panel-default\" role=\"article\" itemscope itemtype=\"http:\/\/schema.org\/BlogPosting\">\n    <div class=\"panel-heading\" role=\"tab\" id=\"heading5\">\n\t    <h4 class=\"panel-title\">\n\t        <a class=\"collapsed\" role=\"button\" data-toggle=\"collapse\" data-parent=\"#accordion\" href=\"#collapse5\" aria-expanded=\"false\" aria-controls=\"collapse5\" itemprop=\"headline\"><strong>REDUCCIONES DE TARIFAS<\/strong>\t        \t<span class=\"courses\">\n                 \n\t        \t<\/span>\n\t        <\/a>\n\t    <\/h4>\n\t<\/div>\n<\/article>\n\n\n    <div id=\"collapse5\" class=\"panel-collapse collapse \" role=\"tabpanel\" aria-labelledby=\"heading5\">\n        <div class=\"panel-body\" itemprop=\"articleBody\">\n            <div class=\"item-description\">\n                \n<p><strong>Estudiantes y Alumni de RUFA:<\/strong>\u00a050%<br \/>\n<strong>Alumni de Cursos Intensivos y de Verano RUFA 2023-24:<\/strong>\u00a010%<br \/>\n<strong>Estudiantes universitarios:<\/strong>\u00a05% (previa presentaci\u00f3n del carnet de inscripci\u00f3n universitaria)<br \/>\n<strong>Paquete de cursos\/grupos\/familia:<\/strong> por favor contacta a <a href=\"mailto:corsibrevi@unirufa.it\">corsibrevi@unirufa.it<\/a><\/p>\n            <\/div>\n        <\/div>\n    <\/div>\n    \n\u00a0<\/p>\n    <\/div>\n    \n<p>\u00a0<\/p>\n<h3>Para obtener informaci\u00f3n sobre el curso, por favor llena el formulario y nos pondremos en contacto contigo.<\/h3>\n\n\t\t\t\t\t<script>\n\t\t\t\t\t\twindow.hsFormsOnReady = window.hsFormsOnReady || [];\n\t\t\t\t\t\twindow.hsFormsOnReady.push(()=>{\n\t\t\t\t\t\t\thbspt.forms.create({\n\t\t\t\t\t\t\t\tportalId: 147413364,\n\t\t\t\t\t\t\t\tformId: \"1281b2dc-f238-4c40-b1b6-0ebea1bef9b8\",\n\t\t\t\t\t\t\t\ttarget: \"#hbspt-form-1775911135000-7539495129\",\n\t\t\t\t\t\t\t\tregion: \"eu1\",\n\t\t\t\t\t\t\t\t\n\t\t\t\t\t\t})});\n\t\t\t\t\t<\/script>\n\t\t\t\t\t<div class=\"hbspt-form\" id=\"hbspt-form-1775911135000-7539495129\"><\/div>","protected":false},"excerpt":{"rendered":"<p>Todo el dibujo art\u00edstico condensado en un curso corto y completo. El curso intensivo de dibujo art\u00edstico est\u00e1 dise\u00f1ado para satisfacer las necesidades de aquellos que se acercan al dibujo por primera vez, pero tambi\u00e9n para quienes desean adquirir nuevas t\u00e9cnicas y mayor familiaridad trabajando sobre bases existentes. Traducir la realidad en papel ser\u00e1 posible&#8230;<\/p>\n","protected":false},"author":1,"featured_media":120589,"parent":10850,"menu_order":0,"comment_status":"closed","ping_status":"closed","template":"page_short_course.php","meta":{"content-type":"","footnotes":""},"class_list":["post-11170","page","type-page","status-publish","has-post-thumbnail","hentry"],"yoast_head":"<!-- This site is optimized with the Yoast SEO plugin v24.2 - https:\/\/yoast.com\/wordpress\/plugins\/seo\/ -->\n<title>Corsi Brevi di Disegno Artistisco in Accademia a Roma - RUFA<\/title>\n<meta name=\"description\" content=\"Scopri i corsi brevi di disegno artistico presso l&#039;Accademia delle belle Arti di Roma e trova il tuo percorso!\" \/>\n<meta name=\"robots\" content=\"index, follow, max-snippet:-1, max-image-preview:large, max-video-preview:-1\" \/>\n<link rel=\"canonical\" href=\"https:\/\/www.unirufa.it\/offerta-formativa\/corsi-brevi\/laboratorio-creativo\/disegno-artistico\/\" \/>\n<meta property=\"og:locale\" content=\"es_ES\" \/>\n<meta property=\"og:type\" content=\"article\" \/>\n<meta property=\"og:title\" content=\"[:it]Corsi Brevi di Disegno Artistisco in Accademia a Roma - RUFA[:]\" \/>\n<meta property=\"og:description\" content=\"{:it}Scopri i corsi brevi di disegno artistico presso l&#039;Accademia delle belle Arti di Roma e trova il tuo percorso!{:}\" \/>\n<meta property=\"og:url\" content=\"https:\/\/www.unirufa.it\/offerta-formativa\/corsi-brevi\/laboratorio-creativo\/disegno-artistico\/\" \/>\n<meta property=\"og:site_name\" content=\"RUFA - Rome University of Fine Arts\" \/>\n<meta property=\"article:modified_time\" content=\"2026-03-25T20:53:58+00:00\" \/>\n<meta property=\"og:image\" content=\"https:\/\/www.unirufa.it\/wp-content\/uploads\/2023\/12\/RUFA_Disegno_Artistico_Corsi_Brevi.jpg\" \/>\n\t<meta property=\"og:image:width\" content=\"1440\" \/>\n\t<meta property=\"og:image:height\" content=\"600\" \/>\n\t<meta property=\"og:image:type\" content=\"image\/jpeg\" \/>\n<meta name=\"twitter:label1\" content=\"Tiempo de lectura\" \/>\n\t<meta name=\"twitter:data1\" content=\"15 minutos\" \/>\n<script type=\"application\/ld+json\" class=\"yoast-schema-graph\">{\"@context\":\"https:\/\/schema.org\",\"@graph\":[{\"@type\":\"WebPage\",\"@id\":\"https:\/\/www.unirufa.it\/offerta-formativa\/corsi-brevi\/laboratorio-creativo\/disegno-artistico\/\",\"url\":\"https:\/\/www.unirufa.it\/offerta-formativa\/corsi-brevi\/laboratorio-creativo\/disegno-artistico\/\",\"name\":\"[:it]Corsi Brevi di Disegno Artistisco in Accademia a Roma - RUFA[:]\",\"isPartOf\":{\"@id\":\"https:\/\/www.unirufa.it\/#website\"},\"primaryImageOfPage\":{\"@id\":\"https:\/\/www.unirufa.it\/offerta-formativa\/corsi-brevi\/laboratorio-creativo\/disegno-artistico\/#primaryimage\"},\"image\":{\"@id\":\"https:\/\/www.unirufa.it\/offerta-formativa\/corsi-brevi\/laboratorio-creativo\/disegno-artistico\/#primaryimage\"},\"thumbnailUrl\":\"https:\/\/www.unirufa.it\/wp-content\/uploads\/2023\/12\/RUFA_Disegno_Artistico_Corsi_Brevi.jpg\",\"datePublished\":\"2017-02-20T10:59:54+00:00\",\"dateModified\":\"2026-03-25T20:53:58+00:00\",\"description\":\"{:it}Scopri i corsi brevi di disegno artistico presso l'Accademia delle belle Arti di Roma e trova il tuo percorso!{:}\",\"breadcrumb\":{\"@id\":\"https:\/\/www.unirufa.it\/offerta-formativa\/corsi-brevi\/laboratorio-creativo\/disegno-artistico\/#breadcrumb\"},\"inLanguage\":\"es\",\"potentialAction\":[{\"@type\":\"ReadAction\",\"target\":[\"https:\/\/www.unirufa.it\/offerta-formativa\/corsi-brevi\/laboratorio-creativo\/disegno-artistico\/\"]}]},{\"@type\":\"ImageObject\",\"inLanguage\":\"es\",\"@id\":\"https:\/\/www.unirufa.it\/offerta-formativa\/corsi-brevi\/laboratorio-creativo\/disegno-artistico\/#primaryimage\",\"url\":\"https:\/\/www.unirufa.it\/wp-content\/uploads\/2023\/12\/RUFA_Disegno_Artistico_Corsi_Brevi.jpg\",\"contentUrl\":\"https:\/\/www.unirufa.it\/wp-content\/uploads\/2023\/12\/RUFA_Disegno_Artistico_Corsi_Brevi.jpg\",\"width\":1440,\"height\":600,\"caption\":\"RUFA_Disegno_Artistico_Corsi_Brevi\"},{\"@type\":\"BreadcrumbList\",\"@id\":\"https:\/\/www.unirufa.it\/offerta-formativa\/corsi-brevi\/laboratorio-creativo\/disegno-artistico\/#breadcrumb\",\"itemListElement\":[{\"@type\":\"ListItem\",\"position\":1,\"name\":\"Home\",\"item\":\"https:\/\/www.unirufa.it\/\"},{\"@type\":\"ListItem\",\"position\":2,\"name\":\"Offerta formativa\",\"item\":\"https:\/\/www.unirufa.it\/offerta-formativa\/\"},{\"@type\":\"ListItem\",\"position\":3,\"name\":\"Corsi Brevi\",\"item\":\"https:\/\/www.unirufa.it\/offerta-formativa\/corsi-brevi\/\"},{\"@type\":\"ListItem\",\"position\":4,\"name\":\"Laboratorio Creativo\",\"item\":\"https:\/\/www.unirufa.it\/offerta-formativa\/corsi-brevi\/laboratorio-creativo\/\"},{\"@type\":\"ListItem\",\"position\":5,\"name\":\"Disegno Artistico base\"}]},{\"@type\":\"WebSite\",\"@id\":\"https:\/\/www.unirufa.it\/#website\",\"url\":\"https:\/\/www.unirufa.it\/\",\"name\":\"RUFA - Rome University of Fine Arts\",\"description\":\"\",\"potentialAction\":[{\"@type\":\"SearchAction\",\"target\":{\"@type\":\"EntryPoint\",\"urlTemplate\":\"https:\/\/www.unirufa.it\/?s={search_term_string}\"},\"query-input\":{\"@type\":\"PropertyValueSpecification\",\"valueRequired\":true,\"valueName\":\"search_term_string\"}}],\"inLanguage\":\"es\"}]}<\/script>\n<!-- \/ Yoast SEO plugin. -->","yoast_head_json":{"title":"Corsi Brevi di Disegno Artistisco in Accademia a Roma - RUFA","description":"Scopri i corsi brevi di disegno artistico presso l'Accademia delle belle Arti di Roma e trova il tuo percorso!","robots":{"index":"index","follow":"follow","max-snippet":"max-snippet:-1","max-image-preview":"max-image-preview:large","max-video-preview":"max-video-preview:-1"},"canonical":"https:\/\/www.unirufa.it\/offerta-formativa\/corsi-brevi\/laboratorio-creativo\/disegno-artistico\/","og_locale":"es_ES","og_type":"article","og_title":"[:it]Corsi Brevi di Disegno Artistisco in Accademia a Roma - RUFA[:]","og_description":"{:it}Scopri i corsi brevi di disegno artistico presso l'Accademia delle belle Arti di Roma e trova il tuo percorso!{:}","og_url":"https:\/\/www.unirufa.it\/offerta-formativa\/corsi-brevi\/laboratorio-creativo\/disegno-artistico\/","og_site_name":"RUFA - Rome University of Fine Arts","article_modified_time":"2026-03-25T20:53:58+00:00","og_image":[{"width":1440,"height":600,"url":"https:\/\/www.unirufa.it\/wp-content\/uploads\/2023\/12\/RUFA_Disegno_Artistico_Corsi_Brevi.jpg","type":"image\/jpeg"}],"twitter_misc":{"Tiempo de lectura":"15 minutos"},"schema":{"@context":"https:\/\/schema.org","@graph":[{"@type":"WebPage","@id":"https:\/\/www.unirufa.it\/offerta-formativa\/corsi-brevi\/laboratorio-creativo\/disegno-artistico\/","url":"https:\/\/www.unirufa.it\/offerta-formativa\/corsi-brevi\/laboratorio-creativo\/disegno-artistico\/","name":"[:it]Corsi Brevi di Disegno Artistisco in Accademia a Roma - RUFA[:]","isPartOf":{"@id":"https:\/\/www.unirufa.it\/#website"},"primaryImageOfPage":{"@id":"https:\/\/www.unirufa.it\/offerta-formativa\/corsi-brevi\/laboratorio-creativo\/disegno-artistico\/#primaryimage"},"image":{"@id":"https:\/\/www.unirufa.it\/offerta-formativa\/corsi-brevi\/laboratorio-creativo\/disegno-artistico\/#primaryimage"},"thumbnailUrl":"https:\/\/www.unirufa.it\/wp-content\/uploads\/2023\/12\/RUFA_Disegno_Artistico_Corsi_Brevi.jpg","datePublished":"2017-02-20T10:59:54+00:00","dateModified":"2026-03-25T20:53:58+00:00","description":"{:it}Scopri i corsi brevi di disegno artistico presso l'Accademia delle belle Arti di Roma e trova il tuo percorso!{:}","breadcrumb":{"@id":"https:\/\/www.unirufa.it\/offerta-formativa\/corsi-brevi\/laboratorio-creativo\/disegno-artistico\/#breadcrumb"},"inLanguage":"es","potentialAction":[{"@type":"ReadAction","target":["https:\/\/www.unirufa.it\/offerta-formativa\/corsi-brevi\/laboratorio-creativo\/disegno-artistico\/"]}]},{"@type":"ImageObject","inLanguage":"es","@id":"https:\/\/www.unirufa.it\/offerta-formativa\/corsi-brevi\/laboratorio-creativo\/disegno-artistico\/#primaryimage","url":"https:\/\/www.unirufa.it\/wp-content\/uploads\/2023\/12\/RUFA_Disegno_Artistico_Corsi_Brevi.jpg","contentUrl":"https:\/\/www.unirufa.it\/wp-content\/uploads\/2023\/12\/RUFA_Disegno_Artistico_Corsi_Brevi.jpg","width":1440,"height":600,"caption":"RUFA_Disegno_Artistico_Corsi_Brevi"},{"@type":"BreadcrumbList","@id":"https:\/\/www.unirufa.it\/offerta-formativa\/corsi-brevi\/laboratorio-creativo\/disegno-artistico\/#breadcrumb","itemListElement":[{"@type":"ListItem","position":1,"name":"Home","item":"https:\/\/www.unirufa.it\/"},{"@type":"ListItem","position":2,"name":"Offerta formativa","item":"https:\/\/www.unirufa.it\/offerta-formativa\/"},{"@type":"ListItem","position":3,"name":"Corsi Brevi","item":"https:\/\/www.unirufa.it\/offerta-formativa\/corsi-brevi\/"},{"@type":"ListItem","position":4,"name":"Laboratorio Creativo","item":"https:\/\/www.unirufa.it\/offerta-formativa\/corsi-brevi\/laboratorio-creativo\/"},{"@type":"ListItem","position":5,"name":"Disegno Artistico base"}]},{"@type":"WebSite","@id":"https:\/\/www.unirufa.it\/#website","url":"https:\/\/www.unirufa.it\/","name":"RUFA - Rome University of Fine Arts","description":"","potentialAction":[{"@type":"SearchAction","target":{"@type":"EntryPoint","urlTemplate":"https:\/\/www.unirufa.it\/?s={search_term_string}"},"query-input":{"@type":"PropertyValueSpecification","valueRequired":true,"valueName":"search_term_string"}}],"inLanguage":"es"}]}},"_links":{"self":[{"href":"https:\/\/www.unirufa.it\/es\/wp-json\/wp\/v2\/pages\/11170","targetHints":{"allow":["GET"]}}],"collection":[{"href":"https:\/\/www.unirufa.it\/es\/wp-json\/wp\/v2\/pages"}],"about":[{"href":"https:\/\/www.unirufa.it\/es\/wp-json\/wp\/v2\/types\/page"}],"author":[{"embeddable":true,"href":"https:\/\/www.unirufa.it\/es\/wp-json\/wp\/v2\/users\/1"}],"replies":[{"embeddable":true,"href":"https:\/\/www.unirufa.it\/es\/wp-json\/wp\/v2\/comments?post=11170"}],"version-history":[{"count":152,"href":"https:\/\/www.unirufa.it\/es\/wp-json\/wp\/v2\/pages\/11170\/revisions"}],"predecessor-version":[{"id":152301,"href":"https:\/\/www.unirufa.it\/es\/wp-json\/wp\/v2\/pages\/11170\/revisions\/152301"}],"up":[{"embeddable":true,"href":"https:\/\/www.unirufa.it\/es\/wp-json\/wp\/v2\/pages\/10850"}],"wp:featuredmedia":[{"embeddable":true,"href":"https:\/\/www.unirufa.it\/es\/wp-json\/wp\/v2\/media\/120589"}],"wp:attachment":[{"href":"https:\/\/www.unirufa.it\/es\/wp-json\/wp\/v2\/media?parent=11170"}],"curies":[{"name":"wp","href":"https:\/\/api.w.org\/{rel}","templated":true}]}}