


{"id":11647,"date":"2017-04-04T08:23:51","date_gmt":"2017-04-04T08:23:51","guid":{"rendered":"https:\/\/www.unirufa.it\/?page_id=11647"},"modified":"2021-03-27T12:15:22","modified_gmt":"2021-03-27T11:15:22","slug":"rufa-annual-report-2016-pub","status":"publish","type":"page","link":"https:\/\/www.unirufa.it\/es\/rufa-annual-report-2016-pub\/","title":{"rendered":"Annual report 2016"},"content":{"rendered":"El Informe 2016 recoge lo mejor de la densa producci\u00f3n did\u00e1ctica y creativa anual de la academia. En el interior, el uso de una tipograf\u00eda expresiva, la fotograf\u00eda combinada con intervenciones art\u00edsticas en hilo de magenta, una disposici\u00f3n libre y una encuadernaci\u00f3n visible tienen como objetivo evocar el aspecto multidisciplinar de la escuela, hecha de contaminaciones y estratificaciones art\u00edsticas y de dise\u00f1o. El producto est\u00e1 impreso en hexacrom\u00eda con el uso de pantone ne\u00f3n 802 y 806. El p\u00f3ster de la portada recoge por categor\u00edas los distintos tipos de acciones emprendidas, mientras que la portada en blanco presenta una carta escrita por el profesor al futuro alumno. El suplemento de 16 p\u00e1ginas de diferente formato, impresas a dos colores, cuenta uno de los principales momentos del a\u00f1o pasado: el concurso RUFA. En el interior, el contenido digital extra puede ser visto a trav\u00e9s de tel\u00e9fonos inteligentes y tabletas usando la aplicaci\u00f3n.<\/p>\n<p>&nbsp;<\/p>\n<p><strong>Cr\u00e9ditos:<\/strong><br \/>\n<strong>Proyecto editorial<\/strong><br \/>\nOficina de Comunicaci\u00f3n RUFA<br \/>\n<strong>Supervisi\u00f3n<\/strong><br \/>\nFabio Mongelli<br \/>\n<strong>Design<\/strong><br \/>\nIntorno Design<br \/>\n<strong>Textos<\/strong><br \/>\nElena Pagnotta, Alessandro Caruso<br \/>\n<strong>Magenta embroidery artwork<\/strong><br \/>\nFederica Di Pietrantonio<br \/>\n<strong>Fotograf\u00edas<\/strong><br \/>\nStefano Compagnucci, Christian Rizzo (postproduction),\u00a0III year Photography A.Y 2015\/16<br \/>\n<strong>Texto Cover<\/strong><br \/>\nRaffaele Simongini<br \/>\n<strong>Cooperaci\u00f3n<\/strong><br \/>\nAndrea Ren\u00e9 Angeramo, Emanuele Cappelli, Alessandro Carpentieri, Alessandro Caruso, Emiliano Coletta, Giulia Mencarelli, Alessandro Mongelli, Alfio Mongelli, Fabio Mongelli, Ely Rozenberg, Mario Rullo, Alessandro Vergoz, Andr\u00e9s Raphael Zabala<br \/>\n<strong>Traducciones<\/strong><br \/>\nCSE 92<br \/>\n<strong>Gracias a<\/strong><br \/>\nPaolo Buonaiuto, Laura Campana, Fabrizio Dell&#8217;Arno, Valentina Marchi\u00f2, Laura Speranza<br \/>\n<strong>Papel<\/strong><br \/>\nArjowiggins<br \/>\n<strong>Impresi\u00f3n<\/strong><br \/>\nTipografare (Graphein Servizi srl)<br \/>\n<strong>Encuadernaci\u00f3n<\/strong><br \/>\nLa Legatoria<\/p>\n<div class=\"issuuembed\" style=\"width: 100%; height: 600px;\" data-configid=\"14039583\/44198075\"><\/div>\n<p><script type=\"text\/javascript\" src=\"\/\/e.issuu.com\/embed.js\" async=\"true\"><\/script>","protected":false},"excerpt":{"rendered":"<p>El Informe 2016 recoge lo mejor de la densa producci\u00f3n did\u00e1ctica y creativa anual de la academia. En el interior, el uso de una tipograf\u00eda expresiva, la fotograf\u00eda combinada con intervenciones art\u00edsticas en hilo de magenta, una disposici\u00f3n libre y una encuadernaci\u00f3n visible tienen como objetivo evocar el aspecto multidisciplinar de la escuela, hecha de&#8230;<\/p>\n","protected":false},"author":1,"featured_media":11742,"parent":0,"menu_order":0,"comment_status":"closed","ping_status":"closed","template":"","meta":{"content-type":"","footnotes":""},"class_list":["post-11647","page","type-page","status-publish","has-post-thumbnail","hentry"],"yoast_head":"<!-- This site is optimized with the Yoast SEO plugin v24.2 - https:\/\/yoast.com\/wordpress\/plugins\/seo\/ -->\n<title>Annual report 2016 - RUFA - Rome University of Fine Arts<\/title>\n<meta name=\"robots\" content=\"index, follow, max-snippet:-1, max-image-preview:large, max-video-preview:-1\" \/>\n<link rel=\"canonical\" href=\"https:\/\/www.unirufa.it\/en\/rufa-annual-report-2016-pub\/\" \/>\n<meta property=\"og:locale\" content=\"es_ES\" \/>\n<meta property=\"og:type\" content=\"article\" \/>\n<meta property=\"og:title\" content=\"Annual report 2016 - RUFA - Rome University of Fine Arts\" \/>\n<meta property=\"og:description\" content=\"El Informe 2016 recoge lo mejor de la densa producci\u00f3n did\u00e1ctica y creativa anual de la academia. En el interior, el uso de una tipograf\u00eda expresiva, la fotograf\u00eda combinada con intervenciones art\u00edsticas en hilo de magenta, una disposici\u00f3n libre y una encuadernaci\u00f3n visible tienen como objetivo evocar el aspecto multidisciplinar de la escuela, hecha de...\" \/>\n<meta property=\"og:url\" content=\"https:\/\/www.unirufa.it\/en\/rufa-annual-report-2016-pub\/\" \/>\n<meta property=\"og:site_name\" content=\"RUFA - Rome University of Fine Arts\" \/>\n<meta property=\"article:modified_time\" content=\"2021-03-27T11:15:22+00:00\" \/>\n<meta property=\"og:image\" content=\"https:\/\/www.unirufa.it\/wp-content\/uploads\/2017\/04\/annaul_report.png\" \/>\n\t<meta property=\"og:image:width\" content=\"1440\" \/>\n\t<meta property=\"og:image:height\" content=\"600\" \/>\n\t<meta property=\"og:image:type\" content=\"image\/png\" \/>\n<meta name=\"twitter:label1\" content=\"Tiempo de lectura\" \/>\n\t<meta name=\"twitter:data1\" content=\"4 minutos\" \/>\n<script type=\"application\/ld+json\" class=\"yoast-schema-graph\">{\"@context\":\"https:\/\/schema.org\",\"@graph\":[{\"@type\":\"WebPage\",\"@id\":\"https:\/\/www.unirufa.it\/en\/rufa-annual-report-2016-pub\/\",\"url\":\"https:\/\/www.unirufa.it\/en\/rufa-annual-report-2016-pub\/\",\"name\":\"Annual report 2016 - RUFA - Rome University of Fine Arts\",\"isPartOf\":{\"@id\":\"https:\/\/www.unirufa.it\/#website\"},\"primaryImageOfPage\":{\"@id\":\"https:\/\/www.unirufa.it\/en\/rufa-annual-report-2016-pub\/#primaryimage\"},\"image\":{\"@id\":\"https:\/\/www.unirufa.it\/en\/rufa-annual-report-2016-pub\/#primaryimage\"},\"thumbnailUrl\":\"https:\/\/www.unirufa.it\/wp-content\/uploads\/2017\/04\/annaul_report.png\",\"datePublished\":\"2017-04-04T08:23:51+00:00\",\"dateModified\":\"2021-03-27T11:15:22+00:00\",\"breadcrumb\":{\"@id\":\"https:\/\/www.unirufa.it\/en\/rufa-annual-report-2016-pub\/#breadcrumb\"},\"inLanguage\":\"es\",\"potentialAction\":[{\"@type\":\"ReadAction\",\"target\":[\"https:\/\/www.unirufa.it\/en\/rufa-annual-report-2016-pub\/\"]}]},{\"@type\":\"ImageObject\",\"inLanguage\":\"es\",\"@id\":\"https:\/\/www.unirufa.it\/en\/rufa-annual-report-2016-pub\/#primaryimage\",\"url\":\"https:\/\/www.unirufa.it\/wp-content\/uploads\/2017\/04\/annaul_report.png\",\"contentUrl\":\"https:\/\/www.unirufa.it\/wp-content\/uploads\/2017\/04\/annaul_report.png\",\"width\":1440,\"height\":600},{\"@type\":\"BreadcrumbList\",\"@id\":\"https:\/\/www.unirufa.it\/en\/rufa-annual-report-2016-pub\/#breadcrumb\",\"itemListElement\":[{\"@type\":\"ListItem\",\"position\":1,\"name\":\"Home\",\"item\":\"https:\/\/www.unirufa.it\/\"},{\"@type\":\"ListItem\",\"position\":2,\"name\":\"Annual report 2016\"}]},{\"@type\":\"WebSite\",\"@id\":\"https:\/\/www.unirufa.it\/#website\",\"url\":\"https:\/\/www.unirufa.it\/\",\"name\":\"RUFA - Rome University of Fine Arts\",\"description\":\"\",\"potentialAction\":[{\"@type\":\"SearchAction\",\"target\":{\"@type\":\"EntryPoint\",\"urlTemplate\":\"https:\/\/www.unirufa.it\/?s={search_term_string}\"},\"query-input\":{\"@type\":\"PropertyValueSpecification\",\"valueRequired\":true,\"valueName\":\"search_term_string\"}}],\"inLanguage\":\"es\"}]}<\/script>\n<!-- \/ Yoast SEO plugin. -->","yoast_head_json":{"title":"Annual report 2016 - RUFA - Rome University of Fine Arts","robots":{"index":"index","follow":"follow","max-snippet":"max-snippet:-1","max-image-preview":"max-image-preview:large","max-video-preview":"max-video-preview:-1"},"canonical":"https:\/\/www.unirufa.it\/en\/rufa-annual-report-2016-pub\/","og_locale":"es_ES","og_type":"article","og_title":"Annual report 2016 - RUFA - Rome University of Fine Arts","og_description":"El Informe 2016 recoge lo mejor de la densa producci\u00f3n did\u00e1ctica y creativa anual de la academia. En el interior, el uso de una tipograf\u00eda expresiva, la fotograf\u00eda combinada con intervenciones art\u00edsticas en hilo de magenta, una disposici\u00f3n libre y una encuadernaci\u00f3n visible tienen como objetivo evocar el aspecto multidisciplinar de la escuela, hecha de...","og_url":"https:\/\/www.unirufa.it\/en\/rufa-annual-report-2016-pub\/","og_site_name":"RUFA - Rome University of Fine Arts","article_modified_time":"2021-03-27T11:15:22+00:00","og_image":[{"width":1440,"height":600,"url":"https:\/\/www.unirufa.it\/wp-content\/uploads\/2017\/04\/annaul_report.png","type":"image\/png"}],"twitter_misc":{"Tiempo de lectura":"4 minutos"},"schema":{"@context":"https:\/\/schema.org","@graph":[{"@type":"WebPage","@id":"https:\/\/www.unirufa.it\/en\/rufa-annual-report-2016-pub\/","url":"https:\/\/www.unirufa.it\/en\/rufa-annual-report-2016-pub\/","name":"Annual report 2016 - RUFA - Rome University of Fine Arts","isPartOf":{"@id":"https:\/\/www.unirufa.it\/#website"},"primaryImageOfPage":{"@id":"https:\/\/www.unirufa.it\/en\/rufa-annual-report-2016-pub\/#primaryimage"},"image":{"@id":"https:\/\/www.unirufa.it\/en\/rufa-annual-report-2016-pub\/#primaryimage"},"thumbnailUrl":"https:\/\/www.unirufa.it\/wp-content\/uploads\/2017\/04\/annaul_report.png","datePublished":"2017-04-04T08:23:51+00:00","dateModified":"2021-03-27T11:15:22+00:00","breadcrumb":{"@id":"https:\/\/www.unirufa.it\/en\/rufa-annual-report-2016-pub\/#breadcrumb"},"inLanguage":"es","potentialAction":[{"@type":"ReadAction","target":["https:\/\/www.unirufa.it\/en\/rufa-annual-report-2016-pub\/"]}]},{"@type":"ImageObject","inLanguage":"es","@id":"https:\/\/www.unirufa.it\/en\/rufa-annual-report-2016-pub\/#primaryimage","url":"https:\/\/www.unirufa.it\/wp-content\/uploads\/2017\/04\/annaul_report.png","contentUrl":"https:\/\/www.unirufa.it\/wp-content\/uploads\/2017\/04\/annaul_report.png","width":1440,"height":600},{"@type":"BreadcrumbList","@id":"https:\/\/www.unirufa.it\/en\/rufa-annual-report-2016-pub\/#breadcrumb","itemListElement":[{"@type":"ListItem","position":1,"name":"Home","item":"https:\/\/www.unirufa.it\/"},{"@type":"ListItem","position":2,"name":"Annual report 2016"}]},{"@type":"WebSite","@id":"https:\/\/www.unirufa.it\/#website","url":"https:\/\/www.unirufa.it\/","name":"RUFA - Rome University of Fine Arts","description":"","potentialAction":[{"@type":"SearchAction","target":{"@type":"EntryPoint","urlTemplate":"https:\/\/www.unirufa.it\/?s={search_term_string}"},"query-input":{"@type":"PropertyValueSpecification","valueRequired":true,"valueName":"search_term_string"}}],"inLanguage":"es"}]}},"_links":{"self":[{"href":"https:\/\/www.unirufa.it\/es\/wp-json\/wp\/v2\/pages\/11647","targetHints":{"allow":["GET"]}}],"collection":[{"href":"https:\/\/www.unirufa.it\/es\/wp-json\/wp\/v2\/pages"}],"about":[{"href":"https:\/\/www.unirufa.it\/es\/wp-json\/wp\/v2\/types\/page"}],"author":[{"embeddable":true,"href":"https:\/\/www.unirufa.it\/es\/wp-json\/wp\/v2\/users\/1"}],"replies":[{"embeddable":true,"href":"https:\/\/www.unirufa.it\/es\/wp-json\/wp\/v2\/comments?post=11647"}],"version-history":[{"count":17,"href":"https:\/\/www.unirufa.it\/es\/wp-json\/wp\/v2\/pages\/11647\/revisions"}],"predecessor-version":[{"id":40504,"href":"https:\/\/www.unirufa.it\/es\/wp-json\/wp\/v2\/pages\/11647\/revisions\/40504"}],"wp:featuredmedia":[{"embeddable":true,"href":"https:\/\/www.unirufa.it\/es\/wp-json\/wp\/v2\/media\/11742"}],"wp:attachment":[{"href":"https:\/\/www.unirufa.it\/es\/wp-json\/wp\/v2\/media?parent=11647"}],"curies":[{"name":"wp","href":"https:\/\/api.w.org\/{rel}","templated":true}]}}