


{"id":11733,"date":"2017-04-11T09:29:34","date_gmt":"2017-04-11T09:29:34","guid":{"rendered":"https:\/\/www.unirufa.it\/?page_id=11733"},"modified":"2021-07-30T16:41:56","modified_gmt":"2021-07-30T14:41:56","slug":"annual-report-2015","status":"publish","type":"page","link":"https:\/\/www.unirufa.it\/es\/annual-report-2015\/","title":{"rendered":"Annual report 2015"},"content":{"rendered":"El primer Informe Anual de la RUFA es correspondiente al 2015. Un volumen que combina el aspecto tecnol\u00f3gico con el aspecto manual de la academia. Un trabajo complejo resultado de la preparaci\u00f3n y minuciosidad de quienes dise\u00f1aron y ejecutaron el proyecto. Todos los profesionales de la Academia participan en la selecci\u00f3n del trabajo hasta la composici\u00f3n interna de los contenidos. La cubierta semirr\u00edgida en papel de color cobalto, se refiere inmediatamente al contenido digital externo con c\u00f3decs QR que se convierten en un patr\u00f3n gr\u00e1fico impreso en serigraf\u00eda. En el interior se presentan todos los datos, los n\u00fameros, una selecci\u00f3n de los mejores proyectos, la rese\u00f1a de los principales eventos y asociaciones y, finalmente, la lista de todos los protagonistas del a\u00f1o. El suplemento fue dedicado al Concurso RUFA 2015, el evento principal del a\u00f1o.<br \/>\nPara contar la historia de esta experiencia, se decidi\u00f3 diferenciarla del resto, no s\u00f3lo por el formato, sino tambi\u00e9n por el tipo de papel, el fondo negro y las im\u00e1genes desaturadas. En unas cien p\u00e1ginas, gracias a una cuidadosa composici\u00f3n de im\u00e1genes\/contenidos y elecci\u00f3n de colores, se expresa todo el dinamismo y la creatividad de la Academia.<\/p>\n<h3>Premios<\/h3>\n<p>&#8211; Premios de dise\u00f1o Red Dot, Berl\u00edn noviembre de 2016;<br \/>\n&#8211; Premio Europeo de Dise\u00f1o, Oro en la secci\u00f3n \u00abInforme anual\u00bb, Viena mayo de 2016;<br \/>\n&#8211; Menci\u00f3n de honor en los Premios Internacionales de Dise\u00f1o, Los \u00c1ngeles, septiembre de 2016;<br \/>\n&#8211; Premio a la Excelencia en el Dise\u00f1o en el Lazio, Roma, octubre de 2016;<br \/>\n&#8211; Exposici\u00f3n en la Ex Cartiera Latina de Roma, octubre de 2016;<\/p>\n<p><strong>Cr\u00e9ditos:<\/strong><br \/>\n<strong>Proyecto editorial<\/strong><br \/>\nOficina de Comunicaci\u00f3n RUFA<br \/>\n<strong>Dise\u00f1o gr\u00e1fico<\/strong><br \/>\nIntorno Design<br \/>\n<strong>Textos<\/strong><br \/>\nElena Pagnotta, Alessandro Caruso<br \/>\n<strong>Contribuciones<\/strong><br \/>\nAndrea Ren\u00e9 Angeramo, Emanuele Cappelli, Alessandro Carpentieri, Alessandro Caruso, Emiliano Coletta, Gian Luca Gentili, Alessandro Mongelli, Alfio Mongelli, Fabio Mongelli, Susanna Nicchiarelli, Mario Rullo, Alessandro Vergoz<br \/>\n<strong>Traducciones<\/strong><br \/>\nFabrizio Cristallo<br \/>\n<strong>Cooperaci\u00f3n<\/strong><br \/>\nGiulia Mencarelli, Chiara Mingarelli, Laura Speranza<br \/>\n<strong>Fotograf\u00edas<\/strong><br \/>\nStefano Compagnucci, Riccardo Ferranti, Zhuang Xueying, Christian Rizzo (postproduzione), Eleonora Cerri Pecorella<br \/>\n<strong>Impresi\u00f3n<\/strong><br \/>\nGraphein Servizi srl<br \/>\n<strong>Papel\u00a0<\/strong><br \/>\nFedrigoni<\/p>\n<p>&nbsp;<\/p>\n<p>&nbsp;<\/p>\n<div class=\"issuuembed\" style=\"width: 100%; height: 600px;\" data-configid=\"14039583\/33213434\"><\/div>\n<p><script type=\"text\/javascript\" src=\"\/\/e.issuu.com\/embed.js\" async=\"true\"><\/script>","protected":false},"excerpt":{"rendered":"<p>El primer Informe Anual de la RUFA es correspondiente al 2015. Un volumen que combina el aspecto tecnol\u00f3gico con el aspecto manual de la academia. Un trabajo complejo resultado de la preparaci\u00f3n y minuciosidad de quienes dise\u00f1aron y ejecutaron el proyecto. Todos los profesionales de la Academia participan en la selecci\u00f3n del trabajo hasta la&#8230;<\/p>\n","protected":false},"author":1,"featured_media":11737,"parent":0,"menu_order":0,"comment_status":"closed","ping_status":"closed","template":"","meta":{"content-type":"","footnotes":""},"class_list":["post-11733","page","type-page","status-publish","has-post-thumbnail","hentry"],"yoast_head":"<!-- This site is optimized with the Yoast SEO plugin v24.2 - https:\/\/yoast.com\/wordpress\/plugins\/seo\/ -->\n<title>Annual report 2015 - RUFA - Rome University of Fine Arts<\/title>\n<meta name=\"robots\" content=\"index, follow, max-snippet:-1, max-image-preview:large, max-video-preview:-1\" \/>\n<link rel=\"canonical\" href=\"https:\/\/www.unirufa.it\/annual-report-2015\/\" \/>\n<meta property=\"og:locale\" content=\"es_ES\" \/>\n<meta property=\"og:type\" content=\"article\" \/>\n<meta property=\"og:title\" content=\"Annual report 2015 - RUFA - Rome University of Fine Arts\" \/>\n<meta property=\"og:description\" content=\"El primer Informe Anual de la RUFA es correspondiente al 2015. Un volumen que combina el aspecto tecnol\u00f3gico con el aspecto manual de la academia. Un trabajo complejo resultado de la preparaci\u00f3n y minuciosidad de quienes dise\u00f1aron y ejecutaron el proyecto. Todos los profesionales de la Academia participan en la selecci\u00f3n del trabajo hasta la...\" \/>\n<meta property=\"og:url\" content=\"https:\/\/www.unirufa.it\/annual-report-2015\/\" \/>\n<meta property=\"og:site_name\" content=\"RUFA - Rome University of Fine Arts\" \/>\n<meta property=\"article:modified_time\" content=\"2021-07-30T14:41:56+00:00\" \/>\n<meta property=\"og:image\" content=\"https:\/\/www.unirufa.it\/wp-content\/uploads\/2017\/04\/annual_report.png\" \/>\n\t<meta property=\"og:image:width\" content=\"1440\" \/>\n\t<meta property=\"og:image:height\" content=\"600\" \/>\n\t<meta property=\"og:image:type\" content=\"image\/png\" \/>\n<meta name=\"twitter:label1\" content=\"Tiempo de lectura\" \/>\n\t<meta name=\"twitter:data1\" content=\"5 minutos\" \/>\n<script type=\"application\/ld+json\" class=\"yoast-schema-graph\">{\"@context\":\"https:\/\/schema.org\",\"@graph\":[{\"@type\":\"WebPage\",\"@id\":\"https:\/\/www.unirufa.it\/annual-report-2015\/\",\"url\":\"https:\/\/www.unirufa.it\/annual-report-2015\/\",\"name\":\"Annual report 2015 - RUFA - Rome University of Fine Arts\",\"isPartOf\":{\"@id\":\"https:\/\/www.unirufa.it\/#website\"},\"primaryImageOfPage\":{\"@id\":\"https:\/\/www.unirufa.it\/annual-report-2015\/#primaryimage\"},\"image\":{\"@id\":\"https:\/\/www.unirufa.it\/annual-report-2015\/#primaryimage\"},\"thumbnailUrl\":\"https:\/\/www.unirufa.it\/wp-content\/uploads\/2017\/04\/annual_report.png\",\"datePublished\":\"2017-04-11T09:29:34+00:00\",\"dateModified\":\"2021-07-30T14:41:56+00:00\",\"breadcrumb\":{\"@id\":\"https:\/\/www.unirufa.it\/annual-report-2015\/#breadcrumb\"},\"inLanguage\":\"es\",\"potentialAction\":[{\"@type\":\"ReadAction\",\"target\":[\"https:\/\/www.unirufa.it\/annual-report-2015\/\"]}]},{\"@type\":\"ImageObject\",\"inLanguage\":\"es\",\"@id\":\"https:\/\/www.unirufa.it\/annual-report-2015\/#primaryimage\",\"url\":\"https:\/\/www.unirufa.it\/wp-content\/uploads\/2017\/04\/annual_report.png\",\"contentUrl\":\"https:\/\/www.unirufa.it\/wp-content\/uploads\/2017\/04\/annual_report.png\",\"width\":1440,\"height\":600},{\"@type\":\"BreadcrumbList\",\"@id\":\"https:\/\/www.unirufa.it\/annual-report-2015\/#breadcrumb\",\"itemListElement\":[{\"@type\":\"ListItem\",\"position\":1,\"name\":\"Home\",\"item\":\"https:\/\/www.unirufa.it\/\"},{\"@type\":\"ListItem\",\"position\":2,\"name\":\"Annual report 2015\"}]},{\"@type\":\"WebSite\",\"@id\":\"https:\/\/www.unirufa.it\/#website\",\"url\":\"https:\/\/www.unirufa.it\/\",\"name\":\"RUFA - Rome University of Fine Arts\",\"description\":\"\",\"potentialAction\":[{\"@type\":\"SearchAction\",\"target\":{\"@type\":\"EntryPoint\",\"urlTemplate\":\"https:\/\/www.unirufa.it\/?s={search_term_string}\"},\"query-input\":{\"@type\":\"PropertyValueSpecification\",\"valueRequired\":true,\"valueName\":\"search_term_string\"}}],\"inLanguage\":\"es\"}]}<\/script>\n<!-- \/ Yoast SEO plugin. -->","yoast_head_json":{"title":"Annual report 2015 - RUFA - Rome University of Fine Arts","robots":{"index":"index","follow":"follow","max-snippet":"max-snippet:-1","max-image-preview":"max-image-preview:large","max-video-preview":"max-video-preview:-1"},"canonical":"https:\/\/www.unirufa.it\/annual-report-2015\/","og_locale":"es_ES","og_type":"article","og_title":"Annual report 2015 - RUFA - Rome University of Fine Arts","og_description":"El primer Informe Anual de la RUFA es correspondiente al 2015. Un volumen que combina el aspecto tecnol\u00f3gico con el aspecto manual de la academia. Un trabajo complejo resultado de la preparaci\u00f3n y minuciosidad de quienes dise\u00f1aron y ejecutaron el proyecto. Todos los profesionales de la Academia participan en la selecci\u00f3n del trabajo hasta la...","og_url":"https:\/\/www.unirufa.it\/annual-report-2015\/","og_site_name":"RUFA - Rome University of Fine Arts","article_modified_time":"2021-07-30T14:41:56+00:00","og_image":[{"width":1440,"height":600,"url":"https:\/\/www.unirufa.it\/wp-content\/uploads\/2017\/04\/annual_report.png","type":"image\/png"}],"twitter_misc":{"Tiempo de lectura":"5 minutos"},"schema":{"@context":"https:\/\/schema.org","@graph":[{"@type":"WebPage","@id":"https:\/\/www.unirufa.it\/annual-report-2015\/","url":"https:\/\/www.unirufa.it\/annual-report-2015\/","name":"Annual report 2015 - RUFA - Rome University of Fine Arts","isPartOf":{"@id":"https:\/\/www.unirufa.it\/#website"},"primaryImageOfPage":{"@id":"https:\/\/www.unirufa.it\/annual-report-2015\/#primaryimage"},"image":{"@id":"https:\/\/www.unirufa.it\/annual-report-2015\/#primaryimage"},"thumbnailUrl":"https:\/\/www.unirufa.it\/wp-content\/uploads\/2017\/04\/annual_report.png","datePublished":"2017-04-11T09:29:34+00:00","dateModified":"2021-07-30T14:41:56+00:00","breadcrumb":{"@id":"https:\/\/www.unirufa.it\/annual-report-2015\/#breadcrumb"},"inLanguage":"es","potentialAction":[{"@type":"ReadAction","target":["https:\/\/www.unirufa.it\/annual-report-2015\/"]}]},{"@type":"ImageObject","inLanguage":"es","@id":"https:\/\/www.unirufa.it\/annual-report-2015\/#primaryimage","url":"https:\/\/www.unirufa.it\/wp-content\/uploads\/2017\/04\/annual_report.png","contentUrl":"https:\/\/www.unirufa.it\/wp-content\/uploads\/2017\/04\/annual_report.png","width":1440,"height":600},{"@type":"BreadcrumbList","@id":"https:\/\/www.unirufa.it\/annual-report-2015\/#breadcrumb","itemListElement":[{"@type":"ListItem","position":1,"name":"Home","item":"https:\/\/www.unirufa.it\/"},{"@type":"ListItem","position":2,"name":"Annual report 2015"}]},{"@type":"WebSite","@id":"https:\/\/www.unirufa.it\/#website","url":"https:\/\/www.unirufa.it\/","name":"RUFA - Rome University of Fine Arts","description":"","potentialAction":[{"@type":"SearchAction","target":{"@type":"EntryPoint","urlTemplate":"https:\/\/www.unirufa.it\/?s={search_term_string}"},"query-input":{"@type":"PropertyValueSpecification","valueRequired":true,"valueName":"search_term_string"}}],"inLanguage":"es"}]}},"_links":{"self":[{"href":"https:\/\/www.unirufa.it\/es\/wp-json\/wp\/v2\/pages\/11733","targetHints":{"allow":["GET"]}}],"collection":[{"href":"https:\/\/www.unirufa.it\/es\/wp-json\/wp\/v2\/pages"}],"about":[{"href":"https:\/\/www.unirufa.it\/es\/wp-json\/wp\/v2\/types\/page"}],"author":[{"embeddable":true,"href":"https:\/\/www.unirufa.it\/es\/wp-json\/wp\/v2\/users\/1"}],"replies":[{"embeddable":true,"href":"https:\/\/www.unirufa.it\/es\/wp-json\/wp\/v2\/comments?post=11733"}],"version-history":[{"count":15,"href":"https:\/\/www.unirufa.it\/es\/wp-json\/wp\/v2\/pages\/11733\/revisions"}],"predecessor-version":[{"id":49687,"href":"https:\/\/www.unirufa.it\/es\/wp-json\/wp\/v2\/pages\/11733\/revisions\/49687"}],"wp:featuredmedia":[{"embeddable":true,"href":"https:\/\/www.unirufa.it\/es\/wp-json\/wp\/v2\/media\/11737"}],"wp:attachment":[{"href":"https:\/\/www.unirufa.it\/es\/wp-json\/wp\/v2\/media?parent=11733"}],"curies":[{"name":"wp","href":"https:\/\/api.w.org\/{rel}","templated":true}]}}