


{"id":120735,"date":"2023-12-20T17:36:30","date_gmt":"2023-12-20T16:36:30","guid":{"rendered":"https:\/\/www.unirufa.it\/?page_id=120735"},"modified":"2026-03-25T22:19:30","modified_gmt":"2026-03-25T21:19:30","slug":"sustainable-fashion-design-peplum-is-back","status":"publish","type":"page","link":"https:\/\/www.unirufa.it\/es\/offerta-formativa\/summer-academy\/sustainable-fashion-design-peplum-is-back\/","title":{"rendered":"Fashion &#038; Sostenibilit\u00e0: l\u2019esperienza romana"},"content":{"rendered":"<p class=\"qtranxs-available-languages-message qtranxs-available-languages-message-es\">Disculpa, pero esta entrada est\u00e1 disponible s\u00f3lo en <a href=\"https:\/\/www.unirufa.it\/it\/wp-json\/wp\/v2\/pages\/120735\" class=\"qtranxs-available-language-link qtranxs-available-language-link-it\" title=\"IT\">IT<\/a> y <a href=\"https:\/\/www.unirufa.it\/en\/wp-json\/wp\/v2\/pages\/120735\" class=\"qtranxs-available-language-link qtranxs-available-language-link-en\" title=\"EN\">EN<\/a>.<\/p><div class=\"row\">\n<div class=\"col-md-7\" style=\"background-color: #eeeeee; padding: 30px;\">\n<h3><strong> DIDATTICA IN INGLESE \/ 1 SETTIMANA \/ 6-10 LUGLIO 2026 \/ IN SEDE <\/strong><\/h3>\n<\/div>\n<\/div>\n<h2>Catturare l&#8217;atmosfera dell&#8217;Antica Roma attraverso il moulage contemporaneo, in collaborazione con Tangoli<\/h2>\n<h4>Decodificare l\u2019archetipo per reinventare la moda: viaggio nell\u2019estetica fashion della Roma classica attraverso la pratica del moulage e la sperimentazione di forme e materiali a impatto positivo.<\/h4>\n<p>Sustainable Fashion Design Summer Course \u00e8 un laboratorio di ricerca fashion che intende esplorare gli stimoli offerti dalla lettura delle testimonianze della Roma classica: i mosaici e le pitture di Palazzo Massimo, la statuaria della Centrale Montemartini, rileggendoli alla luce della contemporaneit\u00e0 della moda (Fortuny, Gres, Alaia, Schiaparelli, Versace e tanti altri che hanno guardato all\u2019antichit\u00e0) per rielaborare gli spunti raccolti dai partecipanti in forme libere, realizzate con materiali a zero impatto ambientale e costruiti direttamente a manichino secondo la tecnica del moulage che riprende proprio il principio del drappeggio, utilizzato dagli antichi romani.<\/p>\n<p>Attestato: Al termine del corso, viene rilasciato un attestato di frequenza, a fronte della presenza ad almeno 4 delle 5 lezioni previste, per un eventuale riconoscimento di 2 CFA.<\/p>\n\n<p>&nbsp;<\/p>\n\n    <div class=\"panel-group\" id=\"accordion\" role=\"tablist\" aria-multiselectable=\"true\">\n        \n\n<article class=\"panel panel-default\" role=\"article\" itemscope itemtype=\"http:\/\/schema.org\/BlogPosting\">\n    <div class=\"panel-heading\" role=\"tab\" id=\"heading1\">\n\t    <h4 class=\"panel-title\">\n\t        <a class=\"collapsed\" role=\"button\" data-toggle=\"collapse\" data-parent=\"#accordion\" href=\"#collapse1\" aria-expanded=\"false\" aria-controls=\"collapse1\" itemprop=\"headline\"><strong>INFORMAZIONI GENERALI<\/strong>\t        \t<span class=\"courses\">\n                 \n\t        \t<\/span>\n\t        <\/a>\n\t    <\/h4>\n\t<\/div>\n<\/article>\n\n\n    <div id=\"collapse1\" class=\"panel-collapse collapse \" role=\"tabpanel\" aria-labelledby=\"heading1\">\n        <div class=\"panel-body\" itemprop=\"articleBody\">\n            <div class=\"item-description\">\n                \n<p><strong>Tipologia corso:<\/strong> gruppo \u2013 in presenza<br \/>\n<strong>Partecipanti:<\/strong> Min 8, max 15. Il programma \u00e8 aperto a studenti universitari e di Accademie di Belle Arti, Fashion Design, Design, Storia dell\u2019Arte e a tutti coloro che vogliono esplorare il fashion design con particolare attenzione alla tecnica del moulage e all\u2019approccio critico sul suo impatto.<br \/>\n<strong>Frequenza:<\/strong> da luned\u00ec a venerd\u00ec, dalle 9.00 alle 17.00<br \/>\n<strong>Durata:<\/strong> 6-10 luglio 2026<br \/>\n<strong>Costo:<\/strong> 850 \u20ac<br \/>\n<strong>Requisiti\/supporti:<\/strong> forbici da stoffa, spilli, metro da sarta, gessetto, tessuto leftover oppure vecchi capi con cui fare upcycle, altri tessuti (tbc).<br \/>\n<strong>Lingua:<\/strong> Inglese<br \/>\n<strong>Docente:<\/strong> Guenda Cermel, Alessandra Donato<br \/>\n<strong>Sede:<\/strong>\u00a0 RUFA, via Giuseppe Libetta, 7 + diverse visite in citt\u00e0<br \/>\n<strong>Attestato:<\/strong> Al termine del corso, viene rilasciato un attestato di frequenza, a fronte della presenza ad almeno 4 delle 5 lezioni previste, per un eventuale riconoscimento di 2 CFU<\/p>\n            <\/div>\n        <\/div>\n    <\/div>\n    \n\n<article class=\"panel panel-default\" role=\"article\" itemscope itemtype=\"http:\/\/schema.org\/BlogPosting\">\n    <div class=\"panel-heading\" role=\"tab\" id=\"heading3\">\n\t    <h4 class=\"panel-title\">\n\t        <a class=\"collapsed\" role=\"button\" data-toggle=\"collapse\" data-parent=\"#accordion\" href=\"#collapse3\" aria-expanded=\"false\" aria-controls=\"collapse3\" itemprop=\"headline\"><strong>PROGRAMMA DEL CORSO<\/strong>\t        \t<span class=\"courses\">\n                 \n\t        \t<\/span>\n\t        <\/a>\n\t    <\/h4>\n\t<\/div>\n<\/article>\n\n\n    <div id=\"collapse3\" class=\"panel-collapse collapse \" role=\"tabpanel\" aria-labelledby=\"heading3\">\n        <div class=\"panel-body\" itemprop=\"articleBody\">\n            <div class=\"item-description\">\n                \n<p>Il workshop prevede una parte introduttiva di visite guidate a musei e luoghi della classicit\u00e0 non solo per scoprire l\u2019antico, ma anche per catturarne la contaminazione con la Roma metropolitana, trasformando le proprie suggestioni in ispirazioni per la scelta di colori e materiali che i partecipanti riporteranno nei loro carnet de voyage o moodboard, sotto la guida delle docenti. Dopo una breve ma esaustiva introduzione alla tecnica del moulage, si passer\u00e0 dunque alla realizzazione della propria creazione direttamente a manichino, assistiti dalle docenti. Al termine del corso, l\u2019intera classe rifletter\u00e0 in maniera corale sul come rendere organico lo styling e l\u2019allestimento delle proprie creazioni, secondo una logica di eco-design che allena il creativo a lavorare sia sul piano individuale che collettivo riflettendo sulla multi-relazionalit\u00e0 e gli impatti del proprio fare fashion.<\/p>\n            <\/div>\n        <\/div>\n    <\/div>\n    \n\n<article class=\"panel panel-default\" role=\"article\" itemscope itemtype=\"http:\/\/schema.org\/BlogPosting\">\n    <div class=\"panel-heading\" role=\"tab\" id=\"heading4\">\n\t    <h4 class=\"panel-title\">\n\t        <a class=\"collapsed\" role=\"button\" data-toggle=\"collapse\" data-parent=\"#accordion\" href=\"#collapse4\" aria-expanded=\"false\" aria-controls=\"collapse4\" itemprop=\"headline\"><strong>DOCENTI E PARTNER<\/strong>\t        \t<span class=\"courses\">\n                 \n\t        \t<\/span>\n\t        <\/a>\n\t    <\/h4>\n\t<\/div>\n<\/article>\n\n\n    <div id=\"collapse4\" class=\"panel-collapse collapse \" role=\"tabpanel\" aria-labelledby=\"heading4\">\n        <div class=\"panel-body\" itemprop=\"articleBody\">\n            <div class=\"item-description\">\n                \n<p><strong><a href=\"https:\/\/www.unirufa.it\/docenti\/guenda-cermel\/\" target=\"_blank\" rel=\"noopener\">GUENDA CERMEL<\/a><\/strong><br \/>\nHead of Fashion che nel corso della propria carriera ha maturato una professionalit\u00e0 a 360 gradi che unisce design e strategia, crescendo gradualmente di ruolo e di responsabilit\u00e0 in aziende italiane e internazionali di primo piano: Stefanel, OVS, Coin, HSE. Entrata nel mondo della moda dopo gli studi in Storia dell&#8217;Arte e una parentesi newyorkese nel mercato dell&#8217;arte contemporanea, inizia come junior designer imparando con il tempo a gestire l\u2019intero processo fashion partendo dagli aspetti creativi (ispirazione, progettazione e produzione della collezione), strategici (budget, acquisti e vendite), negoziali (worldwide sourcing e rapporti con i brand), operativi (merchandising e visual) e di comunicazione (marketing).<br \/>\nRecentemente ha ripreso gli studi con un master in filosofia e una seconda Laurea specialistica in Ecologia Integrale e questo le ha offerto una prospettiva totalmente nuova sul come pensare la filiera del fashion, stimolandola a mettere in pratica, in ogni fase e per quanto oggi possibile, un nuovo approccio consapevole e attento agli impatti. Dal 2021 \u00e8 coordinatrice e docente del Programma di Laurea Triennale in Fashion Design Sostenibile di RUFA.<\/p>\n<p><strong class=\"text-uppercase\">ALESSANDRA DONATO<\/strong><br \/>\nCresciuta a Roma in una famiglia creativa, Alessandra inizia a creare abiti a sedici anni per le sue amiche.<br \/>\nA diciotto si trasferisce a Parigi per imparare l\u2019arte dell\u2019haute couture, e l\u00ec inizia la sua carriera decennale nel mondo della moda dividendosi tra Londra, Parigi e Stoccolma, e lavorando per brand del calibro di Chanel, Balmain, Maison Margiela, Acne Studios. Rientrata a Roma, sceglie di dare vita alla propria visione artistica, e fonda il brand fashion TANGOLI, una realt\u00e0 che fa della sostenibilit\u00e0 il suo punto di forza, attraverso materiali riciclati e dead-stock di haute couture, il made to order e lavoro a km 0.<\/p>\n<p><strong>TANGOLI<\/strong><br \/>\n\u201cTangoli\u201d deriva dal cognome originario del Sud Italia dato alle nonne della fondatrice del brand, Alessandra Donato, sarte e tessitrici spose con la passione per la vita e l\u2019indipendenza.<br \/>\nCon la scelta di questo nome si celebra pertanto il loro talento e la loro eredit\u00e0 creando sogni duraturi tradotti in pezzi unici.<br \/>\nTangoli \u00e8 una realt\u00e0 che fa della sostenibilit\u00e0 il suo punto di forza, attraverso materiali riciclati e dead-stock di haute couture, il made to order e lavoro a km 0. Femminilit\u00e0 e morbidezza sono le linee forza dei capi creati anche su misura. Chi veste Tangoli ha una personalit\u00e0 forte che conquista la vita a morsi senza rinunciare alla seduzione.<\/p>\n<p><a href=\"https:\/\/www.tangoli.com\/\" target=\"_blank\" rel=\"noopener\">https:\/\/www.tangoli.com\/<\/a><\/p>\n            <\/div>\n        <\/div>\n    <\/div>\n    \n\n<article class=\"panel panel-default\" role=\"article\" itemscope itemtype=\"http:\/\/schema.org\/BlogPosting\">\n    <div class=\"panel-heading\" role=\"tab\" id=\"heading5\">\n\t    <h4 class=\"panel-title\">\n\t        <a class=\"collapsed\" role=\"button\" data-toggle=\"collapse\" data-parent=\"#accordion\" href=\"#collapse5\" aria-expanded=\"false\" aria-controls=\"collapse5\" itemprop=\"headline\"><strong>AGEVOLAZIONI<\/strong>\t        \t<span class=\"courses\">\n                 \n\t        \t<\/span>\n\t        <\/a>\n\t    <\/h4>\n\t<\/div>\n<\/article>\n\n\n    <div id=\"collapse5\" class=\"panel-collapse collapse \" role=\"tabpanel\" aria-labelledby=\"heading5\">\n        <div class=\"panel-body\" itemprop=\"articleBody\">\n            <div class=\"item-description\">\n                \n<p>Studenti e Alumni Corsi Winter-Summer RUFA: 10%<br \/>\nStudenti e Alumni RUFA: 50%<br \/>\nVery early bird: entro il 31 dicembre 2025 \u2013 15%<br \/>\nEarly bird: entro 31 marzo 2026 \u2013 10%<br \/>\nPacchetto corsi\/gruppi\/famiglia: contatta <a href=\"mailto:corsibrevi@unirufa.it\" rel=\"noopener\" target=\"_blank\">corsibrevi@unirufa.it<\/a><br \/>\nAi partecipanti che, dopo aver frequentato il corso, si iscriveranno a un corso accademico di Laurea di primo o secondo livello, RUFA applicher\u00e0 un 10% di riduzione sulla retta annuale di frequenza del primo anno.<\/p>\n            <\/div>\n        <\/div>\n    <\/div>\n    \n\n<article class=\"panel panel-default\" role=\"article\" itemscope itemtype=\"http:\/\/schema.org\/BlogPosting\">\n    <div class=\"panel-heading\" role=\"tab\" id=\"heading6\">\n\t    <h4 class=\"panel-title\">\n\t        <a class=\"collapsed\" role=\"button\" data-toggle=\"collapse\" data-parent=\"#accordion\" href=\"#collapse6\" aria-expanded=\"false\" aria-controls=\"collapse6\" itemprop=\"headline\"><strong>ALLOGGIO<\/strong>\t        \t<span class=\"courses\">\n                 \n\t        \t<\/span>\n\t        <\/a>\n\t    <\/h4>\n\t<\/div>\n<\/article>\n\n\n    <div id=\"collapse6\" class=\"panel-collapse collapse \" role=\"tabpanel\" aria-labelledby=\"heading6\">\n        <div class=\"panel-body\" itemprop=\"articleBody\">\n            <div class=\"item-description\">\n                \n<p>RUFA ha stipulato diversi accordi con strutture che forniscono servizi di housing. Per maggiori informazioni si prega di contattare <a href=\"mailto:corsibrevi@unirufa.it\" target=\"_blank\" rel=\"noopener\">corsibrevi@unirufa.it<\/a><br \/>\n            <\/div>\n        <\/div>\n    <\/div>\n    \n    <\/div>\n    \n<p>&nbsp;<\/p>\n<div class=\"row\" style=\"background-color: #eeeeee; padding: 30px;\">\n<h3>Per informazioni sul corso compila il form e verrai ricontattato.<\/h3>\n\n\t\t\t\t\t<script>\n\t\t\t\t\t\twindow.hsFormsOnReady = window.hsFormsOnReady || [];\n\t\t\t\t\t\twindow.hsFormsOnReady.push(()=>{\n\t\t\t\t\t\t\thbspt.forms.create({\n\t\t\t\t\t\t\t\tportalId: 147413364,\n\t\t\t\t\t\t\t\tformId: \"a37e698c-27cf-4966-b29c-27094a8c21d0\",\n\t\t\t\t\t\t\t\ttarget: \"#hbspt-form-1775969684000-6565313505\",\n\t\t\t\t\t\t\t\tregion: \"eu1\",\n\t\t\t\t\t\t\t\t\n\t\t\t\t\t\t})});\n\t\t\t\t\t<\/script>\n\t\t\t\t\t<div class=\"hbspt-form\" id=\"hbspt-form-1775969684000-6565313505\"><\/div>\n<\/div>\n<p>&nbsp;<\/p>\n<h3><a href=\"https:\/\/www.unirufa.it\/eventi\/workshop-di-fashion-design-lets-play-with-the-idea-of-sensuality-and-inclusion\/\" target=\"_blank\" rel=\"noopener\">Scopri il workshop in collaborazione con Tangoli svolto dagli studenti RUFA<\/a><\/h3>\n<p>&nbsp;<\/p>\n<div class=\"embed-responsive embed-responsive-16by9\"><iframe loading=\"lazy\" src=\"https:\/\/www.youtube-nocookie.com\/embed\/g2YI7wUqSRw?si=XRirlC7qYl-69yV5\" width=\"560\" height=\"315\" frameborder=\"0\" allowfullscreen=\"allowfullscreen\"><\/iframe><\/div>\n<p>&nbsp;","protected":false},"excerpt":{"rendered":"<p>Disculpa, pero esta entrada est\u00e1 disponible s\u00f3lo en IT y EN. DIDATTICA IN INGLESE \/ 1 SETTIMANA \/ 6-10 LUGLIO 2026 \/ IN SEDE Catturare l&#8217;atmosfera dell&#8217;Antica Roma attraverso il moulage contemporaneo, in collaborazione con Tangoli Decodificare l\u2019archetipo per reinventare la moda: viaggio nell\u2019estetica fashion della Roma classica attraverso la pratica del moulage e la&#8230;<\/p>\n","protected":false},"author":28,"featured_media":0,"parent":1263,"menu_order":0,"comment_status":"closed","ping_status":"closed","template":"page_short_course.php","meta":{"content-type":"","footnotes":""},"class_list":["post-120735","page","type-page","status-publish","hentry"],"yoast_head":"<!-- This site is optimized with the Yoast SEO plugin v24.2 - https:\/\/yoast.com\/wordpress\/plugins\/seo\/ -->\n<title>Summer Course | Sustainable Fashion Design \u2013 Peplum is back!<\/title>\n<meta name=\"description\" content=\"Descubre el Curso Corto de Dise\u00f1o de Moda Sostenible en la RUFA de Roma.\" \/>\n<meta name=\"robots\" content=\"index, follow, max-snippet:-1, max-image-preview:large, max-video-preview:-1\" \/>\n<link rel=\"canonical\" href=\"https:\/\/www.unirufa.it\/offerta-formativa\/summer-academy\/sustainable-fashion-design-peplum-is-back\/\" \/>\n<meta property=\"og:locale\" content=\"es_ES\" \/>\n<meta property=\"og:type\" content=\"article\" \/>\n<meta property=\"og:title\" content=\"[:it]Summer Course | Sustainable Fashion Design \u2013 Peplum is back![:]\" \/>\n<meta property=\"og:description\" content=\"{:it}Scopri il Corso Breve in Moda Sostenibile in RUFA a Roma.{:en}Discover the Short Course in Sustainable Fashion Design at RUFA in Rome.{:es}Descubre el Curso Corto de Dise\u00f1o de Moda Sostenible en la RUFA de Roma.{:}\" \/>\n<meta property=\"og:url\" content=\"https:\/\/www.unirufa.it\/offerta-formativa\/summer-academy\/sustainable-fashion-design-peplum-is-back\/\" \/>\n<meta property=\"og:site_name\" content=\"RUFA - Rome University of Fine Arts\" \/>\n<meta property=\"article:modified_time\" content=\"2026-03-25T21:19:30+00:00\" \/>\n<meta property=\"og:image\" content=\"https:\/\/www.unirufa.it\/wp-content\/uploads\/2017\/11\/logo-rufa-2016.png\" \/>\n\t<meta property=\"og:image:width\" content=\"230\" \/>\n\t<meta property=\"og:image:height\" content=\"149\" \/>\n\t<meta property=\"og:image:type\" content=\"image\/png\" \/>\n<meta name=\"twitter:label1\" content=\"Tiempo de lectura\" \/>\n\t<meta name=\"twitter:data1\" content=\"11 minutos\" \/>\n<script type=\"application\/ld+json\" class=\"yoast-schema-graph\">{\"@context\":\"https:\/\/schema.org\",\"@graph\":[{\"@type\":\"WebPage\",\"@id\":\"https:\/\/www.unirufa.it\/offerta-formativa\/summer-academy\/sustainable-fashion-design-peplum-is-back\/\",\"url\":\"https:\/\/www.unirufa.it\/offerta-formativa\/summer-academy\/sustainable-fashion-design-peplum-is-back\/\",\"name\":\"[:it]Summer Course | Sustainable Fashion Design \u2013 Peplum is back![:]\",\"isPartOf\":{\"@id\":\"https:\/\/www.unirufa.it\/#website\"},\"datePublished\":\"2023-12-20T16:36:30+00:00\",\"dateModified\":\"2026-03-25T21:19:30+00:00\",\"description\":\"{:it}Scopri il Corso Breve in Moda Sostenibile in RUFA a Roma.{:en}Discover the Short Course in Sustainable Fashion Design at RUFA in Rome.{:es}Descubre el Curso Corto de Dise\u00f1o de Moda Sostenible en la RUFA de Roma.{:}\",\"breadcrumb\":{\"@id\":\"https:\/\/www.unirufa.it\/offerta-formativa\/summer-academy\/sustainable-fashion-design-peplum-is-back\/#breadcrumb\"},\"inLanguage\":\"es\",\"potentialAction\":[{\"@type\":\"ReadAction\",\"target\":[\"https:\/\/www.unirufa.it\/offerta-formativa\/summer-academy\/sustainable-fashion-design-peplum-is-back\/\"]}]},{\"@type\":\"BreadcrumbList\",\"@id\":\"https:\/\/www.unirufa.it\/offerta-formativa\/summer-academy\/sustainable-fashion-design-peplum-is-back\/#breadcrumb\",\"itemListElement\":[{\"@type\":\"ListItem\",\"position\":1,\"name\":\"Home\",\"item\":\"https:\/\/www.unirufa.it\/\"},{\"@type\":\"ListItem\",\"position\":2,\"name\":\"Offerta formativa\",\"item\":\"https:\/\/www.unirufa.it\/offerta-formativa\/\"},{\"@type\":\"ListItem\",\"position\":3,\"name\":\"Corsi Summer Academy\",\"item\":\"https:\/\/www.unirufa.it\/offerta-formativa\/summer-academy\/\"},{\"@type\":\"ListItem\",\"position\":4,\"name\":\"Fashion &#038; Sostenibilit\u00e0: l\u2019esperienza romana\"}]},{\"@type\":\"WebSite\",\"@id\":\"https:\/\/www.unirufa.it\/#website\",\"url\":\"https:\/\/www.unirufa.it\/\",\"name\":\"RUFA - Rome University of Fine Arts\",\"description\":\"\",\"potentialAction\":[{\"@type\":\"SearchAction\",\"target\":{\"@type\":\"EntryPoint\",\"urlTemplate\":\"https:\/\/www.unirufa.it\/?s={search_term_string}\"},\"query-input\":{\"@type\":\"PropertyValueSpecification\",\"valueRequired\":true,\"valueName\":\"search_term_string\"}}],\"inLanguage\":\"es\"}]}<\/script>\n<!-- \/ Yoast SEO plugin. -->","yoast_head_json":{"title":"Summer Course | Sustainable Fashion Design \u2013 Peplum is back!","description":"Descubre el Curso Corto de Dise\u00f1o de Moda Sostenible en la RUFA de Roma.","robots":{"index":"index","follow":"follow","max-snippet":"max-snippet:-1","max-image-preview":"max-image-preview:large","max-video-preview":"max-video-preview:-1"},"canonical":"https:\/\/www.unirufa.it\/offerta-formativa\/summer-academy\/sustainable-fashion-design-peplum-is-back\/","og_locale":"es_ES","og_type":"article","og_title":"[:it]Summer Course | Sustainable Fashion Design \u2013 Peplum is back![:]","og_description":"{:it}Scopri il Corso Breve in Moda Sostenibile in RUFA a Roma.{:en}Discover the Short Course in Sustainable Fashion Design at RUFA in Rome.{:es}Descubre el Curso Corto de Dise\u00f1o de Moda Sostenible en la RUFA de Roma.{:}","og_url":"https:\/\/www.unirufa.it\/offerta-formativa\/summer-academy\/sustainable-fashion-design-peplum-is-back\/","og_site_name":"RUFA - Rome University of Fine Arts","article_modified_time":"2026-03-25T21:19:30+00:00","og_image":[{"width":230,"height":149,"url":"https:\/\/www.unirufa.it\/wp-content\/uploads\/2017\/11\/logo-rufa-2016.png","type":"image\/png"}],"twitter_misc":{"Tiempo de lectura":"11 minutos"},"schema":{"@context":"https:\/\/schema.org","@graph":[{"@type":"WebPage","@id":"https:\/\/www.unirufa.it\/offerta-formativa\/summer-academy\/sustainable-fashion-design-peplum-is-back\/","url":"https:\/\/www.unirufa.it\/offerta-formativa\/summer-academy\/sustainable-fashion-design-peplum-is-back\/","name":"[:it]Summer Course | Sustainable Fashion Design \u2013 Peplum is back![:]","isPartOf":{"@id":"https:\/\/www.unirufa.it\/#website"},"datePublished":"2023-12-20T16:36:30+00:00","dateModified":"2026-03-25T21:19:30+00:00","description":"{:it}Scopri il Corso Breve in Moda Sostenibile in RUFA a Roma.{:en}Discover the Short Course in Sustainable Fashion Design at RUFA in Rome.{:es}Descubre el Curso Corto de Dise\u00f1o de Moda Sostenible en la RUFA de Roma.{:}","breadcrumb":{"@id":"https:\/\/www.unirufa.it\/offerta-formativa\/summer-academy\/sustainable-fashion-design-peplum-is-back\/#breadcrumb"},"inLanguage":"es","potentialAction":[{"@type":"ReadAction","target":["https:\/\/www.unirufa.it\/offerta-formativa\/summer-academy\/sustainable-fashion-design-peplum-is-back\/"]}]},{"@type":"BreadcrumbList","@id":"https:\/\/www.unirufa.it\/offerta-formativa\/summer-academy\/sustainable-fashion-design-peplum-is-back\/#breadcrumb","itemListElement":[{"@type":"ListItem","position":1,"name":"Home","item":"https:\/\/www.unirufa.it\/"},{"@type":"ListItem","position":2,"name":"Offerta formativa","item":"https:\/\/www.unirufa.it\/offerta-formativa\/"},{"@type":"ListItem","position":3,"name":"Corsi Summer Academy","item":"https:\/\/www.unirufa.it\/offerta-formativa\/summer-academy\/"},{"@type":"ListItem","position":4,"name":"Fashion &#038; Sostenibilit\u00e0: l\u2019esperienza romana"}]},{"@type":"WebSite","@id":"https:\/\/www.unirufa.it\/#website","url":"https:\/\/www.unirufa.it\/","name":"RUFA - Rome University of Fine Arts","description":"","potentialAction":[{"@type":"SearchAction","target":{"@type":"EntryPoint","urlTemplate":"https:\/\/www.unirufa.it\/?s={search_term_string}"},"query-input":{"@type":"PropertyValueSpecification","valueRequired":true,"valueName":"search_term_string"}}],"inLanguage":"es"}]}},"_links":{"self":[{"href":"https:\/\/www.unirufa.it\/es\/wp-json\/wp\/v2\/pages\/120735","targetHints":{"allow":["GET"]}}],"collection":[{"href":"https:\/\/www.unirufa.it\/es\/wp-json\/wp\/v2\/pages"}],"about":[{"href":"https:\/\/www.unirufa.it\/es\/wp-json\/wp\/v2\/types\/page"}],"author":[{"embeddable":true,"href":"https:\/\/www.unirufa.it\/es\/wp-json\/wp\/v2\/users\/28"}],"replies":[{"embeddable":true,"href":"https:\/\/www.unirufa.it\/es\/wp-json\/wp\/v2\/comments?post=120735"}],"version-history":[{"count":57,"href":"https:\/\/www.unirufa.it\/es\/wp-json\/wp\/v2\/pages\/120735\/revisions"}],"predecessor-version":[{"id":152320,"href":"https:\/\/www.unirufa.it\/es\/wp-json\/wp\/v2\/pages\/120735\/revisions\/152320"}],"up":[{"embeddable":true,"href":"https:\/\/www.unirufa.it\/es\/wp-json\/wp\/v2\/pages\/1263"}],"wp:attachment":[{"href":"https:\/\/www.unirufa.it\/es\/wp-json\/wp\/v2\/media?parent=120735"}],"curies":[{"name":"wp","href":"https:\/\/api.w.org\/{rel}","templated":true}]}}