


{"id":121407,"date":"2024-01-05T14:39:18","date_gmt":"2024-01-05T13:39:18","guid":{"rendered":"https:\/\/www.unirufa.it\/?page_id=121407"},"modified":"2026-03-25T22:21:26","modified_gmt":"2026-03-25T21:21:26","slug":"street-and-street-art-photography-rome-portrait-of-a-city","status":"publish","type":"page","link":"https:\/\/www.unirufa.it\/es\/offerta-formativa\/summer-academy\/street-and-street-art-photography-rome-portrait-of-a-city\/","title":{"rendered":"Street Art Photography: Rome, portrait of a city"},"content":{"rendered":"<p class=\"qtranxs-available-languages-message qtranxs-available-languages-message-es\">Disculpa, pero esta entrada est\u00e1 disponible s\u00f3lo en <a href=\"https:\/\/www.unirufa.it\/it\/wp-json\/wp\/v2\/pages\/121407\" class=\"qtranxs-available-language-link qtranxs-available-language-link-it\" title=\"IT\">IT<\/a> y <a href=\"https:\/\/www.unirufa.it\/en\/wp-json\/wp\/v2\/pages\/121407\" class=\"qtranxs-available-language-link qtranxs-available-language-link-en\" title=\"EN\">EN<\/a>.<\/p>&nbsp;<\/p>\n<div class=\"row\">\n<div class=\"col-md-10\" style=\"background-color:#eeeeee; padding: 30px;\">\n<h3><strong>DIDATTICA IN INGLESE \/ 1 SETTIMANA \/ 13-17 LUGLIO 2026 \/ IN SEDE<\/strong><\/h3>\n<\/div>\n<\/div>\n<h6>Photo Credits: Danila Grachev, Ilenia Landi<\/h6>\n<p>&nbsp;<\/p>\n<h2>Guardare Roma con un nuovo sguardo<\/h2>\n<p>Oggi la fotografia potrebbe sembrare facile: basta uno smartphone! Alcuni eventi che hanno segnato la storia degli ultimi anni sono stati immortalati da fotografi amateur che, trovandosi nel posto giusto e al momento giusto, hanno visto le loro fotografie distribuite sui media di tutto il mondo. Sempre pi\u00f9 spesso, infatti, si parla di <em>citizen journalism<\/em>.<\/p>\n<p>Questo corso fornisce agli studenti le competenze chiave per sviluppare tecniche fotografiche per ritrarre la realt\u00e0 urbana e gli esseri umani nelle strade di Roma. Le esperienze outdoor aiuteranno gli studenti a testare in prima persona la potenza del mezzo fotografico e l&#8217;importanza di una buona educazione all&#8217;immagine in termini etici e a comprendere l&#8217;importanza di saper osservare, per prevedere ci\u00f2 che accade intorno a noi prima di fotografare. Gli studenti sperimenteranno la versatilit\u00e0 della fotocamera in modalit\u00e0 manuale per comprendere come l&#8217;uso di diverse combinazioni di apertura\/otturatore ci permetta di prevedere il risultato finale in termini di messa a fuoco e controllo del movimento. <\/p>\n<p>Le esperienze pratiche permetteranno agli studenti di comprendere l&#8217;importanza della composizione, di conoscere la tecnologia fotografica, di scegliere la giusta attrezzatura, di sviluppare una conoscenza specifica del linguaggio fotografico per esprimere la propria creativit\u00e0. Imparare a produrre immagini e quindi saperle leggere significa anche imparare a difendersi da esse e ad avere uno sguardo pi\u00f9 libero. Le lezioni pratiche prevedono shooting fotografici in alcune delle zone pi\u00f9 rappresentative della street art di Roma, per mostrare come la capitale mondiale dell&#8217;archeologia sia anche un importante centro d&#8217;arte contemporanea al pari di altre grandi capitali, come Londra, Parigi, New York. York e San Paolo.<\/p>\n<p>Il corso \u00e8 arricchito da approfondimenti storici sulla storia della fotografia attraverso la visione di presentazioni digitali e la visita a mostre cittadine.<\/p>\n<p>Al termine del corso, viene rilasciato un attestato di frequenza, a fronte della presenza ad almeno 4 delle 5 lezioni previste, per un eventuale riconoscimento di 2 CFA<\/p>\n\n<p>&nbsp;<\/p>\n\n    <div class=\"panel-group\" id=\"accordion\" role=\"tablist\" aria-multiselectable=\"true\">\n        \n\n<article class=\"panel panel-default\" role=\"article\" itemscope itemtype=\"http:\/\/schema.org\/BlogPosting\">\n    <div class=\"panel-heading\" role=\"tab\" id=\"heading1\">\n\t    <h4 class=\"panel-title\">\n\t        <a class=\"collapsed\" role=\"button\" data-toggle=\"collapse\" data-parent=\"#accordion\" href=\"#collapse1\" aria-expanded=\"false\" aria-controls=\"collapse1\" itemprop=\"headline\"><strong>INFORMAZIONI GENERALI<\/strong>\t        \t<span class=\"courses\">\n                 \n\t        \t<\/span>\n\t        <\/a>\n\t    <\/h4>\n\t<\/div>\n<\/article>\n\n\n    <div id=\"collapse1\" class=\"panel-collapse collapse \" role=\"tabpanel\" aria-labelledby=\"heading1\">\n        <div class=\"panel-body\" itemprop=\"articleBody\">\n            <div class=\"item-description\">\n                \n<p><strong>Tipologia corso:<\/strong> gruppo \u2013 in presenza<br \/>\n<strong>Partecipanti:<\/strong> Min. 8, Max. 15 | Il programma \u00e8 aperto a studenti universitari e di accademie di belle arti, e a tutte le persone che vogliono esplorare il mondo della fotografia.<br \/>\n<strong>Frequenza:<\/strong> dal luned\u00ec al venerd\u00ec, dalle 9 alle 17<br \/>\n<strong>Durata:<\/strong> 13-17 luglio 2026<br \/>\n<strong>Costo:<\/strong> 850\u20ac<br \/>\n<strong>Requisiti\/supporti:<\/strong> Nessun requisito d\u2019ingresso. Gli studenti dovranno portare la loro digital reflex camera e il proprio laptop. Gli ingressi ai musei e altri spazi sono a carico dell\u2019Accademia.<br \/>\n<strong>Lingua:<\/strong> Inglese. Per partecipare al corso \u00e8 richiesto un livello di conoscenza della lingua inglese pari al livello B1\/B2.<br \/>\n<strong>Docente:<\/strong> Andrea Sabbadini<br \/>\n<strong>Sede:<\/strong> RUFA \u2013 Via degli Ausoni, 7 Roma; RUFA &#8211; Via Giuseppe Libetta, 7- Roma + varie location di Roma<br \/>\n<strong>Attestato:<\/strong> Al termine del corso, viene rilasciato un attestato di frequenza, a fronte della presenza ad almeno 4 delle 5 lezioni previste, per il riconoscimento di 2 CFU<\/p>\n            <\/div>\n        <\/div>\n    <\/div>\n    \n\n<article class=\"panel panel-default\" role=\"article\" itemscope itemtype=\"http:\/\/schema.org\/BlogPosting\">\n    <div class=\"panel-heading\" role=\"tab\" id=\"heading3\">\n\t    <h4 class=\"panel-title\">\n\t        <a class=\"collapsed\" role=\"button\" data-toggle=\"collapse\" data-parent=\"#accordion\" href=\"#collapse3\" aria-expanded=\"false\" aria-controls=\"collapse3\" itemprop=\"headline\"><strong>PROGRAMMA DEL CORSO<\/strong>\t        \t<span class=\"courses\">\n                 \n\t        \t<\/span>\n\t        <\/a>\n\t    <\/h4>\n\t<\/div>\n<\/article>\n\n\n    <div id=\"collapse3\" class=\"panel-collapse collapse \" role=\"tabpanel\" aria-labelledby=\"heading3\">\n        <div class=\"panel-body\" itemprop=\"articleBody\">\n            <div class=\"item-description\">\n                \n<p><strong>IL FENOMENO NATURALE DELLA LUCE:<\/strong> Il fenomeno ottico della visione. La \u00abcamera oscura\u00bb e il foro stenopeico.<br \/>\n<strong>LA FOTOCAMERA:<\/strong> Elementi fondamentali di controllo su una fotocamera Reflex.<br \/>\n<strong>GLI OBIETTIVI:<\/strong> Lunghezza focale degli obiettivi: grandangolo, normale e teleobiettivo. Angolo di ripresa o angolo di campo. Angolo di ripresa e prospettiva. Luminosit\u00e0 dell&#8217;immagine. Diaframma e velocit\u00e0 dell&#8217;otturatore. Profondit\u00e0 di campo. Controllo del movimento.<br \/>\n<strong>MISURA DELL&#8217;ESPOSIZIONE:<\/strong> Esposimetro. Luce incidente e riflessa. Luce contrastata e diffusa. Variazione dell&#8217;esposizione con la distanza della sorgente luminosa.<br \/>\n<strong>RIPRESE IN ESTERNI:<\/strong> San Lorenzo; Esquilino, Ostiense, Tor Marancia e altri quartieri storici e popolari romani.<br \/>\n<strong>REGISTRAZIONE SU SUPPORTI DIGITALI:<\/strong> principi di funzionamento di base e principali caratteristiche (pixel, dpi, tiff, jpg, RAW).<br \/>\nFinalizzazione e presentazione dei progetti.<\/p>\n            <\/div>\n        <\/div>\n    <\/div>\n    \n\n<article class=\"panel panel-default\" role=\"article\" itemscope itemtype=\"http:\/\/schema.org\/BlogPosting\">\n    <div class=\"panel-heading\" role=\"tab\" id=\"heading4\">\n\t    <h4 class=\"panel-title\">\n\t        <a class=\"collapsed\" role=\"button\" data-toggle=\"collapse\" data-parent=\"#accordion\" href=\"#collapse4\" aria-expanded=\"false\" aria-controls=\"collapse4\" itemprop=\"headline\"><strong>DOCENTE - ANDREA SABBADINI<\/strong>\t        \t<span class=\"courses\">\n                 \n\t        \t<\/span>\n\t        <\/a>\n\t    <\/h4>\n\t<\/div>\n<\/article>\n\n\n    <div id=\"collapse4\" class=\"panel-collapse collapse \" role=\"tabpanel\" aria-labelledby=\"heading4\">\n        <div class=\"panel-body\" itemprop=\"articleBody\">\n            <div class=\"item-description\">\n                \n<p>Andrea Sabbadini nasce nel 1963 a Roma dove vive e lavora nell\u2019ambito della Fotografia.<br \/>\nSi laurea in Psicologia nel 1988 all\u2019Universit\u00e0 \u201cLa Sapienza\u201d.<br \/>\nDal 1989 al 1992 a Londra frequenta la Photography School of Visual and Performing Arts aggiudicandosi il Merit award nella BIPP\/FUJI Student Photographic Competition sul tema \u201cThe New Optimism\u201d.<br \/>\nNel 1993 consegue il primo premio con il gruppo \u201cScale Dorsali\u201d nel concorso internazionale per giovani artisti della Biennale di Maastricht, istallazioni sonore e video art.<br \/>\nDal 1996 collabora con i principali quotidiani e riviste nazionali ed internazionali e si iscrive all\u2019Ordine dei Giornalisti. Dal 2005 al 2010 insegna fotografia presso la Richimond University in Rome. Nel 2010 collabora con il Forum Internazionale ed Europeo di Ricerca sull\u2019Immigrazione nel gruppo di ricerca \u201cLabour Migration Governance in Contemporary Europe\u201d.<br \/>\nDal 2010 al 2014 e\u2019 il fotografo dell\u2019ufficio stampa del Consiglio Nazionale Forense.<br \/>\nNel 2012 lavora su un\u2019indagine fotogiornalistica della realt\u00e0 socioeconomica in Italia e in Europa negli anni della crisi collaborando a stretto contatto con il giornalista Angelo Mastrandrea.<br \/>\nDal 2013 al 2019 insegna fotogiornalismo presso la Rome University of Fine Arts.<br \/>\nNel 2019 produce con il fotografo Alessandro Parente e l\u2019artista Libre Vagabund \u201cWater Box\u201d un progetto con le comunit\u00e0 indigene della costa pacifica del Messico per conto del Bainbridge Island Museum of Art , WA.<br \/>\nAttualmente \u00e8 stringer dell\u2019agenzia Polaris Images e membro staff di Buenavista photo, una rete di fotografi freelance italiani .<br \/>\nIl lavoro personale di documentazione si sviluppa attraverso la fotografia di luoghi e persone, iniziando dalla cronaca della vita quotidiana per indagare su questioni sociali e di costume.<\/p>\n<p><a href=\"https:\/\/andreasabbadini.photoshelter.com\/index\" rel=\"noopener\" target=\"_blank\">Website<\/a><\/p>\n            <\/div>\n        <\/div>\n    <\/div>\n    \n\n<article class=\"panel panel-default\" role=\"article\" itemscope itemtype=\"http:\/\/schema.org\/BlogPosting\">\n    <div class=\"panel-heading\" role=\"tab\" id=\"heading5\">\n\t    <h4 class=\"panel-title\">\n\t        <a class=\"collapsed\" role=\"button\" data-toggle=\"collapse\" data-parent=\"#accordion\" href=\"#collapse5\" aria-expanded=\"false\" aria-controls=\"collapse5\" itemprop=\"headline\"><strong>AGEVOLAZIONI<\/strong>\t        \t<span class=\"courses\">\n                 \n\t        \t<\/span>\n\t        <\/a>\n\t    <\/h4>\n\t<\/div>\n<\/article>\n\n\n    <div id=\"collapse5\" class=\"panel-collapse collapse \" role=\"tabpanel\" aria-labelledby=\"heading5\">\n        <div class=\"panel-body\" itemprop=\"articleBody\">\n            <div class=\"item-description\">\n                \n<p>Studenti e Alumni Corsi Winter-Summer RUFA: 10%<br \/>\nStudenti e Alumni RUFA: 50%<br \/>\nVery early bird: entro il 31 dicembre 2025 \u2013 15%<br \/>\nEarly bird: entro 31 marzo 2026 \u2013 10%<br \/>\nPacchetto corsi\/gruppi\/famiglia: contatta <a href=\"mailto:corsibrevi@unirufa.it\" target=\"_blank\" rel=\"noopener\">corsibrevi@unirufa.it<\/a><br \/>\nAi partecipanti che, dopo aver frequentato il corso, si iscriveranno a un corso accademico di Laurea di primo o secondo livello, RUFA applicher\u00e0 un 10% di riduzione sulla retta annuale di frequenza del primo anno.<\/p>\n            <\/div>\n        <\/div>\n    <\/div>\n    \n\n<article class=\"panel panel-default\" role=\"article\" itemscope itemtype=\"http:\/\/schema.org\/BlogPosting\">\n    <div class=\"panel-heading\" role=\"tab\" id=\"heading6\">\n\t    <h4 class=\"panel-title\">\n\t        <a class=\"collapsed\" role=\"button\" data-toggle=\"collapse\" data-parent=\"#accordion\" href=\"#collapse6\" aria-expanded=\"false\" aria-controls=\"collapse6\" itemprop=\"headline\"><strong>ALLOGGIO<\/strong>\t        \t<span class=\"courses\">\n                 \n\t        \t<\/span>\n\t        <\/a>\n\t    <\/h4>\n\t<\/div>\n<\/article>\n\n\n    <div id=\"collapse6\" class=\"panel-collapse collapse \" role=\"tabpanel\" aria-labelledby=\"heading6\">\n        <div class=\"panel-body\" itemprop=\"articleBody\">\n            <div class=\"item-description\">\n                \n<p>RUFA ha stipulato diversi accordi con strutture che forniscono servizi di housing. Per maggiori informazioni si prega di contattare <a href=\"mailto:corsibrevi@unirufa.it\" target=\"_blank\" rel=\"noopener\">corsibrevi@unirufa.it<\/a><\/p>\n            <\/div>\n        <\/div>\n    <\/div>\n    \n    <\/div>\n    \n<p>&nbsp;<\/p>\n<div class=\"row\" style=\"background-color: #eeeeee; padding: 30px;\">\n<h3>Per maggiori informazioni sul corso compila il form, e sarai ricontattato al pi\u00f9 presto<\/h3>\n\n\t\t\t\t\t<script>\n\t\t\t\t\t\twindow.hsFormsOnReady = window.hsFormsOnReady || [];\n\t\t\t\t\t\twindow.hsFormsOnReady.push(()=>{\n\t\t\t\t\t\t\thbspt.forms.create({\n\t\t\t\t\t\t\t\tportalId: 147413364,\n\t\t\t\t\t\t\t\tformId: \"a37e698c-27cf-4966-b29c-27094a8c21d0\",\n\t\t\t\t\t\t\t\ttarget: \"#hbspt-form-1777136816000-6974375037\",\n\t\t\t\t\t\t\t\tregion: \"eu1\",\n\t\t\t\t\t\t\t\t\n\t\t\t\t\t\t})});\n\t\t\t\t\t<\/script>\n\t\t\t\t\t<div class=\"hbspt-form\" id=\"hbspt-form-1777136816000-6974375037\"><\/div>\n<\/div>\n<p>&nbsp;","protected":false},"excerpt":{"rendered":"<p>Disculpa, pero esta entrada est\u00e1 disponible s\u00f3lo en IT y EN.&nbsp; DIDATTICA IN INGLESE \/ 1 SETTIMANA \/ 13-17 LUGLIO 2026 \/ IN SEDE Photo Credits: Danila Grachev, Ilenia Landi &nbsp; Guardare Roma con un nuovo sguardo Oggi la fotografia potrebbe sembrare facile: basta uno smartphone! Alcuni eventi che hanno segnato la storia degli ultimi&#8230;<\/p>\n","protected":false},"author":28,"featured_media":0,"parent":1263,"menu_order":0,"comment_status":"closed","ping_status":"closed","template":"page_short_course.php","meta":{"content-type":"","footnotes":""},"class_list":["post-121407","page","type-page","status-publish","hentry"],"yoast_head":"<!-- This site is optimized with the Yoast SEO plugin v24.2 - https:\/\/yoast.com\/wordpress\/plugins\/seo\/ -->\n<title>Summer Course | Street and Street Art Photography<\/title>\n<meta name=\"description\" content=\"Descubra el curso de verano de Fotograf\u00eda de Arte Callejero en la RUFA de Roma.\" \/>\n<meta name=\"robots\" content=\"index, follow, max-snippet:-1, max-image-preview:large, max-video-preview:-1\" \/>\n<link rel=\"canonical\" href=\"https:\/\/www.unirufa.it\/offerta-formativa\/summer-academy\/street-and-street-art-photography-rome-portrait-of-a-city\/\" \/>\n<meta property=\"og:locale\" content=\"es_ES\" \/>\n<meta property=\"og:type\" content=\"article\" \/>\n<meta property=\"og:title\" content=\"[:it]Summer Course | Street and Street Art Photography[:]\" \/>\n<meta property=\"og:description\" content=\"{:it}Scopri il Corso Estivo in Street Art Photography in RUFA a Roma.{:en}Discover the Summer Course in Street Art Photography at RUFA in Rome.{:es}Descubra el curso de verano de Fotograf\u00eda de Arte Callejero en la RUFA de Roma.{:}\" \/>\n<meta property=\"og:url\" content=\"https:\/\/www.unirufa.it\/offerta-formativa\/summer-academy\/street-and-street-art-photography-rome-portrait-of-a-city\/\" \/>\n<meta property=\"og:site_name\" content=\"RUFA - Rome University of Fine Arts\" \/>\n<meta property=\"article:modified_time\" content=\"2026-03-25T21:21:26+00:00\" \/>\n<meta property=\"og:image\" content=\"https:\/\/www.unirufa.it\/wp-content\/uploads\/2017\/11\/logo-rufa-2016.png\" \/>\n\t<meta property=\"og:image:width\" content=\"230\" \/>\n\t<meta property=\"og:image:height\" content=\"149\" \/>\n\t<meta property=\"og:image:type\" content=\"image\/png\" \/>\n<meta name=\"twitter:label1\" content=\"Tiempo de lectura\" \/>\n\t<meta name=\"twitter:data1\" content=\"11 minutos\" \/>\n<script type=\"application\/ld+json\" class=\"yoast-schema-graph\">{\"@context\":\"https:\/\/schema.org\",\"@graph\":[{\"@type\":\"WebPage\",\"@id\":\"https:\/\/www.unirufa.it\/offerta-formativa\/summer-academy\/street-and-street-art-photography-rome-portrait-of-a-city\/\",\"url\":\"https:\/\/www.unirufa.it\/offerta-formativa\/summer-academy\/street-and-street-art-photography-rome-portrait-of-a-city\/\",\"name\":\"[:it]Summer Course | Street and Street Art Photography[:]\",\"isPartOf\":{\"@id\":\"https:\/\/www.unirufa.it\/#website\"},\"datePublished\":\"2024-01-05T13:39:18+00:00\",\"dateModified\":\"2026-03-25T21:21:26+00:00\",\"description\":\"{:it}Scopri il Corso Estivo in Street Art Photography in RUFA a Roma.{:en}Discover the Summer Course in Street Art Photography at RUFA in Rome.{:es}Descubra el curso de verano de Fotograf\u00eda de Arte Callejero en la RUFA de Roma.{:}\",\"breadcrumb\":{\"@id\":\"https:\/\/www.unirufa.it\/offerta-formativa\/summer-academy\/street-and-street-art-photography-rome-portrait-of-a-city\/#breadcrumb\"},\"inLanguage\":\"es\",\"potentialAction\":[{\"@type\":\"ReadAction\",\"target\":[\"https:\/\/www.unirufa.it\/offerta-formativa\/summer-academy\/street-and-street-art-photography-rome-portrait-of-a-city\/\"]}]},{\"@type\":\"BreadcrumbList\",\"@id\":\"https:\/\/www.unirufa.it\/offerta-formativa\/summer-academy\/street-and-street-art-photography-rome-portrait-of-a-city\/#breadcrumb\",\"itemListElement\":[{\"@type\":\"ListItem\",\"position\":1,\"name\":\"Home\",\"item\":\"https:\/\/www.unirufa.it\/\"},{\"@type\":\"ListItem\",\"position\":2,\"name\":\"Offerta formativa\",\"item\":\"https:\/\/www.unirufa.it\/offerta-formativa\/\"},{\"@type\":\"ListItem\",\"position\":3,\"name\":\"Corsi Summer Academy\",\"item\":\"https:\/\/www.unirufa.it\/offerta-formativa\/summer-academy\/\"},{\"@type\":\"ListItem\",\"position\":4,\"name\":\"Street Art Photography: Rome, portrait of a city\"}]},{\"@type\":\"WebSite\",\"@id\":\"https:\/\/www.unirufa.it\/#website\",\"url\":\"https:\/\/www.unirufa.it\/\",\"name\":\"RUFA - Rome University of Fine Arts\",\"description\":\"\",\"potentialAction\":[{\"@type\":\"SearchAction\",\"target\":{\"@type\":\"EntryPoint\",\"urlTemplate\":\"https:\/\/www.unirufa.it\/?s={search_term_string}\"},\"query-input\":{\"@type\":\"PropertyValueSpecification\",\"valueRequired\":true,\"valueName\":\"search_term_string\"}}],\"inLanguage\":\"es\"}]}<\/script>\n<!-- \/ Yoast SEO plugin. -->","yoast_head_json":{"title":"Summer Course | Street and Street Art Photography","description":"Descubra el curso de verano de Fotograf\u00eda de Arte Callejero en la RUFA de Roma.","robots":{"index":"index","follow":"follow","max-snippet":"max-snippet:-1","max-image-preview":"max-image-preview:large","max-video-preview":"max-video-preview:-1"},"canonical":"https:\/\/www.unirufa.it\/offerta-formativa\/summer-academy\/street-and-street-art-photography-rome-portrait-of-a-city\/","og_locale":"es_ES","og_type":"article","og_title":"[:it]Summer Course | Street and Street Art Photography[:]","og_description":"{:it}Scopri il Corso Estivo in Street Art Photography in RUFA a Roma.{:en}Discover the Summer Course in Street Art Photography at RUFA in Rome.{:es}Descubra el curso de verano de Fotograf\u00eda de Arte Callejero en la RUFA de Roma.{:}","og_url":"https:\/\/www.unirufa.it\/offerta-formativa\/summer-academy\/street-and-street-art-photography-rome-portrait-of-a-city\/","og_site_name":"RUFA - Rome University of Fine Arts","article_modified_time":"2026-03-25T21:21:26+00:00","og_image":[{"width":230,"height":149,"url":"https:\/\/www.unirufa.it\/wp-content\/uploads\/2017\/11\/logo-rufa-2016.png","type":"image\/png"}],"twitter_misc":{"Tiempo de lectura":"11 minutos"},"schema":{"@context":"https:\/\/schema.org","@graph":[{"@type":"WebPage","@id":"https:\/\/www.unirufa.it\/offerta-formativa\/summer-academy\/street-and-street-art-photography-rome-portrait-of-a-city\/","url":"https:\/\/www.unirufa.it\/offerta-formativa\/summer-academy\/street-and-street-art-photography-rome-portrait-of-a-city\/","name":"[:it]Summer Course | Street and Street Art Photography[:]","isPartOf":{"@id":"https:\/\/www.unirufa.it\/#website"},"datePublished":"2024-01-05T13:39:18+00:00","dateModified":"2026-03-25T21:21:26+00:00","description":"{:it}Scopri il Corso Estivo in Street Art Photography in RUFA a Roma.{:en}Discover the Summer Course in Street Art Photography at RUFA in Rome.{:es}Descubra el curso de verano de Fotograf\u00eda de Arte Callejero en la RUFA de Roma.{:}","breadcrumb":{"@id":"https:\/\/www.unirufa.it\/offerta-formativa\/summer-academy\/street-and-street-art-photography-rome-portrait-of-a-city\/#breadcrumb"},"inLanguage":"es","potentialAction":[{"@type":"ReadAction","target":["https:\/\/www.unirufa.it\/offerta-formativa\/summer-academy\/street-and-street-art-photography-rome-portrait-of-a-city\/"]}]},{"@type":"BreadcrumbList","@id":"https:\/\/www.unirufa.it\/offerta-formativa\/summer-academy\/street-and-street-art-photography-rome-portrait-of-a-city\/#breadcrumb","itemListElement":[{"@type":"ListItem","position":1,"name":"Home","item":"https:\/\/www.unirufa.it\/"},{"@type":"ListItem","position":2,"name":"Offerta formativa","item":"https:\/\/www.unirufa.it\/offerta-formativa\/"},{"@type":"ListItem","position":3,"name":"Corsi Summer Academy","item":"https:\/\/www.unirufa.it\/offerta-formativa\/summer-academy\/"},{"@type":"ListItem","position":4,"name":"Street Art Photography: Rome, portrait of a city"}]},{"@type":"WebSite","@id":"https:\/\/www.unirufa.it\/#website","url":"https:\/\/www.unirufa.it\/","name":"RUFA - Rome University of Fine Arts","description":"","potentialAction":[{"@type":"SearchAction","target":{"@type":"EntryPoint","urlTemplate":"https:\/\/www.unirufa.it\/?s={search_term_string}"},"query-input":{"@type":"PropertyValueSpecification","valueRequired":true,"valueName":"search_term_string"}}],"inLanguage":"es"}]}},"_links":{"self":[{"href":"https:\/\/www.unirufa.it\/es\/wp-json\/wp\/v2\/pages\/121407","targetHints":{"allow":["GET"]}}],"collection":[{"href":"https:\/\/www.unirufa.it\/es\/wp-json\/wp\/v2\/pages"}],"about":[{"href":"https:\/\/www.unirufa.it\/es\/wp-json\/wp\/v2\/types\/page"}],"author":[{"embeddable":true,"href":"https:\/\/www.unirufa.it\/es\/wp-json\/wp\/v2\/users\/28"}],"replies":[{"embeddable":true,"href":"https:\/\/www.unirufa.it\/es\/wp-json\/wp\/v2\/comments?post=121407"}],"version-history":[{"count":62,"href":"https:\/\/www.unirufa.it\/es\/wp-json\/wp\/v2\/pages\/121407\/revisions"}],"predecessor-version":[{"id":152322,"href":"https:\/\/www.unirufa.it\/es\/wp-json\/wp\/v2\/pages\/121407\/revisions\/152322"}],"up":[{"embeddable":true,"href":"https:\/\/www.unirufa.it\/es\/wp-json\/wp\/v2\/pages\/1263"}],"wp:attachment":[{"href":"https:\/\/www.unirufa.it\/es\/wp-json\/wp\/v2\/media?parent=121407"}],"curies":[{"name":"wp","href":"https:\/\/api.w.org\/{rel}","templated":true}]}}