


{"id":121475,"date":"2024-01-05T15:18:04","date_gmt":"2024-01-05T14:18:04","guid":{"rendered":"https:\/\/www.unirufa.it\/?page_id=121475"},"modified":"2025-12-27T17:43:38","modified_gmt":"2025-12-27T16:43:38","slug":"painting-in-rome","status":"publish","type":"page","link":"https:\/\/www.unirufa.it\/es\/painting-in-rome\/","title":{"rendered":"Painting in Rome"},"content":{"rendered":"<p class=\"qtranxs-available-languages-message qtranxs-available-languages-message-es\">Disculpa, pero esta entrada est\u00e1 disponible s\u00f3lo en <a href=\"https:\/\/www.unirufa.it\/it\/wp-json\/wp\/v2\/pages\/121475\" class=\"qtranxs-available-language-link qtranxs-available-language-link-it\" title=\"IT\">IT<\/a> y <a href=\"https:\/\/www.unirufa.it\/en\/wp-json\/wp\/v2\/pages\/121475\" class=\"qtranxs-available-language-link qtranxs-available-language-link-en\" title=\"EN\">EN<\/a>.<\/p>&nbsp;<\/p>\n<div class=\"row\">\n<div class=\"col-md-7\" style=\"background-color: #eeeeee; padding: 30px;\">\n<h3><strong>DIDATTICA IN INGLESE \/ 1 SETTIMANA \/ IN CAMPUS<\/strong><\/h3>\n<h5>Corso non attivato \u2013 iscrizioni attualmente non disponibili<\/h5>\n<\/div>\n<\/div>\n<p>&nbsp;<\/p>\n<h3>Corso propedeutico di Pittura per lo studio delle belle arti<\/h3>\n<p>&nbsp;<br \/>\nQuesto corso vuole avviare gli allievi allo studio della pittura, trattando i suoi principi attraverso l\u2019utilizzo dei vari materiali e delle diverse modalit\u00e0 pittoriche. I partecipanti del workshop devono avere una <strong>previa formazione nel disegno artistico<\/strong> o aver superato il Creative Lab in Anatomia Artistica per Fumetto &#038; Illustrazione (14-18 luglio). Il corso prevede lezioni teoriche e pratiche.<\/p>\n<p><strong>Obiettivo del corso:<\/strong><br \/>\nMettere gli allievi in contatto diretto con l\u2019atmosfera artistica di un Accademia delle Belle Arti. Durante il corso saranno presentate alcune fra le principali tecniche del disegno gestuale e della pittura nella scomposizione e analisi della immagine, offrendo all\u2019allievo gli strumenti per lo sviluppo del processo della semplificazione compositiva e dell\u2019astrazione formale.<\/p>\n<p>Al termine del corso, viene rilasciato un attestato di frequenza, a fronte della presenza ad almeno 4 delle 5 lezioni previste, per un eventuale riconoscimento di 2 CFA<\/p>\n\n<p>&nbsp;<\/p>\n\n    <div class=\"panel-group\" id=\"accordion\" role=\"tablist\" aria-multiselectable=\"true\">\n        \n\n<article class=\"panel panel-default\" role=\"article\" itemscope itemtype=\"http:\/\/schema.org\/BlogPosting\">\n    <div class=\"panel-heading\" role=\"tab\" id=\"heading1\">\n\t    <h4 class=\"panel-title\">\n\t        <a class=\"collapsed\" role=\"button\" data-toggle=\"collapse\" data-parent=\"#accordion\" href=\"#collapse1\" aria-expanded=\"false\" aria-controls=\"collapse1\" itemprop=\"headline\"><strong>INFORMAZIONI GENERALI<\/strong>\t        \t<span class=\"courses\">\n                 \n\t        \t<\/span>\n\t        <\/a>\n\t    <\/h4>\n\t<\/div>\n<\/article>\n\n\n    <div id=\"collapse1\" class=\"panel-collapse collapse \" role=\"tabpanel\" aria-labelledby=\"heading1\">\n        <div class=\"panel-body\" itemprop=\"articleBody\">\n            <div class=\"item-description\">\n                \n<p><strong>Tipologia corso:<\/strong> gruppo \u2013 in presenza<br \/>\n<strong>Partecipanti:<\/strong> : Min. 8, Max. 15<br \/>\n<strong>Frequenza:<\/strong> dal luned\u00ec al venerd\u00ec, dalle 9 alle 17 \u2013 40 ore<br \/>\n<strong>Costo:<\/strong> 850\u20ac<br \/>\n<strong>Requisiti\/supporti:<\/strong> Studio previo\/conoscenza in Disegno Artistico. Lista dei materiali in Programma del Corso<br \/>\n<strong>Lingua:<\/strong> Inglese. Per partecipare al corso \u00e8 richiesto un livello di conoscenza della lingua inglese pari al livello B1\/B2.<br \/>\n<strong>Docente:<\/strong> Fabrizio Dell\u2019Arno<br \/>\n<strong>Sede:<\/strong> RUFA \u2013 Via degli Ausoni, 7 Roma.<br \/>\n<strong>Attestato:<\/strong> Al termine del corso, viene rilasciato un attestato di frequenza, a fronte della presenza ad almeno 4 delle 5 lezioni previste, per un eventuale riconoscimento di 2 CFA<\/p>\n            <\/div>\n        <\/div>\n    <\/div>\n    \n\n<article class=\"panel panel-default\" role=\"article\" itemscope itemtype=\"http:\/\/schema.org\/BlogPosting\">\n    <div class=\"panel-heading\" role=\"tab\" id=\"heading3\">\n\t    <h4 class=\"panel-title\">\n\t        <a class=\"collapsed\" role=\"button\" data-toggle=\"collapse\" data-parent=\"#accordion\" href=\"#collapse3\" aria-expanded=\"false\" aria-controls=\"collapse3\" itemprop=\"headline\"><strong>PROGRAMMA DEL CORSO - il nuovo programma sar\u00e0 presto disponibile<\/strong>\t        \t<span class=\"courses\">\n                 \n\t        \t<\/span>\n\t        <\/a>\n\t    <\/h4>\n\t<\/div>\n<\/article>\n\n\n    <div id=\"collapse3\" class=\"panel-collapse collapse \" role=\"tabpanel\" aria-labelledby=\"heading3\">\n        <div class=\"panel-body\" itemprop=\"articleBody\">\n            <div class=\"item-description\">\n                \n<p><strong>1\u00b0 Giorno<\/strong><br \/>\nMATTINA (3 ore) \u2013 Introduzione al disegno, al chiaroscuro, alle proporzioni della figura umana e alle tecniche di disegno del gesto.<br \/>\nPOMERIGGIO (3 ore) &#8211; Teoria del colore, introduzione all&#8217;uso dei materiali pittorici, studio dello sviluppo di un&#8217;opera artistica attraverso il processo stilistico di semplificazione della figura, applicazione di tecniche compositive.<\/p>\n<p><strong>2\u00b0 Giorno <\/strong><br \/>\nMATTINA (3 ore) \u2013 Tecniche di disegno del gesto e la figura umana nel disegno artistico.<br \/>\nPOMERIGGIO (3 ore) \u2013 Teorie della composizione, scomposizione delle forme e studio della pittura attraverso il colore e la semplificazione dell&#8217;immagine. Sintesi astratta nella pittura.<\/p>\n<p><strong>3\u00b0 Giorno <\/strong><br \/>\nMATTINA (3 ore) \u2013 Disegno dal vivo con la modella.<br \/>\nPOMERIGGIO (3 ore) \u2013 Scomposizione delle forme e studio della pittura attraverso il colore e la semplificazione dell&#8217;immagine. Sintesi astratta nella pittura.<\/p>\n<p><strong>4\u00b0 Giorno <\/strong><br \/>\nMATTINA (3 ore) \u2013 Visita al museo (museo da confermare)<br \/>\nPOMERIGGIO (3 ore) \u2013 Laboratorio di pittura<\/p>\n<p><strong>5\u00b0 Giorno <\/strong><br \/>\nMATTINA (3 ore) \u2013 Laboratorio di pittura<br \/>\nPOMERIGGIO (3 ore) \u2013 Laboratorio di pittura<\/p>\n            <\/div>\n        <\/div>\n    <\/div>\n    \n\n<article class=\"panel panel-default\" role=\"article\" itemscope itemtype=\"http:\/\/schema.org\/BlogPosting\">\n    <div class=\"panel-heading\" role=\"tab\" id=\"heading4\">\n\t    <h4 class=\"panel-title\">\n\t        <a class=\"collapsed\" role=\"button\" data-toggle=\"collapse\" data-parent=\"#accordion\" href=\"#collapse4\" aria-expanded=\"false\" aria-controls=\"collapse4\" itemprop=\"headline\"><strong>DOCENTE - FABRIZIO DELL'ARNO<\/strong>\t        \t<span class=\"courses\">\n                 \n\t        \t<\/span>\n\t        <\/a>\n\t    <\/h4>\n\t<\/div>\n<\/article>\n\n\n    <div id=\"collapse4\" class=\"panel-collapse collapse \" role=\"tabpanel\" aria-labelledby=\"heading4\">\n        <div class=\"panel-body\" itemprop=\"articleBody\">\n            <div class=\"item-description\">\n                \n<p>Fabrizio Dell\u2019Arno \u00e8 nato a S\u00e0o Gaetano do Sul (S\u00e0o Paulo,Brasile ) nel 1977.<\/p>\n<p class=\"p1\"><span class=\"s1\">Si \u00e8 laureato in \u201cPubblicit\u00e0 e Comunicazione\u201d all\u2019Universit\u00e0 IMES (SCSul) nel 1999, ha frequentato il corso di perfezionamento post- laurea in storia dell\u2019arte alla facolt\u00e0 FAAP (SP). Inizia la sua carriera di insegnante nel corpo docente del Liceo \u201cPueri Domus Un.Jardim \u201d a Santo Andre (SP) come professore di storia dell\u2019arte e pittura. Ha lavorato come professore di disegno artistico alla Universit\u00e0 IMES- SP, Brasile. Ha conseguito la specializzazione in scenografia nel \u201cespago cenografico, J.C.Serroni\u201d, lavorando nel settore scenografico in progetti teatrale, cinema e tv. Nel 2003 si trasferisce a New York, dove ha studiato pittura e disegno nella SVA (School Visual Arts), ritornando in Brasile ha frequentato l\u2019atelier di pittura del Maestro Rubens Matuck, a Sao Paulo. Nel 2005 ha conseguito il master in Scultura presso RUFA, dove attualmente lavora come professore in tecnologia della pittura nel corso accademico e professore del corso libero di pittura e disegno.<\/span><\/p>\n            <\/div>\n        <\/div>\n    <\/div>\n    \n\n<article class=\"panel panel-default\" role=\"article\" itemscope itemtype=\"http:\/\/schema.org\/BlogPosting\">\n    <div class=\"panel-heading\" role=\"tab\" id=\"heading5\">\n\t    <h4 class=\"panel-title\">\n\t        <a class=\"collapsed\" role=\"button\" data-toggle=\"collapse\" data-parent=\"#accordion\" href=\"#collapse5\" aria-expanded=\"false\" aria-controls=\"collapse5\" itemprop=\"headline\"><strong>AGEVOLAZIONI<\/strong>\t        \t<span class=\"courses\">\n                 \n\t        \t<\/span>\n\t        <\/a>\n\t    <\/h4>\n\t<\/div>\n<\/article>\n\n\n    <div id=\"collapse5\" class=\"panel-collapse collapse \" role=\"tabpanel\" aria-labelledby=\"heading5\">\n        <div class=\"panel-body\" itemprop=\"articleBody\">\n            <div class=\"item-description\">\n                \n<p>Studenti e Alumni Corsi Winter-Summer RUFA: 10%<br \/>\nStudenti e Alumni RUFA: 50%<br \/>\nVery early bird: entro il 31 dicembre \u2013 15%;<br \/>\nEarly bird: entro 31 marzo \u2013 10%<br \/>\n<strong>ULTIMA PROROGA DEI TERMINI DI SCONTO: Sconto Early bird entro il 15 aprile -10%<\/strong><br \/>\nPacchetto corsi\/gruppi\/famiglia: contatta <a href=\"mailto:corsibrevi@unirufa.it\" rel=\"noopener\" target=\"_blank\">corsibrevi@unirufa.it<\/a><\/p>\n<p>Ai partecipanti che, dopo aver frequentato il corso, si iscriveranno a un corso accademico di Laurea di primo o secondo livello, RUFA applicher\u00e0 un 10% di riduzione sulla retta annuale di frequenza del primo anno. Gli studenti che otterranno il Certificato del Corso Propedeutico in Pittura non dovranno sostenere la prova di disegno per l\u2019ammissione al programma di Laurea Triennale in Belle Arti.<\/p>\n            <\/div>\n        <\/div>\n    <\/div>\n    \n\n<article class=\"panel panel-default\" role=\"article\" itemscope itemtype=\"http:\/\/schema.org\/BlogPosting\">\n    <div class=\"panel-heading\" role=\"tab\" id=\"heading6\">\n\t    <h4 class=\"panel-title\">\n\t        <a class=\"collapsed\" role=\"button\" data-toggle=\"collapse\" data-parent=\"#accordion\" href=\"#collapse6\" aria-expanded=\"false\" aria-controls=\"collapse6\" itemprop=\"headline\"><strong>ALLOGGIO<\/strong>\t        \t<span class=\"courses\">\n                 \n\t        \t<\/span>\n\t        <\/a>\n\t    <\/h4>\n\t<\/div>\n<\/article>\n\n\n    <div id=\"collapse6\" class=\"panel-collapse collapse \" role=\"tabpanel\" aria-labelledby=\"heading6\">\n        <div class=\"panel-body\" itemprop=\"articleBody\">\n            <div class=\"item-description\">\n                \n<p>RUFA ha stipulato diversi accordi con strutture che forniscono servizi di housing. Per maggiori informazioni si prega di contattare <a href=\"mailto:corsibrevi@unirufa.it\" target=\"_blank\" rel=\"noopener\">corsibrevi@unirufa.it<\/a><\/p>\n            <\/div>\n        <\/div>\n    <\/div>\n    \n    <\/div>\n    \n<p>&nbsp;<\/p>\n<h5>FORM ISCRIZIONI CHIUSO &#8211; CORSO NON ATTIVATO<\/h5>\n<div class=\" hidden-xs hidden-sm hidden-md hidden-lg hidden-xl\">\n<div class=\"row\" style=\"background-color: #eeeeee; padding: 30px;\">\n<h3>Per informazioni sui corsi, compila il modulo e sarai ricontattato al pi\u00f9 presto.<\/h3>\n\n\t\t\t\t\t<script>\n\t\t\t\t\t\twindow.hsFormsOnReady = window.hsFormsOnReady || [];\n\t\t\t\t\t\twindow.hsFormsOnReady.push(()=>{\n\t\t\t\t\t\t\thbspt.forms.create({\n\t\t\t\t\t\t\t\tportalId: 143693635,\n\t\t\t\t\t\t\t\tformId: \"e4ce8ac9-cbed-4b3f-92a6-058eef5952ef\",\n\t\t\t\t\t\t\t\ttarget: \"#hbspt-form-1775415619000-8677347963\",\n\t\t\t\t\t\t\t\tregion: \"eu1\",\n\t\t\t\t\t\t\t\t\n\t\t\t\t\t\t})});\n\t\t\t\t\t<\/script>\n\t\t\t\t\t<div class=\"hbspt-form\" id=\"hbspt-form-1775415619000-8677347963\"><\/div>\n<\/div>\n<\/div>\n<p>&nbsp;","protected":false},"excerpt":{"rendered":"<p>Disculpa, pero esta entrada est\u00e1 disponible s\u00f3lo en IT y EN.&nbsp; DIDATTICA IN INGLESE \/ 1 SETTIMANA \/ IN CAMPUS Corso non attivato \u2013 iscrizioni attualmente non disponibili &nbsp; Corso propedeutico di Pittura per lo studio delle belle arti &nbsp; Questo corso vuole avviare gli allievi allo studio della pittura, trattando i suoi principi attraverso&#8230;<\/p>\n","protected":false},"author":28,"featured_media":0,"parent":0,"menu_order":0,"comment_status":"closed","ping_status":"closed","template":"page_short_course.php","meta":{"content-type":"","footnotes":""},"class_list":["post-121475","page","type-page","status-publish","hentry"],"yoast_head":"<!-- This site is optimized with the Yoast SEO plugin v24.2 - https:\/\/yoast.com\/wordpress\/plugins\/seo\/ -->\n<title>Curso de verano | Dibujo y pintura art\u00edstica<\/title>\n<meta name=\"description\" content=\"Descubre el Curso de Verano de Dibujo y pintura art\u00edstica en la RUFA de Roma.\" \/>\n<meta name=\"robots\" content=\"index, follow, max-snippet:-1, max-image-preview:large, max-video-preview:-1\" \/>\n<link rel=\"canonical\" href=\"https:\/\/www.unirufa.it\/painting-in-rome\/\" \/>\n<meta property=\"og:locale\" content=\"es_ES\" \/>\n<meta property=\"og:type\" content=\"article\" \/>\n<meta property=\"og:title\" content=\"[:it]Corsi Estivi | Disegno artistico e pittura[:en]Summer Courses | Artistic drawing and painting[:es]Curso de verano | Dibujo y pintura art\u00edstica[:]\" \/>\n<meta property=\"og:description\" content=\"{:it}Scopri il Corso Estivo in Disegno artistico e pittura in RUFA a Roma.{:en}Discover the Summer Course in Artistic drawing and painting at RUFA in Rome.{:es}Descubre el Curso de Verano de Dibujo y pintura art\u00edstica en la RUFA de Roma.{:}\" \/>\n<meta property=\"og:url\" content=\"https:\/\/www.unirufa.it\/painting-in-rome\/\" \/>\n<meta property=\"og:site_name\" content=\"RUFA - Rome University of Fine Arts\" \/>\n<meta property=\"article:modified_time\" content=\"2025-12-27T16:43:38+00:00\" \/>\n<meta property=\"og:image\" content=\"https:\/\/www.unirufa.it\/wp-content\/uploads\/2017\/11\/logo-rufa-2016.png\" \/>\n\t<meta property=\"og:image:width\" content=\"230\" \/>\n\t<meta property=\"og:image:height\" content=\"149\" \/>\n\t<meta property=\"og:image:type\" content=\"image\/png\" \/>\n<meta name=\"twitter:label1\" content=\"Tiempo de lectura\" \/>\n\t<meta name=\"twitter:data1\" content=\"9 minutos\" \/>\n<script type=\"application\/ld+json\" class=\"yoast-schema-graph\">{\"@context\":\"https:\/\/schema.org\",\"@graph\":[{\"@type\":\"WebPage\",\"@id\":\"https:\/\/www.unirufa.it\/painting-in-rome\/\",\"url\":\"https:\/\/www.unirufa.it\/painting-in-rome\/\",\"name\":\"[:it]Corsi Estivi | Disegno artistico e pittura[:en]Summer Courses | Artistic drawing and painting[:es]Curso de verano | Dibujo y pintura art\u00edstica[:]\",\"isPartOf\":{\"@id\":\"https:\/\/www.unirufa.it\/#website\"},\"datePublished\":\"2024-01-05T14:18:04+00:00\",\"dateModified\":\"2025-12-27T16:43:38+00:00\",\"description\":\"{:it}Scopri il Corso Estivo in Disegno artistico e pittura in RUFA a Roma.{:en}Discover the Summer Course in Artistic drawing and painting at RUFA in Rome.{:es}Descubre el Curso de Verano de Dibujo y pintura art\u00edstica en la RUFA de Roma.{:}\",\"breadcrumb\":{\"@id\":\"https:\/\/www.unirufa.it\/painting-in-rome\/#breadcrumb\"},\"inLanguage\":\"es\",\"potentialAction\":[{\"@type\":\"ReadAction\",\"target\":[\"https:\/\/www.unirufa.it\/painting-in-rome\/\"]}]},{\"@type\":\"BreadcrumbList\",\"@id\":\"https:\/\/www.unirufa.it\/painting-in-rome\/#breadcrumb\",\"itemListElement\":[{\"@type\":\"ListItem\",\"position\":1,\"name\":\"Home\",\"item\":\"https:\/\/www.unirufa.it\/\"},{\"@type\":\"ListItem\",\"position\":2,\"name\":\"Painting in Rome\"}]},{\"@type\":\"WebSite\",\"@id\":\"https:\/\/www.unirufa.it\/#website\",\"url\":\"https:\/\/www.unirufa.it\/\",\"name\":\"RUFA - Rome University of Fine Arts\",\"description\":\"\",\"potentialAction\":[{\"@type\":\"SearchAction\",\"target\":{\"@type\":\"EntryPoint\",\"urlTemplate\":\"https:\/\/www.unirufa.it\/?s={search_term_string}\"},\"query-input\":{\"@type\":\"PropertyValueSpecification\",\"valueRequired\":true,\"valueName\":\"search_term_string\"}}],\"inLanguage\":\"es\"}]}<\/script>\n<!-- \/ Yoast SEO plugin. -->","yoast_head_json":{"title":"Curso de verano | Dibujo y pintura art\u00edstica","description":"Descubre el Curso de Verano de Dibujo y pintura art\u00edstica en la RUFA de Roma.","robots":{"index":"index","follow":"follow","max-snippet":"max-snippet:-1","max-image-preview":"max-image-preview:large","max-video-preview":"max-video-preview:-1"},"canonical":"https:\/\/www.unirufa.it\/painting-in-rome\/","og_locale":"es_ES","og_type":"article","og_title":"[:it]Corsi Estivi | Disegno artistico e pittura[:en]Summer Courses | Artistic drawing and painting[:es]Curso de verano | Dibujo y pintura art\u00edstica[:]","og_description":"{:it}Scopri il Corso Estivo in Disegno artistico e pittura in RUFA a Roma.{:en}Discover the Summer Course in Artistic drawing and painting at RUFA in Rome.{:es}Descubre el Curso de Verano de Dibujo y pintura art\u00edstica en la RUFA de Roma.{:}","og_url":"https:\/\/www.unirufa.it\/painting-in-rome\/","og_site_name":"RUFA - Rome University of Fine Arts","article_modified_time":"2025-12-27T16:43:38+00:00","og_image":[{"width":230,"height":149,"url":"https:\/\/www.unirufa.it\/wp-content\/uploads\/2017\/11\/logo-rufa-2016.png","type":"image\/png"}],"twitter_misc":{"Tiempo de lectura":"9 minutos"},"schema":{"@context":"https:\/\/schema.org","@graph":[{"@type":"WebPage","@id":"https:\/\/www.unirufa.it\/painting-in-rome\/","url":"https:\/\/www.unirufa.it\/painting-in-rome\/","name":"[:it]Corsi Estivi | Disegno artistico e pittura[:en]Summer Courses | Artistic drawing and painting[:es]Curso de verano | Dibujo y pintura art\u00edstica[:]","isPartOf":{"@id":"https:\/\/www.unirufa.it\/#website"},"datePublished":"2024-01-05T14:18:04+00:00","dateModified":"2025-12-27T16:43:38+00:00","description":"{:it}Scopri il Corso Estivo in Disegno artistico e pittura in RUFA a Roma.{:en}Discover the Summer Course in Artistic drawing and painting at RUFA in Rome.{:es}Descubre el Curso de Verano de Dibujo y pintura art\u00edstica en la RUFA de Roma.{:}","breadcrumb":{"@id":"https:\/\/www.unirufa.it\/painting-in-rome\/#breadcrumb"},"inLanguage":"es","potentialAction":[{"@type":"ReadAction","target":["https:\/\/www.unirufa.it\/painting-in-rome\/"]}]},{"@type":"BreadcrumbList","@id":"https:\/\/www.unirufa.it\/painting-in-rome\/#breadcrumb","itemListElement":[{"@type":"ListItem","position":1,"name":"Home","item":"https:\/\/www.unirufa.it\/"},{"@type":"ListItem","position":2,"name":"Painting in Rome"}]},{"@type":"WebSite","@id":"https:\/\/www.unirufa.it\/#website","url":"https:\/\/www.unirufa.it\/","name":"RUFA - Rome University of Fine Arts","description":"","potentialAction":[{"@type":"SearchAction","target":{"@type":"EntryPoint","urlTemplate":"https:\/\/www.unirufa.it\/?s={search_term_string}"},"query-input":{"@type":"PropertyValueSpecification","valueRequired":true,"valueName":"search_term_string"}}],"inLanguage":"es"}]}},"_links":{"self":[{"href":"https:\/\/www.unirufa.it\/es\/wp-json\/wp\/v2\/pages\/121475","targetHints":{"allow":["GET"]}}],"collection":[{"href":"https:\/\/www.unirufa.it\/es\/wp-json\/wp\/v2\/pages"}],"about":[{"href":"https:\/\/www.unirufa.it\/es\/wp-json\/wp\/v2\/types\/page"}],"author":[{"embeddable":true,"href":"https:\/\/www.unirufa.it\/es\/wp-json\/wp\/v2\/users\/28"}],"replies":[{"embeddable":true,"href":"https:\/\/www.unirufa.it\/es\/wp-json\/wp\/v2\/comments?post=121475"}],"version-history":[{"count":41,"href":"https:\/\/www.unirufa.it\/es\/wp-json\/wp\/v2\/pages\/121475\/revisions"}],"predecessor-version":[{"id":150338,"href":"https:\/\/www.unirufa.it\/es\/wp-json\/wp\/v2\/pages\/121475\/revisions\/150338"}],"wp:attachment":[{"href":"https:\/\/www.unirufa.it\/es\/wp-json\/wp\/v2\/media?parent=121475"}],"curies":[{"name":"wp","href":"https:\/\/api.w.org\/{rel}","templated":true}]}}