


{"id":1253,"date":"2013-07-02T15:44:20","date_gmt":"2013-07-02T15:44:20","guid":{"rendered":"http:\/\/www.unirufa.it\/?page_id=1253"},"modified":"2021-12-20T15:19:55","modified_gmt":"2021-12-20T14:19:55","slug":"offerta-formativa","status":"publish","type":"page","link":"https:\/\/www.unirufa.it\/es\/offerta-formativa\/","title":{"rendered":"Oferta de formaci\u00f3n"},"content":{"rendered":"<h3>RUFA, entre sue\u00f1os y proyectos concretos.<\/h3>\n<p>La RUFA, Universidad de Bellas Artes de Roma, es un centro educativo multidisciplinar e internacional &#8211; reconocido oficialmente por el Ministerio Universidad e Investigaci\u00f3n (MUR)- que ofrece cursos de formaci\u00f3n v\u00e1lidos e innovadores en los campos del Arte, el Dise\u00f1o, el Cine, la Fotograf\u00eda y la Comunicaci\u00f3n. RUFA colabora con reconocidos profesionales y empresas de prestigio, garantizando a sus alumnos una preparaci\u00f3n te\u00f3rica actualizada y una orientaci\u00f3n metodol\u00f3gica-operativa, con una atenta mirada al mundo del trabajo y del mercado. Creada en 1998, con el fin de reunir en una sola Academia los sue\u00f1os de los j\u00f3venes italianos y extranjeros y los de su fundador, el Maestro Alfio Mongelli, la RUFA organiza Cursos Acad\u00e9micos de Primer y Segundo Nivel que responden al nuevo contexto art\u00edstico y cultural, proporcionando una preparaci\u00f3n de alto nivel y una perspectiva profesional fuerte y concreta.<\/p>\n<p>&lt;p","protected":false},"excerpt":{"rendered":"<p>RUFA, entre sue\u00f1os y proyectos concretos. La RUFA, Universidad de Bellas Artes de Roma, es un centro educativo multidisciplinar e internacional &#8211; reconocido oficialmente por el Ministerio Universidad e Investigaci\u00f3n (MUR)- que ofrece cursos de formaci\u00f3n v\u00e1lidos e innovadores en los campos del Arte, el Dise\u00f1o, el Cine, la Fotograf\u00eda y la Comunicaci\u00f3n. RUFA colabora&#8230;<\/p>\n","protected":false},"author":1,"featured_media":0,"parent":0,"menu_order":0,"comment_status":"closed","ping_status":"closed","template":"page_offerta-formativa.php","meta":{"content-type":"","footnotes":""},"class_list":["post-1253","page","type-page","status-publish","hentry"],"yoast_head":"<!-- This site is optimized with the Yoast SEO plugin v24.2 - https:\/\/yoast.com\/wordpress\/plugins\/seo\/ -->\n<title>Corsi di formazione Triennali e Biennali Accademia Belle Arti di Roma - RUFA<\/title>\n<meta name=\"description\" content=\"Scopri tutti i Corsi di formazione Triennale e Magistrale dell&#039;Accademia delle Belle Arti a Roma - RUFA\" \/>\n<meta name=\"robots\" content=\"index, follow, max-snippet:-1, max-image-preview:large, max-video-preview:-1\" \/>\n<link rel=\"canonical\" href=\"https:\/\/www.unirufa.it\/offerta-formativa\/\" \/>\n<meta property=\"og:locale\" content=\"es_ES\" \/>\n<meta property=\"og:type\" content=\"article\" \/>\n<meta property=\"og:title\" content=\"[:it]Corsi di formazione Triennali e Biennali Accademia Belle Arti di Roma - RUFA[:en]Triennial and Biennial Training Courses Academy of Fine Arts in Rome - RUFA[:]\" \/>\n<meta property=\"og:description\" content=\"{:it}Scopri tutti i Corsi di formazione Triennale e Magistrale dell&#039;Accademia delle Belle Arti a Roma - RUFA{:}\" \/>\n<meta property=\"og:url\" content=\"https:\/\/www.unirufa.it\/offerta-formativa\/\" \/>\n<meta property=\"og:site_name\" content=\"RUFA - Rome University of Fine Arts\" \/>\n<meta property=\"article:modified_time\" content=\"2021-12-20T14:19:55+00:00\" \/>\n<meta property=\"og:image\" content=\"https:\/\/www.unirufa.it\/wp-content\/uploads\/2017\/11\/logo-rufa-2016.png\" \/>\n\t<meta property=\"og:image:width\" content=\"230\" \/>\n\t<meta property=\"og:image:height\" content=\"149\" \/>\n\t<meta property=\"og:image:type\" content=\"image\/png\" \/>\n<meta name=\"twitter:label1\" content=\"Tiempo de lectura\" \/>\n\t<meta name=\"twitter:data1\" content=\"2 minutos\" \/>\n<script type=\"application\/ld+json\" class=\"yoast-schema-graph\">{\"@context\":\"https:\/\/schema.org\",\"@graph\":[{\"@type\":\"WebPage\",\"@id\":\"https:\/\/www.unirufa.it\/offerta-formativa\/\",\"url\":\"https:\/\/www.unirufa.it\/offerta-formativa\/\",\"name\":\"[:it]Corsi di formazione Triennali e Biennali Accademia Belle Arti di Roma - RUFA[:en]Triennial and Biennial Training Courses Academy of Fine Arts in Rome - RUFA[:]\",\"isPartOf\":{\"@id\":\"https:\/\/www.unirufa.it\/#website\"},\"datePublished\":\"2013-07-02T15:44:20+00:00\",\"dateModified\":\"2021-12-20T14:19:55+00:00\",\"description\":\"{:it}Scopri tutti i Corsi di formazione Triennale e Magistrale dell'Accademia delle Belle Arti a Roma - RUFA{:}\",\"breadcrumb\":{\"@id\":\"https:\/\/www.unirufa.it\/offerta-formativa\/#breadcrumb\"},\"inLanguage\":\"es\",\"potentialAction\":[{\"@type\":\"ReadAction\",\"target\":[\"https:\/\/www.unirufa.it\/offerta-formativa\/\"]}]},{\"@type\":\"BreadcrumbList\",\"@id\":\"https:\/\/www.unirufa.it\/offerta-formativa\/#breadcrumb\",\"itemListElement\":[{\"@type\":\"ListItem\",\"position\":1,\"name\":\"Home\",\"item\":\"https:\/\/www.unirufa.it\/\"},{\"@type\":\"ListItem\",\"position\":2,\"name\":\"Offerta formativa\"}]},{\"@type\":\"WebSite\",\"@id\":\"https:\/\/www.unirufa.it\/#website\",\"url\":\"https:\/\/www.unirufa.it\/\",\"name\":\"RUFA - Rome University of Fine Arts\",\"description\":\"\",\"potentialAction\":[{\"@type\":\"SearchAction\",\"target\":{\"@type\":\"EntryPoint\",\"urlTemplate\":\"https:\/\/www.unirufa.it\/?s={search_term_string}\"},\"query-input\":{\"@type\":\"PropertyValueSpecification\",\"valueRequired\":true,\"valueName\":\"search_term_string\"}}],\"inLanguage\":\"es\"}]}<\/script>\n<!-- \/ Yoast SEO plugin. -->","yoast_head_json":{"title":"Corsi di formazione Triennali e Biennali Accademia Belle Arti di Roma - RUFA","description":"Scopri tutti i Corsi di formazione Triennale e Magistrale dell'Accademia delle Belle Arti a Roma - RUFA","robots":{"index":"index","follow":"follow","max-snippet":"max-snippet:-1","max-image-preview":"max-image-preview:large","max-video-preview":"max-video-preview:-1"},"canonical":"https:\/\/www.unirufa.it\/offerta-formativa\/","og_locale":"es_ES","og_type":"article","og_title":"[:it]Corsi di formazione Triennali e Biennali Accademia Belle Arti di Roma - RUFA[:en]Triennial and Biennial Training Courses Academy of Fine Arts in Rome - RUFA[:]","og_description":"{:it}Scopri tutti i Corsi di formazione Triennale e Magistrale dell'Accademia delle Belle Arti a Roma - RUFA{:}","og_url":"https:\/\/www.unirufa.it\/offerta-formativa\/","og_site_name":"RUFA - Rome University of Fine Arts","article_modified_time":"2021-12-20T14:19:55+00:00","og_image":[{"width":230,"height":149,"url":"https:\/\/www.unirufa.it\/wp-content\/uploads\/2017\/11\/logo-rufa-2016.png","type":"image\/png"}],"twitter_misc":{"Tiempo de lectura":"2 minutos"},"schema":{"@context":"https:\/\/schema.org","@graph":[{"@type":"WebPage","@id":"https:\/\/www.unirufa.it\/offerta-formativa\/","url":"https:\/\/www.unirufa.it\/offerta-formativa\/","name":"[:it]Corsi di formazione Triennali e Biennali Accademia Belle Arti di Roma - RUFA[:en]Triennial and Biennial Training Courses Academy of Fine Arts in Rome - RUFA[:]","isPartOf":{"@id":"https:\/\/www.unirufa.it\/#website"},"datePublished":"2013-07-02T15:44:20+00:00","dateModified":"2021-12-20T14:19:55+00:00","description":"{:it}Scopri tutti i Corsi di formazione Triennale e Magistrale dell'Accademia delle Belle Arti a Roma - RUFA{:}","breadcrumb":{"@id":"https:\/\/www.unirufa.it\/offerta-formativa\/#breadcrumb"},"inLanguage":"es","potentialAction":[{"@type":"ReadAction","target":["https:\/\/www.unirufa.it\/offerta-formativa\/"]}]},{"@type":"BreadcrumbList","@id":"https:\/\/www.unirufa.it\/offerta-formativa\/#breadcrumb","itemListElement":[{"@type":"ListItem","position":1,"name":"Home","item":"https:\/\/www.unirufa.it\/"},{"@type":"ListItem","position":2,"name":"Offerta formativa"}]},{"@type":"WebSite","@id":"https:\/\/www.unirufa.it\/#website","url":"https:\/\/www.unirufa.it\/","name":"RUFA - Rome University of Fine Arts","description":"","potentialAction":[{"@type":"SearchAction","target":{"@type":"EntryPoint","urlTemplate":"https:\/\/www.unirufa.it\/?s={search_term_string}"},"query-input":{"@type":"PropertyValueSpecification","valueRequired":true,"valueName":"search_term_string"}}],"inLanguage":"es"}]}},"_links":{"self":[{"href":"https:\/\/www.unirufa.it\/es\/wp-json\/wp\/v2\/pages\/1253","targetHints":{"allow":["GET"]}}],"collection":[{"href":"https:\/\/www.unirufa.it\/es\/wp-json\/wp\/v2\/pages"}],"about":[{"href":"https:\/\/www.unirufa.it\/es\/wp-json\/wp\/v2\/types\/page"}],"author":[{"embeddable":true,"href":"https:\/\/www.unirufa.it\/es\/wp-json\/wp\/v2\/users\/1"}],"replies":[{"embeddable":true,"href":"https:\/\/www.unirufa.it\/es\/wp-json\/wp\/v2\/comments?post=1253"}],"version-history":[{"count":19,"href":"https:\/\/www.unirufa.it\/es\/wp-json\/wp\/v2\/pages\/1253\/revisions"}],"predecessor-version":[{"id":57645,"href":"https:\/\/www.unirufa.it\/es\/wp-json\/wp\/v2\/pages\/1253\/revisions\/57645"}],"wp:attachment":[{"href":"https:\/\/www.unirufa.it\/es\/wp-json\/wp\/v2\/media?parent=1253"}],"curies":[{"name":"wp","href":"https:\/\/api.w.org\/{rel}","templated":true}]}}