


{"id":1256,"date":"2013-07-02T15:48:10","date_gmt":"2013-07-02T15:48:10","guid":{"rendered":"http:\/\/www.unirufa.it\/?page_id=1256"},"modified":"2021-12-21T15:41:03","modified_gmt":"2021-12-21T14:41:03","slug":"diploma-biennale-di-ii-livello","status":"publish","type":"page","link":"https:\/\/www.unirufa.it\/es\/offerta-formativa\/diploma-biennale-di-ii-livello\/","title":{"rendered":"Diploma Biennale di II Livello"},"content":{"rendered":"<p class=\"qtranxs-available-languages-message qtranxs-available-languages-message-es\">Disculpa, pero esta entrada est\u00e1 disponible s\u00f3lo en <a href=\"https:\/\/www.unirufa.it\/it\/wp-json\/wp\/v2\/pages\/1256\" class=\"qtranxs-available-language-link qtranxs-available-language-link-it\" title=\"IT\">IT<\/a> y <a href=\"https:\/\/www.unirufa.it\/en\/wp-json\/wp\/v2\/pages\/1256\" class=\"qtranxs-available-language-link qtranxs-available-language-link-en\" title=\"EN\">EN<\/a>.<\/p><h4>Prepararsi per il mondo del lavoro.<\/h4>\n<p>Ideale proseguimento del Triennio, il Corso di Diploma Accademico di II Livello ha una durata biennale.<br \/>\n\u00c8 un corso nato per soddisfare la specifica necessit\u00e0 di introdurre efficacemente nel mondo del lavoro gli Studenti gi\u00e0 in possesso di una preparazione in materie d\u2019Arte, Comunicazione e Design.<\/p>\n<p><strong>Collegamento professionale e formativo.<\/strong><br \/>\nCome ideale seguito del percorso intrapreso con il Triennio, l\u2019offerta formativa del Biennio si basa su un programma di studi pratico e concreto.<br \/>\nIl Corso \u00e8 fortemente orientato a raccordare gli Studenti con le realt\u00e0 e le esigenze del mondo del lavoro.<br \/>\nPer l\u2019ottenimento di questo obiettivo \u00e8 di fondamentale importanza il ruolo dei Docenti, professionisti attivi nei loro settori di riferimento, chiamati ad indirizzare gli Studenti verso un futuro professionale concreto.<\/p>\n<p><strong>Esperienza in pratica.<\/strong><br \/>\nIl Corso di Diploma Accademico Biennale di II Livello offre agli Studenti un robusto programma di esperienze pratiche, da svolgere anche al di fuori del perimetro dell\u2019Accademia, tese a mettere in stretto contatto operativo gli allievi e le professioni.<br \/>\nAccompagnati e sostenuti dai loro Docenti, gli Studenti del Biennio hanno la possibilit\u00e0 e la responsabilit\u00e0 di prendere parte, anche a livello nazionale, a laboratori, seminari, workshop, stages, progetti interdisciplinari, mostre, convegni, inaugurazioni, concorsi, manifestazioni, sponsorizzazioni.<br \/>\nGli Studenti possono partecipare a queste attivit\u00e0 formative anche in qualit\u00e0 di progettisti, assistenti, creativi, produttori, realizzatori.<br \/>\nIl Corso di Diploma Accademico Biennale di II Livello offre agli Studenti i seguenti corsi:<br \/>\n<a title=\"Tecnologie e Progettazione dello Spazio Multimediale\" href=\"http:\/\/www.unirufa.it\/corsi-ii-livello\/tecnologie-e-progettazione-dello-spazio-multimediale\/\">Corso di Tecnologie e Progettazione dello Spazio Multimediale<\/a><a title=\"Visual and Innovation Design\" href=\"http:\/\/www.unirufa.it\/corsi-ii-livello\/visual-and-innovation-design\/\">\u00a0\/ Corso di Visual and Innovation Design<\/a><br \/>\n<a title=\"Computer animation and special effects\" href=\"http:\/\/www.unirufa.it\/corsi-ii-livello\/computer-animation-and-special-effects\/\">Corso di Computer Animation and Special Effects<\/a> \/ <a title=\"Arte Cinematografica\" href=\"http:\/\/www.unirufa.it\/corsi-ii-livello\/film-arts\/\">Corso di Arte Cinematografica<\/a><br \/>\n<a title=\"Scenografia\" href=\"http:\/\/www.unirufa.it\/corsi-ii-livello\/scenografia\/\">Corso di Scenografia<\/a> \/ <a title=\"Scultura\" href=\"http:\/\/www.unirufa.it\/corsi-ii-livello\/sculpture\/\">Corso di Scultura<\/a> \/ <a title=\"Pittura\" href=\"http:\/\/www.unirufa.it\/corsi-ii-livello\/painting\/\">Corso di Pittura<\/a> \/ <a title=\"Grafica d\u2019Arte\" href=\"http:\/\/www.unirufa.it\/corsi-ii-livello\/graphic-arts\/\">Corso di Grafica d&#8217;Arte<\/a><br \/>\n<a title=\"Decorazione\" href=\"http:\/\/www.unirufa.it\/corsi-ii-livello\/decoration\/\">Corso di Decorazione<\/a>.<br \/>\nL\u2019accesso al Biennio Specialistico \u00e8 consentito a tutti gli Studenti diplomati in Accademie di Belle Arti e Laureati. Il Diploma Accademico Biennale di II Livello si consegue dopo aver ottenuto almeno 120 crediti ed \u00e8 equipollente alla Laurea Magistrale Universitaria.<\/p>\n<p><em>Nota: RUFA, Rome University of Fine Arts, \u00e8 un\u2019Accademia di Belle Arti non statale legalmente riconosciuta dal<\/em> <a title=\"Ministero Istruzione Universit\u00e0 Ricerca\" href=\"http:\/\/www.istruzione.it\/web\/hub\" target=\"_blank\" rel=\"noopener noreferrer\">Ministero dell\u2019Istruzione, dell\u2019Universit\u00e0 e della Ricerca (MIUR)<\/a>. <em>L\u2019Accademia RUFA conferisce un Diploma di Studio analogo a quello universitario.<\/em>","protected":false},"excerpt":{"rendered":"<p>Disculpa, pero esta entrada est\u00e1 disponible s\u00f3lo en IT y EN.Prepararsi per il mondo del lavoro. Ideale proseguimento del Triennio, il Corso di Diploma Accademico di II Livello ha una durata biennale. \u00c8 un corso nato per soddisfare la specifica necessit\u00e0 di introdurre efficacemente nel mondo del lavoro gli Studenti gi\u00e0 in possesso di una&#8230;<\/p>\n","protected":false},"author":1,"featured_media":0,"parent":1253,"menu_order":0,"comment_status":"closed","ping_status":"closed","template":"page_generic-courses.php","meta":{"content-type":"","footnotes":""},"class_list":["post-1256","page","type-page","status-publish","hentry"],"yoast_head":"<!-- This site is optimized with the Yoast SEO plugin v24.2 - https:\/\/yoast.com\/wordpress\/plugins\/seo\/ -->\n<title>Diploma Universitario Biennale di II Livello Roma - RUFA<\/title>\n<meta name=\"description\" content=\"Come prendere il Diploma Universitario Biennale di II Livello all&#039;accademia delle belle arti di ROMA. Scopri RUFA!\" \/>\n<meta name=\"robots\" content=\"index, follow, max-snippet:-1, max-image-preview:large, max-video-preview:-1\" \/>\n<link rel=\"canonical\" href=\"https:\/\/www.unirufa.it\/offerta-formativa\/diploma-biennale-di-ii-livello\/\" \/>\n<meta property=\"og:locale\" content=\"es_ES\" \/>\n<meta property=\"og:type\" content=\"article\" \/>\n<meta property=\"og:title\" content=\"Diploma Universitario Biennale di II Livello Roma - RUFA\" \/>\n<meta property=\"og:description\" content=\"Come prendere il Diploma Universitario Biennale di II Livello all&#039;accademia delle belle arti di ROMA. Scopri RUFA!\" \/>\n<meta property=\"og:url\" content=\"https:\/\/www.unirufa.it\/offerta-formativa\/diploma-biennale-di-ii-livello\/\" \/>\n<meta property=\"og:site_name\" content=\"RUFA - Rome University of Fine Arts\" \/>\n<meta property=\"article:modified_time\" content=\"2021-12-21T14:41:03+00:00\" \/>\n<meta property=\"og:image\" content=\"https:\/\/www.unirufa.it\/wp-content\/uploads\/2017\/11\/logo-rufa-2016.png\" \/>\n\t<meta property=\"og:image:width\" content=\"230\" \/>\n\t<meta property=\"og:image:height\" content=\"149\" \/>\n\t<meta property=\"og:image:type\" content=\"image\/png\" \/>\n<meta name=\"twitter:label1\" content=\"Tiempo de lectura\" \/>\n\t<meta name=\"twitter:data1\" content=\"4 minutos\" \/>\n<script type=\"application\/ld+json\" class=\"yoast-schema-graph\">{\"@context\":\"https:\/\/schema.org\",\"@graph\":[{\"@type\":\"WebPage\",\"@id\":\"https:\/\/www.unirufa.it\/offerta-formativa\/diploma-biennale-di-ii-livello\/\",\"url\":\"https:\/\/www.unirufa.it\/offerta-formativa\/diploma-biennale-di-ii-livello\/\",\"name\":\"Diploma Universitario Biennale di II Livello Roma - RUFA\",\"isPartOf\":{\"@id\":\"https:\/\/www.unirufa.it\/#website\"},\"datePublished\":\"2013-07-02T15:48:10+00:00\",\"dateModified\":\"2021-12-21T14:41:03+00:00\",\"description\":\"Come prendere il Diploma Universitario Biennale di II Livello all'accademia delle belle arti di ROMA. Scopri RUFA!\",\"breadcrumb\":{\"@id\":\"https:\/\/www.unirufa.it\/offerta-formativa\/diploma-biennale-di-ii-livello\/#breadcrumb\"},\"inLanguage\":\"es\",\"potentialAction\":[{\"@type\":\"ReadAction\",\"target\":[\"https:\/\/www.unirufa.it\/offerta-formativa\/diploma-biennale-di-ii-livello\/\"]}]},{\"@type\":\"BreadcrumbList\",\"@id\":\"https:\/\/www.unirufa.it\/offerta-formativa\/diploma-biennale-di-ii-livello\/#breadcrumb\",\"itemListElement\":[{\"@type\":\"ListItem\",\"position\":1,\"name\":\"Home\",\"item\":\"https:\/\/www.unirufa.it\/\"},{\"@type\":\"ListItem\",\"position\":2,\"name\":\"Offerta formativa\",\"item\":\"https:\/\/www.unirufa.it\/offerta-formativa\/\"},{\"@type\":\"ListItem\",\"position\":3,\"name\":\"Diploma Biennale di II Livello\"}]},{\"@type\":\"WebSite\",\"@id\":\"https:\/\/www.unirufa.it\/#website\",\"url\":\"https:\/\/www.unirufa.it\/\",\"name\":\"RUFA - Rome University of Fine Arts\",\"description\":\"\",\"potentialAction\":[{\"@type\":\"SearchAction\",\"target\":{\"@type\":\"EntryPoint\",\"urlTemplate\":\"https:\/\/www.unirufa.it\/?s={search_term_string}\"},\"query-input\":{\"@type\":\"PropertyValueSpecification\",\"valueRequired\":true,\"valueName\":\"search_term_string\"}}],\"inLanguage\":\"es\"}]}<\/script>\n<!-- \/ Yoast SEO plugin. -->","yoast_head_json":{"title":"Diploma Universitario Biennale di II Livello Roma - RUFA","description":"Come prendere il Diploma Universitario Biennale di II Livello all'accademia delle belle arti di ROMA. Scopri RUFA!","robots":{"index":"index","follow":"follow","max-snippet":"max-snippet:-1","max-image-preview":"max-image-preview:large","max-video-preview":"max-video-preview:-1"},"canonical":"https:\/\/www.unirufa.it\/offerta-formativa\/diploma-biennale-di-ii-livello\/","og_locale":"es_ES","og_type":"article","og_title":"Diploma Universitario Biennale di II Livello Roma - RUFA","og_description":"Come prendere il Diploma Universitario Biennale di II Livello all'accademia delle belle arti di ROMA. Scopri RUFA!","og_url":"https:\/\/www.unirufa.it\/offerta-formativa\/diploma-biennale-di-ii-livello\/","og_site_name":"RUFA - Rome University of Fine Arts","article_modified_time":"2021-12-21T14:41:03+00:00","og_image":[{"width":230,"height":149,"url":"https:\/\/www.unirufa.it\/wp-content\/uploads\/2017\/11\/logo-rufa-2016.png","type":"image\/png"}],"twitter_misc":{"Tiempo de lectura":"4 minutos"},"schema":{"@context":"https:\/\/schema.org","@graph":[{"@type":"WebPage","@id":"https:\/\/www.unirufa.it\/offerta-formativa\/diploma-biennale-di-ii-livello\/","url":"https:\/\/www.unirufa.it\/offerta-formativa\/diploma-biennale-di-ii-livello\/","name":"Diploma Universitario Biennale di II Livello Roma - RUFA","isPartOf":{"@id":"https:\/\/www.unirufa.it\/#website"},"datePublished":"2013-07-02T15:48:10+00:00","dateModified":"2021-12-21T14:41:03+00:00","description":"Come prendere il Diploma Universitario Biennale di II Livello all'accademia delle belle arti di ROMA. Scopri RUFA!","breadcrumb":{"@id":"https:\/\/www.unirufa.it\/offerta-formativa\/diploma-biennale-di-ii-livello\/#breadcrumb"},"inLanguage":"es","potentialAction":[{"@type":"ReadAction","target":["https:\/\/www.unirufa.it\/offerta-formativa\/diploma-biennale-di-ii-livello\/"]}]},{"@type":"BreadcrumbList","@id":"https:\/\/www.unirufa.it\/offerta-formativa\/diploma-biennale-di-ii-livello\/#breadcrumb","itemListElement":[{"@type":"ListItem","position":1,"name":"Home","item":"https:\/\/www.unirufa.it\/"},{"@type":"ListItem","position":2,"name":"Offerta formativa","item":"https:\/\/www.unirufa.it\/offerta-formativa\/"},{"@type":"ListItem","position":3,"name":"Diploma Biennale di II Livello"}]},{"@type":"WebSite","@id":"https:\/\/www.unirufa.it\/#website","url":"https:\/\/www.unirufa.it\/","name":"RUFA - Rome University of Fine Arts","description":"","potentialAction":[{"@type":"SearchAction","target":{"@type":"EntryPoint","urlTemplate":"https:\/\/www.unirufa.it\/?s={search_term_string}"},"query-input":{"@type":"PropertyValueSpecification","valueRequired":true,"valueName":"search_term_string"}}],"inLanguage":"es"}]}},"_links":{"self":[{"href":"https:\/\/www.unirufa.it\/es\/wp-json\/wp\/v2\/pages\/1256","targetHints":{"allow":["GET"]}}],"collection":[{"href":"https:\/\/www.unirufa.it\/es\/wp-json\/wp\/v2\/pages"}],"about":[{"href":"https:\/\/www.unirufa.it\/es\/wp-json\/wp\/v2\/types\/page"}],"author":[{"embeddable":true,"href":"https:\/\/www.unirufa.it\/es\/wp-json\/wp\/v2\/users\/1"}],"replies":[{"embeddable":true,"href":"https:\/\/www.unirufa.it\/es\/wp-json\/wp\/v2\/comments?post=1256"}],"version-history":[{"count":9,"href":"https:\/\/www.unirufa.it\/es\/wp-json\/wp\/v2\/pages\/1256\/revisions"}],"predecessor-version":[{"id":58294,"href":"https:\/\/www.unirufa.it\/es\/wp-json\/wp\/v2\/pages\/1256\/revisions\/58294"}],"up":[{"embeddable":true,"href":"https:\/\/www.unirufa.it\/es\/wp-json\/wp\/v2\/pages\/1253"}],"wp:attachment":[{"href":"https:\/\/www.unirufa.it\/es\/wp-json\/wp\/v2\/media?parent=1256"}],"curies":[{"name":"wp","href":"https:\/\/api.w.org\/{rel}","templated":true}]}}