


{"id":1257,"date":"2013-07-02T15:49:09","date_gmt":"2013-07-02T15:49:09","guid":{"rendered":"http:\/\/www.unirufa.it\/?page_id=1257"},"modified":"2024-04-10T16:14:28","modified_gmt":"2024-04-10T14:14:28","slug":"master-accademici","status":"publish","type":"page","link":"https:\/\/www.unirufa.it\/es\/offerta-formativa\/master-accademici\/","title":{"rendered":"M\u00e1steres acad\u00e9micos"},"content":{"rendered":"&nbsp;<\/p>\n<p><a id=\"btn-regolamentocorso\" class=\"download-btn\" style=\"background-color: #000000; border-color: #000000;\"><span style=\"color: #ffffff;\">DURACI\u00d3N DEL MASTER ><\/span> <span style=\"color: #ffe842;\">12 MESES<\/span><\/a><a id=\"btn-regolamentocorso\" class=\"download-btn\" style=\"background-color: #000000; border-color: #000000;\"><span style=\"color: #ffffff;\">HORAS DE LECCI\u00d3N > <\/span> <span style=\"color: #ffe842;\">500<\/span><\/a><\/p>\n<p><a id=\"btn-regolamentocorso\" class=\"download-btn\" style=\"background-color: #000000; border-color: #000000;\"><span style=\"color: #ffffff;\">HORAS DE FORMACI\u00d3N > <\/span> <span style=\"color: #ffe842;\">250<\/span><\/a><a id=\"btn-regolamentocorso\" class=\"download-btn\" style=\"background-color: #000000; border-color: #000000;\"><span style=\"color: #ffffff;\">SOCIOS CULTURALES Y PRIVADOS > <\/span> <span style=\"color: #ffe842;\">+100<\/span><\/a><\/p>\n<p><a id=\"btn-regolamentocorso\" class=\"download-btn\" style=\"background-color: #000000; border-color: #000000;\"><span style=\"color: #ffffff;\">PROYECTOS REALES > <\/span> <span style=\"color: #ffe842;\">5<\/span><\/a><a id=\"btn-regolamentocorso\" class=\"download-btn\" style=\"background-color: #000000; border-color: #000000;\"><span style=\"color: #ffffff;\">VISITING PROFESSORS > <\/span> <span style=\"color: #ffe842;\">+20<\/span><\/a><br \/>\n&nbsp;<\/p>\n<h2>Cursos anuales de perfeccionamiento.<\/h2>\n<h3>Innovaci\u00f3n, gesti\u00f3n, comunicaci\u00f3n. Arte, cine, dise\u00f1o.<\/h3>\n<h4>Oferta de formaci\u00f3n<\/h4>\n<p>RUFA ofrece una serie de m\u00e1steres acad\u00e9micos de primer nivel, altamente profesionales e internacionales, para responder y anticiparse a la evoluci\u00f3n de los sectores del arte, el dise\u00f1o y el audiovisual. Los maestros combinan la creatividad, el dise\u00f1o y las habilidades empresariales: estrat\u00e9gicas, organizativas, de marketing y de comunicaci\u00f3n. Todos los m\u00e1steres se imparten en ingl\u00e9s y con autorizaci\u00f3n ministerial a partir del curso 2022\/23, dedicados a Art Curating y Manegement, Cinema y New formats production y Design Management. <\/p>\n<h4>Aprender de los profesionales<\/h4>\n<p>Los m\u00e1steres tienen una duraci\u00f3n de 12 meses y comprenden una ense\u00f1anza intensiva organizada en m\u00f3dulos consecutivos, con el desarrollo de proyectos individuales y de grupo en estrecha colaboraci\u00f3n con socios nacionales e internacionales, empresas, fundaciones, museos e instituciones culturales del sector, que tambi\u00e9n ofrecen a nuestros estudiantes presentaciones de casos pr\u00e1cticos, clases magistrales a cargo de sus propios representantes, visitas e inspecciones en profundidad, seminarios de empleabilidad, as\u00ed como pr\u00e1cticas sobre el terreno, como parte integrante del curso de formaci\u00f3n.<\/p>\n<h4>Pr\u00e1cticas en empresas, organizaciones e instituciones<\/h4>\n<p>Todos los programas de m\u00e1ster de RUFA incluyen la oportunidad de que los estudiantes pongan en pr\u00e1ctica inmediatamente lo que han aprendido durante sus estudios gracias a unas pr\u00e1cticas curriculares de 250 horas. Los socios seleccionados en las diferentes \u00e1reas de formaci\u00f3n acogen a los estudiantes de la RUFA, antes de que obtengan su t\u00edtulo, para realizar unas pr\u00e1cticas que facilitar\u00e1n la inserci\u00f3n de los estudiantes en el mundo laboral.<br \/>\nEntre nuestros socios se encuentran museos como el MAXXI, el MACRO y la Galleria Nazionale, productoras como Cattleya, Fandango, Lucky Red, Groenlandia y Rai Cinema, estudios de dise\u00f1o y empresas innovadoras como Fifth Beat, WeManage, Iperdesign, Ashtart &#8211; Dynamis, Produzioni dal Basso.<\/p>\n<p><em>La concesi\u00f3n del t\u00edtulo de M\u00e1ster est\u00e1 condicionada a la obtenci\u00f3n de al menos 60 cr\u00e9ditos.<\/em><br \/>\n&nbsp;<\/p>\n<h3><strong>Becas <\/strong><\/h3>\n<p>&nbsp;<br \/>\n<a class=\"download-btn full\" href=\"https:\/\/www.unirufa.it\/es\/orientamento\/borse-di-studio-e-agevolazioni-economiche\/borse-di-studio\/#master\" target=\"_blank\" rel=\"noopener noreferrer\">Lea la convocatoria y presente su candidatura<\/a><br \/>\n&nbsp;","protected":false},"excerpt":{"rendered":"<p>&nbsp; DURACI\u00d3N DEL MASTER > 12 MESESHORAS DE LECCI\u00d3N > 500 HORAS DE FORMACI\u00d3N > 250SOCIOS CULTURALES Y PRIVADOS > +100 PROYECTOS REALES > 5VISITING PROFESSORS > +20 &nbsp; Cursos anuales de perfeccionamiento. Innovaci\u00f3n, gesti\u00f3n, comunicaci\u00f3n. Arte, cine, dise\u00f1o. Oferta de formaci\u00f3n RUFA ofrece una serie de m\u00e1steres acad\u00e9micos de primer nivel, altamente profesionales e&#8230;<\/p>\n","protected":false},"author":1,"featured_media":50049,"parent":1253,"menu_order":0,"comment_status":"open","ping_status":"open","template":"page_generic-courses.php","meta":{"content-type":"","footnotes":""},"class_list":["post-1257","page","type-page","status-publish","has-post-thumbnail","hentry"],"yoast_head":"<!-- This site is optimized with the Yoast SEO plugin v24.2 - https:\/\/yoast.com\/wordpress\/plugins\/seo\/ -->\n<title>Master in Belle Arti a Roma - Accademia belle arti RUFA Master in Fine Arts in Rome - RUFA Fine Arts Academy - RUFA<\/title>\n<meta name=\"description\" content=\"Scopri il Master in Belle Arti a Roma - Accademia belle arti RUFA\" \/>\n<meta name=\"robots\" content=\"index, follow, max-snippet:-1, max-image-preview:large, max-video-preview:-1\" \/>\n<link rel=\"canonical\" href=\"https:\/\/www.unirufa.it\/offerta-formativa\/master-accademici\/\" \/>\n<meta property=\"og:locale\" content=\"es_ES\" \/>\n<meta property=\"og:type\" content=\"article\" \/>\n<meta property=\"og:title\" content=\"[:en]Master in Belle Arti a Roma - Accademia belle arti RUFA Master in Fine Arts in Rome - RUFA Fine Arts Academy - RUFA[:]\" \/>\n<meta property=\"og:description\" content=\"{:it}Scopri il Master in Belle Arti a Roma - Accademia belle arti RUFA{:en}Discover the Master in Fine Arts in Rome - RUFA Fine Arts Academy{:}\" \/>\n<meta property=\"og:url\" content=\"https:\/\/www.unirufa.it\/offerta-formativa\/master-accademici\/\" \/>\n<meta property=\"og:site_name\" content=\"RUFA - Rome University of Fine Arts\" \/>\n<meta property=\"article:modified_time\" content=\"2024-04-10T14:14:28+00:00\" \/>\n<meta property=\"og:image\" content=\"https:\/\/www.unirufa.it\/wp-content\/uploads\/2021\/08\/Master.jpg\" \/>\n\t<meta property=\"og:image:width\" content=\"1440\" \/>\n\t<meta property=\"og:image:height\" content=\"600\" \/>\n\t<meta property=\"og:image:type\" content=\"image\/jpeg\" \/>\n<meta name=\"twitter:label1\" content=\"Tiempo de lectura\" \/>\n\t<meta name=\"twitter:data1\" content=\"2 minutos\" \/>\n<script type=\"application\/ld+json\" class=\"yoast-schema-graph\">{\"@context\":\"https:\/\/schema.org\",\"@graph\":[{\"@type\":\"WebPage\",\"@id\":\"https:\/\/www.unirufa.it\/offerta-formativa\/master-accademici\/\",\"url\":\"https:\/\/www.unirufa.it\/offerta-formativa\/master-accademici\/\",\"name\":\"[:en]Master in Belle Arti a Roma - Accademia belle arti RUFA Master in Fine Arts in Rome - RUFA Fine Arts Academy - RUFA[:]\",\"isPartOf\":{\"@id\":\"https:\/\/www.unirufa.it\/#website\"},\"primaryImageOfPage\":{\"@id\":\"https:\/\/www.unirufa.it\/offerta-formativa\/master-accademici\/#primaryimage\"},\"image\":{\"@id\":\"https:\/\/www.unirufa.it\/offerta-formativa\/master-accademici\/#primaryimage\"},\"thumbnailUrl\":\"https:\/\/www.unirufa.it\/wp-content\/uploads\/2021\/08\/Master.jpg\",\"datePublished\":\"2013-07-02T15:49:09+00:00\",\"dateModified\":\"2024-04-10T14:14:28+00:00\",\"description\":\"{:it}Scopri il Master in Belle Arti a Roma - Accademia belle arti RUFA{:en}Discover the Master in Fine Arts in Rome - RUFA Fine Arts Academy{:}\",\"breadcrumb\":{\"@id\":\"https:\/\/www.unirufa.it\/offerta-formativa\/master-accademici\/#breadcrumb\"},\"inLanguage\":\"es\",\"potentialAction\":[{\"@type\":\"ReadAction\",\"target\":[\"https:\/\/www.unirufa.it\/offerta-formativa\/master-accademici\/\"]}]},{\"@type\":\"ImageObject\",\"inLanguage\":\"es\",\"@id\":\"https:\/\/www.unirufa.it\/offerta-formativa\/master-accademici\/#primaryimage\",\"url\":\"https:\/\/www.unirufa.it\/wp-content\/uploads\/2021\/08\/Master.jpg\",\"contentUrl\":\"https:\/\/www.unirufa.it\/wp-content\/uploads\/2021\/08\/Master.jpg\",\"width\":1440,\"height\":600,\"caption\":\"master accademia delle belle arti roma\"},{\"@type\":\"BreadcrumbList\",\"@id\":\"https:\/\/www.unirufa.it\/offerta-formativa\/master-accademici\/#breadcrumb\",\"itemListElement\":[{\"@type\":\"ListItem\",\"position\":1,\"name\":\"Home\",\"item\":\"https:\/\/www.unirufa.it\/\"},{\"@type\":\"ListItem\",\"position\":2,\"name\":\"Offerta formativa\",\"item\":\"https:\/\/www.unirufa.it\/offerta-formativa\/\"},{\"@type\":\"ListItem\",\"position\":3,\"name\":\"Master accademici\"}]},{\"@type\":\"WebSite\",\"@id\":\"https:\/\/www.unirufa.it\/#website\",\"url\":\"https:\/\/www.unirufa.it\/\",\"name\":\"RUFA - Rome University of Fine Arts\",\"description\":\"\",\"potentialAction\":[{\"@type\":\"SearchAction\",\"target\":{\"@type\":\"EntryPoint\",\"urlTemplate\":\"https:\/\/www.unirufa.it\/?s={search_term_string}\"},\"query-input\":{\"@type\":\"PropertyValueSpecification\",\"valueRequired\":true,\"valueName\":\"search_term_string\"}}],\"inLanguage\":\"es\"}]}<\/script>\n<!-- \/ Yoast SEO plugin. -->","yoast_head_json":{"title":"Master in Belle Arti a Roma - Accademia belle arti RUFA Master in Fine Arts in Rome - RUFA Fine Arts Academy - RUFA","description":"Scopri il Master in Belle Arti a Roma - Accademia belle arti RUFA","robots":{"index":"index","follow":"follow","max-snippet":"max-snippet:-1","max-image-preview":"max-image-preview:large","max-video-preview":"max-video-preview:-1"},"canonical":"https:\/\/www.unirufa.it\/offerta-formativa\/master-accademici\/","og_locale":"es_ES","og_type":"article","og_title":"[:en]Master in Belle Arti a Roma - Accademia belle arti RUFA Master in Fine Arts in Rome - RUFA Fine Arts Academy - RUFA[:]","og_description":"{:it}Scopri il Master in Belle Arti a Roma - Accademia belle arti RUFA{:en}Discover the Master in Fine Arts in Rome - RUFA Fine Arts Academy{:}","og_url":"https:\/\/www.unirufa.it\/offerta-formativa\/master-accademici\/","og_site_name":"RUFA - Rome University of Fine Arts","article_modified_time":"2024-04-10T14:14:28+00:00","og_image":[{"width":1440,"height":600,"url":"https:\/\/www.unirufa.it\/wp-content\/uploads\/2021\/08\/Master.jpg","type":"image\/jpeg"}],"twitter_misc":{"Tiempo de lectura":"2 minutos"},"schema":{"@context":"https:\/\/schema.org","@graph":[{"@type":"WebPage","@id":"https:\/\/www.unirufa.it\/offerta-formativa\/master-accademici\/","url":"https:\/\/www.unirufa.it\/offerta-formativa\/master-accademici\/","name":"[:en]Master in Belle Arti a Roma - Accademia belle arti RUFA Master in Fine Arts in Rome - RUFA Fine Arts Academy - RUFA[:]","isPartOf":{"@id":"https:\/\/www.unirufa.it\/#website"},"primaryImageOfPage":{"@id":"https:\/\/www.unirufa.it\/offerta-formativa\/master-accademici\/#primaryimage"},"image":{"@id":"https:\/\/www.unirufa.it\/offerta-formativa\/master-accademici\/#primaryimage"},"thumbnailUrl":"https:\/\/www.unirufa.it\/wp-content\/uploads\/2021\/08\/Master.jpg","datePublished":"2013-07-02T15:49:09+00:00","dateModified":"2024-04-10T14:14:28+00:00","description":"{:it}Scopri il Master in Belle Arti a Roma - Accademia belle arti RUFA{:en}Discover the Master in Fine Arts in Rome - RUFA Fine Arts Academy{:}","breadcrumb":{"@id":"https:\/\/www.unirufa.it\/offerta-formativa\/master-accademici\/#breadcrumb"},"inLanguage":"es","potentialAction":[{"@type":"ReadAction","target":["https:\/\/www.unirufa.it\/offerta-formativa\/master-accademici\/"]}]},{"@type":"ImageObject","inLanguage":"es","@id":"https:\/\/www.unirufa.it\/offerta-formativa\/master-accademici\/#primaryimage","url":"https:\/\/www.unirufa.it\/wp-content\/uploads\/2021\/08\/Master.jpg","contentUrl":"https:\/\/www.unirufa.it\/wp-content\/uploads\/2021\/08\/Master.jpg","width":1440,"height":600,"caption":"master accademia delle belle arti roma"},{"@type":"BreadcrumbList","@id":"https:\/\/www.unirufa.it\/offerta-formativa\/master-accademici\/#breadcrumb","itemListElement":[{"@type":"ListItem","position":1,"name":"Home","item":"https:\/\/www.unirufa.it\/"},{"@type":"ListItem","position":2,"name":"Offerta formativa","item":"https:\/\/www.unirufa.it\/offerta-formativa\/"},{"@type":"ListItem","position":3,"name":"Master accademici"}]},{"@type":"WebSite","@id":"https:\/\/www.unirufa.it\/#website","url":"https:\/\/www.unirufa.it\/","name":"RUFA - Rome University of Fine Arts","description":"","potentialAction":[{"@type":"SearchAction","target":{"@type":"EntryPoint","urlTemplate":"https:\/\/www.unirufa.it\/?s={search_term_string}"},"query-input":{"@type":"PropertyValueSpecification","valueRequired":true,"valueName":"search_term_string"}}],"inLanguage":"es"}]}},"_links":{"self":[{"href":"https:\/\/www.unirufa.it\/es\/wp-json\/wp\/v2\/pages\/1257","targetHints":{"allow":["GET"]}}],"collection":[{"href":"https:\/\/www.unirufa.it\/es\/wp-json\/wp\/v2\/pages"}],"about":[{"href":"https:\/\/www.unirufa.it\/es\/wp-json\/wp\/v2\/types\/page"}],"author":[{"embeddable":true,"href":"https:\/\/www.unirufa.it\/es\/wp-json\/wp\/v2\/users\/1"}],"replies":[{"embeddable":true,"href":"https:\/\/www.unirufa.it\/es\/wp-json\/wp\/v2\/comments?post=1257"}],"version-history":[{"count":48,"href":"https:\/\/www.unirufa.it\/es\/wp-json\/wp\/v2\/pages\/1257\/revisions"}],"predecessor-version":[{"id":128861,"href":"https:\/\/www.unirufa.it\/es\/wp-json\/wp\/v2\/pages\/1257\/revisions\/128861"}],"up":[{"embeddable":true,"href":"https:\/\/www.unirufa.it\/es\/wp-json\/wp\/v2\/pages\/1253"}],"wp:featuredmedia":[{"embeddable":true,"href":"https:\/\/www.unirufa.it\/es\/wp-json\/wp\/v2\/media\/50049"}],"wp:attachment":[{"href":"https:\/\/www.unirufa.it\/es\/wp-json\/wp\/v2\/media?parent=1257"}],"curies":[{"name":"wp","href":"https:\/\/api.w.org\/{rel}","templated":true}]}}