


{"id":1263,"date":"2013-01-02T16:32:23","date_gmt":"2013-01-02T15:32:23","guid":{"rendered":"http:\/\/www.unirufa.it\/?page_id=1263"},"modified":"2024-11-05T10:45:16","modified_gmt":"2024-11-05T09:45:16","slug":"summer-academy","status":"publish","type":"page","link":"https:\/\/www.unirufa.it\/es\/offerta-formativa\/summer-academy\/","title":{"rendered":"Cursos de la Summer Academy"},"content":{"rendered":"<div class=\"row\">\n<div class=\"col-lg-10\">\n<h4>Los cursos de la Academia de Verano RUFA tienen como objetivo ofrecer una amplia gama de oportunidades para aprender y practicar las artes, el dise\u00f1o y la comunicaci\u00f3n, y tendr\u00e1 lugar en Roma en junio y julio. Nuestra Academia de Verano comprende una serie de programas diferentes.<\/h4>\n<\/div>\n<\/div>\n\n&nbsp;<\/p>\n<h3>La Academia de Verano ofrece m\u00faltiples programas de verano para todas las edades e intereses. Desc\u00fabrelos todos:<\/h3>\n<div class=\"row\">\n<div class=\"col-lg-6\">\n<div class=\"embed-responsive embed-responsive-16by9\" style=\"margin: 10px 0px 0px 0px;\"><iframe loading=\"lazy\" src=\"https:\/\/www.youtube-nocookie.com\/embed\/F4IiPm3pc9k?si=vKjRBWccvYbRU8Ag\" width=\"560\" height=\"315\" frameborder=\"0\" allowfullscreen=\"allowfullscreen\"><\/iframe><\/div>\n<\/div>\n<div class=\"col-lg-6\">\n<div class=\"embed-responsive embed-responsive-16by9\" style=\"margin: 10px 0px 0px 0px;\"><iframe loading=\"lazy\" src=\"https:\/\/www.youtube-nocookie.com\/embed\/_5abY2J_RNo?si=Ao0YATRiLRwzkmJc\" width=\"560\" height=\"315\" frameborder=\"0\" allowfullscreen=\"allowfullscreen\"><\/iframe><\/div>\n<\/div>\n<\/div>\n<div class=\"row\">\n<div class=\"col-lg-6\" style=\"background-color:#000000; padding: 20px; margin: 10px 0px 0px 0px;\">\n<h3><font color=\"#6affe5\">Creative Summer Camp \/ 2 semanas \/ Edad 16+<\/font><\/h3>\n<p><font color=\"#ffffff\">Es un programa de inmersi\u00f3n total para introducir a los estudiantes de secundaria en todos los campos creativos que exploramos en RUFA: dibujo, pintura, dise\u00f1o, fotograf\u00eda, cine y cultura italiana. Este programa les ayudar\u00e1 a descubrir lo que realmente les gusta.<\/font>\n<\/div>\n<div class=\"col-lg-6\" style=\"background-color:#000000; padding: 20px; margin: 10px 0px 0px 0px;\">\n<h3><font color=\"#6affe5\">Creative Laboratory \/ 1 semana \/ Adultos 18+<\/font><\/h3>\n<p><font color=\"#ffffff\">La RUFA acoger\u00e1 diversos talleres avanzados para que estudiantes universitarios y adultos profundicen en pr\u00e1cticas espec\u00edficas a trav\u00e9s de programas ad hoc con artistas y profesionales de primera fila. Cada taller dura una semana y se pueden combinar m\u00e1s talleres entre s\u00ed.<\/font><\/p>\n<\/div>\n<\/div>\n<p>&nbsp;<br \/>\n&nbsp;","protected":false},"excerpt":{"rendered":"<p>Los cursos de la Academia de Verano RUFA tienen como objetivo ofrecer una amplia gama de oportunidades para aprender y practicar las artes, el dise\u00f1o y la comunicaci\u00f3n, y tendr\u00e1 lugar en Roma en junio y julio. Nuestra Academia de Verano comprende una serie de programas diferentes. &nbsp; La Academia de Verano ofrece m\u00faltiples programas&#8230;<\/p>\n","protected":false},"author":1,"featured_media":123956,"parent":1253,"menu_order":3,"comment_status":"closed","ping_status":"closed","template":"page_generic-courses.php","meta":{"content-type":"","footnotes":""},"class_list":["post-1263","page","type-page","status-publish","has-post-thumbnail","hentry"],"yoast_head":"<!-- This site is optimized with the Yoast SEO plugin v24.2 - https:\/\/yoast.com\/wordpress\/plugins\/seo\/ -->\n<title>Corsi Summer Academy a Roma - RUFA<\/title>\n<meta name=\"description\" content=\"Esplora i corsi estivi RUFA 2024. Approfondisci arte, design e comunicazione nel campus RUFA a giugno e luglio\" \/>\n<meta name=\"robots\" content=\"index, follow, max-snippet:-1, max-image-preview:large, max-video-preview:-1\" \/>\n<link rel=\"canonical\" href=\"https:\/\/www.unirufa.it\/offerta-formativa\/summer-academy\/\" \/>\n<meta property=\"og:locale\" content=\"es_ES\" \/>\n<meta property=\"og:type\" content=\"article\" \/>\n<meta property=\"og:title\" content=\"[:it]Corsi Summer Academy a Roma - RUFA[:en]Summer Academy Courses - RUFA[:]\" \/>\n<meta property=\"og:description\" content=\"{:it}Esplora i corsi estivi RUFA 2024. Approfondisci arte, design e comunicazione nel campus RUFA a giugno e luglio{:}\" \/>\n<meta property=\"og:url\" content=\"https:\/\/www.unirufa.it\/offerta-formativa\/summer-academy\/\" \/>\n<meta property=\"og:site_name\" content=\"RUFA - Rome University of Fine Arts\" \/>\n<meta property=\"article:modified_time\" content=\"2024-11-05T09:45:16+00:00\" \/>\n<meta property=\"og:image\" content=\"https:\/\/www.unirufa.it\/wp-content\/uploads\/2024\/02\/SUMMER_ACADEMY_INTERIOR-DESIGN_1440X600.jpg\" \/>\n\t<meta property=\"og:image:width\" content=\"1441\" \/>\n\t<meta property=\"og:image:height\" content=\"601\" \/>\n\t<meta property=\"og:image:type\" content=\"image\/jpeg\" \/>\n<meta name=\"twitter:label1\" content=\"Tiempo de lectura\" \/>\n\t<meta name=\"twitter:data1\" content=\"7 minutos\" \/>\n<script type=\"application\/ld+json\" class=\"yoast-schema-graph\">{\"@context\":\"https:\/\/schema.org\",\"@graph\":[{\"@type\":\"WebPage\",\"@id\":\"https:\/\/www.unirufa.it\/offerta-formativa\/summer-academy\/\",\"url\":\"https:\/\/www.unirufa.it\/offerta-formativa\/summer-academy\/\",\"name\":\"[:it]Corsi Summer Academy a Roma - RUFA[:en]Summer Academy Courses - RUFA[:]\",\"isPartOf\":{\"@id\":\"https:\/\/www.unirufa.it\/#website\"},\"primaryImageOfPage\":{\"@id\":\"https:\/\/www.unirufa.it\/offerta-formativa\/summer-academy\/#primaryimage\"},\"image\":{\"@id\":\"https:\/\/www.unirufa.it\/offerta-formativa\/summer-academy\/#primaryimage\"},\"thumbnailUrl\":\"https:\/\/www.unirufa.it\/wp-content\/uploads\/2024\/02\/SUMMER_ACADEMY_INTERIOR-DESIGN_1440X600.jpg\",\"datePublished\":\"2013-01-02T15:32:23+00:00\",\"dateModified\":\"2024-11-05T09:45:16+00:00\",\"description\":\"{:it}Esplora i corsi estivi RUFA 2024. Approfondisci arte, design e comunicazione nel campus RUFA a giugno e luglio{:}\",\"breadcrumb\":{\"@id\":\"https:\/\/www.unirufa.it\/offerta-formativa\/summer-academy\/#breadcrumb\"},\"inLanguage\":\"es\",\"potentialAction\":[{\"@type\":\"ReadAction\",\"target\":[\"https:\/\/www.unirufa.it\/offerta-formativa\/summer-academy\/\"]}]},{\"@type\":\"ImageObject\",\"inLanguage\":\"es\",\"@id\":\"https:\/\/www.unirufa.it\/offerta-formativa\/summer-academy\/#primaryimage\",\"url\":\"https:\/\/www.unirufa.it\/wp-content\/uploads\/2024\/02\/SUMMER_ACADEMY_INTERIOR-DESIGN_1440X600.jpg\",\"contentUrl\":\"https:\/\/www.unirufa.it\/wp-content\/uploads\/2024\/02\/SUMMER_ACADEMY_INTERIOR-DESIGN_1440X600.jpg\",\"width\":1441,\"height\":601,\"caption\":\"SUMMER_ACADEMY_INTERIOR-DESIGN_1440X600\"},{\"@type\":\"BreadcrumbList\",\"@id\":\"https:\/\/www.unirufa.it\/offerta-formativa\/summer-academy\/#breadcrumb\",\"itemListElement\":[{\"@type\":\"ListItem\",\"position\":1,\"name\":\"Home\",\"item\":\"https:\/\/www.unirufa.it\/\"},{\"@type\":\"ListItem\",\"position\":2,\"name\":\"Offerta formativa\",\"item\":\"https:\/\/www.unirufa.it\/offerta-formativa\/\"},{\"@type\":\"ListItem\",\"position\":3,\"name\":\"Corsi Summer Academy\"}]},{\"@type\":\"WebSite\",\"@id\":\"https:\/\/www.unirufa.it\/#website\",\"url\":\"https:\/\/www.unirufa.it\/\",\"name\":\"RUFA - Rome University of Fine Arts\",\"description\":\"\",\"potentialAction\":[{\"@type\":\"SearchAction\",\"target\":{\"@type\":\"EntryPoint\",\"urlTemplate\":\"https:\/\/www.unirufa.it\/?s={search_term_string}\"},\"query-input\":{\"@type\":\"PropertyValueSpecification\",\"valueRequired\":true,\"valueName\":\"search_term_string\"}}],\"inLanguage\":\"es\"}]}<\/script>\n<!-- \/ Yoast SEO plugin. -->","yoast_head_json":{"title":"Corsi Summer Academy a Roma - RUFA","description":"Esplora i corsi estivi RUFA 2024. Approfondisci arte, design e comunicazione nel campus RUFA a giugno e luglio","robots":{"index":"index","follow":"follow","max-snippet":"max-snippet:-1","max-image-preview":"max-image-preview:large","max-video-preview":"max-video-preview:-1"},"canonical":"https:\/\/www.unirufa.it\/offerta-formativa\/summer-academy\/","og_locale":"es_ES","og_type":"article","og_title":"[:it]Corsi Summer Academy a Roma - RUFA[:en]Summer Academy Courses - RUFA[:]","og_description":"{:it}Esplora i corsi estivi RUFA 2024. Approfondisci arte, design e comunicazione nel campus RUFA a giugno e luglio{:}","og_url":"https:\/\/www.unirufa.it\/offerta-formativa\/summer-academy\/","og_site_name":"RUFA - Rome University of Fine Arts","article_modified_time":"2024-11-05T09:45:16+00:00","og_image":[{"width":1441,"height":601,"url":"https:\/\/www.unirufa.it\/wp-content\/uploads\/2024\/02\/SUMMER_ACADEMY_INTERIOR-DESIGN_1440X600.jpg","type":"image\/jpeg"}],"twitter_misc":{"Tiempo de lectura":"7 minutos"},"schema":{"@context":"https:\/\/schema.org","@graph":[{"@type":"WebPage","@id":"https:\/\/www.unirufa.it\/offerta-formativa\/summer-academy\/","url":"https:\/\/www.unirufa.it\/offerta-formativa\/summer-academy\/","name":"[:it]Corsi Summer Academy a Roma - RUFA[:en]Summer Academy Courses - RUFA[:]","isPartOf":{"@id":"https:\/\/www.unirufa.it\/#website"},"primaryImageOfPage":{"@id":"https:\/\/www.unirufa.it\/offerta-formativa\/summer-academy\/#primaryimage"},"image":{"@id":"https:\/\/www.unirufa.it\/offerta-formativa\/summer-academy\/#primaryimage"},"thumbnailUrl":"https:\/\/www.unirufa.it\/wp-content\/uploads\/2024\/02\/SUMMER_ACADEMY_INTERIOR-DESIGN_1440X600.jpg","datePublished":"2013-01-02T15:32:23+00:00","dateModified":"2024-11-05T09:45:16+00:00","description":"{:it}Esplora i corsi estivi RUFA 2024. Approfondisci arte, design e comunicazione nel campus RUFA a giugno e luglio{:}","breadcrumb":{"@id":"https:\/\/www.unirufa.it\/offerta-formativa\/summer-academy\/#breadcrumb"},"inLanguage":"es","potentialAction":[{"@type":"ReadAction","target":["https:\/\/www.unirufa.it\/offerta-formativa\/summer-academy\/"]}]},{"@type":"ImageObject","inLanguage":"es","@id":"https:\/\/www.unirufa.it\/offerta-formativa\/summer-academy\/#primaryimage","url":"https:\/\/www.unirufa.it\/wp-content\/uploads\/2024\/02\/SUMMER_ACADEMY_INTERIOR-DESIGN_1440X600.jpg","contentUrl":"https:\/\/www.unirufa.it\/wp-content\/uploads\/2024\/02\/SUMMER_ACADEMY_INTERIOR-DESIGN_1440X600.jpg","width":1441,"height":601,"caption":"SUMMER_ACADEMY_INTERIOR-DESIGN_1440X600"},{"@type":"BreadcrumbList","@id":"https:\/\/www.unirufa.it\/offerta-formativa\/summer-academy\/#breadcrumb","itemListElement":[{"@type":"ListItem","position":1,"name":"Home","item":"https:\/\/www.unirufa.it\/"},{"@type":"ListItem","position":2,"name":"Offerta formativa","item":"https:\/\/www.unirufa.it\/offerta-formativa\/"},{"@type":"ListItem","position":3,"name":"Corsi Summer Academy"}]},{"@type":"WebSite","@id":"https:\/\/www.unirufa.it\/#website","url":"https:\/\/www.unirufa.it\/","name":"RUFA - Rome University of Fine Arts","description":"","potentialAction":[{"@type":"SearchAction","target":{"@type":"EntryPoint","urlTemplate":"https:\/\/www.unirufa.it\/?s={search_term_string}"},"query-input":{"@type":"PropertyValueSpecification","valueRequired":true,"valueName":"search_term_string"}}],"inLanguage":"es"}]}},"_links":{"self":[{"href":"https:\/\/www.unirufa.it\/es\/wp-json\/wp\/v2\/pages\/1263","targetHints":{"allow":["GET"]}}],"collection":[{"href":"https:\/\/www.unirufa.it\/es\/wp-json\/wp\/v2\/pages"}],"about":[{"href":"https:\/\/www.unirufa.it\/es\/wp-json\/wp\/v2\/types\/page"}],"author":[{"embeddable":true,"href":"https:\/\/www.unirufa.it\/es\/wp-json\/wp\/v2\/users\/1"}],"replies":[{"embeddable":true,"href":"https:\/\/www.unirufa.it\/es\/wp-json\/wp\/v2\/comments?post=1263"}],"version-history":[{"count":221,"href":"https:\/\/www.unirufa.it\/es\/wp-json\/wp\/v2\/pages\/1263\/revisions"}],"predecessor-version":[{"id":139457,"href":"https:\/\/www.unirufa.it\/es\/wp-json\/wp\/v2\/pages\/1263\/revisions\/139457"}],"up":[{"embeddable":true,"href":"https:\/\/www.unirufa.it\/es\/wp-json\/wp\/v2\/pages\/1253"}],"wp:featuredmedia":[{"embeddable":true,"href":"https:\/\/www.unirufa.it\/es\/wp-json\/wp\/v2\/media\/123956"}],"wp:attachment":[{"href":"https:\/\/www.unirufa.it\/es\/wp-json\/wp\/v2\/media?parent=1263"}],"curies":[{"name":"wp","href":"https:\/\/api.w.org\/{rel}","templated":true}]}}