


{"id":1278,"date":"2013-07-03T08:07:44","date_gmt":"2013-07-03T08:07:44","guid":{"rendered":"http:\/\/www.unirufa.it\/?page_id=1278"},"modified":"2026-04-02T15:39:52","modified_gmt":"2026-04-02T13:39:52","slug":"progetto-erasmus","status":"publish","type":"page","link":"https:\/\/www.unirufa.it\/es\/info-studenti\/progetto-erasmus\/","title":{"rendered":"Programa ERASMUS+"},"content":{"rendered":"<h3>Promotores de intercambios culturales.<\/h3>\n<p>Erasmus+ (2021-2027) es el programa de la Uni\u00f3n Europea que apoya la educaci\u00f3n, la formaci\u00f3n, la juventud y el deporte, permitiendo a los estudiantes universitarios beneficiarse de una beca Erasmus en una o m\u00e1s universidades comunitarias dentro del mismo ciclo de estudios, hasta un m\u00e1ximo total de 12 meses. El programa fomenta el aprendizaje y la comprensi\u00f3n de la cultura del pa\u00eds anfitri\u00f3n, promoviendo un sentido de integraci\u00f3n entre estudiantes de diferentes pa\u00edses.<\/p>\n<p>El intercambio educativo europeo para estudiantes, profesores y personal caracteriza la formaci\u00f3n de RUFA, que ha participado en el Proyecto Erasmus desde el curso acad\u00e9mico 2011 \u2013 2012.<\/p>\n<p><a class=\"download-btn\" href=\"https:\/\/www.unirufa.it\/wp-content\/uploads\/2019\/12\/Rufa-Carta-Erasmus-2014-2020.pdf\" target=\"_blank\" rel=\"noopener noreferrer\">Carta Erasmus de Rufa 2014 \u2013 2020<\/a><a class=\"download-btn\" href=\"https:\/\/www.unirufa.it\/wp-content\/uploads\/2021\/04\/Carta-Erasmus-2021-2027.pdf\" target=\"_blank\" rel=\"noopener noreferrer\">Carta Erasmus de Rufa 2021 \u2013 2027<\/a><a class=\"download-btn\" href=\"https:\/\/www.unirufa.it\/wp-content\/uploads\/2022\/04\/ERASMUS-POLICY-STATEMENT-.pdf\" target=\"_blank\" rel=\"noopener noreferrer\">Declaraci\u00f3n de Pol\u00edtica Erasmus 2014 &#8211; 2020<\/a><a class=\"download-btn\" href=\"https:\/\/www.unirufa.it\/wp-content\/uploads\/2021\/04\/Erasmus-Policy-Statement-2021-2027.pdf\" target=\"_blank\" rel=\"noopener noreferrer\">Declaraci\u00f3n de Pol\u00edtica Erasmus 2021 &#8211; 2027<\/a><br \/>\n&nbsp;<\/p>\n<h3>Descubre nuestras instituciones asociadas<\/h3>\n\n<p>&nbsp;<br \/>\n<a href=\"https:\/\/www.unirufa.it\/sedi-partner\/\"><strong>Lista de instituciones asociadas<\/strong><\/a><br \/>\n&nbsp;<\/p>\n<h3>SALIENTES<\/h3>\n\n    <div class=\"panel-group\" id=\"accordion\" role=\"tablist\" aria-multiselectable=\"true\">\n        \n\n<article class=\"panel panel-default\" role=\"article\" itemscope itemtype=\"http:\/\/schema.org\/BlogPosting\">\n    <div class=\"panel-heading\" role=\"tab\" id=\"heading1\">\n\t    <h4 class=\"panel-title\">\n\t        <a class=\"collapsed\" role=\"button\" data-toggle=\"collapse\" data-parent=\"#accordion\" href=\"#collapse1\" aria-expanded=\"false\" aria-controls=\"collapse1\" itemprop=\"headline\"><strong>ESTUDIANTES RUFA<\/strong> SALIENTES\t        \t<span class=\"courses\">\n                 \n\t        \t<\/span>\n\t        <\/a>\n\t    <\/h4>\n\t<\/div>\n<\/article>\n\n    <div id=\"collapse1\" class=\"panel-collapse collapse \" role=\"tabpanel\" aria-labelledby=\"heading1\">\n        <div class=\"panel-body\" itemprop=\"articleBody\">\n            <div class=\"item-description\">\n                \n<div class=\"hidden-xs hidden-sm hidden-md hidden-lg hidden-xl\">\n<h3>\u00bfEst\u00e1s interesado en una experiencia de <a href=\"#study\"><strong>Estudio<\/strong><\/a> o <a href=\"#internship\"><strong>Pr\u00e1cticas<\/strong><\/a>?<\/h3>\n<p>Lorem ipsum dolor sit amet, consectetur adipiscing elit. Suspendisse aliquet vitae leo rutrum tincidunt. Orci varius natoque penatibus et magnis dis parturient montes, nascetur ridiculus mus. Curabitur nulla dolor, molestie sit amet.<\/p>\n<p>&nbsp;\n<\/p><\/div>\n<h3><span style=\"background-color: black; color: white;\"><b>ERASMUS+ ESTUDIO<\/b><\/span><\/h3>\n<p><a class=\"download-btn\" href=\"https:\/\/drive.google.com\/file\/d\/1n_u0oB0N_LwboT9evqU-9RDNpQjGDKT2\/view?usp=drive_link\" target=\"_blank\" rel=\"noopener noreferrer\">Presentaci\u00f3n de la convocatoria Erasmus+ ESTUDIO 2026\/2027<\/a><a class=\"download-btn\" href=\"https:\/\/drive.google.com\/file\/d\/19cA_k4zeZ1KqsIBiPsxJeEPDekQIhoqZ\/view?usp=drive_link\" target=\"_blank\" rel=\"noopener noreferrer\">CONVOCATORIA ERASMUS+ ESTUDIO A.A. 2026\/2027<\/a><\/p>\n<h4>Lista de documentos a presentar al momento de la solicitud Erasmus+<\/h4>\n<p>&#8211; Carta de motivaci\u00f3n personal (m\u00e1x. 3 universidades);<br \/>\n&#8211; Captura de pantalla del \u00e1rea reservada que incluya cr\u00e9ditos, ex\u00e1menes aprobados y promedio ponderado;<br \/>\n&#8211; Portafolio de trabajos personales (Portafolio Digital) a enviar mediante <a href=\"http:\/\/www.wetransfer.com\">www.wetransfer.com<\/a>.<br \/>\n&#8211; Autodeclaraci\u00f3n firmada y fechada o certificaci\u00f3n oficial (en caso de solicitud por parte de la Instituci\u00f3n Asociada) del nivel de conocimiento del idioma del pa\u00eds anfitri\u00f3n o del ingl\u00e9s.<\/p>\n<h4>Enlaces \u00fatiles para la presentaci\u00f3n de la solicitud<\/h4>\n<p><a class=\"download-link\" href=\"https:\/\/drive.google.com\/file\/d\/19m7sG421dzUZEuvfJzwBiJ2_vGsMp73R\/view?usp=drive_link\" target=\"_blank\" rel=\"noopener noreferrer\">Descargar la Solicitud de Beca de Movilidad Estudiantil (Anexo I)<\/a><\/p>\n<p><a class=\"download-link\" href=\"https:\/\/europass.cedefop.europa.eu\/editors\/es\/cv\/upload\">Crea tu CV Europass<\/a><\/p>\n<p>&nbsp;<\/p>\n<h3><span style=\"background-color: black; color: white;\"><b>ERASMUS+ PR\u00c1CTICAS<\/b><\/span><\/h3>\n<p><a class=\"download-btn full\" href=\"https:\/\/www.unirufa.it\/wp-content\/uploads\/2025\/07\/v2_Mod.-05-08-AC-call-for-grants-traineeship-placement-a.y.-2025-2027.pdf\" target=\"_blank\" rel=\"noopener noreferrer\">CONVOCATORIA ERASMUS+ PR\u00c1CTICAS A.A. 2025\/2027<\/a><\/p>\n<h4>Lista de documentos a presentar al momento de la solicitud Erasmus+<\/h4>\n<h4>Enlaces \u00fatiles para la presentaci\u00f3n de la solicitud<\/h4>\n<p><a class=\"download-link\" href=\"https:\/\/www.unirufa.it\/wp-content\/uploads\/2025\/07\/Mod.-05-08-CA-eng-outgoing-Erasmusstudy-mobility-application-eng.pdf\">Descargar la solicitud de movilidad Erasmus+ <strong>pr\u00e1cticas<\/strong><\/a><\/p>\n<p><em>Toda la informaci\u00f3n relacionada con los documentos a presentar en la Oficina Erasmus al momento de la solicitud est\u00e1 indicada en la Convocatoria. En los siguientes enlaces puedes consultar el <a href=\"https:\/\/www.unirufa.it\/wp-content\/uploads\/2019\/02\/20180712_informativa_erasmus_studente.pdf\" target=\"_blank\" rel=\"noopener noreferrer\"><strong>aviso de privacidad para estudiantes<\/strong><\/a>.<\/em><\/p>\n<h4>Documentos necesarios para completar el procedimiento despu\u00e9s de la asignaci\u00f3n de la ubicaci\u00f3n<\/h4>\n<p>Acuerdo Instituto\/Estudiante (Anexo V) <small>(a acordar personalmente entre el Instituto y el estudiante antes de la salida)<\/small><\/p>\n<div class=\"hidden-xs hidden-sm hidden-md hidden-lg hidden-xl\">\n<a class=\"download-btn full text-uppercase\" href=\"https:\/\/www.unirufa.it\/wp-content\/uploads\/2023\/07\/Mod.-05-08-CC-Graduatoria-idoneita-studenti-Rufa-bando-tirocinio-erasmus.pdf\" target=\"_blank\" rel=\"noopener noreferrer\">Lista de clasificaci\u00f3n Erasmus+ pr\u00e1cticas\/colocaci\u00f3n A.A. 2023\/2025<\/a>\n<\/div>\n            <\/div>\n        <\/div>\n    <\/div>\n    \n\n<article class=\"panel panel-default\" role=\"article\" itemscope itemtype=\"http:\/\/schema.org\/BlogPosting\">\n    <div class=\"panel-heading\" role=\"tab\" id=\"heading2\">\n\t    <h4 class=\"panel-title\">\n\t        <a class=\"collapsed\" role=\"button\" data-toggle=\"collapse\" data-parent=\"#accordion\" href=\"#collapse2\" aria-expanded=\"false\" aria-controls=\"collapse2\" itemprop=\"headline\"><strong>PERSONAL RUFA<\/strong> SALIENTES\t        \t<span class=\"courses\">\n                 \n\t        \t<\/span>\n\t        <\/a>\n\t    <\/h4>\n\t<\/div>\n<\/article>\n\n    <div id=\"collapse2\" class=\"panel-collapse collapse \" role=\"tabpanel\" aria-labelledby=\"heading2\">\n        <div class=\"panel-body\" itemprop=\"articleBody\">\n            <div class=\"item-description\">\n                \n<p><a class=\"download-btn\" href=\"https:\/\/drive.google.com\/file\/d\/1s8GTzQ5WmWk7fBXWb8u58qQytbeZaX87\/view?usp=drive_link\" target=\"_blank\" rel=\"noopener noreferrer\">CONVOCATORIA ERASMUS+ PARA PERSONAL A\u00d1O ACAD\u00c9MICO 2025\/2026<\/a><\/p>\n<p><em>Toda la informaci\u00f3n relativa a los documentos que deben presentarse en la Oficina Erasmus durante el proceso de solicitud se indica en la Convocatoria. En los siguientes enlaces, puedes consultar la <a href=\"https:\/\/www.unirufa.it\/wp-content\/uploads\/2019\/02\/20180712_informativa_erasmus_docente_e_staff.pdf\" target=\"_blank\" rel=\"noopener noreferrer\"><strong>aviso de privacidad para profesores y personal<\/strong><\/a>.<\/em><\/p>\n<h4>Formularios de movilidad del personal<\/h4>\n<p><a class=\"download-link\" href=\"https:\/\/drive.google.com\/file\/d\/12QfFuiB2z4YwGin1b7U7Ssp-VA_LAGfW\/view?usp=drive_link\" target=\"_blank\" rel=\"noopener noreferrer\">Formulario de solicitud para beca de profesores\/personal (2026\/2026) &#8211; Anexo A<\/a><br \/>\n<a class=\"download-link\" href=\"https:\/\/docs.google.com\/document\/d\/1WrfK-Kns-u3JRl3MC9FYvzsMAwF2gjIp\/edit?usp=drive_link&#038;ouid=105236656140140024267&#038;rtpof=true&#038;sd=true\">Movilidad de docencia<\/a><br \/>\n<a class=\"download-link\" href=\"https:\/\/docs.google.com\/document\/d\/1ctF2hhQVcfNPFyRtioIPCeyoFMfM343_\/edit?usp=drive_link&#038;ouid=105236656140140024267&#038;rtpof=true&#038;sd=true\" target=\"_blank\" rel=\"noopener noreferrer\">Movilidad de formaci\u00f3n<\/a><br \/>\n            <\/div>\n        <\/div>\n    <\/div>\n    \n    <\/div>\n    \n<p>&nbsp;<\/p>\n<h3>ENTRANTES<\/h3>\n\n    <div class=\"panel-group\" id=\"accordion\" role=\"tablist\" aria-multiselectable=\"true\">\n        \n\n<article class=\"panel panel-default\" role=\"article\" itemscope itemtype=\"http:\/\/schema.org\/BlogPosting\">\n    <div class=\"panel-heading\" role=\"tab\" id=\"heading3\">\n\t    <h4 class=\"panel-title\">\n\t        <a class=\"collapsed\" role=\"button\" data-toggle=\"collapse\" data-parent=\"#accordion\" href=\"#collapse3\" aria-expanded=\"false\" aria-controls=\"collapse3\" itemprop=\"headline\">ESTUDIANTES ENTRANTES\t        \t<span class=\"courses\">\n                 \n\t        \t<\/span>\n\t        <\/a>\n\t    <\/h4>\n\t<\/div>\n<\/article>\n\n    <div id=\"collapse3\" class=\"panel-collapse collapse \" role=\"tabpanel\" aria-labelledby=\"heading3\">\n        <div class=\"panel-body\" itemprop=\"articleBody\">\n            <div class=\"item-description\">\n                \n<h4>Plazos para solicitudes de estudiantes entrantes<\/h4>\n<p>1er semestre: 16 de mayo de 2025<br \/>\n2do semestre: 14 de noviembre de 2025<\/p>\n<h4>Plazo de nominaci\u00f3n<\/h4>\n<p>1er semestre: 15 de abril de 2025<br \/>\n2do semestre: 15 de octubre de 2025<\/p>\n<h4>LOS ESTUDIANTES ENTRANTES DEBEN SER NOMINADOS POR LA INSTITUCI\u00d3N ASOCIADA DE ORIGEN.<\/h4>\n<p>S\u00f3lo se procesar\u00e1n las nominaciones de las instituciones asociadas.<\/p>\n<h4>Calendario acad\u00e9mico de RUFA<\/h4>\n<h5>Estas son las fechas aproximadas<\/h5>\n<p>Semestres<br \/>\n1er semestre: mediados de octubre de 2025 \u2013 finales de febrero de 2026<br \/>\n2do semestre: mediados de marzo de 2026 \u2013 mediados de julio de 2026<\/p>\n<h4>Lista de documentos a presentar por los estudiantes entrantes<\/h4>\n<p>&#8211; Documento de identidad<br \/>\n&#8211; Curr\u00edculum vitae EN<br \/>\n&#8211; Carta de motivaci\u00f3n<br \/>\n&#8211; Portafolio<br \/>\n&#8211; Plan de estudios del estudiante en la Instituci\u00f3n de Origen\/Historial acad\u00e9mico<\/p>\n<h4>Enlaces \u00fatiles para la presentaci\u00f3n de la solicitud<\/h4>\n<p><a class=\"download-link\" href=\"https:\/\/www.unirufa.it\/wp-content\/uploads\/2025\/04\/Mod.-05-08-FA-OK-A.Y.-Rufa-Erasmus-Incoming-student_s-application-form.pdf\" target=\"_blank\" rel=\"noopener noreferrer\">Formulario de solicitud A\u00f1o Acad\u00e9mico 2025-2026<\/a><br \/>\n<a class=\"download-link\" href=\"https:\/\/europass.cedefop.europa.eu\/editors\/es\/cv\/compose\" target=\"_blank\" rel=\"noopener noreferrer\">Crea tu CV Europass<\/a><br \/>\n<a class=\"download-btn full\" href=\"https:\/\/www.unirufa.it\/wp-content\/uploads\/2025\/11\/Course-guide-RUFA-a.a.-2025-2026-1-1.pdf\" target=\"_blank\" rel=\"noopener noreferrer\">Gu\u00eda de cursos RUFA 2025\/2026 (eng)<\/a><\/p>\n<h4>Admisi\u00f3n<\/h4>\n<p>Las solicitudes ser\u00e1n consideradas por departamentos de estudio espec\u00edficos y ser\u00e1n aceptadas o rechazadas dependiendo de la calidad del portafolio presentado y de la disponibilidad de plazas en los departamentos.<\/p>\n            <\/div>\n        <\/div>\n    <\/div>\n    \n    <\/div>\n    \n<p>&nbsp;<\/p>\n<p><strong>CONTACTAR LA OFICINA ERASMUS<\/strong><br \/>\n<strong>Dra. Giulia Mencarelli<\/strong><br \/>\nDirecci\u00f3n: Via Taro 14 &#8211; 00199, Roma<br \/>\nTel\u00e9fono: +39 0683390845<br \/>\nCorreo electr\u00f3nico: <a href=\"mailto:erasmus@unirufa.it\">erasmus@unirufa.it<\/a><\/p>\n<div class=\" hidden-xs hidden-sm hidden-md hidden-lg hidden-xl\"><a href=\"skype:rufa.erasmus?call\">\u00a1Llama por Skype!<\/a><\/div>","protected":false},"excerpt":{"rendered":"<p>Promotores de intercambios culturales. Erasmus+ (2021-2027) es el programa de la Uni\u00f3n Europea que apoya la educaci\u00f3n, la formaci\u00f3n, la juventud y el deporte, permitiendo a los estudiantes universitarios beneficiarse de una beca Erasmus en una o m\u00e1s universidades comunitarias dentro del mismo ciclo de estudios, hasta un m\u00e1ximo total de 12 meses. El programa&#8230;<\/p>\n","protected":false},"author":1,"featured_media":0,"parent":1310,"menu_order":0,"comment_status":"closed","ping_status":"closed","template":"page_erasmus.php","meta":{"content-type":"","footnotes":""},"class_list":["post-1278","page","type-page","status-publish","hentry"],"yoast_head":"<!-- This site is optimized with the Yoast SEO plugin v24.2 - https:\/\/yoast.com\/wordpress\/plugins\/seo\/ -->\n<title>Programa ERASMUS+ - RUFA - Rome University of Fine Arts<\/title>\n<meta name=\"robots\" content=\"index, follow, max-snippet:-1, max-image-preview:large, max-video-preview:-1\" \/>\n<link rel=\"canonical\" href=\"https:\/\/www.unirufa.it\/info-studenti\/progetto-erasmus\/\" \/>\n<meta property=\"og:locale\" content=\"es_ES\" \/>\n<meta property=\"og:type\" content=\"article\" \/>\n<meta property=\"og:title\" content=\"Programa ERASMUS+ - RUFA - Rome University of Fine Arts\" \/>\n<meta property=\"og:description\" content=\"Promotores de intercambios culturales. Erasmus+ (2021-2027) es el programa de la Uni\u00f3n Europea que apoya la educaci\u00f3n, la formaci\u00f3n, la juventud y el deporte, permitiendo a los estudiantes universitarios beneficiarse de una beca Erasmus en una o m\u00e1s universidades comunitarias dentro del mismo ciclo de estudios, hasta un m\u00e1ximo total de 12 meses. El programa...\" \/>\n<meta property=\"og:url\" content=\"https:\/\/www.unirufa.it\/info-studenti\/progetto-erasmus\/\" \/>\n<meta property=\"og:site_name\" content=\"RUFA - Rome University of Fine Arts\" \/>\n<meta property=\"article:modified_time\" content=\"2026-04-02T13:39:52+00:00\" \/>\n<meta property=\"og:image\" content=\"https:\/\/www.unirufa.it\/wp-content\/uploads\/2017\/11\/logo-rufa-2016.png\" \/>\n\t<meta property=\"og:image:width\" content=\"230\" \/>\n\t<meta property=\"og:image:height\" content=\"149\" \/>\n\t<meta property=\"og:image:type\" content=\"image\/png\" \/>\n<meta name=\"twitter:label1\" content=\"Tiempo de lectura\" \/>\n\t<meta name=\"twitter:data1\" content=\"11 minutos\" \/>\n<script type=\"application\/ld+json\" class=\"yoast-schema-graph\">{\"@context\":\"https:\/\/schema.org\",\"@graph\":[{\"@type\":\"WebPage\",\"@id\":\"https:\/\/www.unirufa.it\/info-studenti\/progetto-erasmus\/\",\"url\":\"https:\/\/www.unirufa.it\/info-studenti\/progetto-erasmus\/\",\"name\":\"Programa ERASMUS+ - RUFA - Rome University of Fine Arts\",\"isPartOf\":{\"@id\":\"https:\/\/www.unirufa.it\/#website\"},\"datePublished\":\"2013-07-03T08:07:44+00:00\",\"dateModified\":\"2026-04-02T13:39:52+00:00\",\"breadcrumb\":{\"@id\":\"https:\/\/www.unirufa.it\/info-studenti\/progetto-erasmus\/#breadcrumb\"},\"inLanguage\":\"es\",\"potentialAction\":[{\"@type\":\"ReadAction\",\"target\":[\"https:\/\/www.unirufa.it\/info-studenti\/progetto-erasmus\/\"]}]},{\"@type\":\"BreadcrumbList\",\"@id\":\"https:\/\/www.unirufa.it\/info-studenti\/progetto-erasmus\/#breadcrumb\",\"itemListElement\":[{\"@type\":\"ListItem\",\"position\":1,\"name\":\"Home\",\"item\":\"https:\/\/www.unirufa.it\/\"},{\"@type\":\"ListItem\",\"position\":2,\"name\":\"Info Studenti e Servizi\",\"item\":\"https:\/\/www.unirufa.it\/info-studenti\/\"},{\"@type\":\"ListItem\",\"position\":3,\"name\":\"Programma ERASMUS+\"}]},{\"@type\":\"WebSite\",\"@id\":\"https:\/\/www.unirufa.it\/#website\",\"url\":\"https:\/\/www.unirufa.it\/\",\"name\":\"RUFA - Rome University of Fine Arts\",\"description\":\"\",\"potentialAction\":[{\"@type\":\"SearchAction\",\"target\":{\"@type\":\"EntryPoint\",\"urlTemplate\":\"https:\/\/www.unirufa.it\/?s={search_term_string}\"},\"query-input\":{\"@type\":\"PropertyValueSpecification\",\"valueRequired\":true,\"valueName\":\"search_term_string\"}}],\"inLanguage\":\"es\"}]}<\/script>\n<!-- \/ Yoast SEO plugin. -->","yoast_head_json":{"title":"Programa ERASMUS+ - RUFA - Rome University of Fine Arts","robots":{"index":"index","follow":"follow","max-snippet":"max-snippet:-1","max-image-preview":"max-image-preview:large","max-video-preview":"max-video-preview:-1"},"canonical":"https:\/\/www.unirufa.it\/info-studenti\/progetto-erasmus\/","og_locale":"es_ES","og_type":"article","og_title":"Programa ERASMUS+ - RUFA - Rome University of Fine Arts","og_description":"Promotores de intercambios culturales. Erasmus+ (2021-2027) es el programa de la Uni\u00f3n Europea que apoya la educaci\u00f3n, la formaci\u00f3n, la juventud y el deporte, permitiendo a los estudiantes universitarios beneficiarse de una beca Erasmus en una o m\u00e1s universidades comunitarias dentro del mismo ciclo de estudios, hasta un m\u00e1ximo total de 12 meses. El programa...","og_url":"https:\/\/www.unirufa.it\/info-studenti\/progetto-erasmus\/","og_site_name":"RUFA - Rome University of Fine Arts","article_modified_time":"2026-04-02T13:39:52+00:00","og_image":[{"width":230,"height":149,"url":"https:\/\/www.unirufa.it\/wp-content\/uploads\/2017\/11\/logo-rufa-2016.png","type":"image\/png"}],"twitter_misc":{"Tiempo de lectura":"11 minutos"},"schema":{"@context":"https:\/\/schema.org","@graph":[{"@type":"WebPage","@id":"https:\/\/www.unirufa.it\/info-studenti\/progetto-erasmus\/","url":"https:\/\/www.unirufa.it\/info-studenti\/progetto-erasmus\/","name":"Programa ERASMUS+ - RUFA - Rome University of Fine Arts","isPartOf":{"@id":"https:\/\/www.unirufa.it\/#website"},"datePublished":"2013-07-03T08:07:44+00:00","dateModified":"2026-04-02T13:39:52+00:00","breadcrumb":{"@id":"https:\/\/www.unirufa.it\/info-studenti\/progetto-erasmus\/#breadcrumb"},"inLanguage":"es","potentialAction":[{"@type":"ReadAction","target":["https:\/\/www.unirufa.it\/info-studenti\/progetto-erasmus\/"]}]},{"@type":"BreadcrumbList","@id":"https:\/\/www.unirufa.it\/info-studenti\/progetto-erasmus\/#breadcrumb","itemListElement":[{"@type":"ListItem","position":1,"name":"Home","item":"https:\/\/www.unirufa.it\/"},{"@type":"ListItem","position":2,"name":"Info Studenti e Servizi","item":"https:\/\/www.unirufa.it\/info-studenti\/"},{"@type":"ListItem","position":3,"name":"Programma ERASMUS+"}]},{"@type":"WebSite","@id":"https:\/\/www.unirufa.it\/#website","url":"https:\/\/www.unirufa.it\/","name":"RUFA - Rome University of Fine Arts","description":"","potentialAction":[{"@type":"SearchAction","target":{"@type":"EntryPoint","urlTemplate":"https:\/\/www.unirufa.it\/?s={search_term_string}"},"query-input":{"@type":"PropertyValueSpecification","valueRequired":true,"valueName":"search_term_string"}}],"inLanguage":"es"}]}},"_links":{"self":[{"href":"https:\/\/www.unirufa.it\/es\/wp-json\/wp\/v2\/pages\/1278","targetHints":{"allow":["GET"]}}],"collection":[{"href":"https:\/\/www.unirufa.it\/es\/wp-json\/wp\/v2\/pages"}],"about":[{"href":"https:\/\/www.unirufa.it\/es\/wp-json\/wp\/v2\/types\/page"}],"author":[{"embeddable":true,"href":"https:\/\/www.unirufa.it\/es\/wp-json\/wp\/v2\/users\/1"}],"replies":[{"embeddable":true,"href":"https:\/\/www.unirufa.it\/es\/wp-json\/wp\/v2\/comments?post=1278"}],"version-history":[{"count":541,"href":"https:\/\/www.unirufa.it\/es\/wp-json\/wp\/v2\/pages\/1278\/revisions"}],"predecessor-version":[{"id":152579,"href":"https:\/\/www.unirufa.it\/es\/wp-json\/wp\/v2\/pages\/1278\/revisions\/152579"}],"up":[{"embeddable":true,"href":"https:\/\/www.unirufa.it\/es\/wp-json\/wp\/v2\/pages\/1310"}],"wp:attachment":[{"href":"https:\/\/www.unirufa.it\/es\/wp-json\/wp\/v2\/media?parent=1278"}],"curies":[{"name":"wp","href":"https:\/\/api.w.org\/{rel}","templated":true}]}}