


{"id":1280,"date":"2013-07-03T08:09:18","date_gmt":"2013-07-03T08:09:18","guid":{"rendered":"http:\/\/www.unirufa.it\/?page_id=1280"},"modified":"2025-10-03T16:36:07","modified_gmt":"2025-10-03T14:36:07","slug":"stage-e-placement","status":"publish","type":"page","link":"https:\/\/www.unirufa.it\/es\/servizi-e-facilities\/stage-e-placement\/","title":{"rendered":"Career service"},"content":{"rendered":"<h3>En sinergia con el mundo del arte y las industrias creativas.<\/h3>\n<p>Estad\u00edsticamente, los graduados de la RUFA tienen m\u00e1s probabilidades de encontrar un trabajo permanente una vez que salen de la Academia porque est\u00e1n bien preparados y capacitados  gracias a un programa extenso y concreto de actividades pr\u00e1cticas, talleres y pasant\u00edas curriculares.<\/p>\n<p>En la RUFA los estudiantes pueden vivir una <strong>experiencia de pr\u00e1cticas<\/strong> cualificadas supervisadas por tutores experimentados en empresas, organismos p\u00fablicos y privados, museos, productoras de cine, ateliers, estudios de arte y profesionales.<\/p>\n<p>RUFA tambi\u00e9n ha activado una plataforma de b\u00fasqueda de empleo, <strong><a href=\"https:\/\/rufa-csm.symplicity.com\/\">RUFA Career System<\/a><\/strong>, en la que est\u00e1n inscritos todos los estudiantes de RUFA, desde el primer d\u00eda de sus estudios en la Academia e incluso despu\u00e9s de graduarse. En la plataforma, los socios de la Academia publican ofertas de <strong>pr\u00e1cticas, empleo y colaboraci\u00f3n<\/strong> \u00fatiles para acelerar la entrada y el crecimiento de los estudiantes y Alumni de RUFA en el mundo laboral. La plataforma es tambi\u00e9n la herramienta para la gesti\u00f3n administrativa de las pr\u00e1cticas curriculares, con el fin de que el proceso sea cada vez m\u00e1s eficiente.<\/p>\n<p>Los estudiantes que deseen activar sus pr\u00e1cticas curriculares deben ponerse en contacto con la Oficina de Pr\u00e1cticas y Colocaci\u00f3n <strong>por correo electr\u00f3nico en <a href=\"mailto:careers.alumni@unirufa.it\" rel=\"noopener\" target=\"_blank\">careers.alumni@unirufa.it <\/a><\/strong> al menos diez d\u00edas antes del inicio de las pr\u00e1cticas, especificando su curso, el nombre de la empresa\/instituto\/etc. de acogida, un contacto de la persona de contacto de la empresa y la fecha aproximada de inicio de las pr\u00e1cticas. La Oficina de Pr\u00e1cticas y Colocaci\u00f3n proporcionar\u00e1 al estudiante* y a la persona de contacto de la empresa toda la informaci\u00f3n sobre el procedimiento a seguir para la activaci\u00f3n de las pr\u00e1cticas.<\/p>\n<p>Las empresas interesadas en asociarse a la red de pasant\u00edas de la RUFA, tambi\u00e9n a propuesta de los estudiantes, pueden ponerse en contacto con la Oficina de Pasant\u00edas y Colocaciones para recibir las solicitudes de los perfiles correspondientes a sus necesidades. Las pr\u00e1cticas de seguros de los estudiantes empleados est\u00e1n totalmente cubiertas por la Academia.<\/p>\n<h4>Las empresas, organizaciones o compa\u00f1\u00edas interesadas en convertirse en socios de RUFA, ofrecer pr\u00e1cticas a los estudiantes o proponer otras oportunidades de colaboraci\u00f3n, pueden inscribirse inscribirse en la plataforma <a href=\"https:\/\/rufa-csm.symplicity.com\/\" rel=\"noopener\" target=\"_blank\">RUFA CAREER SYSTEM<\/a>.<\/h4>\n<p>&nbsp;<br \/>\n<a class=\"download-btn full\" href=\"https:\/\/rufa-csm.symplicity.com\/\"_blank\" rel=\"noopener noreferrer\">reg\u00edstrate aqu\u00ed<\/a><\/p>\n<p><strong>Oficina de pasant\u00eda y colocaci\u00f3n<\/strong><br \/>\nDirecci\u00f3n: Via Taro 14 &#8211; 00199, Roma<br \/>\nTel\u00e9fono: +39 06 85865917<br \/>\nEmail: <a href=\"mailto:careers.alumni@unirufa.it\">careers.alumni@unirufa.it<\/a><br \/>\n&nbsp;","protected":false},"excerpt":{"rendered":"<p>En sinergia con el mundo del arte y las industrias creativas. Estad\u00edsticamente, los graduados de la RUFA tienen m\u00e1s probabilidades de encontrar un trabajo permanente una vez que salen de la Academia porque est\u00e1n bien preparados y capacitados gracias a un programa extenso y concreto de actividades pr\u00e1cticas, talleres y pasant\u00edas curriculares. En la RUFA&#8230;<\/p>\n","protected":false},"author":1,"featured_media":68092,"parent":1273,"menu_order":0,"comment_status":"closed","ping_status":"closed","template":"","meta":{"content-type":"","footnotes":""},"class_list":["post-1280","page","type-page","status-publish","has-post-thumbnail","hentry"],"yoast_head":"<!-- This site is optimized with the Yoast SEO plugin v24.2 - https:\/\/yoast.com\/wordpress\/plugins\/seo\/ -->\n<title>Career service - RUFA - Rome University of Fine Arts<\/title>\n<meta name=\"robots\" content=\"index, follow, max-snippet:-1, max-image-preview:large, max-video-preview:-1\" \/>\n<link rel=\"canonical\" href=\"https:\/\/www.unirufa.it\/servizi-e-facilities\/stage-e-placement\/\" \/>\n<meta property=\"og:locale\" content=\"es_ES\" \/>\n<meta property=\"og:type\" content=\"article\" \/>\n<meta property=\"og:title\" content=\"Career service - RUFA - Rome University of Fine Arts\" \/>\n<meta property=\"og:description\" content=\"En sinergia con el mundo del arte y las industrias creativas. Estad\u00edsticamente, los graduados de la RUFA tienen m\u00e1s probabilidades de encontrar un trabajo permanente una vez que salen de la Academia porque est\u00e1n bien preparados y capacitados gracias a un programa extenso y concreto de actividades pr\u00e1cticas, talleres y pasant\u00edas curriculares. En la RUFA...\" \/>\n<meta property=\"og:url\" content=\"https:\/\/www.unirufa.it\/servizi-e-facilities\/stage-e-placement\/\" \/>\n<meta property=\"og:site_name\" content=\"RUFA - Rome University of Fine Arts\" \/>\n<meta property=\"article:modified_time\" content=\"2025-10-03T14:36:07+00:00\" \/>\n<meta property=\"og:image\" content=\"https:\/\/www.unirufa.it\/wp-content\/uploads\/2022\/04\/CareerSystem_1440x600.png\" \/>\n\t<meta property=\"og:image:width\" content=\"1440\" \/>\n\t<meta property=\"og:image:height\" content=\"600\" \/>\n\t<meta property=\"og:image:type\" content=\"image\/png\" \/>\n<meta name=\"twitter:label1\" content=\"Tiempo de lectura\" \/>\n\t<meta name=\"twitter:data1\" content=\"7 minutos\" \/>\n<script type=\"application\/ld+json\" class=\"yoast-schema-graph\">{\"@context\":\"https:\/\/schema.org\",\"@graph\":[{\"@type\":\"WebPage\",\"@id\":\"https:\/\/www.unirufa.it\/servizi-e-facilities\/stage-e-placement\/\",\"url\":\"https:\/\/www.unirufa.it\/servizi-e-facilities\/stage-e-placement\/\",\"name\":\"Career service - RUFA - Rome University of Fine Arts\",\"isPartOf\":{\"@id\":\"https:\/\/www.unirufa.it\/#website\"},\"primaryImageOfPage\":{\"@id\":\"https:\/\/www.unirufa.it\/servizi-e-facilities\/stage-e-placement\/#primaryimage\"},\"image\":{\"@id\":\"https:\/\/www.unirufa.it\/servizi-e-facilities\/stage-e-placement\/#primaryimage\"},\"thumbnailUrl\":\"https:\/\/www.unirufa.it\/wp-content\/uploads\/2022\/04\/CareerSystem_1440x600.png\",\"datePublished\":\"2013-07-03T08:09:18+00:00\",\"dateModified\":\"2025-10-03T14:36:07+00:00\",\"breadcrumb\":{\"@id\":\"https:\/\/www.unirufa.it\/servizi-e-facilities\/stage-e-placement\/#breadcrumb\"},\"inLanguage\":\"es\",\"potentialAction\":[{\"@type\":\"ReadAction\",\"target\":[\"https:\/\/www.unirufa.it\/servizi-e-facilities\/stage-e-placement\/\"]}]},{\"@type\":\"ImageObject\",\"inLanguage\":\"es\",\"@id\":\"https:\/\/www.unirufa.it\/servizi-e-facilities\/stage-e-placement\/#primaryimage\",\"url\":\"https:\/\/www.unirufa.it\/wp-content\/uploads\/2022\/04\/CareerSystem_1440x600.png\",\"contentUrl\":\"https:\/\/www.unirufa.it\/wp-content\/uploads\/2022\/04\/CareerSystem_1440x600.png\",\"width\":1440,\"height\":600},{\"@type\":\"BreadcrumbList\",\"@id\":\"https:\/\/www.unirufa.it\/servizi-e-facilities\/stage-e-placement\/#breadcrumb\",\"itemListElement\":[{\"@type\":\"ListItem\",\"position\":1,\"name\":\"Home\",\"item\":\"https:\/\/www.unirufa.it\/\"},{\"@type\":\"ListItem\",\"position\":2,\"name\":\"Servizi e facilities\",\"item\":\"https:\/\/www.unirufa.it\/servizi-e-facilities\/\"},{\"@type\":\"ListItem\",\"position\":3,\"name\":\"Career Service\"}]},{\"@type\":\"WebSite\",\"@id\":\"https:\/\/www.unirufa.it\/#website\",\"url\":\"https:\/\/www.unirufa.it\/\",\"name\":\"RUFA - Rome University of Fine Arts\",\"description\":\"\",\"potentialAction\":[{\"@type\":\"SearchAction\",\"target\":{\"@type\":\"EntryPoint\",\"urlTemplate\":\"https:\/\/www.unirufa.it\/?s={search_term_string}\"},\"query-input\":{\"@type\":\"PropertyValueSpecification\",\"valueRequired\":true,\"valueName\":\"search_term_string\"}}],\"inLanguage\":\"es\"}]}<\/script>\n<!-- \/ Yoast SEO plugin. -->","yoast_head_json":{"title":"Career service - RUFA - Rome University of Fine Arts","robots":{"index":"index","follow":"follow","max-snippet":"max-snippet:-1","max-image-preview":"max-image-preview:large","max-video-preview":"max-video-preview:-1"},"canonical":"https:\/\/www.unirufa.it\/servizi-e-facilities\/stage-e-placement\/","og_locale":"es_ES","og_type":"article","og_title":"Career service - RUFA - Rome University of Fine Arts","og_description":"En sinergia con el mundo del arte y las industrias creativas. Estad\u00edsticamente, los graduados de la RUFA tienen m\u00e1s probabilidades de encontrar un trabajo permanente una vez que salen de la Academia porque est\u00e1n bien preparados y capacitados gracias a un programa extenso y concreto de actividades pr\u00e1cticas, talleres y pasant\u00edas curriculares. En la RUFA...","og_url":"https:\/\/www.unirufa.it\/servizi-e-facilities\/stage-e-placement\/","og_site_name":"RUFA - Rome University of Fine Arts","article_modified_time":"2025-10-03T14:36:07+00:00","og_image":[{"width":1440,"height":600,"url":"https:\/\/www.unirufa.it\/wp-content\/uploads\/2022\/04\/CareerSystem_1440x600.png","type":"image\/png"}],"twitter_misc":{"Tiempo de lectura":"7 minutos"},"schema":{"@context":"https:\/\/schema.org","@graph":[{"@type":"WebPage","@id":"https:\/\/www.unirufa.it\/servizi-e-facilities\/stage-e-placement\/","url":"https:\/\/www.unirufa.it\/servizi-e-facilities\/stage-e-placement\/","name":"Career service - RUFA - Rome University of Fine Arts","isPartOf":{"@id":"https:\/\/www.unirufa.it\/#website"},"primaryImageOfPage":{"@id":"https:\/\/www.unirufa.it\/servizi-e-facilities\/stage-e-placement\/#primaryimage"},"image":{"@id":"https:\/\/www.unirufa.it\/servizi-e-facilities\/stage-e-placement\/#primaryimage"},"thumbnailUrl":"https:\/\/www.unirufa.it\/wp-content\/uploads\/2022\/04\/CareerSystem_1440x600.png","datePublished":"2013-07-03T08:09:18+00:00","dateModified":"2025-10-03T14:36:07+00:00","breadcrumb":{"@id":"https:\/\/www.unirufa.it\/servizi-e-facilities\/stage-e-placement\/#breadcrumb"},"inLanguage":"es","potentialAction":[{"@type":"ReadAction","target":["https:\/\/www.unirufa.it\/servizi-e-facilities\/stage-e-placement\/"]}]},{"@type":"ImageObject","inLanguage":"es","@id":"https:\/\/www.unirufa.it\/servizi-e-facilities\/stage-e-placement\/#primaryimage","url":"https:\/\/www.unirufa.it\/wp-content\/uploads\/2022\/04\/CareerSystem_1440x600.png","contentUrl":"https:\/\/www.unirufa.it\/wp-content\/uploads\/2022\/04\/CareerSystem_1440x600.png","width":1440,"height":600},{"@type":"BreadcrumbList","@id":"https:\/\/www.unirufa.it\/servizi-e-facilities\/stage-e-placement\/#breadcrumb","itemListElement":[{"@type":"ListItem","position":1,"name":"Home","item":"https:\/\/www.unirufa.it\/"},{"@type":"ListItem","position":2,"name":"Servizi e facilities","item":"https:\/\/www.unirufa.it\/servizi-e-facilities\/"},{"@type":"ListItem","position":3,"name":"Career Service"}]},{"@type":"WebSite","@id":"https:\/\/www.unirufa.it\/#website","url":"https:\/\/www.unirufa.it\/","name":"RUFA - Rome University of Fine Arts","description":"","potentialAction":[{"@type":"SearchAction","target":{"@type":"EntryPoint","urlTemplate":"https:\/\/www.unirufa.it\/?s={search_term_string}"},"query-input":{"@type":"PropertyValueSpecification","valueRequired":true,"valueName":"search_term_string"}}],"inLanguage":"es"}]}},"_links":{"self":[{"href":"https:\/\/www.unirufa.it\/es\/wp-json\/wp\/v2\/pages\/1280","targetHints":{"allow":["GET"]}}],"collection":[{"href":"https:\/\/www.unirufa.it\/es\/wp-json\/wp\/v2\/pages"}],"about":[{"href":"https:\/\/www.unirufa.it\/es\/wp-json\/wp\/v2\/types\/page"}],"author":[{"embeddable":true,"href":"https:\/\/www.unirufa.it\/es\/wp-json\/wp\/v2\/users\/1"}],"replies":[{"embeddable":true,"href":"https:\/\/www.unirufa.it\/es\/wp-json\/wp\/v2\/comments?post=1280"}],"version-history":[{"count":106,"href":"https:\/\/www.unirufa.it\/es\/wp-json\/wp\/v2\/pages\/1280\/revisions"}],"predecessor-version":[{"id":148387,"href":"https:\/\/www.unirufa.it\/es\/wp-json\/wp\/v2\/pages\/1280\/revisions\/148387"}],"up":[{"embeddable":true,"href":"https:\/\/www.unirufa.it\/es\/wp-json\/wp\/v2\/pages\/1273"}],"wp:featuredmedia":[{"embeddable":true,"href":"https:\/\/www.unirufa.it\/es\/wp-json\/wp\/v2\/media\/68092"}],"wp:attachment":[{"href":"https:\/\/www.unirufa.it\/es\/wp-json\/wp\/v2\/media?parent=1280"}],"curies":[{"name":"wp","href":"https:\/\/api.w.org\/{rel}","templated":true}]}}