


{"id":1293,"date":"2013-07-03T08:33:47","date_gmt":"2013-07-03T08:33:47","guid":{"rendered":"http:\/\/www.unirufa.it\/?page_id=1293"},"modified":"2025-01-21T11:22:26","modified_gmt":"2025-01-21T10:22:26","slug":"almalaurea","status":"publish","type":"page","link":"https:\/\/www.unirufa.it\/es\/info-studenti\/almalaurea\/","title":{"rendered":"AlmaLaurea"},"content":{"rendered":"<p><strong>AlmaLaurea<\/strong> es una iniciativa para <strong>conectar<\/strong> e <strong>intercambiar datos<\/strong> entre los graduados y las empresas<\/strong> interesadas en ofrecer a los estudiantes unas pr\u00e1cticas profesionales. Con el apoyo del <strong>Ministerio de Educaci\u00f3n, Universidades e Investigaci\u00f3n<\/strong>, desde 2012 el <strong>Consorcio AlmaLaurea<\/strong> tambi\u00e9n incluye en su base de datos a los <strong>graduados del sistema AFAM<\/strong>.<\/p>\n<p>Entre los diversos datos elaborados por Almalaurea, resulta especialmente evidente que los estudiantes de la RUFA fueron de los m\u00e1s r\u00e1pidos en graduarse y de los m\u00e1s proclives a incorporarse al mundo laboral: la duraci\u00f3n media de la carrera fue de <strong>3,6 a\u00f1os<\/strong> para el <strong>nivel I<\/strong> y de <strong>2,8 a\u00f1os<\/strong> para el <strong>nivel II<\/strong> (media AFAM: 4 a\u00f1os para el Nivel I y 3,1 a\u00f1os para el Nivel II) y la <strong>tasa de empleo<\/strong> de nuestros titulados fue del <strong>59,6%<\/strong> para el <strong>Nivel I<\/strong> y del <strong>87,5%<\/strong> para el <strong>Nivel II<\/strong> (media AFAM: 48,1% para los titulados del Nivel I y 73% para los del Nivel II). Se trata de un importante reconocimiento para nuestra Academia, que representa la confirmaci\u00f3n del buen trabajo realizado al servicio de nuestra comunidad estudiantil.<\/p>\n<p>Para acceder a la red de datos de AlmaLaurea, es necesario rellenar un <strong>cuestionario online<\/strong>, que recoge los datos y curr\u00edculos de los estudiantes y los pone a disposici\u00f3n, previo consentimiento de los interesados, de las instituciones y empresas colaboradoras.<\/p>\n<p>Con el fin de contribuir al seguimiento de la <strong>calidad<\/strong> de la <strong>oferta formativa<\/strong> de la educaci\u00f3n terciaria, todos los <strong>estudiantes de grado<\/strong> que hayan solicitado su <strong>Secretar\u00eda de Alumnos<\/strong> pueden rellenar el cuestionario AlmaLaurea. Los resultados pueden consultarse en el sitio web de AlmaLaurea, en el \u00e1rea dedicada a las universidades.<br \/>\n&nbsp;<\/p>\n<img decoding=\"async\" class=\"img-responsive\" src=\"https:\/\/www.unirufa.it\/wp-content\/uploads\/2021\/10\/AlmaLaurea-logo-Web.png\" alt=\"Logo AlmaLaurea\" width=\"200\" border=\"0\" \/><br \/>\n<h3><a href=\"http:\/\/www.almalaurea.it\/info\/chisiamo\/\" rel=\"noopener\" target=\"_blank\">Para saber m\u00e1s de AlmaLaurea<\/a><\/h3>\n<p>&nbsp;<\/p>\n<p>Si ya tiene un nombre de usuario y una contrase\u00f1a para el sitio web de AlmaLaurea (el nombre de usuario y las contrase\u00f1as de AlmaLaurea son diferentes de los que se utilizan para acceder a los servicios en l\u00ednea de su Instituci\u00f3n): <a href=\"http:\/\/www.almalaurea.it\/lau\/index.shtml\" target=\"_blank\" rel=\"noopener noreferrer\"><strong>Entra en AlmaLaurea y completa el cuestionario<\/strong>.<\/a><br \/>\n&nbsp;","protected":false},"excerpt":{"rendered":"<p>AlmaLaurea es una iniciativa para conectar e intercambiar datos entre los graduados y las empresas interesadas en ofrecer a los estudiantes unas pr\u00e1cticas profesionales. Con el apoyo del Ministerio de Educaci\u00f3n, Universidades e Investigaci\u00f3n, desde 2012 el Consorcio AlmaLaurea tambi\u00e9n incluye en su base de datos a los graduados del sistema AFAM. Entre los diversos&#8230;<\/p>\n","protected":false},"author":1,"featured_media":53344,"parent":1310,"menu_order":0,"comment_status":"closed","ping_status":"closed","template":"","meta":{"content-type":"","footnotes":""},"class_list":["post-1293","page","type-page","status-publish","has-post-thumbnail","hentry"],"yoast_head":"<!-- This site is optimized with the Yoast SEO plugin v24.2 - https:\/\/yoast.com\/wordpress\/plugins\/seo\/ -->\n<title>AlmaLaurea - RUFA - Rome University of Fine Arts<\/title>\n<meta name=\"description\" content=\"AlmaLaurea \u00e8 un&#039;iniziativa di connessione e scambio dati fra laureati ed aziende interessate ad offrire agli studenti un inserimento professionale.\" \/>\n<meta name=\"robots\" content=\"index, follow, max-snippet:-1, max-image-preview:large, max-video-preview:-1\" \/>\n<link rel=\"canonical\" href=\"https:\/\/www.unirufa.it\/info-studenti\/almalaurea\/\" \/>\n<meta property=\"og:locale\" content=\"es_ES\" \/>\n<meta property=\"og:type\" content=\"article\" \/>\n<meta property=\"og:title\" content=\"[:it]AlmaLaurea - RUFA - Rome University of Fine Arts [:]\" \/>\n<meta property=\"og:description\" content=\"{:it}AlmaLaurea \u00e8 un&#039;iniziativa di connessione e scambio dati fra laureati ed aziende interessate ad offrire agli studenti un inserimento professionale.{:}\" \/>\n<meta property=\"og:url\" content=\"https:\/\/www.unirufa.it\/info-studenti\/almalaurea\/\" \/>\n<meta property=\"og:site_name\" content=\"RUFA - Rome University of Fine Arts\" \/>\n<meta property=\"article:modified_time\" content=\"2025-01-21T10:22:26+00:00\" \/>\n<meta property=\"og:image\" content=\"https:\/\/www.unirufa.it\/wp-content\/uploads\/2021\/10\/AlmaLaurea_Immagine.jpg\" \/>\n\t<meta property=\"og:image:width\" content=\"1440\" \/>\n\t<meta property=\"og:image:height\" content=\"600\" \/>\n\t<meta property=\"og:image:type\" content=\"image\/jpeg\" \/>\n<meta name=\"twitter:label1\" content=\"Tiempo de lectura\" \/>\n\t<meta name=\"twitter:data1\" content=\"4 minutos\" \/>\n<script type=\"application\/ld+json\" class=\"yoast-schema-graph\">{\"@context\":\"https:\/\/schema.org\",\"@graph\":[{\"@type\":\"WebPage\",\"@id\":\"https:\/\/www.unirufa.it\/info-studenti\/almalaurea\/\",\"url\":\"https:\/\/www.unirufa.it\/info-studenti\/almalaurea\/\",\"name\":\"[:it]AlmaLaurea - RUFA - Rome University of Fine Arts [:]\",\"isPartOf\":{\"@id\":\"https:\/\/www.unirufa.it\/#website\"},\"primaryImageOfPage\":{\"@id\":\"https:\/\/www.unirufa.it\/info-studenti\/almalaurea\/#primaryimage\"},\"image\":{\"@id\":\"https:\/\/www.unirufa.it\/info-studenti\/almalaurea\/#primaryimage\"},\"thumbnailUrl\":\"https:\/\/www.unirufa.it\/wp-content\/uploads\/2021\/10\/AlmaLaurea_Immagine.jpg\",\"datePublished\":\"2013-07-03T08:33:47+00:00\",\"dateModified\":\"2025-01-21T10:22:26+00:00\",\"description\":\"{:it}AlmaLaurea \u00e8 un'iniziativa di connessione e scambio dati fra laureati ed aziende interessate ad offrire agli studenti un inserimento professionale.{:}\",\"breadcrumb\":{\"@id\":\"https:\/\/www.unirufa.it\/info-studenti\/almalaurea\/#breadcrumb\"},\"inLanguage\":\"es\",\"potentialAction\":[{\"@type\":\"ReadAction\",\"target\":[\"https:\/\/www.unirufa.it\/info-studenti\/almalaurea\/\"]}]},{\"@type\":\"ImageObject\",\"inLanguage\":\"es\",\"@id\":\"https:\/\/www.unirufa.it\/info-studenti\/almalaurea\/#primaryimage\",\"url\":\"https:\/\/www.unirufa.it\/wp-content\/uploads\/2021\/10\/AlmaLaurea_Immagine.jpg\",\"contentUrl\":\"https:\/\/www.unirufa.it\/wp-content\/uploads\/2021\/10\/AlmaLaurea_Immagine.jpg\",\"width\":1440,\"height\":600,\"caption\":\"AlmaLaurea - Immagine\"},{\"@type\":\"BreadcrumbList\",\"@id\":\"https:\/\/www.unirufa.it\/info-studenti\/almalaurea\/#breadcrumb\",\"itemListElement\":[{\"@type\":\"ListItem\",\"position\":1,\"name\":\"Home\",\"item\":\"https:\/\/www.unirufa.it\/\"},{\"@type\":\"ListItem\",\"position\":2,\"name\":\"Info Studenti e Servizi\",\"item\":\"https:\/\/www.unirufa.it\/info-studenti\/\"},{\"@type\":\"ListItem\",\"position\":3,\"name\":\"AlmaLaurea\"}]},{\"@type\":\"WebSite\",\"@id\":\"https:\/\/www.unirufa.it\/#website\",\"url\":\"https:\/\/www.unirufa.it\/\",\"name\":\"RUFA - Rome University of Fine Arts\",\"description\":\"\",\"potentialAction\":[{\"@type\":\"SearchAction\",\"target\":{\"@type\":\"EntryPoint\",\"urlTemplate\":\"https:\/\/www.unirufa.it\/?s={search_term_string}\"},\"query-input\":{\"@type\":\"PropertyValueSpecification\",\"valueRequired\":true,\"valueName\":\"search_term_string\"}}],\"inLanguage\":\"es\"}]}<\/script>\n<!-- \/ Yoast SEO plugin. -->","yoast_head_json":{"title":"AlmaLaurea - RUFA - Rome University of Fine Arts","description":"AlmaLaurea \u00e8 un'iniziativa di connessione e scambio dati fra laureati ed aziende interessate ad offrire agli studenti un inserimento professionale.","robots":{"index":"index","follow":"follow","max-snippet":"max-snippet:-1","max-image-preview":"max-image-preview:large","max-video-preview":"max-video-preview:-1"},"canonical":"https:\/\/www.unirufa.it\/info-studenti\/almalaurea\/","og_locale":"es_ES","og_type":"article","og_title":"[:it]AlmaLaurea - RUFA - Rome University of Fine Arts [:]","og_description":"{:it}AlmaLaurea \u00e8 un'iniziativa di connessione e scambio dati fra laureati ed aziende interessate ad offrire agli studenti un inserimento professionale.{:}","og_url":"https:\/\/www.unirufa.it\/info-studenti\/almalaurea\/","og_site_name":"RUFA - Rome University of Fine Arts","article_modified_time":"2025-01-21T10:22:26+00:00","og_image":[{"width":1440,"height":600,"url":"https:\/\/www.unirufa.it\/wp-content\/uploads\/2021\/10\/AlmaLaurea_Immagine.jpg","type":"image\/jpeg"}],"twitter_misc":{"Tiempo de lectura":"4 minutos"},"schema":{"@context":"https:\/\/schema.org","@graph":[{"@type":"WebPage","@id":"https:\/\/www.unirufa.it\/info-studenti\/almalaurea\/","url":"https:\/\/www.unirufa.it\/info-studenti\/almalaurea\/","name":"[:it]AlmaLaurea - RUFA - Rome University of Fine Arts [:]","isPartOf":{"@id":"https:\/\/www.unirufa.it\/#website"},"primaryImageOfPage":{"@id":"https:\/\/www.unirufa.it\/info-studenti\/almalaurea\/#primaryimage"},"image":{"@id":"https:\/\/www.unirufa.it\/info-studenti\/almalaurea\/#primaryimage"},"thumbnailUrl":"https:\/\/www.unirufa.it\/wp-content\/uploads\/2021\/10\/AlmaLaurea_Immagine.jpg","datePublished":"2013-07-03T08:33:47+00:00","dateModified":"2025-01-21T10:22:26+00:00","description":"{:it}AlmaLaurea \u00e8 un'iniziativa di connessione e scambio dati fra laureati ed aziende interessate ad offrire agli studenti un inserimento professionale.{:}","breadcrumb":{"@id":"https:\/\/www.unirufa.it\/info-studenti\/almalaurea\/#breadcrumb"},"inLanguage":"es","potentialAction":[{"@type":"ReadAction","target":["https:\/\/www.unirufa.it\/info-studenti\/almalaurea\/"]}]},{"@type":"ImageObject","inLanguage":"es","@id":"https:\/\/www.unirufa.it\/info-studenti\/almalaurea\/#primaryimage","url":"https:\/\/www.unirufa.it\/wp-content\/uploads\/2021\/10\/AlmaLaurea_Immagine.jpg","contentUrl":"https:\/\/www.unirufa.it\/wp-content\/uploads\/2021\/10\/AlmaLaurea_Immagine.jpg","width":1440,"height":600,"caption":"AlmaLaurea - Immagine"},{"@type":"BreadcrumbList","@id":"https:\/\/www.unirufa.it\/info-studenti\/almalaurea\/#breadcrumb","itemListElement":[{"@type":"ListItem","position":1,"name":"Home","item":"https:\/\/www.unirufa.it\/"},{"@type":"ListItem","position":2,"name":"Info Studenti e Servizi","item":"https:\/\/www.unirufa.it\/info-studenti\/"},{"@type":"ListItem","position":3,"name":"AlmaLaurea"}]},{"@type":"WebSite","@id":"https:\/\/www.unirufa.it\/#website","url":"https:\/\/www.unirufa.it\/","name":"RUFA - Rome University of Fine Arts","description":"","potentialAction":[{"@type":"SearchAction","target":{"@type":"EntryPoint","urlTemplate":"https:\/\/www.unirufa.it\/?s={search_term_string}"},"query-input":{"@type":"PropertyValueSpecification","valueRequired":true,"valueName":"search_term_string"}}],"inLanguage":"es"}]}},"_links":{"self":[{"href":"https:\/\/www.unirufa.it\/es\/wp-json\/wp\/v2\/pages\/1293","targetHints":{"allow":["GET"]}}],"collection":[{"href":"https:\/\/www.unirufa.it\/es\/wp-json\/wp\/v2\/pages"}],"about":[{"href":"https:\/\/www.unirufa.it\/es\/wp-json\/wp\/v2\/types\/page"}],"author":[{"embeddable":true,"href":"https:\/\/www.unirufa.it\/es\/wp-json\/wp\/v2\/users\/1"}],"replies":[{"embeddable":true,"href":"https:\/\/www.unirufa.it\/es\/wp-json\/wp\/v2\/comments?post=1293"}],"version-history":[{"count":35,"href":"https:\/\/www.unirufa.it\/es\/wp-json\/wp\/v2\/pages\/1293\/revisions"}],"predecessor-version":[{"id":141695,"href":"https:\/\/www.unirufa.it\/es\/wp-json\/wp\/v2\/pages\/1293\/revisions\/141695"}],"up":[{"embeddable":true,"href":"https:\/\/www.unirufa.it\/es\/wp-json\/wp\/v2\/pages\/1310"}],"wp:featuredmedia":[{"embeddable":true,"href":"https:\/\/www.unirufa.it\/es\/wp-json\/wp\/v2\/media\/53344"}],"wp:attachment":[{"href":"https:\/\/www.unirufa.it\/es\/wp-json\/wp\/v2\/media?parent=1293"}],"curies":[{"name":"wp","href":"https:\/\/api.w.org\/{rel}","templated":true}]}}