


{"id":1294,"date":"2013-07-03T08:35:12","date_gmt":"2013-07-03T08:35:12","guid":{"rendered":"http:\/\/www.unirufa.it\/?page_id=1294"},"modified":"2019-09-05T15:05:50","modified_gmt":"2019-09-05T15:05:50","slug":"rufa-factory","status":"publish","type":"page","link":"https:\/\/www.unirufa.it\/es\/servizi-e-facilities\/rufa-factory\/","title":{"rendered":"RUFA Factory"},"content":{"rendered":"<p class=\"qtranxs-available-languages-message qtranxs-available-languages-message-es\">Disculpa, pero esta entrada est\u00e1 disponible s\u00f3lo en <a href=\"https:\/\/www.unirufa.it\/it\/wp-json\/wp\/v2\/pages\/1294\" class=\"qtranxs-available-language-link qtranxs-available-language-link-it\" title=\"IT\">IT<\/a> y <a href=\"https:\/\/www.unirufa.it\/en\/wp-json\/wp\/v2\/pages\/1294\" class=\"qtranxs-available-language-link qtranxs-available-language-link-en\" title=\"EN\">EN<\/a>.<\/p><div>\n<h3>Sostenitori della ricerca.<\/h3>\n<p>RUFA \u00e8 un\u2019Accademia viva, vibrante, sempre alla ricerca di nuovi stimoli e nuove collaborazioni, da implementare nei propri programmi di studio per offrire ai propri Studenti il meglio, le idee pi\u00f9 interessanti dal mondo delle arti e della creativit\u00e0.<br \/>\nContaminazione \u00e8 la parola di oggi, ovvero la ricerca di contatti trasversali tra differenti realt\u00e0 creative chiamate ad arricchirsi reciprocamente ed affluire l\u2019una nell\u2019altra per generare movimento continuo, imprescindibile per chi si occupa di arte e comunicazione.<\/p>\n<p><strong>Chi studia e chi produce.<\/strong><br \/>\nLe aziende produttrici, le Case e le firme di importanti settori delle Arti, della Comunicazione e del Design interagiscono regolarmente con la RUFA Factory per creare assieme eventi di co-branding, stages, pianificazioni marketing ed advertising.<br \/>\nQuesti eventi sono tesi a diffondere fra pubblico e operatori del settore il concetto della contemporaneit\u00e0 delle discipline e delle professioni.<br \/>\nRUFA Factory \u00e8 quindi il laboratorio permanente dal quale nascono le idee, le persone e le tendenze che daranno vita al nuovo materiale didattico offerto dall\u2019Accademia.<\/p>\n<p><strong>Movimento creativo.<\/strong><br \/>\nIn RUFA Factory si incontrano artisti, giovani o affermati, designer, professionisti, stilisti, teorici, committenti e mercanti d\u2019arte, registi, fotografi, attori.<br \/>\nInsieme, realizzano infinite creazioni e variazioni sul tema dell\u2019arte e della comunicazione, il tutto all\u2019insegna della sperimentazione e dell\u2019innovazione.<br \/>\nA differenza del percorso didattico consueto, in RUFA Factory \u00e8 doveroso interagire con altre discipline, sovvertire i canoni usuali, concepire nuove forme di pensiero laterale.<\/p>\n<p><strong>Innovazione permanente.<\/strong><br \/>\nRUFA Factory \u00e8 un atelier creativo curato dal Dipartimento di Progettazione ed Arti Applicate di RUFA.<br \/>\nFornisce supporto tecnico ed operativo agli Studenti ed alle imprese coinvolte.<br \/>\nHa come obiettivi didattici e formativi lo studio e la ricerca dell\u2019innovazione nei processi produttivi e sui manufatti finali.<br \/>\nAgisce nei campi della grafica, del disegno industriale, della moda, del multimediale, del teatro, delle arti visive e delle nuove tecnologie per la video-arte.<\/p>\n<\/div>","protected":false},"excerpt":{"rendered":"<p>Disculpa, pero esta entrada est\u00e1 disponible s\u00f3lo en IT y EN. Sostenitori della ricerca. RUFA \u00e8 un\u2019Accademia viva, vibrante, sempre alla ricerca di nuovi stimoli e nuove collaborazioni, da implementare nei propri programmi di studio per offrire ai propri Studenti il meglio, le idee pi\u00f9 interessanti dal mondo delle arti e della creativit\u00e0. Contaminazione \u00e8&#8230;<\/p>\n","protected":false},"author":1,"featured_media":0,"parent":1273,"menu_order":0,"comment_status":"closed","ping_status":"closed","template":"","meta":{"content-type":"","footnotes":""},"class_list":["post-1294","page","type-page","status-publish","hentry"],"yoast_head":"<!-- This site is optimized with the Yoast SEO plugin v24.2 - https:\/\/yoast.com\/wordpress\/plugins\/seo\/ -->\n<title>RUFA Factory - RUFA - Rome University of Fine Arts<\/title>\n<meta name=\"robots\" content=\"index, follow, max-snippet:-1, max-image-preview:large, max-video-preview:-1\" \/>\n<link rel=\"canonical\" href=\"https:\/\/www.unirufa.it\/servizi-e-facilities\/rufa-factory\/\" \/>\n<meta property=\"og:locale\" content=\"es_ES\" \/>\n<meta property=\"og:type\" content=\"article\" \/>\n<meta property=\"og:title\" content=\"RUFA Factory - RUFA - Rome University of Fine Arts\" \/>\n<meta property=\"og:description\" content=\"Disculpa, pero esta entrada est\u00e1 disponible s\u00f3lo en IT y EN. Sostenitori della ricerca. RUFA \u00e8 un\u2019Accademia viva, vibrante, sempre alla ricerca di nuovi stimoli e nuove collaborazioni, da implementare nei propri programmi di studio per offrire ai propri Studenti il meglio, le idee pi\u00f9 interessanti dal mondo delle arti e della creativit\u00e0. Contaminazione \u00e8...\" \/>\n<meta property=\"og:url\" content=\"https:\/\/www.unirufa.it\/servizi-e-facilities\/rufa-factory\/\" \/>\n<meta property=\"og:site_name\" content=\"RUFA - Rome University of Fine Arts\" \/>\n<meta property=\"article:modified_time\" content=\"2019-09-05T15:05:50+00:00\" \/>\n<meta property=\"og:image\" content=\"https:\/\/www.unirufa.it\/wp-content\/uploads\/2017\/11\/logo-rufa-2016.png\" \/>\n\t<meta property=\"og:image:width\" content=\"230\" \/>\n\t<meta property=\"og:image:height\" content=\"149\" \/>\n\t<meta property=\"og:image:type\" content=\"image\/png\" \/>\n<meta name=\"twitter:label1\" content=\"Tiempo de lectura\" \/>\n\t<meta name=\"twitter:data1\" content=\"3 minutos\" \/>\n<script type=\"application\/ld+json\" class=\"yoast-schema-graph\">{\"@context\":\"https:\/\/schema.org\",\"@graph\":[{\"@type\":\"WebPage\",\"@id\":\"https:\/\/www.unirufa.it\/servizi-e-facilities\/rufa-factory\/\",\"url\":\"https:\/\/www.unirufa.it\/servizi-e-facilities\/rufa-factory\/\",\"name\":\"RUFA Factory - RUFA - Rome University of Fine Arts\",\"isPartOf\":{\"@id\":\"https:\/\/www.unirufa.it\/#website\"},\"datePublished\":\"2013-07-03T08:35:12+00:00\",\"dateModified\":\"2019-09-05T15:05:50+00:00\",\"breadcrumb\":{\"@id\":\"https:\/\/www.unirufa.it\/servizi-e-facilities\/rufa-factory\/#breadcrumb\"},\"inLanguage\":\"es\",\"potentialAction\":[{\"@type\":\"ReadAction\",\"target\":[\"https:\/\/www.unirufa.it\/servizi-e-facilities\/rufa-factory\/\"]}]},{\"@type\":\"BreadcrumbList\",\"@id\":\"https:\/\/www.unirufa.it\/servizi-e-facilities\/rufa-factory\/#breadcrumb\",\"itemListElement\":[{\"@type\":\"ListItem\",\"position\":1,\"name\":\"Home\",\"item\":\"https:\/\/www.unirufa.it\/\"},{\"@type\":\"ListItem\",\"position\":2,\"name\":\"Servizi e facilities\",\"item\":\"https:\/\/www.unirufa.it\/servizi-e-facilities\/\"},{\"@type\":\"ListItem\",\"position\":3,\"name\":\"RUFA Factory\"}]},{\"@type\":\"WebSite\",\"@id\":\"https:\/\/www.unirufa.it\/#website\",\"url\":\"https:\/\/www.unirufa.it\/\",\"name\":\"RUFA - Rome University of Fine Arts\",\"description\":\"\",\"potentialAction\":[{\"@type\":\"SearchAction\",\"target\":{\"@type\":\"EntryPoint\",\"urlTemplate\":\"https:\/\/www.unirufa.it\/?s={search_term_string}\"},\"query-input\":{\"@type\":\"PropertyValueSpecification\",\"valueRequired\":true,\"valueName\":\"search_term_string\"}}],\"inLanguage\":\"es\"}]}<\/script>\n<!-- \/ Yoast SEO plugin. -->","yoast_head_json":{"title":"RUFA Factory - RUFA - Rome University of Fine Arts","robots":{"index":"index","follow":"follow","max-snippet":"max-snippet:-1","max-image-preview":"max-image-preview:large","max-video-preview":"max-video-preview:-1"},"canonical":"https:\/\/www.unirufa.it\/servizi-e-facilities\/rufa-factory\/","og_locale":"es_ES","og_type":"article","og_title":"RUFA Factory - RUFA - Rome University of Fine Arts","og_description":"Disculpa, pero esta entrada est\u00e1 disponible s\u00f3lo en IT y EN. Sostenitori della ricerca. RUFA \u00e8 un\u2019Accademia viva, vibrante, sempre alla ricerca di nuovi stimoli e nuove collaborazioni, da implementare nei propri programmi di studio per offrire ai propri Studenti il meglio, le idee pi\u00f9 interessanti dal mondo delle arti e della creativit\u00e0. Contaminazione \u00e8...","og_url":"https:\/\/www.unirufa.it\/servizi-e-facilities\/rufa-factory\/","og_site_name":"RUFA - Rome University of Fine Arts","article_modified_time":"2019-09-05T15:05:50+00:00","og_image":[{"width":230,"height":149,"url":"https:\/\/www.unirufa.it\/wp-content\/uploads\/2017\/11\/logo-rufa-2016.png","type":"image\/png"}],"twitter_misc":{"Tiempo de lectura":"3 minutos"},"schema":{"@context":"https:\/\/schema.org","@graph":[{"@type":"WebPage","@id":"https:\/\/www.unirufa.it\/servizi-e-facilities\/rufa-factory\/","url":"https:\/\/www.unirufa.it\/servizi-e-facilities\/rufa-factory\/","name":"RUFA Factory - RUFA - Rome University of Fine Arts","isPartOf":{"@id":"https:\/\/www.unirufa.it\/#website"},"datePublished":"2013-07-03T08:35:12+00:00","dateModified":"2019-09-05T15:05:50+00:00","breadcrumb":{"@id":"https:\/\/www.unirufa.it\/servizi-e-facilities\/rufa-factory\/#breadcrumb"},"inLanguage":"es","potentialAction":[{"@type":"ReadAction","target":["https:\/\/www.unirufa.it\/servizi-e-facilities\/rufa-factory\/"]}]},{"@type":"BreadcrumbList","@id":"https:\/\/www.unirufa.it\/servizi-e-facilities\/rufa-factory\/#breadcrumb","itemListElement":[{"@type":"ListItem","position":1,"name":"Home","item":"https:\/\/www.unirufa.it\/"},{"@type":"ListItem","position":2,"name":"Servizi e facilities","item":"https:\/\/www.unirufa.it\/servizi-e-facilities\/"},{"@type":"ListItem","position":3,"name":"RUFA Factory"}]},{"@type":"WebSite","@id":"https:\/\/www.unirufa.it\/#website","url":"https:\/\/www.unirufa.it\/","name":"RUFA - Rome University of Fine Arts","description":"","potentialAction":[{"@type":"SearchAction","target":{"@type":"EntryPoint","urlTemplate":"https:\/\/www.unirufa.it\/?s={search_term_string}"},"query-input":{"@type":"PropertyValueSpecification","valueRequired":true,"valueName":"search_term_string"}}],"inLanguage":"es"}]}},"_links":{"self":[{"href":"https:\/\/www.unirufa.it\/es\/wp-json\/wp\/v2\/pages\/1294","targetHints":{"allow":["GET"]}}],"collection":[{"href":"https:\/\/www.unirufa.it\/es\/wp-json\/wp\/v2\/pages"}],"about":[{"href":"https:\/\/www.unirufa.it\/es\/wp-json\/wp\/v2\/types\/page"}],"author":[{"embeddable":true,"href":"https:\/\/www.unirufa.it\/es\/wp-json\/wp\/v2\/users\/1"}],"replies":[{"embeddable":true,"href":"https:\/\/www.unirufa.it\/es\/wp-json\/wp\/v2\/comments?post=1294"}],"version-history":[{"count":4,"href":"https:\/\/www.unirufa.it\/es\/wp-json\/wp\/v2\/pages\/1294\/revisions"}],"predecessor-version":[{"id":10247,"href":"https:\/\/www.unirufa.it\/es\/wp-json\/wp\/v2\/pages\/1294\/revisions\/10247"}],"up":[{"embeddable":true,"href":"https:\/\/www.unirufa.it\/es\/wp-json\/wp\/v2\/pages\/1273"}],"wp:attachment":[{"href":"https:\/\/www.unirufa.it\/es\/wp-json\/wp\/v2\/media?parent=1294"}],"curies":[{"name":"wp","href":"https:\/\/api.w.org\/{rel}","templated":true}]}}