


{"id":130142,"date":"2024-04-24T10:20:34","date_gmt":"2024-04-24T08:20:34","guid":{"rendered":"https:\/\/www.unirufa.it\/?page_id=130142"},"modified":"2024-06-13T13:51:35","modified_gmt":"2024-06-13T11:51:35","slug":"tracks-of-freedom-2024","status":"publish","type":"page","link":"https:\/\/www.unirufa.it\/es\/tracks-of-freedom-2024\/","title":{"rendered":"Tracks of Freedom 2024 &#8211; Unconscious creativity"},"content":{"rendered":"<p class=\"qtranxs-available-languages-message qtranxs-available-languages-message-es\">Disculpa, pero esta entrada est\u00e1 disponible s\u00f3lo en <a href=\"https:\/\/www.unirufa.it\/it\/wp-json\/wp\/v2\/pages\/130142\" class=\"qtranxs-available-language-link qtranxs-available-language-link-it\" title=\"IT\">IT<\/a> y <a href=\"https:\/\/www.unirufa.it\/en\/wp-json\/wp\/v2\/pages\/130142\" class=\"qtranxs-available-language-link qtranxs-available-language-link-en\" title=\"EN\">EN<\/a>.<\/p><h3><span style=\"color: #0d8bd5;\">&#8216;Unconscious creativity&#8217; \u00e8 il tema lanciato per l&#8217;edizione 2024 del format TRACKS OF FREEDOM: come ogni anno, un gruppo di studenti RUFA del biennio di <a href=\"https:\/\/www.unirufa.it\/offerta-formativa\/corsi-ii-livello\/visual-and-innovation-design\/\"><span style=\"color: #0d8bd5;\">Visual and Innovation Design<\/span><\/a> \u00e8 volato a New York per vivere un&#8217;esperienza professionale unica nel suo genere, alla ricerca di ispirazione per nuovi approcci progettuali e artistici.<\/span><\/h3>\n<p>&nbsp;<br \/>\nImmagina di immergerti nell&#8217;effervescente mondo del brand e del visual design, avvolti in una variet\u00e0 di talk, visite agli studi, e approfondimenti sociali e culturali, il tutto nella vibrante cornice di New York, simbolo indiscusso della libert\u00e0. \u00c8 qui che i nostri studenti del corso magistrale di Visual and Innovation Design avranno l&#8217;opportunit\u00e0 di trasformare l&#8217;energia pulsante della citt\u00e0 e i loro sogni in creativit\u00e0 senza confini.<br \/>\nQuesto progetto speciale offre un&#8217;intensa esperienza di 9 giorni dove ricerca, studio, lavoro progettuale si fondono in un&#8217;esperienza straordinaria nel cuore della Grande Mela, immersi in un ambiente professionale stimolante ed avvincente.<\/p>\n<p>Il workshop si propone di <strong>esplorare il concetto di Libert\u00e0<\/strong> attraverso una lente sinestetica, abbracciando un <strong>approccio multidisciplinare<\/strong> che mira a catturare il dinamismo elettrizzante e la forza creativa simbolica di New York. Saranno utilizzate tutte le tecniche e i linguaggi della comunicazione contemporanea, dalla <strong>brand identity alla motion graphic, dall&#8217;interaction design alla fotografia e al video<\/strong>, incoraggiando ibridazioni, convergenze e sperimentazioni.<\/p>\n<p>Dal 6 al 15 maggio 2024 gli studenti &#8211; guidati dai docenti e designer <a href=\"https:\/\/www.unirufa.it\/docenti\/mario-rullo\/\" target=\"_blank\" rel=\"noopener\">Mario Rullo<\/a> ed <a href=\"https:\/\/www.unirufa.it\/docenti\/emanuele-cappelli\/\" target=\"_blank\" rel=\"noopener\">Emanuele Cappelli<\/a>, insieme al nostro Direttore Accademico, l&#8217;Arch. Fabio Mongelli &#8211; hanno provato a reinterpretare il concetto di \u00abLibert\u00e0\u00bb, catturando il <strong>vibrante dinamismo e la forza creativa di New York<\/strong> attraverso una variet\u00e0 di linguaggi e tecniche comunicative contemporanee.<br \/>\nI progetti sviluppati dagli studenti nell&#8217;arco di questi nove giorni saranno poi esposti nella suggestiva cornice del <a href=\"https:\/\/www.unirufa.it\/en\/sedi\/sedi-roma\/via-degli-ausoni-7\/rufa-space\/\" rel=\"noopener\" target=\"_blank\">RUFA Space<\/a>, spazio espositivo collocato presso il Pastificio Cerere, nel quartiere San Lorenzo di Roma. Un&#8217;occasione preziosa per raccontare ad un pubblico esterno i frutti di questo percorso didattico, unico nel suo genere.<\/p>\n<p>Tra gli innumerevoli studi visitati ricordiamo: <strong><a href=\"https:\/\/www.pentagram.com\/\" rel=\"noopener\" target=\"_blank\">Pentagram<\/a><\/strong>, sotto la guida dalla partner Giorgia Lupi e con un breve incontro con Paula Scher, una delle graphic designer pi\u00f9 influenti al mondo; <strong><a href=\"https:\/\/cooper.edu\/art\/herb-lubalin-study-center-design-and-typography\" rel=\"noopener\" target=\"_blank\">Lubalin Foundation<\/a>, <a href=\"https:\/\/order.design\/\" rel=\"noopener\" target=\"_blank\">Order Studio<\/a><\/strong>, <strong><a href=\"https:\/\/www.salotto.studio\/\" rel=\"noopener\" target=\"_blank\">Salotto Studio<\/a><\/strong> &#8211; dove abbiamo ascoltato i case study di Giulia Zoavo, Vittorio Perotti, Lorenzo Fanton e l&#8217;illustratore Emiliano Ponzi &#8211; o ancora <strong><a href=\"https:\/\/theworkingassembly.com\/\" rel=\"noopener\" target=\"_blank\">The Working Assembly<\/a><\/strong>, <strong><a href=\"https:\/\/gretelny.com\/\" rel=\"noopener\" target=\"_blank\">Studio Gretel<\/a><\/strong>, i designer da anni attivi a New York<strong> Matteo Bologna e Daniele Politini<\/strong>. In conclusione, come ogni anno, gli studenti hanno avuto l&#8217;opportunit\u00e0 di presentare il proprio lavoro di ricerca nella prestigiosa <strong><a href=\"https:\/\/sva.edu\/academics\/graduate\/mfa-design\" rel=\"noopener\" target=\"_blank\">MFA SVA Design<\/a><\/strong>, alla presenza di designer d&#8217;eccezione come Lita Talarico, Steven Heller, Lorenzo Fanton, Jonathan Wayskol.<\/p>\n<p>Congratulazioni a tutti i giovani designer RUFA coinvolti in questa avventura: Lucia Borgia, Flaminia Filigi, Giulia Giovannetti, Arianna Ippoliti, Rozalia Kiss, Nicla Marinelli, Silvia Mercurio, Lorenzo Mirabella, Giorgia Pustorino, Alessandra Remoli, Ornella Susca e Mariangela Verde.<br \/>\n&nbsp;<\/p>\n<div class=\"embed-responsive embed-responsive-16by9\"><iframe loading=\"lazy\" width=\"560\" height=\"315\" src=\"https:\/\/www.youtube-nocookie.com\/embed\/8QdeMhHOfTw?si=oEKTHUBeazHlmm_-\" frameborder=\"0\" gesture=\"media\" allow=\"encrypted-media\" allowfullscreen><\/iframe><\/div>\n<p>&nbsp;<\/p>\n<h3><span style=\"color: #0d8bd5;\">Continua a scorrere questa pagina per vedere le foto e i vlog girati dagli studenti giorno per giorno e avere un assaggio della loro avventura nella Grande Mela.<\/span><\/h3>","protected":false},"excerpt":{"rendered":"<p>Disculpa, pero esta entrada est\u00e1 disponible s\u00f3lo en IT y EN.&#8216;Unconscious creativity&#8217; \u00e8 il tema lanciato per l&#8217;edizione 2024 del format TRACKS OF FREEDOM: come ogni anno, un gruppo di studenti RUFA del biennio di Visual and Innovation Design \u00e8 volato a New York per vivere un&#8217;esperienza professionale unica nel suo genere, alla ricerca di&#8230;<\/p>\n","protected":false},"author":35,"featured_media":134618,"parent":0,"menu_order":0,"comment_status":"closed","ping_status":"closed","template":"page_sva.php","meta":{"content-type":"","footnotes":""},"class_list":["post-130142","page","type-page","status-publish","has-post-thumbnail","hentry"],"yoast_head":"<!-- This site is optimized with the Yoast SEO plugin v24.2 - https:\/\/yoast.com\/wordpress\/plugins\/seo\/ -->\n<title>Tracks of Freedom 2024 - Unconscious creativity - RUFA - Rome University of Fine Arts<\/title>\n<meta name=\"description\" content=\"Tracks of Freedom \u2013 Unconscious creativity \u00e8 il tema lanciato per l&#039;edizione 2024.\" \/>\n<meta name=\"robots\" content=\"index, follow, max-snippet:-1, max-image-preview:large, max-video-preview:-1\" \/>\n<link rel=\"canonical\" href=\"https:\/\/www.unirufa.it\/tracks-of-freedom-2024\/\" \/>\n<meta property=\"og:locale\" content=\"es_ES\" \/>\n<meta property=\"og:type\" content=\"article\" \/>\n<meta property=\"og:title\" content=\"Tracks of Freedom 2024 - Unconscious creativity - RUFA - Rome University of Fine Arts\" \/>\n<meta property=\"og:description\" content=\"Tracks of Freedom \u2013 Unconscious creativity \u00e8 il tema lanciato per l&#039;edizione 2024.\" \/>\n<meta property=\"og:url\" content=\"https:\/\/www.unirufa.it\/tracks-of-freedom-2024\/\" \/>\n<meta property=\"og:site_name\" content=\"RUFA - Rome University of Fine Arts\" \/>\n<meta property=\"article:modified_time\" content=\"2024-06-13T11:51:35+00:00\" \/>\n<meta property=\"og:image\" content=\"https:\/\/www.unirufa.it\/wp-content\/uploads\/2024\/06\/banner_tof2024.jpg\" \/>\n\t<meta property=\"og:image:width\" content=\"1440\" \/>\n\t<meta property=\"og:image:height\" content=\"600\" \/>\n\t<meta property=\"og:image:type\" content=\"image\/jpeg\" \/>\n<meta name=\"twitter:label1\" content=\"Tiempo de lectura\" \/>\n\t<meta name=\"twitter:data1\" content=\"5 minutos\" \/>\n<script type=\"application\/ld+json\" class=\"yoast-schema-graph\">{\"@context\":\"https:\/\/schema.org\",\"@graph\":[{\"@type\":\"WebPage\",\"@id\":\"https:\/\/www.unirufa.it\/tracks-of-freedom-2024\/\",\"url\":\"https:\/\/www.unirufa.it\/tracks-of-freedom-2024\/\",\"name\":\"Tracks of Freedom 2024 - Unconscious creativity - RUFA - Rome University of Fine Arts\",\"isPartOf\":{\"@id\":\"https:\/\/www.unirufa.it\/#website\"},\"primaryImageOfPage\":{\"@id\":\"https:\/\/www.unirufa.it\/tracks-of-freedom-2024\/#primaryimage\"},\"image\":{\"@id\":\"https:\/\/www.unirufa.it\/tracks-of-freedom-2024\/#primaryimage\"},\"thumbnailUrl\":\"https:\/\/www.unirufa.it\/wp-content\/uploads\/2024\/06\/banner_tof2024.jpg\",\"datePublished\":\"2024-04-24T08:20:34+00:00\",\"dateModified\":\"2024-06-13T11:51:35+00:00\",\"description\":\"Tracks of Freedom \u2013 Unconscious creativity \u00e8 il tema lanciato per l'edizione 2024.\",\"breadcrumb\":{\"@id\":\"https:\/\/www.unirufa.it\/tracks-of-freedom-2024\/#breadcrumb\"},\"inLanguage\":\"es\",\"potentialAction\":[{\"@type\":\"ReadAction\",\"target\":[\"https:\/\/www.unirufa.it\/tracks-of-freedom-2024\/\"]}]},{\"@type\":\"ImageObject\",\"inLanguage\":\"es\",\"@id\":\"https:\/\/www.unirufa.it\/tracks-of-freedom-2024\/#primaryimage\",\"url\":\"https:\/\/www.unirufa.it\/wp-content\/uploads\/2024\/06\/banner_tof2024.jpg\",\"contentUrl\":\"https:\/\/www.unirufa.it\/wp-content\/uploads\/2024\/06\/banner_tof2024.jpg\",\"width\":1440,\"height\":600},{\"@type\":\"BreadcrumbList\",\"@id\":\"https:\/\/www.unirufa.it\/tracks-of-freedom-2024\/#breadcrumb\",\"itemListElement\":[{\"@type\":\"ListItem\",\"position\":1,\"name\":\"Home\",\"item\":\"https:\/\/www.unirufa.it\/\"},{\"@type\":\"ListItem\",\"position\":2,\"name\":\"Tracks of Freedom 2024 &#8211; Unconscious creativity\"}]},{\"@type\":\"WebSite\",\"@id\":\"https:\/\/www.unirufa.it\/#website\",\"url\":\"https:\/\/www.unirufa.it\/\",\"name\":\"RUFA - Rome University of Fine Arts\",\"description\":\"\",\"potentialAction\":[{\"@type\":\"SearchAction\",\"target\":{\"@type\":\"EntryPoint\",\"urlTemplate\":\"https:\/\/www.unirufa.it\/?s={search_term_string}\"},\"query-input\":{\"@type\":\"PropertyValueSpecification\",\"valueRequired\":true,\"valueName\":\"search_term_string\"}}],\"inLanguage\":\"es\"}]}<\/script>\n<!-- \/ Yoast SEO plugin. -->","yoast_head_json":{"title":"Tracks of Freedom 2024 - Unconscious creativity - RUFA - Rome University of Fine Arts","description":"Tracks of Freedom \u2013 Unconscious creativity \u00e8 il tema lanciato per l'edizione 2024.","robots":{"index":"index","follow":"follow","max-snippet":"max-snippet:-1","max-image-preview":"max-image-preview:large","max-video-preview":"max-video-preview:-1"},"canonical":"https:\/\/www.unirufa.it\/tracks-of-freedom-2024\/","og_locale":"es_ES","og_type":"article","og_title":"Tracks of Freedom 2024 - Unconscious creativity - RUFA - Rome University of Fine Arts","og_description":"Tracks of Freedom \u2013 Unconscious creativity \u00e8 il tema lanciato per l'edizione 2024.","og_url":"https:\/\/www.unirufa.it\/tracks-of-freedom-2024\/","og_site_name":"RUFA - Rome University of Fine Arts","article_modified_time":"2024-06-13T11:51:35+00:00","og_image":[{"width":1440,"height":600,"url":"https:\/\/www.unirufa.it\/wp-content\/uploads\/2024\/06\/banner_tof2024.jpg","type":"image\/jpeg"}],"twitter_misc":{"Tiempo de lectura":"5 minutos"},"schema":{"@context":"https:\/\/schema.org","@graph":[{"@type":"WebPage","@id":"https:\/\/www.unirufa.it\/tracks-of-freedom-2024\/","url":"https:\/\/www.unirufa.it\/tracks-of-freedom-2024\/","name":"Tracks of Freedom 2024 - Unconscious creativity - RUFA - Rome University of Fine Arts","isPartOf":{"@id":"https:\/\/www.unirufa.it\/#website"},"primaryImageOfPage":{"@id":"https:\/\/www.unirufa.it\/tracks-of-freedom-2024\/#primaryimage"},"image":{"@id":"https:\/\/www.unirufa.it\/tracks-of-freedom-2024\/#primaryimage"},"thumbnailUrl":"https:\/\/www.unirufa.it\/wp-content\/uploads\/2024\/06\/banner_tof2024.jpg","datePublished":"2024-04-24T08:20:34+00:00","dateModified":"2024-06-13T11:51:35+00:00","description":"Tracks of Freedom \u2013 Unconscious creativity \u00e8 il tema lanciato per l'edizione 2024.","breadcrumb":{"@id":"https:\/\/www.unirufa.it\/tracks-of-freedom-2024\/#breadcrumb"},"inLanguage":"es","potentialAction":[{"@type":"ReadAction","target":["https:\/\/www.unirufa.it\/tracks-of-freedom-2024\/"]}]},{"@type":"ImageObject","inLanguage":"es","@id":"https:\/\/www.unirufa.it\/tracks-of-freedom-2024\/#primaryimage","url":"https:\/\/www.unirufa.it\/wp-content\/uploads\/2024\/06\/banner_tof2024.jpg","contentUrl":"https:\/\/www.unirufa.it\/wp-content\/uploads\/2024\/06\/banner_tof2024.jpg","width":1440,"height":600},{"@type":"BreadcrumbList","@id":"https:\/\/www.unirufa.it\/tracks-of-freedom-2024\/#breadcrumb","itemListElement":[{"@type":"ListItem","position":1,"name":"Home","item":"https:\/\/www.unirufa.it\/"},{"@type":"ListItem","position":2,"name":"Tracks of Freedom 2024 &#8211; Unconscious creativity"}]},{"@type":"WebSite","@id":"https:\/\/www.unirufa.it\/#website","url":"https:\/\/www.unirufa.it\/","name":"RUFA - Rome University of Fine Arts","description":"","potentialAction":[{"@type":"SearchAction","target":{"@type":"EntryPoint","urlTemplate":"https:\/\/www.unirufa.it\/?s={search_term_string}"},"query-input":{"@type":"PropertyValueSpecification","valueRequired":true,"valueName":"search_term_string"}}],"inLanguage":"es"}]}},"_links":{"self":[{"href":"https:\/\/www.unirufa.it\/es\/wp-json\/wp\/v2\/pages\/130142","targetHints":{"allow":["GET"]}}],"collection":[{"href":"https:\/\/www.unirufa.it\/es\/wp-json\/wp\/v2\/pages"}],"about":[{"href":"https:\/\/www.unirufa.it\/es\/wp-json\/wp\/v2\/types\/page"}],"author":[{"embeddable":true,"href":"https:\/\/www.unirufa.it\/es\/wp-json\/wp\/v2\/users\/35"}],"replies":[{"embeddable":true,"href":"https:\/\/www.unirufa.it\/es\/wp-json\/wp\/v2\/comments?post=130142"}],"version-history":[{"count":57,"href":"https:\/\/www.unirufa.it\/es\/wp-json\/wp\/v2\/pages\/130142\/revisions"}],"predecessor-version":[{"id":134687,"href":"https:\/\/www.unirufa.it\/es\/wp-json\/wp\/v2\/pages\/130142\/revisions\/134687"}],"wp:featuredmedia":[{"embeddable":true,"href":"https:\/\/www.unirufa.it\/es\/wp-json\/wp\/v2\/media\/134618"}],"wp:attachment":[{"href":"https:\/\/www.unirufa.it\/es\/wp-json\/wp\/v2\/media?parent=130142"}],"curies":[{"name":"wp","href":"https:\/\/api.w.org\/{rel}","templated":true}]}}