


{"id":1310,"date":"2013-07-03T08:54:20","date_gmt":"2013-07-03T08:54:20","guid":{"rendered":"http:\/\/www.unirufa.it\/?page_id=1310"},"modified":"2025-10-20T10:02:21","modified_gmt":"2025-10-20T08:02:21","slug":"info-studenti","status":"publish","type":"page","link":"https:\/\/www.unirufa.it\/es\/info-studenti\/","title":{"rendered":"Informaci\u00f3n y servicios para estudiantes"},"content":{"rendered":"<div class=\"embed-responsive embed-responsive-16by9\"><iframe loading=\"lazy\" src=\"https:\/\/www.youtube-nocookie.com\/embed\/IfyWxIP09vc\" width=\"560\" height=\"315\" frameborder=\"0\" allowfullscreen=\"allowfullscreen\"><\/iframe><\/div>\n<p>&nbsp;<\/p>\n<div class=\"row\">\n<div class=\"col-lg-12\">\n<p><\/strong>La RUFA es una Academia que escucha y sigue a sus alumnos en cada etapa de su trayectoria de estudios.<\/strong> Los servicios que ofrece la Academia son muchos, actualiz\u00e1ndose y redise\u00f1\u00e1ndose constantemente, para estar siempre a la altura de las necesidades reales de asistencia, orientaci\u00f3n e integraci\u00f3n en el mundo laboral. Para que la experiencia de estudio sea siempre agradable y fruct\u00edfera, la RUFA acompa\u00f1a a sus estudiantes, acogi\u00e9ndolos con sus servicios dedicados.\n  <\/div>\n<\/div>\n<h2>\u00c1rea did\u00e1ctica<\/h2>\n<div class=\"row\">\n<div class=\"col-sm-12 col-lg-6\"><a href=\"https:\/\/www.unirufa.it\/es\/stage-placement\/\"> <img decoding=\"async\" class=\"alignnone wp-image-29804 size-full\" src=\"https:\/\/www.unirufa.it\/es\/wp-content\/uploads\/2022\/03\/RUFACareerService_Slider.jpg\" alt=\"\" width=\"100%\" height=\"auto\" \/> <\/a><\/p>\n<h3><a href=\"https:\/\/www.unirufa.it\/es\/stage-placement\/\"> Career System <\/a><\/h3>\n<p>Nunca es demasiado pronto para empezar a trabajar. Cientos de estudiantes de la RUFA entran y salen cada a\u00f1o por las puertas de la oficina de Pr\u00e1cticas y Colocaci\u00f3n, listos para despegar hacia el mercado laboral. La RUFA ha dise\u00f1ado y puesto en marcha un portal para conectar la oferta y la demanda de empleo. Los estudiantes y graduados de la Academia tienen la oportunidad de consultar una base de datos de empresas que publican anuncios y dar visibilidad a su perfil profesional.\n  <\/p><\/div>\n<div class=\"col-sm-12 col-lg-6\">\n    <img decoding=\"async\" class=\"alignnone wp-image-29804 size-full\" src=\"https:\/\/www.unirufa.it\/es\/wp-content\/uploads\/2022\/03\/servizi_didatticadistanza.jpg\" alt=\"\" width=\"100%\" height=\"auto\" \/><\/p>\n<h3>Plataforma de e-Learning<\/h3>\n<p>    La RUFA ha puesto a disposici\u00f3n de alumnos y profesores una plataforma de e-learning, basada en la tecnolog\u00eda Moodle. Una herramienta pr\u00e1ctica y vers\u00e1til que permite compartir los materiales del curso, las presentaciones, los apuntes, las revisiones, los avances de los proyectos, las pruebas de evaluaci\u00f3n y mucho m\u00e1s, as\u00ed como dialogar en tiempo real con todos los que forman parte de la comunidad docente. Todo es para todos: proyectos, trabajos, textos, foros de discusi\u00f3n, chats, opiniones. La plataforma de E-learning de RUFA ofrece el m\u00e1ximo de posibilidades: los contenidos pueden ponerse a disposici\u00f3n de otros, en cualquier lugar, a trav\u00e9s de la web, sin fronteras y sin barreras. Para una experiencia RUFA mejorada, tambi\u00e9n en digital.\n  <\/p><\/div>\n<\/div>\n<div class=\"row\">\n<div class=\"col-sm-12 col-lg-6\"><a href=\"https:\/\/www.unirufa.it\/es\/info-studenti\/progetto-erasmus\/\"> <img decoding=\"async\" class=\"alignnone wp-image-29804 size-full\" src=\"https:\/\/www.unirufa.it\/es\/wp-content\/uploads\/2020\/01\/consel.jpg\" alt=\"\" width=\"100%\" height=\"auto\" \/> <\/a><\/p>\n<h3><a href=\"https:\/\/www.unirufa.it\/es\/info-studenti\/progetto-erasmus\/\"> Erasmus+<\/a><\/h3>\n<p>Viva Europa. Erasmus+ lleva a los estudiantes por toda Europa y m\u00e1s all\u00e1, d\u00e1ndoles la oportunidad de estudiar o trabajar hasta 12 meses en una universidad o empresa asociada. Los cr\u00e9ditos adquiridos durante esta fant\u00e1stica experiencia se reconocen en el curr\u00edculo acad\u00e9mico.  <\/p><\/div>\n<div class=\"col-sm-12 col-lg-6\"><a href=\"https:\/\/www.unirufa.it\/es\/orientamento\/supporto-didattico\/tutor\/\"> <img decoding=\"async\" class=\"alignnone wp-image-29804 size-full\" src=\"https:\/\/www.unirufa.it\/es\/wp-content\/uploads\/2022\/03\/servizi_tesi.jpg\" alt=\"\" width=\"100%\" height=\"auto\" \/> <\/a><\/p>\n<h3><a href=\"https:\/\/www.unirufa.it\/es\/orientamento\/supporto-didattico\/tutor\/\"> Tutor<\/a><\/h3>\n<p>El servicio de tutor\u00eda de la RUFA orienta y ayuda a los estudiantes a lo largo de sus estudios, haci\u00e9ndoles part\u00edcipes del proceso educativo, con el fin de superar los obst\u00e1culos que puedan surgir en su trayectoria acad\u00e9mica. El objetivo es que sus estudios sean eficaces y productivos.  <\/p><\/div>\n<\/div>\n<div class=\"row\">\n<div class=\"col-sm-12 col-lg-6\"><a href=\"https:\/\/www.unirufa.it\/es\/info-studenti\/sportello-tesi\/\"> <img decoding=\"async\" class=\"alignnone wp-image-29804 size-full\" src=\"https:\/\/www.unirufa.it\/es\/wp-content\/uploads\/2022\/03\/servizi_orientamento.jpg\" alt=\"\" width=\"100%\" height=\"auto\" \/> <\/a><\/p>\n<h3><a href=\"https:\/\/www.unirufa.it\/es\/info-studenti\/sportello-tesi\/\"> Banco de tesis<\/a><\/h3>\n<p> El Banco de tesis es un servicio de asistencia en la elaboraci\u00f3n de la tesis escrita y gr\u00e1fica, dirigido a los estudiantes graduados de la RUFA. Su objetivo es proporcionar a sus miembros un apoyo metodol\u00f3gico para facilitar la redacci\u00f3n de los trabajos escritos que se presentar\u00e1n y discutir\u00e1n durante la tesis.\n  <\/p><\/div>\n<div class=\"col-sm-12 col-lg-6\"><a href=\"https:\/\/www.unirufa.it\/es\/sedi\"> <img decoding=\"async\" class=\"alignnone wp-image-29804 size-full\" src=\"https:\/\/www.unirufa.it\/es\/wp-content\/uploads\/2022\/03\/servizi_sedi.jpg\" alt=\"\" width=\"100%\" height=\"auto\" \/> <\/a><\/p>\n<h3><a href=\"https:\/\/www.unirufa.it\/es\/sedi\">Instalaciones RUFA<\/a><\/h3>\n<p> En la RUFA los laboratorios y las aulas pertenecen a los estudiantes. Descubra las instalaciones y los servicios relacionados, como el Espacio RUFA, donde se organiza un evento cada semana, la Biblioteca, donde podr\u00e1 consultar publicaciones y estudiar, el RUFALab, donde podr\u00e1 realizar sus ideas, o incluso el RUFA Arena, para desafiar a colegas y profesores en los tejados de Roma.  <\/p><\/div>\n<\/div>\n<div class=\"row\">\n<div class=\"col-sm-12 col-lg-6\"><a href=\"https:\/\/www.unirufa.it\/es\/?post_type=sedi&#038;p=66385&#038;preview=true\"> <img decoding=\"async\" class=\"alignnone wp-image-29804 size-full\" src=\"https:\/\/www.unirufa.it\/es\/wp-content\/uploads\/2022\/03\/servizi_service_cinema.jpg\" alt=\"\" width=\"100%\" height=\"auto\" \/> <\/a><\/p>\n<h3><a href=\"https:\/\/www.unirufa.it\/es\/sedi\/service-cinema\/\"> Service cinema<\/a><\/h3>\n<p>\u00a1Ciak, acci\u00f3n! El objetivo del Servicio de Cine es combinar la did\u00e1ctica de la Escuela de Cine con las actividades pr\u00e1cticas que la caracterizan. El objetivo es sencillo e inmediato: dar a los alumnos la oportunidad de interactuar y tocar los principales equipos de los que han o\u00eddo hablar durante las clases.\n<\/p><\/div>\n<div class=\"row\">\n<div class=\"col-sm-12 col-lg-6\"><a href=\"https:\/\/www.unirufa.it\/orientamento\/supporto-didattico\/linee-guida-dsa\/\"> <img decoding=\"async\" class=\"alignnone wp-image-29804 size-full\" src=\"https:\/\/www.unirufa.it\/wp-content\/uploads\/2025\/07\/1440_img-PAOLA-2.jpg\" alt=\"\" width=\"100%\" height=\"auto\" \/> <\/a><\/p>\n<h3><a href=\"https:\/\/www.unirufa.it\/orientamento\/supporto-didattico\/linee-guida-dsa\/\">Apoyo para Discapacidades, DSA y Necesidades Educativas Especiales<\/a><\/h3>\n<p>omo parte de sus servicios de apoyo al estudiante, RUFA ha prestado especial atenci\u00f3n a quienes conviven diariamente con los llamados \u201cTrastornos Espec\u00edficos del Aprendizaje\u201d, com\u00fanmente conocidos por el acr\u00f3nimo DSA. RUFA ha implementado una serie de medidas que permiten a los estudiantes utilizar herramientas y adaptaciones para afrontar de manera eficaz su recorrido educativo.\n<\/p><\/div>\n<\/div>\n<h2>Tiempo libre y extra did\u00e1ctica<\/h2>\n<div class=\"row\">\n<div class=\"col-sm-12 col-lg-6\"><a href=\"https:\/\/www.unirufa.it\/es\/info-studenti\/orientamento-counseling\/\"> <img decoding=\"async\" class=\"alignnone wp-image-29804 size-full\" src=\"https:\/\/www.unirufa.it\/es\/wp-content\/uploads\/2016\/12\/orientamento.png\" alt=\"\" width=\"100%\" height=\"auto\" \/> <\/a><\/p>\n<h3><a href=\"https:\/\/www.unirufa.it\/es\/info-studenti\/orientamento-counseling\/\"> Counseling <\/a><\/h3>\n<p>Un lugar para ser escuchado. A veces la vida acad\u00e9mica puede traer consigo estr\u00e9s y ansiedad por el rendimiento. En esta oficina, los estudiantes encuentran un o\u00eddo atento y consejos para ayudarles a continuar su camino acad\u00e9mico de la mejor manera posible y superar cualquier dificultad.\n<\/p><\/div>\n<div class=\"col-sm-12 col-lg-6\">\n    <img decoding=\"async\" class=\"alignnone wp-image-29804 size-full\" src=\"https:\/\/www.unirufa.it\/es\/wp-content\/uploads\/2022\/03\/servizi_bar.jpg\" alt=\"\" width=\"100%\" height=\"auto\" \/><\/p>\n<h3>RUFArt Caf\u00e9<\/h3>\n<p>Para almorzar, comer un croissant o simplemente charlar, est\u00e1 el RUFArt Caf\u00e9, un lugar para relajarse despu\u00e9s de las clases o entre ellas. Aqu\u00ed encontrar\u00e1 una comida deliciosa, un servicio excepcional y un gran caf\u00e9.\n  <\/p><\/div>\n<\/div>\n<div class=\"hidden-xs hidden-sm hidden-md hidden-lg hidden-xl\">\n<div class=\"row\">\n<div class=\"col-sm-12 col-lg-6\">\n    <img decoding=\"async\" class=\"alignnone wp-image-29804 size-full\" src=\"https:\/\/www.unirufa.it\/es\/wp-content\/uploads\/2022\/03\/servizi_wifi.jpg\" alt=\"\" width=\"100%\" height=\"auto\" \/><\/p>\n<h3>Wi-fi<\/h3>\n<p>    Puede utilizar la red Wi-Fi de la RUFA en todas las instalaciones de la Academia. Fiable y r\u00e1pida, la red RUFA permite navegar por la Academia sin problemas.\n  <\/p><\/div>\n<div class=\"col-sm-12 col-lg-6\"><img decoding=\"async\" class=\"alignnone wp-image-29804 size-full\" src=\"https:\/\/www.unirufa.it\/es\/wp-content\/uploads\/2022\/03\/servizi_maxxi.jpg\" alt=\"\" width=\"100%\" height=\"auto\" \/><\/p>\n<h3>myMAXXI card<\/h3>\n<p>  La RUFA apoya las artes y ofrece a sus estudiantes la tarjeta myMAXXI. Si eres estudiante de la Academia puedes vivir el museo a tiempo completo gracias al acceso ilimitado y en condiciones preferentes a todos los nuevos programas culturales, actividades educativas y eventos especiales.\n<\/p><\/div>\n<\/div>\n<\/div>\n<div class=\"row\">\n<\/div>\n<div class=\"row\">\n<div class=\"col-sm-12\">\n<p>Siga navegando y descubra cu\u00e1nto se preocupa RUFA por sus estudiantes.<\/p>\n\n    <div class=\"panel-group\" id=\"accordion\" role=\"tablist\" aria-multiselectable=\"true\">\n        \n<p>  \n<article class=\"panel panel-default\" role=\"article\" itemscope itemtype=\"http:\/\/schema.org\/BlogPosting\">\n    <div class=\"panel-heading\" role=\"tab\" id=\"heading2\">\n\t    <h4 class=\"panel-title\">\n\t        <a class=\"collapsed\" role=\"button\" data-toggle=\"collapse\" data-parent=\"#accordion\" href=\"#collapse2\" aria-expanded=\"false\" aria-controls=\"collapse2\" itemprop=\"headline\">Becas y beneficios econ\u00f3micos\t        \t<span class=\"courses\">\n                 \n  \t        \t<\/span>\n\t        <\/a>\n\t    <\/h4>\n\t<\/div>\n<\/article>\n\n  \n    <div id=\"collapse2\" class=\"panel-collapse collapse \" role=\"tabpanel\" aria-labelledby=\"heading2\">\n        <div class=\"panel-body\" itemprop=\"articleBody\">\n            <div class=\"item-description\">\n                \n<p> RUFA, para facilitar el acceso a la educaci\u00f3n de sus alumnos, ha propuesto becas para programas de grado y m\u00e1ster, y ha establecido acuerdos con entidades de cr\u00e9dito.<\/p>\n<p>Las becas est\u00e1n dirigidas a alumnos con talento que quieran estudiar en nuestra Academia y a aquellos que necesiten apoyo econ\u00f3mico.<\/p>\n<p>  <a href=\"https:\/\/www.unirufa.it\/es\/orientamento\/borse-di-studio-e-agevolazioni-economiche\/\" class=\"full download-btn full\">Descubres becas y beneficios econ\u00f3micos<\/a><br \/>\n              <\/div>\n        <\/div>\n    <\/div>\n    \n  \n<article class=\"panel panel-default\" role=\"article\" itemscope itemtype=\"http:\/\/schema.org\/BlogPosting\">\n    <div class=\"panel-heading\" role=\"tab\" id=\"heading3\">\n\t    <h4 class=\"panel-title\">\n\t        <a class=\"collapsed\" role=\"button\" data-toggle=\"collapse\" data-parent=\"#accordion\" href=\"#collapse3\" aria-expanded=\"false\" aria-controls=\"collapse3\" itemprop=\"headline\">Carriera Alias\t        \t<span class=\"courses\">\n                 \n  \t        \t<\/span>\n\t        <\/a>\n\t    <\/h4>\n\t<\/div>\n<\/article>\n\n  \n    <div id=\"collapse3\" class=\"panel-collapse collapse \" role=\"tabpanel\" aria-labelledby=\"heading3\">\n        <div class=\"panel-body\" itemprop=\"articleBody\">\n            <div class=\"item-description\">\n                \n<p>  RUFA \u2013 La Universidad de Bellas Artes de Roma ofrece un entorno de estudio inclusivo y acogedor para los estudiantes que est\u00e1n en transici\u00f3n de g\u00e9nero y se preocupa por la protecci\u00f3n de su privacidad y dignidad. Para lograr este objetivo, se puede crear un \u00abregistro acad\u00e9mico alias\u00bb para los estudiantes que lo soliciten. Esto permite a los estudiantes elegir su nombre para este per\u00edodo transitorio, aunque todav\u00eda no sea oficial.<\/p>\n<p>  <a href=\"https:\/\/www.unirufa.it\/es\/orientamento\/supporto-didattico\/carriera-alias\/\" class=\"full download-btn full\">Descubres Alias Career <\/a><br \/>\n              <\/div>\n        <\/div>\n    <\/div>\n    \n  \n<article class=\"panel panel-default\" role=\"article\" itemscope itemtype=\"http:\/\/schema.org\/BlogPosting\">\n    <div class=\"panel-heading\" role=\"tab\" id=\"heading1\">\n\t    <h4 class=\"panel-title\">\n\t        <a class=\"collapsed\" role=\"button\" data-toggle=\"collapse\" data-parent=\"#accordion\" href=\"#collapse1\" aria-expanded=\"false\" aria-controls=\"collapse1\" itemprop=\"headline\">Directrices para estudiantes con dificultades de aprendizaje\t        \t<span class=\"courses\">\n                 \n  \t        \t<\/span>\n\t        <\/a>\n\t    <\/h4>\n\t<\/div>\n<\/article>\n\n  \n    <div id=\"collapse1\" class=\"panel-collapse collapse \" role=\"tabpanel\" aria-labelledby=\"heading1\">\n        <div class=\"panel-body\" itemprop=\"articleBody\">\n            <div class=\"item-description\">\n                \n<p>Como parte de sus servicios de apoyo a los estudiantes, la RUFA \u2013 Universidad de Bellas Artes de Roma ha dedicado una atenci\u00f3n especial a quienes tienen que lidiar a diario con los llamados \u00abTrastornos Espec\u00edficos del Aprendizaje\u00bb a los que se suele referir con las siglas DSA.<\/p>\n<p>  <a href=\"https:\/\/www.unirufa.it\/es\/orientamento\/supporto-didattico\/linee-guida-dsa\/\" class=\"full download-btn full\">Directrices para estudiantes con dificultades de aprendizaje <\/a><br \/>\n              <\/div>\n        <\/div>\n    <\/div>\n    \n  \n<article class=\"panel panel-default\" role=\"article\" itemscope itemtype=\"http:\/\/schema.org\/BlogPosting\">\n    <div class=\"panel-heading\" role=\"tab\" id=\"heading4\">\n\t    <h4 class=\"panel-title\">\n\t        <a class=\"collapsed\" role=\"button\" data-toggle=\"collapse\" data-parent=\"#accordion\" href=\"#collapse4\" aria-expanded=\"false\" aria-controls=\"collapse4\" itemprop=\"headline\">Directrices para estudiantes con discapacidades\t        \t<span class=\"courses\">\n                 \n  \t        \t<\/span>\n\t        <\/a>\n\t    <\/h4>\n\t<\/div>\n<\/article>\n\n  \n    <div id=\"collapse4\" class=\"panel-collapse collapse \" role=\"tabpanel\" aria-labelledby=\"heading4\">\n        <div class=\"panel-body\" itemprop=\"articleBody\">\n            <div class=\"item-description\">\n                \n<p>El derecho de los alumnos a la educaci\u00f3n no puede verse obstaculizado por dificultades de aprendizaje u otras dificultades derivadas de las discapacidades (art\u00edculo 12 de la Ley 104\/1992).<\/p>\n<p>  <a href=\"https:\/\/www.unirufa.it\/es\/orientamento\/supporto-didattico\/linee-guida-studenti-con-disabilita\/\" class=\"full download-btn full\">Directrices para estudiantes con discapacidades <\/a><br \/>\n              <\/div>\n        <\/div>\n    <\/div>\n    \n      <\/div>\n    \n  <\/div>\n<\/p><\/div>","protected":false},"excerpt":{"rendered":"<p>&nbsp; La RUFA es una Academia que escucha y sigue a sus alumnos en cada etapa de su trayectoria de estudios. Los servicios que ofrece la Academia son muchos, actualiz\u00e1ndose y redise\u00f1\u00e1ndose constantemente, para estar siempre a la altura de las necesidades reales de asistencia, orientaci\u00f3n e integraci\u00f3n en el mundo laboral. Para que la&#8230;<\/p>\n","protected":false},"author":1,"featured_media":0,"parent":0,"menu_order":0,"comment_status":"open","ping_status":"open","template":"page_blank.php","meta":{"content-type":"","footnotes":""},"class_list":["post-1310","page","type-page","status-publish","hentry"],"yoast_head":"<!-- This site is optimized with the Yoast SEO plugin v24.2 - https:\/\/yoast.com\/wordpress\/plugins\/seo\/ -->\n<title>INFO studenti: tutte le informazioni per gli studenti dell&#039;Universit\u00e0 - RUFA<\/title>\n<meta name=\"description\" content=\"RUFA \u00e8 un\u2019Accademia che ascolta e segue i suoi studenti in ogni tappa del loro percorso di studi, scopri tutti i servizi!\" \/>\n<meta name=\"robots\" content=\"index, follow, max-snippet:-1, max-image-preview:large, max-video-preview:-1\" \/>\n<link rel=\"canonical\" href=\"https:\/\/www.unirufa.it\/info-studenti\/\" \/>\n<meta property=\"og:locale\" content=\"es_ES\" \/>\n<meta property=\"og:type\" content=\"article\" \/>\n<meta property=\"og:title\" content=\"[:it]INFO studenti: tutte le informazioni per gli studenti dell&#039;Universit\u00e0 - RUFA[:]\" \/>\n<meta property=\"og:description\" content=\"{:it}RUFA \u00e8 un\u2019Accademia che ascolta e segue i suoi studenti in ogni tappa del loro percorso di studi, scopri tutti i servizi!{:}\" \/>\n<meta property=\"og:url\" content=\"https:\/\/www.unirufa.it\/info-studenti\/\" \/>\n<meta property=\"og:site_name\" content=\"RUFA - Rome University of Fine Arts\" \/>\n<meta property=\"article:modified_time\" content=\"2025-10-20T08:02:21+00:00\" \/>\n<meta property=\"og:image\" content=\"https:\/\/www.unirufa.it\/wp-content\/uploads\/2020\/06\/borse_studio.jpg\" \/>\n\t<meta property=\"og:image:width\" content=\"500\" \/>\n\t<meta property=\"og:image:height\" content=\"500\" \/>\n\t<meta property=\"og:image:type\" content=\"image\/jpeg\" \/>\n<meta name=\"twitter:label1\" content=\"Tiempo de lectura\" \/>\n\t<meta name=\"twitter:data1\" content=\"23 minutos\" \/>\n<script type=\"application\/ld+json\" class=\"yoast-schema-graph\">{\"@context\":\"https:\/\/schema.org\",\"@graph\":[{\"@type\":\"WebPage\",\"@id\":\"https:\/\/www.unirufa.it\/info-studenti\/\",\"url\":\"https:\/\/www.unirufa.it\/info-studenti\/\",\"name\":\"[:it]INFO studenti: tutte le informazioni per gli studenti dell'Universit\u00e0 - RUFA[:]\",\"isPartOf\":{\"@id\":\"https:\/\/www.unirufa.it\/#website\"},\"primaryImageOfPage\":{\"@id\":\"https:\/\/www.unirufa.it\/info-studenti\/#primaryimage\"},\"image\":{\"@id\":\"https:\/\/www.unirufa.it\/info-studenti\/#primaryimage\"},\"thumbnailUrl\":\"https:\/\/www.unirufa.it\/wp-content\/uploads\/2022\/03\/RUFACareerService_Slider.jpg\",\"datePublished\":\"2013-07-03T08:54:20+00:00\",\"dateModified\":\"2025-10-20T08:02:21+00:00\",\"description\":\"{:it}RUFA \u00e8 un\u2019Accademia che ascolta e segue i suoi studenti in ogni tappa del loro percorso di studi, scopri tutti i servizi!{:}\",\"breadcrumb\":{\"@id\":\"https:\/\/www.unirufa.it\/info-studenti\/#breadcrumb\"},\"inLanguage\":\"es\",\"potentialAction\":[{\"@type\":\"ReadAction\",\"target\":[\"https:\/\/www.unirufa.it\/info-studenti\/\"]}]},{\"@type\":\"ImageObject\",\"inLanguage\":\"es\",\"@id\":\"https:\/\/www.unirufa.it\/info-studenti\/#primaryimage\",\"url\":\"https:\/\/www.unirufa.it\/wp-content\/uploads\/2022\/03\/RUFACareerService_Slider.jpg\",\"contentUrl\":\"https:\/\/www.unirufa.it\/wp-content\/uploads\/2022\/03\/RUFACareerService_Slider.jpg\"},{\"@type\":\"BreadcrumbList\",\"@id\":\"https:\/\/www.unirufa.it\/info-studenti\/#breadcrumb\",\"itemListElement\":[{\"@type\":\"ListItem\",\"position\":1,\"name\":\"Home\",\"item\":\"https:\/\/www.unirufa.it\/\"},{\"@type\":\"ListItem\",\"position\":2,\"name\":\"Info Studenti e Servizi\"}]},{\"@type\":\"WebSite\",\"@id\":\"https:\/\/www.unirufa.it\/#website\",\"url\":\"https:\/\/www.unirufa.it\/\",\"name\":\"RUFA - Rome University of Fine Arts\",\"description\":\"\",\"potentialAction\":[{\"@type\":\"SearchAction\",\"target\":{\"@type\":\"EntryPoint\",\"urlTemplate\":\"https:\/\/www.unirufa.it\/?s={search_term_string}\"},\"query-input\":{\"@type\":\"PropertyValueSpecification\",\"valueRequired\":true,\"valueName\":\"search_term_string\"}}],\"inLanguage\":\"es\"}]}<\/script>\n<!-- \/ Yoast SEO plugin. -->","yoast_head_json":{"title":"INFO studenti: tutte le informazioni per gli studenti dell'Universit\u00e0 - RUFA","description":"RUFA \u00e8 un\u2019Accademia che ascolta e segue i suoi studenti in ogni tappa del loro percorso di studi, scopri tutti i servizi!","robots":{"index":"index","follow":"follow","max-snippet":"max-snippet:-1","max-image-preview":"max-image-preview:large","max-video-preview":"max-video-preview:-1"},"canonical":"https:\/\/www.unirufa.it\/info-studenti\/","og_locale":"es_ES","og_type":"article","og_title":"[:it]INFO studenti: tutte le informazioni per gli studenti dell'Universit\u00e0 - RUFA[:]","og_description":"{:it}RUFA \u00e8 un\u2019Accademia che ascolta e segue i suoi studenti in ogni tappa del loro percorso di studi, scopri tutti i servizi!{:}","og_url":"https:\/\/www.unirufa.it\/info-studenti\/","og_site_name":"RUFA - Rome University of Fine Arts","article_modified_time":"2025-10-20T08:02:21+00:00","og_image":[{"width":500,"height":500,"url":"https:\/\/www.unirufa.it\/wp-content\/uploads\/2020\/06\/borse_studio.jpg","type":"image\/jpeg"}],"twitter_misc":{"Tiempo de lectura":"23 minutos"},"schema":{"@context":"https:\/\/schema.org","@graph":[{"@type":"WebPage","@id":"https:\/\/www.unirufa.it\/info-studenti\/","url":"https:\/\/www.unirufa.it\/info-studenti\/","name":"[:it]INFO studenti: tutte le informazioni per gli studenti dell'Universit\u00e0 - RUFA[:]","isPartOf":{"@id":"https:\/\/www.unirufa.it\/#website"},"primaryImageOfPage":{"@id":"https:\/\/www.unirufa.it\/info-studenti\/#primaryimage"},"image":{"@id":"https:\/\/www.unirufa.it\/info-studenti\/#primaryimage"},"thumbnailUrl":"https:\/\/www.unirufa.it\/wp-content\/uploads\/2022\/03\/RUFACareerService_Slider.jpg","datePublished":"2013-07-03T08:54:20+00:00","dateModified":"2025-10-20T08:02:21+00:00","description":"{:it}RUFA \u00e8 un\u2019Accademia che ascolta e segue i suoi studenti in ogni tappa del loro percorso di studi, scopri tutti i servizi!{:}","breadcrumb":{"@id":"https:\/\/www.unirufa.it\/info-studenti\/#breadcrumb"},"inLanguage":"es","potentialAction":[{"@type":"ReadAction","target":["https:\/\/www.unirufa.it\/info-studenti\/"]}]},{"@type":"ImageObject","inLanguage":"es","@id":"https:\/\/www.unirufa.it\/info-studenti\/#primaryimage","url":"https:\/\/www.unirufa.it\/wp-content\/uploads\/2022\/03\/RUFACareerService_Slider.jpg","contentUrl":"https:\/\/www.unirufa.it\/wp-content\/uploads\/2022\/03\/RUFACareerService_Slider.jpg"},{"@type":"BreadcrumbList","@id":"https:\/\/www.unirufa.it\/info-studenti\/#breadcrumb","itemListElement":[{"@type":"ListItem","position":1,"name":"Home","item":"https:\/\/www.unirufa.it\/"},{"@type":"ListItem","position":2,"name":"Info Studenti e Servizi"}]},{"@type":"WebSite","@id":"https:\/\/www.unirufa.it\/#website","url":"https:\/\/www.unirufa.it\/","name":"RUFA - Rome University of Fine Arts","description":"","potentialAction":[{"@type":"SearchAction","target":{"@type":"EntryPoint","urlTemplate":"https:\/\/www.unirufa.it\/?s={search_term_string}"},"query-input":{"@type":"PropertyValueSpecification","valueRequired":true,"valueName":"search_term_string"}}],"inLanguage":"es"}]}},"_links":{"self":[{"href":"https:\/\/www.unirufa.it\/es\/wp-json\/wp\/v2\/pages\/1310","targetHints":{"allow":["GET"]}}],"collection":[{"href":"https:\/\/www.unirufa.it\/es\/wp-json\/wp\/v2\/pages"}],"about":[{"href":"https:\/\/www.unirufa.it\/es\/wp-json\/wp\/v2\/types\/page"}],"author":[{"embeddable":true,"href":"https:\/\/www.unirufa.it\/es\/wp-json\/wp\/v2\/users\/1"}],"replies":[{"embeddable":true,"href":"https:\/\/www.unirufa.it\/es\/wp-json\/wp\/v2\/comments?post=1310"}],"version-history":[{"count":22,"href":"https:\/\/www.unirufa.it\/es\/wp-json\/wp\/v2\/pages\/1310\/revisions"}],"predecessor-version":[{"id":148670,"href":"https:\/\/www.unirufa.it\/es\/wp-json\/wp\/v2\/pages\/1310\/revisions\/148670"}],"wp:attachment":[{"href":"https:\/\/www.unirufa.it\/es\/wp-json\/wp\/v2\/media?parent=1310"}],"curies":[{"name":"wp","href":"https:\/\/api.w.org\/{rel}","templated":true}]}}