


{"id":1312,"date":"2013-07-03T10:08:40","date_gmt":"2013-07-03T10:08:40","guid":{"rendered":"http:\/\/www.unirufa.it\/?page_id=1312"},"modified":"2021-12-13T10:44:12","modified_gmt":"2021-12-13T09:44:12","slug":"scadenze-per-gli-allievi","status":"publish","type":"page","link":"https:\/\/www.unirufa.it\/es\/info-studenti\/scadenze-per-gli-allievi\/","title":{"rendered":"Deadlines 2021"},"content":{"rendered":"<strong>24 de enero<\/strong> &#8211; Fecha l\u00edmite para reservar la prueba de admisi\u00f3n (sesi\u00f3n de enero)<\/p>\n<p><strong>18 de abril<\/strong> &#8211; Fecha l\u00edmite para reservar la prueba de admisi\u00f3n (sesi\u00f3n de abril)<\/p>\n<p><strong>30 de abril<\/strong> &#8211; Fecha l\u00edmite para presentar las solicitudes de graduaci\u00f3n<\/p>\n<p><strong>30 de mayo<\/strong> &#8211; Fecha l\u00edmite para reservar la prueba de admisi\u00f3n (sesi\u00f3n de junio)<\/p>\n<p><strong>10 de septiembre<\/strong> &#8211; Fecha l\u00edmite de inscripci\u00f3n tras superar la prueba de acceso de enero, abril y junio<\/p>\n<p><strong>12 de septiembre<\/strong> &#8211; Fecha l\u00edmite para reservar la prueba de admisi\u00f3n (sesi\u00f3n de septiembre)<\/p>\n<p><strong>28 de septiembre<\/strong> &#8211; Fecha l\u00edmite para matricularse tras superar la prueba de admisi\u00f3n de septiembre<\/p>\n<p><strong>30 de septiembre<\/strong> &#8211; Fecha l\u00edmite para matricularse en el segundo o tercer curso acad\u00e9mico<\/p>\n<p><strong>3 de octubre<\/strong> &#8211; Fecha l\u00edmite para reservar la prueba de admisi\u00f3n (sesi\u00f3n de octubre)<\/p>\n<p><strong>3 de octubre<\/strong> &#8211; Fecha l\u00edmite de inscripci\u00f3n directa para los programas de BA y MA<\/p>\n<p><strong>17 de octubre<\/strong>&#8211; Fecha l\u00edmite para matricularse tras superar la prueba de admisi\u00f3n de octubre<\/p>\n<p><strong>25 de octubre<\/strong> &#8211; Inicio del curso acad\u00e9mico<\/p>\n<p><strong>30 de noviembre<\/strong> &#8211; Fecha l\u00edmite para presentar los planes de estudio","protected":false},"excerpt":{"rendered":"<p>24 de enero &#8211; Fecha l\u00edmite para reservar la prueba de admisi\u00f3n (sesi\u00f3n de enero) 18 de abril &#8211; Fecha l\u00edmite para reservar la prueba de admisi\u00f3n (sesi\u00f3n de abril) 30 de abril &#8211; Fecha l\u00edmite para presentar las solicitudes de graduaci\u00f3n 30 de mayo &#8211; Fecha l\u00edmite para reservar la prueba de admisi\u00f3n (sesi\u00f3n&#8230;<\/p>\n","protected":false},"author":1,"featured_media":0,"parent":1310,"menu_order":0,"comment_status":"closed","ping_status":"closed","template":"","meta":{"content-type":"","footnotes":""},"class_list":["post-1312","page","type-page","status-publish","hentry"],"yoast_head":"<!-- This site is optimized with the Yoast SEO plugin v24.2 - https:\/\/yoast.com\/wordpress\/plugins\/seo\/ -->\n<title>RUFA: Scadenze universitarie per studenti - RUFA<\/title>\n<meta name=\"description\" content=\"RUFA: tutte le scadenze universitarie per gli studenti dell&#039;Accademia delle Belle Arti a Roma. Scoprile tutte!\" \/>\n<meta name=\"robots\" content=\"index, follow, max-snippet:-1, max-image-preview:large, max-video-preview:-1\" \/>\n<link rel=\"canonical\" href=\"https:\/\/www.unirufa.it\/en\/info-studenti\/scadenze-per-gli-allievi\/\" \/>\n<meta property=\"og:locale\" content=\"es_ES\" \/>\n<meta property=\"og:type\" content=\"article\" \/>\n<meta property=\"og:title\" content=\"RUFA: Scadenze universitarie per studenti - RUFA\" \/>\n<meta property=\"og:description\" content=\"RUFA: tutte le scadenze universitarie per gli studenti dell&#039;Accademia delle Belle Arti a Roma. Scoprile tutte!\" \/>\n<meta property=\"og:url\" content=\"https:\/\/www.unirufa.it\/en\/info-studenti\/scadenze-per-gli-allievi\/\" \/>\n<meta property=\"og:site_name\" content=\"RUFA - Rome University of Fine Arts\" \/>\n<meta property=\"article:modified_time\" content=\"2021-12-13T09:44:12+00:00\" \/>\n<meta property=\"og:image\" content=\"https:\/\/www.unirufa.it\/wp-content\/uploads\/2017\/11\/logo-rufa-2016.png\" \/>\n\t<meta property=\"og:image:width\" content=\"230\" \/>\n\t<meta property=\"og:image:height\" content=\"149\" \/>\n\t<meta property=\"og:image:type\" content=\"image\/png\" \/>\n<meta name=\"twitter:label1\" content=\"Tiempo de lectura\" \/>\n\t<meta name=\"twitter:data1\" content=\"3 minutos\" \/>\n<script type=\"application\/ld+json\" class=\"yoast-schema-graph\">{\"@context\":\"https:\/\/schema.org\",\"@graph\":[{\"@type\":\"WebPage\",\"@id\":\"https:\/\/www.unirufa.it\/en\/info-studenti\/scadenze-per-gli-allievi\/\",\"url\":\"https:\/\/www.unirufa.it\/en\/info-studenti\/scadenze-per-gli-allievi\/\",\"name\":\"RUFA: Scadenze universitarie per studenti - RUFA\",\"isPartOf\":{\"@id\":\"https:\/\/www.unirufa.it\/#website\"},\"datePublished\":\"2013-07-03T10:08:40+00:00\",\"dateModified\":\"2021-12-13T09:44:12+00:00\",\"description\":\"RUFA: tutte le scadenze universitarie per gli studenti dell'Accademia delle Belle Arti a Roma. Scoprile tutte!\",\"breadcrumb\":{\"@id\":\"https:\/\/www.unirufa.it\/en\/info-studenti\/scadenze-per-gli-allievi\/#breadcrumb\"},\"inLanguage\":\"es\",\"potentialAction\":[{\"@type\":\"ReadAction\",\"target\":[\"https:\/\/www.unirufa.it\/en\/info-studenti\/scadenze-per-gli-allievi\/\"]}]},{\"@type\":\"BreadcrumbList\",\"@id\":\"https:\/\/www.unirufa.it\/en\/info-studenti\/scadenze-per-gli-allievi\/#breadcrumb\",\"itemListElement\":[{\"@type\":\"ListItem\",\"position\":1,\"name\":\"Home\",\"item\":\"https:\/\/www.unirufa.it\/\"},{\"@type\":\"ListItem\",\"position\":2,\"name\":\"Info Studenti e Servizi\",\"item\":\"https:\/\/www.unirufa.it\/info-studenti\/\"},{\"@type\":\"ListItem\",\"position\":3,\"name\":\"Student deadlines 2021\"}]},{\"@type\":\"WebSite\",\"@id\":\"https:\/\/www.unirufa.it\/#website\",\"url\":\"https:\/\/www.unirufa.it\/\",\"name\":\"RUFA - Rome University of Fine Arts\",\"description\":\"\",\"potentialAction\":[{\"@type\":\"SearchAction\",\"target\":{\"@type\":\"EntryPoint\",\"urlTemplate\":\"https:\/\/www.unirufa.it\/?s={search_term_string}\"},\"query-input\":{\"@type\":\"PropertyValueSpecification\",\"valueRequired\":true,\"valueName\":\"search_term_string\"}}],\"inLanguage\":\"es\"}]}<\/script>\n<!-- \/ Yoast SEO plugin. -->","yoast_head_json":{"title":"RUFA: Scadenze universitarie per studenti - RUFA","description":"RUFA: tutte le scadenze universitarie per gli studenti dell'Accademia delle Belle Arti a Roma. Scoprile tutte!","robots":{"index":"index","follow":"follow","max-snippet":"max-snippet:-1","max-image-preview":"max-image-preview:large","max-video-preview":"max-video-preview:-1"},"canonical":"https:\/\/www.unirufa.it\/en\/info-studenti\/scadenze-per-gli-allievi\/","og_locale":"es_ES","og_type":"article","og_title":"RUFA: Scadenze universitarie per studenti - RUFA","og_description":"RUFA: tutte le scadenze universitarie per gli studenti dell'Accademia delle Belle Arti a Roma. Scoprile tutte!","og_url":"https:\/\/www.unirufa.it\/en\/info-studenti\/scadenze-per-gli-allievi\/","og_site_name":"RUFA - Rome University of Fine Arts","article_modified_time":"2021-12-13T09:44:12+00:00","og_image":[{"width":230,"height":149,"url":"https:\/\/www.unirufa.it\/wp-content\/uploads\/2017\/11\/logo-rufa-2016.png","type":"image\/png"}],"twitter_misc":{"Tiempo de lectura":"3 minutos"},"schema":{"@context":"https:\/\/schema.org","@graph":[{"@type":"WebPage","@id":"https:\/\/www.unirufa.it\/en\/info-studenti\/scadenze-per-gli-allievi\/","url":"https:\/\/www.unirufa.it\/en\/info-studenti\/scadenze-per-gli-allievi\/","name":"RUFA: Scadenze universitarie per studenti - RUFA","isPartOf":{"@id":"https:\/\/www.unirufa.it\/#website"},"datePublished":"2013-07-03T10:08:40+00:00","dateModified":"2021-12-13T09:44:12+00:00","description":"RUFA: tutte le scadenze universitarie per gli studenti dell'Accademia delle Belle Arti a Roma. Scoprile tutte!","breadcrumb":{"@id":"https:\/\/www.unirufa.it\/en\/info-studenti\/scadenze-per-gli-allievi\/#breadcrumb"},"inLanguage":"es","potentialAction":[{"@type":"ReadAction","target":["https:\/\/www.unirufa.it\/en\/info-studenti\/scadenze-per-gli-allievi\/"]}]},{"@type":"BreadcrumbList","@id":"https:\/\/www.unirufa.it\/en\/info-studenti\/scadenze-per-gli-allievi\/#breadcrumb","itemListElement":[{"@type":"ListItem","position":1,"name":"Home","item":"https:\/\/www.unirufa.it\/"},{"@type":"ListItem","position":2,"name":"Info Studenti e Servizi","item":"https:\/\/www.unirufa.it\/info-studenti\/"},{"@type":"ListItem","position":3,"name":"Student deadlines 2021"}]},{"@type":"WebSite","@id":"https:\/\/www.unirufa.it\/#website","url":"https:\/\/www.unirufa.it\/","name":"RUFA - Rome University of Fine Arts","description":"","potentialAction":[{"@type":"SearchAction","target":{"@type":"EntryPoint","urlTemplate":"https:\/\/www.unirufa.it\/?s={search_term_string}"},"query-input":{"@type":"PropertyValueSpecification","valueRequired":true,"valueName":"search_term_string"}}],"inLanguage":"es"}]}},"_links":{"self":[{"href":"https:\/\/www.unirufa.it\/es\/wp-json\/wp\/v2\/pages\/1312","targetHints":{"allow":["GET"]}}],"collection":[{"href":"https:\/\/www.unirufa.it\/es\/wp-json\/wp\/v2\/pages"}],"about":[{"href":"https:\/\/www.unirufa.it\/es\/wp-json\/wp\/v2\/types\/page"}],"author":[{"embeddable":true,"href":"https:\/\/www.unirufa.it\/es\/wp-json\/wp\/v2\/users\/1"}],"replies":[{"embeddable":true,"href":"https:\/\/www.unirufa.it\/es\/wp-json\/wp\/v2\/comments?post=1312"}],"version-history":[{"count":50,"href":"https:\/\/www.unirufa.it\/es\/wp-json\/wp\/v2\/pages\/1312\/revisions"}],"predecessor-version":[{"id":53266,"href":"https:\/\/www.unirufa.it\/es\/wp-json\/wp\/v2\/pages\/1312\/revisions\/53266"}],"up":[{"embeddable":true,"href":"https:\/\/www.unirufa.it\/es\/wp-json\/wp\/v2\/pages\/1310"}],"wp:attachment":[{"href":"https:\/\/www.unirufa.it\/es\/wp-json\/wp\/v2\/media?parent=1312"}],"curies":[{"name":"wp","href":"https:\/\/api.w.org\/{rel}","templated":true}]}}