


{"id":1313,"date":"2013-07-03T10:09:25","date_gmt":"2013-07-03T10:09:25","guid":{"rendered":"http:\/\/www.unirufa.it\/?page_id=1313"},"modified":"2021-12-13T10:29:45","modified_gmt":"2021-12-13T09:29:45","slug":"obbligo-di-frequenza","status":"publish","type":"page","link":"https:\/\/www.unirufa.it\/es\/info-studenti\/obbligo-di-frequenza\/","title":{"rendered":"Requisitos de asistencia"},"content":{"rendered":"<p>Los estudiantes deben asistir a todas las lecciones. Los profesores registrar\u00e1n la asistencia teniendo en cuenta el programa de estudios y los cr\u00e9ditos. Para ser admitido al examen de cada curso, los estudiantes deben haber asistido al 80% del total de las horas de clase.<\/p>\n<p>Al comienzo de cada trimestre acad\u00e9mico, los estudiantes deben inscribirse en cada curso mediante la inscripci\u00f3n en el registro de cursos gestionado por la Secretar\u00eda Acad\u00e9mica. Las solicitudes de inscripci\u00f3n en asignaturas similares, impartidas por profesores diferentes, deben dirigirse a la Comisi\u00f3n dentro de los treinta d\u00edas siguientes al comienzo del trimestre acad\u00e9mico.<\/p>\n<p>Los alumnos matriculados en una asignatura podr\u00e1n presentarse al examen en cualquiera de las sesiones de examen programadas despu\u00e9s de la conclusi\u00f3n de la asignatura y tras el final del a\u00f1o acad\u00e9mico en el que el alumno haya asistido a la misma. Todas las asignaturas pueden convertirse en un curso de dos a\u00f1os siempre que el programa del profesor pueda acomodarse a ello.<\/p>\n<p>Para todos los tipos de asignaturas (principal, b\u00e1sica, caracterizadora, similar o integradora) para los que se disponga de una versi\u00f3n de dos a\u00f1os, la asistencia se documentar\u00e1 en dos a\u00f1os acad\u00e9micos distintos.<\/p>\n<p>Durante las sesiones de examen, se pide a los estudiantes que traigan un documento de identidad v\u00e1lido, un cuaderno de examen y una copia de su plan de estudios, a fin de que la comisi\u00f3n pueda verificar la validez de su reserva de examen.<\/p>\n<p>No es posible presentarse a los ex\u00e1menes de cursos que no se hayan incluido en el plan de estudios de los estudiantes. Los estudiantes no pueden volver a inscribirse en el mismo curso dos veces durante el mismo a\u00f1o acad\u00e9mico.","protected":false},"excerpt":{"rendered":"<p>Los estudiantes deben asistir a todas las lecciones. Los profesores registrar\u00e1n la asistencia teniendo en cuenta el programa de estudios y los cr\u00e9ditos. Para ser admitido al examen de cada curso, los estudiantes deben haber asistido al 80% del total de las horas de clase. Al comienzo de cada trimestre acad\u00e9mico, los estudiantes deben inscribirse&#8230;<\/p>\n","protected":false},"author":1,"featured_media":0,"parent":1310,"menu_order":0,"comment_status":"closed","ping_status":"closed","template":"","meta":{"content-type":"","footnotes":""},"class_list":["post-1313","page","type-page","status-publish","hentry"],"yoast_head":"<!-- This site is optimized with the Yoast SEO plugin v24.2 - https:\/\/yoast.com\/wordpress\/plugins\/seo\/ -->\n<title>RUFA: Obbligo di frequenza per gli studenti - RUFA<\/title>\n<meta name=\"description\" content=\"Per essere ammesso agli esami di ogni disciplina l\u2019allievo deve aver frequentato obbligatoriamente l\u201980% delle ore complessive di lezione.\" \/>\n<meta name=\"robots\" content=\"index, follow, max-snippet:-1, max-image-preview:large, max-video-preview:-1\" \/>\n<link rel=\"canonical\" href=\"https:\/\/www.unirufa.it\/en\/info-studenti\/obbligo-di-frequenza\/\" \/>\n<meta property=\"og:locale\" content=\"es_ES\" \/>\n<meta property=\"og:type\" content=\"article\" \/>\n<meta property=\"og:title\" content=\"RUFA: Obbligo di frequenza per gli studenti - RUFA\" \/>\n<meta property=\"og:description\" content=\"Per essere ammesso agli esami di ogni disciplina l\u2019allievo deve aver frequentato obbligatoriamente l\u201980% delle ore complessive di lezione.\" \/>\n<meta property=\"og:url\" content=\"https:\/\/www.unirufa.it\/en\/info-studenti\/obbligo-di-frequenza\/\" \/>\n<meta property=\"og:site_name\" content=\"RUFA - Rome University of Fine Arts\" \/>\n<meta property=\"article:modified_time\" content=\"2021-12-13T09:29:45+00:00\" \/>\n<meta property=\"og:image\" content=\"https:\/\/www.unirufa.it\/wp-content\/uploads\/2017\/11\/logo-rufa-2016.png\" \/>\n\t<meta property=\"og:image:width\" content=\"230\" \/>\n\t<meta property=\"og:image:height\" content=\"149\" \/>\n\t<meta property=\"og:image:type\" content=\"image\/png\" \/>\n<meta name=\"twitter:label1\" content=\"Tiempo de lectura\" \/>\n\t<meta name=\"twitter:data1\" content=\"4 minutos\" \/>\n<script type=\"application\/ld+json\" class=\"yoast-schema-graph\">{\"@context\":\"https:\/\/schema.org\",\"@graph\":[{\"@type\":\"WebPage\",\"@id\":\"https:\/\/www.unirufa.it\/en\/info-studenti\/obbligo-di-frequenza\/\",\"url\":\"https:\/\/www.unirufa.it\/en\/info-studenti\/obbligo-di-frequenza\/\",\"name\":\"RUFA: Obbligo di frequenza per gli studenti - RUFA\",\"isPartOf\":{\"@id\":\"https:\/\/www.unirufa.it\/#website\"},\"datePublished\":\"2013-07-03T10:09:25+00:00\",\"dateModified\":\"2021-12-13T09:29:45+00:00\",\"description\":\"Per essere ammesso agli esami di ogni disciplina l\u2019allievo deve aver frequentato obbligatoriamente l\u201980% delle ore complessive di lezione.\",\"breadcrumb\":{\"@id\":\"https:\/\/www.unirufa.it\/en\/info-studenti\/obbligo-di-frequenza\/#breadcrumb\"},\"inLanguage\":\"es\",\"potentialAction\":[{\"@type\":\"ReadAction\",\"target\":[\"https:\/\/www.unirufa.it\/en\/info-studenti\/obbligo-di-frequenza\/\"]}]},{\"@type\":\"BreadcrumbList\",\"@id\":\"https:\/\/www.unirufa.it\/en\/info-studenti\/obbligo-di-frequenza\/#breadcrumb\",\"itemListElement\":[{\"@type\":\"ListItem\",\"position\":1,\"name\":\"Home\",\"item\":\"https:\/\/www.unirufa.it\/\"},{\"@type\":\"ListItem\",\"position\":2,\"name\":\"Info Studenti e Servizi\",\"item\":\"https:\/\/www.unirufa.it\/info-studenti\/\"},{\"@type\":\"ListItem\",\"position\":3,\"name\":\"Attendance requirements\"}]},{\"@type\":\"WebSite\",\"@id\":\"https:\/\/www.unirufa.it\/#website\",\"url\":\"https:\/\/www.unirufa.it\/\",\"name\":\"RUFA - Rome University of Fine Arts\",\"description\":\"\",\"potentialAction\":[{\"@type\":\"SearchAction\",\"target\":{\"@type\":\"EntryPoint\",\"urlTemplate\":\"https:\/\/www.unirufa.it\/?s={search_term_string}\"},\"query-input\":{\"@type\":\"PropertyValueSpecification\",\"valueRequired\":true,\"valueName\":\"search_term_string\"}}],\"inLanguage\":\"es\"}]}<\/script>\n<!-- \/ Yoast SEO plugin. -->","yoast_head_json":{"title":"RUFA: Obbligo di frequenza per gli studenti - RUFA","description":"Per essere ammesso agli esami di ogni disciplina l\u2019allievo deve aver frequentato obbligatoriamente l\u201980% delle ore complessive di lezione.","robots":{"index":"index","follow":"follow","max-snippet":"max-snippet:-1","max-image-preview":"max-image-preview:large","max-video-preview":"max-video-preview:-1"},"canonical":"https:\/\/www.unirufa.it\/en\/info-studenti\/obbligo-di-frequenza\/","og_locale":"es_ES","og_type":"article","og_title":"RUFA: Obbligo di frequenza per gli studenti - RUFA","og_description":"Per essere ammesso agli esami di ogni disciplina l\u2019allievo deve aver frequentato obbligatoriamente l\u201980% delle ore complessive di lezione.","og_url":"https:\/\/www.unirufa.it\/en\/info-studenti\/obbligo-di-frequenza\/","og_site_name":"RUFA - Rome University of Fine Arts","article_modified_time":"2021-12-13T09:29:45+00:00","og_image":[{"width":230,"height":149,"url":"https:\/\/www.unirufa.it\/wp-content\/uploads\/2017\/11\/logo-rufa-2016.png","type":"image\/png"}],"twitter_misc":{"Tiempo de lectura":"4 minutos"},"schema":{"@context":"https:\/\/schema.org","@graph":[{"@type":"WebPage","@id":"https:\/\/www.unirufa.it\/en\/info-studenti\/obbligo-di-frequenza\/","url":"https:\/\/www.unirufa.it\/en\/info-studenti\/obbligo-di-frequenza\/","name":"RUFA: Obbligo di frequenza per gli studenti - RUFA","isPartOf":{"@id":"https:\/\/www.unirufa.it\/#website"},"datePublished":"2013-07-03T10:09:25+00:00","dateModified":"2021-12-13T09:29:45+00:00","description":"Per essere ammesso agli esami di ogni disciplina l\u2019allievo deve aver frequentato obbligatoriamente l\u201980% delle ore complessive di lezione.","breadcrumb":{"@id":"https:\/\/www.unirufa.it\/en\/info-studenti\/obbligo-di-frequenza\/#breadcrumb"},"inLanguage":"es","potentialAction":[{"@type":"ReadAction","target":["https:\/\/www.unirufa.it\/en\/info-studenti\/obbligo-di-frequenza\/"]}]},{"@type":"BreadcrumbList","@id":"https:\/\/www.unirufa.it\/en\/info-studenti\/obbligo-di-frequenza\/#breadcrumb","itemListElement":[{"@type":"ListItem","position":1,"name":"Home","item":"https:\/\/www.unirufa.it\/"},{"@type":"ListItem","position":2,"name":"Info Studenti e Servizi","item":"https:\/\/www.unirufa.it\/info-studenti\/"},{"@type":"ListItem","position":3,"name":"Attendance requirements"}]},{"@type":"WebSite","@id":"https:\/\/www.unirufa.it\/#website","url":"https:\/\/www.unirufa.it\/","name":"RUFA - Rome University of Fine Arts","description":"","potentialAction":[{"@type":"SearchAction","target":{"@type":"EntryPoint","urlTemplate":"https:\/\/www.unirufa.it\/?s={search_term_string}"},"query-input":{"@type":"PropertyValueSpecification","valueRequired":true,"valueName":"search_term_string"}}],"inLanguage":"es"}]}},"_links":{"self":[{"href":"https:\/\/www.unirufa.it\/es\/wp-json\/wp\/v2\/pages\/1313","targetHints":{"allow":["GET"]}}],"collection":[{"href":"https:\/\/www.unirufa.it\/es\/wp-json\/wp\/v2\/pages"}],"about":[{"href":"https:\/\/www.unirufa.it\/es\/wp-json\/wp\/v2\/types\/page"}],"author":[{"embeddable":true,"href":"https:\/\/www.unirufa.it\/es\/wp-json\/wp\/v2\/users\/1"}],"replies":[{"embeddable":true,"href":"https:\/\/www.unirufa.it\/es\/wp-json\/wp\/v2\/comments?post=1313"}],"version-history":[{"count":10,"href":"https:\/\/www.unirufa.it\/es\/wp-json\/wp\/v2\/pages\/1313\/revisions"}],"predecessor-version":[{"id":57554,"href":"https:\/\/www.unirufa.it\/es\/wp-json\/wp\/v2\/pages\/1313\/revisions\/57554"}],"up":[{"embeddable":true,"href":"https:\/\/www.unirufa.it\/es\/wp-json\/wp\/v2\/pages\/1310"}],"wp:attachment":[{"href":"https:\/\/www.unirufa.it\/es\/wp-json\/wp\/v2\/media?parent=1313"}],"curies":[{"name":"wp","href":"https:\/\/api.w.org\/{rel}","templated":true}]}}