


{"id":132835,"date":"2024-07-10T16:54:31","date_gmt":"2024-07-10T14:54:31","guid":{"rendered":"https:\/\/www.unirufa.it\/?page_id=132835"},"modified":"2026-03-25T21:55:50","modified_gmt":"2026-03-25T20:55:50","slug":"disegno-artistico-ii-perfezionamento","status":"publish","type":"page","link":"https:\/\/www.unirufa.it\/es\/offerta-formativa\/corsi-brevi\/laboratorio-creativo\/disegno-artistico-ii-perfezionamento\/","title":{"rendered":"Dibujo Art\u00edstico Avanzado"},"content":{"rendered":"<h4>Todo el dibujo art\u00edstico condensado en un curso breve y completo.<\/h4>\n<p>El Curso de Perfeccionamiento en Dibujo Art\u00edstico pretende afinar la mirada y la curiosidad art\u00edstica de los participantes hacia el mundo y ayudarles a sumergirse a\u00fan m\u00e1s en diversas t\u00e9cnicas y materiales de dibujo, tanto convencionales como experimentales.<\/p>\n<p>El curso guiar\u00e1 a los participantes a trav\u00e9s de varios ejercicios de dibujo cl\u00e1sico y gestual con diferentes enfoques y atenci\u00f3n a la l\u00ednea, la forma, el volumen, la luz, la sombra, el movimiento, la composici\u00f3n y la interpretaci\u00f3n, utilizando diversos materiales y sujetos, dibujando del natural, fotograf\u00edas o imaginaci\u00f3n. Para el dibujo del natural, se prev\u00e9n dos sesiones con modelos en vivo y tambi\u00e9n una o m\u00e1s visitas a museos u otros lugares de inter\u00e9s en la ciudad de Roma.<\/p>\n<p>Al final del curso, se otorga un certificado de asistencia, condicionado a la participaci\u00f3n en al menos 8 de las 10 clases previstas, para un posible reconocimiento de 2 CFA.<\/p>\n\n&nbsp;<\/p>\n\n    <div class=\"panel-group\" id=\"accordion\" role=\"tablist\" aria-multiselectable=\"true\">\n        \n\n<article class=\"panel panel-default\" role=\"article\" itemscope itemtype=\"http:\/\/schema.org\/BlogPosting\">\n    <div class=\"panel-heading\" role=\"tab\" id=\"heading1\">\n\t    <h4 class=\"panel-title\">\n\t        <a class=\"collapsed\" role=\"button\" data-toggle=\"collapse\" data-parent=\"#accordion\" href=\"#collapse1\" aria-expanded=\"false\" aria-controls=\"collapse1\" itemprop=\"headline\"><strong>INFORMACI\u00d3N GENERAL<\/strong>\t        \t<span class=\"courses\">\n                 \n\t        \t<\/span>\n\t        <\/a>\n\t    <\/h4>\n\t<\/div>\n<\/article>\n\n\n    <div id=\"collapse1\" class=\"panel-collapse collapse \" role=\"tabpanel\" aria-labelledby=\"heading1\">\n        <div class=\"panel-body\" itemprop=\"articleBody\">\n            <div class=\"item-description\">\n                \n<p><strong>Tipo de curso:<\/strong> grupo &#8211; presencial<br \/>\n<strong>Participantes:<\/strong> M\u00e1x 15<br \/>\n<strong>Frecuencia:<\/strong> semanal, los s\u00e1bados de 9 a 13<br \/>\n<strong>Duraci\u00f3n:<\/strong> 10 lecciones \u2013 total 40 horas<br \/>\n<strong>Costo:<\/strong> \u20ac 590,00 en un solo pago o en dos cuotas de \u20ac 300,00<br \/>\n<strong>Requisitos\/materiales:<\/strong> a adquirir por cuenta del estudiante<br \/>\n<strong>Idioma:<\/strong> Italiano (\/Ingl\u00e9s)<br \/>\n<strong>Docente:<\/strong> Ellen Wolf<br \/>\n<strong>Sede:<\/strong> RUFA &#8211; Via Benaco 2 &#8211; Roma, Aula B02<\/p>\n            <\/div>\n        <\/div>\n    <\/div>\n    \n\n<article class=\"panel panel-default\" role=\"article\" itemscope itemtype=\"http:\/\/schema.org\/BlogPosting\">\n    <div class=\"panel-heading\" role=\"tab\" id=\"heading3\">\n\t    <h4 class=\"panel-title\">\n\t        <a class=\"collapsed\" role=\"button\" data-toggle=\"collapse\" data-parent=\"#accordion\" href=\"#collapse3\" aria-expanded=\"false\" aria-controls=\"collapse3\" itemprop=\"headline\"><strong>PROGRAMA DEL CURSO<\/strong>\t        \t<span class=\"courses\">\n                 \n\t        \t<\/span>\n\t        <\/a>\n\t    <\/h4>\n\t<\/div>\n<\/article>\n\n\n    <div id=\"collapse3\" class=\"panel-collapse collapse \" role=\"tabpanel\" aria-labelledby=\"heading3\">\n        <div class=\"panel-body\" itemprop=\"articleBody\">\n            <div class=\"item-description\">\n                \n<p>En el Curso de Perfeccionamiento en Dibujo Art\u00edstico II, los participantes tendr\u00e1n la oportunidad de mejorar sus habilidades de observaci\u00f3n mental y de traducir conscientemente una impresi\u00f3n en l\u00ednea, forma, volumen, luz, sombra, movimiento, composici\u00f3n e interpretaci\u00f3n mediante el uso de diversas t\u00e9cnicas, ejercicios y materiales.<\/p>\n<p><strong>Temas y t\u00e9cnicas abordados en el curso<\/strong><\/p>\n<p>Nociones b\u00e1sicas de la teor\u00eda de la percepci\u00f3n para el dibujo;<br \/>\nLuz y sombra, t\u00e9cnicas de sombreado, escala de grises: c\u00f3mo crear volumen;<br \/>\nLa l\u00ednea y el espacio negativo: contorno, movimiento y expresividad;<br \/>\nT\u00e9cnicas de dibujo gestual: interpretaci\u00f3n y representaci\u00f3n;<br \/>\nDibujo del natural (objetos, modelos en vivo, salidas seg\u00fan los intereses de los participantes);<br \/>\nDibujo desde la cuadr\u00edcula (atenci\u00f3n a la l\u00ednea y la forma);<br \/>\nEl cuerpo humano (proporciones, estructura, escorzo, movimiento);<br \/>\nRetrato (proporciones, estructura, retrato);<br \/>\nIntroducci\u00f3n y experimentaci\u00f3n con diferentes materiales (grafito, carboncillo, tiza, tinta, rotuladores);<br \/>\n<strong>Material<\/strong><\/p>\n<p>Bloc de dibujo A3 de papel blanco liso o semirrugoso;<br \/>\n2 hojas de papel negro A3;<br \/>\nGrafito o l\u00e1pices 2B, 4B, 6B, 8B;<br \/>\nGoma y goma amasada;<br \/>\nSacapuntas o cuchillo de hobby;<br \/>\nRegla de m\u00ednimo 40 cm;<br \/>\nCarboncillo (bastones y l\u00e1piz);<br \/>\nDifuminos (peque\u00f1os, medianos, grandes);<br \/>\nTiza blanca (bast\u00f3n y l\u00e1piz);<br \/>\nFijador para carboncillo\/tiza (o laca para el cabello).<br \/>\nBol\u00edgrafo (bic);<br \/>\nRotulador (0,1 , 0,3 , 0,5);<br \/>\nTinta (negra, 30 ml);<br \/>\nPluma de tinta (o bast\u00f3n de madera);<br \/>\nPinceles redondos (peque\u00f1os-medianos-grandes);<br \/>\nFotocopias ocasionales a pedido<br \/>\n            <\/div>\n        <\/div>\n    <\/div>\n    \n\n<article class=\"panel panel-default\" role=\"article\" itemscope itemtype=\"http:\/\/schema.org\/BlogPosting\">\n    <div class=\"panel-heading\" role=\"tab\" id=\"heading4\">\n\t    <h4 class=\"panel-title\">\n\t        <a class=\"collapsed\" role=\"button\" data-toggle=\"collapse\" data-parent=\"#accordion\" href=\"#collapse4\" aria-expanded=\"false\" aria-controls=\"collapse4\" itemprop=\"headline\"><strong>DOCENTE - ELLEN WOLF<\/strong>\t        \t<span class=\"courses\">\n                 \n\t        \t<\/span>\n\t        <\/a>\n\t    <\/h4>\n\t<\/div>\n<\/article>\n\n\n    <div id=\"collapse4\" class=\"panel-collapse collapse \" role=\"tabpanel\" aria-labelledby=\"heading4\">\n        <div class=\"panel-body\" itemprop=\"articleBody\">\n            <div class=\"item-description\">\n                \n<div class=\"col-md-3\">\n<a href=\"https:\/\/www.unirufa.it\/wp-content\/uploads\/2022\/02\/FotoEllenWolf.jpg\"><img decoding=\"async\" class=\"alignnone size-medium wp-image-30173\" src=\"https:\/\/www.unirufa.it\/wp-content\/uploads\/2022\/02\/FotoEllenWolf.jpg\" alt=\"\" width=\"100%\" height=\"auto\"\/><\/a>\n <\/div>\n<div class=\"col-md-9\">\n<p>Artista visual nacida en 1993 en Dinamarca, residente en Roma desde 2014. Se gradu\u00f3 en Pintura en 2017 y en Artes Gr\u00e1ficas en 2020 en RUFA, ganando varias becas y realizando una pasant\u00eda en el Archivo Pizzi Cannella del Pastificio Cerere San Lorenzo en 2017. De 2017 a 2022 trabaj\u00f3 como ilustradora arqueol\u00f3gica freelance para S.H. Andersen, Moesgaard Museum (DK). En 2022, junto con la artista Elisa Selli, cofund\u00f3 Lea APS (Asociaci\u00f3n cultural de promoci\u00f3n social sin fines de lucro), un espacio de proyectos independiente gestionado por artistas, y Artificio, Art Lab para personas con s\u00edndrome de Down. Desde 2021 ense\u00f1a Pintura y Dibujo; est\u00e1 comprometida con la tutor\u00eda de estudiantes de secundaria y academias de arte con s\u00edndrome de Down; en 2023 comenz\u00f3 como asistente docente del artista y Prof. Andrea Aquilanti en el curso RUFA de grado en Pintura. Participa en varias exposiciones colectivas, residencias de artistas y concursos de arte en Italia y en el extranjero: recientemente fue invitada a una serie de exposiciones colectivas internacionales en el 8. Salon de Hamburgo (DE), Springtime Art-Camp Artist Residency organizado por el Ministerio de Cultura de Azerbaiy\u00e1n en Bak\u00fa (AZ), Ladispolaneamente Artist Residency en Ladispoli (IT) y Seminaria Sogninterra Biennale d&#8217;Arte Ambientale VIa Edici\u00f3n en Maranola (IT).<\/p>\n<p><a href=\"http:\/\/www.ellenwolf.dk\" rel=\"noopener\" target=\"_blank\">Sitio web del profesor<\/a><\/p>\n<\/div>\n            <\/div>\n        <\/div>\n    <\/div>\n    \n\n<article class=\"panel panel-default\" role=\"article\" itemscope itemtype=\"http:\/\/schema.org\/BlogPosting\">\n    <div class=\"panel-heading\" role=\"tab\" id=\"heading5\">\n\t    <h4 class=\"panel-title\">\n\t        <a class=\"collapsed\" role=\"button\" data-toggle=\"collapse\" data-parent=\"#accordion\" href=\"#collapse5\" aria-expanded=\"false\" aria-controls=\"collapse5\" itemprop=\"headline\"><strong>DESCUENTOS<\/strong>\t        \t<span class=\"courses\">\n                 \n\t        \t<\/span>\n\t        <\/a>\n\t    <\/h4>\n\t<\/div>\n<\/article>\n\n\n    <div id=\"collapse5\" class=\"panel-collapse collapse \" role=\"tabpanel\" aria-labelledby=\"heading5\">\n        <div class=\"panel-body\" itemprop=\"articleBody\">\n            <div class=\"item-description\">\n                \n<p><strong> Estudiantes y Alumni RUFA:<\/strong> 50% de descuento<br \/>\n<strong> Ex alumnos de Cursos Breves y Cursos de Verano RUFA 2023-24:<\/strong> 10% de descuento<br \/>\n<strong>Estudiantes Universitarios:<\/strong> 5% de descuento (previa presentaci\u00f3n del carnet universitario)<br \/>\n<strong>Paquete de cursos\/grupos\/familia:<\/strong> contactar <a href=\"mailto:corsibrevi@unirufa.it\">corsibrevi@unirufa.it<\/a><\/p>\n            <\/div>\n        <\/div>\n    <\/div>\n    \n    <\/div>\n    \n<p>\u00a0<\/p>\n<h3>Para informaci\u00f3n sobre el curso, completa el formulario y ser\u00e1s contactado.<\/h3>\n\n\t\t\t\t\t<script>\n\t\t\t\t\t\twindow.hsFormsOnReady = window.hsFormsOnReady || [];\n\t\t\t\t\t\twindow.hsFormsOnReady.push(()=>{\n\t\t\t\t\t\t\thbspt.forms.create({\n\t\t\t\t\t\t\t\tportalId: 147413364,\n\t\t\t\t\t\t\t\tformId: \"1281b2dc-f238-4c40-b1b6-0ebea1bef9b8\",\n\t\t\t\t\t\t\t\ttarget: \"#hbspt-form-1776156442000-6536180220\",\n\t\t\t\t\t\t\t\tregion: \"eu1\",\n\t\t\t\t\t\t\t\t\n\t\t\t\t\t\t})});\n\t\t\t\t\t<\/script>\n\t\t\t\t\t<div class=\"hbspt-form\" id=\"hbspt-form-1776156442000-6536180220\"><\/div>\n&nbsp;","protected":false},"excerpt":{"rendered":"<p>Todo el dibujo art\u00edstico condensado en un curso breve y completo. El Curso de Perfeccionamiento en Dibujo Art\u00edstico pretende afinar la mirada y la curiosidad art\u00edstica de los participantes hacia el mundo y ayudarles a sumergirse a\u00fan m\u00e1s en diversas t\u00e9cnicas y materiales de dibujo, tanto convencionales como experimentales. El curso guiar\u00e1 a los participantes&#8230;<\/p>\n","protected":false},"author":34,"featured_media":107965,"parent":10850,"menu_order":0,"comment_status":"closed","ping_status":"closed","template":"page_short_course.php","meta":{"content-type":"","footnotes":""},"class_list":["post-132835","page","type-page","status-publish","has-post-thumbnail","hentry"],"yoast_head":"<!-- This site is optimized with the Yoast SEO plugin v24.2 - https:\/\/yoast.com\/wordpress\/plugins\/seo\/ -->\n<title>Dibujo Art\u00edstico Avanzado - RUFA - Rome University of Fine Arts<\/title>\n<meta name=\"robots\" content=\"index, follow, max-snippet:-1, max-image-preview:large, max-video-preview:-1\" \/>\n<link rel=\"canonical\" href=\"https:\/\/www.unirufa.it\/offerta-formativa\/corsi-brevi\/laboratorio-creativo\/disegno-artistico-ii-perfezionamento\/\" \/>\n<meta property=\"og:locale\" content=\"es_ES\" \/>\n<meta property=\"og:type\" content=\"article\" \/>\n<meta property=\"og:title\" content=\"Dibujo Art\u00edstico Avanzado - RUFA - Rome University of Fine Arts\" \/>\n<meta property=\"og:description\" content=\"Todo el dibujo art\u00edstico condensado en un curso breve y completo. El Curso de Perfeccionamiento en Dibujo Art\u00edstico pretende afinar la mirada y la curiosidad art\u00edstica de los participantes hacia el mundo y ayudarles a sumergirse a\u00fan m\u00e1s en diversas t\u00e9cnicas y materiales de dibujo, tanto convencionales como experimentales. El curso guiar\u00e1 a los participantes...\" \/>\n<meta property=\"og:url\" content=\"https:\/\/www.unirufa.it\/offerta-formativa\/corsi-brevi\/laboratorio-creativo\/disegno-artistico-ii-perfezionamento\/\" \/>\n<meta property=\"og:site_name\" content=\"RUFA - Rome University of Fine Arts\" \/>\n<meta property=\"article:modified_time\" content=\"2026-03-25T20:55:50+00:00\" \/>\n<meta property=\"og:image\" content=\"https:\/\/www.unirufa.it\/wp-content\/uploads\/2023\/09\/RUFA_Disegno_Artistico_Corsi_Intensivi_4.png\" \/>\n\t<meta property=\"og:image:width\" content=\"1441\" \/>\n\t<meta property=\"og:image:height\" content=\"601\" \/>\n\t<meta property=\"og:image:type\" content=\"image\/png\" \/>\n<meta name=\"twitter:label1\" content=\"Tiempo de lectura\" \/>\n\t<meta name=\"twitter:data1\" content=\"15 minutos\" \/>\n<script type=\"application\/ld+json\" class=\"yoast-schema-graph\">{\"@context\":\"https:\/\/schema.org\",\"@graph\":[{\"@type\":\"WebPage\",\"@id\":\"https:\/\/www.unirufa.it\/offerta-formativa\/corsi-brevi\/laboratorio-creativo\/disegno-artistico-ii-perfezionamento\/\",\"url\":\"https:\/\/www.unirufa.it\/offerta-formativa\/corsi-brevi\/laboratorio-creativo\/disegno-artistico-ii-perfezionamento\/\",\"name\":\"Dibujo Art\u00edstico Avanzado - RUFA - Rome University of Fine Arts\",\"isPartOf\":{\"@id\":\"https:\/\/www.unirufa.it\/#website\"},\"primaryImageOfPage\":{\"@id\":\"https:\/\/www.unirufa.it\/offerta-formativa\/corsi-brevi\/laboratorio-creativo\/disegno-artistico-ii-perfezionamento\/#primaryimage\"},\"image\":{\"@id\":\"https:\/\/www.unirufa.it\/offerta-formativa\/corsi-brevi\/laboratorio-creativo\/disegno-artistico-ii-perfezionamento\/#primaryimage\"},\"thumbnailUrl\":\"https:\/\/www.unirufa.it\/wp-content\/uploads\/2023\/09\/RUFA_Disegno_Artistico_Corsi_Intensivi_4.png\",\"datePublished\":\"2024-07-10T14:54:31+00:00\",\"dateModified\":\"2026-03-25T20:55:50+00:00\",\"breadcrumb\":{\"@id\":\"https:\/\/www.unirufa.it\/offerta-formativa\/corsi-brevi\/laboratorio-creativo\/disegno-artistico-ii-perfezionamento\/#breadcrumb\"},\"inLanguage\":\"es\",\"potentialAction\":[{\"@type\":\"ReadAction\",\"target\":[\"https:\/\/www.unirufa.it\/offerta-formativa\/corsi-brevi\/laboratorio-creativo\/disegno-artistico-ii-perfezionamento\/\"]}]},{\"@type\":\"ImageObject\",\"inLanguage\":\"es\",\"@id\":\"https:\/\/www.unirufa.it\/offerta-formativa\/corsi-brevi\/laboratorio-creativo\/disegno-artistico-ii-perfezionamento\/#primaryimage\",\"url\":\"https:\/\/www.unirufa.it\/wp-content\/uploads\/2023\/09\/RUFA_Disegno_Artistico_Corsi_Intensivi_4.png\",\"contentUrl\":\"https:\/\/www.unirufa.it\/wp-content\/uploads\/2023\/09\/RUFA_Disegno_Artistico_Corsi_Intensivi_4.png\",\"width\":1441,\"height\":601,\"caption\":\"RUFA_Disegno_Artistico_Corsi_Intensivi_4\"},{\"@type\":\"BreadcrumbList\",\"@id\":\"https:\/\/www.unirufa.it\/offerta-formativa\/corsi-brevi\/laboratorio-creativo\/disegno-artistico-ii-perfezionamento\/#breadcrumb\",\"itemListElement\":[{\"@type\":\"ListItem\",\"position\":1,\"name\":\"Home\",\"item\":\"https:\/\/www.unirufa.it\/\"},{\"@type\":\"ListItem\",\"position\":2,\"name\":\"Offerta formativa\",\"item\":\"https:\/\/www.unirufa.it\/offerta-formativa\/\"},{\"@type\":\"ListItem\",\"position\":3,\"name\":\"Corsi Brevi\",\"item\":\"https:\/\/www.unirufa.it\/offerta-formativa\/corsi-brevi\/\"},{\"@type\":\"ListItem\",\"position\":4,\"name\":\"Laboratorio Creativo\",\"item\":\"https:\/\/www.unirufa.it\/offerta-formativa\/corsi-brevi\/laboratorio-creativo\/\"},{\"@type\":\"ListItem\",\"position\":5,\"name\":\"Disegno Artistico Avanzato\"}]},{\"@type\":\"WebSite\",\"@id\":\"https:\/\/www.unirufa.it\/#website\",\"url\":\"https:\/\/www.unirufa.it\/\",\"name\":\"RUFA - Rome University of Fine Arts\",\"description\":\"\",\"potentialAction\":[{\"@type\":\"SearchAction\",\"target\":{\"@type\":\"EntryPoint\",\"urlTemplate\":\"https:\/\/www.unirufa.it\/?s={search_term_string}\"},\"query-input\":{\"@type\":\"PropertyValueSpecification\",\"valueRequired\":true,\"valueName\":\"search_term_string\"}}],\"inLanguage\":\"es\"}]}<\/script>\n<!-- \/ Yoast SEO plugin. -->","yoast_head_json":{"title":"Dibujo Art\u00edstico Avanzado - RUFA - Rome University of Fine Arts","robots":{"index":"index","follow":"follow","max-snippet":"max-snippet:-1","max-image-preview":"max-image-preview:large","max-video-preview":"max-video-preview:-1"},"canonical":"https:\/\/www.unirufa.it\/offerta-formativa\/corsi-brevi\/laboratorio-creativo\/disegno-artistico-ii-perfezionamento\/","og_locale":"es_ES","og_type":"article","og_title":"Dibujo Art\u00edstico Avanzado - RUFA - Rome University of Fine Arts","og_description":"Todo el dibujo art\u00edstico condensado en un curso breve y completo. El Curso de Perfeccionamiento en Dibujo Art\u00edstico pretende afinar la mirada y la curiosidad art\u00edstica de los participantes hacia el mundo y ayudarles a sumergirse a\u00fan m\u00e1s en diversas t\u00e9cnicas y materiales de dibujo, tanto convencionales como experimentales. El curso guiar\u00e1 a los participantes...","og_url":"https:\/\/www.unirufa.it\/offerta-formativa\/corsi-brevi\/laboratorio-creativo\/disegno-artistico-ii-perfezionamento\/","og_site_name":"RUFA - Rome University of Fine Arts","article_modified_time":"2026-03-25T20:55:50+00:00","og_image":[{"width":1441,"height":601,"url":"https:\/\/www.unirufa.it\/wp-content\/uploads\/2023\/09\/RUFA_Disegno_Artistico_Corsi_Intensivi_4.png","type":"image\/png"}],"twitter_misc":{"Tiempo de lectura":"15 minutos"},"schema":{"@context":"https:\/\/schema.org","@graph":[{"@type":"WebPage","@id":"https:\/\/www.unirufa.it\/offerta-formativa\/corsi-brevi\/laboratorio-creativo\/disegno-artistico-ii-perfezionamento\/","url":"https:\/\/www.unirufa.it\/offerta-formativa\/corsi-brevi\/laboratorio-creativo\/disegno-artistico-ii-perfezionamento\/","name":"Dibujo Art\u00edstico Avanzado - RUFA - Rome University of Fine Arts","isPartOf":{"@id":"https:\/\/www.unirufa.it\/#website"},"primaryImageOfPage":{"@id":"https:\/\/www.unirufa.it\/offerta-formativa\/corsi-brevi\/laboratorio-creativo\/disegno-artistico-ii-perfezionamento\/#primaryimage"},"image":{"@id":"https:\/\/www.unirufa.it\/offerta-formativa\/corsi-brevi\/laboratorio-creativo\/disegno-artistico-ii-perfezionamento\/#primaryimage"},"thumbnailUrl":"https:\/\/www.unirufa.it\/wp-content\/uploads\/2023\/09\/RUFA_Disegno_Artistico_Corsi_Intensivi_4.png","datePublished":"2024-07-10T14:54:31+00:00","dateModified":"2026-03-25T20:55:50+00:00","breadcrumb":{"@id":"https:\/\/www.unirufa.it\/offerta-formativa\/corsi-brevi\/laboratorio-creativo\/disegno-artistico-ii-perfezionamento\/#breadcrumb"},"inLanguage":"es","potentialAction":[{"@type":"ReadAction","target":["https:\/\/www.unirufa.it\/offerta-formativa\/corsi-brevi\/laboratorio-creativo\/disegno-artistico-ii-perfezionamento\/"]}]},{"@type":"ImageObject","inLanguage":"es","@id":"https:\/\/www.unirufa.it\/offerta-formativa\/corsi-brevi\/laboratorio-creativo\/disegno-artistico-ii-perfezionamento\/#primaryimage","url":"https:\/\/www.unirufa.it\/wp-content\/uploads\/2023\/09\/RUFA_Disegno_Artistico_Corsi_Intensivi_4.png","contentUrl":"https:\/\/www.unirufa.it\/wp-content\/uploads\/2023\/09\/RUFA_Disegno_Artistico_Corsi_Intensivi_4.png","width":1441,"height":601,"caption":"RUFA_Disegno_Artistico_Corsi_Intensivi_4"},{"@type":"BreadcrumbList","@id":"https:\/\/www.unirufa.it\/offerta-formativa\/corsi-brevi\/laboratorio-creativo\/disegno-artistico-ii-perfezionamento\/#breadcrumb","itemListElement":[{"@type":"ListItem","position":1,"name":"Home","item":"https:\/\/www.unirufa.it\/"},{"@type":"ListItem","position":2,"name":"Offerta formativa","item":"https:\/\/www.unirufa.it\/offerta-formativa\/"},{"@type":"ListItem","position":3,"name":"Corsi Brevi","item":"https:\/\/www.unirufa.it\/offerta-formativa\/corsi-brevi\/"},{"@type":"ListItem","position":4,"name":"Laboratorio Creativo","item":"https:\/\/www.unirufa.it\/offerta-formativa\/corsi-brevi\/laboratorio-creativo\/"},{"@type":"ListItem","position":5,"name":"Disegno Artistico Avanzato"}]},{"@type":"WebSite","@id":"https:\/\/www.unirufa.it\/#website","url":"https:\/\/www.unirufa.it\/","name":"RUFA - Rome University of Fine Arts","description":"","potentialAction":[{"@type":"SearchAction","target":{"@type":"EntryPoint","urlTemplate":"https:\/\/www.unirufa.it\/?s={search_term_string}"},"query-input":{"@type":"PropertyValueSpecification","valueRequired":true,"valueName":"search_term_string"}}],"inLanguage":"es"}]}},"_links":{"self":[{"href":"https:\/\/www.unirufa.it\/es\/wp-json\/wp\/v2\/pages\/132835","targetHints":{"allow":["GET"]}}],"collection":[{"href":"https:\/\/www.unirufa.it\/es\/wp-json\/wp\/v2\/pages"}],"about":[{"href":"https:\/\/www.unirufa.it\/es\/wp-json\/wp\/v2\/types\/page"}],"author":[{"embeddable":true,"href":"https:\/\/www.unirufa.it\/es\/wp-json\/wp\/v2\/users\/34"}],"replies":[{"embeddable":true,"href":"https:\/\/www.unirufa.it\/es\/wp-json\/wp\/v2\/comments?post=132835"}],"version-history":[{"count":36,"href":"https:\/\/www.unirufa.it\/es\/wp-json\/wp\/v2\/pages\/132835\/revisions"}],"predecessor-version":[{"id":152304,"href":"https:\/\/www.unirufa.it\/es\/wp-json\/wp\/v2\/pages\/132835\/revisions\/152304"}],"up":[{"embeddable":true,"href":"https:\/\/www.unirufa.it\/es\/wp-json\/wp\/v2\/pages\/10850"}],"wp:featuredmedia":[{"embeddable":true,"href":"https:\/\/www.unirufa.it\/es\/wp-json\/wp\/v2\/media\/107965"}],"wp:attachment":[{"href":"https:\/\/www.unirufa.it\/es\/wp-json\/wp\/v2\/media?parent=132835"}],"curies":[{"name":"wp","href":"https:\/\/api.w.org\/{rel}","templated":true}]}}