


{"id":134014,"date":"2024-06-07T15:17:37","date_gmt":"2024-06-07T13:17:37","guid":{"rendered":"https:\/\/www.unirufa.it\/?page_id=134014"},"modified":"2024-06-10T11:23:24","modified_gmt":"2024-06-10T09:23:24","slug":"il-progetto-sanlo","status":"publish","type":"page","link":"https:\/\/www.unirufa.it\/es\/il-progetto-sanlo\/","title":{"rendered":"SanLo Defence"},"content":{"rendered":"<p class=\"qtranxs-available-languages-message qtranxs-available-languages-message-es\">Disculpa, pero esta entrada est\u00e1 disponible s\u00f3lo en <a href=\"https:\/\/www.unirufa.it\/it\/wp-json\/wp\/v2\/pages\/134014\" class=\"qtranxs-available-language-link qtranxs-available-language-link-it\" title=\"IT\">IT<\/a> y <a href=\"https:\/\/www.unirufa.it\/en\/wp-json\/wp\/v2\/pages\/134014\" class=\"qtranxs-available-language-link qtranxs-available-language-link-en\" title=\"EN\">EN<\/a>.<\/p><h3>SanLo Defence: un videogioco per scoprire i luoghi della cultura del quartiere San Lorenzo.<\/h3>\n<p>Grazie alle opportunit\u00e0 offerte dalla Regione Lazio nell\u2019ambito del DTC, RUFA ha strutturato un progetto di rigenerazione culturale del quartiere San Lorenzo. L\u2019esperienza, <strong>per la prima volta in Italia<\/strong>, vede interagire, nel settore della ricerca e della produzione in ambito artistico, un&#8217;Accademia di Belle Arti (<strong>RUFA<\/strong>) e due Universit\u00e0 statali (<strong>La Sapienza e Viterbo<\/strong>).<br \/>\nL&#8217;obiettivo del progetto <em>San Lorenzo Defence<\/em> &#8211; finanziato dalla Regione Lazio per lo sviluppo di iniziative innovative per la valorizzazione dei Beni Culturali &#8211; \u00e8 quello di scoprire i luoghi della cultura di San Lorenzo con un nuovo approccio: <strong>il gaming<\/strong>!<br \/>\nIl videogioco sviluppato vuole essere un\u2019esperienza immersiva e coinvolgente che invita a scoprire i luoghi della cultura e di interesse sociale dell\u2019iconico quartiere di Roma. I luoghi attualmente implementati e giocabili sono: il Cimitero del Verano, la Statua della Minerva, la Casa della memoria e Porta Tiburtina. Ma oltre trenta saranno i luoghi interessanti del quartiere da conoscere e difendere.<br \/>\n&nbsp;<br \/>\n<div class=\"su-image-carousel  su-image-carousel-has-spacing su-image-carousel-adaptive su-image-carousel-slides-style-minimal su-image-carousel-controls-style-light su-image-carousel-align-center\" style=\"\" data-flickity-options='{\"groupCells\":true,\"cellSelector\":\".su-image-carousel-item\",\"adaptiveHeight\":true,\"cellAlign\":\"left\",\"prevNextButtons\":true,\"pageDots\":false,\"autoPlay\":2000,\"imagesLoaded\":true,\"contain\":false,\"selectedAttraction\":0.025,\"friction\":0.28}' id=\"su_image_carousel_69dddc5ea431c\"><div class=\"su-image-carousel-item\"><div class=\"su-image-carousel-item-content\"><a href=\"https:\/\/www.unirufa.it\/wp-content\/uploads\/2024\/02\/banner_san-lorenzo-defence.jpg\" target=\"_blank\" rel=\"noopener noreferrer\" data-caption=\"\"><img loading=\"lazy\" decoding=\"async\" width=\"1050\" height=\"600\" src=\"https:\/\/www.unirufa.it\/wp-content\/uploads\/2024\/02\/banner_san-lorenzo-defence.jpg\" class=\"\" alt=\"banner_san lorenzo defence\" srcset=\"https:\/\/www.unirufa.it\/wp-content\/uploads\/2024\/02\/banner_san-lorenzo-defence.jpg 1050w, https:\/\/www.unirufa.it\/wp-content\/uploads\/2024\/02\/banner_san-lorenzo-defence-300x171.jpg 300w, https:\/\/www.unirufa.it\/wp-content\/uploads\/2024\/02\/banner_san-lorenzo-defence-1024x585.jpg 1024w, https:\/\/www.unirufa.it\/wp-content\/uploads\/2024\/02\/banner_san-lorenzo-defence-768x439.jpg 768w\" sizes=\"auto, (max-width: 1050px) 100vw, 1050px\" \/><\/a><\/div><\/div><\/div><script id=\"su_image_carousel_69dddc5ea431c_script\">if(window.SUImageCarousel){setTimeout(function() {window.SUImageCarousel.initGallery(document.getElementById(\"su_image_carousel_69dddc5ea431c\"))}, 0);}var su_image_carousel_69dddc5ea431c_script=document.getElementById(\"su_image_carousel_69dddc5ea431c_script\");if(su_image_carousel_69dddc5ea431c_script){su_image_carousel_69dddc5ea431c_script.parentNode.removeChild(su_image_carousel_69dddc5ea431c_script);}<\/script>\n&nbsp;<\/p>\n<p>La sensibilit\u00e0 che RUFA ha verso quest\u2019area della Capitale \u00e8 evidente dal percorso che l\u2019Accademia ha compiuto in questi anni. RUFA infatti ha fortemente voluto collocare molte delle proprie attivit\u00e0 nel <strong>Pastificio Cerere<\/strong>, contribuendo in maniera evidente al rilancio culturale della zona: in pochi anni innumerevoli sono stati le mostre, i talk, i convegni e gli incontri culturali che hanno avuto luogo proprio a San Lorenzo, in particolare nello spazio espositivo <a href=\"https:\/\/www.unirufa.it\/sedi\/sedi-roma\/via-degli-ausoni-7\/rufa-space\/\" rel=\"noopener\" target=\"_blank\">RUFA Space. <\/a><\/p>\n<h3>SANLO DEFENCE<\/h3>\n<p>SANLO si basa sulla <em>gamification<\/em> per incentivare e sviluppare una nuova vocazione attrattiva del quartiere San Lorenzo e per <strong>diffondere presso il grande pubblico la conoscenza di 25 luoghi della cultura presenti nel quartiere<\/strong>, favorendone l\u2019accesso e la visita. Si tratta di un videogioco collaborativo free-to-play per piattaforma mobile che unisce il genere videoludico <em>\u201cTower defense\u201d<\/em>, i <em>\u201cReal World Adventure\u201d<\/em> e gli <em>\u201cAction RpG\u201d<\/em>.<br \/>\nDalle tombe del cimitero del Verano gruppi di Zombi e altri esseri mostruosi si stanno organizzando per costituire un esercito che ha lo scopo di attaccare e sconfiggere i residenti del quartiere alleati con gli studenti fuorisede e gli spazi associativi che operano nel territorio.<br \/>\nL\u2019esercito degli Zombi, spacciatori, speculatori vogliono impossessarsi in primis dei luoghi della cultura di San Lorenzo, per poi estendere il loro dominio sulle attivit\u00e0 commerciali, sulle piazze, sui beni comuni.<br \/>\nI giocatori hanno l\u2019obiettivo di impedire questo scempio e per questo si uniscono e collaborano a difesa del quartiere. Lo scontro avviene sotto la supervisione della Dea Cerere che ha sia l\u2019aspetto infero che solare (\u00e8 dea materna, della terra e della fertilit\u00e0, delle nascite e dei raccolti, ma al contempo \u00e8 legata al mondo dei morti, all\u2019apertura della fossa del <em>Caereris mundus<\/em>) e potr\u00e0 aiutare una o l\u2019altra delle fazioni in funzione dei doni e dei sacrifici che le saranno dedicati.<br \/>\n&nbsp;<br \/>\n<div class=\"su-image-carousel  su-image-carousel-has-spacing su-image-carousel-adaptive su-image-carousel-slides-style-minimal su-image-carousel-controls-style-light su-image-carousel-align-center\" style=\"\" data-flickity-options='{\"groupCells\":true,\"cellSelector\":\".su-image-carousel-item\",\"adaptiveHeight\":true,\"cellAlign\":\"left\",\"prevNextButtons\":true,\"pageDots\":false,\"autoPlay\":2000,\"imagesLoaded\":true,\"contain\":false,\"selectedAttraction\":0.025,\"friction\":0.28}' id=\"su_image_carousel_69dddc5ea4be5\"><div class=\"su-image-carousel-item\"><div class=\"su-image-carousel-item-content\"><a href=\"https:\/\/www.unirufa.it\/wp-content\/uploads\/2024\/06\/1_SANLO.jpeg\" target=\"_blank\" rel=\"noopener noreferrer\" data-caption=\"\"><img loading=\"lazy\" decoding=\"async\" width=\"1200\" height=\"676\" src=\"https:\/\/www.unirufa.it\/wp-content\/uploads\/2024\/06\/1_SANLO.jpeg\" class=\"\" alt=\"\" srcset=\"https:\/\/www.unirufa.it\/wp-content\/uploads\/2024\/06\/1_SANLO.jpeg 1200w, https:\/\/www.unirufa.it\/wp-content\/uploads\/2024\/06\/1_SANLO-300x169.jpeg 300w, https:\/\/www.unirufa.it\/wp-content\/uploads\/2024\/06\/1_SANLO-1024x577.jpeg 1024w, https:\/\/www.unirufa.it\/wp-content\/uploads\/2024\/06\/1_SANLO-768x433.jpeg 768w, https:\/\/www.unirufa.it\/wp-content\/uploads\/2024\/06\/1_SANLO-1080x608.jpeg 1080w\" sizes=\"auto, (max-width: 1200px) 100vw, 1200px\" \/><\/a><\/div><\/div><div class=\"su-image-carousel-item\"><div class=\"su-image-carousel-item-content\"><a href=\"https:\/\/www.unirufa.it\/wp-content\/uploads\/2024\/06\/2_SANLO.jpeg\" target=\"_blank\" rel=\"noopener noreferrer\" data-caption=\"\"><img loading=\"lazy\" decoding=\"async\" width=\"1200\" height=\"676\" src=\"https:\/\/www.unirufa.it\/wp-content\/uploads\/2024\/06\/2_SANLO.jpeg\" class=\"\" alt=\"\" srcset=\"https:\/\/www.unirufa.it\/wp-content\/uploads\/2024\/06\/2_SANLO.jpeg 1200w, https:\/\/www.unirufa.it\/wp-content\/uploads\/2024\/06\/2_SANLO-300x169.jpeg 300w, https:\/\/www.unirufa.it\/wp-content\/uploads\/2024\/06\/2_SANLO-1024x577.jpeg 1024w, https:\/\/www.unirufa.it\/wp-content\/uploads\/2024\/06\/2_SANLO-768x433.jpeg 768w, https:\/\/www.unirufa.it\/wp-content\/uploads\/2024\/06\/2_SANLO-1080x608.jpeg 1080w\" sizes=\"auto, (max-width: 1200px) 100vw, 1200px\" \/><\/a><\/div><\/div><div class=\"su-image-carousel-item\"><div class=\"su-image-carousel-item-content\"><a href=\"https:\/\/www.unirufa.it\/wp-content\/uploads\/2024\/06\/3_SANLO.jpeg\" target=\"_blank\" rel=\"noopener noreferrer\" data-caption=\"\"><img loading=\"lazy\" decoding=\"async\" width=\"1200\" height=\"676\" src=\"https:\/\/www.unirufa.it\/wp-content\/uploads\/2024\/06\/3_SANLO.jpeg\" class=\"\" alt=\"\" srcset=\"https:\/\/www.unirufa.it\/wp-content\/uploads\/2024\/06\/3_SANLO.jpeg 1200w, https:\/\/www.unirufa.it\/wp-content\/uploads\/2024\/06\/3_SANLO-300x169.jpeg 300w, https:\/\/www.unirufa.it\/wp-content\/uploads\/2024\/06\/3_SANLO-1024x577.jpeg 1024w, https:\/\/www.unirufa.it\/wp-content\/uploads\/2024\/06\/3_SANLO-768x433.jpeg 768w, https:\/\/www.unirufa.it\/wp-content\/uploads\/2024\/06\/3_SANLO-1080x608.jpeg 1080w\" sizes=\"auto, (max-width: 1200px) 100vw, 1200px\" \/><\/a><\/div><\/div><\/div><script id=\"su_image_carousel_69dddc5ea4be5_script\">if(window.SUImageCarousel){setTimeout(function() {window.SUImageCarousel.initGallery(document.getElementById(\"su_image_carousel_69dddc5ea4be5\"))}, 0);}var su_image_carousel_69dddc5ea4be5_script=document.getElementById(\"su_image_carousel_69dddc5ea4be5_script\");if(su_image_carousel_69dddc5ea4be5_script){su_image_carousel_69dddc5ea4be5_script.parentNode.removeChild(su_image_carousel_69dddc5ea4be5_script);}<\/script>\n&nbsp;<\/p>\n<p>Il progetto, sviluppato soprattutto dagli studenti, intende fornire <strong>esperienze multidisciplinari che vedano interagire programmatori e sviluppatori di videogiochi<\/strong>. Allo stesso modo si vuole incentivare l\u2019ibridazione dei linguaggi, superando la tradizionale separazione tra approccio artistico\/umanistico e tecnico\/scientifico, formando gli studenti alla valorizzazione dei beni culturali attraverso la sperimentazione e l\u2019uso di forme di comunicazione innovative connesse alle dinamiche del <em>gaming<\/em>. Lo scopo \u00e8 creare nuovi approcci in tema di \u201cplace design\u201d attraverso l\u2019impiego di dispositivi e strumenti in grado di coinvolgere e abilitare i fruitori alla co-progettazione e alla partecipazione attiva nella definizione e nell\u2019elaborazione dell\u2019identit\u00e0 di un territorio.<\/p>\n<p>Non bisogna dimenticare, infatti, che il Ministero della cultura, guidato da Dario Franceschini, nel 2021 ha inserito il videogioco nell\u2019elenco dei beni culturali italiani, predisponendo l\u2019emissione di uno speciale decreto attuativo che ne disciplina la cosiddetta \u201cTax Credit\u201d, riconoscendo il credito d\u2019imposta fino al 25 percento. I videogiochi, si legge nel decreto, <em>\u201csono frutto dell\u2019ingegno creativo ed \u00e8 giusto che, analogamente a quanto avviene per il cinema e l\u2019audiovisivo, possano ricevere un sostegno, se riconosciuti come opere di particolare valore culturale.<\/em><\/p>\n<p>SANLO ha lo scopo di catalizzare l\u2019interesse degli utenti\/giocatori, dell\u2019opinione pubblica e dei cittadini sui problemi del quartiere, sulle minacce e quindi sull\u2019importanza di <strong>salvaguardare i luoghi della cultura e le eccellenze presenti nel territorio<\/strong>. Il perch\u00e9 di questa scelta \u00e8 molto chiaro. San Lorenzo \u00e8 un quartiere tipo: studenti, residenti, aziende, locali, artigiani, artisti, commercio, ristorazione, ricettivit\u00e0 interagiscono tra loro in una convivenza non certo facile. Occorre dunque determinare un percorso che non sia soltanto quello del rispetto reciproco, ma anche del rilancio. Troppi i fatti di cronaca che hanno segnato la memoria di San Lorenzo e che ne hanno offuscato il passato di resistenza e di riqualificazione culturale. <\/p>\n<p>&nbsp;<br \/>\n<a class=\"download-btn full\" href=\"https:\/\/sanloproject.it\/\" target=\"_blank\" rel=\"noopener noreferrer\">Scopri di pi\u00f9 sul progetto e Visita il sito ufficiale<\/a>","protected":false},"excerpt":{"rendered":"<p>Disculpa, pero esta entrada est\u00e1 disponible s\u00f3lo en IT y EN.SanLo Defence: un videogioco per scoprire i luoghi della cultura del quartiere San Lorenzo. Grazie alle opportunit\u00e0 offerte dalla Regione Lazio nell\u2019ambito del DTC, RUFA ha strutturato un progetto di rigenerazione culturale del quartiere San Lorenzo. L\u2019esperienza, per la prima volta in Italia, vede interagire,&#8230;<\/p>\n","protected":false},"author":28,"featured_media":134033,"parent":0,"menu_order":0,"comment_status":"closed","ping_status":"closed","template":"","meta":{"content-type":"","footnotes":""},"class_list":["post-134014","page","type-page","status-publish","has-post-thumbnail","hentry"],"yoast_head":"<!-- This site is optimized with the Yoast SEO plugin v24.2 - https:\/\/yoast.com\/wordpress\/plugins\/seo\/ -->\n<title>SanLo Defence - RUFA - Rome University of Fine Arts<\/title>\n<meta name=\"robots\" content=\"index, follow, max-snippet:-1, max-image-preview:large, max-video-preview:-1\" \/>\n<link rel=\"canonical\" href=\"https:\/\/www.unirufa.it\/il-progetto-sanlo\/\" \/>\n<meta property=\"og:locale\" content=\"es_ES\" \/>\n<meta property=\"og:type\" content=\"article\" \/>\n<meta property=\"og:title\" content=\"SanLo Defence - RUFA - Rome University of Fine Arts\" \/>\n<meta property=\"og:description\" content=\"Disculpa, pero esta entrada est\u00e1 disponible s\u00f3lo en IT y EN.SanLo Defence: un videogioco per scoprire i luoghi della cultura del quartiere San Lorenzo. Grazie alle opportunit\u00e0 offerte dalla Regione Lazio nell\u2019ambito del DTC, RUFA ha strutturato un progetto di rigenerazione culturale del quartiere San Lorenzo. L\u2019esperienza, per la prima volta in Italia, vede interagire,...\" \/>\n<meta property=\"og:url\" content=\"https:\/\/www.unirufa.it\/il-progetto-sanlo\/\" \/>\n<meta property=\"og:site_name\" content=\"RUFA - Rome University of Fine Arts\" \/>\n<meta property=\"article:modified_time\" content=\"2024-06-10T09:23:24+00:00\" \/>\n<meta property=\"og:image\" content=\"https:\/\/www.unirufa.it\/wp-content\/uploads\/2024\/06\/BANNER_PROGETTO-SANLO.jpg\" \/>\n\t<meta property=\"og:image:width\" content=\"1050\" \/>\n\t<meta property=\"og:image:height\" content=\"600\" \/>\n\t<meta property=\"og:image:type\" content=\"image\/jpeg\" \/>\n<meta name=\"twitter:label1\" content=\"Tiempo de lectura\" \/>\n\t<meta name=\"twitter:data1\" content=\"8 minutos\" \/>\n<script type=\"application\/ld+json\" class=\"yoast-schema-graph\">{\"@context\":\"https:\/\/schema.org\",\"@graph\":[{\"@type\":\"WebPage\",\"@id\":\"https:\/\/www.unirufa.it\/il-progetto-sanlo\/\",\"url\":\"https:\/\/www.unirufa.it\/il-progetto-sanlo\/\",\"name\":\"SanLo Defence - RUFA - Rome University of Fine Arts\",\"isPartOf\":{\"@id\":\"https:\/\/www.unirufa.it\/#website\"},\"primaryImageOfPage\":{\"@id\":\"https:\/\/www.unirufa.it\/il-progetto-sanlo\/#primaryimage\"},\"image\":{\"@id\":\"https:\/\/www.unirufa.it\/il-progetto-sanlo\/#primaryimage\"},\"thumbnailUrl\":\"https:\/\/www.unirufa.it\/wp-content\/uploads\/2024\/06\/BANNER_PROGETTO-SANLO.jpg\",\"datePublished\":\"2024-06-07T13:17:37+00:00\",\"dateModified\":\"2024-06-10T09:23:24+00:00\",\"breadcrumb\":{\"@id\":\"https:\/\/www.unirufa.it\/il-progetto-sanlo\/#breadcrumb\"},\"inLanguage\":\"es\",\"potentialAction\":[{\"@type\":\"ReadAction\",\"target\":[\"https:\/\/www.unirufa.it\/il-progetto-sanlo\/\"]}]},{\"@type\":\"ImageObject\",\"inLanguage\":\"es\",\"@id\":\"https:\/\/www.unirufa.it\/il-progetto-sanlo\/#primaryimage\",\"url\":\"https:\/\/www.unirufa.it\/wp-content\/uploads\/2024\/06\/BANNER_PROGETTO-SANLO.jpg\",\"contentUrl\":\"https:\/\/www.unirufa.it\/wp-content\/uploads\/2024\/06\/BANNER_PROGETTO-SANLO.jpg\",\"width\":1050,\"height\":600},{\"@type\":\"BreadcrumbList\",\"@id\":\"https:\/\/www.unirufa.it\/il-progetto-sanlo\/#breadcrumb\",\"itemListElement\":[{\"@type\":\"ListItem\",\"position\":1,\"name\":\"Home\",\"item\":\"https:\/\/www.unirufa.it\/\"},{\"@type\":\"ListItem\",\"position\":2,\"name\":\"SanLo Defence\"}]},{\"@type\":\"WebSite\",\"@id\":\"https:\/\/www.unirufa.it\/#website\",\"url\":\"https:\/\/www.unirufa.it\/\",\"name\":\"RUFA - Rome University of Fine Arts\",\"description\":\"\",\"potentialAction\":[{\"@type\":\"SearchAction\",\"target\":{\"@type\":\"EntryPoint\",\"urlTemplate\":\"https:\/\/www.unirufa.it\/?s={search_term_string}\"},\"query-input\":{\"@type\":\"PropertyValueSpecification\",\"valueRequired\":true,\"valueName\":\"search_term_string\"}}],\"inLanguage\":\"es\"}]}<\/script>\n<!-- \/ Yoast SEO plugin. -->","yoast_head_json":{"title":"SanLo Defence - RUFA - Rome University of Fine Arts","robots":{"index":"index","follow":"follow","max-snippet":"max-snippet:-1","max-image-preview":"max-image-preview:large","max-video-preview":"max-video-preview:-1"},"canonical":"https:\/\/www.unirufa.it\/il-progetto-sanlo\/","og_locale":"es_ES","og_type":"article","og_title":"SanLo Defence - RUFA - Rome University of Fine Arts","og_description":"Disculpa, pero esta entrada est\u00e1 disponible s\u00f3lo en IT y EN.SanLo Defence: un videogioco per scoprire i luoghi della cultura del quartiere San Lorenzo. Grazie alle opportunit\u00e0 offerte dalla Regione Lazio nell\u2019ambito del DTC, RUFA ha strutturato un progetto di rigenerazione culturale del quartiere San Lorenzo. L\u2019esperienza, per la prima volta in Italia, vede interagire,...","og_url":"https:\/\/www.unirufa.it\/il-progetto-sanlo\/","og_site_name":"RUFA - Rome University of Fine Arts","article_modified_time":"2024-06-10T09:23:24+00:00","og_image":[{"width":1050,"height":600,"url":"https:\/\/www.unirufa.it\/wp-content\/uploads\/2024\/06\/BANNER_PROGETTO-SANLO.jpg","type":"image\/jpeg"}],"twitter_misc":{"Tiempo de lectura":"8 minutos"},"schema":{"@context":"https:\/\/schema.org","@graph":[{"@type":"WebPage","@id":"https:\/\/www.unirufa.it\/il-progetto-sanlo\/","url":"https:\/\/www.unirufa.it\/il-progetto-sanlo\/","name":"SanLo Defence - RUFA - Rome University of Fine Arts","isPartOf":{"@id":"https:\/\/www.unirufa.it\/#website"},"primaryImageOfPage":{"@id":"https:\/\/www.unirufa.it\/il-progetto-sanlo\/#primaryimage"},"image":{"@id":"https:\/\/www.unirufa.it\/il-progetto-sanlo\/#primaryimage"},"thumbnailUrl":"https:\/\/www.unirufa.it\/wp-content\/uploads\/2024\/06\/BANNER_PROGETTO-SANLO.jpg","datePublished":"2024-06-07T13:17:37+00:00","dateModified":"2024-06-10T09:23:24+00:00","breadcrumb":{"@id":"https:\/\/www.unirufa.it\/il-progetto-sanlo\/#breadcrumb"},"inLanguage":"es","potentialAction":[{"@type":"ReadAction","target":["https:\/\/www.unirufa.it\/il-progetto-sanlo\/"]}]},{"@type":"ImageObject","inLanguage":"es","@id":"https:\/\/www.unirufa.it\/il-progetto-sanlo\/#primaryimage","url":"https:\/\/www.unirufa.it\/wp-content\/uploads\/2024\/06\/BANNER_PROGETTO-SANLO.jpg","contentUrl":"https:\/\/www.unirufa.it\/wp-content\/uploads\/2024\/06\/BANNER_PROGETTO-SANLO.jpg","width":1050,"height":600},{"@type":"BreadcrumbList","@id":"https:\/\/www.unirufa.it\/il-progetto-sanlo\/#breadcrumb","itemListElement":[{"@type":"ListItem","position":1,"name":"Home","item":"https:\/\/www.unirufa.it\/"},{"@type":"ListItem","position":2,"name":"SanLo Defence"}]},{"@type":"WebSite","@id":"https:\/\/www.unirufa.it\/#website","url":"https:\/\/www.unirufa.it\/","name":"RUFA - Rome University of Fine Arts","description":"","potentialAction":[{"@type":"SearchAction","target":{"@type":"EntryPoint","urlTemplate":"https:\/\/www.unirufa.it\/?s={search_term_string}"},"query-input":{"@type":"PropertyValueSpecification","valueRequired":true,"valueName":"search_term_string"}}],"inLanguage":"es"}]}},"_links":{"self":[{"href":"https:\/\/www.unirufa.it\/es\/wp-json\/wp\/v2\/pages\/134014","targetHints":{"allow":["GET"]}}],"collection":[{"href":"https:\/\/www.unirufa.it\/es\/wp-json\/wp\/v2\/pages"}],"about":[{"href":"https:\/\/www.unirufa.it\/es\/wp-json\/wp\/v2\/types\/page"}],"author":[{"embeddable":true,"href":"https:\/\/www.unirufa.it\/es\/wp-json\/wp\/v2\/users\/28"}],"replies":[{"embeddable":true,"href":"https:\/\/www.unirufa.it\/es\/wp-json\/wp\/v2\/comments?post=134014"}],"version-history":[{"count":42,"href":"https:\/\/www.unirufa.it\/es\/wp-json\/wp\/v2\/pages\/134014\/revisions"}],"predecessor-version":[{"id":134331,"href":"https:\/\/www.unirufa.it\/es\/wp-json\/wp\/v2\/pages\/134014\/revisions\/134331"}],"wp:featuredmedia":[{"embeddable":true,"href":"https:\/\/www.unirufa.it\/es\/wp-json\/wp\/v2\/media\/134033"}],"wp:attachment":[{"href":"https:\/\/www.unirufa.it\/es\/wp-json\/wp\/v2\/media?parent=134014"}],"curies":[{"name":"wp","href":"https:\/\/api.w.org\/{rel}","templated":true}]}}