


{"id":134451,"date":"2024-06-11T18:15:00","date_gmt":"2024-06-11T16:15:00","guid":{"rendered":"https:\/\/www.unirufa.it\/?page_id=134451"},"modified":"2025-04-15T10:46:22","modified_gmt":"2025-04-15T08:46:22","slug":"tecnologia-del-cinema-e-dei-nuovi-media","status":"publish","type":"page","link":"https:\/\/www.unirufa.it\/es\/offerta-formativa\/dottorati-di-ricerca\/tecnologia-del-cinema-e-dei-nuovi-media\/","title":{"rendered":"Tecnolog\u00eda Cinematogr\u00e1fica y Nuevos Medios (PhD)"},"content":{"rendered":"<a href=\"\"><img decoding=\"async\" class=\"alignnone size-medium wp-image-30173\" src=\"https:\/\/www.unirufa.it\/wp-content\/uploads\/2024\/08\/RUFA_PhD_CINEMA_NUOVI_MEDIA.jpg\" alt=\"\" width=\"100%\" height=\"auto\" \/><\/a><br \/>\n&nbsp;<\/p>\n<p>RUFA &#8211; Universidad de Bellas Artes de Roma, con el fin de facilitar el camino de aquellos que tienen la intenci\u00f3n de entrar en el tercer ciclo de estudios, en el marco de un acuerdo de colaboraci\u00f3n con la Universidad de Roma Tre (Departamento de Filosof\u00eda, Comunicaci\u00f3n y Artes Esc\u00e9nicas) ofrece un doctorado en <em>\u201cCulturas, pr\u00e1cticas y tecnolog\u00edas del cine, los medios de comunicaci\u00f3n, la m\u00fasica, el teatro y la danza\u00bb<\/em> para el que la academia concede dos becas de doctorado PNRR. <\/p>\n<h4>El proyecto de formaci\u00f3n prev\u00e9 un di\u00e1logo innovador entre las teor\u00edas y las pr\u00e1cticas del sector audiovisual y de las artes esc\u00e9nicas, tanto en el plano de los objetos y metodolog\u00edas de investigaci\u00f3n como en el de las respectivas competencias institucionales de las entidades asociadas al doctorado.<\/h4>\n<p>&nbsp;<\/p>\n<p><a id=\"btn-regolamentocorso\" class=\"download-btn\" style=\"background-color: #000000; border-color: #000000;\"><span style=\"color: #ffffff;\">B\u00daSQUEDA ><\/span> <span style=\"color: #ff7800;\">3 A\u00d1OS<\/span><\/a><a id=\"btn-regolamentocorso\" class=\"download-btn\" style=\"background-color: #000000; border-color: #000000;\"><span style=\"color: #ffffff;\">BOLSAS DISPONIBLES > <\/span> <span style=\"color: #ff7800;\">2<\/span><\/a><\/p>\n<p>&nbsp;<\/p>\n<p>El programa de doctorado presta especial atenci\u00f3n a las dimensiones <strong>hist\u00f3rico-cr\u00edtica, te\u00f3rico-anal\u00edtica, performativa, tecnol\u00f3gica y sociocultural de las cuestiones relacionadas con las artes esc\u00e9nicas<\/strong>, en consonancia con los escenarios internacionales de la investigaci\u00f3n acad\u00e9mica contempor\u00e1nea y con una apertura interdisciplinar a los complejos tejidos de t\u00e9cnicas y saberes que caracterizan, por un lado, las producciones art\u00edsticas y sus contextos medi\u00e1ticos y, por otro, las refracciones f\u00edsicas y ambientales de los estudios del sonido y la imagen.<\/p>\n<p>La <strong>multidisciplinariedad<\/strong> y el <strong>car\u00e1cter innovador<\/strong> de las l\u00edneas de investigaci\u00f3n permiten superar los l\u00edmites de la sectorialidad de los \u00e1mbitos individuales, incluso mediante la innovaci\u00f3n cultural y tecnol\u00f3gica destinada a fomentar la comprensi\u00f3n de las especificidades y complejidades del patrimonio cultural, con especial referencia a la relaci\u00f3n entre el patrimonio material e inmaterial y las pr\u00e1cticas de archivo y documentaci\u00f3n digital relacionadas. <\/p>\n<p>El doctorado proporciona las competencias necesarias para ejercer en universidades, institutos AFAM, instituciones p\u00fablicas o entidades privadas, <strong>actividades de investigaci\u00f3n altamente cualificadas<\/strong> (tambi\u00e9n para el acceso a carreras en las administraciones p\u00fablicas y la integraci\u00f3n de trayectorias profesionales altamente innovadoras) en los \u00e1mbitos del cine, la fotograf\u00eda, la televisi\u00f3n, los medios digitales, la m\u00fasica, el teatro y la danza, en funci\u00f3n de contextos culturales, sociol\u00f3gicos, tecnol\u00f3gicos y art\u00edstico-performativos.<\/p>\n<p>Al mismo tiempo, el curso proporciona una preparaci\u00f3n adecuada para ocupar puestos de responsabilidad en instituciones culturales, tanto a nivel art\u00edstico como administrativo. Tambi\u00e9n confiere las herramientas necesarias para llevar a cabo actividades relacionadas con la evaluaci\u00f3n de la calidad ac\u00fastica de los espacios (paisaje sonoro). Por \u00faltimo, es posible <strong>salidas profesionales relacionadas con ambas carreras acad\u00e9micas<\/strong>, <strong>tanto a la ense\u00f1anza<\/strong> en los centros de ense\u00f1anza secundaria y superior, en lo que respecta a la clases relacionadas con las disciplinas audiovisuales y musicales.<\/p>\n<p><strong>Miembros<\/strong>:Universit\u00e0 Roma Tre, Fondazione Centro Sperimentale Cinematografia, Fondazione Roma Tre Teatro Palladium, Accademia Nazionale di Danza, Conservatorio di Santa Cecilia, Conservatorio di Brescia, y l\u2019Universit\u00e0 di Teramo.<br \/>\n&nbsp;<\/p>\n<div class=\"col-md-12\" style=\"padding-left: 0;\">\n<h3 style= \"padding: 40px 0px 20px 0px;\">Descubre a los doctorandos de RUFA en los programas de Tecnolog\u00eda del Cine y los Nuevos Medios.<\/h3>\n<\/div>\n<div class=\"row\">\n<div class=\"col-md-6\" style=\"padding-left: 0;\">\n<a href=\"https:\/\/www.unirufa.it\/artisti\/caterina-crescini\/\"><img decoding=\"async\" class=\"alignnone size-medium wp-image-30173\" src=\"https:\/\/www.unirufa.it\/wp-content\/uploads\/2025\/02\/RUFA_DOTTORATI_CATERINA-CRESCINI.jpg\" alt=\"Caterina Crescini\" width=\"100%\" height=\"auto\" \/><\/a><\/p>\n<h5><a href=\"https:\/\/www.unirufa.it\/en\/artisti\/caterina-crescini\/\"><a href=\"https:\/\/www.unirufa.it\/artisti\/caterina-crescini\/\">CATERINA CRESCINI<\/a><\/a><\/h5>\n<p><em>Director<\/em><\/p>\n<\/div>\n<div class=\"col-md-6\" style=\"padding-left: 0;\">\n<a href=\"https:\/\/www.unirufa.it\/docenti\/daniele-falchi\/\"><img decoding=\"async\" class=\"alignnone size-medium wp-image-30173\" src=\"https:\/\/www.unirufa.it\/wp-content\/uploads\/2025\/02\/RUFA_DOTTORATI_DANIELE-FALCHI.jpg\" alt=\"Daniele Falchi\" width=\"100%\" height=\"auto\" \/><\/a><\/p>\n<h5><a href=\"https:\/\/www.unirufa.it\/en\/docenti\/daniele-falchi\/\">DANIELE FALCHI<\/a><\/h5>\n<p><em>Multimedia Artist, Curator<\/em><\/p>\n<\/div>\n<\/div>\n<\/div>\n<p>&nbsp;<br \/>\n&nbsp;<br \/>\n<a class=\"download-btn full\" href=\"https:\/\/www.unirufa.it\/wp-content\/uploads\/2024\/06\/ITA_BANDO_Dottorato-di-Ricerca.pdf\" target=\"_blank\" rel=\"noopener noreferrer\">Descargar el anuncio<\/a><br \/>\n&nbsp;<br \/>\n<a class=\"download-btn full\" href=\"https:\/\/filosofiacomunicazionespettacolo.uniroma3.it\/ricerca\/dottorato-di-ricerca\/dottorato-di-ricerca-in-culture-pratiche-e-tecnologie-del-cinema-dei-media-della-musica-del-teatro-e-della-danza\/\" target=\"_blank\" rel=\"noopener noreferrer\">LISTA DE LOS ADMITIDOS A LA PRUEBA ORAL<\/a><\/p>\n<p><strong>PARA ADMITIR LA PRUEBA ORAL:<\/strong> Las entrevistas se llevar\u00e1n a cabo el pr\u00f3ximo 18 de julio de 2024 a partir de las 9:00 a.m. en Via Ostiense 139, Roma.<\/p>\n<p>&nbsp;","protected":false},"excerpt":{"rendered":"<p>&nbsp; RUFA &#8211; Universidad de Bellas Artes de Roma, con el fin de facilitar el camino de aquellos que tienen la intenci\u00f3n de entrar en el tercer ciclo de estudios, en el marco de un acuerdo de colaboraci\u00f3n con la Universidad de Roma Tre (Departamento de Filosof\u00eda, Comunicaci\u00f3n y Artes Esc\u00e9nicas) ofrece un doctorado en&#8230;<\/p>\n","protected":false},"author":28,"featured_media":137438,"parent":137268,"menu_order":0,"comment_status":"closed","ping_status":"closed","template":"page_social-partners.php","meta":{"content-type":"","footnotes":""},"class_list":["post-134451","page","type-page","status-publish","has-post-thumbnail","hentry"],"yoast_head":"<!-- This site is optimized with the Yoast SEO plugin v24.2 - https:\/\/yoast.com\/wordpress\/plugins\/seo\/ -->\n<title>Tecnolog\u00eda Cinematogr\u00e1fica y Nuevos Medios (PhD) - RUFA - Rome University of Fine Arts<\/title>\n<meta name=\"robots\" content=\"index, follow, max-snippet:-1, max-image-preview:large, max-video-preview:-1\" \/>\n<link rel=\"canonical\" href=\"https:\/\/www.unirufa.it\/offerta-formativa\/dottorati-di-ricerca\/tecnologia-del-cinema-e-dei-nuovi-media\/\" \/>\n<meta property=\"og:locale\" content=\"es_ES\" \/>\n<meta property=\"og:type\" content=\"article\" \/>\n<meta property=\"og:title\" content=\"Tecnolog\u00eda Cinematogr\u00e1fica y Nuevos Medios (PhD) - RUFA - Rome University of Fine Arts\" \/>\n<meta property=\"og:description\" content=\"&nbsp; RUFA &#8211; Universidad de Bellas Artes de Roma, con el fin de facilitar el camino de aquellos que tienen la intenci\u00f3n de entrar en el tercer ciclo de estudios, en el marco de un acuerdo de colaboraci\u00f3n con la Universidad de Roma Tre (Departamento de Filosof\u00eda, Comunicaci\u00f3n y Artes Esc\u00e9nicas) ofrece un doctorado en...\" \/>\n<meta property=\"og:url\" content=\"https:\/\/www.unirufa.it\/offerta-formativa\/dottorati-di-ricerca\/tecnologia-del-cinema-e-dei-nuovi-media\/\" \/>\n<meta property=\"og:site_name\" content=\"RUFA - Rome University of Fine Arts\" \/>\n<meta property=\"article:modified_time\" content=\"2025-04-15T08:46:22+00:00\" \/>\n<meta property=\"og:image\" content=\"https:\/\/www.unirufa.it\/wp-content\/uploads\/2024\/08\/RUFA_PhD_CINEMA_NUOVI_MEDIA.jpg\" \/>\n\t<meta property=\"og:image:width\" content=\"1441\" \/>\n\t<meta property=\"og:image:height\" content=\"601\" \/>\n\t<meta property=\"og:image:type\" content=\"image\/jpeg\" \/>\n<meta name=\"twitter:label1\" content=\"Tiempo de lectura\" \/>\n\t<meta name=\"twitter:data1\" content=\"10 minutos\" \/>\n<script type=\"application\/ld+json\" class=\"yoast-schema-graph\">{\"@context\":\"https:\/\/schema.org\",\"@graph\":[{\"@type\":\"WebPage\",\"@id\":\"https:\/\/www.unirufa.it\/offerta-formativa\/dottorati-di-ricerca\/tecnologia-del-cinema-e-dei-nuovi-media\/\",\"url\":\"https:\/\/www.unirufa.it\/offerta-formativa\/dottorati-di-ricerca\/tecnologia-del-cinema-e-dei-nuovi-media\/\",\"name\":\"Tecnolog\u00eda Cinematogr\u00e1fica y Nuevos Medios (PhD) - RUFA - Rome University of Fine Arts\",\"isPartOf\":{\"@id\":\"https:\/\/www.unirufa.it\/#website\"},\"primaryImageOfPage\":{\"@id\":\"https:\/\/www.unirufa.it\/offerta-formativa\/dottorati-di-ricerca\/tecnologia-del-cinema-e-dei-nuovi-media\/#primaryimage\"},\"image\":{\"@id\":\"https:\/\/www.unirufa.it\/offerta-formativa\/dottorati-di-ricerca\/tecnologia-del-cinema-e-dei-nuovi-media\/#primaryimage\"},\"thumbnailUrl\":\"https:\/\/www.unirufa.it\/wp-content\/uploads\/2024\/08\/RUFA_PhD_CINEMA_NUOVI_MEDIA.jpg\",\"datePublished\":\"2024-06-11T16:15:00+00:00\",\"dateModified\":\"2025-04-15T08:46:22+00:00\",\"breadcrumb\":{\"@id\":\"https:\/\/www.unirufa.it\/offerta-formativa\/dottorati-di-ricerca\/tecnologia-del-cinema-e-dei-nuovi-media\/#breadcrumb\"},\"inLanguage\":\"es\",\"potentialAction\":[{\"@type\":\"ReadAction\",\"target\":[\"https:\/\/www.unirufa.it\/offerta-formativa\/dottorati-di-ricerca\/tecnologia-del-cinema-e-dei-nuovi-media\/\"]}]},{\"@type\":\"ImageObject\",\"inLanguage\":\"es\",\"@id\":\"https:\/\/www.unirufa.it\/offerta-formativa\/dottorati-di-ricerca\/tecnologia-del-cinema-e-dei-nuovi-media\/#primaryimage\",\"url\":\"https:\/\/www.unirufa.it\/wp-content\/uploads\/2024\/08\/RUFA_PhD_CINEMA_NUOVI_MEDIA.jpg\",\"contentUrl\":\"https:\/\/www.unirufa.it\/wp-content\/uploads\/2024\/08\/RUFA_PhD_CINEMA_NUOVI_MEDIA.jpg\",\"width\":1441,\"height\":601},{\"@type\":\"BreadcrumbList\",\"@id\":\"https:\/\/www.unirufa.it\/offerta-formativa\/dottorati-di-ricerca\/tecnologia-del-cinema-e-dei-nuovi-media\/#breadcrumb\",\"itemListElement\":[{\"@type\":\"ListItem\",\"position\":1,\"name\":\"Home\",\"item\":\"https:\/\/www.unirufa.it\/\"},{\"@type\":\"ListItem\",\"position\":2,\"name\":\"Offerta formativa\",\"item\":\"https:\/\/www.unirufa.it\/offerta-formativa\/\"},{\"@type\":\"ListItem\",\"position\":3,\"name\":\"Dottorati di Ricerca\",\"item\":\"https:\/\/www.unirufa.it\/offerta-formativa\/dottorati-di-ricerca\/\"},{\"@type\":\"ListItem\",\"position\":4,\"name\":\"Tecnologia del Cinema e dei Nuovi Media (PhD)\"}]},{\"@type\":\"WebSite\",\"@id\":\"https:\/\/www.unirufa.it\/#website\",\"url\":\"https:\/\/www.unirufa.it\/\",\"name\":\"RUFA - Rome University of Fine Arts\",\"description\":\"\",\"potentialAction\":[{\"@type\":\"SearchAction\",\"target\":{\"@type\":\"EntryPoint\",\"urlTemplate\":\"https:\/\/www.unirufa.it\/?s={search_term_string}\"},\"query-input\":{\"@type\":\"PropertyValueSpecification\",\"valueRequired\":true,\"valueName\":\"search_term_string\"}}],\"inLanguage\":\"es\"}]}<\/script>\n<!-- \/ Yoast SEO plugin. -->","yoast_head_json":{"title":"Tecnolog\u00eda Cinematogr\u00e1fica y Nuevos Medios (PhD) - RUFA - Rome University of Fine Arts","robots":{"index":"index","follow":"follow","max-snippet":"max-snippet:-1","max-image-preview":"max-image-preview:large","max-video-preview":"max-video-preview:-1"},"canonical":"https:\/\/www.unirufa.it\/offerta-formativa\/dottorati-di-ricerca\/tecnologia-del-cinema-e-dei-nuovi-media\/","og_locale":"es_ES","og_type":"article","og_title":"Tecnolog\u00eda Cinematogr\u00e1fica y Nuevos Medios (PhD) - RUFA - Rome University of Fine Arts","og_description":"&nbsp; RUFA &#8211; Universidad de Bellas Artes de Roma, con el fin de facilitar el camino de aquellos que tienen la intenci\u00f3n de entrar en el tercer ciclo de estudios, en el marco de un acuerdo de colaboraci\u00f3n con la Universidad de Roma Tre (Departamento de Filosof\u00eda, Comunicaci\u00f3n y Artes Esc\u00e9nicas) ofrece un doctorado en...","og_url":"https:\/\/www.unirufa.it\/offerta-formativa\/dottorati-di-ricerca\/tecnologia-del-cinema-e-dei-nuovi-media\/","og_site_name":"RUFA - Rome University of Fine Arts","article_modified_time":"2025-04-15T08:46:22+00:00","og_image":[{"width":1441,"height":601,"url":"https:\/\/www.unirufa.it\/wp-content\/uploads\/2024\/08\/RUFA_PhD_CINEMA_NUOVI_MEDIA.jpg","type":"image\/jpeg"}],"twitter_misc":{"Tiempo de lectura":"10 minutos"},"schema":{"@context":"https:\/\/schema.org","@graph":[{"@type":"WebPage","@id":"https:\/\/www.unirufa.it\/offerta-formativa\/dottorati-di-ricerca\/tecnologia-del-cinema-e-dei-nuovi-media\/","url":"https:\/\/www.unirufa.it\/offerta-formativa\/dottorati-di-ricerca\/tecnologia-del-cinema-e-dei-nuovi-media\/","name":"Tecnolog\u00eda Cinematogr\u00e1fica y Nuevos Medios (PhD) - RUFA - Rome University of Fine Arts","isPartOf":{"@id":"https:\/\/www.unirufa.it\/#website"},"primaryImageOfPage":{"@id":"https:\/\/www.unirufa.it\/offerta-formativa\/dottorati-di-ricerca\/tecnologia-del-cinema-e-dei-nuovi-media\/#primaryimage"},"image":{"@id":"https:\/\/www.unirufa.it\/offerta-formativa\/dottorati-di-ricerca\/tecnologia-del-cinema-e-dei-nuovi-media\/#primaryimage"},"thumbnailUrl":"https:\/\/www.unirufa.it\/wp-content\/uploads\/2024\/08\/RUFA_PhD_CINEMA_NUOVI_MEDIA.jpg","datePublished":"2024-06-11T16:15:00+00:00","dateModified":"2025-04-15T08:46:22+00:00","breadcrumb":{"@id":"https:\/\/www.unirufa.it\/offerta-formativa\/dottorati-di-ricerca\/tecnologia-del-cinema-e-dei-nuovi-media\/#breadcrumb"},"inLanguage":"es","potentialAction":[{"@type":"ReadAction","target":["https:\/\/www.unirufa.it\/offerta-formativa\/dottorati-di-ricerca\/tecnologia-del-cinema-e-dei-nuovi-media\/"]}]},{"@type":"ImageObject","inLanguage":"es","@id":"https:\/\/www.unirufa.it\/offerta-formativa\/dottorati-di-ricerca\/tecnologia-del-cinema-e-dei-nuovi-media\/#primaryimage","url":"https:\/\/www.unirufa.it\/wp-content\/uploads\/2024\/08\/RUFA_PhD_CINEMA_NUOVI_MEDIA.jpg","contentUrl":"https:\/\/www.unirufa.it\/wp-content\/uploads\/2024\/08\/RUFA_PhD_CINEMA_NUOVI_MEDIA.jpg","width":1441,"height":601},{"@type":"BreadcrumbList","@id":"https:\/\/www.unirufa.it\/offerta-formativa\/dottorati-di-ricerca\/tecnologia-del-cinema-e-dei-nuovi-media\/#breadcrumb","itemListElement":[{"@type":"ListItem","position":1,"name":"Home","item":"https:\/\/www.unirufa.it\/"},{"@type":"ListItem","position":2,"name":"Offerta formativa","item":"https:\/\/www.unirufa.it\/offerta-formativa\/"},{"@type":"ListItem","position":3,"name":"Dottorati di Ricerca","item":"https:\/\/www.unirufa.it\/offerta-formativa\/dottorati-di-ricerca\/"},{"@type":"ListItem","position":4,"name":"Tecnologia del Cinema e dei Nuovi Media (PhD)"}]},{"@type":"WebSite","@id":"https:\/\/www.unirufa.it\/#website","url":"https:\/\/www.unirufa.it\/","name":"RUFA - Rome University of Fine Arts","description":"","potentialAction":[{"@type":"SearchAction","target":{"@type":"EntryPoint","urlTemplate":"https:\/\/www.unirufa.it\/?s={search_term_string}"},"query-input":{"@type":"PropertyValueSpecification","valueRequired":true,"valueName":"search_term_string"}}],"inLanguage":"es"}]}},"_links":{"self":[{"href":"https:\/\/www.unirufa.it\/es\/wp-json\/wp\/v2\/pages\/134451","targetHints":{"allow":["GET"]}}],"collection":[{"href":"https:\/\/www.unirufa.it\/es\/wp-json\/wp\/v2\/pages"}],"about":[{"href":"https:\/\/www.unirufa.it\/es\/wp-json\/wp\/v2\/types\/page"}],"author":[{"embeddable":true,"href":"https:\/\/www.unirufa.it\/es\/wp-json\/wp\/v2\/users\/28"}],"replies":[{"embeddable":true,"href":"https:\/\/www.unirufa.it\/es\/wp-json\/wp\/v2\/comments?post=134451"}],"version-history":[{"count":39,"href":"https:\/\/www.unirufa.it\/es\/wp-json\/wp\/v2\/pages\/134451\/revisions"}],"predecessor-version":[{"id":144165,"href":"https:\/\/www.unirufa.it\/es\/wp-json\/wp\/v2\/pages\/134451\/revisions\/144165"}],"up":[{"embeddable":true,"href":"https:\/\/www.unirufa.it\/es\/wp-json\/wp\/v2\/pages\/137268"}],"wp:featuredmedia":[{"embeddable":true,"href":"https:\/\/www.unirufa.it\/es\/wp-json\/wp\/v2\/media\/137438"}],"wp:attachment":[{"href":"https:\/\/www.unirufa.it\/es\/wp-json\/wp\/v2\/media?parent=134451"}],"curies":[{"name":"wp","href":"https:\/\/api.w.org\/{rel}","templated":true}]}}