


{"id":135233,"date":"2024-06-18T11:19:11","date_gmt":"2024-06-18T09:19:11","guid":{"rendered":"https:\/\/www.unirufa.it\/?page_id=135233"},"modified":"2025-05-13T16:45:51","modified_gmt":"2025-05-13T14:45:51","slug":"grand-tour-afam-pnrr","status":"publish","type":"page","link":"https:\/\/www.unirufa.it\/es\/grand-tour-afam-pnrr\/","title":{"rendered":"Grand Tour Afam &#8211; PNRR"},"content":{"rendered":"<h3>RUFA es el socio principal del proyecto GRAND TOUR AFAM<\/h3>\n<p>El proyecto GRAND TOUR AFAM tiene como objetivo <strong>promover el papel de las instituciones AFAM<\/strong> en el extranjero en la conservaci\u00f3n y valorizaci\u00f3n de la cultura y el estilo de vida italianos a trav\u00e9s de un programa de iniciativas centradas en la creatividad italiana. El proyecto tiene una duraci\u00f3n total de 24 meses y se divide en dos fases: \u00abCreating in Italy\u00bb y \u00abNetworking\u00bb. La primera fase se realiza en Italia durante un per\u00edodo de 12 meses, mientras que la segunda fase se lleva a cabo en el extranjero en los 12 meses siguientes. Cada iniciativa, realizada en sinergia con las instituciones socias en t\u00e9rminos de complementariedad, destacar\u00e1 la centralidad de los estudiantes y su participaci\u00f3n activa, involucr\u00e1ndolos en la planificaci\u00f3n, el dise\u00f1o y la producci\u00f3n de contenido innovador y como protagonistas de producciones art\u00edsticas abiertas al p\u00fablico.<\/p>\n<p>&#8211; <strong>CREATING IN ITALY<\/strong> significa generar un camino de investigaci\u00f3n y producci\u00f3n creativa con la participaci\u00f3n de estudiantes, profesores, investigadores y expertos internacionales a trav\u00e9s de la organizaci\u00f3n de talleres, exposiciones, eventos, conferencias y otras formas de discusi\u00f3n y estudio. Para promover el conocimiento de las instituciones AFAM, se organizar\u00e1 un calendario de encuentros en varias ciudades italianas: un viaje por los territorios para descubrir las mejores realidades art\u00edsticas y culturales de la pen\u00ednsula.<br \/>\n&#8211; <strong>NETWORKING<\/strong> significa iniciar un concurso internacional para estudiantes de instituciones AFAM y una gira de las instituciones AFAM en el extranjero. El concurso permitir\u00e1 la participaci\u00f3n activa de los estudiantes llamados a representar Italia, su belleza y est\u00e9tica, mientras que la gira incluye una propuesta diversa de eventos dedicados a la red extranjera: espect\u00e1culos, exposiciones y residencias para j\u00f3venes artistas.<br \/>\nEl proyecto, coordinado por RUFA, cuenta con la participaci\u00f3n de 16 socios con objetivos comunes: 14 instituciones AFAM y 2 instituciones p\u00fablicas, la Universidad La Sapienza con el Centro de Investigaci\u00f3n Digilab, y el Consejo Nacional de Investigaci\u00f3n con el Instituto de Ciencias del Patrimonio Cultural.<\/p>\n<p>El proyecto GRAND TOUR AFAM, conforme al decreto directoral 124\/2023 del Ministerio de Universidad e Investigaci\u00f3n, INTAFAM 00029, CUP I83B24000030006, tiene como objetivo potenciar la red AFAM y promover su internacionalizaci\u00f3n a trav\u00e9s de la activaci\u00f3n de experiencias, actividades, programas de comunicaci\u00f3n, difusi\u00f3n, sensibilizaci\u00f3n, ense\u00f1anza, investigaci\u00f3n y producci\u00f3n art\u00edstica dirigidos a la conservaci\u00f3n y promoci\u00f3n de la cultura italiana y el Made in Italy. La iniciativa est\u00e1 dirigida a promover el conocimiento del patrimonio cultural, art\u00edstico, musical y coreogr\u00e1fico, as\u00ed como a asegurar las mejores condiciones para su uso y disfrute p\u00fablico, aumentando su atractivo y perfil internacional.<br \/>\n&nbsp;","protected":false},"excerpt":{"rendered":"<p>RUFA es el socio principal del proyecto GRAND TOUR AFAM El proyecto GRAND TOUR AFAM tiene como objetivo promover el papel de las instituciones AFAM en el extranjero en la conservaci\u00f3n y valorizaci\u00f3n de la cultura y el estilo de vida italianos a trav\u00e9s de un programa de iniciativas centradas en la creatividad italiana. El&#8230;<\/p>\n","protected":false},"author":35,"featured_media":135725,"parent":0,"menu_order":0,"comment_status":"closed","ping_status":"closed","template":"","meta":{"content-type":"","footnotes":""},"class_list":["post-135233","page","type-page","status-publish","has-post-thumbnail","hentry"],"yoast_head":"<!-- This site is optimized with the Yoast SEO plugin v24.2 - https:\/\/yoast.com\/wordpress\/plugins\/seo\/ -->\n<title>Grand Tour Afam - PNRR - RUFA - Rome University of Fine Arts<\/title>\n<meta name=\"robots\" content=\"index, follow, max-snippet:-1, max-image-preview:large, max-video-preview:-1\" \/>\n<link rel=\"canonical\" href=\"https:\/\/www.unirufa.it\/grand-tour-afam-pnrr\/\" \/>\n<meta property=\"og:locale\" content=\"es_ES\" \/>\n<meta property=\"og:type\" content=\"article\" \/>\n<meta property=\"og:title\" content=\"Grand Tour Afam - PNRR - RUFA - Rome University of Fine Arts\" \/>\n<meta property=\"og:description\" content=\"RUFA es el socio principal del proyecto GRAND TOUR AFAM El proyecto GRAND TOUR AFAM tiene como objetivo promover el papel de las instituciones AFAM en el extranjero en la conservaci\u00f3n y valorizaci\u00f3n de la cultura y el estilo de vida italianos a trav\u00e9s de un programa de iniciativas centradas en la creatividad italiana. El...\" \/>\n<meta property=\"og:url\" content=\"https:\/\/www.unirufa.it\/grand-tour-afam-pnrr\/\" \/>\n<meta property=\"og:site_name\" content=\"RUFA - Rome University of Fine Arts\" \/>\n<meta property=\"article:modified_time\" content=\"2025-05-13T14:45:51+00:00\" \/>\n<meta property=\"og:image\" content=\"https:\/\/www.unirufa.it\/wp-content\/uploads\/2024\/06\/RUFA_Web_1440x600.jpg\" \/>\n\t<meta property=\"og:image:width\" content=\"1440\" \/>\n\t<meta property=\"og:image:height\" content=\"600\" \/>\n\t<meta property=\"og:image:type\" content=\"image\/jpeg\" \/>\n<meta name=\"twitter:label1\" content=\"Tiempo de lectura\" \/>\n\t<meta name=\"twitter:data1\" content=\"7 minutos\" \/>\n<script type=\"application\/ld+json\" class=\"yoast-schema-graph\">{\"@context\":\"https:\/\/schema.org\",\"@graph\":[{\"@type\":\"WebPage\",\"@id\":\"https:\/\/www.unirufa.it\/grand-tour-afam-pnrr\/\",\"url\":\"https:\/\/www.unirufa.it\/grand-tour-afam-pnrr\/\",\"name\":\"Grand Tour Afam - PNRR - RUFA - Rome University of Fine Arts\",\"isPartOf\":{\"@id\":\"https:\/\/www.unirufa.it\/#website\"},\"primaryImageOfPage\":{\"@id\":\"https:\/\/www.unirufa.it\/grand-tour-afam-pnrr\/#primaryimage\"},\"image\":{\"@id\":\"https:\/\/www.unirufa.it\/grand-tour-afam-pnrr\/#primaryimage\"},\"thumbnailUrl\":\"https:\/\/www.unirufa.it\/wp-content\/uploads\/2024\/06\/RUFA_Web_1440x600.jpg\",\"datePublished\":\"2024-06-18T09:19:11+00:00\",\"dateModified\":\"2025-05-13T14:45:51+00:00\",\"breadcrumb\":{\"@id\":\"https:\/\/www.unirufa.it\/grand-tour-afam-pnrr\/#breadcrumb\"},\"inLanguage\":\"es\",\"potentialAction\":[{\"@type\":\"ReadAction\",\"target\":[\"https:\/\/www.unirufa.it\/grand-tour-afam-pnrr\/\"]}]},{\"@type\":\"ImageObject\",\"inLanguage\":\"es\",\"@id\":\"https:\/\/www.unirufa.it\/grand-tour-afam-pnrr\/#primaryimage\",\"url\":\"https:\/\/www.unirufa.it\/wp-content\/uploads\/2024\/06\/RUFA_Web_1440x600.jpg\",\"contentUrl\":\"https:\/\/www.unirufa.it\/wp-content\/uploads\/2024\/06\/RUFA_Web_1440x600.jpg\",\"width\":1440,\"height\":600},{\"@type\":\"BreadcrumbList\",\"@id\":\"https:\/\/www.unirufa.it\/grand-tour-afam-pnrr\/#breadcrumb\",\"itemListElement\":[{\"@type\":\"ListItem\",\"position\":1,\"name\":\"Home\",\"item\":\"https:\/\/www.unirufa.it\/\"},{\"@type\":\"ListItem\",\"position\":2,\"name\":\"Grand Tour Afam &#8211; PNRR\"}]},{\"@type\":\"WebSite\",\"@id\":\"https:\/\/www.unirufa.it\/#website\",\"url\":\"https:\/\/www.unirufa.it\/\",\"name\":\"RUFA - Rome University of Fine Arts\",\"description\":\"\",\"potentialAction\":[{\"@type\":\"SearchAction\",\"target\":{\"@type\":\"EntryPoint\",\"urlTemplate\":\"https:\/\/www.unirufa.it\/?s={search_term_string}\"},\"query-input\":{\"@type\":\"PropertyValueSpecification\",\"valueRequired\":true,\"valueName\":\"search_term_string\"}}],\"inLanguage\":\"es\"}]}<\/script>\n<!-- \/ Yoast SEO plugin. -->","yoast_head_json":{"title":"Grand Tour Afam - PNRR - RUFA - Rome University of Fine Arts","robots":{"index":"index","follow":"follow","max-snippet":"max-snippet:-1","max-image-preview":"max-image-preview:large","max-video-preview":"max-video-preview:-1"},"canonical":"https:\/\/www.unirufa.it\/grand-tour-afam-pnrr\/","og_locale":"es_ES","og_type":"article","og_title":"Grand Tour Afam - PNRR - RUFA - Rome University of Fine Arts","og_description":"RUFA es el socio principal del proyecto GRAND TOUR AFAM El proyecto GRAND TOUR AFAM tiene como objetivo promover el papel de las instituciones AFAM en el extranjero en la conservaci\u00f3n y valorizaci\u00f3n de la cultura y el estilo de vida italianos a trav\u00e9s de un programa de iniciativas centradas en la creatividad italiana. El...","og_url":"https:\/\/www.unirufa.it\/grand-tour-afam-pnrr\/","og_site_name":"RUFA - Rome University of Fine Arts","article_modified_time":"2025-05-13T14:45:51+00:00","og_image":[{"width":1440,"height":600,"url":"https:\/\/www.unirufa.it\/wp-content\/uploads\/2024\/06\/RUFA_Web_1440x600.jpg","type":"image\/jpeg"}],"twitter_misc":{"Tiempo de lectura":"7 minutos"},"schema":{"@context":"https:\/\/schema.org","@graph":[{"@type":"WebPage","@id":"https:\/\/www.unirufa.it\/grand-tour-afam-pnrr\/","url":"https:\/\/www.unirufa.it\/grand-tour-afam-pnrr\/","name":"Grand Tour Afam - PNRR - RUFA - Rome University of Fine Arts","isPartOf":{"@id":"https:\/\/www.unirufa.it\/#website"},"primaryImageOfPage":{"@id":"https:\/\/www.unirufa.it\/grand-tour-afam-pnrr\/#primaryimage"},"image":{"@id":"https:\/\/www.unirufa.it\/grand-tour-afam-pnrr\/#primaryimage"},"thumbnailUrl":"https:\/\/www.unirufa.it\/wp-content\/uploads\/2024\/06\/RUFA_Web_1440x600.jpg","datePublished":"2024-06-18T09:19:11+00:00","dateModified":"2025-05-13T14:45:51+00:00","breadcrumb":{"@id":"https:\/\/www.unirufa.it\/grand-tour-afam-pnrr\/#breadcrumb"},"inLanguage":"es","potentialAction":[{"@type":"ReadAction","target":["https:\/\/www.unirufa.it\/grand-tour-afam-pnrr\/"]}]},{"@type":"ImageObject","inLanguage":"es","@id":"https:\/\/www.unirufa.it\/grand-tour-afam-pnrr\/#primaryimage","url":"https:\/\/www.unirufa.it\/wp-content\/uploads\/2024\/06\/RUFA_Web_1440x600.jpg","contentUrl":"https:\/\/www.unirufa.it\/wp-content\/uploads\/2024\/06\/RUFA_Web_1440x600.jpg","width":1440,"height":600},{"@type":"BreadcrumbList","@id":"https:\/\/www.unirufa.it\/grand-tour-afam-pnrr\/#breadcrumb","itemListElement":[{"@type":"ListItem","position":1,"name":"Home","item":"https:\/\/www.unirufa.it\/"},{"@type":"ListItem","position":2,"name":"Grand Tour Afam &#8211; PNRR"}]},{"@type":"WebSite","@id":"https:\/\/www.unirufa.it\/#website","url":"https:\/\/www.unirufa.it\/","name":"RUFA - Rome University of Fine Arts","description":"","potentialAction":[{"@type":"SearchAction","target":{"@type":"EntryPoint","urlTemplate":"https:\/\/www.unirufa.it\/?s={search_term_string}"},"query-input":{"@type":"PropertyValueSpecification","valueRequired":true,"valueName":"search_term_string"}}],"inLanguage":"es"}]}},"_links":{"self":[{"href":"https:\/\/www.unirufa.it\/es\/wp-json\/wp\/v2\/pages\/135233","targetHints":{"allow":["GET"]}}],"collection":[{"href":"https:\/\/www.unirufa.it\/es\/wp-json\/wp\/v2\/pages"}],"about":[{"href":"https:\/\/www.unirufa.it\/es\/wp-json\/wp\/v2\/types\/page"}],"author":[{"embeddable":true,"href":"https:\/\/www.unirufa.it\/es\/wp-json\/wp\/v2\/users\/35"}],"replies":[{"embeddable":true,"href":"https:\/\/www.unirufa.it\/es\/wp-json\/wp\/v2\/comments?post=135233"}],"version-history":[{"count":11,"href":"https:\/\/www.unirufa.it\/es\/wp-json\/wp\/v2\/pages\/135233\/revisions"}],"predecessor-version":[{"id":144997,"href":"https:\/\/www.unirufa.it\/es\/wp-json\/wp\/v2\/pages\/135233\/revisions\/144997"}],"wp:featuredmedia":[{"embeddable":true,"href":"https:\/\/www.unirufa.it\/es\/wp-json\/wp\/v2\/media\/135725"}],"wp:attachment":[{"href":"https:\/\/www.unirufa.it\/es\/wp-json\/wp\/v2\/media?parent=135233"}],"curies":[{"name":"wp","href":"https:\/\/api.w.org\/{rel}","templated":true}]}}