


{"id":135912,"date":"2024-06-21T16:39:38","date_gmt":"2024-06-21T14:39:38","guid":{"rendered":"https:\/\/www.unirufa.it\/?page_id=135912"},"modified":"2025-06-06T14:30:28","modified_gmt":"2025-06-06T12:30:28","slug":"annual-report-2022","status":"publish","type":"page","link":"https:\/\/www.unirufa.it\/es\/annual-report-2022\/","title":{"rendered":"Annual Report 2022"},"content":{"rendered":"<div class=\"row\">\n<p class=\"col-md-12\">\n<h2>Hemos llegado a la s\u00e9ptima edici\u00f3n del Informe Anual de RUFA.<\/h2>\n<p>Despu\u00e9s de celebrar los 20 a\u00f1os de la Academia y de vivir las incertidumbres, visiones y transformaciones del per\u00edodo del COVID, <strong>nos encontramos ahora en un nuevo comienzo<\/strong>. El siete simb\u00f3licamente marca la finalizaci\u00f3n de la secuencia, <strong>el \u00faltimo eslab\u00f3n del ritmo humano<\/strong> (d\u00edas de la semana, colores, notas, etc.).\n<\/div>\n\n<div class=\"row\">\n<h3>La Academia ha cambiado, adquiri\u00f3 una nueva gran sede en 2022, y se est\u00e1 expandiendo cada vez m\u00e1s en Roma y Mil\u00e1n, acogiendo a m\u00e1s estudiantes y cursos internacionales.<\/h3>\n<p>El Informe Anual 2022 quiere ser, fiel a la naturaleza del producto, un volumen dedicado al autoan\u00e1lisis. <em>\u00bfD\u00f3nde estamos? \u00bfQui\u00e9nes somos? \u00bfCu\u00e1ntos somos y con qu\u00e9 roles? \u00bfHasta d\u00f3nde hemos llegado? \u00bfC\u00f3mo interpretamos la creatividad hoy? \u00bfY la sociedad? \u00bfHacia d\u00f3nde vamos?<\/em><\/p>\n<p>Para responder a estas preguntas, primero debemos observar, recopilar datos e informaci\u00f3n y analizarlos. Por lo tanto, la intenci\u00f3n es desarrollar un an\u00e1lisis visual que incorpore datos cuantitativos y cualitativos, datos que tengan en cuenta a las personas con un enfoque centrado en el ser humano. La fotograf\u00eda, la ilustraci\u00f3n y la tipograf\u00eda se convierten en herramientas de investigaci\u00f3n m\u00e1s que de narraci\u00f3n, de exploraci\u00f3n m\u00e1s que de descubrimiento. Cada uno puede luego sacar sus propias conclusiones, m\u00e1s consciente.<\/p>\n<\/div>\n\n<div class=\"row\">\n<p>En concreto, como surgi\u00f3 en la reuni\u00f3n del 2 de mayo, organizamos el volumen de esta manera: despu\u00e9s del desconcierto causado por los cambios epocales internos y externos, es de vital importancia responder a las preguntas <strong>\u00bfQUI\u00c9NES SOMOS?<\/strong> <strong>\u00bfD\u00d3NDE ESTAMOS AHORA?<\/strong> La respuesta que considera todas las almas que componen la Academia es <strong>CALIDAD<\/strong>. Somos calidad. Vamos hacia la calidad.<br \/>\nLos nuevos lugares, las nuevas estructuras, los nuevos nombres dirigi\u00e9ndolo todo, todo lo que ha permanecido igual y\/o ha cambiado debe contarse, con valent\u00eda y exhaustividad, a trav\u00e9s de una narrativa <strong>CALIENTE<\/strong> (en introducciones, cubiertas de secciones y eventos), en contraste con los datos <strong>NEUTRALES<\/strong> que trazan el recorrido realizado por RUFA en estos 7 a\u00f1os, es decir, desde que existe el <strong>INFORME ANUAL<\/strong>.<\/p>\n<\/div>\n<div class=\"row\">\n<p><a class=\"download-btn full\" href=\"https:\/\/www.unirufa.it\/wp-content\/uploads\/2024\/06\/RUFA_AR_2022_WEB.pdf\">Consulta la publicaci\u00f3n<\/a> <\/p>\n<\/div>\n<p>&nbsp;<\/p>\n<div class=\"row\">\n<div class=\"col-md-12\">\n<h3>CREDITS<\/h3>\n<\/div>\n<div class=\"col-md-3\">\n<h6>Editorial project<\/h6>\n<p>\nGuido Lombardo<br \/>\nCristiana Pagnottelli\n<\/p>\n<h6>Content supervisor<\/h6>\n<p>\nFabio Mongelli\n<\/p>\n<h6>Design<\/h6>\n<p>\nIntorno Design<br \/>\nGuido Lombardo<br \/>\n<small>creative direction<\/small><\/p>\n<p>Davide Luccini<br \/>\n<small>graphic design, layout and typesetting<\/small><\/p>\n<p>Francesco P. Incantalupo<br \/>\n<small> data visualization <\/small><\/p>\n<p>Federico Mauti<br \/>\n<small> dataviz assistant <\/small><\/p>\n<p>Alessandro Zingone<br \/>\n<small> graphic design assistant <\/small><\/p>\n<p>Davide Paolini<br \/>\n<small> graphic design assistant <\/small>\n<\/p>\n<h6>Producer<\/h6>\n<p>\nCristiana Pagnottelli\n<\/p>\n<\/div>\n<div class=\"col-md-3\">\n<h6>Illustrations<\/h6>\n<p>\nFrancesco Fidani<br \/>\nGiulia D&#8217;Andrea<br \/>\n<small> erasmus page illustration <\/small><\/p>\n<p>Italo Maria Merluzzi<br \/>\n<small> draft assistant <\/small><\/p>\n<p>Olivia Gaone<br \/>\n<small> color assistant\/small>\n<\/p>\n<h6>Portrait Photo<\/h6>\n<p>Stefano Compagnucci<br \/>\nMaria Vittoria Pecchioli<\/p>\n<h6>Postproduction<\/h6>\n<p>Christian Rizzo<\/p>\n<h6>Text Editor<\/h6>\n<p>Alessandra Giacomelli<\/p>\n<h6>Contents translator<\/h6>\n<p>Claudia Vitali<\/p>\n<h6>Visual Content Editors<\/h6>\n<p>Lisa Romanato<br \/>\nBeatrice Vio-Genova<\/p><\/div>\n<div class=\"col-md-3\">\n<h6>Photo contributors<\/h6>\n<p>Claudia Rolando<br \/>\nMarta Ferro<\/p>\n<\/div>\n<div class=\"col-md-3\">\n<h6>Grazie a<\/h6>\n<p>Tutti gli uffici RUFA<\/p>\n<h6>Typeface<\/h6>\n<p>Typeface<br \/>\nSempione<br \/>\nTipiblu, 2009-2019<br \/>\nCAST<\/p>\n<h6>Printed on<\/h6>\n<p><a href=\"https:\/\/www.favini.com\/\">Favini papers<\/a><br \/>\n<small>Dolce Vita White<br \/>\n120 g\/m2 (pages)<br \/>\nTokyo light grey 350 g\/m2 (cover)<br \/>\nTokyo black 120 g\/m2 (jacket)<\/small><\/p>\n<h6>Printing<\/h6>\n<p><a href=\"https:\/\/www.tiburtini.it\">Tiburtini srl<\/a><\/p>\n<p><small><br \/>\nThe RUFA Annual Report 2022 has been organized thanks to the precious contributions of Favini papers division and Tiburtini Srl, who have respectively provided the paper and printed the publication.<br \/>\n<\/small><\/p>\n<\/div>\n<\/div>\n<p>&nbsp;<br \/>\n&nbsp;","protected":false},"excerpt":{"rendered":"<p>Hemos llegado a la s\u00e9ptima edici\u00f3n del Informe Anual de RUFA. Despu\u00e9s de celebrar los 20 a\u00f1os de la Academia y de vivir las incertidumbres, visiones y transformaciones del per\u00edodo del COVID, nos encontramos ahora en un nuevo comienzo. El siete simb\u00f3licamente marca la finalizaci\u00f3n de la secuencia, el \u00faltimo eslab\u00f3n del ritmo humano (d\u00edas&#8230;<\/p>\n","protected":false},"author":39,"featured_media":135919,"parent":0,"menu_order":0,"comment_status":"closed","ping_status":"closed","template":"","meta":{"content-type":"","footnotes":""},"class_list":["post-135912","page","type-page","status-publish","has-post-thumbnail","hentry"],"yoast_head":"<!-- This site is optimized with the Yoast SEO plugin v24.2 - https:\/\/yoast.com\/wordpress\/plugins\/seo\/ -->\n<title>Annual Report 2022 - RUFA - Rome University of Fine Arts<\/title>\n<meta name=\"robots\" content=\"index, follow, max-snippet:-1, max-image-preview:large, max-video-preview:-1\" \/>\n<link rel=\"canonical\" href=\"https:\/\/www.unirufa.it\/annual-report-2022\/\" \/>\n<meta property=\"og:locale\" content=\"es_ES\" \/>\n<meta property=\"og:type\" content=\"article\" \/>\n<meta property=\"og:title\" content=\"Annual Report 2022 - RUFA - Rome University of Fine Arts\" \/>\n<meta property=\"og:description\" content=\"Hemos llegado a la s\u00e9ptima edici\u00f3n del Informe Anual de RUFA. Despu\u00e9s de celebrar los 20 a\u00f1os de la Academia y de vivir las incertidumbres, visiones y transformaciones del per\u00edodo del COVID, nos encontramos ahora en un nuevo comienzo. El siete simb\u00f3licamente marca la finalizaci\u00f3n de la secuencia, el \u00faltimo eslab\u00f3n del ritmo humano (d\u00edas...\" \/>\n<meta property=\"og:url\" content=\"https:\/\/www.unirufa.it\/annual-report-2022\/\" \/>\n<meta property=\"og:site_name\" content=\"RUFA - Rome University of Fine Arts\" \/>\n<meta property=\"article:modified_time\" content=\"2025-06-06T12:30:28+00:00\" \/>\n<meta property=\"og:image\" content=\"https:\/\/www.unirufa.it\/wp-content\/uploads\/2024\/06\/RUFA_ANNUAL_REPORT_2022.jpg\" \/>\n\t<meta property=\"og:image:width\" content=\"1440\" \/>\n\t<meta property=\"og:image:height\" content=\"600\" \/>\n\t<meta property=\"og:image:type\" content=\"image\/jpeg\" \/>\n<meta name=\"twitter:label1\" content=\"Tiempo de lectura\" \/>\n\t<meta name=\"twitter:data1\" content=\"8 minutos\" \/>\n<script type=\"application\/ld+json\" class=\"yoast-schema-graph\">{\"@context\":\"https:\/\/schema.org\",\"@graph\":[{\"@type\":\"WebPage\",\"@id\":\"https:\/\/www.unirufa.it\/annual-report-2022\/\",\"url\":\"https:\/\/www.unirufa.it\/annual-report-2022\/\",\"name\":\"Annual Report 2022 - RUFA - Rome University of Fine Arts\",\"isPartOf\":{\"@id\":\"https:\/\/www.unirufa.it\/#website\"},\"primaryImageOfPage\":{\"@id\":\"https:\/\/www.unirufa.it\/annual-report-2022\/#primaryimage\"},\"image\":{\"@id\":\"https:\/\/www.unirufa.it\/annual-report-2022\/#primaryimage\"},\"thumbnailUrl\":\"https:\/\/www.unirufa.it\/wp-content\/uploads\/2024\/06\/RUFA_ANNUAL_REPORT_2022.jpg\",\"datePublished\":\"2024-06-21T14:39:38+00:00\",\"dateModified\":\"2025-06-06T12:30:28+00:00\",\"breadcrumb\":{\"@id\":\"https:\/\/www.unirufa.it\/annual-report-2022\/#breadcrumb\"},\"inLanguage\":\"es\",\"potentialAction\":[{\"@type\":\"ReadAction\",\"target\":[\"https:\/\/www.unirufa.it\/annual-report-2022\/\"]}]},{\"@type\":\"ImageObject\",\"inLanguage\":\"es\",\"@id\":\"https:\/\/www.unirufa.it\/annual-report-2022\/#primaryimage\",\"url\":\"https:\/\/www.unirufa.it\/wp-content\/uploads\/2024\/06\/RUFA_ANNUAL_REPORT_2022.jpg\",\"contentUrl\":\"https:\/\/www.unirufa.it\/wp-content\/uploads\/2024\/06\/RUFA_ANNUAL_REPORT_2022.jpg\",\"width\":1440,\"height\":600,\"caption\":\"RUFA_ANNUAL_REPORT_2022\"},{\"@type\":\"BreadcrumbList\",\"@id\":\"https:\/\/www.unirufa.it\/annual-report-2022\/#breadcrumb\",\"itemListElement\":[{\"@type\":\"ListItem\",\"position\":1,\"name\":\"Home\",\"item\":\"https:\/\/www.unirufa.it\/\"},{\"@type\":\"ListItem\",\"position\":2,\"name\":\"Annual Report 2022\"}]},{\"@type\":\"WebSite\",\"@id\":\"https:\/\/www.unirufa.it\/#website\",\"url\":\"https:\/\/www.unirufa.it\/\",\"name\":\"RUFA - Rome University of Fine Arts\",\"description\":\"\",\"potentialAction\":[{\"@type\":\"SearchAction\",\"target\":{\"@type\":\"EntryPoint\",\"urlTemplate\":\"https:\/\/www.unirufa.it\/?s={search_term_string}\"},\"query-input\":{\"@type\":\"PropertyValueSpecification\",\"valueRequired\":true,\"valueName\":\"search_term_string\"}}],\"inLanguage\":\"es\"}]}<\/script>\n<!-- \/ Yoast SEO plugin. -->","yoast_head_json":{"title":"Annual Report 2022 - RUFA - Rome University of Fine Arts","robots":{"index":"index","follow":"follow","max-snippet":"max-snippet:-1","max-image-preview":"max-image-preview:large","max-video-preview":"max-video-preview:-1"},"canonical":"https:\/\/www.unirufa.it\/annual-report-2022\/","og_locale":"es_ES","og_type":"article","og_title":"Annual Report 2022 - RUFA - Rome University of Fine Arts","og_description":"Hemos llegado a la s\u00e9ptima edici\u00f3n del Informe Anual de RUFA. Despu\u00e9s de celebrar los 20 a\u00f1os de la Academia y de vivir las incertidumbres, visiones y transformaciones del per\u00edodo del COVID, nos encontramos ahora en un nuevo comienzo. El siete simb\u00f3licamente marca la finalizaci\u00f3n de la secuencia, el \u00faltimo eslab\u00f3n del ritmo humano (d\u00edas...","og_url":"https:\/\/www.unirufa.it\/annual-report-2022\/","og_site_name":"RUFA - Rome University of Fine Arts","article_modified_time":"2025-06-06T12:30:28+00:00","og_image":[{"width":1440,"height":600,"url":"https:\/\/www.unirufa.it\/wp-content\/uploads\/2024\/06\/RUFA_ANNUAL_REPORT_2022.jpg","type":"image\/jpeg"}],"twitter_misc":{"Tiempo de lectura":"8 minutos"},"schema":{"@context":"https:\/\/schema.org","@graph":[{"@type":"WebPage","@id":"https:\/\/www.unirufa.it\/annual-report-2022\/","url":"https:\/\/www.unirufa.it\/annual-report-2022\/","name":"Annual Report 2022 - RUFA - Rome University of Fine Arts","isPartOf":{"@id":"https:\/\/www.unirufa.it\/#website"},"primaryImageOfPage":{"@id":"https:\/\/www.unirufa.it\/annual-report-2022\/#primaryimage"},"image":{"@id":"https:\/\/www.unirufa.it\/annual-report-2022\/#primaryimage"},"thumbnailUrl":"https:\/\/www.unirufa.it\/wp-content\/uploads\/2024\/06\/RUFA_ANNUAL_REPORT_2022.jpg","datePublished":"2024-06-21T14:39:38+00:00","dateModified":"2025-06-06T12:30:28+00:00","breadcrumb":{"@id":"https:\/\/www.unirufa.it\/annual-report-2022\/#breadcrumb"},"inLanguage":"es","potentialAction":[{"@type":"ReadAction","target":["https:\/\/www.unirufa.it\/annual-report-2022\/"]}]},{"@type":"ImageObject","inLanguage":"es","@id":"https:\/\/www.unirufa.it\/annual-report-2022\/#primaryimage","url":"https:\/\/www.unirufa.it\/wp-content\/uploads\/2024\/06\/RUFA_ANNUAL_REPORT_2022.jpg","contentUrl":"https:\/\/www.unirufa.it\/wp-content\/uploads\/2024\/06\/RUFA_ANNUAL_REPORT_2022.jpg","width":1440,"height":600,"caption":"RUFA_ANNUAL_REPORT_2022"},{"@type":"BreadcrumbList","@id":"https:\/\/www.unirufa.it\/annual-report-2022\/#breadcrumb","itemListElement":[{"@type":"ListItem","position":1,"name":"Home","item":"https:\/\/www.unirufa.it\/"},{"@type":"ListItem","position":2,"name":"Annual Report 2022"}]},{"@type":"WebSite","@id":"https:\/\/www.unirufa.it\/#website","url":"https:\/\/www.unirufa.it\/","name":"RUFA - Rome University of Fine Arts","description":"","potentialAction":[{"@type":"SearchAction","target":{"@type":"EntryPoint","urlTemplate":"https:\/\/www.unirufa.it\/?s={search_term_string}"},"query-input":{"@type":"PropertyValueSpecification","valueRequired":true,"valueName":"search_term_string"}}],"inLanguage":"es"}]}},"_links":{"self":[{"href":"https:\/\/www.unirufa.it\/es\/wp-json\/wp\/v2\/pages\/135912","targetHints":{"allow":["GET"]}}],"collection":[{"href":"https:\/\/www.unirufa.it\/es\/wp-json\/wp\/v2\/pages"}],"about":[{"href":"https:\/\/www.unirufa.it\/es\/wp-json\/wp\/v2\/types\/page"}],"author":[{"embeddable":true,"href":"https:\/\/www.unirufa.it\/es\/wp-json\/wp\/v2\/users\/39"}],"replies":[{"embeddable":true,"href":"https:\/\/www.unirufa.it\/es\/wp-json\/wp\/v2\/comments?post=135912"}],"version-history":[{"count":20,"href":"https:\/\/www.unirufa.it\/es\/wp-json\/wp\/v2\/pages\/135912\/revisions"}],"predecessor-version":[{"id":145709,"href":"https:\/\/www.unirufa.it\/es\/wp-json\/wp\/v2\/pages\/135912\/revisions\/145709"}],"wp:featuredmedia":[{"embeddable":true,"href":"https:\/\/www.unirufa.it\/es\/wp-json\/wp\/v2\/media\/135919"}],"wp:attachment":[{"href":"https:\/\/www.unirufa.it\/es\/wp-json\/wp\/v2\/media?parent=135912"}],"curies":[{"name":"wp","href":"https:\/\/api.w.org\/{rel}","templated":true}]}}