


{"id":136067,"date":"2024-06-24T15:42:26","date_gmt":"2024-06-24T13:42:26","guid":{"rendered":"https:\/\/www.unirufa.it\/?page_id=136067"},"modified":"2024-07-08T14:21:06","modified_gmt":"2024-07-08T12:21:06","slug":"attuazione-misure-pnrr","status":"publish","type":"page","link":"https:\/\/www.unirufa.it\/es\/attuazione-misure-pnrr\/","title":{"rendered":"APLICACI\u00d3N DE LAS MEDIDAS PNRR"},"content":{"rendered":"<div class=\"col-md-12\" style=\"padding-left: 0;\"><img decoding=\"async\" class=\"alignnone size-medium wp-image-30173\" src=\"https:\/\/www.unirufa.it\/wp-content\/uploads\/2024\/06\/RUFA-IMPLEMENTATION-OF-PNRR-MEASURES.jpg\" alt=\"AttuazioneMisurePNRR\" width=\"100%\" height=\"auto\" \/><\/div>\n<p>&nbsp;<\/p>\n<h2>RUFA: una licitaci\u00f3n presentada y 2 proyectos financiados<\/h2>\n<p><strong>Valorar el sistema de Educaci\u00f3n Superior Art\u00edstica, Musical y Coreogr\u00e1fica (Afam); promover su internacionalizaci\u00f3n mediante la activaci\u00f3n de proyectos, actividades y programas de comunicaci\u00f3n, divulgaci\u00f3n, sensibilizaci\u00f3n, ense\u00f1anza, investigaci\u00f3n y producci\u00f3n art\u00edstica; contribuir a la conservaci\u00f3n y promoci\u00f3n de la cultura italiana.<\/strong><\/p>\n<p>Con este objetivo, RUFA ha decidido adherirse al decreto directorial 124\/2023 del Ministerio de Universidad e Investigaci\u00f3n, utilizando fondos europeos del PNRR. Esta iniciativa ha dado forma y sustancia a una serie de colaboraciones que han permitido establecer alianzas no solo entre instituciones Afam, sino tambi\u00e9n con Universidades y Organismos de Investigaci\u00f3n. En los pr\u00f3ximos dos a\u00f1os, este enfoque permitir\u00e1 a RUFA ser un protagonista en dos proyectos y experiencias significativas: Grand Tour Afam y Playing Memories.<\/p>\n<div class=\"col-md-6\" style=\"padding-left: 0;\"><a href=\"https:\/\/www.unirufa.it\/es\/grand-tour-afam-pnrr\/\"><img decoding=\"async\" class=\"alignnone size-medium wp-image-30173\" src=\"https:\/\/www.unirufa.it\/wp-content\/uploads\/2024\/06\/RUFA_Web_1440x600.jpg\" alt=\"GranTourAfam\" width=\"100%\" height=\"auto\" \/><\/a><\/div>\n<div class=\"col-md-6\" style=\"padding-left: 0;\"><a href=\"https:\/\/www.unirufa.it\/es\/playing-memories\/\"><img decoding=\"async\" class=\"alignnone size-medium wp-image-30173\" src=\"https:\/\/www.unirufa.it\/wp-content\/uploads\/2024\/06\/PM-Banner-Rufa-1440x600-1.jpg\" alt=\"PlayingMemories\" width=\"100%\" height=\"auto\" \/><\/a><\/div>\n<p>&nbsp;<br \/>\n<a class=\"download-btn full\" href=\"https:\/\/drive.google.com\/drive\/folders\/1xrZHTB6dyHrUYNh2TW3-ggmdXQTfJRDr?usp=sharing\" target=\"_blank\" rel=\"noopener noreferrer\">DOCUMENTACI\u00d3N PNRR<\/a>","protected":false},"excerpt":{"rendered":"<p>&nbsp; RUFA: una licitaci\u00f3n presentada y 2 proyectos financiados Valorar el sistema de Educaci\u00f3n Superior Art\u00edstica, Musical y Coreogr\u00e1fica (Afam); promover su internacionalizaci\u00f3n mediante la activaci\u00f3n de proyectos, actividades y programas de comunicaci\u00f3n, divulgaci\u00f3n, sensibilizaci\u00f3n, ense\u00f1anza, investigaci\u00f3n y producci\u00f3n art\u00edstica; contribuir a la conservaci\u00f3n y promoci\u00f3n de la cultura italiana. Con este objetivo, RUFA ha&#8230;<\/p>\n","protected":false},"author":12,"featured_media":0,"parent":0,"menu_order":0,"comment_status":"closed","ping_status":"closed","template":"","meta":{"content-type":"","footnotes":""},"class_list":["post-136067","page","type-page","status-publish","hentry"],"yoast_head":"<!-- This site is optimized with the Yoast SEO plugin v24.2 - https:\/\/yoast.com\/wordpress\/plugins\/seo\/ -->\n<title>APLICACI\u00d3N DE LAS MEDIDAS PNRR - RUFA - Rome University of Fine Arts<\/title>\n<meta name=\"robots\" content=\"index, follow, max-snippet:-1, max-image-preview:large, max-video-preview:-1\" \/>\n<link rel=\"canonical\" href=\"https:\/\/www.unirufa.it\/attuazione-misure-pnrr\/\" \/>\n<meta property=\"og:locale\" content=\"es_ES\" \/>\n<meta property=\"og:type\" content=\"article\" \/>\n<meta property=\"og:title\" content=\"APLICACI\u00d3N DE LAS MEDIDAS PNRR - RUFA - Rome University of Fine Arts\" \/>\n<meta property=\"og:description\" content=\"&nbsp; RUFA: una licitaci\u00f3n presentada y 2 proyectos financiados Valorar el sistema de Educaci\u00f3n Superior Art\u00edstica, Musical y Coreogr\u00e1fica (Afam); promover su internacionalizaci\u00f3n mediante la activaci\u00f3n de proyectos, actividades y programas de comunicaci\u00f3n, divulgaci\u00f3n, sensibilizaci\u00f3n, ense\u00f1anza, investigaci\u00f3n y producci\u00f3n art\u00edstica; contribuir a la conservaci\u00f3n y promoci\u00f3n de la cultura italiana. Con este objetivo, RUFA ha...\" \/>\n<meta property=\"og:url\" content=\"https:\/\/www.unirufa.it\/attuazione-misure-pnrr\/\" \/>\n<meta property=\"og:site_name\" content=\"RUFA - Rome University of Fine Arts\" \/>\n<meta property=\"article:modified_time\" content=\"2024-07-08T12:21:06+00:00\" \/>\n<meta property=\"og:image\" content=\"https:\/\/www.unirufa.it\/wp-content\/uploads\/2024\/06\/VISUAL-ATTUAZIONE-PNRR.jpg\" \/>\n<meta name=\"twitter:label1\" content=\"Tiempo de lectura\" \/>\n\t<meta name=\"twitter:data1\" content=\"4 minutos\" \/>\n<script type=\"application\/ld+json\" class=\"yoast-schema-graph\">{\"@context\":\"https:\/\/schema.org\",\"@graph\":[{\"@type\":\"WebPage\",\"@id\":\"https:\/\/www.unirufa.it\/attuazione-misure-pnrr\/\",\"url\":\"https:\/\/www.unirufa.it\/attuazione-misure-pnrr\/\",\"name\":\"APLICACI\u00d3N DE LAS MEDIDAS PNRR - RUFA - Rome University of Fine Arts\",\"isPartOf\":{\"@id\":\"https:\/\/www.unirufa.it\/#website\"},\"primaryImageOfPage\":{\"@id\":\"https:\/\/www.unirufa.it\/attuazione-misure-pnrr\/#primaryimage\"},\"image\":{\"@id\":\"https:\/\/www.unirufa.it\/attuazione-misure-pnrr\/#primaryimage\"},\"thumbnailUrl\":\"https:\/\/www.unirufa.it\/wp-content\/uploads\/2024\/06\/VISUAL-ATTUAZIONE-PNRR.jpg\",\"datePublished\":\"2024-06-24T13:42:26+00:00\",\"dateModified\":\"2024-07-08T12:21:06+00:00\",\"breadcrumb\":{\"@id\":\"https:\/\/www.unirufa.it\/attuazione-misure-pnrr\/#breadcrumb\"},\"inLanguage\":\"es\",\"potentialAction\":[{\"@type\":\"ReadAction\",\"target\":[\"https:\/\/www.unirufa.it\/attuazione-misure-pnrr\/\"]}]},{\"@type\":\"ImageObject\",\"inLanguage\":\"es\",\"@id\":\"https:\/\/www.unirufa.it\/attuazione-misure-pnrr\/#primaryimage\",\"url\":\"https:\/\/www.unirufa.it\/wp-content\/uploads\/2024\/06\/VISUAL-ATTUAZIONE-PNRR.jpg\",\"contentUrl\":\"https:\/\/www.unirufa.it\/wp-content\/uploads\/2024\/06\/VISUAL-ATTUAZIONE-PNRR.jpg\"},{\"@type\":\"BreadcrumbList\",\"@id\":\"https:\/\/www.unirufa.it\/attuazione-misure-pnrr\/#breadcrumb\",\"itemListElement\":[{\"@type\":\"ListItem\",\"position\":1,\"name\":\"Home\",\"item\":\"https:\/\/www.unirufa.it\/\"},{\"@type\":\"ListItem\",\"position\":2,\"name\":\"ATTUAZIONE MISURE PNRR\"}]},{\"@type\":\"WebSite\",\"@id\":\"https:\/\/www.unirufa.it\/#website\",\"url\":\"https:\/\/www.unirufa.it\/\",\"name\":\"RUFA - Rome University of Fine Arts\",\"description\":\"\",\"potentialAction\":[{\"@type\":\"SearchAction\",\"target\":{\"@type\":\"EntryPoint\",\"urlTemplate\":\"https:\/\/www.unirufa.it\/?s={search_term_string}\"},\"query-input\":{\"@type\":\"PropertyValueSpecification\",\"valueRequired\":true,\"valueName\":\"search_term_string\"}}],\"inLanguage\":\"es\"}]}<\/script>\n<!-- \/ Yoast SEO plugin. -->","yoast_head_json":{"title":"APLICACI\u00d3N DE LAS MEDIDAS PNRR - RUFA - Rome University of Fine Arts","robots":{"index":"index","follow":"follow","max-snippet":"max-snippet:-1","max-image-preview":"max-image-preview:large","max-video-preview":"max-video-preview:-1"},"canonical":"https:\/\/www.unirufa.it\/attuazione-misure-pnrr\/","og_locale":"es_ES","og_type":"article","og_title":"APLICACI\u00d3N DE LAS MEDIDAS PNRR - RUFA - Rome University of Fine Arts","og_description":"&nbsp; RUFA: una licitaci\u00f3n presentada y 2 proyectos financiados Valorar el sistema de Educaci\u00f3n Superior Art\u00edstica, Musical y Coreogr\u00e1fica (Afam); promover su internacionalizaci\u00f3n mediante la activaci\u00f3n de proyectos, actividades y programas de comunicaci\u00f3n, divulgaci\u00f3n, sensibilizaci\u00f3n, ense\u00f1anza, investigaci\u00f3n y producci\u00f3n art\u00edstica; contribuir a la conservaci\u00f3n y promoci\u00f3n de la cultura italiana. Con este objetivo, RUFA ha...","og_url":"https:\/\/www.unirufa.it\/attuazione-misure-pnrr\/","og_site_name":"RUFA - Rome University of Fine Arts","article_modified_time":"2024-07-08T12:21:06+00:00","og_image":[{"url":"https:\/\/www.unirufa.it\/wp-content\/uploads\/2024\/06\/VISUAL-ATTUAZIONE-PNRR.jpg","type":"","width":"","height":""}],"twitter_misc":{"Tiempo de lectura":"4 minutos"},"schema":{"@context":"https:\/\/schema.org","@graph":[{"@type":"WebPage","@id":"https:\/\/www.unirufa.it\/attuazione-misure-pnrr\/","url":"https:\/\/www.unirufa.it\/attuazione-misure-pnrr\/","name":"APLICACI\u00d3N DE LAS MEDIDAS PNRR - RUFA - Rome University of Fine Arts","isPartOf":{"@id":"https:\/\/www.unirufa.it\/#website"},"primaryImageOfPage":{"@id":"https:\/\/www.unirufa.it\/attuazione-misure-pnrr\/#primaryimage"},"image":{"@id":"https:\/\/www.unirufa.it\/attuazione-misure-pnrr\/#primaryimage"},"thumbnailUrl":"https:\/\/www.unirufa.it\/wp-content\/uploads\/2024\/06\/VISUAL-ATTUAZIONE-PNRR.jpg","datePublished":"2024-06-24T13:42:26+00:00","dateModified":"2024-07-08T12:21:06+00:00","breadcrumb":{"@id":"https:\/\/www.unirufa.it\/attuazione-misure-pnrr\/#breadcrumb"},"inLanguage":"es","potentialAction":[{"@type":"ReadAction","target":["https:\/\/www.unirufa.it\/attuazione-misure-pnrr\/"]}]},{"@type":"ImageObject","inLanguage":"es","@id":"https:\/\/www.unirufa.it\/attuazione-misure-pnrr\/#primaryimage","url":"https:\/\/www.unirufa.it\/wp-content\/uploads\/2024\/06\/VISUAL-ATTUAZIONE-PNRR.jpg","contentUrl":"https:\/\/www.unirufa.it\/wp-content\/uploads\/2024\/06\/VISUAL-ATTUAZIONE-PNRR.jpg"},{"@type":"BreadcrumbList","@id":"https:\/\/www.unirufa.it\/attuazione-misure-pnrr\/#breadcrumb","itemListElement":[{"@type":"ListItem","position":1,"name":"Home","item":"https:\/\/www.unirufa.it\/"},{"@type":"ListItem","position":2,"name":"ATTUAZIONE MISURE PNRR"}]},{"@type":"WebSite","@id":"https:\/\/www.unirufa.it\/#website","url":"https:\/\/www.unirufa.it\/","name":"RUFA - Rome University of Fine Arts","description":"","potentialAction":[{"@type":"SearchAction","target":{"@type":"EntryPoint","urlTemplate":"https:\/\/www.unirufa.it\/?s={search_term_string}"},"query-input":{"@type":"PropertyValueSpecification","valueRequired":true,"valueName":"search_term_string"}}],"inLanguage":"es"}]}},"_links":{"self":[{"href":"https:\/\/www.unirufa.it\/es\/wp-json\/wp\/v2\/pages\/136067","targetHints":{"allow":["GET"]}}],"collection":[{"href":"https:\/\/www.unirufa.it\/es\/wp-json\/wp\/v2\/pages"}],"about":[{"href":"https:\/\/www.unirufa.it\/es\/wp-json\/wp\/v2\/types\/page"}],"author":[{"embeddable":true,"href":"https:\/\/www.unirufa.it\/es\/wp-json\/wp\/v2\/users\/12"}],"replies":[{"embeddable":true,"href":"https:\/\/www.unirufa.it\/es\/wp-json\/wp\/v2\/comments?post=136067"}],"version-history":[{"count":16,"href":"https:\/\/www.unirufa.it\/es\/wp-json\/wp\/v2\/pages\/136067\/revisions"}],"predecessor-version":[{"id":136748,"href":"https:\/\/www.unirufa.it\/es\/wp-json\/wp\/v2\/pages\/136067\/revisions\/136748"}],"wp:attachment":[{"href":"https:\/\/www.unirufa.it\/es\/wp-json\/wp\/v2\/media?parent=136067"}],"curies":[{"name":"wp","href":"https:\/\/api.w.org\/{rel}","templated":true}]}}