


{"id":136072,"date":"2024-06-24T15:49:11","date_gmt":"2024-06-24T13:49:11","guid":{"rendered":"https:\/\/www.unirufa.it\/?page_id=136072"},"modified":"2024-07-01T09:58:20","modified_gmt":"2024-07-01T07:58:20","slug":"playing-memories","status":"publish","type":"page","link":"https:\/\/www.unirufa.it\/es\/playing-memories\/","title":{"rendered":"PLAYING MEMORIES"},"content":{"rendered":"<strong>RUFA es el ente implementador del proyecto Playing Memories<\/strong><br \/>\nEl proyecto PLAYING MEMORIES prev\u00e9 la realizaci\u00f3n de <strong>residencias art\u00edsticas para la creaci\u00f3n y realizaci\u00f3n de performances art\u00edsticas multidisciplinarias a nivel internacional<\/strong>. Se trata de un proyecto \u00fanico en su g\u00e9nero, ya que permite el intercambio cultural, art\u00edstico y humano, as\u00ed como la compartici\u00f3n de ideas, competencias e inspiraciones entre j\u00f3venes artistas de diferentes pa\u00edses.<\/p>\n<p>Se realizar\u00e1n <strong>ocho diferentes residencias art\u00edsticas de quince d\u00edas de duraci\u00f3n<\/strong>, cada una guiada por un artista l\u00edder y formada por un <strong>n\u00famero variable de ocho a quince performers, incluyendo bailarines<\/strong>, <strong>m\u00fasicos<\/strong>, <strong>artistas visuales<\/strong>, <strong>fot\u00f3grafos<\/strong>, <strong>escen\u00f3grafos<\/strong> y otras figuras art\u00edsticas, seleccionados en toda Italia a trav\u00e9s de una <strong>convocatoria para artistas<\/strong>, a partir de julio de 2024. Durante las dos semanas de la residencia, el <strong>equipo<\/strong>, <strong>alojado en una de las instituciones asociadas<\/strong>, <strong>realizar\u00e1 un intenso proceso creativo para dise\u00f1ar, montar y presentar su performance multidisciplinaria original e in\u00e9dita<\/strong>, resultado del trabajo en equipo y de la creaci\u00f3n colectiva. Todas las residencias y sus performances ser\u00e1n grabadas por un equipo de televisi\u00f3n para la producci\u00f3n de una <strong>docuserie de TV<\/strong> que se publicar\u00e1 en una prestigiosa <strong>plataforma de streaming internacional<\/strong>.<\/p>\n<p>El proyecto Playing Memories, que cuenta con la participaci\u00f3n de RUFA como ente implementador, se realiza gracias a la sinergia operativa establecida por cinco diferentes instituciones del sector AFAM y se financia con los fondos proporcionados por el decreto directorial 124\/2023 del Ministerio de Universidades y Investigaci\u00f3n, INTAFAM 00021, CUP B93B24000010001.","protected":false},"excerpt":{"rendered":"<p>RUFA es el ente implementador del proyecto Playing Memories El proyecto PLAYING MEMORIES prev\u00e9 la realizaci\u00f3n de residencias art\u00edsticas para la creaci\u00f3n y realizaci\u00f3n de performances art\u00edsticas multidisciplinarias a nivel internacional. Se trata de un proyecto \u00fanico en su g\u00e9nero, ya que permite el intercambio cultural, art\u00edstico y humano, as\u00ed como la compartici\u00f3n de ideas,&#8230;<\/p>\n","protected":false},"author":12,"featured_media":136083,"parent":0,"menu_order":0,"comment_status":"closed","ping_status":"closed","template":"","meta":{"content-type":"","footnotes":""},"class_list":["post-136072","page","type-page","status-publish","has-post-thumbnail","hentry"],"yoast_head":"<!-- This site is optimized with the Yoast SEO plugin v24.2 - https:\/\/yoast.com\/wordpress\/plugins\/seo\/ -->\n<title>PLAYING MEMORIES - RUFA - Rome University of Fine Arts<\/title>\n<meta name=\"robots\" content=\"index, follow, max-snippet:-1, max-image-preview:large, max-video-preview:-1\" \/>\n<link rel=\"canonical\" href=\"https:\/\/www.unirufa.it\/playing-memories\/\" \/>\n<meta property=\"og:locale\" content=\"es_ES\" \/>\n<meta property=\"og:type\" content=\"article\" \/>\n<meta property=\"og:title\" content=\"PLAYING MEMORIES - RUFA - Rome University of Fine Arts\" \/>\n<meta property=\"og:description\" content=\"RUFA es el ente implementador del proyecto Playing Memories El proyecto PLAYING MEMORIES prev\u00e9 la realizaci\u00f3n de residencias art\u00edsticas para la creaci\u00f3n y realizaci\u00f3n de performances art\u00edsticas multidisciplinarias a nivel internacional. Se trata de un proyecto \u00fanico en su g\u00e9nero, ya que permite el intercambio cultural, art\u00edstico y humano, as\u00ed como la compartici\u00f3n de ideas,...\" \/>\n<meta property=\"og:url\" content=\"https:\/\/www.unirufa.it\/playing-memories\/\" \/>\n<meta property=\"og:site_name\" content=\"RUFA - Rome University of Fine Arts\" \/>\n<meta property=\"article:modified_time\" content=\"2024-07-01T07:58:20+00:00\" \/>\n<meta property=\"og:image\" content=\"https:\/\/www.unirufa.it\/wp-content\/uploads\/2024\/06\/PM-Banner-Rufa-1440x600-1.jpg\" \/>\n\t<meta property=\"og:image:width\" content=\"1440\" \/>\n\t<meta property=\"og:image:height\" content=\"600\" \/>\n\t<meta property=\"og:image:type\" content=\"image\/jpeg\" \/>\n<meta name=\"twitter:label1\" content=\"Tiempo de lectura\" \/>\n\t<meta name=\"twitter:data1\" content=\"4 minutos\" \/>\n<script type=\"application\/ld+json\" class=\"yoast-schema-graph\">{\"@context\":\"https:\/\/schema.org\",\"@graph\":[{\"@type\":\"WebPage\",\"@id\":\"https:\/\/www.unirufa.it\/playing-memories\/\",\"url\":\"https:\/\/www.unirufa.it\/playing-memories\/\",\"name\":\"PLAYING MEMORIES - RUFA - Rome University of Fine Arts\",\"isPartOf\":{\"@id\":\"https:\/\/www.unirufa.it\/#website\"},\"primaryImageOfPage\":{\"@id\":\"https:\/\/www.unirufa.it\/playing-memories\/#primaryimage\"},\"image\":{\"@id\":\"https:\/\/www.unirufa.it\/playing-memories\/#primaryimage\"},\"thumbnailUrl\":\"https:\/\/www.unirufa.it\/wp-content\/uploads\/2024\/06\/PM-Banner-Rufa-1440x600-1.jpg\",\"datePublished\":\"2024-06-24T13:49:11+00:00\",\"dateModified\":\"2024-07-01T07:58:20+00:00\",\"breadcrumb\":{\"@id\":\"https:\/\/www.unirufa.it\/playing-memories\/#breadcrumb\"},\"inLanguage\":\"es\",\"potentialAction\":[{\"@type\":\"ReadAction\",\"target\":[\"https:\/\/www.unirufa.it\/playing-memories\/\"]}]},{\"@type\":\"ImageObject\",\"inLanguage\":\"es\",\"@id\":\"https:\/\/www.unirufa.it\/playing-memories\/#primaryimage\",\"url\":\"https:\/\/www.unirufa.it\/wp-content\/uploads\/2024\/06\/PM-Banner-Rufa-1440x600-1.jpg\",\"contentUrl\":\"https:\/\/www.unirufa.it\/wp-content\/uploads\/2024\/06\/PM-Banner-Rufa-1440x600-1.jpg\",\"width\":1440,\"height\":600,\"caption\":\"playing memories - pnnr\"},{\"@type\":\"BreadcrumbList\",\"@id\":\"https:\/\/www.unirufa.it\/playing-memories\/#breadcrumb\",\"itemListElement\":[{\"@type\":\"ListItem\",\"position\":1,\"name\":\"Home\",\"item\":\"https:\/\/www.unirufa.it\/\"},{\"@type\":\"ListItem\",\"position\":2,\"name\":\"PLAYING MEMORIES\"}]},{\"@type\":\"WebSite\",\"@id\":\"https:\/\/www.unirufa.it\/#website\",\"url\":\"https:\/\/www.unirufa.it\/\",\"name\":\"RUFA - Rome University of Fine Arts\",\"description\":\"\",\"potentialAction\":[{\"@type\":\"SearchAction\",\"target\":{\"@type\":\"EntryPoint\",\"urlTemplate\":\"https:\/\/www.unirufa.it\/?s={search_term_string}\"},\"query-input\":{\"@type\":\"PropertyValueSpecification\",\"valueRequired\":true,\"valueName\":\"search_term_string\"}}],\"inLanguage\":\"es\"}]}<\/script>\n<!-- \/ Yoast SEO plugin. -->","yoast_head_json":{"title":"PLAYING MEMORIES - RUFA - Rome University of Fine Arts","robots":{"index":"index","follow":"follow","max-snippet":"max-snippet:-1","max-image-preview":"max-image-preview:large","max-video-preview":"max-video-preview:-1"},"canonical":"https:\/\/www.unirufa.it\/playing-memories\/","og_locale":"es_ES","og_type":"article","og_title":"PLAYING MEMORIES - RUFA - Rome University of Fine Arts","og_description":"RUFA es el ente implementador del proyecto Playing Memories El proyecto PLAYING MEMORIES prev\u00e9 la realizaci\u00f3n de residencias art\u00edsticas para la creaci\u00f3n y realizaci\u00f3n de performances art\u00edsticas multidisciplinarias a nivel internacional. Se trata de un proyecto \u00fanico en su g\u00e9nero, ya que permite el intercambio cultural, art\u00edstico y humano, as\u00ed como la compartici\u00f3n de ideas,...","og_url":"https:\/\/www.unirufa.it\/playing-memories\/","og_site_name":"RUFA - Rome University of Fine Arts","article_modified_time":"2024-07-01T07:58:20+00:00","og_image":[{"width":1440,"height":600,"url":"https:\/\/www.unirufa.it\/wp-content\/uploads\/2024\/06\/PM-Banner-Rufa-1440x600-1.jpg","type":"image\/jpeg"}],"twitter_misc":{"Tiempo de lectura":"4 minutos"},"schema":{"@context":"https:\/\/schema.org","@graph":[{"@type":"WebPage","@id":"https:\/\/www.unirufa.it\/playing-memories\/","url":"https:\/\/www.unirufa.it\/playing-memories\/","name":"PLAYING MEMORIES - RUFA - Rome University of Fine Arts","isPartOf":{"@id":"https:\/\/www.unirufa.it\/#website"},"primaryImageOfPage":{"@id":"https:\/\/www.unirufa.it\/playing-memories\/#primaryimage"},"image":{"@id":"https:\/\/www.unirufa.it\/playing-memories\/#primaryimage"},"thumbnailUrl":"https:\/\/www.unirufa.it\/wp-content\/uploads\/2024\/06\/PM-Banner-Rufa-1440x600-1.jpg","datePublished":"2024-06-24T13:49:11+00:00","dateModified":"2024-07-01T07:58:20+00:00","breadcrumb":{"@id":"https:\/\/www.unirufa.it\/playing-memories\/#breadcrumb"},"inLanguage":"es","potentialAction":[{"@type":"ReadAction","target":["https:\/\/www.unirufa.it\/playing-memories\/"]}]},{"@type":"ImageObject","inLanguage":"es","@id":"https:\/\/www.unirufa.it\/playing-memories\/#primaryimage","url":"https:\/\/www.unirufa.it\/wp-content\/uploads\/2024\/06\/PM-Banner-Rufa-1440x600-1.jpg","contentUrl":"https:\/\/www.unirufa.it\/wp-content\/uploads\/2024\/06\/PM-Banner-Rufa-1440x600-1.jpg","width":1440,"height":600,"caption":"playing memories - pnnr"},{"@type":"BreadcrumbList","@id":"https:\/\/www.unirufa.it\/playing-memories\/#breadcrumb","itemListElement":[{"@type":"ListItem","position":1,"name":"Home","item":"https:\/\/www.unirufa.it\/"},{"@type":"ListItem","position":2,"name":"PLAYING MEMORIES"}]},{"@type":"WebSite","@id":"https:\/\/www.unirufa.it\/#website","url":"https:\/\/www.unirufa.it\/","name":"RUFA - Rome University of Fine Arts","description":"","potentialAction":[{"@type":"SearchAction","target":{"@type":"EntryPoint","urlTemplate":"https:\/\/www.unirufa.it\/?s={search_term_string}"},"query-input":{"@type":"PropertyValueSpecification","valueRequired":true,"valueName":"search_term_string"}}],"inLanguage":"es"}]}},"_links":{"self":[{"href":"https:\/\/www.unirufa.it\/es\/wp-json\/wp\/v2\/pages\/136072","targetHints":{"allow":["GET"]}}],"collection":[{"href":"https:\/\/www.unirufa.it\/es\/wp-json\/wp\/v2\/pages"}],"about":[{"href":"https:\/\/www.unirufa.it\/es\/wp-json\/wp\/v2\/types\/page"}],"author":[{"embeddable":true,"href":"https:\/\/www.unirufa.it\/es\/wp-json\/wp\/v2\/users\/12"}],"replies":[{"embeddable":true,"href":"https:\/\/www.unirufa.it\/es\/wp-json\/wp\/v2\/comments?post=136072"}],"version-history":[{"count":10,"href":"https:\/\/www.unirufa.it\/es\/wp-json\/wp\/v2\/pages\/136072\/revisions"}],"predecessor-version":[{"id":136488,"href":"https:\/\/www.unirufa.it\/es\/wp-json\/wp\/v2\/pages\/136072\/revisions\/136488"}],"wp:featuredmedia":[{"embeddable":true,"href":"https:\/\/www.unirufa.it\/es\/wp-json\/wp\/v2\/media\/136083"}],"wp:attachment":[{"href":"https:\/\/www.unirufa.it\/es\/wp-json\/wp\/v2\/media?parent=136072"}],"curies":[{"name":"wp","href":"https:\/\/api.w.org\/{rel}","templated":true}]}}