


{"id":137268,"date":"2024-08-01T14:22:45","date_gmt":"2024-08-01T12:22:45","guid":{"rendered":"https:\/\/www.unirufa.it\/?page_id=137268"},"modified":"2025-04-14T11:25:35","modified_gmt":"2025-04-14T09:25:35","slug":"dottorati-di-ricerca","status":"publish","type":"page","link":"https:\/\/www.unirufa.it\/es\/offerta-formativa\/dottorati-di-ricerca\/","title":{"rendered":"Doctorados"},"content":{"rendered":"De 2025, RUFA ha lanzado dos programas de doctorado, marcando un momento hist\u00f3rico para la <strong>Educaci\u00f3n Art\u00edstica, Musical y Coreogr\u00e1fica Superior (AFAM)<\/strong>. El primer doctorado \u2013 <em>Tecnolog\u00eda del Cine y los Nuevos Medios<\/em> \u2013 nace de la colaboraci\u00f3n con la <strong>Universit\u00e0 degli Studi Roma Tre<\/strong>, dando lugar al primer programa interdisciplinario que une la Universidad y las instituciones AFAM en los campos del cine, los medios, la m\u00fasica, el teatro y la danza. El segundo doctorado \u2013 <em>Cross Innovation Design for Cultural Industries<\/em> \u2013 es promovido directamente por RUFA y se centra en el dise\u00f1o y la innovaci\u00f3n en la industria cultural, en colaboraci\u00f3n con la <strong>Asociaci\u00f3n Archivo Olivetti<\/strong> y <strong>Cappelli Identity Design<\/strong>.<\/p>\n<h4>Un punto de inflexi\u00f3n para el sistema AFAM<\/h4>\n<p>La introducci\u00f3n de los doctorados en las Academias representa la culminaci\u00f3n de un largo proceso normativo iniciado con la Ley n.\u00ba 508 de 1999, que, retomando el art\u00edculo 33 de la Constituci\u00f3n, reconoci\u00f3 a las instituciones art\u00edsticas como Institutos de Alta Cultura y previ\u00f3 la creaci\u00f3n del tercer ciclo de estudios. Hoy, con RUFA entre las instituciones acreditadas, se inaugura una nueva fase de investigaci\u00f3n avanzada que se alinea con los modelos cient\u00edficos de la universidad.<br \/>\nLas instituciones AFAM finalmente han afirmado su autonom\u00eda en la investigaci\u00f3n doctoral, adoptando un enfoque distintivo que combina rigor metodol\u00f3gico e innovaci\u00f3n art\u00edstica. La singularidad de la investigaci\u00f3n en este \u00e1mbito radica en la construcci\u00f3n y experimentaci\u00f3n de los lenguajes art\u00edsticos, culminando en una producci\u00f3n final tanto te\u00f3rica como creativa.<\/p>\n<h4 style=\"margin-top:0\">Un nuevo m\u00e9todo que une teor\u00eda y pr\u00e1ctica<\/h4>\n<p>La investigaci\u00f3n acad\u00e9mica en RUFA se configura como un proceso integrado entre teor\u00eda y pr\u00e1ctica, basado en un conocimiento profundo de las ideas, las t\u00e9cnicas, los materiales y las tecnolog\u00edas m\u00e1s avanzadas, incluidas las aplicaciones de inteligencia artificial. Este enfoque interdisciplinario permite valorar la experimentaci\u00f3n, la planificaci\u00f3n y el acto creativo, fortaleciendo la conexi\u00f3n entre arte y ciencia. Con la introducci\u00f3n de los programas de doctorado, la investigaci\u00f3n en el \u00e1mbito art\u00edstico se vuelve a\u00fan m\u00e1s estructurada, sistem\u00e1tica y evaluable, otorgando a la formaci\u00f3n acad\u00e9mica un marco cient\u00edfico y metodol\u00f3gico bien definido. Esta evoluci\u00f3n no solo ampl\u00eda las perspectivas profesionales en el sector del arte y la creatividad, sino que tambi\u00e9n refuerza la relaci\u00f3n entre dos formas de conocimiento complementarias: el arte y la ciencia, ambas orientadas a la comprensi\u00f3n y mejora de la sociedad humana.<\/p>\n<h4 style=\"margin-top:0\">La excelencia de los doctorados de RUFA<\/h4>\n<p>Los dos doctorados promovidos por RUFA destacan por su alto valor art\u00edstico y cient\u00edfico. Se basan en una investigaci\u00f3n profunda de los aspectos formales, materiales y t\u00e9cnicos de la investigaci\u00f3n art\u00edstica, combinada con un an\u00e1lisis cr\u00edtico de los paradigmas te\u00f3ricos, est\u00e9ticos, filos\u00f3ficos e hist\u00f3ricos del patrimonio cultural nacional e internacional.<br \/>\nEste riguroso proceso combina estudio, experimentaci\u00f3n y aplicaci\u00f3n pr\u00e1ctica con un an\u00e1lisis met\u00f3dico de fuentes documentales, textuales y de archivo. El rigor cient\u00edfico del proyecto art\u00edstico se integra con la construcci\u00f3n te\u00f3rica, dando lugar a producciones art\u00edsticas y publicaciones cient\u00edficas de alto nivel. La introducci\u00f3n de los doctorados en el sistema AFAM requiere un compromiso continuo con los recursos materiales e inmateriales m\u00e1s recientes del conocimiento, contribuyendo al fortalecimiento de todo el marco te\u00f3rico, cient\u00edfico y art\u00edstico de la academia.<\/p>\n<h4><strong><em>Caterina Di Rienzo<\/em><\/strong><br \/><\/h4>\n<p>    Tutora de Doctorados<br \/>\n    Doctora en Filosof\u00eda y Teor\u00edas de las Ciencias Humanas (Roma Tre)<br \/>\n    Profesora de RUFA en Psicolog\u00eda del Arte<\/p>\n<div class=\" hidden-xs hidden-sm hidden-md hidden-lg hidden-xl\">\n<div class=\"row\">\n<div class=\"col-lg-6\">\n\n<\/div>\n<div class=\"col-lg-6\">\n\n<\/div>\n<\/div>\n<p>&nbsp;\n<\/p><\/div>","protected":false},"excerpt":{"rendered":"<p>De 2025, RUFA ha lanzado dos programas de doctorado, marcando un momento hist\u00f3rico para la Educaci\u00f3n Art\u00edstica, Musical y Coreogr\u00e1fica Superior (AFAM). El primer doctorado \u2013 Tecnolog\u00eda del Cine y los Nuevos Medios \u2013 nace de la colaboraci\u00f3n con la Universit\u00e0 degli Studi Roma Tre, dando lugar al primer programa interdisciplinario que une la Universidad&#8230;<\/p>\n","protected":false},"author":39,"featured_media":0,"parent":1253,"menu_order":0,"comment_status":"closed","ping_status":"closed","template":"page_generic-courses.php","meta":{"content-type":"","footnotes":""},"class_list":["post-137268","page","type-page","status-publish","hentry"],"yoast_head":"<!-- This site is optimized with the Yoast SEO plugin v24.2 - https:\/\/yoast.com\/wordpress\/plugins\/seo\/ -->\n<title>Doctorados - RUFA - Rome University of Fine Arts<\/title>\n<meta name=\"robots\" content=\"index, follow, max-snippet:-1, max-image-preview:large, max-video-preview:-1\" \/>\n<link rel=\"canonical\" href=\"https:\/\/www.unirufa.it\/offerta-formativa\/dottorati-di-ricerca\/\" \/>\n<meta property=\"og:locale\" content=\"es_ES\" \/>\n<meta property=\"og:type\" content=\"article\" \/>\n<meta property=\"og:title\" content=\"Doctorados - RUFA - Rome University of Fine Arts\" \/>\n<meta property=\"og:description\" content=\"De 2025, RUFA ha lanzado dos programas de doctorado, marcando un momento hist\u00f3rico para la Educaci\u00f3n Art\u00edstica, Musical y Coreogr\u00e1fica Superior (AFAM). El primer doctorado \u2013 Tecnolog\u00eda del Cine y los Nuevos Medios \u2013 nace de la colaboraci\u00f3n con la Universit\u00e0 degli Studi Roma Tre, dando lugar al primer programa interdisciplinario que une la Universidad...\" \/>\n<meta property=\"og:url\" content=\"https:\/\/www.unirufa.it\/offerta-formativa\/dottorati-di-ricerca\/\" \/>\n<meta property=\"og:site_name\" content=\"RUFA - Rome University of Fine Arts\" \/>\n<meta property=\"article:modified_time\" content=\"2025-04-14T09:25:35+00:00\" \/>\n<meta property=\"og:image\" content=\"https:\/\/www.unirufa.it\/wp-content\/uploads\/2017\/11\/logo-rufa-2016.png\" \/>\n\t<meta property=\"og:image:width\" content=\"230\" \/>\n\t<meta property=\"og:image:height\" content=\"149\" \/>\n\t<meta property=\"og:image:type\" content=\"image\/png\" \/>\n<meta name=\"twitter:label1\" content=\"Tiempo de lectura\" \/>\n\t<meta name=\"twitter:data1\" content=\"9 minutos\" \/>\n<script type=\"application\/ld+json\" class=\"yoast-schema-graph\">{\"@context\":\"https:\/\/schema.org\",\"@graph\":[{\"@type\":\"WebPage\",\"@id\":\"https:\/\/www.unirufa.it\/offerta-formativa\/dottorati-di-ricerca\/\",\"url\":\"https:\/\/www.unirufa.it\/offerta-formativa\/dottorati-di-ricerca\/\",\"name\":\"Doctorados - RUFA - Rome University of Fine Arts\",\"isPartOf\":{\"@id\":\"https:\/\/www.unirufa.it\/#website\"},\"datePublished\":\"2024-08-01T12:22:45+00:00\",\"dateModified\":\"2025-04-14T09:25:35+00:00\",\"breadcrumb\":{\"@id\":\"https:\/\/www.unirufa.it\/offerta-formativa\/dottorati-di-ricerca\/#breadcrumb\"},\"inLanguage\":\"es\",\"potentialAction\":[{\"@type\":\"ReadAction\",\"target\":[\"https:\/\/www.unirufa.it\/offerta-formativa\/dottorati-di-ricerca\/\"]}]},{\"@type\":\"BreadcrumbList\",\"@id\":\"https:\/\/www.unirufa.it\/offerta-formativa\/dottorati-di-ricerca\/#breadcrumb\",\"itemListElement\":[{\"@type\":\"ListItem\",\"position\":1,\"name\":\"Home\",\"item\":\"https:\/\/www.unirufa.it\/\"},{\"@type\":\"ListItem\",\"position\":2,\"name\":\"Offerta formativa\",\"item\":\"https:\/\/www.unirufa.it\/offerta-formativa\/\"},{\"@type\":\"ListItem\",\"position\":3,\"name\":\"Dottorati di Ricerca\"}]},{\"@type\":\"WebSite\",\"@id\":\"https:\/\/www.unirufa.it\/#website\",\"url\":\"https:\/\/www.unirufa.it\/\",\"name\":\"RUFA - Rome University of Fine Arts\",\"description\":\"\",\"potentialAction\":[{\"@type\":\"SearchAction\",\"target\":{\"@type\":\"EntryPoint\",\"urlTemplate\":\"https:\/\/www.unirufa.it\/?s={search_term_string}\"},\"query-input\":{\"@type\":\"PropertyValueSpecification\",\"valueRequired\":true,\"valueName\":\"search_term_string\"}}],\"inLanguage\":\"es\"}]}<\/script>\n<!-- \/ Yoast SEO plugin. -->","yoast_head_json":{"title":"Doctorados - RUFA - Rome University of Fine Arts","robots":{"index":"index","follow":"follow","max-snippet":"max-snippet:-1","max-image-preview":"max-image-preview:large","max-video-preview":"max-video-preview:-1"},"canonical":"https:\/\/www.unirufa.it\/offerta-formativa\/dottorati-di-ricerca\/","og_locale":"es_ES","og_type":"article","og_title":"Doctorados - RUFA - Rome University of Fine Arts","og_description":"De 2025, RUFA ha lanzado dos programas de doctorado, marcando un momento hist\u00f3rico para la Educaci\u00f3n Art\u00edstica, Musical y Coreogr\u00e1fica Superior (AFAM). El primer doctorado \u2013 Tecnolog\u00eda del Cine y los Nuevos Medios \u2013 nace de la colaboraci\u00f3n con la Universit\u00e0 degli Studi Roma Tre, dando lugar al primer programa interdisciplinario que une la Universidad...","og_url":"https:\/\/www.unirufa.it\/offerta-formativa\/dottorati-di-ricerca\/","og_site_name":"RUFA - Rome University of Fine Arts","article_modified_time":"2025-04-14T09:25:35+00:00","og_image":[{"width":230,"height":149,"url":"https:\/\/www.unirufa.it\/wp-content\/uploads\/2017\/11\/logo-rufa-2016.png","type":"image\/png"}],"twitter_misc":{"Tiempo de lectura":"9 minutos"},"schema":{"@context":"https:\/\/schema.org","@graph":[{"@type":"WebPage","@id":"https:\/\/www.unirufa.it\/offerta-formativa\/dottorati-di-ricerca\/","url":"https:\/\/www.unirufa.it\/offerta-formativa\/dottorati-di-ricerca\/","name":"Doctorados - RUFA - Rome University of Fine Arts","isPartOf":{"@id":"https:\/\/www.unirufa.it\/#website"},"datePublished":"2024-08-01T12:22:45+00:00","dateModified":"2025-04-14T09:25:35+00:00","breadcrumb":{"@id":"https:\/\/www.unirufa.it\/offerta-formativa\/dottorati-di-ricerca\/#breadcrumb"},"inLanguage":"es","potentialAction":[{"@type":"ReadAction","target":["https:\/\/www.unirufa.it\/offerta-formativa\/dottorati-di-ricerca\/"]}]},{"@type":"BreadcrumbList","@id":"https:\/\/www.unirufa.it\/offerta-formativa\/dottorati-di-ricerca\/#breadcrumb","itemListElement":[{"@type":"ListItem","position":1,"name":"Home","item":"https:\/\/www.unirufa.it\/"},{"@type":"ListItem","position":2,"name":"Offerta formativa","item":"https:\/\/www.unirufa.it\/offerta-formativa\/"},{"@type":"ListItem","position":3,"name":"Dottorati di Ricerca"}]},{"@type":"WebSite","@id":"https:\/\/www.unirufa.it\/#website","url":"https:\/\/www.unirufa.it\/","name":"RUFA - Rome University of Fine Arts","description":"","potentialAction":[{"@type":"SearchAction","target":{"@type":"EntryPoint","urlTemplate":"https:\/\/www.unirufa.it\/?s={search_term_string}"},"query-input":{"@type":"PropertyValueSpecification","valueRequired":true,"valueName":"search_term_string"}}],"inLanguage":"es"}]}},"_links":{"self":[{"href":"https:\/\/www.unirufa.it\/es\/wp-json\/wp\/v2\/pages\/137268","targetHints":{"allow":["GET"]}}],"collection":[{"href":"https:\/\/www.unirufa.it\/es\/wp-json\/wp\/v2\/pages"}],"about":[{"href":"https:\/\/www.unirufa.it\/es\/wp-json\/wp\/v2\/types\/page"}],"author":[{"embeddable":true,"href":"https:\/\/www.unirufa.it\/es\/wp-json\/wp\/v2\/users\/39"}],"replies":[{"embeddable":true,"href":"https:\/\/www.unirufa.it\/es\/wp-json\/wp\/v2\/comments?post=137268"}],"version-history":[{"count":31,"href":"https:\/\/www.unirufa.it\/es\/wp-json\/wp\/v2\/pages\/137268\/revisions"}],"predecessor-version":[{"id":144120,"href":"https:\/\/www.unirufa.it\/es\/wp-json\/wp\/v2\/pages\/137268\/revisions\/144120"}],"up":[{"embeddable":true,"href":"https:\/\/www.unirufa.it\/es\/wp-json\/wp\/v2\/pages\/1253"}],"wp:attachment":[{"href":"https:\/\/www.unirufa.it\/es\/wp-json\/wp\/v2\/media?parent=137268"}],"curies":[{"name":"wp","href":"https:\/\/api.w.org\/{rel}","templated":true}]}}