


{"id":139498,"date":"2024-11-05T15:24:23","date_gmt":"2024-11-05T14:24:23","guid":{"rendered":"https:\/\/www.unirufa.it\/?page_id=139498"},"modified":"2024-11-06T10:33:39","modified_gmt":"2024-11-06T09:33:39","slug":"canale-di-segnalazione-di-atti-discriminatori","status":"publish","type":"page","link":"https:\/\/www.unirufa.it\/es\/canale-di-segnalazione-di-atti-discriminatori\/","title":{"rendered":"Canal de Denuncia de Actos Discriminatorios"},"content":{"rendered":"<div class=\"col-md-12\" style=\"padding-left: 0;\">\n  <a href=\"https:\/\/www.unirufa.it\/wp-content\/uploads\/2024\/11\/RUFA_CONTRO-DISCRIMINAZIONI.png\"><br \/>\n    <img decoding=\"async\" class=\"alignnone size-medium wp-image-30173\" src=\"https:\/\/www.unirufa.it\/wp-content\/uploads\/2024\/11\/RUFA_CONTRO-DISCRIMINAZIONI.png\" alt=\"RUFA Contra la Discriminaci\u00f3n\" width=\"100%\" height=\"auto\" \/><br \/>\n  <\/a>\n<\/div>\n<p>&nbsp;<\/p>\n<p>RUFA se compromete a garantizar un ambiente acad\u00e9mico para todos los estudiantes libre de cualquier discriminaci\u00f3n basada en etnia, religi\u00f3n, g\u00e9nero, nacionalidad, edad, discapacidad u orientaci\u00f3n sexual.<\/p>\n<h5><strong>Reconocer una Discriminaci\u00f3n<\/strong><\/h5>\n<p>La discriminaci\u00f3n se define como un comportamiento \u2013 directo o indirecto \u2013 que causa un trato desigual hacia una persona o grupo de personas debido a su pertenencia a una categor\u00eda determinada.<\/p>\n<p>La discriminaci\u00f3n directa ocurre cuando se toma una acci\u00f3n que coloca a una persona o grupo en una situaci\u00f3n o posici\u00f3n de desventaja.<\/p>\n<p>La discriminaci\u00f3n indirecta ocurre cuando una norma, reglamento, pr\u00e1ctica, criterio o par\u00e1metro aparentemente neutral, en realidad coloca a una persona o grupo en una situaci\u00f3n de desventaja.<\/p>\n<p>Cualquier persona que considere haber sido objeto de discriminaci\u00f3n, acoso o represalias puede informarlo, incluso de forma an\u00f3nima.<\/p>\n<h5><strong>denunciar un acto discriminatorio<\/strong><\/h5>\n<p>Para acceder a la plataforma de denuncias an\u00f3nimas, necesitas ingresar a tu \u00e1rea personal en <a href=\"https:\/\/unirufapoint.it\/Account\/Login\"><strong>Unirufapoint<\/strong><\/a>. Encontrar\u00e1s el enlace en la secci\u00f3n <em>Tabl\u00f3n de Documentos<\/em>.<\/p>\n<p>Para gestionar mejor la denuncia, se recomienda proporcionar la mayor cantidad de detalles posible.<\/p>\n<p><a class=\"download-btn full\" href=\"https:\/\/unirufapoint.it\/Account\/Login\">DENUNCIAR ACTOS DISCRIMINATORIOS<\/a>","protected":false},"excerpt":{"rendered":"<p>&nbsp; RUFA se compromete a garantizar un ambiente acad\u00e9mico para todos los estudiantes libre de cualquier discriminaci\u00f3n basada en etnia, religi\u00f3n, g\u00e9nero, nacionalidad, edad, discapacidad u orientaci\u00f3n sexual. Reconocer una Discriminaci\u00f3n La discriminaci\u00f3n se define como un comportamiento \u2013 directo o indirecto \u2013 que causa un trato desigual hacia una persona o grupo de personas&#8230;<\/p>\n","protected":false},"author":35,"featured_media":0,"parent":0,"menu_order":0,"comment_status":"closed","ping_status":"closed","template":"","meta":{"content-type":"","footnotes":""},"class_list":["post-139498","page","type-page","status-publish","hentry"],"yoast_head":"<!-- This site is optimized with the Yoast SEO plugin v24.2 - https:\/\/yoast.com\/wordpress\/plugins\/seo\/ -->\n<title>Canal de Denuncia de Actos Discriminatorios - RUFA - Rome University of Fine Arts<\/title>\n<meta name=\"robots\" content=\"index, follow, max-snippet:-1, max-image-preview:large, max-video-preview:-1\" \/>\n<link rel=\"canonical\" href=\"https:\/\/www.unirufa.it\/canale-di-segnalazione-di-atti-discriminatori\/\" \/>\n<meta property=\"og:locale\" content=\"es_ES\" \/>\n<meta property=\"og:type\" content=\"article\" \/>\n<meta property=\"og:title\" content=\"Canal de Denuncia de Actos Discriminatorios - RUFA - Rome University of Fine Arts\" \/>\n<meta property=\"og:description\" content=\"&nbsp; RUFA se compromete a garantizar un ambiente acad\u00e9mico para todos los estudiantes libre de cualquier discriminaci\u00f3n basada en etnia, religi\u00f3n, g\u00e9nero, nacionalidad, edad, discapacidad u orientaci\u00f3n sexual. Reconocer una Discriminaci\u00f3n La discriminaci\u00f3n se define como un comportamiento \u2013 directo o indirecto \u2013 que causa un trato desigual hacia una persona o grupo de personas...\" \/>\n<meta property=\"og:url\" content=\"https:\/\/www.unirufa.it\/canale-di-segnalazione-di-atti-discriminatori\/\" \/>\n<meta property=\"og:site_name\" content=\"RUFA - Rome University of Fine Arts\" \/>\n<meta property=\"article:modified_time\" content=\"2024-11-06T09:33:39+00:00\" \/>\n<meta property=\"og:image\" content=\"https:\/\/www.unirufa.it\/wp-content\/uploads\/2024\/11\/RUFA_CONTRO-DISCRIMINAZIONI.png\" \/>\n<meta name=\"twitter:label1\" content=\"Tiempo de lectura\" \/>\n\t<meta name=\"twitter:data1\" content=\"4 minutos\" \/>\n<script type=\"application\/ld+json\" class=\"yoast-schema-graph\">{\"@context\":\"https:\/\/schema.org\",\"@graph\":[{\"@type\":\"WebPage\",\"@id\":\"https:\/\/www.unirufa.it\/canale-di-segnalazione-di-atti-discriminatori\/\",\"url\":\"https:\/\/www.unirufa.it\/canale-di-segnalazione-di-atti-discriminatori\/\",\"name\":\"Canal de Denuncia de Actos Discriminatorios - RUFA - Rome University of Fine Arts\",\"isPartOf\":{\"@id\":\"https:\/\/www.unirufa.it\/#website\"},\"primaryImageOfPage\":{\"@id\":\"https:\/\/www.unirufa.it\/canale-di-segnalazione-di-atti-discriminatori\/#primaryimage\"},\"image\":{\"@id\":\"https:\/\/www.unirufa.it\/canale-di-segnalazione-di-atti-discriminatori\/#primaryimage\"},\"thumbnailUrl\":\"https:\/\/www.unirufa.it\/wp-content\/uploads\/2024\/11\/RUFA_CONTRO-DISCRIMINAZIONI.png\",\"datePublished\":\"2024-11-05T14:24:23+00:00\",\"dateModified\":\"2024-11-06T09:33:39+00:00\",\"breadcrumb\":{\"@id\":\"https:\/\/www.unirufa.it\/canale-di-segnalazione-di-atti-discriminatori\/#breadcrumb\"},\"inLanguage\":\"es\",\"potentialAction\":[{\"@type\":\"ReadAction\",\"target\":[\"https:\/\/www.unirufa.it\/canale-di-segnalazione-di-atti-discriminatori\/\"]}]},{\"@type\":\"ImageObject\",\"inLanguage\":\"es\",\"@id\":\"https:\/\/www.unirufa.it\/canale-di-segnalazione-di-atti-discriminatori\/#primaryimage\",\"url\":\"https:\/\/www.unirufa.it\/wp-content\/uploads\/2024\/11\/RUFA_CONTRO-DISCRIMINAZIONI.png\",\"contentUrl\":\"https:\/\/www.unirufa.it\/wp-content\/uploads\/2024\/11\/RUFA_CONTRO-DISCRIMINAZIONI.png\"},{\"@type\":\"BreadcrumbList\",\"@id\":\"https:\/\/www.unirufa.it\/canale-di-segnalazione-di-atti-discriminatori\/#breadcrumb\",\"itemListElement\":[{\"@type\":\"ListItem\",\"position\":1,\"name\":\"Home\",\"item\":\"https:\/\/www.unirufa.it\/\"},{\"@type\":\"ListItem\",\"position\":2,\"name\":\"Canale di segnalazione di atti discriminatori\"}]},{\"@type\":\"WebSite\",\"@id\":\"https:\/\/www.unirufa.it\/#website\",\"url\":\"https:\/\/www.unirufa.it\/\",\"name\":\"RUFA - Rome University of Fine Arts\",\"description\":\"\",\"potentialAction\":[{\"@type\":\"SearchAction\",\"target\":{\"@type\":\"EntryPoint\",\"urlTemplate\":\"https:\/\/www.unirufa.it\/?s={search_term_string}\"},\"query-input\":{\"@type\":\"PropertyValueSpecification\",\"valueRequired\":true,\"valueName\":\"search_term_string\"}}],\"inLanguage\":\"es\"}]}<\/script>\n<!-- \/ Yoast SEO plugin. -->","yoast_head_json":{"title":"Canal de Denuncia de Actos Discriminatorios - RUFA - Rome University of Fine Arts","robots":{"index":"index","follow":"follow","max-snippet":"max-snippet:-1","max-image-preview":"max-image-preview:large","max-video-preview":"max-video-preview:-1"},"canonical":"https:\/\/www.unirufa.it\/canale-di-segnalazione-di-atti-discriminatori\/","og_locale":"es_ES","og_type":"article","og_title":"Canal de Denuncia de Actos Discriminatorios - RUFA - Rome University of Fine Arts","og_description":"&nbsp; RUFA se compromete a garantizar un ambiente acad\u00e9mico para todos los estudiantes libre de cualquier discriminaci\u00f3n basada en etnia, religi\u00f3n, g\u00e9nero, nacionalidad, edad, discapacidad u orientaci\u00f3n sexual. Reconocer una Discriminaci\u00f3n La discriminaci\u00f3n se define como un comportamiento \u2013 directo o indirecto \u2013 que causa un trato desigual hacia una persona o grupo de personas...","og_url":"https:\/\/www.unirufa.it\/canale-di-segnalazione-di-atti-discriminatori\/","og_site_name":"RUFA - Rome University of Fine Arts","article_modified_time":"2024-11-06T09:33:39+00:00","og_image":[{"url":"https:\/\/www.unirufa.it\/wp-content\/uploads\/2024\/11\/RUFA_CONTRO-DISCRIMINAZIONI.png","type":"","width":"","height":""}],"twitter_misc":{"Tiempo de lectura":"4 minutos"},"schema":{"@context":"https:\/\/schema.org","@graph":[{"@type":"WebPage","@id":"https:\/\/www.unirufa.it\/canale-di-segnalazione-di-atti-discriminatori\/","url":"https:\/\/www.unirufa.it\/canale-di-segnalazione-di-atti-discriminatori\/","name":"Canal de Denuncia de Actos Discriminatorios - RUFA - Rome University of Fine Arts","isPartOf":{"@id":"https:\/\/www.unirufa.it\/#website"},"primaryImageOfPage":{"@id":"https:\/\/www.unirufa.it\/canale-di-segnalazione-di-atti-discriminatori\/#primaryimage"},"image":{"@id":"https:\/\/www.unirufa.it\/canale-di-segnalazione-di-atti-discriminatori\/#primaryimage"},"thumbnailUrl":"https:\/\/www.unirufa.it\/wp-content\/uploads\/2024\/11\/RUFA_CONTRO-DISCRIMINAZIONI.png","datePublished":"2024-11-05T14:24:23+00:00","dateModified":"2024-11-06T09:33:39+00:00","breadcrumb":{"@id":"https:\/\/www.unirufa.it\/canale-di-segnalazione-di-atti-discriminatori\/#breadcrumb"},"inLanguage":"es","potentialAction":[{"@type":"ReadAction","target":["https:\/\/www.unirufa.it\/canale-di-segnalazione-di-atti-discriminatori\/"]}]},{"@type":"ImageObject","inLanguage":"es","@id":"https:\/\/www.unirufa.it\/canale-di-segnalazione-di-atti-discriminatori\/#primaryimage","url":"https:\/\/www.unirufa.it\/wp-content\/uploads\/2024\/11\/RUFA_CONTRO-DISCRIMINAZIONI.png","contentUrl":"https:\/\/www.unirufa.it\/wp-content\/uploads\/2024\/11\/RUFA_CONTRO-DISCRIMINAZIONI.png"},{"@type":"BreadcrumbList","@id":"https:\/\/www.unirufa.it\/canale-di-segnalazione-di-atti-discriminatori\/#breadcrumb","itemListElement":[{"@type":"ListItem","position":1,"name":"Home","item":"https:\/\/www.unirufa.it\/"},{"@type":"ListItem","position":2,"name":"Canale di segnalazione di atti discriminatori"}]},{"@type":"WebSite","@id":"https:\/\/www.unirufa.it\/#website","url":"https:\/\/www.unirufa.it\/","name":"RUFA - Rome University of Fine Arts","description":"","potentialAction":[{"@type":"SearchAction","target":{"@type":"EntryPoint","urlTemplate":"https:\/\/www.unirufa.it\/?s={search_term_string}"},"query-input":{"@type":"PropertyValueSpecification","valueRequired":true,"valueName":"search_term_string"}}],"inLanguage":"es"}]}},"_links":{"self":[{"href":"https:\/\/www.unirufa.it\/es\/wp-json\/wp\/v2\/pages\/139498","targetHints":{"allow":["GET"]}}],"collection":[{"href":"https:\/\/www.unirufa.it\/es\/wp-json\/wp\/v2\/pages"}],"about":[{"href":"https:\/\/www.unirufa.it\/es\/wp-json\/wp\/v2\/types\/page"}],"author":[{"embeddable":true,"href":"https:\/\/www.unirufa.it\/es\/wp-json\/wp\/v2\/users\/35"}],"replies":[{"embeddable":true,"href":"https:\/\/www.unirufa.it\/es\/wp-json\/wp\/v2\/comments?post=139498"}],"version-history":[{"count":14,"href":"https:\/\/www.unirufa.it\/es\/wp-json\/wp\/v2\/pages\/139498\/revisions"}],"predecessor-version":[{"id":139529,"href":"https:\/\/www.unirufa.it\/es\/wp-json\/wp\/v2\/pages\/139498\/revisions\/139529"}],"wp:attachment":[{"href":"https:\/\/www.unirufa.it\/es\/wp-json\/wp\/v2\/media?parent=139498"}],"curies":[{"name":"wp","href":"https:\/\/api.w.org\/{rel}","templated":true}]}}