


{"id":140711,"date":"2024-12-13T10:28:40","date_gmt":"2024-12-13T09:28:40","guid":{"rendered":"https:\/\/www.unirufa.it\/?page_id=140711"},"modified":"2026-03-25T22:54:22","modified_gmt":"2026-03-25T21:54:22","slug":"creative-experience","status":"publish","type":"page","link":"https:\/\/www.unirufa.it\/es\/creative-experience\/","title":{"rendered":"Creative Experience"},"content":{"rendered":"<p class=\"qtranxs-available-languages-message qtranxs-available-languages-message-es\">Disculpa, pero esta entrada est\u00e1 disponible s\u00f3lo en <a href=\"https:\/\/www.unirufa.it\/it\/wp-json\/wp\/v2\/pages\/140711\" class=\"qtranxs-available-language-link qtranxs-available-language-link-it\" title=\"IT\">IT<\/a> y <a href=\"https:\/\/www.unirufa.it\/en\/wp-json\/wp\/v2\/pages\/140711\" class=\"qtranxs-available-language-link qtranxs-available-language-link-en\" title=\"EN\">EN<\/a>.<\/p><style>\n#creative_experience0-ce9dab1c-f859-44ce-8a40-3f30fa19a077{width:auto!important; margin-right: 10px!important}\n.hs-form-checkbox-display span{font-weight: 300!important}\n#creative_experience1-ce9dab1c-f859-44ce-8a40-3f30fa19a077{width:auto!important; margin-right: 10px!important}\n#creative_experience2-ce9dab1c-f859-44ce-8a40-3f30fa19a077{width:auto!important; margin-right: 10px!important}\n#creative_experience3-ce9dab1c-f859-44ce-8a40-3f30fa19a077{width:auto!important; margin-right: 10px!important}\n#creative_experience4-ce9dab1c-f859-44ce-8a40-3f30fa19a077{width:auto!important; margin-right: 10px!important}\n.legal-consent-container{margin-top:16px!important}\n<\/style>\n<div class=\"row\" style=\"padding: 0px;\">\n<div class=\"col-md-10\" style=\"background-color:#eeeeee; padding: 30px;\">\n<h3><strong>16 &#8211; 19 GIUGNO 2026 | 9:00 &#8211; 17:00<br \/>\nBODIO CAMPUS &#8211; Piazzale Lugano, 19 &#8211; Milano<\/strong><\/h3>\n<\/div>\n<\/div>\n<div class=\"row\" style=\"padding: 0px;\">\n<h3><span style=\"color: #ff3100;\">Workshop Immersivo nelle Arti e nel Design.<\/span><\/h3>\n<h4>Creative Experience \u00e8 un programma educativo di quattro giorni &#8211; dal 16 al 19 giugno 2026 &#8211; dedicato agli studenti del 4\u00b0 anno delle scuole superiori, che desiderano orientarsi nel mondo della formazione accademica nel campo del cinema, del fashion design, della comunicazione, del design e della musica.<\/h4>\n<p>&nbsp;<br \/>\nPlena organizza <strong>una settimana di scoperta della creativit\u00e0 a Milano<\/strong>, con l\u2019obiettivo di esplorare diverse forme di espressione creativa, di sviluppare le proprie passioni e abilit\u00e0 e capire quale sia il percorso accademico pi\u00f9 adeguato per sviluppare il proprio talento.<br \/>\nGli studenti verranno guidati nella sperimentazione da docenti esperti e <strong>professionisti dei settori creativi<\/strong>, attraverso un <strong>workshop collaborativo<\/strong>, volto alla realizzazione di un progetto completo dove lo studente potr\u00e0 infatti scegliere la parte di percorso che vuole sviluppare, approfondendo quindi una o pi\u00f9 materie di studio.<br \/>\n&nbsp;<\/p>\n<h3>I TEMI DEL WORKSHOP<\/h3>\n<div class=\"row\" style=\"padding-bottom: 10px;\">\n<div class=\"col-xs-12 col-sm-12 col-md-4 col-lg-4\">\n\t<a><img decoding=\"async\" class=\"alignnone size-medium wp-image-30173\" src=\"https:\/\/www.unirufa.it\/wp-content\/uploads\/2024\/12\/RUFA_CreativeExperience_QUAD.jpg\" alt=\"\" width=\"100%\" height=\"auto\" \/><\/a>\n\t<\/div>\n<div class=\"col-xs-12 col-sm-12 col-md-5 col-lg-5\">\n<h4>\u276f <span style=\"color: #ff3100;\">Car Design \u2013 Car &#038; Design<\/span><\/h4>\n<p>Disegna un nuovo modello per un brand che verr\u00e0 svelato in sede. Questo progetto ti immerger\u00e0 nelle dinamiche di un concept store milanese, spingendoti a progettare un\u2019auto iconica che rappresenti versatilit\u00e0, dinamicit\u00e0 e internazionalit\u00e0.<\/p>\n<\/p><\/div>\n<\/div>\n<div class=\"row\" style=\"padding-bottom: 10px;\">\n<div class=\"col-xs-12 col-sm-12 col-md-4 col-lg-4\">\n\t<a><img decoding=\"async\" class=\"alignnone size-medium wp-image-30173\" src=\"https:\/\/www.unirufa.it\/wp-content\/uploads\/2024\/12\/RUFA-CreativeExperience_QUAD-COMICS.jpg\" alt=\"\" width=\"100%\" height=\"auto\" \/><\/a>\n\t<\/div>\n<div class=\"col-xs-12 col-sm-12 col-md-5 col-lg-5\">\n<h4>\u276f <span style=\"color: #00a118;\">Concept Store \u2013 Interior Design, Design &#038; Comics<\/h4>\n<p>\nProgetta il layout e gli spazi del concept store, curando ogni dettaglio dagli spazi per la presentazione dell\u2019auto, dagli elementi d\u2019arredo all\u2019oggettistica. Gli studenti di Comics daranno vita a personalizzazioni illustrate, inserendo dettagli unici nel nuovo spazio espositivo.<\/p>\n<\/p><\/div>\n<\/div>\n<div class=\"row\" style=\"padding-bottom: 10px;\">\n<div class=\"col-xs-12 col-sm-12 col-md-4 col-lg-4\">\n\t<a><img decoding=\"async\" class=\"alignnone size-medium wp-image-30173\" src=\"https:\/\/www.unirufa.it\/wp-content\/uploads\/2024\/12\/RUFA_CreativeExperience_QUAD_GRAPHIC.jpg\" alt=\"\" width=\"100%\" height=\"auto\" \/><\/a>\n\t<\/div>\n<div class=\"col-xs-12 col-sm-12 col-md-5 col-lg-5\">\n<h4>\u276f <span style=\"color: #ffb9d7;\">Campagna di comunicazione \u2013 Graphic Design, Communication &#038; Fashion Business<\/span><\/h4>\n<p>Collabora per definire la visual identity dello store e progetta una campagna di lancio che sfrutti mezzi fisici e digitali. Esplorerai strategie di marketing innovative come il guerrilla marketing e le social media campaign.<\/p>\n<\/p><\/div>\n<\/div>\n<div class=\"row\" style=\"padding-bottom: 10px;\">\n<div class=\"col-xs-12 col-sm-12 col-md-4 col-lg-4\">\n\t<a><img decoding=\"async\" class=\"alignnone size-medium wp-image-30173\" src=\"https:\/\/www.unirufa.it\/wp-content\/uploads\/2024\/12\/RUFA_CreativeExperience_QUAD-MUSICA.jpg\" alt=\"\" width=\"100%\" height=\"auto\" \/><\/a>\n\t<\/div>\n<div class=\"col-xs-12 col-sm-12 col-md-5 col-lg-5\">\n<h4>\u276f <span style=\"color: #00c9fd;\">Short film \u2013 Cinema &#038; Musica Applicata<\/span><\/h4>\n<p>Crea un video promozionale e una colonna sonora originale per il brand. Scoprirai tecniche di produzione musicale e video, realizzando la musica ambientale del negozio e registrando un video di lancio. Gli studenti di musica utilizzeranno le DAW per montare tracce strumentali e creare una demo finale.<\/p>\n<\/p><\/div>\n<\/div>\n<div class=\"row\" style=\"padding-bottom: 10px;\">\n<div class=\"col-xs-12 col-sm-12 col-md-4 col-lg-4\">\n\t<a><img decoding=\"async\" class=\"alignnone size-medium wp-image-30173\" src=\"https:\/\/www.unirufa.it\/wp-content\/uploads\/2024\/12\/RUFA-CreativeExperience_QUAD-MODA.jpg\" alt=\"\" width=\"100%\" height=\"auto\" \/><\/a>\n\t<\/div>\n<div class=\"col-xs-12 col-sm-12 col-md-6 col-lg-6\">\n<h4>\u276f  <span style=\"color: #00a118;\">Collezione moda e accessori \u2013 Fashion Design<\/span><\/h4>\n<p>Dai vita a una capsule collection. Sperimenta con trend, colori e tessuti, sviluppando abiti e accessori dallo stile contemporaneo. Imparerai i principi di base del design di moda, dalla creazione del moodboard, alla scelta dei materiali e al disegno di una mini collezione per un brand particolare, unendo stile, sostenibilit\u00e0 e innovazione. Darai cos\u00ec vita al tuo primo portfolio.<\/p>\n<\/p><\/div>\n<\/div>\n<h4>Ogni giorno le lezioni si alterneranno ad attivit\u00e0 pratiche di laboratorio, lavoro di gruppo, presentazioni e momenti di confronto con i docenti, intervallati da visite a musei, gallerie, showroom e\/o studi professionali.<\/h4>\n<p>&nbsp;<\/p>\n<h3>Cosa aspetti? Inizia il tuo percorso professionale nella creativit\u00e0!<\/h3>\n<p>&nbsp;<\/p>\n\n\t\t\t\t\t<script>\n\t\t\t\t\t\twindow.hsFormsOnReady = window.hsFormsOnReady || [];\n\t\t\t\t\t\twindow.hsFormsOnReady.push(()=>{\n\t\t\t\t\t\t\thbspt.forms.create({\n\t\t\t\t\t\t\t\tportalId: 147413364,\n\t\t\t\t\t\t\t\tformId: \"6b8ab2fe-7c04-4624-b7af-813d33a2668e\",\n\t\t\t\t\t\t\t\ttarget: \"#hbspt-form-1776281522000-7893588813\",\n\t\t\t\t\t\t\t\tregion: \"eu1\",\n\t\t\t\t\t\t\t\t\n\t\t\t\t\t\t})});\n\t\t\t\t\t<\/script>\n\t\t\t\t\t<div class=\"hbspt-form\" id=\"hbspt-form-1776281522000-7893588813\"><\/div>\n\n    <div class=\"panel-group\" id=\"accordion\" role=\"tablist\" aria-multiselectable=\"true\">\n        \n\n<article class=\"panel panel-default\" role=\"article\" itemscope itemtype=\"http:\/\/schema.org\/BlogPosting\">\n    <div class=\"panel-heading\" role=\"tab\" id=\"heading1\">\n\t    <h4 class=\"panel-title\">\n\t        <a class=\"collapsed\" role=\"button\" data-toggle=\"collapse\" data-parent=\"#accordion\" href=\"#collapse1\" aria-expanded=\"false\" aria-controls=\"collapse1\" itemprop=\"headline\"><strong>COME ISCRIVERSI<\/strong>\t        \t<span class=\"courses\">\n                 \n\t        \t<\/span>\n\t        <\/a>\n\t    <\/h4>\n\t<\/div>\n<\/article>\n\n\n    <div id=\"collapse1\" class=\"panel-collapse collapse \" role=\"tabpanel\" aria-labelledby=\"heading1\">\n        <div class=\"panel-body\" itemprop=\"articleBody\">\n            <div class=\"item-description\">\n                \n<p><strong>ATTENZIONE! I corsi verranno attivati al raggiungimento del numero minimo di partecipanti.<\/strong><\/p>\n<p>Scegli il percorso che vuoi seguire e iscriviti. Non aspettare, i posti sono limitati per garantirti un\u2019esperienza completa.<br \/>\n<strong>Il costo di partecipazione a Creative Experience \u00e8 pari a 50,00 \u20ac, comprensivo di materiali e visite esterne.<\/strong><\/p>\n<p>Per procedere all\u2019iscrizione \u00e8 necessario caricare la ricevuta di pagamento.<\/p>\n<h5>Dati di pagamento<\/h5>\n<p><strong>Beneficiario:<\/strong> ROME UNIVERSITY OF FINE ARTS S.r.l.<br \/>\n<strong>BIC CODE ( Swift ):<\/strong> BCITITMM<br \/>\n<strong>IBAN:<\/strong> IT29D0306905048100000012207<br \/>\n<strong>Causale:<\/strong> iscrizione Creative Experience Nome ambito scelto es. <em>Graphic Design<\/em><\/p>\n<p><a class=\"download-btn full\" href=\"https:\/\/corsi.unirufa.it\/creativeexperienceiscrizione\" >ISCRIVITI SUBITO<\/a>\t<\/p>\n            <\/div>\n        <\/div>\n    <\/div>\n    \n\n<article class=\"panel panel-default\" role=\"article\" itemscope itemtype=\"http:\/\/schema.org\/BlogPosting\">\n    <div class=\"panel-heading\" role=\"tab\" id=\"heading3\">\n\t    <h4 class=\"panel-title\">\n\t        <a class=\"collapsed\" role=\"button\" data-toggle=\"collapse\" data-parent=\"#accordion\" href=\"#collapse3\" aria-expanded=\"false\" aria-controls=\"collapse3\" itemprop=\"headline\"><strong>IDONEIT\u00c0 PER ISCRIZIONE AL TRIENNIO RUFA<\/strong>\t        \t<span class=\"courses\">\n                 \n\t        \t<\/span>\n\t        <\/a>\n\t    <\/h4>\n\t<\/div>\n<\/article>\n\n\n    <div id=\"collapse3\" class=\"panel-collapse collapse \" role=\"tabpanel\" aria-labelledby=\"heading3\">\n        <div class=\"panel-body\" itemprop=\"articleBody\">\n            <div class=\"item-description\">\n                \n<p>La partecipazione al Creative Experience potr\u00e0 essere riconosciuta come idoneit\u00e0 per l\u2019iscrizione al Triennio RUFA di riferimento, a condizione che lo studente dimostri, tramite La prova di ammissione, di aver acquisito le competenze necessarie per accedere al corso triennale corrispondente.<br \/>\nPer RUFA \u00e8 possibile effettuare direttamente la prova di ammissione sabato 21 giugno in sede, gratuitamente (per maggiori informazioni sulla prova di ammissione <a href=\"https:\/\/www.unirufa.it\/orientamento\/ammissioni\/livello1-ba-admissions-ammissioni\/\" rel=\"noopener\" target=\"_blank\"><strong>clicca qui<\/strong><\/a>).<\/p>\n            <\/div>\n        <\/div>\n    <\/div>\n    \n    <\/div>\n    \n<div class=\"col-sm-12 col-lg-3\" style=\"padding-left: 0;\">\n<a href=\"https:\/\/ferrarifashionschool.it\/\"><img decoding=\"async\" class=\"alignnone size-small wp-image-30173\" src=\"https:\/\/www.unirufa.it\/wp-content\/uploads\/2024\/05\/RET_FFS_PE.jpg\" alt=\"\" width=\"100%\" height=\"auto\" \/><\/a><\/p>\n<\/div>\n<div class=\"col-sm-12 col-lg-3\" style=\"padding-left: 0;\">\n<a href=\"https:\/\/www.unirufa.it\/\"><img decoding=\"async\" class=\"alignnone size-small wp-image-30173\" src=\"https:\/\/www.unirufa.it\/wp-content\/uploads\/2024\/05\/RET_SL.jpg\" alt=\"\" width=\"100%\" height=\"auto\" \/><\/a><\/p>\n<\/div>\n<div class=\"col-sm-12 col-lg-3\" style=\"padding-left: 0;\">\n<a href=\"https:\/\/saintlouis.eu\/\"><img decoding=\"async\" class=\"alignnone size-small wp-image-30173\" src=\"https:\/\/www.unirufa.it\/wp-content\/uploads\/2024\/05\/RET_SL_PE.jpg\" alt=\"\" width=\"100%\" height=\"auto\" \/><\/a><\/p>\n<\/div>\n<div class=\"col-sm-12 col-lg-3\" style=\"padding-left: 0;\">\n<a href=\"https:\/\/www.scuoladesign.com\/it\/\"><img decoding=\"async\" class=\"alignnone size-small wp-image-30173\" src=\"https:\/\/www.unirufa.it\/wp-content\/uploads\/2024\/05\/RET_SPD_PE.jpg\" alt=\"\" width=\"100%\" height=\"auto\" \/><\/a><\/p>\n<\/div>\n<p>&nbsp;<\/p>\n\n<p>&nbsp;\n<\/p><\/div>","protected":false},"excerpt":{"rendered":"<p>Disculpa, pero esta entrada est\u00e1 disponible s\u00f3lo en IT y EN. 16 &#8211; 19 GIUGNO 2026 | 9:00 &#8211; 17:00 BODIO CAMPUS &#8211; Piazzale Lugano, 19 &#8211; Milano Workshop Immersivo nelle Arti e nel Design. Creative Experience \u00e8 un programma educativo di quattro giorni &#8211; dal 16 al 19 giugno 2026 &#8211; dedicato agli studenti&#8230;<\/p>\n","protected":false},"author":28,"featured_media":141044,"parent":0,"menu_order":0,"comment_status":"closed","ping_status":"closed","template":"","meta":{"content-type":"","footnotes":""},"class_list":["post-140711","page","type-page","status-publish","has-post-thumbnail","hentry"],"yoast_head":"<!-- This site is optimized with the Yoast SEO plugin v24.2 - https:\/\/yoast.com\/wordpress\/plugins\/seo\/ -->\n<title>Creative Experience - RUFA - Rome University of Fine Arts<\/title>\n<meta name=\"robots\" content=\"index, follow, max-snippet:-1, max-image-preview:large, max-video-preview:-1\" \/>\n<link rel=\"canonical\" href=\"https:\/\/www.unirufa.it\/creative-experience\/\" \/>\n<meta property=\"og:locale\" content=\"es_ES\" \/>\n<meta property=\"og:type\" content=\"article\" \/>\n<meta property=\"og:title\" content=\"Creative Experience - RUFA - Rome University of Fine Arts\" \/>\n<meta property=\"og:description\" content=\"Disculpa, pero esta entrada est\u00e1 disponible s\u00f3lo en IT y EN. 16 &#8211; 19 GIUGNO 2026 | 9:00 &#8211; 17:00 BODIO CAMPUS &#8211; Piazzale Lugano, 19 &#8211; Milano Workshop Immersivo nelle Arti e nel Design. Creative Experience \u00e8 un programma educativo di quattro giorni &#8211; dal 16 al 19 giugno 2026 &#8211; dedicato agli studenti...\" \/>\n<meta property=\"og:url\" content=\"https:\/\/www.unirufa.it\/creative-experience\/\" \/>\n<meta property=\"og:site_name\" content=\"RUFA - Rome University of Fine Arts\" \/>\n<meta property=\"article:modified_time\" content=\"2026-03-25T21:54:22+00:00\" \/>\n<meta property=\"og:image\" content=\"https:\/\/www.unirufa.it\/wp-content\/uploads\/2024\/12\/BANNER-SITO_1440x600_SENZA-SCRITTE.jpg\" \/>\n\t<meta property=\"og:image:width\" content=\"1440\" \/>\n\t<meta property=\"og:image:height\" content=\"600\" \/>\n\t<meta property=\"og:image:type\" content=\"image\/jpeg\" \/>\n<meta name=\"twitter:label1\" content=\"Tiempo de lectura\" \/>\n\t<meta name=\"twitter:data1\" content=\"10 minutos\" \/>\n<script type=\"application\/ld+json\" class=\"yoast-schema-graph\">{\"@context\":\"https:\/\/schema.org\",\"@graph\":[{\"@type\":\"WebPage\",\"@id\":\"https:\/\/www.unirufa.it\/creative-experience\/\",\"url\":\"https:\/\/www.unirufa.it\/creative-experience\/\",\"name\":\"Creative Experience - RUFA - Rome University of Fine Arts\",\"isPartOf\":{\"@id\":\"https:\/\/www.unirufa.it\/#website\"},\"primaryImageOfPage\":{\"@id\":\"https:\/\/www.unirufa.it\/creative-experience\/#primaryimage\"},\"image\":{\"@id\":\"https:\/\/www.unirufa.it\/creative-experience\/#primaryimage\"},\"thumbnailUrl\":\"https:\/\/www.unirufa.it\/wp-content\/uploads\/2024\/12\/BANNER-SITO_1440x600_SENZA-SCRITTE.jpg\",\"datePublished\":\"2024-12-13T09:28:40+00:00\",\"dateModified\":\"2026-03-25T21:54:22+00:00\",\"breadcrumb\":{\"@id\":\"https:\/\/www.unirufa.it\/creative-experience\/#breadcrumb\"},\"inLanguage\":\"es\",\"potentialAction\":[{\"@type\":\"ReadAction\",\"target\":[\"https:\/\/www.unirufa.it\/creative-experience\/\"]}]},{\"@type\":\"ImageObject\",\"inLanguage\":\"es\",\"@id\":\"https:\/\/www.unirufa.it\/creative-experience\/#primaryimage\",\"url\":\"https:\/\/www.unirufa.it\/wp-content\/uploads\/2024\/12\/BANNER-SITO_1440x600_SENZA-SCRITTE.jpg\",\"contentUrl\":\"https:\/\/www.unirufa.it\/wp-content\/uploads\/2024\/12\/BANNER-SITO_1440x600_SENZA-SCRITTE.jpg\",\"width\":1440,\"height\":600},{\"@type\":\"BreadcrumbList\",\"@id\":\"https:\/\/www.unirufa.it\/creative-experience\/#breadcrumb\",\"itemListElement\":[{\"@type\":\"ListItem\",\"position\":1,\"name\":\"Home\",\"item\":\"https:\/\/www.unirufa.it\/\"},{\"@type\":\"ListItem\",\"position\":2,\"name\":\"Creative Experience\"}]},{\"@type\":\"WebSite\",\"@id\":\"https:\/\/www.unirufa.it\/#website\",\"url\":\"https:\/\/www.unirufa.it\/\",\"name\":\"RUFA - Rome University of Fine Arts\",\"description\":\"\",\"potentialAction\":[{\"@type\":\"SearchAction\",\"target\":{\"@type\":\"EntryPoint\",\"urlTemplate\":\"https:\/\/www.unirufa.it\/?s={search_term_string}\"},\"query-input\":{\"@type\":\"PropertyValueSpecification\",\"valueRequired\":true,\"valueName\":\"search_term_string\"}}],\"inLanguage\":\"es\"}]}<\/script>\n<!-- \/ Yoast SEO plugin. -->","yoast_head_json":{"title":"Creative Experience - RUFA - Rome University of Fine Arts","robots":{"index":"index","follow":"follow","max-snippet":"max-snippet:-1","max-image-preview":"max-image-preview:large","max-video-preview":"max-video-preview:-1"},"canonical":"https:\/\/www.unirufa.it\/creative-experience\/","og_locale":"es_ES","og_type":"article","og_title":"Creative Experience - RUFA - Rome University of Fine Arts","og_description":"Disculpa, pero esta entrada est\u00e1 disponible s\u00f3lo en IT y EN. 16 &#8211; 19 GIUGNO 2026 | 9:00 &#8211; 17:00 BODIO CAMPUS &#8211; Piazzale Lugano, 19 &#8211; Milano Workshop Immersivo nelle Arti e nel Design. Creative Experience \u00e8 un programma educativo di quattro giorni &#8211; dal 16 al 19 giugno 2026 &#8211; dedicato agli studenti...","og_url":"https:\/\/www.unirufa.it\/creative-experience\/","og_site_name":"RUFA - Rome University of Fine Arts","article_modified_time":"2026-03-25T21:54:22+00:00","og_image":[{"width":1440,"height":600,"url":"https:\/\/www.unirufa.it\/wp-content\/uploads\/2024\/12\/BANNER-SITO_1440x600_SENZA-SCRITTE.jpg","type":"image\/jpeg"}],"twitter_misc":{"Tiempo de lectura":"10 minutos"},"schema":{"@context":"https:\/\/schema.org","@graph":[{"@type":"WebPage","@id":"https:\/\/www.unirufa.it\/creative-experience\/","url":"https:\/\/www.unirufa.it\/creative-experience\/","name":"Creative Experience - RUFA - Rome University of Fine Arts","isPartOf":{"@id":"https:\/\/www.unirufa.it\/#website"},"primaryImageOfPage":{"@id":"https:\/\/www.unirufa.it\/creative-experience\/#primaryimage"},"image":{"@id":"https:\/\/www.unirufa.it\/creative-experience\/#primaryimage"},"thumbnailUrl":"https:\/\/www.unirufa.it\/wp-content\/uploads\/2024\/12\/BANNER-SITO_1440x600_SENZA-SCRITTE.jpg","datePublished":"2024-12-13T09:28:40+00:00","dateModified":"2026-03-25T21:54:22+00:00","breadcrumb":{"@id":"https:\/\/www.unirufa.it\/creative-experience\/#breadcrumb"},"inLanguage":"es","potentialAction":[{"@type":"ReadAction","target":["https:\/\/www.unirufa.it\/creative-experience\/"]}]},{"@type":"ImageObject","inLanguage":"es","@id":"https:\/\/www.unirufa.it\/creative-experience\/#primaryimage","url":"https:\/\/www.unirufa.it\/wp-content\/uploads\/2024\/12\/BANNER-SITO_1440x600_SENZA-SCRITTE.jpg","contentUrl":"https:\/\/www.unirufa.it\/wp-content\/uploads\/2024\/12\/BANNER-SITO_1440x600_SENZA-SCRITTE.jpg","width":1440,"height":600},{"@type":"BreadcrumbList","@id":"https:\/\/www.unirufa.it\/creative-experience\/#breadcrumb","itemListElement":[{"@type":"ListItem","position":1,"name":"Home","item":"https:\/\/www.unirufa.it\/"},{"@type":"ListItem","position":2,"name":"Creative Experience"}]},{"@type":"WebSite","@id":"https:\/\/www.unirufa.it\/#website","url":"https:\/\/www.unirufa.it\/","name":"RUFA - Rome University of Fine Arts","description":"","potentialAction":[{"@type":"SearchAction","target":{"@type":"EntryPoint","urlTemplate":"https:\/\/www.unirufa.it\/?s={search_term_string}"},"query-input":{"@type":"PropertyValueSpecification","valueRequired":true,"valueName":"search_term_string"}}],"inLanguage":"es"}]}},"_links":{"self":[{"href":"https:\/\/www.unirufa.it\/es\/wp-json\/wp\/v2\/pages\/140711","targetHints":{"allow":["GET"]}}],"collection":[{"href":"https:\/\/www.unirufa.it\/es\/wp-json\/wp\/v2\/pages"}],"about":[{"href":"https:\/\/www.unirufa.it\/es\/wp-json\/wp\/v2\/types\/page"}],"author":[{"embeddable":true,"href":"https:\/\/www.unirufa.it\/es\/wp-json\/wp\/v2\/users\/28"}],"replies":[{"embeddable":true,"href":"https:\/\/www.unirufa.it\/es\/wp-json\/wp\/v2\/comments?post=140711"}],"version-history":[{"count":100,"href":"https:\/\/www.unirufa.it\/es\/wp-json\/wp\/v2\/pages\/140711\/revisions"}],"predecessor-version":[{"id":152329,"href":"https:\/\/www.unirufa.it\/es\/wp-json\/wp\/v2\/pages\/140711\/revisions\/152329"}],"wp:featuredmedia":[{"embeddable":true,"href":"https:\/\/www.unirufa.it\/es\/wp-json\/wp\/v2\/media\/141044"}],"wp:attachment":[{"href":"https:\/\/www.unirufa.it\/es\/wp-json\/wp\/v2\/media?parent=140711"}],"curies":[{"name":"wp","href":"https:\/\/api.w.org\/{rel}","templated":true}]}}