


{"id":141070,"date":"2024-12-23T16:07:27","date_gmt":"2024-12-23T15:07:27","guid":{"rendered":"https:\/\/www.unirufa.it\/?page_id=141070"},"modified":"2024-12-23T16:10:16","modified_gmt":"2024-12-23T15:10:16","slug":"convenzioni","status":"publish","type":"page","link":"https:\/\/www.unirufa.it\/es\/info-studenti\/convenzioni\/","title":{"rendered":"Convenciones"},"content":{"rendered":"RUFA se preocupa mucho por el bienestar de su comunidad y por el acceso al estudio. Precisamente por eso se compromete a forjar <strong>acuerdos en el territorio<\/strong>, que puedan facilitar y favorecer tanto a los que viven en la ciudad como, sobre todo, a los que ya est\u00e1n apostando fuerte por trasladarse desde otras ciudades.  <\/p>\n<p><strong>Conect\u00e1ndose al \u00e1rea reservada encontrar\u00e1 toda la informaci\u00f3n sobre colaboraciones y acuerdos activados con socios externos, dise\u00f1ados para ofrecer a Rufa ventajas exclusivas y oportunidades \u00fanicas.<\/strong><\/p>\n<p>Los convenios abarcan un <strong>amplio abanico de sectores<\/strong>: desde servicios de movilidad como Enjoy hasta empresas que ofrecen apoyo psicol\u00f3gico como Serenis, desde organizaciones de viajes como WEROAD hasta empresas que pueden apoyarle en la realizaci\u00f3n de sus numerosos ejercicios docentes como imprentas y proveedores de servicios, as\u00ed como bares, teatros y cines para su tiempo de ocio, e incluso laboratorios de an\u00e1lisis y consultas dentales para su salud. <\/p>\n<p>Todos los convenios se han activado a lo largo de los a\u00f1os para garantizar concesiones, <strong>promociones y descuentos con el fin de satisfacer mejor las necesidades de estudiantes y profesores<\/strong>.<\/p>\n<p>&nbsp;<br \/>\n<a id=\"btn-regolamentocorso\" class=\"download-btn full\" style=\"background-color: #000000; border-color: #000000;\" href=\"https:\/\/unirufapoint.it\/BulletinBoard\"><span style=\"color: #ffffff;\">DESCUBRA LAS CONVENCIONES DE RUFA EN EL \u00c1REA RESERVADA<\/span><\/a><br \/>\n&nbsp;","protected":false},"excerpt":{"rendered":"<p>RUFA se preocupa mucho por el bienestar de su comunidad y por el acceso al estudio. Precisamente por eso se compromete a forjar acuerdos en el territorio, que puedan facilitar y favorecer tanto a los que viven en la ciudad como, sobre todo, a los que ya est\u00e1n apostando fuerte por trasladarse desde otras ciudades&#8230;.<\/p>\n","protected":false},"author":12,"featured_media":0,"parent":1310,"menu_order":0,"comment_status":"closed","ping_status":"closed","template":"","meta":{"content-type":"","footnotes":""},"class_list":["post-141070","page","type-page","status-publish","hentry"],"yoast_head":"<!-- This site is optimized with the Yoast SEO plugin v24.2 - https:\/\/yoast.com\/wordpress\/plugins\/seo\/ -->\n<title>Convenciones - RUFA - Rome University of Fine Arts<\/title>\n<meta name=\"robots\" content=\"index, follow, max-snippet:-1, max-image-preview:large, max-video-preview:-1\" \/>\n<link rel=\"canonical\" href=\"https:\/\/www.unirufa.it\/info-studenti\/convenzioni\/\" \/>\n<meta property=\"og:locale\" content=\"es_ES\" \/>\n<meta property=\"og:type\" content=\"article\" \/>\n<meta property=\"og:title\" content=\"Convenciones - RUFA - Rome University of Fine Arts\" \/>\n<meta property=\"og:description\" content=\"RUFA se preocupa mucho por el bienestar de su comunidad y por el acceso al estudio. Precisamente por eso se compromete a forjar acuerdos en el territorio, que puedan facilitar y favorecer tanto a los que viven en la ciudad como, sobre todo, a los que ya est\u00e1n apostando fuerte por trasladarse desde otras ciudades....\" \/>\n<meta property=\"og:url\" content=\"https:\/\/www.unirufa.it\/info-studenti\/convenzioni\/\" \/>\n<meta property=\"og:site_name\" content=\"RUFA - Rome University of Fine Arts\" \/>\n<meta property=\"article:modified_time\" content=\"2024-12-23T15:10:16+00:00\" \/>\n<meta property=\"og:image\" content=\"https:\/\/www.unirufa.it\/wp-content\/uploads\/2017\/11\/logo-rufa-2016.png\" \/>\n\t<meta property=\"og:image:width\" content=\"230\" \/>\n\t<meta property=\"og:image:height\" content=\"149\" \/>\n\t<meta property=\"og:image:type\" content=\"image\/png\" \/>\n<meta name=\"twitter:label1\" content=\"Tiempo de lectura\" \/>\n\t<meta name=\"twitter:data1\" content=\"3 minutos\" \/>\n<script type=\"application\/ld+json\" class=\"yoast-schema-graph\">{\"@context\":\"https:\/\/schema.org\",\"@graph\":[{\"@type\":\"WebPage\",\"@id\":\"https:\/\/www.unirufa.it\/info-studenti\/convenzioni\/\",\"url\":\"https:\/\/www.unirufa.it\/info-studenti\/convenzioni\/\",\"name\":\"Convenciones - RUFA - Rome University of Fine Arts\",\"isPartOf\":{\"@id\":\"https:\/\/www.unirufa.it\/#website\"},\"datePublished\":\"2024-12-23T15:07:27+00:00\",\"dateModified\":\"2024-12-23T15:10:16+00:00\",\"breadcrumb\":{\"@id\":\"https:\/\/www.unirufa.it\/info-studenti\/convenzioni\/#breadcrumb\"},\"inLanguage\":\"es\",\"potentialAction\":[{\"@type\":\"ReadAction\",\"target\":[\"https:\/\/www.unirufa.it\/info-studenti\/convenzioni\/\"]}]},{\"@type\":\"BreadcrumbList\",\"@id\":\"https:\/\/www.unirufa.it\/info-studenti\/convenzioni\/#breadcrumb\",\"itemListElement\":[{\"@type\":\"ListItem\",\"position\":1,\"name\":\"Home\",\"item\":\"https:\/\/www.unirufa.it\/\"},{\"@type\":\"ListItem\",\"position\":2,\"name\":\"Info Studenti e Servizi\",\"item\":\"https:\/\/www.unirufa.it\/info-studenti\/\"},{\"@type\":\"ListItem\",\"position\":3,\"name\":\"Convenzioni\"}]},{\"@type\":\"WebSite\",\"@id\":\"https:\/\/www.unirufa.it\/#website\",\"url\":\"https:\/\/www.unirufa.it\/\",\"name\":\"RUFA - Rome University of Fine Arts\",\"description\":\"\",\"potentialAction\":[{\"@type\":\"SearchAction\",\"target\":{\"@type\":\"EntryPoint\",\"urlTemplate\":\"https:\/\/www.unirufa.it\/?s={search_term_string}\"},\"query-input\":{\"@type\":\"PropertyValueSpecification\",\"valueRequired\":true,\"valueName\":\"search_term_string\"}}],\"inLanguage\":\"es\"}]}<\/script>\n<!-- \/ Yoast SEO plugin. -->","yoast_head_json":{"title":"Convenciones - RUFA - Rome University of Fine Arts","robots":{"index":"index","follow":"follow","max-snippet":"max-snippet:-1","max-image-preview":"max-image-preview:large","max-video-preview":"max-video-preview:-1"},"canonical":"https:\/\/www.unirufa.it\/info-studenti\/convenzioni\/","og_locale":"es_ES","og_type":"article","og_title":"Convenciones - RUFA - Rome University of Fine Arts","og_description":"RUFA se preocupa mucho por el bienestar de su comunidad y por el acceso al estudio. Precisamente por eso se compromete a forjar acuerdos en el territorio, que puedan facilitar y favorecer tanto a los que viven en la ciudad como, sobre todo, a los que ya est\u00e1n apostando fuerte por trasladarse desde otras ciudades....","og_url":"https:\/\/www.unirufa.it\/info-studenti\/convenzioni\/","og_site_name":"RUFA - Rome University of Fine Arts","article_modified_time":"2024-12-23T15:10:16+00:00","og_image":[{"width":230,"height":149,"url":"https:\/\/www.unirufa.it\/wp-content\/uploads\/2017\/11\/logo-rufa-2016.png","type":"image\/png"}],"twitter_misc":{"Tiempo de lectura":"3 minutos"},"schema":{"@context":"https:\/\/schema.org","@graph":[{"@type":"WebPage","@id":"https:\/\/www.unirufa.it\/info-studenti\/convenzioni\/","url":"https:\/\/www.unirufa.it\/info-studenti\/convenzioni\/","name":"Convenciones - RUFA - Rome University of Fine Arts","isPartOf":{"@id":"https:\/\/www.unirufa.it\/#website"},"datePublished":"2024-12-23T15:07:27+00:00","dateModified":"2024-12-23T15:10:16+00:00","breadcrumb":{"@id":"https:\/\/www.unirufa.it\/info-studenti\/convenzioni\/#breadcrumb"},"inLanguage":"es","potentialAction":[{"@type":"ReadAction","target":["https:\/\/www.unirufa.it\/info-studenti\/convenzioni\/"]}]},{"@type":"BreadcrumbList","@id":"https:\/\/www.unirufa.it\/info-studenti\/convenzioni\/#breadcrumb","itemListElement":[{"@type":"ListItem","position":1,"name":"Home","item":"https:\/\/www.unirufa.it\/"},{"@type":"ListItem","position":2,"name":"Info Studenti e Servizi","item":"https:\/\/www.unirufa.it\/info-studenti\/"},{"@type":"ListItem","position":3,"name":"Convenzioni"}]},{"@type":"WebSite","@id":"https:\/\/www.unirufa.it\/#website","url":"https:\/\/www.unirufa.it\/","name":"RUFA - Rome University of Fine Arts","description":"","potentialAction":[{"@type":"SearchAction","target":{"@type":"EntryPoint","urlTemplate":"https:\/\/www.unirufa.it\/?s={search_term_string}"},"query-input":{"@type":"PropertyValueSpecification","valueRequired":true,"valueName":"search_term_string"}}],"inLanguage":"es"}]}},"_links":{"self":[{"href":"https:\/\/www.unirufa.it\/es\/wp-json\/wp\/v2\/pages\/141070","targetHints":{"allow":["GET"]}}],"collection":[{"href":"https:\/\/www.unirufa.it\/es\/wp-json\/wp\/v2\/pages"}],"about":[{"href":"https:\/\/www.unirufa.it\/es\/wp-json\/wp\/v2\/types\/page"}],"author":[{"embeddable":true,"href":"https:\/\/www.unirufa.it\/es\/wp-json\/wp\/v2\/users\/12"}],"replies":[{"embeddable":true,"href":"https:\/\/www.unirufa.it\/es\/wp-json\/wp\/v2\/comments?post=141070"}],"version-history":[{"count":2,"href":"https:\/\/www.unirufa.it\/es\/wp-json\/wp\/v2\/pages\/141070\/revisions"}],"predecessor-version":[{"id":141072,"href":"https:\/\/www.unirufa.it\/es\/wp-json\/wp\/v2\/pages\/141070\/revisions\/141072"}],"up":[{"embeddable":true,"href":"https:\/\/www.unirufa.it\/es\/wp-json\/wp\/v2\/pages\/1310"}],"wp:attachment":[{"href":"https:\/\/www.unirufa.it\/es\/wp-json\/wp\/v2\/media?parent=141070"}],"curies":[{"name":"wp","href":"https:\/\/api.w.org\/{rel}","templated":true}]}}