


{"id":141776,"date":"2025-01-24T12:00:31","date_gmt":"2025-01-24T11:00:31","guid":{"rendered":"https:\/\/www.unirufa.it\/?page_id=141776"},"modified":"2025-01-28T14:03:00","modified_gmt":"2025-01-28T13:03:00","slug":"career-day","status":"publish","type":"page","link":"https:\/\/www.unirufa.it\/es\/career-day\/","title":{"rendered":"RUFA Career Day"},"content":{"rendered":"<h2>Ponte en contacto con empresas y profesionales.<\/h2>\n<p>El <strong>Career Day<\/strong> es un evento fundamental para conocer empresas, estudios de dise\u00f1o y galer\u00edas para compartir con estudiantes y Alumni oportunidades de trabajo y pr\u00e1cticas. Durante todo el evento, tendr\u00e1s la oportunidad de interactuar con los representantes de las organizaciones participantes y mostrarles tu portfolio\/reel para presentar tu candidatura.<\/p>\n<p>Durante el Career Day, puedes hablar con los profesionales a trav\u00e9s de <strong>entrevistas individuales<\/strong> que deben reservarse con antelaci\u00f3n en el <strong><a href=\"https:\/\/rufa-csm.symplicity.com\/\" rel=\"noopener\" target=\"_blank\">Career System<\/a><\/strong> (para reservar entrevistas: accede a la plataforma del <em>Career System<\/em> > desde la p\u00e1gina de inicio, haz clic en <em>Events<\/em> en la esquina superior derecha, donde aparecer\u00e1 la lista de entrevistas con las distintas empresas\/galer\u00edas\/estudios, etc.).<br \/>\nPara problemas de acceso, contacta con el correo electr\u00f3nico: <a href=\"mailto:careers.alumni@unirufa.it\"><strong>careers.alumni@unirufa.it<\/strong><\/a><\/p>\n<p>Durante el Career Day, cada estudiante o Alumni puede reservar un <strong>m\u00e1ximo de 2 entrevistas<\/strong>, eligiendo entre las empresas y franjas horarias disponibles. Las reservas se realizan por orden de inscripci\u00f3n. El d\u00eda del evento, es importante que cada participante lleve <strong>2 copias impresas de su CV y un port\u00e1til\/tableta<\/strong> para mostrar su portfolio\/reel durante las entrevistas (\u00a1no memorias USB!).<\/p>","protected":false},"excerpt":{"rendered":"<p>Ponte en contacto con empresas y profesionales. El Career Day es un evento fundamental para conocer empresas, estudios de dise\u00f1o y galer\u00edas para compartir con estudiantes y Alumni oportunidades de trabajo y pr\u00e1cticas. Durante todo el evento, tendr\u00e1s la oportunidad de interactuar con los representantes de las organizaciones participantes y mostrarles tu portfolio\/reel para presentar&#8230;<\/p>\n","protected":false},"author":39,"featured_media":141251,"parent":0,"menu_order":0,"comment_status":"closed","ping_status":"closed","template":"","meta":{"content-type":"","footnotes":""},"class_list":["post-141776","page","type-page","status-publish","has-post-thumbnail","hentry"],"yoast_head":"<!-- This site is optimized with the Yoast SEO plugin v24.2 - https:\/\/yoast.com\/wordpress\/plugins\/seo\/ -->\n<title>RUFA Career Day - RUFA - Rome University of Fine Arts<\/title>\n<meta name=\"robots\" content=\"index, follow, max-snippet:-1, max-image-preview:large, max-video-preview:-1\" \/>\n<link rel=\"canonical\" href=\"https:\/\/www.unirufa.it\/career-day\/\" \/>\n<meta property=\"og:locale\" content=\"es_ES\" \/>\n<meta property=\"og:type\" content=\"article\" \/>\n<meta property=\"og:title\" content=\"RUFA Career Day - RUFA - Rome University of Fine Arts\" \/>\n<meta property=\"og:description\" content=\"Ponte en contacto con empresas y profesionales. El Career Day es un evento fundamental para conocer empresas, estudios de dise\u00f1o y galer\u00edas para compartir con estudiantes y Alumni oportunidades de trabajo y pr\u00e1cticas. Durante todo el evento, tendr\u00e1s la oportunidad de interactuar con los representantes de las organizaciones participantes y mostrarles tu portfolio\/reel para presentar...\" \/>\n<meta property=\"og:url\" content=\"https:\/\/www.unirufa.it\/career-day\/\" \/>\n<meta property=\"og:site_name\" content=\"RUFA - Rome University of Fine Arts\" \/>\n<meta property=\"article:modified_time\" content=\"2025-01-28T13:03:00+00:00\" \/>\n<meta property=\"og:image\" content=\"https:\/\/www.unirufa.it\/wp-content\/uploads\/2025\/01\/RUFA-Career-Day.jpg\" \/>\n\t<meta property=\"og:image:width\" content=\"1440\" \/>\n\t<meta property=\"og:image:height\" content=\"600\" \/>\n\t<meta property=\"og:image:type\" content=\"image\/jpeg\" \/>\n<meta name=\"twitter:label1\" content=\"Tiempo de lectura\" \/>\n\t<meta name=\"twitter:data1\" content=\"1 minuto\" \/>\n<script type=\"application\/ld+json\" class=\"yoast-schema-graph\">{\"@context\":\"https:\/\/schema.org\",\"@graph\":[{\"@type\":\"WebPage\",\"@id\":\"https:\/\/www.unirufa.it\/career-day\/\",\"url\":\"https:\/\/www.unirufa.it\/career-day\/\",\"name\":\"RUFA Career Day - RUFA - Rome University of Fine Arts\",\"isPartOf\":{\"@id\":\"https:\/\/www.unirufa.it\/#website\"},\"primaryImageOfPage\":{\"@id\":\"https:\/\/www.unirufa.it\/career-day\/#primaryimage\"},\"image\":{\"@id\":\"https:\/\/www.unirufa.it\/career-day\/#primaryimage\"},\"thumbnailUrl\":\"https:\/\/www.unirufa.it\/wp-content\/uploads\/2025\/01\/RUFA-Career-Day.jpg\",\"datePublished\":\"2025-01-24T11:00:31+00:00\",\"dateModified\":\"2025-01-28T13:03:00+00:00\",\"breadcrumb\":{\"@id\":\"https:\/\/www.unirufa.it\/career-day\/#breadcrumb\"},\"inLanguage\":\"es\",\"potentialAction\":[{\"@type\":\"ReadAction\",\"target\":[\"https:\/\/www.unirufa.it\/career-day\/\"]}]},{\"@type\":\"ImageObject\",\"inLanguage\":\"es\",\"@id\":\"https:\/\/www.unirufa.it\/career-day\/#primaryimage\",\"url\":\"https:\/\/www.unirufa.it\/wp-content\/uploads\/2025\/01\/RUFA-Career-Day.jpg\",\"contentUrl\":\"https:\/\/www.unirufa.it\/wp-content\/uploads\/2025\/01\/RUFA-Career-Day.jpg\",\"width\":1440,\"height\":600},{\"@type\":\"BreadcrumbList\",\"@id\":\"https:\/\/www.unirufa.it\/career-day\/#breadcrumb\",\"itemListElement\":[{\"@type\":\"ListItem\",\"position\":1,\"name\":\"Home\",\"item\":\"https:\/\/www.unirufa.it\/\"},{\"@type\":\"ListItem\",\"position\":2,\"name\":\"RUFA Career Day\"}]},{\"@type\":\"WebSite\",\"@id\":\"https:\/\/www.unirufa.it\/#website\",\"url\":\"https:\/\/www.unirufa.it\/\",\"name\":\"RUFA - Rome University of Fine Arts\",\"description\":\"\",\"potentialAction\":[{\"@type\":\"SearchAction\",\"target\":{\"@type\":\"EntryPoint\",\"urlTemplate\":\"https:\/\/www.unirufa.it\/?s={search_term_string}\"},\"query-input\":{\"@type\":\"PropertyValueSpecification\",\"valueRequired\":true,\"valueName\":\"search_term_string\"}}],\"inLanguage\":\"es\"}]}<\/script>\n<!-- \/ Yoast SEO plugin. -->","yoast_head_json":{"title":"RUFA Career Day - RUFA - Rome University of Fine Arts","robots":{"index":"index","follow":"follow","max-snippet":"max-snippet:-1","max-image-preview":"max-image-preview:large","max-video-preview":"max-video-preview:-1"},"canonical":"https:\/\/www.unirufa.it\/career-day\/","og_locale":"es_ES","og_type":"article","og_title":"RUFA Career Day - RUFA - Rome University of Fine Arts","og_description":"Ponte en contacto con empresas y profesionales. El Career Day es un evento fundamental para conocer empresas, estudios de dise\u00f1o y galer\u00edas para compartir con estudiantes y Alumni oportunidades de trabajo y pr\u00e1cticas. Durante todo el evento, tendr\u00e1s la oportunidad de interactuar con los representantes de las organizaciones participantes y mostrarles tu portfolio\/reel para presentar...","og_url":"https:\/\/www.unirufa.it\/career-day\/","og_site_name":"RUFA - Rome University of Fine Arts","article_modified_time":"2025-01-28T13:03:00+00:00","og_image":[{"width":1440,"height":600,"url":"https:\/\/www.unirufa.it\/wp-content\/uploads\/2025\/01\/RUFA-Career-Day.jpg","type":"image\/jpeg"}],"twitter_misc":{"Tiempo de lectura":"1 minuto"},"schema":{"@context":"https:\/\/schema.org","@graph":[{"@type":"WebPage","@id":"https:\/\/www.unirufa.it\/career-day\/","url":"https:\/\/www.unirufa.it\/career-day\/","name":"RUFA Career Day - RUFA - Rome University of Fine Arts","isPartOf":{"@id":"https:\/\/www.unirufa.it\/#website"},"primaryImageOfPage":{"@id":"https:\/\/www.unirufa.it\/career-day\/#primaryimage"},"image":{"@id":"https:\/\/www.unirufa.it\/career-day\/#primaryimage"},"thumbnailUrl":"https:\/\/www.unirufa.it\/wp-content\/uploads\/2025\/01\/RUFA-Career-Day.jpg","datePublished":"2025-01-24T11:00:31+00:00","dateModified":"2025-01-28T13:03:00+00:00","breadcrumb":{"@id":"https:\/\/www.unirufa.it\/career-day\/#breadcrumb"},"inLanguage":"es","potentialAction":[{"@type":"ReadAction","target":["https:\/\/www.unirufa.it\/career-day\/"]}]},{"@type":"ImageObject","inLanguage":"es","@id":"https:\/\/www.unirufa.it\/career-day\/#primaryimage","url":"https:\/\/www.unirufa.it\/wp-content\/uploads\/2025\/01\/RUFA-Career-Day.jpg","contentUrl":"https:\/\/www.unirufa.it\/wp-content\/uploads\/2025\/01\/RUFA-Career-Day.jpg","width":1440,"height":600},{"@type":"BreadcrumbList","@id":"https:\/\/www.unirufa.it\/career-day\/#breadcrumb","itemListElement":[{"@type":"ListItem","position":1,"name":"Home","item":"https:\/\/www.unirufa.it\/"},{"@type":"ListItem","position":2,"name":"RUFA Career Day"}]},{"@type":"WebSite","@id":"https:\/\/www.unirufa.it\/#website","url":"https:\/\/www.unirufa.it\/","name":"RUFA - Rome University of Fine Arts","description":"","potentialAction":[{"@type":"SearchAction","target":{"@type":"EntryPoint","urlTemplate":"https:\/\/www.unirufa.it\/?s={search_term_string}"},"query-input":{"@type":"PropertyValueSpecification","valueRequired":true,"valueName":"search_term_string"}}],"inLanguage":"es"}]}},"_links":{"self":[{"href":"https:\/\/www.unirufa.it\/es\/wp-json\/wp\/v2\/pages\/141776","targetHints":{"allow":["GET"]}}],"collection":[{"href":"https:\/\/www.unirufa.it\/es\/wp-json\/wp\/v2\/pages"}],"about":[{"href":"https:\/\/www.unirufa.it\/es\/wp-json\/wp\/v2\/types\/page"}],"author":[{"embeddable":true,"href":"https:\/\/www.unirufa.it\/es\/wp-json\/wp\/v2\/users\/39"}],"replies":[{"embeddable":true,"href":"https:\/\/www.unirufa.it\/es\/wp-json\/wp\/v2\/comments?post=141776"}],"version-history":[{"count":12,"href":"https:\/\/www.unirufa.it\/es\/wp-json\/wp\/v2\/pages\/141776\/revisions"}],"predecessor-version":[{"id":141954,"href":"https:\/\/www.unirufa.it\/es\/wp-json\/wp\/v2\/pages\/141776\/revisions\/141954"}],"wp:featuredmedia":[{"embeddable":true,"href":"https:\/\/www.unirufa.it\/es\/wp-json\/wp\/v2\/media\/141251"}],"wp:attachment":[{"href":"https:\/\/www.unirufa.it\/es\/wp-json\/wp\/v2\/media?parent=141776"}],"curies":[{"name":"wp","href":"https:\/\/api.w.org\/{rel}","templated":true}]}}