


{"id":142373,"date":"2025-02-13T14:29:41","date_gmt":"2025-02-13T13:29:41","guid":{"rendered":"https:\/\/www.unirufa.it\/?page_id=142373"},"modified":"2025-06-24T16:07:25","modified_gmt":"2025-06-24T14:07:25","slug":"dottorati-di-ricerca-rufa","status":"publish","type":"page","link":"https:\/\/www.unirufa.it\/es\/dottorati-di-ricerca-rufa\/","title":{"rendered":"Doctorados RUFA: Un Logro Hist\u00f3rico"},"content":{"rendered":"<h3>RUFA y los Doctorados de Investigaci\u00f3n: un paso hist\u00f3rico para la Educaci\u00f3n Art\u00edstica Superior.<\/h3>\n<p><em>Por Caterina Di Rienzo.<\/em><br \/>\n&nbsp;<br \/>\nEste a\u00f1o, RUFA ha lanzado dos programas de doctorado, marcando un momento hist\u00f3rico para la <strong>Educaci\u00f3n Art\u00edstica, Musical y Coreogr\u00e1fica Superior (AFAM)<\/strong>. El primer doctorado \u2013 <em>Tecnolog\u00eda del Cine y los Nuevos Medios<\/em> \u2013 nace de la colaboraci\u00f3n con la <strong>Universit\u00e0 degli Studi Roma Tre<\/strong>, dando lugar al primer programa interdisciplinario que une la Universidad y las instituciones AFAM en los campos del cine, los medios, la m\u00fasica, el teatro y la danza. El segundo doctorado \u2013 <em>Cross Innovation Design for Cultural Industries<\/em> \u2013 es promovido directamente por RUFA y se centra en el dise\u00f1o y la innovaci\u00f3n en la industria cultural, en colaboraci\u00f3n con la <strong>Asociaci\u00f3n Archivo Olivetti<\/strong> y <strong>Cappelli Identity Design<\/strong>.<\/p>\n<h4>Un punto de inflexi\u00f3n para el sistema AFAM<\/h4>\n<p>La introducci\u00f3n de los doctorados en las Academias representa la culminaci\u00f3n de un largo proceso normativo iniciado con la Ley n.\u00ba 508 de 1999, que, retomando el art\u00edculo 33 de la Constituci\u00f3n, reconoci\u00f3 a las instituciones art\u00edsticas como Institutos de Alta Cultura y previ\u00f3 la creaci\u00f3n del tercer ciclo de estudios. Hoy, con RUFA entre las instituciones acreditadas, se inaugura una nueva fase de investigaci\u00f3n avanzada que se alinea con los modelos cient\u00edficos de la universidad.<br \/>\nLas instituciones AFAM finalmente han afirmado su autonom\u00eda en la investigaci\u00f3n doctoral, adoptando un enfoque distintivo que combina rigor metodol\u00f3gico e innovaci\u00f3n art\u00edstica. La singularidad de la investigaci\u00f3n en este \u00e1mbito radica en la construcci\u00f3n y experimentaci\u00f3n de los lenguajes art\u00edsticos, culminando en una producci\u00f3n final tanto te\u00f3rica como creativa.\n<\/p>\n<div class=\"col-md-4\" style=\"padding: 20px 0px 10px 0px ;\">\n<div class=\"embed-responsive embed-responsive-9by16\" style=\"position: relative; width: 100%; padding-top: 177.78%; overflow: hidden;\">\n    <iframe loading=\"lazy\" \n        width=\"315\" \n        height=\"560\" \n        src=\"https:\/\/www.youtube-nocookie.com\/embed\/FTFmXHAzHUc\" \n        frameborder=\"0\" \n        allow=\"encrypted-media; fullscreen\" \n        allowfullscreen \n        style=\"position: absolute; top: 0; left: 0; width: 100%; height: 100%;\"><br \/>\n    <\/iframe>\n<\/div>\n<\/div>\n<div class=\"col-md-8\">\n<p><h4 style=\"margin-top:0\">Un nuevo m\u00e9todo que une teor\u00eda y pr\u00e1ctica<\/h4>\n<p>La investigaci\u00f3n acad\u00e9mica en RUFA se configura como un proceso integrado entre teor\u00eda y pr\u00e1ctica, basado en un conocimiento profundo de las ideas, las t\u00e9cnicas, los materiales y las tecnolog\u00edas m\u00e1s avanzadas, incluidas las aplicaciones de inteligencia artificial. Este enfoque interdisciplinario permite valorar la experimentaci\u00f3n, la planificaci\u00f3n y el acto creativo, fortaleciendo la conexi\u00f3n entre arte y ciencia. Con la introducci\u00f3n de los programas de doctorado, la investigaci\u00f3n en el \u00e1mbito art\u00edstico se vuelve a\u00fan m\u00e1s estructurada, sistem\u00e1tica y evaluable, otorgando a la formaci\u00f3n acad\u00e9mica un marco cient\u00edfico y metodol\u00f3gico bien definido. Esta evoluci\u00f3n no solo ampl\u00eda las perspectivas profesionales en el sector del arte y la creatividad, sino que tambi\u00e9n refuerza la relaci\u00f3n entre dos formas de conocimiento complementarias: el arte y la ciencia, ambas orientadas a la comprensi\u00f3n y mejora de la sociedad humana.\n<\/p><\/div>\n<div class=\"col-md-8\">\n<p><h4 style=\"margin-top:0\">La excelencia de los doctorados de RUFA<\/h4>\n<p>Los dos doctorados promovidos por RUFA destacan por su alto valor art\u00edstico y cient\u00edfico. Se basan en una investigaci\u00f3n profunda de los aspectos formales, materiales y t\u00e9cnicos de la investigaci\u00f3n art\u00edstica, combinada con un an\u00e1lisis cr\u00edtico de los paradigmas te\u00f3ricos, est\u00e9ticos, filos\u00f3ficos e hist\u00f3ricos del patrimonio cultural nacional e internacional.<br \/>\nEste riguroso proceso combina estudio, experimentaci\u00f3n y aplicaci\u00f3n pr\u00e1ctica con un an\u00e1lisis met\u00f3dico de fuentes documentales, textuales y de archivo. El rigor cient\u00edfico del proyecto art\u00edstico se integra con la construcci\u00f3n te\u00f3rica, dando lugar a producciones art\u00edsticas y publicaciones cient\u00edficas de alto nivel. La introducci\u00f3n de los doctorados en el sistema AFAM requiere un compromiso continuo con los recursos materiales e inmateriales m\u00e1s recientes del conocimiento, contribuyendo al fortalecimiento de todo el marco te\u00f3rico, cient\u00edfico y art\u00edstico de la academia.<\/p>\n<\/div>\n<p>&nbsp;<\/p>\n<div class=\"col-md-12\" style=\"background-color:#eeeeee; padding: 30px; margin: 60px 0px 60px 0px;\">\n<h4>Este nuevo escenario posiciona a RUFA en un panorama internacional cada vez m\u00e1s competitivo, consolidando su papel como un centro de excelencia en la formaci\u00f3n y la investigaci\u00f3n art\u00edstica.<\/h4>\n<\/div>\n<div class=\"row\">\n<div class=\"col-sm-4\">\n<a href=\"https:\/\/www.unirufa.it\/docenti\/caterina-di-rienzo\/\"><img decoding=\"async\" class=\"alignnone size-small wp-image-30173\" src=\"https:\/\/www.unirufa.it\/wp-content\/uploads\/2025\/02\/Caterina-Di-Rienzo_Ritratto.jpg\" alt=\"\" width=\"100%\" height=\"auto\" data-wp-editing=\"1\" \/><\/a>\n<\/div>\n<div class=\"col-sm-4\">\n<h4><strong>Caterina Di Rienzo<\/strong><br \/><\/h4>\n<p>    Tutora de Doctorados<br \/>\n    Doctora en Filosof\u00eda y Teor\u00edas de las Ciencias Humanas (Roma Tre)<br \/>\n    Profesora de RUFA en Psicolog\u00eda del Arte\n<\/div>\n<\/div>\n<div class=\"col-md-12\" style=\"padding-left: 0;\">\n<h3 style= \"padding: 40px 0px 20px 0px;\">Descubre a los doctorandos de RUFA en los programas de Tecnolog\u00eda del Cine y los Nuevos Medios y Cross Innovation Design for Cultural Industries.<\/h3>\n<\/div>\n<div class=\"row\">\n<div class=\"col-md-4\" style=\"padding-left: 0;\">\n<a><img decoding=\"async\" class=\"alignnone size-medium wp-image-30173\" src=\"https:\/\/www.unirufa.it\/wp-content\/uploads\/2025\/02\/RUFA_DOTTORATI_CATERINA-CRESCINI.jpg\" alt=\"\" width=\"100%\" height=\"auto\" \/><\/a><\/p>\n<h5>CATERINA CRESCINI<\/h5>\n<p><em>Directora<\/em><\/p>\n<\/div>\n<div class=\"col-md-4\" style=\"padding-left: 0;\">\n<a><img decoding=\"async\" class=\"alignnone size-medium wp-image-30173\" src=\"https:\/\/www.unirufa.it\/wp-content\/uploads\/2025\/02\/RUFA_DOTTORATI_SILVIA-CASSETTA.jpg\" alt=\"\" width=\"100%\" height=\"auto\" \/><\/a><\/p>\n<h5>SILVIA CASSETTA<\/h5>\n<p><em>Arquitecta y dise\u00f1adora con enfoque en danza y espacio<\/em><\/p>\n<\/div>\n<div class=\"col-md-4\" style=\"padding-left: 0;\">\n<a><img decoding=\"async\" class=\"alignnone size-medium wp-image-30173\" src=\"https:\/\/www.unirufa.it\/wp-content\/uploads\/2025\/02\/RUFA_DOTTORATI_DANIELE-FALCHI.jpg\" alt=\"\" width=\"100%\" height=\"auto\" \/><\/a><\/p>\n<h5>DANIELE FALCHI<\/h5>\n<p><em>Artista multimedia, curador<\/em><\/p>\n<\/div>\n<\/div>\n<div class=\"col-md-4\" style=\"padding-left: 0;\">\n<a><img decoding=\"async\" class=\"alignnone size-medium wp-image-30173\" src=\"https:\/\/www.unirufa.it\/wp-content\/uploads\/2025\/02\/RUFA_DOTTORATI_NICOLE-MARTINET.jpg\" alt=\"\" width=\"100%\" height=\"auto\" \/><\/a><\/p>\n<h5>NICOLE MARTINET<\/h5>\n<p><em>Experience Designer<\/em> <\/p>\n<\/div>\n<div class=\"col-md-4\" style=\"padding-left: 0;\">\n<a><img decoding=\"async\" class=\"alignnone size-medium wp-image-30173\" src=\"https:\/\/www.unirufa.it\/wp-content\/uploads\/2025\/02\/RUFA_DOTTORATI_FLAVIA-SOFTA.jpg\" alt=\"\" width=\"100%\" height=\"auto\" \/><\/a><\/p>\n<h5>FLAVIA SOFTA<\/h5>\n<p><em>Visual Designer<\/em><\/p>\n<\/div>\n<div class=\"col-md-4\" style=\"padding-left: 0;\"><a><img decoding=\"async\" class=\"alignnone size-medium wp-image-30173\" src=\"https:\/\/www.unirufa.it\/wp-content\/uploads\/2025\/02\/RUFA_DOTTORATI_REBECCA-SCARINCI.jpg\" alt=\"\" width=\"100%\" height=\"auto\" \/><\/a><\/p>\n<h5>REBECCA SCARINCI<\/h5>\n<p><em>Screenwriter and Cultural Heritage Communicator<\/em><\/p>\n<\/div>\n<\/div>\n<p>&nbsp;","protected":false},"excerpt":{"rendered":"<p>RUFA y los Doctorados de Investigaci\u00f3n: un paso hist\u00f3rico para la Educaci\u00f3n Art\u00edstica Superior. Por Caterina Di Rienzo. &nbsp; Este a\u00f1o, RUFA ha lanzado dos programas de doctorado, marcando un momento hist\u00f3rico para la Educaci\u00f3n Art\u00edstica, Musical y Coreogr\u00e1fica Superior (AFAM). El primer doctorado \u2013 Tecnolog\u00eda del Cine y los Nuevos Medios \u2013 nace de&#8230;<\/p>\n","protected":false},"author":28,"featured_media":0,"parent":0,"menu_order":0,"comment_status":"closed","ping_status":"closed","template":"","meta":{"content-type":"","footnotes":""},"class_list":["post-142373","page","type-page","status-publish","hentry"],"yoast_head":"<!-- This site is optimized with the Yoast SEO plugin v24.2 - https:\/\/yoast.com\/wordpress\/plugins\/seo\/ -->\n<title>Doctorados RUFA: Un Logro Hist\u00f3rico - RUFA - Rome University of Fine Arts<\/title>\n<meta name=\"robots\" content=\"index, follow, max-snippet:-1, max-image-preview:large, max-video-preview:-1\" \/>\n<link rel=\"canonical\" href=\"https:\/\/www.unirufa.it\/dottorati-di-ricerca-rufa\/\" \/>\n<meta property=\"og:locale\" content=\"es_ES\" \/>\n<meta property=\"og:type\" content=\"article\" \/>\n<meta property=\"og:title\" content=\"Doctorados RUFA: Un Logro Hist\u00f3rico - RUFA - Rome University of Fine Arts\" \/>\n<meta property=\"og:description\" content=\"RUFA y los Doctorados de Investigaci\u00f3n: un paso hist\u00f3rico para la Educaci\u00f3n Art\u00edstica Superior. Por Caterina Di Rienzo. &nbsp; Este a\u00f1o, RUFA ha lanzado dos programas de doctorado, marcando un momento hist\u00f3rico para la Educaci\u00f3n Art\u00edstica, Musical y Coreogr\u00e1fica Superior (AFAM). El primer doctorado \u2013 Tecnolog\u00eda del Cine y los Nuevos Medios \u2013 nace de...\" \/>\n<meta property=\"og:url\" content=\"https:\/\/www.unirufa.it\/dottorati-di-ricerca-rufa\/\" \/>\n<meta property=\"og:site_name\" content=\"RUFA - Rome University of Fine Arts\" \/>\n<meta property=\"article:modified_time\" content=\"2025-06-24T14:07:25+00:00\" \/>\n<meta property=\"og:image\" content=\"https:\/\/www.unirufa.it\/wp-content\/uploads\/2020\/07\/News_SaveTheDate_Federico_Lena_2.jpg\" \/>\n\t<meta property=\"og:image:width\" content=\"1050\" \/>\n\t<meta property=\"og:image:height\" content=\"600\" \/>\n\t<meta property=\"og:image:type\" content=\"image\/jpeg\" \/>\n<meta name=\"twitter:label1\" content=\"Tiempo de lectura\" \/>\n\t<meta name=\"twitter:data1\" content=\"14 minutos\" \/>\n<script type=\"application\/ld+json\" class=\"yoast-schema-graph\">{\"@context\":\"https:\/\/schema.org\",\"@graph\":[{\"@type\":\"WebPage\",\"@id\":\"https:\/\/www.unirufa.it\/dottorati-di-ricerca-rufa\/\",\"url\":\"https:\/\/www.unirufa.it\/dottorati-di-ricerca-rufa\/\",\"name\":\"Doctorados RUFA: Un Logro Hist\u00f3rico - RUFA - Rome University of Fine Arts\",\"isPartOf\":{\"@id\":\"https:\/\/www.unirufa.it\/#website\"},\"primaryImageOfPage\":{\"@id\":\"https:\/\/www.unirufa.it\/dottorati-di-ricerca-rufa\/#primaryimage\"},\"image\":{\"@id\":\"https:\/\/www.unirufa.it\/dottorati-di-ricerca-rufa\/#primaryimage\"},\"thumbnailUrl\":\"https:\/\/www.unirufa.it\/wp-content\/uploads\/2025\/02\/Caterina-Di-Rienzo_Ritratto.jpg\",\"datePublished\":\"2025-02-13T13:29:41+00:00\",\"dateModified\":\"2025-06-24T14:07:25+00:00\",\"breadcrumb\":{\"@id\":\"https:\/\/www.unirufa.it\/dottorati-di-ricerca-rufa\/#breadcrumb\"},\"inLanguage\":\"es\",\"potentialAction\":[{\"@type\":\"ReadAction\",\"target\":[\"https:\/\/www.unirufa.it\/dottorati-di-ricerca-rufa\/\"]}]},{\"@type\":\"ImageObject\",\"inLanguage\":\"es\",\"@id\":\"https:\/\/www.unirufa.it\/dottorati-di-ricerca-rufa\/#primaryimage\",\"url\":\"https:\/\/www.unirufa.it\/wp-content\/uploads\/2025\/02\/Caterina-Di-Rienzo_Ritratto.jpg\",\"contentUrl\":\"https:\/\/www.unirufa.it\/wp-content\/uploads\/2025\/02\/Caterina-Di-Rienzo_Ritratto.jpg\"},{\"@type\":\"BreadcrumbList\",\"@id\":\"https:\/\/www.unirufa.it\/dottorati-di-ricerca-rufa\/#breadcrumb\",\"itemListElement\":[{\"@type\":\"ListItem\",\"position\":1,\"name\":\"Home\",\"item\":\"https:\/\/www.unirufa.it\/\"},{\"@type\":\"ListItem\",\"position\":2,\"name\":\"Dottorati RUFA: un traguardo storico\"}]},{\"@type\":\"WebSite\",\"@id\":\"https:\/\/www.unirufa.it\/#website\",\"url\":\"https:\/\/www.unirufa.it\/\",\"name\":\"RUFA - Rome University of Fine Arts\",\"description\":\"\",\"potentialAction\":[{\"@type\":\"SearchAction\",\"target\":{\"@type\":\"EntryPoint\",\"urlTemplate\":\"https:\/\/www.unirufa.it\/?s={search_term_string}\"},\"query-input\":{\"@type\":\"PropertyValueSpecification\",\"valueRequired\":true,\"valueName\":\"search_term_string\"}}],\"inLanguage\":\"es\"}]}<\/script>\n<!-- \/ Yoast SEO plugin. -->","yoast_head_json":{"title":"Doctorados RUFA: Un Logro Hist\u00f3rico - RUFA - Rome University of Fine Arts","robots":{"index":"index","follow":"follow","max-snippet":"max-snippet:-1","max-image-preview":"max-image-preview:large","max-video-preview":"max-video-preview:-1"},"canonical":"https:\/\/www.unirufa.it\/dottorati-di-ricerca-rufa\/","og_locale":"es_ES","og_type":"article","og_title":"Doctorados RUFA: Un Logro Hist\u00f3rico - RUFA - Rome University of Fine Arts","og_description":"RUFA y los Doctorados de Investigaci\u00f3n: un paso hist\u00f3rico para la Educaci\u00f3n Art\u00edstica Superior. Por Caterina Di Rienzo. &nbsp; Este a\u00f1o, RUFA ha lanzado dos programas de doctorado, marcando un momento hist\u00f3rico para la Educaci\u00f3n Art\u00edstica, Musical y Coreogr\u00e1fica Superior (AFAM). El primer doctorado \u2013 Tecnolog\u00eda del Cine y los Nuevos Medios \u2013 nace de...","og_url":"https:\/\/www.unirufa.it\/dottorati-di-ricerca-rufa\/","og_site_name":"RUFA - Rome University of Fine Arts","article_modified_time":"2025-06-24T14:07:25+00:00","og_image":[{"width":1050,"height":600,"url":"https:\/\/www.unirufa.it\/wp-content\/uploads\/2020\/07\/News_SaveTheDate_Federico_Lena_2.jpg","type":"image\/jpeg"}],"twitter_misc":{"Tiempo de lectura":"14 minutos"},"schema":{"@context":"https:\/\/schema.org","@graph":[{"@type":"WebPage","@id":"https:\/\/www.unirufa.it\/dottorati-di-ricerca-rufa\/","url":"https:\/\/www.unirufa.it\/dottorati-di-ricerca-rufa\/","name":"Doctorados RUFA: Un Logro Hist\u00f3rico - RUFA - Rome University of Fine Arts","isPartOf":{"@id":"https:\/\/www.unirufa.it\/#website"},"primaryImageOfPage":{"@id":"https:\/\/www.unirufa.it\/dottorati-di-ricerca-rufa\/#primaryimage"},"image":{"@id":"https:\/\/www.unirufa.it\/dottorati-di-ricerca-rufa\/#primaryimage"},"thumbnailUrl":"https:\/\/www.unirufa.it\/wp-content\/uploads\/2025\/02\/Caterina-Di-Rienzo_Ritratto.jpg","datePublished":"2025-02-13T13:29:41+00:00","dateModified":"2025-06-24T14:07:25+00:00","breadcrumb":{"@id":"https:\/\/www.unirufa.it\/dottorati-di-ricerca-rufa\/#breadcrumb"},"inLanguage":"es","potentialAction":[{"@type":"ReadAction","target":["https:\/\/www.unirufa.it\/dottorati-di-ricerca-rufa\/"]}]},{"@type":"ImageObject","inLanguage":"es","@id":"https:\/\/www.unirufa.it\/dottorati-di-ricerca-rufa\/#primaryimage","url":"https:\/\/www.unirufa.it\/wp-content\/uploads\/2025\/02\/Caterina-Di-Rienzo_Ritratto.jpg","contentUrl":"https:\/\/www.unirufa.it\/wp-content\/uploads\/2025\/02\/Caterina-Di-Rienzo_Ritratto.jpg"},{"@type":"BreadcrumbList","@id":"https:\/\/www.unirufa.it\/dottorati-di-ricerca-rufa\/#breadcrumb","itemListElement":[{"@type":"ListItem","position":1,"name":"Home","item":"https:\/\/www.unirufa.it\/"},{"@type":"ListItem","position":2,"name":"Dottorati RUFA: un traguardo storico"}]},{"@type":"WebSite","@id":"https:\/\/www.unirufa.it\/#website","url":"https:\/\/www.unirufa.it\/","name":"RUFA - Rome University of Fine Arts","description":"","potentialAction":[{"@type":"SearchAction","target":{"@type":"EntryPoint","urlTemplate":"https:\/\/www.unirufa.it\/?s={search_term_string}"},"query-input":{"@type":"PropertyValueSpecification","valueRequired":true,"valueName":"search_term_string"}}],"inLanguage":"es"}]}},"_links":{"self":[{"href":"https:\/\/www.unirufa.it\/es\/wp-json\/wp\/v2\/pages\/142373","targetHints":{"allow":["GET"]}}],"collection":[{"href":"https:\/\/www.unirufa.it\/es\/wp-json\/wp\/v2\/pages"}],"about":[{"href":"https:\/\/www.unirufa.it\/es\/wp-json\/wp\/v2\/types\/page"}],"author":[{"embeddable":true,"href":"https:\/\/www.unirufa.it\/es\/wp-json\/wp\/v2\/users\/28"}],"replies":[{"embeddable":true,"href":"https:\/\/www.unirufa.it\/es\/wp-json\/wp\/v2\/comments?post=142373"}],"version-history":[{"count":86,"href":"https:\/\/www.unirufa.it\/es\/wp-json\/wp\/v2\/pages\/142373\/revisions"}],"predecessor-version":[{"id":142588,"href":"https:\/\/www.unirufa.it\/es\/wp-json\/wp\/v2\/pages\/142373\/revisions\/142588"}],"wp:attachment":[{"href":"https:\/\/www.unirufa.it\/es\/wp-json\/wp\/v2\/media?parent=142373"}],"curies":[{"name":"wp","href":"https:\/\/api.w.org\/{rel}","templated":true}]}}